{"id":59504,"date":"2022-12-22T13:16:59","date_gmt":"2022-12-22T12:16:59","guid":{"rendered":"https:\/\/www.ballettodanceshop.com\/bottines-de-jazz-bi-semelles\/"},"modified":"2025-11-05T12:55:58","modified_gmt":"2025-11-05T11:55:58","slug":"jazz-boots-with-two-soles","status":"publish","type":"product","link":"https:\/\/www.ballettodanceshop.com\/en\/bottines-de-jazz-bi-semelles\/","title":{"rendered":"Jazz Bi-Soles Boots"},"content":{"rendered":"<p><strong>Jazz Bi-Soles Boots<\/strong><\/p>\n<p>Height 15cm<\/p>\n<p>Genuine leather<\/p>\n<p>Do not wash. In the event of stains, wipe with a damp cloth.<\/p>\n<div id=\"tab-delivery\" class=\"tab-content\">\n<div class=\"shipping right-block\"><\/div>\n<\/div>","protected":false},"excerpt":{"rendered":"<p>Top-of-the-range Bi-Soles Jazz and Character Dance boots in genuine Italian leather.<\/p>\n<p>They have two crust soles and a wedge heel.<\/p>\n<p>9 trous de la\u00e7age.<\/p>\n<p>Height 15 cm<\/p>\n<p>This shoe is designed for experienced dancers and professionals.<\/p>","protected":false},"featured_media":14898,"comment_status":"open","ping_status":"closed","template":"","meta":{"_acf_changed":false},"product_brand":[],"product_cat":[139,238,239,240,271,246,19,25,26,23,109,89,91,105,149],"product_tag":[789],"class_list":{"0":"post-59504","1":"product","2":"type-product","3":"status-publish","4":"has-post-thumbnail","6":"product_cat-chaussons-de-jazz","7":"product_cat-chaussons-de-jazz-jazz-garcons","8":"product_cat-chaussons-de-jazz-jazz-filles","9":"product_cat-chaussons-de-jazz-jazz-hommes","10":"product_cat-chaussures","11":"product_cat-caractere","12":"product_cat-femmes","13":"product_cat-filles","14":"product_cat-garcons","15":"product_cat-hommes","16":"product_cat-jazz-filles","17":"product_cat-jazz-hommes","18":"product_cat-jazz","19":"product_cat-jazz-garcons","20":"product_cat-rumpf","21":"product_tag-livraison-sous-1-semaine","23":"first","24":"instock","25":"taxable","26":"shipping-taxable","27":"purchasable","28":"product-type-variable"},"acf":[],"yoast_head":"<!-- This site is optimized with the Yoast SEO plugin v27.4 - https:\/\/yoast.com\/product\/yoast-seo-wordpress\/ -->\n<title>Bottines de Jazz Bi-Semelles - Balletto Dance Shop<\/title>\n<meta name=\"description\" content=\"Bottines de Jazz et de danse de caract\u00e8re \u00e0 lacets en cuir v\u00e9ritable. Bi-semelles en gomme, talon amorti. Elles sont destin\u00e9es aux danseurs confirm\u00e9s.\" \/>\n<meta name=\"robots\" content=\"index, follow, max-snippet:-1, max-image-preview:large, max-video-preview:-1\" \/>\n<link rel=\"canonical\" href=\"https:\/\/www.ballettodanceshop.com\/en\/jazz-boots-with-two-soles\/\" \/>\n<meta property=\"og:locale\" content=\"en_GB\" \/>\n<meta property=\"og:type\" content=\"article\" \/>\n<meta property=\"og:title\" content=\"Bottines de Jazz Bi-Semelles - Balletto Dance Shop\" \/>\n<meta property=\"og:description\" content=\"Bottines de Jazz et de danse de caract\u00e8re \u00e0 lacets en cuir v\u00e9ritable. Bi-semelles en gomme, talon amorti. Elles sont destin\u00e9es aux danseurs confirm\u00e9s.\" \/>\n<meta property=\"og:url\" content=\"https:\/\/www.ballettodanceshop.com\/en\/jazz-boots-with-two-soles\/\" \/>\n<meta property=\"og:site_name\" content=\"Balletto Dance Shop\" \/>\n<meta property=\"article:publisher\" content=\"https:\/\/www.facebook.com\/Ballettodanceshop\/\" \/>\n<meta property=\"article:modified_time\" content=\"2025-11-05T11:55:58+00:00\" \/>\n<meta property=\"og:image\" content=\"https:\/\/www.ballettodanceshop.com\/wp-content\/uploads\/2025\/07\/Boots_Jazz_Rumpf.jpg\" \/>\n\t<meta property=\"og:image:width\" content=\"1125\" \/>\n\t<meta property=\"og:image:height\" content=\"1500\" \/>\n\t<meta property=\"og:image:type\" content=\"image\/jpeg\" \/>\n<meta name=\"twitter:card\" content=\"summary_large_image\" \/>\n<meta name=\"twitter:site\" content=\"@ballettodance\" \/>\n<meta name=\"twitter:label1\" content=\"Estimated reading time\" \/>\n\t<meta name=\"twitter:data1\" content=\"1 minute\" \/>\n<script type=\"application\/ld+json\" class=\"yoast-schema-graph\">{\"@context\":\"https:\\\/\\\/schema.org\",\"@graph\":[{\"@type\":\"WebPage\",\"@id\":\"https:\\\/\\\/www.ballettodanceshop.com\\\/bottines-de-jazz-bi-semelles\\\/\",\"url\":\"https:\\\/\\\/www.ballettodanceshop.com\\\/bottines-de-jazz-bi-semelles\\\/\",\"name\":\"Bottines de Jazz Bi-Semelles - Balletto Dance Shop\",\"isPartOf\":{\"@id\":\"https:\\\/\\\/www.ballettodanceshop.com\\\/#website\"},\"primaryImageOfPage\":{\"@id\":\"https:\\\/\\\/www.ballettodanceshop.com\\\/bottines-de-jazz-bi-semelles\\\/#primaryimage\"},\"image\":{\"@id\":\"https:\\\/\\\/www.ballettodanceshop.com\\\/bottines-de-jazz-bi-semelles\\\/#primaryimage\"},\"thumbnailUrl\":\"https:\\\/\\\/www.ballettodanceshop.com\\\/wp-content\\\/uploads\\\/2025\\\/07\\\/Boots_Jazz_Rumpf.jpg\",\"datePublished\":\"2022-12-22T12:16:59+00:00\",\"dateModified\":\"2025-11-05T11:55:58+00:00\",\"description\":\"Bottines de Jazz et de danse de caract\u00e8re \u00e0 lacets en cuir v\u00e9ritable. Bi-semelles en gomme, talon amorti. Elles sont destin\u00e9es aux danseurs confirm\u00e9s.\",\"breadcrumb\":{\"@id\":\"https:\\\/\\\/www.ballettodanceshop.com\\\/bottines-de-jazz-bi-semelles\\\/#breadcrumb\"},\"inLanguage\":\"en-GB\",\"potentialAction\":[{\"@type\":\"ReadAction\",\"target\":[\"https:\\\/\\\/www.ballettodanceshop.com\\\/bottines-de-jazz-bi-semelles\\\/\"]}]},{\"@type\":\"ImageObject\",\"inLanguage\":\"en-GB\",\"@id\":\"https:\\\/\\\/www.ballettodanceshop.com\\\/bottines-de-jazz-bi-semelles\\\/#primaryimage\",\"url\":\"https:\\\/\\\/www.ballettodanceshop.com\\\/wp-content\\\/uploads\\\/2025\\\/07\\\/Boots_Jazz_Rumpf.jpg\",\"contentUrl\":\"https:\\\/\\\/www.ballettodanceshop.com\\\/wp-content\\\/uploads\\\/2025\\\/07\\\/Boots_Jazz_Rumpf.jpg\",\"width\":1125,\"height\":1500,\"caption\":\"Bottines montantes Jazz Cuir Noir\"},{\"@type\":\"BreadcrumbList\",\"@id\":\"https:\\\/\\\/www.ballettodanceshop.com\\\/bottines-de-jazz-bi-semelles\\\/#breadcrumb\",\"itemListElement\":[{\"@type\":\"ListItem\",\"position\":1,\"name\":\"Accueil\",\"item\":\"https:\\\/\\\/www.ballettodanceshop.com\\\/\"},{\"@type\":\"ListItem\",\"position\":2,\"name\":\"Produits\",\"item\":\"https:\\\/\\\/www.ballettodanceshop.com\\\/boutique\\\/\"},{\"@type\":\"ListItem\",\"position\":3,\"name\":\"Bottines de Jazz Bi-Semelles\"}]},{\"@type\":\"WebSite\",\"@id\":\"https:\\\/\\\/www.ballettodanceshop.com\\\/#website\",\"url\":\"https:\\\/\\\/www.ballettodanceshop.com\\\/\",\"name\":\"Balletto Dance Shop\",\"description\":\"Keep Dancing !\",\"publisher\":{\"@id\":\"https:\\\/\\\/www.ballettodanceshop.com\\\/#organization\"},\"alternateName\":\"Balletto\",\"potentialAction\":[{\"@type\":\"SearchAction\",\"target\":{\"@type\":\"EntryPoint\",\"urlTemplate\":\"https:\\\/\\\/www.ballettodanceshop.com\\\/?s={search_term_string}\"},\"query-input\":{\"@type\":\"PropertyValueSpecification\",\"valueRequired\":true,\"valueName\":\"search_term_string\"}}],\"inLanguage\":\"en-GB\"},{\"@type\":\"Organization\",\"@id\":\"https:\\\/\\\/www.ballettodanceshop.com\\\/#organization\",\"name\":\"Balletto Dance Shop\",\"alternateName\":\"Balletto\",\"url\":\"https:\\\/\\\/www.ballettodanceshop.com\\\/\",\"logo\":{\"@type\":\"ImageObject\",\"inLanguage\":\"en-GB\",\"@id\":\"https:\\\/\\\/www.ballettodanceshop.com\\\/#\\\/schema\\\/logo\\\/image\\\/\",\"url\":\"https:\\\/\\\/www.ballettodanceshop.com\\\/wp-content\\\/uploads\\\/2025\\\/06\\\/LOGO-1.png\",\"contentUrl\":\"https:\\\/\\\/www.ballettodanceshop.com\\\/wp-content\\\/uploads\\\/2025\\\/06\\\/LOGO-1.png\",\"width\":508,\"height\":209,\"caption\":\"Balletto Dance Shop\"},\"image\":{\"@id\":\"https:\\\/\\\/www.ballettodanceshop.com\\\/#\\\/schema\\\/logo\\\/image\\\/\"},\"sameAs\":[\"https:\\\/\\\/www.facebook.com\\\/Ballettodanceshop\\\/\",\"https:\\\/\\\/x.com\\\/ballettodance\",\"https:\\\/\\\/www.tiktok.com\\\/@ballettodanceshop\",\"https:\\\/\\\/fr.linkedin.com\\\/company\\\/ballettodaneshop\",\"https:\\\/\\\/fr.pinterest.com\\\/ballettodanceshop\\\/\",\"https:\\\/\\\/www.threads.com\\\/@ballettodanceshop\",\"https:\\\/\\\/www.instagram.com\\\/ballettodanceshop\\\/\",\"https:\\\/\\\/www.youtube.com\\\/@ballettodanceshop\"]}]}<\/script>\n<!-- \/ Yoast SEO plugin. -->","yoast_head_json":{"title":"Jazz Bi-Soles Boots - Balletto Dance Shop","description":"Genuine leather lace-up jazz and dance boots with character. Dual rubber soles, cushioned heel. Designed for experienced dancers.","robots":{"index":"index","follow":"follow","max-snippet":"max-snippet:-1","max-image-preview":"max-image-preview:large","max-video-preview":"max-video-preview:-1"},"canonical":"https:\/\/www.ballettodanceshop.com\/en\/jazz-boots-with-two-soles\/","og_locale":"en_GB","og_type":"article","og_title":"Bottines de Jazz Bi-Semelles - Balletto Dance Shop","og_description":"Bottines de Jazz et de danse de caract\u00e8re \u00e0 lacets en cuir v\u00e9ritable. Bi-semelles en gomme, talon amorti. Elles sont destin\u00e9es aux danseurs confirm\u00e9s.","og_url":"https:\/\/www.ballettodanceshop.com\/en\/jazz-boots-with-two-soles\/","og_site_name":"Balletto Dance Shop","article_publisher":"https:\/\/www.facebook.com\/Ballettodanceshop\/","article_modified_time":"2025-11-05T11:55:58+00:00","og_image":[{"width":1125,"height":1500,"url":"https:\/\/www.ballettodanceshop.com\/wp-content\/uploads\/2025\/07\/Boots_Jazz_Rumpf.jpg","type":"image\/jpeg"}],"twitter_card":"summary_large_image","twitter_site":"@ballettodance","twitter_misc":{"Estimated reading time":"1 minute"},"schema":{"@context":"https:\/\/schema.org","@graph":[{"@type":"WebPage","@id":"https:\/\/www.ballettodanceshop.com\/bottines-de-jazz-bi-semelles\/","url":"https:\/\/www.ballettodanceshop.com\/bottines-de-jazz-bi-semelles\/","name":"Jazz Bi-Soles Boots - Balletto Dance Shop","isPartOf":{"@id":"https:\/\/www.ballettodanceshop.com\/#website"},"primaryImageOfPage":{"@id":"https:\/\/www.ballettodanceshop.com\/bottines-de-jazz-bi-semelles\/#primaryimage"},"image":{"@id":"https:\/\/www.ballettodanceshop.com\/bottines-de-jazz-bi-semelles\/#primaryimage"},"thumbnailUrl":"https:\/\/www.ballettodanceshop.com\/wp-content\/uploads\/2025\/07\/Boots_Jazz_Rumpf.jpg","datePublished":"2022-12-22T12:16:59+00:00","dateModified":"2025-11-05T11:55:58+00:00","description":"Genuine leather lace-up jazz and dance boots with character. Dual rubber soles, cushioned heel. Designed for experienced dancers.","breadcrumb":{"@id":"https:\/\/www.ballettodanceshop.com\/bottines-de-jazz-bi-semelles\/#breadcrumb"},"inLanguage":"en-GB","potentialAction":[{"@type":"ReadAction","target":["https:\/\/www.ballettodanceshop.com\/bottines-de-jazz-bi-semelles\/"]}]},{"@type":"ImageObject","inLanguage":"en-GB","@id":"https:\/\/www.ballettodanceshop.com\/bottines-de-jazz-bi-semelles\/#primaryimage","url":"https:\/\/www.ballettodanceshop.com\/wp-content\/uploads\/2025\/07\/Boots_Jazz_Rumpf.jpg","contentUrl":"https:\/\/www.ballettodanceshop.com\/wp-content\/uploads\/2025\/07\/Boots_Jazz_Rumpf.jpg","width":1125,"height":1500,"caption":"Bottines montantes Jazz Cuir Noir"},{"@type":"BreadcrumbList","@id":"https:\/\/www.ballettodanceshop.com\/bottines-de-jazz-bi-semelles\/#breadcrumb","itemListElement":[{"@type":"ListItem","position":1,"name":"Accueil","item":"https:\/\/www.ballettodanceshop.com\/"},{"@type":"ListItem","position":2,"name":"Produits","item":"https:\/\/www.ballettodanceshop.com\/boutique\/"},{"@type":"ListItem","position":3,"name":"Bottines de Jazz Bi-Semelles"}]},{"@type":"WebSite","@id":"https:\/\/www.ballettodanceshop.com\/#website","url":"https:\/\/www.ballettodanceshop.com\/","name":"Balletto Dance Shop","description":"Keep Dancing!","publisher":{"@id":"https:\/\/www.ballettodanceshop.com\/#organization"},"alternateName":"Balletto","potentialAction":[{"@type":"SearchAction","target":{"@type":"EntryPoint","urlTemplate":"https:\/\/www.ballettodanceshop.com\/?s={search_term_string}"},"query-input":{"@type":"PropertyValueSpecification","valueRequired":true,"valueName":"search_term_string"}}],"inLanguage":"en-GB"},{"@type":"Organization","@id":"https:\/\/www.ballettodanceshop.com\/#organization","name":"Balletto Dance Shop","alternateName":"Balletto","url":"https:\/\/www.ballettodanceshop.com\/","logo":{"@type":"ImageObject","inLanguage":"en-GB","@id":"https:\/\/www.ballettodanceshop.com\/#\/schema\/logo\/image\/","url":"https:\/\/www.ballettodanceshop.com\/wp-content\/uploads\/2025\/06\/LOGO-1.png","contentUrl":"https:\/\/www.ballettodanceshop.com\/wp-content\/uploads\/2025\/06\/LOGO-1.png","width":508,"height":209,"caption":"Balletto Dance Shop"},"image":{"@id":"https:\/\/www.ballettodanceshop.com\/#\/schema\/logo\/image\/"},"sameAs":["https:\/\/www.facebook.com\/Ballettodanceshop\/","https:\/\/x.com\/ballettodance","https:\/\/www.tiktok.com\/@ballettodanceshop","https:\/\/fr.linkedin.com\/company\/ballettodaneshop","https:\/\/fr.pinterest.com\/ballettodanceshop\/","https:\/\/www.threads.com\/@ballettodanceshop","https:\/\/www.instagram.com\/ballettodanceshop\/","https:\/\/www.youtube.com\/@ballettodanceshop"]}]}},"_links":{"self":[{"href":"https:\/\/www.ballettodanceshop.com\/en\/wp-json\/wp\/v2\/product\/59504","targetHints":{"allow":["GET"]}}],"collection":[{"href":"https:\/\/www.ballettodanceshop.com\/en\/wp-json\/wp\/v2\/product"}],"about":[{"href":"https:\/\/www.ballettodanceshop.com\/en\/wp-json\/wp\/v2\/types\/product"}],"replies":[{"embeddable":true,"href":"https:\/\/www.ballettodanceshop.com\/en\/wp-json\/wp\/v2\/comments?post=59504"}],"wp:featuredmedia":[{"embeddable":true,"href":"https:\/\/www.ballettodanceshop.com\/en\/wp-json\/wp\/v2\/media\/14898"}],"wp:attachment":[{"href":"https:\/\/www.ballettodanceshop.com\/en\/wp-json\/wp\/v2\/media?parent=59504"}],"wp:term":[{"taxonomy":"product_brand","embeddable":true,"href":"https:\/\/www.ballettodanceshop.com\/en\/wp-json\/wp\/v2\/product_brand?post=59504"},{"taxonomy":"product_cat","embeddable":true,"href":"https:\/\/www.ballettodanceshop.com\/en\/wp-json\/wp\/v2\/product_cat?post=59504"},{"taxonomy":"product_tag","embeddable":true,"href":"https:\/\/www.ballettodanceshop.com\/en\/wp-json\/wp\/v2\/product_tag?post=59504"}],"curies":[{"name":"wp","href":"https:\/\/api.w.org\/{rel}","templated":true}]}}