{"id":59179,"date":"2022-09-11T17:56:49","date_gmt":"2022-09-11T15:56:49","guid":{"rendered":"https:\/\/www.ballettodanceshop.com\/rouleau-de-massage-en-bois-bunheads\/"},"modified":"2026-04-27T10:27:41","modified_gmt":"2026-04-27T08:27:41","slug":"wooden-massage-roller-bunheads","status":"publish","type":"product","link":"https:\/\/www.ballettodanceshop.com\/en\/rouleau-de-massage-en-bois-bunheads\/","title":{"rendered":"Bunheads Wooden Massage Roller"},"content":{"rendered":"<p><strong>Bunheads Wooden Massage Roller<\/strong><\/p>\n<p>Footsie Roller<\/p>\n<p>It relaxes the muscles in the arch of the foot. Ideal for relieving the pain and fatigue caused by wearing dance shoes and pointe shoes.<\/p>\n<p>A practical and relaxing accessory, ideal for Classical and Contemporary Dance, Modern Jazz, Pilates, Yoga, Fitness, Street Dance, Latin Dance and Character Dance.<\/p>\n<p>Placez le sur le sol sous votre pied et faites le rouler d&rsquo;avant en arri\u00e8re. Cela va permettre de rel\u00e2cher la tension sous la voute plantaire et soulager les n\u0153uds qui peuvent se former dans les pieds.<\/p>\n<p>The ++ Its small size means you can take it anywhere to relieve tension at any time of day.<\/p>\n<p>22 cm long and 4 cm in diameter.<\/p>\n<p>Varnished pine.<\/p>\n<p>Made in Italy<\/p>","protected":false},"excerpt":{"rendered":"<p>Premium quality varnished pine foot massage roller.<\/p>\n<p>Relaxes the arch muscles.<\/p>\n<p>Ideal for awakening or relaxing the feet of all dancers, whether beginners or experienced.<\/p>\n<p>Il est \u00e9galement essentiel pour tous apr\u00e8s une longue journ\u00e9e de marche ou de travail.<\/p>\n<p>Le plus ?\u00a0Sa petite taille qui permet de le\u00a0transporter n&rsquo;importe o\u00f9\u00a0afin\u00a0d&rsquo;apaiser \u00e0 tout moment de la journ\u00e9e les tensions existantes.<\/p>","protected":false},"featured_media":14462,"comment_status":"open","ping_status":"closed","template":"","meta":{"_acf_changed":false},"product_brand":[],"product_cat":[106,102,94,90,108,66,104,98,92,110,67,111,107,103,1013,1014,93,65,19,25,26,23,68,123,124,61,340,89,91,109,105,62,101,97],"product_tag":[786],"class_list":{"0":"post-59179","1":"product","2":"type-product","3":"status-publish","4":"has-post-thumbnail","6":"product_cat-accessoires-jazz-garcons","7":"product_cat-accessoires-classique-hommes","8":"product_cat-accessoires-classique-garcons","9":"product_cat-accessoires-jazz-hommes","10":"product_cat-accessoires-athleisure-yoga-gym-pilates","11":"product_cat-accessoires-classique-filles","12":"product_cat-accessoires-athleisure","13":"product_cat-accessoires-contemporain","14":"product_cat-accessoires-jazz","15":"product_cat-accessoires-jazz-filles","16":"product_cat-accessoires","17":"product_cat-athleisure-yoga-gym-pilates-filles","18":"product_cat-athleisure-yoga-gym-pilates","19":"product_cat-athleisure","20":"product_cat-bunheads","21":"product_cat-capezio","22":"product_cat-classique-garcons","23":"product_cat-classique-filles","24":"product_cat-femmes","25":"product_cat-filles","26":"product_cat-garcons","27":"product_cat-hommes","28":"product_cat-idees-cadeaux-filles","29":"product_cat-idees-cadeaux-hommes","30":"product_cat-idees-cadeaux-garcons","31":"product_cat-idees-cadeaux","32":"product_cat-inspiration","33":"product_cat-jazz-hommes","34":"product_cat-jazz","35":"product_cat-jazz-filles","36":"product_cat-jazz-garcons","37":"product_cat-classique","38":"product_cat-classique-hommes","39":"product_cat-contemporain","40":"product_tag-livraison-24-a-48h","42":"first","43":"instock","44":"taxable","45":"shipping-taxable","46":"purchasable","47":"product-type-simple"},"acf":[],"yoast_head":"<!-- This site is optimized with the Yoast SEO plugin v27.4 - https:\/\/yoast.com\/product\/yoast-seo-wordpress\/ -->\n<title>Rouleau de Massage en Bois Bunheads - Balletto Dance Shop<\/title>\n<meta name=\"description\" content=\"Soulagez la tension dans vos pieds avec le Footsie Roller. Ce rouleau soulage la tension des vo\u00fbtes plantaires, aide \u00e0 lisser les n\u0153uds et apaise les pieds.\" \/>\n<meta name=\"robots\" content=\"index, follow, max-snippet:-1, max-image-preview:large, max-video-preview:-1\" \/>\n<link rel=\"canonical\" href=\"https:\/\/www.ballettodanceshop.com\/en\/wooden-massage-roller-bunheads\/\" \/>\n<meta property=\"og:locale\" content=\"en_GB\" \/>\n<meta property=\"og:type\" content=\"article\" \/>\n<meta property=\"og:title\" content=\"Rouleau de Massage en Bois Bunheads - Balletto Dance Shop\" \/>\n<meta property=\"og:description\" content=\"Soulagez la tension dans vos pieds avec le Footsie Roller. Ce rouleau soulage la tension des vo\u00fbtes plantaires, aide \u00e0 lisser les n\u0153uds et apaise les pieds.\" \/>\n<meta property=\"og:url\" content=\"https:\/\/www.ballettodanceshop.com\/en\/wooden-massage-roller-bunheads\/\" \/>\n<meta property=\"og:site_name\" content=\"Balletto Dance Shop\" \/>\n<meta property=\"article:publisher\" content=\"https:\/\/www.facebook.com\/Ballettodanceshop\/\" \/>\n<meta property=\"article:modified_time\" content=\"2026-04-27T08:27:41+00:00\" \/>\n<meta property=\"og:image\" content=\"https:\/\/www.ballettodanceshop.com\/wp-content\/uploads\/2025\/07\/Rouleau_de_massage_Bunheads-1.webp\" \/>\n\t<meta property=\"og:image:width\" content=\"1080\" \/>\n\t<meta property=\"og:image:height\" content=\"1440\" \/>\n\t<meta property=\"og:image:type\" content=\"image\/webp\" \/>\n<meta name=\"twitter:card\" content=\"summary_large_image\" \/>\n<meta name=\"twitter:site\" content=\"@ballettodance\" \/>\n<meta name=\"twitter:label1\" content=\"Estimated reading time\" \/>\n\t<meta name=\"twitter:data1\" content=\"1 minute\" \/>\n<script type=\"application\/ld+json\" class=\"yoast-schema-graph\">{\"@context\":\"https:\\\/\\\/schema.org\",\"@graph\":[{\"@type\":\"WebPage\",\"@id\":\"https:\\\/\\\/www.ballettodanceshop.com\\\/rouleau-de-massage-en-bois-bunheads\\\/\",\"url\":\"https:\\\/\\\/www.ballettodanceshop.com\\\/rouleau-de-massage-en-bois-bunheads\\\/\",\"name\":\"Rouleau de Massage en Bois Bunheads - Balletto Dance Shop\",\"isPartOf\":{\"@id\":\"https:\\\/\\\/www.ballettodanceshop.com\\\/#website\"},\"primaryImageOfPage\":{\"@id\":\"https:\\\/\\\/www.ballettodanceshop.com\\\/rouleau-de-massage-en-bois-bunheads\\\/#primaryimage\"},\"image\":{\"@id\":\"https:\\\/\\\/www.ballettodanceshop.com\\\/rouleau-de-massage-en-bois-bunheads\\\/#primaryimage\"},\"thumbnailUrl\":\"https:\\\/\\\/www.ballettodanceshop.com\\\/wp-content\\\/uploads\\\/2025\\\/07\\\/Rouleau_de_massage_Bunheads-1.webp\",\"datePublished\":\"2022-09-11T15:56:49+00:00\",\"dateModified\":\"2026-04-27T08:27:41+00:00\",\"description\":\"Soulagez la tension dans vos pieds avec le Footsie Roller. Ce rouleau soulage la tension des vo\u00fbtes plantaires, aide \u00e0 lisser les n\u0153uds et apaise les pieds.\",\"breadcrumb\":{\"@id\":\"https:\\\/\\\/www.ballettodanceshop.com\\\/rouleau-de-massage-en-bois-bunheads\\\/#breadcrumb\"},\"inLanguage\":\"en-GB\",\"potentialAction\":[{\"@type\":\"ReadAction\",\"target\":[\"https:\\\/\\\/www.ballettodanceshop.com\\\/rouleau-de-massage-en-bois-bunheads\\\/\"]}]},{\"@type\":\"ImageObject\",\"inLanguage\":\"en-GB\",\"@id\":\"https:\\\/\\\/www.ballettodanceshop.com\\\/rouleau-de-massage-en-bois-bunheads\\\/#primaryimage\",\"url\":\"https:\\\/\\\/www.ballettodanceshop.com\\\/wp-content\\\/uploads\\\/2025\\\/07\\\/Rouleau_de_massage_Bunheads-1.webp\",\"contentUrl\":\"https:\\\/\\\/www.ballettodanceshop.com\\\/wp-content\\\/uploads\\\/2025\\\/07\\\/Rouleau_de_massage_Bunheads-1.webp\",\"width\":1080,\"height\":1440,\"caption\":\"Rouleau pour le massage des pieds en bois Capezio\"},{\"@type\":\"BreadcrumbList\",\"@id\":\"https:\\\/\\\/www.ballettodanceshop.com\\\/rouleau-de-massage-en-bois-bunheads\\\/#breadcrumb\",\"itemListElement\":[{\"@type\":\"ListItem\",\"position\":1,\"name\":\"Accueil\",\"item\":\"https:\\\/\\\/www.ballettodanceshop.com\\\/\"},{\"@type\":\"ListItem\",\"position\":2,\"name\":\"Produits\",\"item\":\"https:\\\/\\\/www.ballettodanceshop.com\\\/boutique\\\/\"},{\"@type\":\"ListItem\",\"position\":3,\"name\":\"Rouleau de Massage en Bois Bunheads\"}]},{\"@type\":\"WebSite\",\"@id\":\"https:\\\/\\\/www.ballettodanceshop.com\\\/#website\",\"url\":\"https:\\\/\\\/www.ballettodanceshop.com\\\/\",\"name\":\"Balletto Dance Shop\",\"description\":\"Keep Dancing !\",\"publisher\":{\"@id\":\"https:\\\/\\\/www.ballettodanceshop.com\\\/#organization\"},\"alternateName\":\"Balletto\",\"potentialAction\":[{\"@type\":\"SearchAction\",\"target\":{\"@type\":\"EntryPoint\",\"urlTemplate\":\"https:\\\/\\\/www.ballettodanceshop.com\\\/?s={search_term_string}\"},\"query-input\":{\"@type\":\"PropertyValueSpecification\",\"valueRequired\":true,\"valueName\":\"search_term_string\"}}],\"inLanguage\":\"en-GB\"},{\"@type\":\"Organization\",\"@id\":\"https:\\\/\\\/www.ballettodanceshop.com\\\/#organization\",\"name\":\"Balletto Dance Shop\",\"alternateName\":\"Balletto\",\"url\":\"https:\\\/\\\/www.ballettodanceshop.com\\\/\",\"logo\":{\"@type\":\"ImageObject\",\"inLanguage\":\"en-GB\",\"@id\":\"https:\\\/\\\/www.ballettodanceshop.com\\\/#\\\/schema\\\/logo\\\/image\\\/\",\"url\":\"https:\\\/\\\/www.ballettodanceshop.com\\\/wp-content\\\/uploads\\\/2025\\\/06\\\/LOGO-1.png\",\"contentUrl\":\"https:\\\/\\\/www.ballettodanceshop.com\\\/wp-content\\\/uploads\\\/2025\\\/06\\\/LOGO-1.png\",\"width\":508,\"height\":209,\"caption\":\"Balletto Dance Shop\"},\"image\":{\"@id\":\"https:\\\/\\\/www.ballettodanceshop.com\\\/#\\\/schema\\\/logo\\\/image\\\/\"},\"sameAs\":[\"https:\\\/\\\/www.facebook.com\\\/Ballettodanceshop\\\/\",\"https:\\\/\\\/x.com\\\/ballettodance\",\"https:\\\/\\\/www.tiktok.com\\\/@ballettodanceshop\",\"https:\\\/\\\/fr.linkedin.com\\\/company\\\/ballettodaneshop\",\"https:\\\/\\\/fr.pinterest.com\\\/ballettodanceshop\\\/\",\"https:\\\/\\\/www.threads.com\\\/@ballettodanceshop\",\"https:\\\/\\\/www.instagram.com\\\/ballettodanceshop\\\/\",\"https:\\\/\\\/www.youtube.com\\\/@ballettodanceshop\"]}]}<\/script>\n<!-- \/ Yoast SEO plugin. -->","yoast_head_json":{"title":"Bunheads Wooden Massage Roller - Balletto Dance Shop","description":"Relieve tension in your feet with the Footsie Roller. This roller relieves tension in the arches of the feet, helps smooth out knots and soothes the feet.","robots":{"index":"index","follow":"follow","max-snippet":"max-snippet:-1","max-image-preview":"max-image-preview:large","max-video-preview":"max-video-preview:-1"},"canonical":"https:\/\/www.ballettodanceshop.com\/en\/wooden-massage-roller-bunheads\/","og_locale":"en_GB","og_type":"article","og_title":"Rouleau de Massage en Bois Bunheads - Balletto Dance Shop","og_description":"Soulagez la tension dans vos pieds avec le Footsie Roller. Ce rouleau soulage la tension des vo\u00fbtes plantaires, aide \u00e0 lisser les n\u0153uds et apaise les pieds.","og_url":"https:\/\/www.ballettodanceshop.com\/en\/wooden-massage-roller-bunheads\/","og_site_name":"Balletto Dance Shop","article_publisher":"https:\/\/www.facebook.com\/Ballettodanceshop\/","article_modified_time":"2026-04-27T08:27:41+00:00","og_image":[{"width":1080,"height":1440,"url":"https:\/\/www.ballettodanceshop.com\/wp-content\/uploads\/2025\/07\/Rouleau_de_massage_Bunheads-1.webp","type":"image\/webp"}],"twitter_card":"summary_large_image","twitter_site":"@ballettodance","twitter_misc":{"Estimated reading time":"1 minute"},"schema":{"@context":"https:\/\/schema.org","@graph":[{"@type":"WebPage","@id":"https:\/\/www.ballettodanceshop.com\/rouleau-de-massage-en-bois-bunheads\/","url":"https:\/\/www.ballettodanceshop.com\/rouleau-de-massage-en-bois-bunheads\/","name":"Bunheads Wooden Massage Roller - Balletto Dance Shop","isPartOf":{"@id":"https:\/\/www.ballettodanceshop.com\/#website"},"primaryImageOfPage":{"@id":"https:\/\/www.ballettodanceshop.com\/rouleau-de-massage-en-bois-bunheads\/#primaryimage"},"image":{"@id":"https:\/\/www.ballettodanceshop.com\/rouleau-de-massage-en-bois-bunheads\/#primaryimage"},"thumbnailUrl":"https:\/\/www.ballettodanceshop.com\/wp-content\/uploads\/2025\/07\/Rouleau_de_massage_Bunheads-1.webp","datePublished":"2022-09-11T15:56:49+00:00","dateModified":"2026-04-27T08:27:41+00:00","description":"Relieve tension in your feet with the Footsie Roller. This roller relieves tension in the arches of the feet, helps smooth out knots and soothes the feet.","breadcrumb":{"@id":"https:\/\/www.ballettodanceshop.com\/rouleau-de-massage-en-bois-bunheads\/#breadcrumb"},"inLanguage":"en-GB","potentialAction":[{"@type":"ReadAction","target":["https:\/\/www.ballettodanceshop.com\/rouleau-de-massage-en-bois-bunheads\/"]}]},{"@type":"ImageObject","inLanguage":"en-GB","@id":"https:\/\/www.ballettodanceshop.com\/rouleau-de-massage-en-bois-bunheads\/#primaryimage","url":"https:\/\/www.ballettodanceshop.com\/wp-content\/uploads\/2025\/07\/Rouleau_de_massage_Bunheads-1.webp","contentUrl":"https:\/\/www.ballettodanceshop.com\/wp-content\/uploads\/2025\/07\/Rouleau_de_massage_Bunheads-1.webp","width":1080,"height":1440,"caption":"Rouleau pour le massage des pieds en bois Capezio"},{"@type":"BreadcrumbList","@id":"https:\/\/www.ballettodanceshop.com\/rouleau-de-massage-en-bois-bunheads\/#breadcrumb","itemListElement":[{"@type":"ListItem","position":1,"name":"Accueil","item":"https:\/\/www.ballettodanceshop.com\/"},{"@type":"ListItem","position":2,"name":"Produits","item":"https:\/\/www.ballettodanceshop.com\/boutique\/"},{"@type":"ListItem","position":3,"name":"Rouleau de Massage en Bois Bunheads"}]},{"@type":"WebSite","@id":"https:\/\/www.ballettodanceshop.com\/#website","url":"https:\/\/www.ballettodanceshop.com\/","name":"Balletto Dance Shop","description":"Keep Dancing!","publisher":{"@id":"https:\/\/www.ballettodanceshop.com\/#organization"},"alternateName":"Balletto","potentialAction":[{"@type":"SearchAction","target":{"@type":"EntryPoint","urlTemplate":"https:\/\/www.ballettodanceshop.com\/?s={search_term_string}"},"query-input":{"@type":"PropertyValueSpecification","valueRequired":true,"valueName":"search_term_string"}}],"inLanguage":"en-GB"},{"@type":"Organization","@id":"https:\/\/www.ballettodanceshop.com\/#organization","name":"Balletto Dance Shop","alternateName":"Balletto","url":"https:\/\/www.ballettodanceshop.com\/","logo":{"@type":"ImageObject","inLanguage":"en-GB","@id":"https:\/\/www.ballettodanceshop.com\/#\/schema\/logo\/image\/","url":"https:\/\/www.ballettodanceshop.com\/wp-content\/uploads\/2025\/06\/LOGO-1.png","contentUrl":"https:\/\/www.ballettodanceshop.com\/wp-content\/uploads\/2025\/06\/LOGO-1.png","width":508,"height":209,"caption":"Balletto Dance Shop"},"image":{"@id":"https:\/\/www.ballettodanceshop.com\/#\/schema\/logo\/image\/"},"sameAs":["https:\/\/www.facebook.com\/Ballettodanceshop\/","https:\/\/x.com\/ballettodance","https:\/\/www.tiktok.com\/@ballettodanceshop","https:\/\/fr.linkedin.com\/company\/ballettodaneshop","https:\/\/fr.pinterest.com\/ballettodanceshop\/","https:\/\/www.threads.com\/@ballettodanceshop","https:\/\/www.instagram.com\/ballettodanceshop\/","https:\/\/www.youtube.com\/@ballettodanceshop"]}]}},"_links":{"self":[{"href":"https:\/\/www.ballettodanceshop.com\/en\/wp-json\/wp\/v2\/product\/59179","targetHints":{"allow":["GET"]}}],"collection":[{"href":"https:\/\/www.ballettodanceshop.com\/en\/wp-json\/wp\/v2\/product"}],"about":[{"href":"https:\/\/www.ballettodanceshop.com\/en\/wp-json\/wp\/v2\/types\/product"}],"replies":[{"embeddable":true,"href":"https:\/\/www.ballettodanceshop.com\/en\/wp-json\/wp\/v2\/comments?post=59179"}],"wp:featuredmedia":[{"embeddable":true,"href":"https:\/\/www.ballettodanceshop.com\/en\/wp-json\/wp\/v2\/media\/14462"}],"wp:attachment":[{"href":"https:\/\/www.ballettodanceshop.com\/en\/wp-json\/wp\/v2\/media?parent=59179"}],"wp:term":[{"taxonomy":"product_brand","embeddable":true,"href":"https:\/\/www.ballettodanceshop.com\/en\/wp-json\/wp\/v2\/product_brand?post=59179"},{"taxonomy":"product_cat","embeddable":true,"href":"https:\/\/www.ballettodanceshop.com\/en\/wp-json\/wp\/v2\/product_cat?post=59179"},{"taxonomy":"product_tag","embeddable":true,"href":"https:\/\/www.ballettodanceshop.com\/en\/wp-json\/wp\/v2\/product_tag?post=59179"}],"curies":[{"name":"wp","href":"https:\/\/api.w.org\/{rel}","templated":true}]}}