{"id":58108,"date":"2022-05-05T14:14:17","date_gmt":"2022-05-05T12:14:17","guid":{"rendered":"https:\/\/www.ballettodanceshop.com\/jupe-reversible-zidans-ultramarine\/"},"modified":"2025-09-23T18:53:04","modified_gmt":"2025-09-23T16:53:04","slug":"zidans-ultramarine-reversible-skirt","status":"publish","type":"product","link":"https:\/\/www.ballettodanceshop.com\/en\/jupe-reversible-zidans-ultramarine\/","title":{"rendered":"Reversible Skirt Zidans Ultramarine"},"content":{"rendered":"<p><strong>Reversible Skirt Zidans Ultramarine<\/strong><\/p>\n<p>Fabric: Italian muslin<\/p>\n<p>Waistband: Biflex (80% polyamide \/ 20% elastane)<\/p>\n<p>Length with belt: 64 cm<\/p>\n<p>Pour prendre soin des v\u00eatements, nous recommandons le lavage en machine ou \u00e0 la main \u00e0 30 degr\u00e9s, la vapeur verticale ou le repassage \u00e0 basse temp\u00e9rature.<\/p>\n<p><strong>One Size<\/strong><\/p>\n<p><strong>Designed and produced in Russia.<\/strong><\/p>","protected":false},"excerpt":{"rendered":"<p>Long rehearsal skirt for ballet, contemporary and Latin dance.<\/p>\n<p>R\u00e9versible, c&rsquo;est 2 jupes en 1. Vous pouvez la porter en couleur bleu nuit ou en bleu royal.<\/p>\n<p>Fluid, lush fabric, opaque, non-transparent muslin.<\/p>\n<p>One-size-fits-all elasticated waistband.<\/p>\n<p>En pirouette, vous serez la plus performante.<\/p>\n<p>This one-size-fits-all skirt designed by Zidans can be worn elegantly around town.<\/p>\n<p><strong>Limited and Exclusive Edition.<\/strong><\/p>","protected":false},"featured_media":13210,"comment_status":"open","ping_status":"open","template":"","meta":{"_acf_changed":false},"product_brand":[],"product_cat":[246,113,19,289,462,62,97,942,463,676],"product_tag":[793],"class_list":{"0":"post-58108","1":"product","2":"type-product","3":"status-publish","4":"has-post-thumbnail","6":"product_cat-caractere","7":"product_cat-danses-latines","8":"product_cat-femmes","9":"product_cat-jupes","10":"product_cat-jupes-jupettes","11":"product_cat-classique","12":"product_cat-contemporain","13":"product_cat-tenues-chaussures-de-danse-de-caractere-femme","14":"product_cat-tenues","15":"product_cat-zidans","16":"product_tag-livraison-3-a-4-semaines","18":"first","19":"instock","20":"taxable","21":"shipping-taxable","22":"purchasable","23":"product-type-simple"},"acf":[],"yoast_head":"<!-- This site is optimized with the Yoast SEO plugin v27.4 - https:\/\/yoast.com\/product\/yoast-seo-wordpress\/ -->\n<title>Jupe R\u00e9versible Zidans Ultramarine - Balletto Dance Shop<\/title>\n<meta name=\"description\" content=\"Jupe longue R\u00e9versible Zidans Ultramarine. Elle se porte en Recto ou en Verso. Un look actuel. Parfait pour les r\u00e9p\u00e9titions ou m\u00eame en ville.\" \/>\n<meta name=\"robots\" content=\"index, follow, max-snippet:-1, max-image-preview:large, max-video-preview:-1\" \/>\n<link rel=\"canonical\" href=\"https:\/\/www.ballettodanceshop.com\/en\/zidans-ultramarine-reversible-skirt\/\" \/>\n<meta property=\"og:locale\" content=\"en_GB\" \/>\n<meta property=\"og:type\" content=\"article\" \/>\n<meta property=\"og:title\" content=\"Jupe R\u00e9versible Zidans Ultramarine - Balletto Dance Shop\" \/>\n<meta property=\"og:description\" content=\"Jupe longue R\u00e9versible Zidans Ultramarine. Elle se porte en Recto ou en Verso. Un look actuel. Parfait pour les r\u00e9p\u00e9titions ou m\u00eame en ville.\" \/>\n<meta property=\"og:url\" content=\"https:\/\/www.ballettodanceshop.com\/en\/zidans-ultramarine-reversible-skirt\/\" \/>\n<meta property=\"og:site_name\" content=\"Balletto Dance Shop\" \/>\n<meta property=\"article:publisher\" content=\"https:\/\/www.facebook.com\/Ballettodanceshop\/\" \/>\n<meta property=\"article:modified_time\" content=\"2025-09-23T16:53:04+00:00\" \/>\n<meta property=\"og:image\" content=\"https:\/\/www.ballettodanceshop.com\/wp-content\/uploads\/2025\/07\/Jupe-reversible-Zidans-Blu-Ballettodanceshop.jpg\" \/>\n\t<meta property=\"og:image:width\" content=\"795\" \/>\n\t<meta property=\"og:image:height\" content=\"800\" \/>\n\t<meta property=\"og:image:type\" content=\"image\/jpeg\" \/>\n<meta name=\"twitter:card\" content=\"summary_large_image\" \/>\n<meta name=\"twitter:site\" content=\"@ballettodance\" \/>\n<script type=\"application\/ld+json\" class=\"yoast-schema-graph\">{\"@context\":\"https:\\\/\\\/schema.org\",\"@graph\":[{\"@type\":\"WebPage\",\"@id\":\"https:\\\/\\\/www.ballettodanceshop.com\\\/jupe-reversible-zidans-ultramarine\\\/\",\"url\":\"https:\\\/\\\/www.ballettodanceshop.com\\\/jupe-reversible-zidans-ultramarine\\\/\",\"name\":\"Jupe R\u00e9versible Zidans Ultramarine - Balletto Dance Shop\",\"isPartOf\":{\"@id\":\"https:\\\/\\\/www.ballettodanceshop.com\\\/#website\"},\"primaryImageOfPage\":{\"@id\":\"https:\\\/\\\/www.ballettodanceshop.com\\\/jupe-reversible-zidans-ultramarine\\\/#primaryimage\"},\"image\":{\"@id\":\"https:\\\/\\\/www.ballettodanceshop.com\\\/jupe-reversible-zidans-ultramarine\\\/#primaryimage\"},\"thumbnailUrl\":\"https:\\\/\\\/www.ballettodanceshop.com\\\/wp-content\\\/uploads\\\/2025\\\/07\\\/Jupe-reversible-Zidans-Blu-Ballettodanceshop.jpg\",\"datePublished\":\"2022-05-05T12:14:17+00:00\",\"dateModified\":\"2025-09-23T16:53:04+00:00\",\"description\":\"Jupe longue R\u00e9versible Zidans Ultramarine. Elle se porte en Recto ou en Verso. Un look actuel. Parfait pour les r\u00e9p\u00e9titions ou m\u00eame en ville.\",\"breadcrumb\":{\"@id\":\"https:\\\/\\\/www.ballettodanceshop.com\\\/jupe-reversible-zidans-ultramarine\\\/#breadcrumb\"},\"inLanguage\":\"en-GB\",\"potentialAction\":[{\"@type\":\"ReadAction\",\"target\":[\"https:\\\/\\\/www.ballettodanceshop.com\\\/jupe-reversible-zidans-ultramarine\\\/\"]}]},{\"@type\":\"ImageObject\",\"inLanguage\":\"en-GB\",\"@id\":\"https:\\\/\\\/www.ballettodanceshop.com\\\/jupe-reversible-zidans-ultramarine\\\/#primaryimage\",\"url\":\"https:\\\/\\\/www.ballettodanceshop.com\\\/wp-content\\\/uploads\\\/2025\\\/07\\\/Jupe-reversible-Zidans-Blu-Ballettodanceshop.jpg\",\"contentUrl\":\"https:\\\/\\\/www.ballettodanceshop.com\\\/wp-content\\\/uploads\\\/2025\\\/07\\\/Jupe-reversible-Zidans-Blu-Ballettodanceshop.jpg\",\"width\":795,\"height\":800,\"caption\":\"Jup\u00e9 longue Zidans Ultramarine\"},{\"@type\":\"BreadcrumbList\",\"@id\":\"https:\\\/\\\/www.ballettodanceshop.com\\\/jupe-reversible-zidans-ultramarine\\\/#breadcrumb\",\"itemListElement\":[{\"@type\":\"ListItem\",\"position\":1,\"name\":\"Accueil\",\"item\":\"https:\\\/\\\/www.ballettodanceshop.com\\\/\"},{\"@type\":\"ListItem\",\"position\":2,\"name\":\"Produits\",\"item\":\"https:\\\/\\\/www.ballettodanceshop.com\\\/boutique\\\/\"},{\"@type\":\"ListItem\",\"position\":3,\"name\":\"Jupe R\u00e9versible Zidans Ultramarine\"}]},{\"@type\":\"WebSite\",\"@id\":\"https:\\\/\\\/www.ballettodanceshop.com\\\/#website\",\"url\":\"https:\\\/\\\/www.ballettodanceshop.com\\\/\",\"name\":\"Balletto Dance Shop\",\"description\":\"Keep Dancing !\",\"publisher\":{\"@id\":\"https:\\\/\\\/www.ballettodanceshop.com\\\/#organization\"},\"alternateName\":\"Balletto\",\"potentialAction\":[{\"@type\":\"SearchAction\",\"target\":{\"@type\":\"EntryPoint\",\"urlTemplate\":\"https:\\\/\\\/www.ballettodanceshop.com\\\/?s={search_term_string}\"},\"query-input\":{\"@type\":\"PropertyValueSpecification\",\"valueRequired\":true,\"valueName\":\"search_term_string\"}}],\"inLanguage\":\"en-GB\"},{\"@type\":\"Organization\",\"@id\":\"https:\\\/\\\/www.ballettodanceshop.com\\\/#organization\",\"name\":\"Balletto Dance Shop\",\"alternateName\":\"Balletto\",\"url\":\"https:\\\/\\\/www.ballettodanceshop.com\\\/\",\"logo\":{\"@type\":\"ImageObject\",\"inLanguage\":\"en-GB\",\"@id\":\"https:\\\/\\\/www.ballettodanceshop.com\\\/#\\\/schema\\\/logo\\\/image\\\/\",\"url\":\"https:\\\/\\\/www.ballettodanceshop.com\\\/wp-content\\\/uploads\\\/2025\\\/06\\\/LOGO-1.png\",\"contentUrl\":\"https:\\\/\\\/www.ballettodanceshop.com\\\/wp-content\\\/uploads\\\/2025\\\/06\\\/LOGO-1.png\",\"width\":508,\"height\":209,\"caption\":\"Balletto Dance Shop\"},\"image\":{\"@id\":\"https:\\\/\\\/www.ballettodanceshop.com\\\/#\\\/schema\\\/logo\\\/image\\\/\"},\"sameAs\":[\"https:\\\/\\\/www.facebook.com\\\/Ballettodanceshop\\\/\",\"https:\\\/\\\/x.com\\\/ballettodance\",\"https:\\\/\\\/www.tiktok.com\\\/@ballettodanceshop\",\"https:\\\/\\\/fr.linkedin.com\\\/company\\\/ballettodaneshop\",\"https:\\\/\\\/fr.pinterest.com\\\/ballettodanceshop\\\/\",\"https:\\\/\\\/www.threads.com\\\/@ballettodanceshop\",\"https:\\\/\\\/www.instagram.com\\\/ballettodanceshop\\\/\",\"https:\\\/\\\/www.youtube.com\\\/@ballettodanceshop\"]}]}<\/script>\n<!-- \/ Yoast SEO plugin. -->","yoast_head_json":{"title":"Reversible Skirt Zidans Ultramarine - Balletto Dance Shop","description":"Zidans Ultramarine reversible long skirt. Can be worn front or back. A contemporary look. Perfect for rehearsals or even out on the town.","robots":{"index":"index","follow":"follow","max-snippet":"max-snippet:-1","max-image-preview":"max-image-preview:large","max-video-preview":"max-video-preview:-1"},"canonical":"https:\/\/www.ballettodanceshop.com\/en\/zidans-ultramarine-reversible-skirt\/","og_locale":"en_GB","og_type":"article","og_title":"Jupe R\u00e9versible Zidans Ultramarine - Balletto Dance Shop","og_description":"Jupe longue R\u00e9versible Zidans Ultramarine. Elle se porte en Recto ou en Verso. Un look actuel. Parfait pour les r\u00e9p\u00e9titions ou m\u00eame en ville.","og_url":"https:\/\/www.ballettodanceshop.com\/en\/zidans-ultramarine-reversible-skirt\/","og_site_name":"Balletto Dance Shop","article_publisher":"https:\/\/www.facebook.com\/Ballettodanceshop\/","article_modified_time":"2025-09-23T16:53:04+00:00","og_image":[{"width":795,"height":800,"url":"https:\/\/www.ballettodanceshop.com\/wp-content\/uploads\/2025\/07\/Jupe-reversible-Zidans-Blu-Ballettodanceshop.jpg","type":"image\/jpeg"}],"twitter_card":"summary_large_image","twitter_site":"@ballettodance","schema":{"@context":"https:\/\/schema.org","@graph":[{"@type":"WebPage","@id":"https:\/\/www.ballettodanceshop.com\/jupe-reversible-zidans-ultramarine\/","url":"https:\/\/www.ballettodanceshop.com\/jupe-reversible-zidans-ultramarine\/","name":"Reversible Skirt Zidans Ultramarine - Balletto Dance Shop","isPartOf":{"@id":"https:\/\/www.ballettodanceshop.com\/#website"},"primaryImageOfPage":{"@id":"https:\/\/www.ballettodanceshop.com\/jupe-reversible-zidans-ultramarine\/#primaryimage"},"image":{"@id":"https:\/\/www.ballettodanceshop.com\/jupe-reversible-zidans-ultramarine\/#primaryimage"},"thumbnailUrl":"https:\/\/www.ballettodanceshop.com\/wp-content\/uploads\/2025\/07\/Jupe-reversible-Zidans-Blu-Ballettodanceshop.jpg","datePublished":"2022-05-05T12:14:17+00:00","dateModified":"2025-09-23T16:53:04+00:00","description":"Zidans Ultramarine reversible long skirt. Can be worn front or back. A contemporary look. Perfect for rehearsals or even out on the town.","breadcrumb":{"@id":"https:\/\/www.ballettodanceshop.com\/jupe-reversible-zidans-ultramarine\/#breadcrumb"},"inLanguage":"en-GB","potentialAction":[{"@type":"ReadAction","target":["https:\/\/www.ballettodanceshop.com\/jupe-reversible-zidans-ultramarine\/"]}]},{"@type":"ImageObject","inLanguage":"en-GB","@id":"https:\/\/www.ballettodanceshop.com\/jupe-reversible-zidans-ultramarine\/#primaryimage","url":"https:\/\/www.ballettodanceshop.com\/wp-content\/uploads\/2025\/07\/Jupe-reversible-Zidans-Blu-Ballettodanceshop.jpg","contentUrl":"https:\/\/www.ballettodanceshop.com\/wp-content\/uploads\/2025\/07\/Jupe-reversible-Zidans-Blu-Ballettodanceshop.jpg","width":795,"height":800,"caption":"Jup\u00e9 longue Zidans Ultramarine"},{"@type":"BreadcrumbList","@id":"https:\/\/www.ballettodanceshop.com\/jupe-reversible-zidans-ultramarine\/#breadcrumb","itemListElement":[{"@type":"ListItem","position":1,"name":"Accueil","item":"https:\/\/www.ballettodanceshop.com\/"},{"@type":"ListItem","position":2,"name":"Produits","item":"https:\/\/www.ballettodanceshop.com\/boutique\/"},{"@type":"ListItem","position":3,"name":"Jupe R\u00e9versible Zidans Ultramarine"}]},{"@type":"WebSite","@id":"https:\/\/www.ballettodanceshop.com\/#website","url":"https:\/\/www.ballettodanceshop.com\/","name":"Balletto Dance Shop","description":"Keep Dancing!","publisher":{"@id":"https:\/\/www.ballettodanceshop.com\/#organization"},"alternateName":"Balletto","potentialAction":[{"@type":"SearchAction","target":{"@type":"EntryPoint","urlTemplate":"https:\/\/www.ballettodanceshop.com\/?s={search_term_string}"},"query-input":{"@type":"PropertyValueSpecification","valueRequired":true,"valueName":"search_term_string"}}],"inLanguage":"en-GB"},{"@type":"Organization","@id":"https:\/\/www.ballettodanceshop.com\/#organization","name":"Balletto Dance Shop","alternateName":"Balletto","url":"https:\/\/www.ballettodanceshop.com\/","logo":{"@type":"ImageObject","inLanguage":"en-GB","@id":"https:\/\/www.ballettodanceshop.com\/#\/schema\/logo\/image\/","url":"https:\/\/www.ballettodanceshop.com\/wp-content\/uploads\/2025\/06\/LOGO-1.png","contentUrl":"https:\/\/www.ballettodanceshop.com\/wp-content\/uploads\/2025\/06\/LOGO-1.png","width":508,"height":209,"caption":"Balletto Dance Shop"},"image":{"@id":"https:\/\/www.ballettodanceshop.com\/#\/schema\/logo\/image\/"},"sameAs":["https:\/\/www.facebook.com\/Ballettodanceshop\/","https:\/\/x.com\/ballettodance","https:\/\/www.tiktok.com\/@ballettodanceshop","https:\/\/fr.linkedin.com\/company\/ballettodaneshop","https:\/\/fr.pinterest.com\/ballettodanceshop\/","https:\/\/www.threads.com\/@ballettodanceshop","https:\/\/www.instagram.com\/ballettodanceshop\/","https:\/\/www.youtube.com\/@ballettodanceshop"]}]}},"_links":{"self":[{"href":"https:\/\/www.ballettodanceshop.com\/en\/wp-json\/wp\/v2\/product\/58108","targetHints":{"allow":["GET"]}}],"collection":[{"href":"https:\/\/www.ballettodanceshop.com\/en\/wp-json\/wp\/v2\/product"}],"about":[{"href":"https:\/\/www.ballettodanceshop.com\/en\/wp-json\/wp\/v2\/types\/product"}],"replies":[{"embeddable":true,"href":"https:\/\/www.ballettodanceshop.com\/en\/wp-json\/wp\/v2\/comments?post=58108"}],"wp:featuredmedia":[{"embeddable":true,"href":"https:\/\/www.ballettodanceshop.com\/en\/wp-json\/wp\/v2\/media\/13210"}],"wp:attachment":[{"href":"https:\/\/www.ballettodanceshop.com\/en\/wp-json\/wp\/v2\/media?parent=58108"}],"wp:term":[{"taxonomy":"product_brand","embeddable":true,"href":"https:\/\/www.ballettodanceshop.com\/en\/wp-json\/wp\/v2\/product_brand?post=58108"},{"taxonomy":"product_cat","embeddable":true,"href":"https:\/\/www.ballettodanceshop.com\/en\/wp-json\/wp\/v2\/product_cat?post=58108"},{"taxonomy":"product_tag","embeddable":true,"href":"https:\/\/www.ballettodanceshop.com\/en\/wp-json\/wp\/v2\/product_tag?post=58108"}],"curies":[{"name":"wp","href":"https:\/\/api.w.org\/{rel}","templated":true}]}}