{"id":58025,"date":"2022-04-16T04:43:02","date_gmt":"2022-04-16T02:43:02","guid":{"rendered":"https:\/\/www.ballettodanceshop.com\/justaucorps-zidans-dolce-carlotta-marine\/"},"modified":"2025-08-24T17:53:30","modified_gmt":"2025-08-24T15:53:30","slug":"zidans-dolce-carlotta-navy-leotard","status":"publish","type":"product","link":"https:\/\/www.ballettodanceshop.com\/en\/justaucorps-zidans-dolce-carlotta-marine\/","title":{"rendered":"Leotard Zidans Dolce Carlotta Navy"},"content":{"rendered":"<div class=\"et_pb_module et_pb_wc_description et_pb_wc_description_0_tb_body et_pb_bg_layout_light et_pb_text_align_left\">\n<div class=\"et_pb_module_inner\"><\/div>\n<\/div>\n<div class=\"ywdpd-notices-wrapper\">\n<div class=\"show_note_on_apply_products\">\n<p><strong>Leotard Zidans Dolce Carlotta Navy<\/strong><\/p>\n<p>Fabric: Italian bi-flex (80 % polyamide \/ 20 % elastane)<\/p>\n<p>- two-way stretch for perfect fit and comfort<\/p>\n<p>- pilling-resistant for durability and great looks<\/p>\n<p>- UV protection<\/p>\n<p>Handmade in Russia<\/p>\n<p>This\u00a0<strong>Classical Dance Body<\/strong>, of\u00a0<strong>Jazz<\/strong>\u00a0or\u00a0<strong>Contemporary Dance<\/strong>\u00a0from our selection of\u00a0<strong>Leotard<\/strong>, peut \u00eatre port\u00e9 en toutes circonstances. Parfait pour la ville avec un Jeans Denim. Gr\u00e2ce \u00e0 sa mati\u00e8re, votre transpiration sera \u00e9vacu\u00e9e pour que vous puissiez rester \u00e0 l&rsquo;aise toute la journ\u00e9e ou lors d&rsquo;une<strong>\u00a0dance<\/strong>.<\/p>\n<p>Don't forget to wear this Zidans bodysuit when exercising.\u00a0<strong>Yoga<\/strong>\u00a0or\u00a0<strong>Pilates<\/strong>.<\/p>\n<p><strong>Limited Edition Exclusive to Balletto Dance Shop.<\/strong><\/p>\n<\/div>\n<div class=\"show_note_on_apply_products\"><\/div>\n<\/div>","protected":false},"excerpt":{"rendered":"<div class=\"et_pb_module et_pb_wc_description et_pb_wc_description_0_tb_body et_pb_bg_layout_light et_pb_text_align_left\">\n<div class=\"et_pb_module_inner\">\n<p><strong>L\u2019Incontournable Body de danse qui fait craquer les plus belles des Ballerines.<\/strong><\/p>\n<p>Simple, streamlined design with maximum comfort for a perfect silhouette.<\/p>\n<p>This second-skin leotard with 3\/4-length sleeves emphasises the d\u00e9collet\u00e9 and highlights the cuffs. This bodysuit can also be worn in town with denim jeans.<\/p>\n<p>Top front with Italian biflex lining. The design and technology take into account the intensity of dance and sports activities.<\/p>\n<p><strong>This leotard is a Limited Edition.<\/strong><\/p>\n<\/div>\n<\/div>\n<div class=\"ywdpd-notices-wrapper\">\n<div class=\"show_note_on_apply_products\"><\/div>\n<div class=\"show_note_on_apply_products\"><\/div>\n<\/div>","protected":false},"featured_media":13012,"comment_status":"open","ping_status":"open","template":"","meta":{"_acf_changed":false},"product_brand":[],"product_cat":[103,19,144,62,308,676],"product_tag":[793],"class_list":{"0":"post-58025","1":"product","2":"type-product","3":"status-publish","4":"has-post-thumbnail","6":"product_cat-athleisure","7":"product_cat-femmes","8":"product_cat-justaucorps-tuniques","9":"product_cat-classique","10":"product_cat-tops-athleisure","11":"product_cat-zidans","12":"product_tag-livraison-3-a-4-semaines","14":"first","15":"instock","16":"taxable","17":"shipping-taxable","18":"purchasable","19":"product-type-variable"},"acf":[],"yoast_head":"<!-- This site is optimized with the Yoast SEO plugin v27.4 - https:\/\/yoast.com\/product\/yoast-seo-wordpress\/ -->\n<title>Justaucorps Zidans Dolce Carlotta Marine - Balletto Dance Shop<\/title>\n<meta name=\"description\" content=\"Nouveau JUSTAUCORPS DANSE MANCHES 3\/4 ZIDANS DOLCE CARLOTTA BLEU MARINE. Lignes \u00e9pur\u00e9es. Une seconde peau. Con\u00e7u en Biflex Italien.\" \/>\n<meta name=\"robots\" content=\"index, follow, max-snippet:-1, max-image-preview:large, max-video-preview:-1\" \/>\n<link rel=\"canonical\" href=\"https:\/\/www.ballettodanceshop.com\/en\/zidans-dolce-carlotta-navy-leotard\/\" \/>\n<meta property=\"og:locale\" content=\"en_GB\" \/>\n<meta property=\"og:type\" content=\"article\" \/>\n<meta property=\"og:title\" content=\"Justaucorps Zidans Dolce Carlotta Marine - Balletto Dance Shop\" \/>\n<meta property=\"og:description\" content=\"Nouveau JUSTAUCORPS DANSE MANCHES 3\/4 ZIDANS DOLCE CARLOTTA BLEU MARINE. Lignes \u00e9pur\u00e9es. Une seconde peau. Con\u00e7u en Biflex Italien.\" \/>\n<meta property=\"og:url\" content=\"https:\/\/www.ballettodanceshop.com\/en\/zidans-dolce-carlotta-navy-leotard\/\" \/>\n<meta property=\"og:site_name\" content=\"Balletto Dance Shop\" \/>\n<meta property=\"article:publisher\" content=\"https:\/\/www.facebook.com\/Ballettodanceshop\/\" \/>\n<meta property=\"article:modified_time\" content=\"2025-08-24T15:53:30+00:00\" \/>\n<meta property=\"og:image\" content=\"https:\/\/www.ballettodanceshop.com\/wp-content\/uploads\/2025\/07\/Justaucorps_Zidans_Marine_Ballettodaneshop.jpg\" \/>\n\t<meta property=\"og:image:width\" content=\"1373\" \/>\n\t<meta property=\"og:image:height\" content=\"1775\" \/>\n\t<meta property=\"og:image:type\" content=\"image\/jpeg\" \/>\n<meta name=\"twitter:card\" content=\"summary_large_image\" \/>\n<meta name=\"twitter:site\" content=\"@ballettodance\" \/>\n<meta name=\"twitter:label1\" content=\"Estimated reading time\" \/>\n\t<meta name=\"twitter:data1\" content=\"1 minute\" \/>\n<script type=\"application\/ld+json\" class=\"yoast-schema-graph\">{\"@context\":\"https:\\\/\\\/schema.org\",\"@graph\":[{\"@type\":\"WebPage\",\"@id\":\"https:\\\/\\\/www.ballettodanceshop.com\\\/justaucorps-zidans-dolce-carlotta-marine\\\/\",\"url\":\"https:\\\/\\\/www.ballettodanceshop.com\\\/justaucorps-zidans-dolce-carlotta-marine\\\/\",\"name\":\"Justaucorps Zidans Dolce Carlotta Marine - Balletto Dance Shop\",\"isPartOf\":{\"@id\":\"https:\\\/\\\/www.ballettodanceshop.com\\\/#website\"},\"primaryImageOfPage\":{\"@id\":\"https:\\\/\\\/www.ballettodanceshop.com\\\/justaucorps-zidans-dolce-carlotta-marine\\\/#primaryimage\"},\"image\":{\"@id\":\"https:\\\/\\\/www.ballettodanceshop.com\\\/justaucorps-zidans-dolce-carlotta-marine\\\/#primaryimage\"},\"thumbnailUrl\":\"https:\\\/\\\/www.ballettodanceshop.com\\\/wp-content\\\/uploads\\\/2025\\\/07\\\/Justaucorps_Zidans_Marine_Ballettodaneshop.jpg\",\"datePublished\":\"2022-04-16T02:43:02+00:00\",\"dateModified\":\"2025-08-24T15:53:30+00:00\",\"description\":\"Nouveau JUSTAUCORPS DANSE MANCHES 3\\\/4 ZIDANS DOLCE CARLOTTA BLEU MARINE. Lignes \u00e9pur\u00e9es. Une seconde peau. Con\u00e7u en Biflex Italien.\",\"breadcrumb\":{\"@id\":\"https:\\\/\\\/www.ballettodanceshop.com\\\/justaucorps-zidans-dolce-carlotta-marine\\\/#breadcrumb\"},\"inLanguage\":\"en-GB\",\"potentialAction\":[{\"@type\":\"ReadAction\",\"target\":[\"https:\\\/\\\/www.ballettodanceshop.com\\\/justaucorps-zidans-dolce-carlotta-marine\\\/\"]}]},{\"@type\":\"ImageObject\",\"inLanguage\":\"en-GB\",\"@id\":\"https:\\\/\\\/www.ballettodanceshop.com\\\/justaucorps-zidans-dolce-carlotta-marine\\\/#primaryimage\",\"url\":\"https:\\\/\\\/www.ballettodanceshop.com\\\/wp-content\\\/uploads\\\/2025\\\/07\\\/Justaucorps_Zidans_Marine_Ballettodaneshop.jpg\",\"contentUrl\":\"https:\\\/\\\/www.ballettodanceshop.com\\\/wp-content\\\/uploads\\\/2025\\\/07\\\/Justaucorps_Zidans_Marine_Ballettodaneshop.jpg\",\"width\":1373,\"height\":1775,\"caption\":\"Justaucorps Manches 3\\\/4 Zidans Marine\"},{\"@type\":\"BreadcrumbList\",\"@id\":\"https:\\\/\\\/www.ballettodanceshop.com\\\/justaucorps-zidans-dolce-carlotta-marine\\\/#breadcrumb\",\"itemListElement\":[{\"@type\":\"ListItem\",\"position\":1,\"name\":\"Accueil\",\"item\":\"https:\\\/\\\/www.ballettodanceshop.com\\\/\"},{\"@type\":\"ListItem\",\"position\":2,\"name\":\"Produits\",\"item\":\"https:\\\/\\\/www.ballettodanceshop.com\\\/boutique\\\/\"},{\"@type\":\"ListItem\",\"position\":3,\"name\":\"Justaucorps Zidans Dolce Carlotta Marine\"}]},{\"@type\":\"WebSite\",\"@id\":\"https:\\\/\\\/www.ballettodanceshop.com\\\/#website\",\"url\":\"https:\\\/\\\/www.ballettodanceshop.com\\\/\",\"name\":\"Balletto Dance Shop\",\"description\":\"Keep Dancing !\",\"publisher\":{\"@id\":\"https:\\\/\\\/www.ballettodanceshop.com\\\/#organization\"},\"alternateName\":\"Balletto\",\"potentialAction\":[{\"@type\":\"SearchAction\",\"target\":{\"@type\":\"EntryPoint\",\"urlTemplate\":\"https:\\\/\\\/www.ballettodanceshop.com\\\/?s={search_term_string}\"},\"query-input\":{\"@type\":\"PropertyValueSpecification\",\"valueRequired\":true,\"valueName\":\"search_term_string\"}}],\"inLanguage\":\"en-GB\"},{\"@type\":\"Organization\",\"@id\":\"https:\\\/\\\/www.ballettodanceshop.com\\\/#organization\",\"name\":\"Balletto Dance Shop\",\"alternateName\":\"Balletto\",\"url\":\"https:\\\/\\\/www.ballettodanceshop.com\\\/\",\"logo\":{\"@type\":\"ImageObject\",\"inLanguage\":\"en-GB\",\"@id\":\"https:\\\/\\\/www.ballettodanceshop.com\\\/#\\\/schema\\\/logo\\\/image\\\/\",\"url\":\"https:\\\/\\\/www.ballettodanceshop.com\\\/wp-content\\\/uploads\\\/2025\\\/06\\\/LOGO-1.png\",\"contentUrl\":\"https:\\\/\\\/www.ballettodanceshop.com\\\/wp-content\\\/uploads\\\/2025\\\/06\\\/LOGO-1.png\",\"width\":508,\"height\":209,\"caption\":\"Balletto Dance Shop\"},\"image\":{\"@id\":\"https:\\\/\\\/www.ballettodanceshop.com\\\/#\\\/schema\\\/logo\\\/image\\\/\"},\"sameAs\":[\"https:\\\/\\\/www.facebook.com\\\/Ballettodanceshop\\\/\",\"https:\\\/\\\/x.com\\\/ballettodance\",\"https:\\\/\\\/www.tiktok.com\\\/@ballettodanceshop\",\"https:\\\/\\\/fr.linkedin.com\\\/company\\\/ballettodaneshop\",\"https:\\\/\\\/fr.pinterest.com\\\/ballettodanceshop\\\/\",\"https:\\\/\\\/www.threads.com\\\/@ballettodanceshop\",\"https:\\\/\\\/www.instagram.com\\\/ballettodanceshop\\\/\",\"https:\\\/\\\/www.youtube.com\\\/@ballettodanceshop\"]}]}<\/script>\n<!-- \/ Yoast SEO plugin. -->","yoast_head_json":{"title":"Justaucorps Zidans Dolce Carlotta Navy - Balletto Dance Shop","description":"New DANCE JUSTAUCORPS 3\/4 SLEEVE ZIDANS DOLCE CARLOTTA NAVY BLUE. Pure lines. A second skin. Made from Italian Biflex.","robots":{"index":"index","follow":"follow","max-snippet":"max-snippet:-1","max-image-preview":"max-image-preview:large","max-video-preview":"max-video-preview:-1"},"canonical":"https:\/\/www.ballettodanceshop.com\/en\/zidans-dolce-carlotta-navy-leotard\/","og_locale":"en_GB","og_type":"article","og_title":"Justaucorps Zidans Dolce Carlotta Marine - Balletto Dance Shop","og_description":"Nouveau JUSTAUCORPS DANSE MANCHES 3\/4 ZIDANS DOLCE CARLOTTA BLEU MARINE. Lignes \u00e9pur\u00e9es. Une seconde peau. Con\u00e7u en Biflex Italien.","og_url":"https:\/\/www.ballettodanceshop.com\/en\/zidans-dolce-carlotta-navy-leotard\/","og_site_name":"Balletto Dance Shop","article_publisher":"https:\/\/www.facebook.com\/Ballettodanceshop\/","article_modified_time":"2025-08-24T15:53:30+00:00","og_image":[{"width":1373,"height":1775,"url":"https:\/\/www.ballettodanceshop.com\/wp-content\/uploads\/2025\/07\/Justaucorps_Zidans_Marine_Ballettodaneshop.jpg","type":"image\/jpeg"}],"twitter_card":"summary_large_image","twitter_site":"@ballettodance","twitter_misc":{"Estimated reading time":"1 minute"},"schema":{"@context":"https:\/\/schema.org","@graph":[{"@type":"WebPage","@id":"https:\/\/www.ballettodanceshop.com\/justaucorps-zidans-dolce-carlotta-marine\/","url":"https:\/\/www.ballettodanceshop.com\/justaucorps-zidans-dolce-carlotta-marine\/","name":"Justaucorps Zidans Dolce Carlotta Navy - Balletto Dance Shop","isPartOf":{"@id":"https:\/\/www.ballettodanceshop.com\/#website"},"primaryImageOfPage":{"@id":"https:\/\/www.ballettodanceshop.com\/justaucorps-zidans-dolce-carlotta-marine\/#primaryimage"},"image":{"@id":"https:\/\/www.ballettodanceshop.com\/justaucorps-zidans-dolce-carlotta-marine\/#primaryimage"},"thumbnailUrl":"https:\/\/www.ballettodanceshop.com\/wp-content\/uploads\/2025\/07\/Justaucorps_Zidans_Marine_Ballettodaneshop.jpg","datePublished":"2022-04-16T02:43:02+00:00","dateModified":"2025-08-24T15:53:30+00:00","description":"New DANCE JUSTAUCORPS 3\/4 SLEEVE ZIDANS DOLCE CARLOTTA NAVY BLUE. Pure lines. A second skin. Made from Italian Biflex.","breadcrumb":{"@id":"https:\/\/www.ballettodanceshop.com\/justaucorps-zidans-dolce-carlotta-marine\/#breadcrumb"},"inLanguage":"en-GB","potentialAction":[{"@type":"ReadAction","target":["https:\/\/www.ballettodanceshop.com\/justaucorps-zidans-dolce-carlotta-marine\/"]}]},{"@type":"ImageObject","inLanguage":"en-GB","@id":"https:\/\/www.ballettodanceshop.com\/justaucorps-zidans-dolce-carlotta-marine\/#primaryimage","url":"https:\/\/www.ballettodanceshop.com\/wp-content\/uploads\/2025\/07\/Justaucorps_Zidans_Marine_Ballettodaneshop.jpg","contentUrl":"https:\/\/www.ballettodanceshop.com\/wp-content\/uploads\/2025\/07\/Justaucorps_Zidans_Marine_Ballettodaneshop.jpg","width":1373,"height":1775,"caption":"Justaucorps Manches 3\/4 Zidans Marine"},{"@type":"BreadcrumbList","@id":"https:\/\/www.ballettodanceshop.com\/justaucorps-zidans-dolce-carlotta-marine\/#breadcrumb","itemListElement":[{"@type":"ListItem","position":1,"name":"Accueil","item":"https:\/\/www.ballettodanceshop.com\/"},{"@type":"ListItem","position":2,"name":"Produits","item":"https:\/\/www.ballettodanceshop.com\/boutique\/"},{"@type":"ListItem","position":3,"name":"Justaucorps Zidans Dolce Carlotta Marine"}]},{"@type":"WebSite","@id":"https:\/\/www.ballettodanceshop.com\/#website","url":"https:\/\/www.ballettodanceshop.com\/","name":"Balletto Dance Shop","description":"Keep Dancing!","publisher":{"@id":"https:\/\/www.ballettodanceshop.com\/#organization"},"alternateName":"Balletto","potentialAction":[{"@type":"SearchAction","target":{"@type":"EntryPoint","urlTemplate":"https:\/\/www.ballettodanceshop.com\/?s={search_term_string}"},"query-input":{"@type":"PropertyValueSpecification","valueRequired":true,"valueName":"search_term_string"}}],"inLanguage":"en-GB"},{"@type":"Organization","@id":"https:\/\/www.ballettodanceshop.com\/#organization","name":"Balletto Dance Shop","alternateName":"Balletto","url":"https:\/\/www.ballettodanceshop.com\/","logo":{"@type":"ImageObject","inLanguage":"en-GB","@id":"https:\/\/www.ballettodanceshop.com\/#\/schema\/logo\/image\/","url":"https:\/\/www.ballettodanceshop.com\/wp-content\/uploads\/2025\/06\/LOGO-1.png","contentUrl":"https:\/\/www.ballettodanceshop.com\/wp-content\/uploads\/2025\/06\/LOGO-1.png","width":508,"height":209,"caption":"Balletto Dance Shop"},"image":{"@id":"https:\/\/www.ballettodanceshop.com\/#\/schema\/logo\/image\/"},"sameAs":["https:\/\/www.facebook.com\/Ballettodanceshop\/","https:\/\/x.com\/ballettodance","https:\/\/www.tiktok.com\/@ballettodanceshop","https:\/\/fr.linkedin.com\/company\/ballettodaneshop","https:\/\/fr.pinterest.com\/ballettodanceshop\/","https:\/\/www.threads.com\/@ballettodanceshop","https:\/\/www.instagram.com\/ballettodanceshop\/","https:\/\/www.youtube.com\/@ballettodanceshop"]}]}},"_links":{"self":[{"href":"https:\/\/www.ballettodanceshop.com\/en\/wp-json\/wp\/v2\/product\/58025","targetHints":{"allow":["GET"]}}],"collection":[{"href":"https:\/\/www.ballettodanceshop.com\/en\/wp-json\/wp\/v2\/product"}],"about":[{"href":"https:\/\/www.ballettodanceshop.com\/en\/wp-json\/wp\/v2\/types\/product"}],"replies":[{"embeddable":true,"href":"https:\/\/www.ballettodanceshop.com\/en\/wp-json\/wp\/v2\/comments?post=58025"}],"wp:featuredmedia":[{"embeddable":true,"href":"https:\/\/www.ballettodanceshop.com\/en\/wp-json\/wp\/v2\/media\/13012"}],"wp:attachment":[{"href":"https:\/\/www.ballettodanceshop.com\/en\/wp-json\/wp\/v2\/media?parent=58025"}],"wp:term":[{"taxonomy":"product_brand","embeddable":true,"href":"https:\/\/www.ballettodanceshop.com\/en\/wp-json\/wp\/v2\/product_brand?post=58025"},{"taxonomy":"product_cat","embeddable":true,"href":"https:\/\/www.ballettodanceshop.com\/en\/wp-json\/wp\/v2\/product_cat?post=58025"},{"taxonomy":"product_tag","embeddable":true,"href":"https:\/\/www.ballettodanceshop.com\/en\/wp-json\/wp\/v2\/product_tag?post=58025"}],"curies":[{"name":"wp","href":"https:\/\/api.w.org\/{rel}","templated":true}]}}