{"id":56523,"date":"2021-10-25T10:19:29","date_gmt":"2021-10-25T08:19:29","guid":{"rendered":"https:\/\/www.ballettodanceshop.com\/chaussettes-pilates-antiderapantes-maddie\/"},"modified":"2026-04-16T10:36:02","modified_gmt":"2026-04-16T08:36:02","slug":"anti-slip-pilates-socks-maddie","status":"publish","type":"product","link":"https:\/\/www.ballettodanceshop.com\/en\/chaussettes-pilates-antiderapantes-maddie\/","title":{"rendered":"Pilates Non-Slip Socks Maddie"},"content":{"rendered":"<p><strong>Pilates Non-Slip Socks Maddie<\/strong><\/p>\n<p>Soft organic cotton<\/p>\n<p><strong>Size: M\/L: 38\/40<\/strong><\/p>\n<p>&nbsp;<\/p>","protected":false},"excerpt":{"rendered":"<p>Plus facile \u00e0 enfiler que les chaussettes anti-d\u00e9rapantes \u00e0 orteils s\u00e9par\u00e9s,<\/p>\n<p>les Tavi\u00ae Maddie vous permettront d&rsquo;exercer vos activit\u00e9s sportives et toute s\u00e9curit\u00e9 et tranquillit\u00e9 d&rsquo;esprit.<\/p>\n<p>Vous pourrez porter vos chaussettes lors de vos s\u00e9ances de Pilates, barre au sol ou sur machines Gyrotonic.<\/p>","protected":false},"featured_media":10954,"comment_status":"open","ping_status":"closed","template":"","meta":{"_acf_changed":false},"product_brand":[],"product_cat":[104,103,111,114,19,25,61,68,340,771,272,273],"product_tag":[786],"class_list":{"0":"post-56523","1":"product","2":"type-product","3":"status-publish","4":"has-post-thumbnail","6":"product_cat-accessoires-athleisure","7":"product_cat-athleisure","8":"product_cat-athleisure-yoga-gym-pilates-filles","9":"product_cat-echauffement","10":"product_cat-femmes","11":"product_cat-filles","12":"product_cat-idees-cadeaux","13":"product_cat-idees-cadeaux-filles","14":"product_cat-inspiration","15":"product_cat-pointe-studio","16":"product_cat-promotions","17":"product_cat-promotions-femmes","18":"product_tag-livraison-24-a-48h","20":"first","21":"outofstock","22":"taxable","23":"shipping-taxable","24":"product-type-simple"},"acf":[],"yoast_head":"<!-- This site is optimized with the Yoast SEO plugin v27.4 - https:\/\/yoast.com\/product\/yoast-seo-wordpress\/ -->\n<title>Chaussettes Pilates Antid\u00e9rapantes Maddie - Balletto Dance Shop<\/title>\n<meta name=\"description\" content=\"Chaussettes de Pilates et de Lagree antid\u00e9rapantes Tavi Noir\u00ae Maddie. Elles \u00e9pousent parfaitement la forme de vos chevilles et couvre vos pieds.\" \/>\n<meta name=\"robots\" content=\"index, follow, max-snippet:-1, max-image-preview:large, max-video-preview:-1\" \/>\n<link rel=\"canonical\" href=\"https:\/\/www.ballettodanceshop.com\/en\/anti-slip-pilates-socks-maddie\/\" \/>\n<meta property=\"og:locale\" content=\"en_GB\" \/>\n<meta property=\"og:type\" content=\"article\" \/>\n<meta property=\"og:title\" content=\"Chaussettes Pilates Antid\u00e9rapantes Maddie - Balletto Dance Shop\" \/>\n<meta property=\"og:description\" content=\"Chaussettes de Pilates et de Lagree antid\u00e9rapantes Tavi Noir\u00ae Maddie. Elles \u00e9pousent parfaitement la forme de vos chevilles et couvre vos pieds.\" \/>\n<meta property=\"og:url\" content=\"https:\/\/www.ballettodanceshop.com\/en\/anti-slip-pilates-socks-maddie\/\" \/>\n<meta property=\"og:site_name\" content=\"Balletto Dance Shop\" \/>\n<meta property=\"article:publisher\" content=\"https:\/\/www.facebook.com\/Ballettodanceshop\/\" \/>\n<meta property=\"article:modified_time\" content=\"2026-04-16T08:36:02+00:00\" \/>\n<meta property=\"og:image\" content=\"https:\/\/www.ballettodanceshop.com\/wp-content\/uploads\/2025\/07\/chaussettes-antiderapantes-tavi-maddie.jpg\" \/>\n\t<meta property=\"og:image:width\" content=\"800\" \/>\n\t<meta property=\"og:image:height\" content=\"800\" \/>\n\t<meta property=\"og:image:type\" content=\"image\/jpeg\" \/>\n<meta name=\"twitter:card\" content=\"summary_large_image\" \/>\n<meta name=\"twitter:site\" content=\"@ballettodance\" \/>\n<meta name=\"twitter:label1\" content=\"Estimated reading time\" \/>\n\t<meta name=\"twitter:data1\" content=\"1 minute\" \/>\n<script type=\"application\/ld+json\" class=\"yoast-schema-graph\">{\"@context\":\"https:\\\/\\\/schema.org\",\"@graph\":[{\"@type\":\"WebPage\",\"@id\":\"https:\\\/\\\/www.ballettodanceshop.com\\\/chaussettes-pilates-antiderapantes-maddie\\\/\",\"url\":\"https:\\\/\\\/www.ballettodanceshop.com\\\/chaussettes-pilates-antiderapantes-maddie\\\/\",\"name\":\"Chaussettes Pilates Antid\u00e9rapantes Maddie - Balletto Dance Shop\",\"isPartOf\":{\"@id\":\"https:\\\/\\\/www.ballettodanceshop.com\\\/#website\"},\"primaryImageOfPage\":{\"@id\":\"https:\\\/\\\/www.ballettodanceshop.com\\\/chaussettes-pilates-antiderapantes-maddie\\\/#primaryimage\"},\"image\":{\"@id\":\"https:\\\/\\\/www.ballettodanceshop.com\\\/chaussettes-pilates-antiderapantes-maddie\\\/#primaryimage\"},\"thumbnailUrl\":\"https:\\\/\\\/www.ballettodanceshop.com\\\/wp-content\\\/uploads\\\/2025\\\/07\\\/chaussettes-antiderapantes-tavi-maddie.jpg\",\"datePublished\":\"2021-10-25T08:19:29+00:00\",\"dateModified\":\"2026-04-16T08:36:02+00:00\",\"description\":\"Chaussettes de Pilates et de Lagree antid\u00e9rapantes Tavi Noir\u00ae Maddie. Elles \u00e9pousent parfaitement la forme de vos chevilles et couvre vos pieds.\",\"breadcrumb\":{\"@id\":\"https:\\\/\\\/www.ballettodanceshop.com\\\/chaussettes-pilates-antiderapantes-maddie\\\/#breadcrumb\"},\"inLanguage\":\"en-GB\",\"potentialAction\":[{\"@type\":\"ReadAction\",\"target\":[\"https:\\\/\\\/www.ballettodanceshop.com\\\/chaussettes-pilates-antiderapantes-maddie\\\/\"]}]},{\"@type\":\"ImageObject\",\"inLanguage\":\"en-GB\",\"@id\":\"https:\\\/\\\/www.ballettodanceshop.com\\\/chaussettes-pilates-antiderapantes-maddie\\\/#primaryimage\",\"url\":\"https:\\\/\\\/www.ballettodanceshop.com\\\/wp-content\\\/uploads\\\/2025\\\/07\\\/chaussettes-antiderapantes-tavi-maddie.jpg\",\"contentUrl\":\"https:\\\/\\\/www.ballettodanceshop.com\\\/wp-content\\\/uploads\\\/2025\\\/07\\\/chaussettes-antiderapantes-tavi-maddie.jpg\",\"width\":800,\"height\":800,\"caption\":\"Chaussettes antid\u00e9rapantes Tavi Noir\u00ae Maddie\"},{\"@type\":\"BreadcrumbList\",\"@id\":\"https:\\\/\\\/www.ballettodanceshop.com\\\/chaussettes-pilates-antiderapantes-maddie\\\/#breadcrumb\",\"itemListElement\":[{\"@type\":\"ListItem\",\"position\":1,\"name\":\"Accueil\",\"item\":\"https:\\\/\\\/www.ballettodanceshop.com\\\/\"},{\"@type\":\"ListItem\",\"position\":2,\"name\":\"Produits\",\"item\":\"https:\\\/\\\/www.ballettodanceshop.com\\\/boutique\\\/\"},{\"@type\":\"ListItem\",\"position\":3,\"name\":\"Chaussettes Pilates Antid\u00e9rapantes Maddie\"}]},{\"@type\":\"WebSite\",\"@id\":\"https:\\\/\\\/www.ballettodanceshop.com\\\/#website\",\"url\":\"https:\\\/\\\/www.ballettodanceshop.com\\\/\",\"name\":\"Balletto Dance Shop\",\"description\":\"Keep Dancing !\",\"publisher\":{\"@id\":\"https:\\\/\\\/www.ballettodanceshop.com\\\/#organization\"},\"alternateName\":\"Balletto\",\"potentialAction\":[{\"@type\":\"SearchAction\",\"target\":{\"@type\":\"EntryPoint\",\"urlTemplate\":\"https:\\\/\\\/www.ballettodanceshop.com\\\/?s={search_term_string}\"},\"query-input\":{\"@type\":\"PropertyValueSpecification\",\"valueRequired\":true,\"valueName\":\"search_term_string\"}}],\"inLanguage\":\"en-GB\"},{\"@type\":\"Organization\",\"@id\":\"https:\\\/\\\/www.ballettodanceshop.com\\\/#organization\",\"name\":\"Balletto Dance Shop\",\"alternateName\":\"Balletto\",\"url\":\"https:\\\/\\\/www.ballettodanceshop.com\\\/\",\"logo\":{\"@type\":\"ImageObject\",\"inLanguage\":\"en-GB\",\"@id\":\"https:\\\/\\\/www.ballettodanceshop.com\\\/#\\\/schema\\\/logo\\\/image\\\/\",\"url\":\"https:\\\/\\\/www.ballettodanceshop.com\\\/wp-content\\\/uploads\\\/2025\\\/06\\\/LOGO-1.png\",\"contentUrl\":\"https:\\\/\\\/www.ballettodanceshop.com\\\/wp-content\\\/uploads\\\/2025\\\/06\\\/LOGO-1.png\",\"width\":508,\"height\":209,\"caption\":\"Balletto Dance Shop\"},\"image\":{\"@id\":\"https:\\\/\\\/www.ballettodanceshop.com\\\/#\\\/schema\\\/logo\\\/image\\\/\"},\"sameAs\":[\"https:\\\/\\\/www.facebook.com\\\/Ballettodanceshop\\\/\",\"https:\\\/\\\/x.com\\\/ballettodance\",\"https:\\\/\\\/www.tiktok.com\\\/@ballettodanceshop\",\"https:\\\/\\\/fr.linkedin.com\\\/company\\\/ballettodaneshop\",\"https:\\\/\\\/fr.pinterest.com\\\/ballettodanceshop\\\/\",\"https:\\\/\\\/www.threads.com\\\/@ballettodanceshop\",\"https:\\\/\\\/www.instagram.com\\\/ballettodanceshop\\\/\",\"https:\\\/\\\/www.youtube.com\\\/@ballettodanceshop\"]}]}<\/script>\n<!-- \/ Yoast SEO plugin. -->","yoast_head_json":{"title":"Non-slip Pilates Socks Maddie - Balletto Dance Shop","description":"Tavi Noir\u00ae Maddie Non-Slip Pilates and Lagree Socks. They hug your ankles perfectly and cover your feet.","robots":{"index":"index","follow":"follow","max-snippet":"max-snippet:-1","max-image-preview":"max-image-preview:large","max-video-preview":"max-video-preview:-1"},"canonical":"https:\/\/www.ballettodanceshop.com\/en\/anti-slip-pilates-socks-maddie\/","og_locale":"en_GB","og_type":"article","og_title":"Chaussettes Pilates Antid\u00e9rapantes Maddie - Balletto Dance Shop","og_description":"Chaussettes de Pilates et de Lagree antid\u00e9rapantes Tavi Noir\u00ae Maddie. Elles \u00e9pousent parfaitement la forme de vos chevilles et couvre vos pieds.","og_url":"https:\/\/www.ballettodanceshop.com\/en\/anti-slip-pilates-socks-maddie\/","og_site_name":"Balletto Dance Shop","article_publisher":"https:\/\/www.facebook.com\/Ballettodanceshop\/","article_modified_time":"2026-04-16T08:36:02+00:00","og_image":[{"width":800,"height":800,"url":"https:\/\/www.ballettodanceshop.com\/wp-content\/uploads\/2025\/07\/chaussettes-antiderapantes-tavi-maddie.jpg","type":"image\/jpeg"}],"twitter_card":"summary_large_image","twitter_site":"@ballettodance","twitter_misc":{"Estimated reading time":"1 minute"},"schema":{"@context":"https:\/\/schema.org","@graph":[{"@type":"WebPage","@id":"https:\/\/www.ballettodanceshop.com\/chaussettes-pilates-antiderapantes-maddie\/","url":"https:\/\/www.ballettodanceshop.com\/chaussettes-pilates-antiderapantes-maddie\/","name":"Non-slip Pilates Socks Maddie - Balletto Dance Shop","isPartOf":{"@id":"https:\/\/www.ballettodanceshop.com\/#website"},"primaryImageOfPage":{"@id":"https:\/\/www.ballettodanceshop.com\/chaussettes-pilates-antiderapantes-maddie\/#primaryimage"},"image":{"@id":"https:\/\/www.ballettodanceshop.com\/chaussettes-pilates-antiderapantes-maddie\/#primaryimage"},"thumbnailUrl":"https:\/\/www.ballettodanceshop.com\/wp-content\/uploads\/2025\/07\/chaussettes-antiderapantes-tavi-maddie.jpg","datePublished":"2021-10-25T08:19:29+00:00","dateModified":"2026-04-16T08:36:02+00:00","description":"Tavi Noir\u00ae Maddie Non-Slip Pilates and Lagree Socks. They hug your ankles perfectly and cover your feet.","breadcrumb":{"@id":"https:\/\/www.ballettodanceshop.com\/chaussettes-pilates-antiderapantes-maddie\/#breadcrumb"},"inLanguage":"en-GB","potentialAction":[{"@type":"ReadAction","target":["https:\/\/www.ballettodanceshop.com\/chaussettes-pilates-antiderapantes-maddie\/"]}]},{"@type":"ImageObject","inLanguage":"en-GB","@id":"https:\/\/www.ballettodanceshop.com\/chaussettes-pilates-antiderapantes-maddie\/#primaryimage","url":"https:\/\/www.ballettodanceshop.com\/wp-content\/uploads\/2025\/07\/chaussettes-antiderapantes-tavi-maddie.jpg","contentUrl":"https:\/\/www.ballettodanceshop.com\/wp-content\/uploads\/2025\/07\/chaussettes-antiderapantes-tavi-maddie.jpg","width":800,"height":800,"caption":"Chaussettes antid\u00e9rapantes Tavi Noir\u00ae Maddie"},{"@type":"BreadcrumbList","@id":"https:\/\/www.ballettodanceshop.com\/chaussettes-pilates-antiderapantes-maddie\/#breadcrumb","itemListElement":[{"@type":"ListItem","position":1,"name":"Accueil","item":"https:\/\/www.ballettodanceshop.com\/"},{"@type":"ListItem","position":2,"name":"Produits","item":"https:\/\/www.ballettodanceshop.com\/boutique\/"},{"@type":"ListItem","position":3,"name":"Chaussettes Pilates Antid\u00e9rapantes Maddie"}]},{"@type":"WebSite","@id":"https:\/\/www.ballettodanceshop.com\/#website","url":"https:\/\/www.ballettodanceshop.com\/","name":"Balletto Dance Shop","description":"Keep Dancing!","publisher":{"@id":"https:\/\/www.ballettodanceshop.com\/#organization"},"alternateName":"Balletto","potentialAction":[{"@type":"SearchAction","target":{"@type":"EntryPoint","urlTemplate":"https:\/\/www.ballettodanceshop.com\/?s={search_term_string}"},"query-input":{"@type":"PropertyValueSpecification","valueRequired":true,"valueName":"search_term_string"}}],"inLanguage":"en-GB"},{"@type":"Organization","@id":"https:\/\/www.ballettodanceshop.com\/#organization","name":"Balletto Dance Shop","alternateName":"Balletto","url":"https:\/\/www.ballettodanceshop.com\/","logo":{"@type":"ImageObject","inLanguage":"en-GB","@id":"https:\/\/www.ballettodanceshop.com\/#\/schema\/logo\/image\/","url":"https:\/\/www.ballettodanceshop.com\/wp-content\/uploads\/2025\/06\/LOGO-1.png","contentUrl":"https:\/\/www.ballettodanceshop.com\/wp-content\/uploads\/2025\/06\/LOGO-1.png","width":508,"height":209,"caption":"Balletto Dance Shop"},"image":{"@id":"https:\/\/www.ballettodanceshop.com\/#\/schema\/logo\/image\/"},"sameAs":["https:\/\/www.facebook.com\/Ballettodanceshop\/","https:\/\/x.com\/ballettodance","https:\/\/www.tiktok.com\/@ballettodanceshop","https:\/\/fr.linkedin.com\/company\/ballettodaneshop","https:\/\/fr.pinterest.com\/ballettodanceshop\/","https:\/\/www.threads.com\/@ballettodanceshop","https:\/\/www.instagram.com\/ballettodanceshop\/","https:\/\/www.youtube.com\/@ballettodanceshop"]}]}},"_links":{"self":[{"href":"https:\/\/www.ballettodanceshop.com\/en\/wp-json\/wp\/v2\/product\/56523","targetHints":{"allow":["GET"]}}],"collection":[{"href":"https:\/\/www.ballettodanceshop.com\/en\/wp-json\/wp\/v2\/product"}],"about":[{"href":"https:\/\/www.ballettodanceshop.com\/en\/wp-json\/wp\/v2\/types\/product"}],"replies":[{"embeddable":true,"href":"https:\/\/www.ballettodanceshop.com\/en\/wp-json\/wp\/v2\/comments?post=56523"}],"wp:featuredmedia":[{"embeddable":true,"href":"https:\/\/www.ballettodanceshop.com\/en\/wp-json\/wp\/v2\/media\/10954"}],"wp:attachment":[{"href":"https:\/\/www.ballettodanceshop.com\/en\/wp-json\/wp\/v2\/media?parent=56523"}],"wp:term":[{"taxonomy":"product_brand","embeddable":true,"href":"https:\/\/www.ballettodanceshop.com\/en\/wp-json\/wp\/v2\/product_brand?post=56523"},{"taxonomy":"product_cat","embeddable":true,"href":"https:\/\/www.ballettodanceshop.com\/en\/wp-json\/wp\/v2\/product_cat?post=56523"},{"taxonomy":"product_tag","embeddable":true,"href":"https:\/\/www.ballettodanceshop.com\/en\/wp-json\/wp\/v2\/product_tag?post=56523"}],"curies":[{"name":"wp","href":"https:\/\/api.w.org\/{rel}","templated":true}]}}