{"id":56516,"date":"2021-10-21T20:52:12","date_gmt":"2021-10-21T18:52:12","guid":{"rendered":"https:\/\/www.ballettodanceshop.com\/doudoune-sans-manches-balletto\/"},"modified":"2025-08-24T17:51:39","modified_gmt":"2025-08-24T15:51:39","slug":"balletto-sleeveless-down-jacket","status":"publish","type":"product","link":"https:\/\/www.ballettodanceshop.com\/en\/doudoune-sans-manches-balletto\/","title":{"rendered":"Balletto Sleeveless Coat"},"content":{"rendered":"<p><strong>Balletto Sleeveless Coat<\/strong><\/p>\n<div class=\"product__properties--item\"><span class=\"t-text u-bold u-blue\">Responsible down<\/span><\/div>\n<div class=\"product__properties--item\">\n<div class=\"product__properties--border\">Heat level: light<\/div>\n<\/div>\n<div class=\"product__properties--border\">Waterproof<\/div>\n<div class=\"product__properties--item\"><span class=\"t-text u-bold u-blue\">Windbreaker<\/span><\/div>\n<p>Filling: 90% down, 10% feather.<\/p>\n<p>Designed in France<\/p>","protected":false},"excerpt":{"rendered":"<p>Un must have pour tous les danseurs et les danseuses.<\/p>\n<p>Cette doudoune mixte est id\u00e9ale \u00e0 porter pour vous rendre \u00e0 vos entra\u00eenements, pour votre \u00e9chauffement ou pour un look sport-chic moderne au quotidien.<\/p>\n<p>Sleeveless down jacket embroidered with Balletto gold thread.<\/p>\n<p>Small stand-up collar.<\/p>\n<p>Water-repellent quilted fabric.<\/p>\n<p>Garnissage en plumes et duvet \u00e9thique certifi\u00e9 pour vous prot\u00e9ger du vent et du froid.<\/p>\n<p>It keeps the whole body warm, while ensuring optimum freedom of movement.<\/p>\n<p>Invisible double-zipped pocket and double inside pocket. Slightly high collar.<\/p>\n<p>Supplied with storage bag.<\/p>\n<p>It will be your ally in all circumstances.<\/p>","protected":false},"featured_media":10915,"comment_status":"open","ping_status":"open","template":"","meta":{"_acf_changed":false},"product_brand":[],"product_cat":[104,111,107,103,156,65,93,114,118,119,115,120,116,121,117,19,25,26,392,23,123,124,68,61,340,89,91,105,109,62,101,308],"product_tag":[789],"class_list":{"0":"post-56516","1":"product","2":"type-product","3":"status-publish","4":"has-post-thumbnail","6":"product_cat-accessoires-athleisure","7":"product_cat-athleisure-yoga-gym-pilates-filles","8":"product_cat-athleisure-yoga-gym-pilates","9":"product_cat-athleisure","10":"product_cat-best-sellers","11":"product_cat-classique-filles","12":"product_cat-classique-garcons","13":"product_cat-echauffement","14":"product_cat-echauffements-classique-hommes","15":"product_cat-echauffements-jazz-garcons","16":"product_cat-echauffements-jazz","17":"product_cat-echauffements","18":"product_cat-echauffements-classique-garcons","19":"product_cat-echauffements-jazz-filles","20":"product_cat-echauffements-classique-filles","21":"product_cat-femmes","22":"product_cat-filles","23":"product_cat-garcons","24":"product_cat-haut","25":"product_cat-hommes","26":"product_cat-idees-cadeaux-hommes","27":"product_cat-idees-cadeaux-garcons","28":"product_cat-idees-cadeaux-filles","29":"product_cat-idees-cadeaux","30":"product_cat-inspiration","31":"product_cat-jazz-hommes","32":"product_cat-jazz","33":"product_cat-jazz-garcons","34":"product_cat-jazz-filles","35":"product_cat-classique","36":"product_cat-classique-hommes","37":"product_cat-tops-athleisure","38":"product_tag-livraison-sous-1-semaine","40":"first","41":"instock","42":"taxable","43":"shipping-taxable","44":"purchasable","45":"product-type-variable"},"acf":[],"yoast_head":"<!-- This site is optimized with the Yoast SEO plugin v27.4 - https:\/\/yoast.com\/product\/yoast-seo-wordpress\/ -->\n<title>Doudoune Sans Manches Balletto - Balletto Dance Shop<\/title>\n<meta name=\"description\" content=\"DOUDOUNE ATHLEISURE SANS MANCHES BALLETTO. Indispensable pour tous les danseurs et les sportifs. Parfaite pour fl\u00e2ner en ville.\" \/>\n<meta name=\"robots\" content=\"index, follow, max-snippet:-1, max-image-preview:large, max-video-preview:-1\" \/>\n<link rel=\"canonical\" href=\"https:\/\/www.ballettodanceshop.com\/en\/balletto-sleeveless-down-jacket\/\" \/>\n<meta property=\"og:locale\" content=\"en_GB\" \/>\n<meta property=\"og:type\" content=\"article\" \/>\n<meta property=\"og:title\" content=\"Doudoune Sans Manches Balletto - Balletto Dance Shop\" \/>\n<meta property=\"og:description\" content=\"DOUDOUNE ATHLEISURE SANS MANCHES BALLETTO. Indispensable pour tous les danseurs et les sportifs. Parfaite pour fl\u00e2ner en ville.\" \/>\n<meta property=\"og:url\" content=\"https:\/\/www.ballettodanceshop.com\/en\/balletto-sleeveless-down-jacket\/\" \/>\n<meta property=\"og:site_name\" content=\"Balletto Dance Shop\" \/>\n<meta property=\"article:publisher\" content=\"https:\/\/www.facebook.com\/Ballettodanceshop\/\" \/>\n<meta property=\"article:modified_time\" content=\"2025-08-24T15:51:39+00:00\" \/>\n<meta property=\"og:image\" content=\"https:\/\/www.ballettodanceshop.com\/wp-content\/uploads\/2025\/07\/9a2b7737-0d16-4c02-9d44-45af7184bfc8.jpeg\" \/>\n\t<meta property=\"og:image:width\" content=\"768\" \/>\n\t<meta property=\"og:image:height\" content=\"1024\" \/>\n\t<meta property=\"og:image:type\" content=\"image\/jpeg\" \/>\n<meta name=\"twitter:card\" content=\"summary_large_image\" \/>\n<meta name=\"twitter:site\" content=\"@ballettodance\" \/>\n<script type=\"application\/ld+json\" class=\"yoast-schema-graph\">{\"@context\":\"https:\\\/\\\/schema.org\",\"@graph\":[{\"@type\":\"WebPage\",\"@id\":\"https:\\\/\\\/www.ballettodanceshop.com\\\/doudoune-sans-manches-balletto\\\/\",\"url\":\"https:\\\/\\\/www.ballettodanceshop.com\\\/doudoune-sans-manches-balletto\\\/\",\"name\":\"Doudoune Sans Manches Balletto - Balletto Dance Shop\",\"isPartOf\":{\"@id\":\"https:\\\/\\\/www.ballettodanceshop.com\\\/#website\"},\"primaryImageOfPage\":{\"@id\":\"https:\\\/\\\/www.ballettodanceshop.com\\\/doudoune-sans-manches-balletto\\\/#primaryimage\"},\"image\":{\"@id\":\"https:\\\/\\\/www.ballettodanceshop.com\\\/doudoune-sans-manches-balletto\\\/#primaryimage\"},\"thumbnailUrl\":\"https:\\\/\\\/www.ballettodanceshop.com\\\/wp-content\\\/uploads\\\/2025\\\/07\\\/9a2b7737-0d16-4c02-9d44-45af7184bfc8.jpeg\",\"datePublished\":\"2021-10-21T18:52:12+00:00\",\"dateModified\":\"2025-08-24T15:51:39+00:00\",\"description\":\"DOUDOUNE ATHLEISURE SANS MANCHES BALLETTO. Indispensable pour tous les danseurs et les sportifs. Parfaite pour fl\u00e2ner en ville.\",\"breadcrumb\":{\"@id\":\"https:\\\/\\\/www.ballettodanceshop.com\\\/doudoune-sans-manches-balletto\\\/#breadcrumb\"},\"inLanguage\":\"en-GB\",\"potentialAction\":[{\"@type\":\"ReadAction\",\"target\":[\"https:\\\/\\\/www.ballettodanceshop.com\\\/doudoune-sans-manches-balletto\\\/\"]}]},{\"@type\":\"ImageObject\",\"inLanguage\":\"en-GB\",\"@id\":\"https:\\\/\\\/www.ballettodanceshop.com\\\/doudoune-sans-manches-balletto\\\/#primaryimage\",\"url\":\"https:\\\/\\\/www.ballettodanceshop.com\\\/wp-content\\\/uploads\\\/2025\\\/07\\\/9a2b7737-0d16-4c02-9d44-45af7184bfc8.jpeg\",\"contentUrl\":\"https:\\\/\\\/www.ballettodanceshop.com\\\/wp-content\\\/uploads\\\/2025\\\/07\\\/9a2b7737-0d16-4c02-9d44-45af7184bfc8.jpeg\",\"width\":768,\"height\":1024,\"caption\":\"Doudoune Mixte sans manches Balletto\"},{\"@type\":\"BreadcrumbList\",\"@id\":\"https:\\\/\\\/www.ballettodanceshop.com\\\/doudoune-sans-manches-balletto\\\/#breadcrumb\",\"itemListElement\":[{\"@type\":\"ListItem\",\"position\":1,\"name\":\"Accueil\",\"item\":\"https:\\\/\\\/www.ballettodanceshop.com\\\/\"},{\"@type\":\"ListItem\",\"position\":2,\"name\":\"Produits\",\"item\":\"https:\\\/\\\/www.ballettodanceshop.com\\\/boutique\\\/\"},{\"@type\":\"ListItem\",\"position\":3,\"name\":\"Doudoune Sans Manches Balletto\"}]},{\"@type\":\"WebSite\",\"@id\":\"https:\\\/\\\/www.ballettodanceshop.com\\\/#website\",\"url\":\"https:\\\/\\\/www.ballettodanceshop.com\\\/\",\"name\":\"Balletto Dance Shop\",\"description\":\"Keep Dancing !\",\"publisher\":{\"@id\":\"https:\\\/\\\/www.ballettodanceshop.com\\\/#organization\"},\"alternateName\":\"Balletto\",\"potentialAction\":[{\"@type\":\"SearchAction\",\"target\":{\"@type\":\"EntryPoint\",\"urlTemplate\":\"https:\\\/\\\/www.ballettodanceshop.com\\\/?s={search_term_string}\"},\"query-input\":{\"@type\":\"PropertyValueSpecification\",\"valueRequired\":true,\"valueName\":\"search_term_string\"}}],\"inLanguage\":\"en-GB\"},{\"@type\":\"Organization\",\"@id\":\"https:\\\/\\\/www.ballettodanceshop.com\\\/#organization\",\"name\":\"Balletto Dance Shop\",\"alternateName\":\"Balletto\",\"url\":\"https:\\\/\\\/www.ballettodanceshop.com\\\/\",\"logo\":{\"@type\":\"ImageObject\",\"inLanguage\":\"en-GB\",\"@id\":\"https:\\\/\\\/www.ballettodanceshop.com\\\/#\\\/schema\\\/logo\\\/image\\\/\",\"url\":\"https:\\\/\\\/www.ballettodanceshop.com\\\/wp-content\\\/uploads\\\/2025\\\/06\\\/LOGO-1.png\",\"contentUrl\":\"https:\\\/\\\/www.ballettodanceshop.com\\\/wp-content\\\/uploads\\\/2025\\\/06\\\/LOGO-1.png\",\"width\":508,\"height\":209,\"caption\":\"Balletto Dance Shop\"},\"image\":{\"@id\":\"https:\\\/\\\/www.ballettodanceshop.com\\\/#\\\/schema\\\/logo\\\/image\\\/\"},\"sameAs\":[\"https:\\\/\\\/www.facebook.com\\\/Ballettodanceshop\\\/\",\"https:\\\/\\\/x.com\\\/ballettodance\",\"https:\\\/\\\/www.tiktok.com\\\/@ballettodanceshop\",\"https:\\\/\\\/fr.linkedin.com\\\/company\\\/ballettodaneshop\",\"https:\\\/\\\/fr.pinterest.com\\\/ballettodanceshop\\\/\",\"https:\\\/\\\/www.threads.com\\\/@ballettodanceshop\",\"https:\\\/\\\/www.instagram.com\\\/ballettodanceshop\\\/\",\"https:\\\/\\\/www.youtube.com\\\/@ballettodanceshop\"]}]}<\/script>\n<!-- \/ Yoast SEO plugin. -->","yoast_head_json":{"title":"Balletto Sleeveless Down Jacket - Balletto Dance Shop","description":"DOUDOUNE ATHLEISURE SANS MANCHES BALLETTO. Indispensable pour tous les danseurs et les sportifs. Parfaite pour fl\u00e2ner en ville.","robots":{"index":"index","follow":"follow","max-snippet":"max-snippet:-1","max-image-preview":"max-image-preview:large","max-video-preview":"max-video-preview:-1"},"canonical":"https:\/\/www.ballettodanceshop.com\/en\/balletto-sleeveless-down-jacket\/","og_locale":"en_GB","og_type":"article","og_title":"Doudoune Sans Manches Balletto - Balletto Dance Shop","og_description":"DOUDOUNE ATHLEISURE SANS MANCHES BALLETTO. Indispensable pour tous les danseurs et les sportifs. Parfaite pour fl\u00e2ner en ville.","og_url":"https:\/\/www.ballettodanceshop.com\/en\/balletto-sleeveless-down-jacket\/","og_site_name":"Balletto Dance Shop","article_publisher":"https:\/\/www.facebook.com\/Ballettodanceshop\/","article_modified_time":"2025-08-24T15:51:39+00:00","og_image":[{"width":768,"height":1024,"url":"https:\/\/www.ballettodanceshop.com\/wp-content\/uploads\/2025\/07\/9a2b7737-0d16-4c02-9d44-45af7184bfc8.jpeg","type":"image\/jpeg"}],"twitter_card":"summary_large_image","twitter_site":"@ballettodance","schema":{"@context":"https:\/\/schema.org","@graph":[{"@type":"WebPage","@id":"https:\/\/www.ballettodanceshop.com\/doudoune-sans-manches-balletto\/","url":"https:\/\/www.ballettodanceshop.com\/doudoune-sans-manches-balletto\/","name":"Balletto Sleeveless Down Jacket - Balletto Dance Shop","isPartOf":{"@id":"https:\/\/www.ballettodanceshop.com\/#website"},"primaryImageOfPage":{"@id":"https:\/\/www.ballettodanceshop.com\/doudoune-sans-manches-balletto\/#primaryimage"},"image":{"@id":"https:\/\/www.ballettodanceshop.com\/doudoune-sans-manches-balletto\/#primaryimage"},"thumbnailUrl":"https:\/\/www.ballettodanceshop.com\/wp-content\/uploads\/2025\/07\/9a2b7737-0d16-4c02-9d44-45af7184bfc8.jpeg","datePublished":"2021-10-21T18:52:12+00:00","dateModified":"2025-08-24T15:51:39+00:00","description":"DOUDOUNE ATHLEISURE SANS MANCHES BALLETTO. Indispensable pour tous les danseurs et les sportifs. Parfaite pour fl\u00e2ner en ville.","breadcrumb":{"@id":"https:\/\/www.ballettodanceshop.com\/doudoune-sans-manches-balletto\/#breadcrumb"},"inLanguage":"en-GB","potentialAction":[{"@type":"ReadAction","target":["https:\/\/www.ballettodanceshop.com\/doudoune-sans-manches-balletto\/"]}]},{"@type":"ImageObject","inLanguage":"en-GB","@id":"https:\/\/www.ballettodanceshop.com\/doudoune-sans-manches-balletto\/#primaryimage","url":"https:\/\/www.ballettodanceshop.com\/wp-content\/uploads\/2025\/07\/9a2b7737-0d16-4c02-9d44-45af7184bfc8.jpeg","contentUrl":"https:\/\/www.ballettodanceshop.com\/wp-content\/uploads\/2025\/07\/9a2b7737-0d16-4c02-9d44-45af7184bfc8.jpeg","width":768,"height":1024,"caption":"Doudoune Mixte sans manches Balletto"},{"@type":"BreadcrumbList","@id":"https:\/\/www.ballettodanceshop.com\/doudoune-sans-manches-balletto\/#breadcrumb","itemListElement":[{"@type":"ListItem","position":1,"name":"Accueil","item":"https:\/\/www.ballettodanceshop.com\/"},{"@type":"ListItem","position":2,"name":"Produits","item":"https:\/\/www.ballettodanceshop.com\/boutique\/"},{"@type":"ListItem","position":3,"name":"Doudoune Sans Manches Balletto"}]},{"@type":"WebSite","@id":"https:\/\/www.ballettodanceshop.com\/#website","url":"https:\/\/www.ballettodanceshop.com\/","name":"Balletto Dance Shop","description":"Keep Dancing!","publisher":{"@id":"https:\/\/www.ballettodanceshop.com\/#organization"},"alternateName":"Balletto","potentialAction":[{"@type":"SearchAction","target":{"@type":"EntryPoint","urlTemplate":"https:\/\/www.ballettodanceshop.com\/?s={search_term_string}"},"query-input":{"@type":"PropertyValueSpecification","valueRequired":true,"valueName":"search_term_string"}}],"inLanguage":"en-GB"},{"@type":"Organization","@id":"https:\/\/www.ballettodanceshop.com\/#organization","name":"Balletto Dance Shop","alternateName":"Balletto","url":"https:\/\/www.ballettodanceshop.com\/","logo":{"@type":"ImageObject","inLanguage":"en-GB","@id":"https:\/\/www.ballettodanceshop.com\/#\/schema\/logo\/image\/","url":"https:\/\/www.ballettodanceshop.com\/wp-content\/uploads\/2025\/06\/LOGO-1.png","contentUrl":"https:\/\/www.ballettodanceshop.com\/wp-content\/uploads\/2025\/06\/LOGO-1.png","width":508,"height":209,"caption":"Balletto Dance Shop"},"image":{"@id":"https:\/\/www.ballettodanceshop.com\/#\/schema\/logo\/image\/"},"sameAs":["https:\/\/www.facebook.com\/Ballettodanceshop\/","https:\/\/x.com\/ballettodance","https:\/\/www.tiktok.com\/@ballettodanceshop","https:\/\/fr.linkedin.com\/company\/ballettodaneshop","https:\/\/fr.pinterest.com\/ballettodanceshop\/","https:\/\/www.threads.com\/@ballettodanceshop","https:\/\/www.instagram.com\/ballettodanceshop\/","https:\/\/www.youtube.com\/@ballettodanceshop"]}]}},"_links":{"self":[{"href":"https:\/\/www.ballettodanceshop.com\/en\/wp-json\/wp\/v2\/product\/56516","targetHints":{"allow":["GET"]}}],"collection":[{"href":"https:\/\/www.ballettodanceshop.com\/en\/wp-json\/wp\/v2\/product"}],"about":[{"href":"https:\/\/www.ballettodanceshop.com\/en\/wp-json\/wp\/v2\/types\/product"}],"replies":[{"embeddable":true,"href":"https:\/\/www.ballettodanceshop.com\/en\/wp-json\/wp\/v2\/comments?post=56516"}],"wp:featuredmedia":[{"embeddable":true,"href":"https:\/\/www.ballettodanceshop.com\/en\/wp-json\/wp\/v2\/media\/10915"}],"wp:attachment":[{"href":"https:\/\/www.ballettodanceshop.com\/en\/wp-json\/wp\/v2\/media?parent=56516"}],"wp:term":[{"taxonomy":"product_brand","embeddable":true,"href":"https:\/\/www.ballettodanceshop.com\/en\/wp-json\/wp\/v2\/product_brand?post=56516"},{"taxonomy":"product_cat","embeddable":true,"href":"https:\/\/www.ballettodanceshop.com\/en\/wp-json\/wp\/v2\/product_cat?post=56516"},{"taxonomy":"product_tag","embeddable":true,"href":"https:\/\/www.ballettodanceshop.com\/en\/wp-json\/wp\/v2\/product_tag?post=56516"}],"curies":[{"name":"wp","href":"https:\/\/api.w.org\/{rel}","templated":true}]}}