{"id":56493,"date":"2021-10-13T10:55:13","date_gmt":"2021-10-13T08:55:13","guid":{"rendered":"https:\/\/www.ballettodanceshop.com\/chaussettes-charcoal-antiderapantes\/"},"modified":"2026-03-20T07:18:39","modified_gmt":"2026-03-20T06:18:39","slug":"charcoal-non-slip-socks","status":"publish","type":"product","link":"https:\/\/www.ballettodanceshop.com\/en\/chaussettes-charcoal-antiderapantes\/","title":{"rendered":"Charcoal non-slip socks"},"content":{"rendered":"<p><strong>Charcoal non-slip socks<\/strong><\/p>\n<p>R151<\/p>\n<p>Charcoal non-slip socks.<\/p>\n<p>Innovatively designed, our high-quality Charcoal socks provide support and comfort.<\/p>\n<p>Non-slip silicone lines, internal grip, arch compression.<\/p>\n<ul>\n<li>Material 90% Nylon und 10% Elasthan<\/li>\n<li>Washable at 30\u00b0.<\/li>\n<\/ul>\n<p><strong>Made in Italy<\/strong><\/p>\n<p>&nbsp;<\/p>","protected":false},"excerpt":{"rendered":"<p>Premium non-slip charcoal socks.<\/p>\n<p>Con\u00e7ues de fa\u00e7on innovante, elles vous apportent soutien et confort.<\/p>\n<p>Non-slip silicone lines, internal grip, arch compression.<\/p>\n<p>Peuvent \u00eatre utilis\u00e9e non seulement en danse, mais aussi en cours de yoga, de pilates, de Lagree ou de gym ou tout simplement chez vous pour \u00e9viter de rester pieds nus.<\/p>\n<p>Feet stay warm and don't slip.<\/p>","protected":false},"featured_media":10883,"comment_status":"open","ping_status":"closed","template":"","meta":{"_acf_changed":false},"product_brand":[],"product_cat":[110,92,106,98,108,151,111,107,103,238,239,240,112,114,19,25,26,23,123,124,61,68,109,91,105,89,149,97],"product_tag":[786],"class_list":{"0":"post-56493","1":"product","2":"type-product","3":"status-publish","4":"has-post-thumbnail","6":"product_cat-accessoires-jazz-filles","7":"product_cat-accessoires-jazz","8":"product_cat-accessoires-jazz-garcons","9":"product_cat-accessoires-contemporain","10":"product_cat-accessoires-athleisure-yoga-gym-pilates","11":"product_cat-accessoires-contemporain-filles","12":"product_cat-athleisure-yoga-gym-pilates-filles","13":"product_cat-athleisure-yoga-gym-pilates","14":"product_cat-athleisure","15":"product_cat-chaussons-de-jazz-jazz-garcons","16":"product_cat-chaussons-de-jazz-jazz-filles","17":"product_cat-chaussons-de-jazz-jazz-hommes","18":"product_cat-contemporain-filles","19":"product_cat-echauffement","20":"product_cat-femmes","21":"product_cat-filles","22":"product_cat-garcons","23":"product_cat-hommes","24":"product_cat-idees-cadeaux-hommes","25":"product_cat-idees-cadeaux-garcons","26":"product_cat-idees-cadeaux","27":"product_cat-idees-cadeaux-filles","28":"product_cat-jazz-filles","29":"product_cat-jazz","30":"product_cat-jazz-garcons","31":"product_cat-jazz-hommes","32":"product_cat-rumpf","33":"product_cat-contemporain","34":"product_tag-livraison-24-a-48h","36":"first","37":"instock","38":"taxable","39":"shipping-taxable","40":"purchasable","41":"product-type-variable"},"acf":[],"yoast_head":"<!-- This site is optimized with the Yoast SEO plugin v27.4 - https:\/\/yoast.com\/product\/yoast-seo-wordpress\/ -->\n<title>Chaussettes Charcoal Antid\u00e9rapantes - Balletto Dance Shop<\/title>\n<meta name=\"description\" content=\"Chaussettes de danse, yoga et pil\u00e2tes Antid\u00e9rapantes. Con\u00e7ues de fa\u00e7on innovante, elles apportent soutien et confort. Lignes silicones antid\u00e9rapantes.\" \/>\n<meta name=\"robots\" content=\"index, follow, max-snippet:-1, max-image-preview:large, max-video-preview:-1\" \/>\n<link rel=\"canonical\" href=\"https:\/\/www.ballettodanceshop.com\/en\/charcoal-non-slip-socks\/\" \/>\n<meta property=\"og:locale\" content=\"en_GB\" \/>\n<meta property=\"og:type\" content=\"article\" \/>\n<meta property=\"og:title\" content=\"Chaussettes Charcoal Antid\u00e9rapantes - Balletto Dance Shop\" \/>\n<meta property=\"og:description\" content=\"Chaussettes de danse, yoga et pil\u00e2tes Antid\u00e9rapantes. Con\u00e7ues de fa\u00e7on innovante, elles apportent soutien et confort. Lignes silicones antid\u00e9rapantes.\" \/>\n<meta property=\"og:url\" content=\"https:\/\/www.ballettodanceshop.com\/en\/charcoal-non-slip-socks\/\" \/>\n<meta property=\"og:site_name\" content=\"Balletto Dance Shop\" \/>\n<meta property=\"article:publisher\" content=\"https:\/\/www.facebook.com\/Ballettodanceshop\/\" \/>\n<meta property=\"article:modified_time\" content=\"2026-03-20T06:18:39+00:00\" \/>\n<meta property=\"og:image\" content=\"https:\/\/www.ballettodanceshop.com\/wp-content\/uploads\/2025\/07\/Chaussettes_Pilates_Antiderapentes_Ballettodanceshop_Noir.jpg\" \/>\n\t<meta property=\"og:image:width\" content=\"1349\" \/>\n\t<meta property=\"og:image:height\" content=\"1932\" \/>\n\t<meta property=\"og:image:type\" content=\"image\/jpeg\" \/>\n<meta name=\"twitter:card\" content=\"summary_large_image\" \/>\n<meta name=\"twitter:site\" content=\"@ballettodance\" \/>\n<meta name=\"twitter:label1\" content=\"Estimated reading time\" \/>\n\t<meta name=\"twitter:data1\" content=\"1 minute\" \/>\n<script type=\"application\/ld+json\" class=\"yoast-schema-graph\">{\"@context\":\"https:\\\/\\\/schema.org\",\"@graph\":[{\"@type\":\"WebPage\",\"@id\":\"https:\\\/\\\/www.ballettodanceshop.com\\\/chaussettes-charcoal-antiderapantes\\\/\",\"url\":\"https:\\\/\\\/www.ballettodanceshop.com\\\/chaussettes-charcoal-antiderapantes\\\/\",\"name\":\"Chaussettes Charcoal Antid\u00e9rapantes - Balletto Dance Shop\",\"isPartOf\":{\"@id\":\"https:\\\/\\\/www.ballettodanceshop.com\\\/#website\"},\"primaryImageOfPage\":{\"@id\":\"https:\\\/\\\/www.ballettodanceshop.com\\\/chaussettes-charcoal-antiderapantes\\\/#primaryimage\"},\"image\":{\"@id\":\"https:\\\/\\\/www.ballettodanceshop.com\\\/chaussettes-charcoal-antiderapantes\\\/#primaryimage\"},\"thumbnailUrl\":\"https:\\\/\\\/www.ballettodanceshop.com\\\/wp-content\\\/uploads\\\/2025\\\/07\\\/Chaussettes_Pilates_Antiderapentes_Ballettodanceshop_Noir.jpg\",\"datePublished\":\"2021-10-13T08:55:13+00:00\",\"dateModified\":\"2026-03-20T06:18:39+00:00\",\"description\":\"Chaussettes de danse, yoga et pil\u00e2tes Antid\u00e9rapantes. Con\u00e7ues de fa\u00e7on innovante, elles apportent soutien et confort. Lignes silicones antid\u00e9rapantes.\",\"breadcrumb\":{\"@id\":\"https:\\\/\\\/www.ballettodanceshop.com\\\/chaussettes-charcoal-antiderapantes\\\/#breadcrumb\"},\"inLanguage\":\"en-GB\",\"potentialAction\":[{\"@type\":\"ReadAction\",\"target\":[\"https:\\\/\\\/www.ballettodanceshop.com\\\/chaussettes-charcoal-antiderapantes\\\/\"]}]},{\"@type\":\"ImageObject\",\"inLanguage\":\"en-GB\",\"@id\":\"https:\\\/\\\/www.ballettodanceshop.com\\\/chaussettes-charcoal-antiderapantes\\\/#primaryimage\",\"url\":\"https:\\\/\\\/www.ballettodanceshop.com\\\/wp-content\\\/uploads\\\/2025\\\/07\\\/Chaussettes_Pilates_Antiderapentes_Ballettodanceshop_Noir.jpg\",\"contentUrl\":\"https:\\\/\\\/www.ballettodanceshop.com\\\/wp-content\\\/uploads\\\/2025\\\/07\\\/Chaussettes_Pilates_Antiderapentes_Ballettodanceshop_Noir.jpg\",\"width\":1349,\"height\":1932,\"caption\":\"Chaussettes charcoal antid\u00e9rapantes Lagree\"},{\"@type\":\"BreadcrumbList\",\"@id\":\"https:\\\/\\\/www.ballettodanceshop.com\\\/chaussettes-charcoal-antiderapantes\\\/#breadcrumb\",\"itemListElement\":[{\"@type\":\"ListItem\",\"position\":1,\"name\":\"Accueil\",\"item\":\"https:\\\/\\\/www.ballettodanceshop.com\\\/\"},{\"@type\":\"ListItem\",\"position\":2,\"name\":\"Produits\",\"item\":\"https:\\\/\\\/www.ballettodanceshop.com\\\/boutique\\\/\"},{\"@type\":\"ListItem\",\"position\":3,\"name\":\"Chaussettes Charcoal Antid\u00e9rapantes\"}]},{\"@type\":\"WebSite\",\"@id\":\"https:\\\/\\\/www.ballettodanceshop.com\\\/#website\",\"url\":\"https:\\\/\\\/www.ballettodanceshop.com\\\/\",\"name\":\"Balletto Dance Shop\",\"description\":\"Keep Dancing !\",\"publisher\":{\"@id\":\"https:\\\/\\\/www.ballettodanceshop.com\\\/#organization\"},\"alternateName\":\"Balletto\",\"potentialAction\":[{\"@type\":\"SearchAction\",\"target\":{\"@type\":\"EntryPoint\",\"urlTemplate\":\"https:\\\/\\\/www.ballettodanceshop.com\\\/?s={search_term_string}\"},\"query-input\":{\"@type\":\"PropertyValueSpecification\",\"valueRequired\":true,\"valueName\":\"search_term_string\"}}],\"inLanguage\":\"en-GB\"},{\"@type\":\"Organization\",\"@id\":\"https:\\\/\\\/www.ballettodanceshop.com\\\/#organization\",\"name\":\"Balletto Dance Shop\",\"alternateName\":\"Balletto\",\"url\":\"https:\\\/\\\/www.ballettodanceshop.com\\\/\",\"logo\":{\"@type\":\"ImageObject\",\"inLanguage\":\"en-GB\",\"@id\":\"https:\\\/\\\/www.ballettodanceshop.com\\\/#\\\/schema\\\/logo\\\/image\\\/\",\"url\":\"https:\\\/\\\/www.ballettodanceshop.com\\\/wp-content\\\/uploads\\\/2025\\\/06\\\/LOGO-1.png\",\"contentUrl\":\"https:\\\/\\\/www.ballettodanceshop.com\\\/wp-content\\\/uploads\\\/2025\\\/06\\\/LOGO-1.png\",\"width\":508,\"height\":209,\"caption\":\"Balletto Dance Shop\"},\"image\":{\"@id\":\"https:\\\/\\\/www.ballettodanceshop.com\\\/#\\\/schema\\\/logo\\\/image\\\/\"},\"sameAs\":[\"https:\\\/\\\/www.facebook.com\\\/Ballettodanceshop\\\/\",\"https:\\\/\\\/x.com\\\/ballettodance\",\"https:\\\/\\\/www.tiktok.com\\\/@ballettodanceshop\",\"https:\\\/\\\/fr.linkedin.com\\\/company\\\/ballettodaneshop\",\"https:\\\/\\\/fr.pinterest.com\\\/ballettodanceshop\\\/\",\"https:\\\/\\\/www.threads.com\\\/@ballettodanceshop\",\"https:\\\/\\\/www.instagram.com\\\/ballettodanceshop\\\/\",\"https:\\\/\\\/www.youtube.com\\\/@ballettodanceshop\"]}]}<\/script>\n<!-- \/ Yoast SEO plugin. -->","yoast_head_json":{"title":"Charcoal Non-slip Socks - Balletto Dance Shop","description":"Non-slip socks for dance, yoga and pilates. Innovative design provides support and comfort. Non-slip silicone lines.","robots":{"index":"index","follow":"follow","max-snippet":"max-snippet:-1","max-image-preview":"max-image-preview:large","max-video-preview":"max-video-preview:-1"},"canonical":"https:\/\/www.ballettodanceshop.com\/en\/charcoal-non-slip-socks\/","og_locale":"en_GB","og_type":"article","og_title":"Chaussettes Charcoal Antid\u00e9rapantes - Balletto Dance Shop","og_description":"Chaussettes de danse, yoga et pil\u00e2tes Antid\u00e9rapantes. Con\u00e7ues de fa\u00e7on innovante, elles apportent soutien et confort. Lignes silicones antid\u00e9rapantes.","og_url":"https:\/\/www.ballettodanceshop.com\/en\/charcoal-non-slip-socks\/","og_site_name":"Balletto Dance Shop","article_publisher":"https:\/\/www.facebook.com\/Ballettodanceshop\/","article_modified_time":"2026-03-20T06:18:39+00:00","og_image":[{"width":1349,"height":1932,"url":"https:\/\/www.ballettodanceshop.com\/wp-content\/uploads\/2025\/07\/Chaussettes_Pilates_Antiderapentes_Ballettodanceshop_Noir.jpg","type":"image\/jpeg"}],"twitter_card":"summary_large_image","twitter_site":"@ballettodance","twitter_misc":{"Estimated reading time":"1 minute"},"schema":{"@context":"https:\/\/schema.org","@graph":[{"@type":"WebPage","@id":"https:\/\/www.ballettodanceshop.com\/chaussettes-charcoal-antiderapantes\/","url":"https:\/\/www.ballettodanceshop.com\/chaussettes-charcoal-antiderapantes\/","name":"Charcoal Non-slip Socks - Balletto Dance Shop","isPartOf":{"@id":"https:\/\/www.ballettodanceshop.com\/#website"},"primaryImageOfPage":{"@id":"https:\/\/www.ballettodanceshop.com\/chaussettes-charcoal-antiderapantes\/#primaryimage"},"image":{"@id":"https:\/\/www.ballettodanceshop.com\/chaussettes-charcoal-antiderapantes\/#primaryimage"},"thumbnailUrl":"https:\/\/www.ballettodanceshop.com\/wp-content\/uploads\/2025\/07\/Chaussettes_Pilates_Antiderapentes_Ballettodanceshop_Noir.jpg","datePublished":"2021-10-13T08:55:13+00:00","dateModified":"2026-03-20T06:18:39+00:00","description":"Non-slip socks for dance, yoga and pilates. Innovative design provides support and comfort. Non-slip silicone lines.","breadcrumb":{"@id":"https:\/\/www.ballettodanceshop.com\/chaussettes-charcoal-antiderapantes\/#breadcrumb"},"inLanguage":"en-GB","potentialAction":[{"@type":"ReadAction","target":["https:\/\/www.ballettodanceshop.com\/chaussettes-charcoal-antiderapantes\/"]}]},{"@type":"ImageObject","inLanguage":"en-GB","@id":"https:\/\/www.ballettodanceshop.com\/chaussettes-charcoal-antiderapantes\/#primaryimage","url":"https:\/\/www.ballettodanceshop.com\/wp-content\/uploads\/2025\/07\/Chaussettes_Pilates_Antiderapentes_Ballettodanceshop_Noir.jpg","contentUrl":"https:\/\/www.ballettodanceshop.com\/wp-content\/uploads\/2025\/07\/Chaussettes_Pilates_Antiderapentes_Ballettodanceshop_Noir.jpg","width":1349,"height":1932,"caption":"Chaussettes charcoal antid\u00e9rapantes Lagree"},{"@type":"BreadcrumbList","@id":"https:\/\/www.ballettodanceshop.com\/chaussettes-charcoal-antiderapantes\/#breadcrumb","itemListElement":[{"@type":"ListItem","position":1,"name":"Accueil","item":"https:\/\/www.ballettodanceshop.com\/"},{"@type":"ListItem","position":2,"name":"Produits","item":"https:\/\/www.ballettodanceshop.com\/boutique\/"},{"@type":"ListItem","position":3,"name":"Chaussettes Charcoal Antid\u00e9rapantes"}]},{"@type":"WebSite","@id":"https:\/\/www.ballettodanceshop.com\/#website","url":"https:\/\/www.ballettodanceshop.com\/","name":"Balletto Dance Shop","description":"Keep Dancing!","publisher":{"@id":"https:\/\/www.ballettodanceshop.com\/#organization"},"alternateName":"Balletto","potentialAction":[{"@type":"SearchAction","target":{"@type":"EntryPoint","urlTemplate":"https:\/\/www.ballettodanceshop.com\/?s={search_term_string}"},"query-input":{"@type":"PropertyValueSpecification","valueRequired":true,"valueName":"search_term_string"}}],"inLanguage":"en-GB"},{"@type":"Organization","@id":"https:\/\/www.ballettodanceshop.com\/#organization","name":"Balletto Dance Shop","alternateName":"Balletto","url":"https:\/\/www.ballettodanceshop.com\/","logo":{"@type":"ImageObject","inLanguage":"en-GB","@id":"https:\/\/www.ballettodanceshop.com\/#\/schema\/logo\/image\/","url":"https:\/\/www.ballettodanceshop.com\/wp-content\/uploads\/2025\/06\/LOGO-1.png","contentUrl":"https:\/\/www.ballettodanceshop.com\/wp-content\/uploads\/2025\/06\/LOGO-1.png","width":508,"height":209,"caption":"Balletto Dance Shop"},"image":{"@id":"https:\/\/www.ballettodanceshop.com\/#\/schema\/logo\/image\/"},"sameAs":["https:\/\/www.facebook.com\/Ballettodanceshop\/","https:\/\/x.com\/ballettodance","https:\/\/www.tiktok.com\/@ballettodanceshop","https:\/\/fr.linkedin.com\/company\/ballettodaneshop","https:\/\/fr.pinterest.com\/ballettodanceshop\/","https:\/\/www.threads.com\/@ballettodanceshop","https:\/\/www.instagram.com\/ballettodanceshop\/","https:\/\/www.youtube.com\/@ballettodanceshop"]}]}},"_links":{"self":[{"href":"https:\/\/www.ballettodanceshop.com\/en\/wp-json\/wp\/v2\/product\/56493","targetHints":{"allow":["GET"]}}],"collection":[{"href":"https:\/\/www.ballettodanceshop.com\/en\/wp-json\/wp\/v2\/product"}],"about":[{"href":"https:\/\/www.ballettodanceshop.com\/en\/wp-json\/wp\/v2\/types\/product"}],"replies":[{"embeddable":true,"href":"https:\/\/www.ballettodanceshop.com\/en\/wp-json\/wp\/v2\/comments?post=56493"}],"wp:featuredmedia":[{"embeddable":true,"href":"https:\/\/www.ballettodanceshop.com\/en\/wp-json\/wp\/v2\/media\/10883"}],"wp:attachment":[{"href":"https:\/\/www.ballettodanceshop.com\/en\/wp-json\/wp\/v2\/media?parent=56493"}],"wp:term":[{"taxonomy":"product_brand","embeddable":true,"href":"https:\/\/www.ballettodanceshop.com\/en\/wp-json\/wp\/v2\/product_brand?post=56493"},{"taxonomy":"product_cat","embeddable":true,"href":"https:\/\/www.ballettodanceshop.com\/en\/wp-json\/wp\/v2\/product_cat?post=56493"},{"taxonomy":"product_tag","embeddable":true,"href":"https:\/\/www.ballettodanceshop.com\/en\/wp-json\/wp\/v2\/product_tag?post=56493"}],"curies":[{"name":"wp","href":"https:\/\/api.w.org\/{rel}","templated":true}]}}