{"id":56296,"date":"2021-09-10T05:52:56","date_gmt":"2021-09-10T03:52:56","guid":{"rendered":"https:\/\/www.ballettodanceshop.com\/leggings-athleisure-zidans-scarlet\/"},"modified":"2026-04-18T17:02:23","modified_gmt":"2026-04-18T15:02:23","slug":"athleisure-leggings-zidans-scarlet","status":"publish","type":"product","link":"https:\/\/www.ballettodanceshop.com\/en\/leggings-athleisure-zidans-scarlet\/","title":{"rendered":"Athleisure Leggings Zidans Scarlet"},"content":{"rendered":"<p><strong>Athleisure Leggings Zidans Scarlet<\/strong><\/p>\n<p>Fabric: Bi-flex (80% polyamide \/ 20% elastane), Italy<\/p>\n<p>- two-way stretch for perfect fit and comfort<\/p>\n<p>- pilling-resistant for durability and great looks<\/p>\n<p>- UV protection<\/p>\n<p>- ultra-chlorine resistant<\/p>\n<p><strong>Con\u00e7us et Fabriqu\u00e9s en Russie<\/strong><\/p>","protected":false},"excerpt":{"rendered":"<p>Athleisure leggings by Russian brand Zidans.<\/p>\n<p>Haut de Gamme, ces leggings \u00e0 gousset Biflex permet un mouvement plus large. Bas de jambe coup\u00e9 sans coutures pour un ajustement pr\u00e9cis et confortable de la cheville.\u00a0La taille \u00e9lastique de marque sur le c\u00f4t\u00e9 int\u00e9rieur permet deux options de port: taille haute ou taille mi-haute lorsque la ceinture est retourn\u00e9e.<\/p>\n<p>Ideal for\u00a0<strong>Yoga<\/strong>the<strong>\u00a0Pilates<\/strong>the<strong>\u00a0Fitness<\/strong>the<strong>\u00a0Gym<\/strong>the\u00a0<strong>Dance<\/strong>\u00a0or any other\u00a0<strong>sport<\/strong>.<\/p>\n<p>Con\u00e7us et Fabriqu\u00e9s en Russie par du Biflex Italien \u2013 Stretch, tr\u00e8s r\u00e9sistant, s\u00e8che rapidement.<\/p>\n<p>Its noble fabric absorbs and wicks away perspiration.<\/p>\n<p>Does not deform. It's like a second skin.<\/p>","protected":false},"featured_media":10607,"comment_status":"open","ping_status":"closed","template":"","meta":{"_acf_changed":false},"product_brand":[],"product_cat":[103,111,355,19,25,974,378,272,273,62,676],"product_tag":[793],"class_list":{"0":"post-56296","1":"product","2":"type-product","3":"status-publish","4":"has-post-thumbnail","6":"product_cat-athleisure","7":"product_cat-athleisure-yoga-gym-pilates-filles","8":"product_cat-collants-athleisure","9":"product_cat-femmes","10":"product_cat-filles","11":"product_cat-marques","12":"product_cat-pantalons-et-shorts","13":"product_cat-promotions","14":"product_cat-promotions-femmes","15":"product_cat-classique","16":"product_cat-zidans","17":"product_tag-livraison-3-a-4-semaines","19":"first","20":"instock","21":"sale","22":"taxable","23":"shipping-taxable","24":"purchasable","25":"product-type-variable"},"acf":[],"yoast_head":"<!-- This site is optimized with the Yoast SEO plugin v27.4 - https:\/\/yoast.com\/product\/yoast-seo-wordpress\/ -->\n<title>Leggings Athleisure Zidans Scarlet - Balletto Dance Shop<\/title>\n<meta name=\"description\" content=\"NOUVEAU LEGGING ATHLEISURE ZIDANS SCARLET. Id\u00e9ale pour le Yoga, Gym, Pilates &amp; Danse, Une seconde peau, fabriqu\u00e9 \u00e0 Saint P\u00e9tersbourg.\" \/>\n<meta name=\"robots\" content=\"index, follow, max-snippet:-1, max-image-preview:large, max-video-preview:-1\" \/>\n<link rel=\"canonical\" href=\"https:\/\/www.ballettodanceshop.com\/en\/athleisure-leggings-zidans-scarlet\/\" \/>\n<meta property=\"og:locale\" content=\"en_GB\" \/>\n<meta property=\"og:type\" content=\"article\" \/>\n<meta property=\"og:title\" content=\"Leggings Athleisure Zidans Scarlet - Balletto Dance Shop\" \/>\n<meta property=\"og:description\" content=\"NOUVEAU LEGGING ATHLEISURE ZIDANS SCARLET. Id\u00e9ale pour le Yoga, Gym, Pilates &amp; Danse, Une seconde peau, fabriqu\u00e9 \u00e0 Saint P\u00e9tersbourg.\" \/>\n<meta property=\"og:url\" content=\"https:\/\/www.ballettodanceshop.com\/en\/athleisure-leggings-zidans-scarlet\/\" \/>\n<meta property=\"og:site_name\" content=\"Balletto Dance Shop\" \/>\n<meta property=\"article:publisher\" content=\"https:\/\/www.facebook.com\/Ballettodanceshop\/\" \/>\n<meta property=\"article:modified_time\" content=\"2026-04-18T15:02:23+00:00\" \/>\n<meta property=\"og:image\" content=\"https:\/\/www.ballettodanceshop.com\/wp-content\/uploads\/2025\/07\/Legging-Zidans-Ziphirus-Front.jpg\" \/>\n\t<meta property=\"og:image:width\" content=\"1258\" \/>\n\t<meta property=\"og:image:height\" content=\"1999\" \/>\n\t<meta property=\"og:image:type\" content=\"image\/jpeg\" \/>\n<meta name=\"twitter:card\" content=\"summary_large_image\" \/>\n<meta name=\"twitter:site\" content=\"@ballettodance\" \/>\n<meta name=\"twitter:label1\" content=\"Estimated reading time\" \/>\n\t<meta name=\"twitter:data1\" content=\"1 minute\" \/>\n<script type=\"application\/ld+json\" class=\"yoast-schema-graph\">{\"@context\":\"https:\\\/\\\/schema.org\",\"@graph\":[{\"@type\":\"WebPage\",\"@id\":\"https:\\\/\\\/www.ballettodanceshop.com\\\/leggings-athleisure-zidans-scarlet\\\/\",\"url\":\"https:\\\/\\\/www.ballettodanceshop.com\\\/leggings-athleisure-zidans-scarlet\\\/\",\"name\":\"Leggings Athleisure Zidans Scarlet - Balletto Dance Shop\",\"isPartOf\":{\"@id\":\"https:\\\/\\\/www.ballettodanceshop.com\\\/#website\"},\"primaryImageOfPage\":{\"@id\":\"https:\\\/\\\/www.ballettodanceshop.com\\\/leggings-athleisure-zidans-scarlet\\\/#primaryimage\"},\"image\":{\"@id\":\"https:\\\/\\\/www.ballettodanceshop.com\\\/leggings-athleisure-zidans-scarlet\\\/#primaryimage\"},\"thumbnailUrl\":\"https:\\\/\\\/www.ballettodanceshop.com\\\/wp-content\\\/uploads\\\/2025\\\/07\\\/Legging-Zidans-Ziphirus-Front.jpg\",\"datePublished\":\"2021-09-10T03:52:56+00:00\",\"dateModified\":\"2026-04-18T15:02:23+00:00\",\"description\":\"NOUVEAU LEGGING ATHLEISURE ZIDANS SCARLET. Id\u00e9ale pour le Yoga, Gym, Pilates & Danse, Une seconde peau, fabriqu\u00e9 \u00e0 Saint P\u00e9tersbourg.\",\"breadcrumb\":{\"@id\":\"https:\\\/\\\/www.ballettodanceshop.com\\\/leggings-athleisure-zidans-scarlet\\\/#breadcrumb\"},\"inLanguage\":\"en-GB\",\"potentialAction\":[{\"@type\":\"ReadAction\",\"target\":[\"https:\\\/\\\/www.ballettodanceshop.com\\\/leggings-athleisure-zidans-scarlet\\\/\"]}]},{\"@type\":\"ImageObject\",\"inLanguage\":\"en-GB\",\"@id\":\"https:\\\/\\\/www.ballettodanceshop.com\\\/leggings-athleisure-zidans-scarlet\\\/#primaryimage\",\"url\":\"https:\\\/\\\/www.ballettodanceshop.com\\\/wp-content\\\/uploads\\\/2025\\\/07\\\/Legging-Zidans-Ziphirus-Front.jpg\",\"contentUrl\":\"https:\\\/\\\/www.ballettodanceshop.com\\\/wp-content\\\/uploads\\\/2025\\\/07\\\/Legging-Zidans-Ziphirus-Front.jpg\",\"width\":1258,\"height\":1999,\"caption\":\"Leggings Athleisure Zidans\"},{\"@type\":\"BreadcrumbList\",\"@id\":\"https:\\\/\\\/www.ballettodanceshop.com\\\/leggings-athleisure-zidans-scarlet\\\/#breadcrumb\",\"itemListElement\":[{\"@type\":\"ListItem\",\"position\":1,\"name\":\"Accueil\",\"item\":\"https:\\\/\\\/www.ballettodanceshop.com\\\/\"},{\"@type\":\"ListItem\",\"position\":2,\"name\":\"Produits\",\"item\":\"https:\\\/\\\/www.ballettodanceshop.com\\\/boutique\\\/\"},{\"@type\":\"ListItem\",\"position\":3,\"name\":\"Leggings Athleisure Zidans Scarlet\"}]},{\"@type\":\"WebSite\",\"@id\":\"https:\\\/\\\/www.ballettodanceshop.com\\\/#website\",\"url\":\"https:\\\/\\\/www.ballettodanceshop.com\\\/\",\"name\":\"Balletto Dance Shop\",\"description\":\"Keep Dancing !\",\"publisher\":{\"@id\":\"https:\\\/\\\/www.ballettodanceshop.com\\\/#organization\"},\"alternateName\":\"Balletto\",\"potentialAction\":[{\"@type\":\"SearchAction\",\"target\":{\"@type\":\"EntryPoint\",\"urlTemplate\":\"https:\\\/\\\/www.ballettodanceshop.com\\\/?s={search_term_string}\"},\"query-input\":{\"@type\":\"PropertyValueSpecification\",\"valueRequired\":true,\"valueName\":\"search_term_string\"}}],\"inLanguage\":\"en-GB\"},{\"@type\":\"Organization\",\"@id\":\"https:\\\/\\\/www.ballettodanceshop.com\\\/#organization\",\"name\":\"Balletto Dance Shop\",\"alternateName\":\"Balletto\",\"url\":\"https:\\\/\\\/www.ballettodanceshop.com\\\/\",\"logo\":{\"@type\":\"ImageObject\",\"inLanguage\":\"en-GB\",\"@id\":\"https:\\\/\\\/www.ballettodanceshop.com\\\/#\\\/schema\\\/logo\\\/image\\\/\",\"url\":\"https:\\\/\\\/www.ballettodanceshop.com\\\/wp-content\\\/uploads\\\/2025\\\/06\\\/LOGO-1.png\",\"contentUrl\":\"https:\\\/\\\/www.ballettodanceshop.com\\\/wp-content\\\/uploads\\\/2025\\\/06\\\/LOGO-1.png\",\"width\":508,\"height\":209,\"caption\":\"Balletto Dance Shop\"},\"image\":{\"@id\":\"https:\\\/\\\/www.ballettodanceshop.com\\\/#\\\/schema\\\/logo\\\/image\\\/\"},\"sameAs\":[\"https:\\\/\\\/www.facebook.com\\\/Ballettodanceshop\\\/\",\"https:\\\/\\\/x.com\\\/ballettodance\",\"https:\\\/\\\/www.tiktok.com\\\/@ballettodanceshop\",\"https:\\\/\\\/fr.linkedin.com\\\/company\\\/ballettodaneshop\",\"https:\\\/\\\/fr.pinterest.com\\\/ballettodanceshop\\\/\",\"https:\\\/\\\/www.threads.com\\\/@ballettodanceshop\",\"https:\\\/\\\/www.instagram.com\\\/ballettodanceshop\\\/\",\"https:\\\/\\\/www.youtube.com\\\/@ballettodanceshop\"]}]}<\/script>\n<!-- \/ Yoast SEO plugin. -->","yoast_head_json":{"title":"Athleisure Leggings Zidans Scarlet - Balletto Dance Shop","description":"NEW ATHLEISURE LEGGINGS ZIDANS SCARLET. Ideal for Yoga, Gym, Pilates &amp; Dance, a second skin, made in Saint Petersburg.","robots":{"index":"index","follow":"follow","max-snippet":"max-snippet:-1","max-image-preview":"max-image-preview:large","max-video-preview":"max-video-preview:-1"},"canonical":"https:\/\/www.ballettodanceshop.com\/en\/athleisure-leggings-zidans-scarlet\/","og_locale":"en_GB","og_type":"article","og_title":"Leggings Athleisure Zidans Scarlet - Balletto Dance Shop","og_description":"NOUVEAU LEGGING ATHLEISURE ZIDANS SCARLET. Id\u00e9ale pour le Yoga, Gym, Pilates & Danse, Une seconde peau, fabriqu\u00e9 \u00e0 Saint P\u00e9tersbourg.","og_url":"https:\/\/www.ballettodanceshop.com\/en\/athleisure-leggings-zidans-scarlet\/","og_site_name":"Balletto Dance Shop","article_publisher":"https:\/\/www.facebook.com\/Ballettodanceshop\/","article_modified_time":"2026-04-18T15:02:23+00:00","og_image":[{"width":1258,"height":1999,"url":"https:\/\/www.ballettodanceshop.com\/wp-content\/uploads\/2025\/07\/Legging-Zidans-Ziphirus-Front.jpg","type":"image\/jpeg"}],"twitter_card":"summary_large_image","twitter_site":"@ballettodance","twitter_misc":{"Estimated reading time":"1 minute"},"schema":{"@context":"https:\/\/schema.org","@graph":[{"@type":"WebPage","@id":"https:\/\/www.ballettodanceshop.com\/leggings-athleisure-zidans-scarlet\/","url":"https:\/\/www.ballettodanceshop.com\/leggings-athleisure-zidans-scarlet\/","name":"Athleisure Leggings Zidans Scarlet - Balletto Dance Shop","isPartOf":{"@id":"https:\/\/www.ballettodanceshop.com\/#website"},"primaryImageOfPage":{"@id":"https:\/\/www.ballettodanceshop.com\/leggings-athleisure-zidans-scarlet\/#primaryimage"},"image":{"@id":"https:\/\/www.ballettodanceshop.com\/leggings-athleisure-zidans-scarlet\/#primaryimage"},"thumbnailUrl":"https:\/\/www.ballettodanceshop.com\/wp-content\/uploads\/2025\/07\/Legging-Zidans-Ziphirus-Front.jpg","datePublished":"2021-09-10T03:52:56+00:00","dateModified":"2026-04-18T15:02:23+00:00","description":"NEW ATHLEISURE LEGGINGS ZIDANS SCARLET. Ideal for Yoga, Gym, Pilates &amp; Dance, a second skin, made in Saint Petersburg.","breadcrumb":{"@id":"https:\/\/www.ballettodanceshop.com\/leggings-athleisure-zidans-scarlet\/#breadcrumb"},"inLanguage":"en-GB","potentialAction":[{"@type":"ReadAction","target":["https:\/\/www.ballettodanceshop.com\/leggings-athleisure-zidans-scarlet\/"]}]},{"@type":"ImageObject","inLanguage":"en-GB","@id":"https:\/\/www.ballettodanceshop.com\/leggings-athleisure-zidans-scarlet\/#primaryimage","url":"https:\/\/www.ballettodanceshop.com\/wp-content\/uploads\/2025\/07\/Legging-Zidans-Ziphirus-Front.jpg","contentUrl":"https:\/\/www.ballettodanceshop.com\/wp-content\/uploads\/2025\/07\/Legging-Zidans-Ziphirus-Front.jpg","width":1258,"height":1999,"caption":"Leggings Athleisure Zidans"},{"@type":"BreadcrumbList","@id":"https:\/\/www.ballettodanceshop.com\/leggings-athleisure-zidans-scarlet\/#breadcrumb","itemListElement":[{"@type":"ListItem","position":1,"name":"Accueil","item":"https:\/\/www.ballettodanceshop.com\/"},{"@type":"ListItem","position":2,"name":"Produits","item":"https:\/\/www.ballettodanceshop.com\/boutique\/"},{"@type":"ListItem","position":3,"name":"Leggings Athleisure Zidans Scarlet"}]},{"@type":"WebSite","@id":"https:\/\/www.ballettodanceshop.com\/#website","url":"https:\/\/www.ballettodanceshop.com\/","name":"Balletto Dance Shop","description":"Keep Dancing!","publisher":{"@id":"https:\/\/www.ballettodanceshop.com\/#organization"},"alternateName":"Balletto","potentialAction":[{"@type":"SearchAction","target":{"@type":"EntryPoint","urlTemplate":"https:\/\/www.ballettodanceshop.com\/?s={search_term_string}"},"query-input":{"@type":"PropertyValueSpecification","valueRequired":true,"valueName":"search_term_string"}}],"inLanguage":"en-GB"},{"@type":"Organization","@id":"https:\/\/www.ballettodanceshop.com\/#organization","name":"Balletto Dance Shop","alternateName":"Balletto","url":"https:\/\/www.ballettodanceshop.com\/","logo":{"@type":"ImageObject","inLanguage":"en-GB","@id":"https:\/\/www.ballettodanceshop.com\/#\/schema\/logo\/image\/","url":"https:\/\/www.ballettodanceshop.com\/wp-content\/uploads\/2025\/06\/LOGO-1.png","contentUrl":"https:\/\/www.ballettodanceshop.com\/wp-content\/uploads\/2025\/06\/LOGO-1.png","width":508,"height":209,"caption":"Balletto Dance Shop"},"image":{"@id":"https:\/\/www.ballettodanceshop.com\/#\/schema\/logo\/image\/"},"sameAs":["https:\/\/www.facebook.com\/Ballettodanceshop\/","https:\/\/x.com\/ballettodance","https:\/\/www.tiktok.com\/@ballettodanceshop","https:\/\/fr.linkedin.com\/company\/ballettodaneshop","https:\/\/fr.pinterest.com\/ballettodanceshop\/","https:\/\/www.threads.com\/@ballettodanceshop","https:\/\/www.instagram.com\/ballettodanceshop\/","https:\/\/www.youtube.com\/@ballettodanceshop"]}]}},"_links":{"self":[{"href":"https:\/\/www.ballettodanceshop.com\/en\/wp-json\/wp\/v2\/product\/56296","targetHints":{"allow":["GET"]}}],"collection":[{"href":"https:\/\/www.ballettodanceshop.com\/en\/wp-json\/wp\/v2\/product"}],"about":[{"href":"https:\/\/www.ballettodanceshop.com\/en\/wp-json\/wp\/v2\/types\/product"}],"replies":[{"embeddable":true,"href":"https:\/\/www.ballettodanceshop.com\/en\/wp-json\/wp\/v2\/comments?post=56296"}],"wp:featuredmedia":[{"embeddable":true,"href":"https:\/\/www.ballettodanceshop.com\/en\/wp-json\/wp\/v2\/media\/10607"}],"wp:attachment":[{"href":"https:\/\/www.ballettodanceshop.com\/en\/wp-json\/wp\/v2\/media?parent=56296"}],"wp:term":[{"taxonomy":"product_brand","embeddable":true,"href":"https:\/\/www.ballettodanceshop.com\/en\/wp-json\/wp\/v2\/product_brand?post=56296"},{"taxonomy":"product_cat","embeddable":true,"href":"https:\/\/www.ballettodanceshop.com\/en\/wp-json\/wp\/v2\/product_cat?post=56296"},{"taxonomy":"product_tag","embeddable":true,"href":"https:\/\/www.ballettodanceshop.com\/en\/wp-json\/wp\/v2\/product_tag?post=56296"}],"curies":[{"name":"wp","href":"https:\/\/api.w.org\/{rel}","templated":true}]}}