{"id":55777,"date":"2021-06-26T13:48:00","date_gmt":"2021-06-26T11:48:00","guid":{"rendered":"https:\/\/www.ballettodanceshop.com\/collants-resilles-cabaret-premium\/"},"modified":"2026-04-30T07:59:25","modified_gmt":"2026-04-30T05:59:25","slug":"premium-cabaret-fishnet-stockings","status":"publish","type":"product","link":"https:\/\/www.ballettodanceshop.com\/en\/collants-resille-cabaret-premium\/","title":{"rendered":"Premium Fishnet Tights"},"content":{"rendered":"<p><strong>Premium Fishnet Tights<\/strong><\/p>\n<p><strong>70 DENIERS<\/strong><\/p>\n<p><strong>Made in Italy<\/strong><\/p>\n<p><strong>Sizes<\/strong>: <strong>S\/M = 150cm - 165cm L\/XL = 165cm -180cm<\/strong><\/p>","protected":false},"excerpt":{"rendered":"<p>Professional high-performance fishnet dance tights.<\/p>\n<p>Highly resistant and sheathing, without seams or gussets.<\/p>\n<p>Reinforced feet with a cushioned, anti-irritation and anti-slip fabric for improved comfort.<\/p>\n<p>Perfect tights for stage, cabaret, circus, character dancing and all Latin dances.<\/p>\n<p>These fishnet tights can be worn at any time in the city, especially on your nights out.<\/p>\n<p><strong>Made with love in Italy.<\/strong><\/p>","protected":false},"featured_media":9976,"comment_status":"open","ping_status":"closed","template":"","meta":{"_acf_changed":false},"product_brand":[],"product_cat":[156,195,353,197,359,113,19,91,149,97],"product_tag":[812,786],"class_list":{"0":"post-55777","1":"product","2":"type-product","3":"status-publish","4":"has-post-thumbnail","6":"product_cat-best-sellers","7":"product_cat-collants-contemporain","8":"product_cat-collants-danses-latines","9":"product_cat-collants-jazz","10":"product_cat-collants-resille","11":"product_cat-danses-latines","12":"product_cat-femmes","13":"product_cat-jazz","14":"product_cat-rumpf","15":"product_cat-contemporain","16":"product_tag-collants","17":"product_tag-livraison-24-a-48h","19":"first","20":"instock","21":"taxable","22":"shipping-taxable","23":"purchasable","24":"product-type-variable"},"acf":[],"yoast_head":"<!-- This site is optimized with the Yoast SEO plugin v27.4 - https:\/\/yoast.com\/product\/yoast-seo-wordpress\/ -->\n<title>Collants R\u00e9sille Cabaret Premium - Balletto Dance Shop<\/title>\n<meta name=\"description\" content=\"Pour le Cabaret, le French Cancan et toutes les Danses Latines. Nos COLLANTS RESILLE PREMIUM peuvent aussi \u00eatre port\u00e9 facilement en ville \u00e0 tout moment.\" \/>\n<meta name=\"robots\" content=\"index, follow, max-snippet:-1, max-image-preview:large, max-video-preview:-1\" \/>\n<link rel=\"canonical\" href=\"https:\/\/www.ballettodanceshop.com\/en\/premium-cabaret-fishnet-stockings\/\" \/>\n<meta property=\"og:locale\" content=\"en_GB\" \/>\n<meta property=\"og:type\" content=\"article\" \/>\n<meta property=\"og:title\" content=\"Collants R\u00e9sille Cabaret Premium - Balletto Dance Shop\" \/>\n<meta property=\"og:description\" content=\"Pour le Cabaret, le French Cancan et toutes les Danses Latines. Nos COLLANTS RESILLE PREMIUM peuvent aussi \u00eatre port\u00e9 facilement en ville \u00e0 tout moment.\" \/>\n<meta property=\"og:url\" content=\"https:\/\/www.ballettodanceshop.com\/en\/premium-cabaret-fishnet-stockings\/\" \/>\n<meta property=\"og:site_name\" content=\"Balletto Dance Shop\" \/>\n<meta property=\"article:publisher\" content=\"https:\/\/www.facebook.com\/Ballettodanceshop\/\" \/>\n<meta property=\"article:modified_time\" content=\"2026-04-30T05:59:25+00:00\" \/>\n<meta property=\"og:image\" content=\"https:\/\/www.ballettodanceshop.com\/wp-content\/uploads\/2025\/07\/Collants_Resilles_Pro_Toast.jpg\" \/>\n\t<meta property=\"og:image:width\" content=\"900\" \/>\n\t<meta property=\"og:image:height\" content=\"1200\" \/>\n\t<meta property=\"og:image:type\" content=\"image\/jpeg\" \/>\n<meta name=\"twitter:card\" content=\"summary_large_image\" \/>\n<meta name=\"twitter:site\" content=\"@ballettodance\" \/>\n<meta name=\"twitter:label1\" content=\"Estimated reading time\" \/>\n\t<meta name=\"twitter:data1\" content=\"1 minute\" \/>\n<script type=\"application\/ld+json\" class=\"yoast-schema-graph\">{\"@context\":\"https:\\\/\\\/schema.org\",\"@graph\":[{\"@type\":\"WebPage\",\"@id\":\"https:\\\/\\\/www.ballettodanceshop.com\\\/collants-resille-cabaret-premium\\\/\",\"url\":\"https:\\\/\\\/www.ballettodanceshop.com\\\/collants-resille-cabaret-premium\\\/\",\"name\":\"Collants R\u00e9sille Cabaret Premium - Balletto Dance Shop\",\"isPartOf\":{\"@id\":\"https:\\\/\\\/www.ballettodanceshop.com\\\/#website\"},\"primaryImageOfPage\":{\"@id\":\"https:\\\/\\\/www.ballettodanceshop.com\\\/collants-resille-cabaret-premium\\\/#primaryimage\"},\"image\":{\"@id\":\"https:\\\/\\\/www.ballettodanceshop.com\\\/collants-resille-cabaret-premium\\\/#primaryimage\"},\"thumbnailUrl\":\"https:\\\/\\\/www.ballettodanceshop.com\\\/wp-content\\\/uploads\\\/2025\\\/07\\\/Collants_Resilles_Pro_Toast.jpg\",\"datePublished\":\"2021-06-26T11:48:00+00:00\",\"dateModified\":\"2026-04-30T05:59:25+00:00\",\"description\":\"Pour le Cabaret, le French Cancan et toutes les Danses Latines. Nos COLLANTS RESILLE PREMIUM peuvent aussi \u00eatre port\u00e9 facilement en ville \u00e0 tout moment.\",\"breadcrumb\":{\"@id\":\"https:\\\/\\\/www.ballettodanceshop.com\\\/collants-resille-cabaret-premium\\\/#breadcrumb\"},\"inLanguage\":\"en-GB\",\"potentialAction\":[{\"@type\":\"ReadAction\",\"target\":[\"https:\\\/\\\/www.ballettodanceshop.com\\\/collants-resille-cabaret-premium\\\/\"]}]},{\"@type\":\"ImageObject\",\"inLanguage\":\"en-GB\",\"@id\":\"https:\\\/\\\/www.ballettodanceshop.com\\\/collants-resille-cabaret-premium\\\/#primaryimage\",\"url\":\"https:\\\/\\\/www.ballettodanceshop.com\\\/wp-content\\\/uploads\\\/2025\\\/07\\\/Collants_Resilles_Pro_Toast.jpg\",\"contentUrl\":\"https:\\\/\\\/www.ballettodanceshop.com\\\/wp-content\\\/uploads\\\/2025\\\/07\\\/Collants_Resilles_Pro_Toast.jpg\",\"width\":900,\"height\":1200,\"caption\":\"Collants R\u00e9silles Cabaret\"},{\"@type\":\"BreadcrumbList\",\"@id\":\"https:\\\/\\\/www.ballettodanceshop.com\\\/collants-resille-cabaret-premium\\\/#breadcrumb\",\"itemListElement\":[{\"@type\":\"ListItem\",\"position\":1,\"name\":\"Accueil\",\"item\":\"https:\\\/\\\/www.ballettodanceshop.com\\\/\"},{\"@type\":\"ListItem\",\"position\":2,\"name\":\"Produits\",\"item\":\"https:\\\/\\\/www.ballettodanceshop.com\\\/boutique\\\/\"},{\"@type\":\"ListItem\",\"position\":3,\"name\":\"Collants R\u00e9sille Cabaret Premium\"}]},{\"@type\":\"WebSite\",\"@id\":\"https:\\\/\\\/www.ballettodanceshop.com\\\/#website\",\"url\":\"https:\\\/\\\/www.ballettodanceshop.com\\\/\",\"name\":\"Balletto Dance Shop\",\"description\":\"Keep Dancing !\",\"publisher\":{\"@id\":\"https:\\\/\\\/www.ballettodanceshop.com\\\/#organization\"},\"alternateName\":\"Balletto\",\"potentialAction\":[{\"@type\":\"SearchAction\",\"target\":{\"@type\":\"EntryPoint\",\"urlTemplate\":\"https:\\\/\\\/www.ballettodanceshop.com\\\/?s={search_term_string}\"},\"query-input\":{\"@type\":\"PropertyValueSpecification\",\"valueRequired\":true,\"valueName\":\"search_term_string\"}}],\"inLanguage\":\"en-GB\"},{\"@type\":\"Organization\",\"@id\":\"https:\\\/\\\/www.ballettodanceshop.com\\\/#organization\",\"name\":\"Balletto Dance Shop\",\"alternateName\":\"Balletto\",\"url\":\"https:\\\/\\\/www.ballettodanceshop.com\\\/\",\"logo\":{\"@type\":\"ImageObject\",\"inLanguage\":\"en-GB\",\"@id\":\"https:\\\/\\\/www.ballettodanceshop.com\\\/#\\\/schema\\\/logo\\\/image\\\/\",\"url\":\"https:\\\/\\\/www.ballettodanceshop.com\\\/wp-content\\\/uploads\\\/2025\\\/06\\\/LOGO-1.png\",\"contentUrl\":\"https:\\\/\\\/www.ballettodanceshop.com\\\/wp-content\\\/uploads\\\/2025\\\/06\\\/LOGO-1.png\",\"width\":508,\"height\":209,\"caption\":\"Balletto Dance Shop\"},\"image\":{\"@id\":\"https:\\\/\\\/www.ballettodanceshop.com\\\/#\\\/schema\\\/logo\\\/image\\\/\"},\"sameAs\":[\"https:\\\/\\\/www.facebook.com\\\/Ballettodanceshop\\\/\",\"https:\\\/\\\/x.com\\\/ballettodance\",\"https:\\\/\\\/www.tiktok.com\\\/@ballettodanceshop\",\"https:\\\/\\\/fr.linkedin.com\\\/company\\\/ballettodaneshop\",\"https:\\\/\\\/fr.pinterest.com\\\/ballettodanceshop\\\/\",\"https:\\\/\\\/www.threads.com\\\/@ballettodanceshop\",\"https:\\\/\\\/www.instagram.com\\\/ballettodanceshop\\\/\",\"https:\\\/\\\/www.youtube.com\\\/@ballettodanceshop\"]}]}<\/script>\n<!-- \/ Yoast SEO plugin. -->","yoast_head_json":{"title":"Fishnet Tights Premium Cabaret - Balletto Dance Shop","description":"For Cabaret, French Cancan and all Latin Dances. Our PREMIUM FISHNET TIGHTS can also be easily worn in town at any time.","robots":{"index":"index","follow":"follow","max-snippet":"max-snippet:-1","max-image-preview":"max-image-preview:large","max-video-preview":"max-video-preview:-1"},"canonical":"https:\/\/www.ballettodanceshop.com\/en\/premium-cabaret-fishnet-stockings\/","og_locale":"en_GB","og_type":"article","og_title":"Collants R\u00e9sille Cabaret Premium - Balletto Dance Shop","og_description":"Pour le Cabaret, le French Cancan et toutes les Danses Latines. Nos COLLANTS RESILLE PREMIUM peuvent aussi \u00eatre port\u00e9 facilement en ville \u00e0 tout moment.","og_url":"https:\/\/www.ballettodanceshop.com\/en\/premium-cabaret-fishnet-stockings\/","og_site_name":"Balletto Dance Shop","article_publisher":"https:\/\/www.facebook.com\/Ballettodanceshop\/","article_modified_time":"2026-04-30T05:59:25+00:00","og_image":[{"width":900,"height":1200,"url":"https:\/\/www.ballettodanceshop.com\/wp-content\/uploads\/2025\/07\/Collants_Resilles_Pro_Toast.jpg","type":"image\/jpeg"}],"twitter_card":"summary_large_image","twitter_site":"@ballettodance","twitter_misc":{"Estimated reading time":"1 minute"},"schema":{"@context":"https:\/\/schema.org","@graph":[{"@type":"WebPage","@id":"https:\/\/www.ballettodanceshop.com\/collants-resille-cabaret-premium\/","url":"https:\/\/www.ballettodanceshop.com\/collants-resille-cabaret-premium\/","name":"Fishnet Tights Premium Cabaret - Balletto Dance Shop","isPartOf":{"@id":"https:\/\/www.ballettodanceshop.com\/#website"},"primaryImageOfPage":{"@id":"https:\/\/www.ballettodanceshop.com\/collants-resille-cabaret-premium\/#primaryimage"},"image":{"@id":"https:\/\/www.ballettodanceshop.com\/collants-resille-cabaret-premium\/#primaryimage"},"thumbnailUrl":"https:\/\/www.ballettodanceshop.com\/wp-content\/uploads\/2025\/07\/Collants_Resilles_Pro_Toast.jpg","datePublished":"2021-06-26T11:48:00+00:00","dateModified":"2026-04-30T05:59:25+00:00","description":"For Cabaret, French Cancan and all Latin Dances. Our PREMIUM FISHNET TIGHTS can also be easily worn in town at any time.","breadcrumb":{"@id":"https:\/\/www.ballettodanceshop.com\/collants-resille-cabaret-premium\/#breadcrumb"},"inLanguage":"en-GB","potentialAction":[{"@type":"ReadAction","target":["https:\/\/www.ballettodanceshop.com\/collants-resille-cabaret-premium\/"]}]},{"@type":"ImageObject","inLanguage":"en-GB","@id":"https:\/\/www.ballettodanceshop.com\/collants-resille-cabaret-premium\/#primaryimage","url":"https:\/\/www.ballettodanceshop.com\/wp-content\/uploads\/2025\/07\/Collants_Resilles_Pro_Toast.jpg","contentUrl":"https:\/\/www.ballettodanceshop.com\/wp-content\/uploads\/2025\/07\/Collants_Resilles_Pro_Toast.jpg","width":900,"height":1200,"caption":"Collants R\u00e9silles Cabaret"},{"@type":"BreadcrumbList","@id":"https:\/\/www.ballettodanceshop.com\/collants-resille-cabaret-premium\/#breadcrumb","itemListElement":[{"@type":"ListItem","position":1,"name":"Accueil","item":"https:\/\/www.ballettodanceshop.com\/"},{"@type":"ListItem","position":2,"name":"Produits","item":"https:\/\/www.ballettodanceshop.com\/boutique\/"},{"@type":"ListItem","position":3,"name":"Collants R\u00e9sille Cabaret Premium"}]},{"@type":"WebSite","@id":"https:\/\/www.ballettodanceshop.com\/#website","url":"https:\/\/www.ballettodanceshop.com\/","name":"Balletto Dance Shop","description":"Keep Dancing!","publisher":{"@id":"https:\/\/www.ballettodanceshop.com\/#organization"},"alternateName":"Balletto","potentialAction":[{"@type":"SearchAction","target":{"@type":"EntryPoint","urlTemplate":"https:\/\/www.ballettodanceshop.com\/?s={search_term_string}"},"query-input":{"@type":"PropertyValueSpecification","valueRequired":true,"valueName":"search_term_string"}}],"inLanguage":"en-GB"},{"@type":"Organization","@id":"https:\/\/www.ballettodanceshop.com\/#organization","name":"Balletto Dance Shop","alternateName":"Balletto","url":"https:\/\/www.ballettodanceshop.com\/","logo":{"@type":"ImageObject","inLanguage":"en-GB","@id":"https:\/\/www.ballettodanceshop.com\/#\/schema\/logo\/image\/","url":"https:\/\/www.ballettodanceshop.com\/wp-content\/uploads\/2025\/06\/LOGO-1.png","contentUrl":"https:\/\/www.ballettodanceshop.com\/wp-content\/uploads\/2025\/06\/LOGO-1.png","width":508,"height":209,"caption":"Balletto Dance Shop"},"image":{"@id":"https:\/\/www.ballettodanceshop.com\/#\/schema\/logo\/image\/"},"sameAs":["https:\/\/www.facebook.com\/Ballettodanceshop\/","https:\/\/x.com\/ballettodance","https:\/\/www.tiktok.com\/@ballettodanceshop","https:\/\/fr.linkedin.com\/company\/ballettodaneshop","https:\/\/fr.pinterest.com\/ballettodanceshop\/","https:\/\/www.threads.com\/@ballettodanceshop","https:\/\/www.instagram.com\/ballettodanceshop\/","https:\/\/www.youtube.com\/@ballettodanceshop"]}]}},"_links":{"self":[{"href":"https:\/\/www.ballettodanceshop.com\/en\/wp-json\/wp\/v2\/product\/55777","targetHints":{"allow":["GET"]}}],"collection":[{"href":"https:\/\/www.ballettodanceshop.com\/en\/wp-json\/wp\/v2\/product"}],"about":[{"href":"https:\/\/www.ballettodanceshop.com\/en\/wp-json\/wp\/v2\/types\/product"}],"replies":[{"embeddable":true,"href":"https:\/\/www.ballettodanceshop.com\/en\/wp-json\/wp\/v2\/comments?post=55777"}],"wp:featuredmedia":[{"embeddable":true,"href":"https:\/\/www.ballettodanceshop.com\/en\/wp-json\/wp\/v2\/media\/9976"}],"wp:attachment":[{"href":"https:\/\/www.ballettodanceshop.com\/en\/wp-json\/wp\/v2\/media?parent=55777"}],"wp:term":[{"taxonomy":"product_brand","embeddable":true,"href":"https:\/\/www.ballettodanceshop.com\/en\/wp-json\/wp\/v2\/product_brand?post=55777"},{"taxonomy":"product_cat","embeddable":true,"href":"https:\/\/www.ballettodanceshop.com\/en\/wp-json\/wp\/v2\/product_cat?post=55777"},{"taxonomy":"product_tag","embeddable":true,"href":"https:\/\/www.ballettodanceshop.com\/en\/wp-json\/wp\/v2\/product_tag?post=55777"}],"curies":[{"name":"wp","href":"https:\/\/api.w.org\/{rel}","templated":true}]}}