{"id":55760,"date":"2021-06-16T12:20:19","date_gmt":"2021-06-16T10:20:19","guid":{"rendered":"https:\/\/www.ballettodanceshop.com\/tapis-studio-danse\/"},"modified":"2025-09-23T18:55:09","modified_gmt":"2025-09-23T16:55:09","slug":"dance-studio-floor","status":"publish","type":"product","link":"https:\/\/www.ballettodanceshop.com\/en\/tapis-studio-danse\/","title":{"rendered":"Studio Dance Mat"},"content":{"rendered":"<p><strong>Studio Dance Mat<\/strong><\/p>\n<p>Custom-made to the dimensions of your studio.<br \/>\n<strong>Ask for a quote!<\/strong><\/p>\n<p>Size from 2m x 1.50m \/ \u20ac189.<\/p>\n<p><strong>Thickness: 3mm \/ Weight: 8kg<\/strong><\/p>\n<p><strong>Quality Certificate: ISO-9001 Class A<\/strong><\/p>\n<p><strong>Indoor Air Emissions: A+<\/strong><\/p>\n<p><strong>Sound insulation in accordance with EN ISO 717-2<\/strong><\/p>\n<p>Maintenance: Simple damp wiping with neutral detergent or without.<\/p>\n<p><strong>Designed in Bordeaux-France<\/strong><\/p>","protected":false},"excerpt":{"rendered":"<p><strong>From \u20ac189<\/strong><\/p>\n<p>Equip your dance studio with a <strong>made-to-measure carpets<\/strong> !<br \/>\nChoose your colour and ask for your <strong>quote online<\/strong>.<br \/>\nNous vous r\u00e9pondrons sous 24h avec votre offre personnalis\u00e9e.<\/p>\n<p>Nous avons pris le temps de s\u00e9lectionner pour vous un produit Haut de Gamme Con\u00e7u et Fabriqu\u00e9 sur mesure \u00e0 Bordeaux.<\/p>\n<p>Homogenous PVC specifically for dance.<\/p>\n<p>Une surface de danse r\u00e9sistante avec une sous couche arm\u00e9e d\u2019un voile de verre et d\u2019un support stabilis\u00e9 en mousse PVC ainsi que d\u2019un classement de r\u00e9action au feu BFL-S1.<\/p>\n<div class=\"desc\">\n<div class=\"link-pinterest-follow-us\">Rev\u00eatement de sol h\u00e9t\u00e9rog\u00e8ne acoustique b\u00e9n\u00e9ficiant d\u2019une sous couche arm\u00e9e d\u2019un voile de verre et d\u2019un support stabilis\u00e9 en mousse PVC. Sa couche d\u2019usure de 0,50 mm est renforc\u00e9e par un traitement de surface HyperGuard\u00ae qui supprime toute m\u00e9tallisation et apporte une excellente r\u00e9sistance.<\/div>\n<p>&nbsp;<\/p>\n<\/div>\n<div class=\"caracteristique\"><\/div>\n<p>Ce tapis peut \u00eatre pos\u00e9 sur n\u2019importe quelle surface lisse et dure pour prot\u00e9ger le sol existant et fournir une surface appropri\u00e9e pour tous les types de danse \u00e0 l\u2019exception des danses percussives, car le support \u00e0 cellules ferm\u00e9es offre un l\u00e9ger amorti. Il peut \u00eatre pos\u00e9 \u00e9galement sur un sol chauff\u00e9.<\/p>\n<p>Vous vous sentirez en parfaite confiance durant vos cours en Visio. Le Tapis de Danse\u00a0<strong>Balletto Dance Shop<\/strong>\u00a0est le plus couramment utilis\u00e9 pour le:<\/p>\n<p><strong>Classical Ballet (including Pirouettes and Pointe work), Barre au Sol, Modern Jazz, Contemporary Dance, Aerobics, Zumba, Jazz and Hip-Hop<\/strong>.<\/p>\n<p>Rigid, it does not crease or wrinkle and remains stable.<\/p>\n<p><strong>Tested and approved by dance teachers.<\/strong><\/p>\n<p>This Carpet\u00a0<b>complies with European and French CE \/ NF standards and is 100% Recyclable.<\/b><\/p>\n<p>It's easy to store: just roll it up and store it upright or lying down.<\/p>\n<p><strong>Free Shipping<\/strong><\/p>","protected":false},"featured_media":7838,"comment_status":"open","ping_status":"closed","template":"","meta":{"_acf_changed":false},"product_brand":[],"product_cat":[92,110,102,98,94,90,106,66,100,96,67,247,165,99,93,65,112,95,246,19,25,26,23,68,123,124,61,89,105,91,109,696,62,101,97],"product_tag":[809,790],"class_list":{"0":"post-55760","1":"product","2":"type-product","3":"status-publish","4":"has-post-thumbnail","6":"product_cat-accessoires-jazz","7":"product_cat-accessoires-jazz-filles","8":"product_cat-accessoires-classique-hommes","9":"product_cat-accessoires-contemporain","10":"product_cat-accessoires-classique-garcons","11":"product_cat-accessoires-jazz-hommes","12":"product_cat-accessoires-jazz-garcons","13":"product_cat-accessoires-classique-filles","14":"product_cat-accessoires-caractere-hommes","15":"product_cat-accessoires-contemporain-hommes","16":"product_cat-accessoires","17":"product_cat-accessoires-caractere","18":"product_cat-barres-et-miroirs-de-danse","19":"product_cat-caractere-hommes","20":"product_cat-classique-garcons","21":"product_cat-classique-filles","22":"product_cat-contemporain-filles","23":"product_cat-contemporain-hommes","24":"product_cat-caractere","25":"product_cat-femmes","26":"product_cat-filles","27":"product_cat-garcons","28":"product_cat-hommes","29":"product_cat-idees-cadeaux-filles","30":"product_cat-idees-cadeaux-hommes","31":"product_cat-idees-cadeaux-garcons","32":"product_cat-idees-cadeaux","33":"product_cat-jazz-hommes","34":"product_cat-jazz-garcons","35":"product_cat-jazz","36":"product_cat-jazz-filles","37":"product_cat-tapis-de-danse","38":"product_cat-classique","39":"product_cat-classique-hommes","40":"product_cat-contemporain","41":"product_tag-barres-miroirs","42":"product_tag-livraison-1-a-2-semaines","43":"product_shipping_class-tapis-de-danse","45":"first","46":"instock","47":"taxable","48":"shipping-taxable","49":"purchasable","50":"product-type-variable"},"acf":[],"yoast_head":"<!-- This site is optimized with the Yoast SEO plugin v27.4 - https:\/\/yoast.com\/product\/yoast-seo-wordpress\/ -->\n<title>Tapis de Danse Studio- Balletto Dance Shop<\/title>\n<meta name=\"description\" content=\"Cr\u00e9e et con\u00e7u sur mesure par Balletto Dance Shop \u00e0 Bordeaux. Tapis de Danse de Qualit\u00e9 Premium in\u00e9gal\u00e9e. Plusieurs coloris disponibles.\" \/>\n<meta name=\"robots\" content=\"index, follow, max-snippet:-1, max-image-preview:large, max-video-preview:-1\" \/>\n<link rel=\"canonical\" href=\"https:\/\/www.ballettodanceshop.com\/en\/dance-studio-floor\/\" \/>\n<meta property=\"og:locale\" content=\"en_GB\" \/>\n<meta property=\"og:type\" content=\"article\" \/>\n<meta property=\"og:title\" content=\"Tapis de Danse Studio- Balletto Dance Shop\" \/>\n<meta property=\"og:description\" content=\"Cr\u00e9e et con\u00e7u sur mesure par Balletto Dance Shop \u00e0 Bordeaux. Tapis de Danse de Qualit\u00e9 Premium in\u00e9gal\u00e9e. Plusieurs coloris disponibles.\" \/>\n<meta property=\"og:url\" content=\"https:\/\/www.ballettodanceshop.com\/en\/dance-studio-floor\/\" \/>\n<meta property=\"og:site_name\" content=\"Balletto Dance Shop\" \/>\n<meta property=\"article:publisher\" content=\"https:\/\/www.facebook.com\/Ballettodanceshop\/\" \/>\n<meta property=\"article:modified_time\" content=\"2025-09-23T16:55:09+00:00\" \/>\n<meta property=\"og:image\" content=\"https:\/\/www.ballettodanceshop.com\/wp-content\/uploads\/2025\/07\/Tapis_danse_individuel_Balletto_dance_shop.jpg\" \/>\n\t<meta property=\"og:image:width\" content=\"828\" \/>\n\t<meta property=\"og:image:height\" content=\"875\" \/>\n\t<meta property=\"og:image:type\" content=\"image\/jpeg\" \/>\n<meta name=\"twitter:card\" content=\"summary_large_image\" \/>\n<meta name=\"twitter:site\" content=\"@ballettodance\" \/>\n<meta name=\"twitter:label1\" content=\"Estimated reading time\" \/>\n\t<meta name=\"twitter:data1\" content=\"1 minute\" \/>\n<script type=\"application\/ld+json\" class=\"yoast-schema-graph\">{\"@context\":\"https:\\\/\\\/schema.org\",\"@graph\":[{\"@type\":\"WebPage\",\"@id\":\"https:\\\/\\\/www.ballettodanceshop.com\\\/tapis-studio-danse\\\/\",\"url\":\"https:\\\/\\\/www.ballettodanceshop.com\\\/tapis-studio-danse\\\/\",\"name\":\"Tapis de Danse Studio- Balletto Dance Shop\",\"isPartOf\":{\"@id\":\"https:\\\/\\\/www.ballettodanceshop.com\\\/#website\"},\"primaryImageOfPage\":{\"@id\":\"https:\\\/\\\/www.ballettodanceshop.com\\\/tapis-studio-danse\\\/#primaryimage\"},\"image\":{\"@id\":\"https:\\\/\\\/www.ballettodanceshop.com\\\/tapis-studio-danse\\\/#primaryimage\"},\"thumbnailUrl\":\"https:\\\/\\\/www.ballettodanceshop.com\\\/wp-content\\\/uploads\\\/2025\\\/07\\\/Tapis_danse_individuel_Balletto_dance_shop.jpg\",\"datePublished\":\"2021-06-16T10:20:19+00:00\",\"dateModified\":\"2025-09-23T16:55:09+00:00\",\"description\":\"Cr\u00e9e et con\u00e7u sur mesure par Balletto Dance Shop \u00e0 Bordeaux. Tapis de Danse de Qualit\u00e9 Premium in\u00e9gal\u00e9e. Plusieurs coloris disponibles.\",\"breadcrumb\":{\"@id\":\"https:\\\/\\\/www.ballettodanceshop.com\\\/tapis-studio-danse\\\/#breadcrumb\"},\"inLanguage\":\"en-GB\",\"potentialAction\":[{\"@type\":\"ReadAction\",\"target\":[\"https:\\\/\\\/www.ballettodanceshop.com\\\/tapis-studio-danse\\\/\"]}]},{\"@type\":\"ImageObject\",\"inLanguage\":\"en-GB\",\"@id\":\"https:\\\/\\\/www.ballettodanceshop.com\\\/tapis-studio-danse\\\/#primaryimage\",\"url\":\"https:\\\/\\\/www.ballettodanceshop.com\\\/wp-content\\\/uploads\\\/2025\\\/07\\\/Tapis_danse_individuel_Balletto_dance_shop.jpg\",\"contentUrl\":\"https:\\\/\\\/www.ballettodanceshop.com\\\/wp-content\\\/uploads\\\/2025\\\/07\\\/Tapis_danse_individuel_Balletto_dance_shop.jpg\",\"width\":828,\"height\":875,\"caption\":\"TAPIS STUDIO DANSE\"},{\"@type\":\"BreadcrumbList\",\"@id\":\"https:\\\/\\\/www.ballettodanceshop.com\\\/tapis-studio-danse\\\/#breadcrumb\",\"itemListElement\":[{\"@type\":\"ListItem\",\"position\":1,\"name\":\"Accueil\",\"item\":\"https:\\\/\\\/www.ballettodanceshop.com\\\/\"},{\"@type\":\"ListItem\",\"position\":2,\"name\":\"Produits\",\"item\":\"https:\\\/\\\/www.ballettodanceshop.com\\\/boutique\\\/\"},{\"@type\":\"ListItem\",\"position\":3,\"name\":\"Tapis Studio Danse\"}]},{\"@type\":\"WebSite\",\"@id\":\"https:\\\/\\\/www.ballettodanceshop.com\\\/#website\",\"url\":\"https:\\\/\\\/www.ballettodanceshop.com\\\/\",\"name\":\"Balletto Dance Shop\",\"description\":\"Keep Dancing !\",\"publisher\":{\"@id\":\"https:\\\/\\\/www.ballettodanceshop.com\\\/#organization\"},\"alternateName\":\"Balletto\",\"potentialAction\":[{\"@type\":\"SearchAction\",\"target\":{\"@type\":\"EntryPoint\",\"urlTemplate\":\"https:\\\/\\\/www.ballettodanceshop.com\\\/?s={search_term_string}\"},\"query-input\":{\"@type\":\"PropertyValueSpecification\",\"valueRequired\":true,\"valueName\":\"search_term_string\"}}],\"inLanguage\":\"en-GB\"},{\"@type\":\"Organization\",\"@id\":\"https:\\\/\\\/www.ballettodanceshop.com\\\/#organization\",\"name\":\"Balletto Dance Shop\",\"alternateName\":\"Balletto\",\"url\":\"https:\\\/\\\/www.ballettodanceshop.com\\\/\",\"logo\":{\"@type\":\"ImageObject\",\"inLanguage\":\"en-GB\",\"@id\":\"https:\\\/\\\/www.ballettodanceshop.com\\\/#\\\/schema\\\/logo\\\/image\\\/\",\"url\":\"https:\\\/\\\/www.ballettodanceshop.com\\\/wp-content\\\/uploads\\\/2025\\\/06\\\/LOGO-1.png\",\"contentUrl\":\"https:\\\/\\\/www.ballettodanceshop.com\\\/wp-content\\\/uploads\\\/2025\\\/06\\\/LOGO-1.png\",\"width\":508,\"height\":209,\"caption\":\"Balletto Dance Shop\"},\"image\":{\"@id\":\"https:\\\/\\\/www.ballettodanceshop.com\\\/#\\\/schema\\\/logo\\\/image\\\/\"},\"sameAs\":[\"https:\\\/\\\/www.facebook.com\\\/Ballettodanceshop\\\/\",\"https:\\\/\\\/x.com\\\/ballettodance\",\"https:\\\/\\\/www.tiktok.com\\\/@ballettodanceshop\",\"https:\\\/\\\/fr.linkedin.com\\\/company\\\/ballettodaneshop\",\"https:\\\/\\\/fr.pinterest.com\\\/ballettodanceshop\\\/\",\"https:\\\/\\\/www.threads.com\\\/@ballettodanceshop\",\"https:\\\/\\\/www.instagram.com\\\/ballettodanceshop\\\/\",\"https:\\\/\\\/www.youtube.com\\\/@ballettodanceshop\"]}]}<\/script>\n<!-- \/ Yoast SEO plugin. -->","yoast_head_json":{"title":"Studio- Balletto Dance Shop dance floor","description":"Created and designed to measure by Balletto Dance Shop in Bordeaux. Dance floor of unrivalled Premium Quality. Several colours available.","robots":{"index":"index","follow":"follow","max-snippet":"max-snippet:-1","max-image-preview":"max-image-preview:large","max-video-preview":"max-video-preview:-1"},"canonical":"https:\/\/www.ballettodanceshop.com\/en\/dance-studio-floor\/","og_locale":"en_GB","og_type":"article","og_title":"Tapis de Danse Studio- Balletto Dance Shop","og_description":"Cr\u00e9e et con\u00e7u sur mesure par Balletto Dance Shop \u00e0 Bordeaux. Tapis de Danse de Qualit\u00e9 Premium in\u00e9gal\u00e9e. Plusieurs coloris disponibles.","og_url":"https:\/\/www.ballettodanceshop.com\/en\/dance-studio-floor\/","og_site_name":"Balletto Dance Shop","article_publisher":"https:\/\/www.facebook.com\/Ballettodanceshop\/","article_modified_time":"2025-09-23T16:55:09+00:00","og_image":[{"width":828,"height":875,"url":"https:\/\/www.ballettodanceshop.com\/wp-content\/uploads\/2025\/07\/Tapis_danse_individuel_Balletto_dance_shop.jpg","type":"image\/jpeg"}],"twitter_card":"summary_large_image","twitter_site":"@ballettodance","twitter_misc":{"Estimated reading time":"1 minute"},"schema":{"@context":"https:\/\/schema.org","@graph":[{"@type":"WebPage","@id":"https:\/\/www.ballettodanceshop.com\/tapis-studio-danse\/","url":"https:\/\/www.ballettodanceshop.com\/tapis-studio-danse\/","name":"Studio- Balletto Dance Shop dance floor","isPartOf":{"@id":"https:\/\/www.ballettodanceshop.com\/#website"},"primaryImageOfPage":{"@id":"https:\/\/www.ballettodanceshop.com\/tapis-studio-danse\/#primaryimage"},"image":{"@id":"https:\/\/www.ballettodanceshop.com\/tapis-studio-danse\/#primaryimage"},"thumbnailUrl":"https:\/\/www.ballettodanceshop.com\/wp-content\/uploads\/2025\/07\/Tapis_danse_individuel_Balletto_dance_shop.jpg","datePublished":"2021-06-16T10:20:19+00:00","dateModified":"2025-09-23T16:55:09+00:00","description":"Created and designed to measure by Balletto Dance Shop in Bordeaux. Dance floor of unrivalled Premium Quality. Several colours available.","breadcrumb":{"@id":"https:\/\/www.ballettodanceshop.com\/tapis-studio-danse\/#breadcrumb"},"inLanguage":"en-GB","potentialAction":[{"@type":"ReadAction","target":["https:\/\/www.ballettodanceshop.com\/tapis-studio-danse\/"]}]},{"@type":"ImageObject","inLanguage":"en-GB","@id":"https:\/\/www.ballettodanceshop.com\/tapis-studio-danse\/#primaryimage","url":"https:\/\/www.ballettodanceshop.com\/wp-content\/uploads\/2025\/07\/Tapis_danse_individuel_Balletto_dance_shop.jpg","contentUrl":"https:\/\/www.ballettodanceshop.com\/wp-content\/uploads\/2025\/07\/Tapis_danse_individuel_Balletto_dance_shop.jpg","width":828,"height":875,"caption":"TAPIS STUDIO DANSE"},{"@type":"BreadcrumbList","@id":"https:\/\/www.ballettodanceshop.com\/tapis-studio-danse\/#breadcrumb","itemListElement":[{"@type":"ListItem","position":1,"name":"Accueil","item":"https:\/\/www.ballettodanceshop.com\/"},{"@type":"ListItem","position":2,"name":"Produits","item":"https:\/\/www.ballettodanceshop.com\/boutique\/"},{"@type":"ListItem","position":3,"name":"Tapis Studio Danse"}]},{"@type":"WebSite","@id":"https:\/\/www.ballettodanceshop.com\/#website","url":"https:\/\/www.ballettodanceshop.com\/","name":"Balletto Dance Shop","description":"Keep Dancing!","publisher":{"@id":"https:\/\/www.ballettodanceshop.com\/#organization"},"alternateName":"Balletto","potentialAction":[{"@type":"SearchAction","target":{"@type":"EntryPoint","urlTemplate":"https:\/\/www.ballettodanceshop.com\/?s={search_term_string}"},"query-input":{"@type":"PropertyValueSpecification","valueRequired":true,"valueName":"search_term_string"}}],"inLanguage":"en-GB"},{"@type":"Organization","@id":"https:\/\/www.ballettodanceshop.com\/#organization","name":"Balletto Dance Shop","alternateName":"Balletto","url":"https:\/\/www.ballettodanceshop.com\/","logo":{"@type":"ImageObject","inLanguage":"en-GB","@id":"https:\/\/www.ballettodanceshop.com\/#\/schema\/logo\/image\/","url":"https:\/\/www.ballettodanceshop.com\/wp-content\/uploads\/2025\/06\/LOGO-1.png","contentUrl":"https:\/\/www.ballettodanceshop.com\/wp-content\/uploads\/2025\/06\/LOGO-1.png","width":508,"height":209,"caption":"Balletto Dance Shop"},"image":{"@id":"https:\/\/www.ballettodanceshop.com\/#\/schema\/logo\/image\/"},"sameAs":["https:\/\/www.facebook.com\/Ballettodanceshop\/","https:\/\/x.com\/ballettodance","https:\/\/www.tiktok.com\/@ballettodanceshop","https:\/\/fr.linkedin.com\/company\/ballettodaneshop","https:\/\/fr.pinterest.com\/ballettodanceshop\/","https:\/\/www.threads.com\/@ballettodanceshop","https:\/\/www.instagram.com\/ballettodanceshop\/","https:\/\/www.youtube.com\/@ballettodanceshop"]}]}},"_links":{"self":[{"href":"https:\/\/www.ballettodanceshop.com\/en\/wp-json\/wp\/v2\/product\/55760","targetHints":{"allow":["GET"]}}],"collection":[{"href":"https:\/\/www.ballettodanceshop.com\/en\/wp-json\/wp\/v2\/product"}],"about":[{"href":"https:\/\/www.ballettodanceshop.com\/en\/wp-json\/wp\/v2\/types\/product"}],"replies":[{"embeddable":true,"href":"https:\/\/www.ballettodanceshop.com\/en\/wp-json\/wp\/v2\/comments?post=55760"}],"wp:featuredmedia":[{"embeddable":true,"href":"https:\/\/www.ballettodanceshop.com\/en\/wp-json\/wp\/v2\/media\/7838"}],"wp:attachment":[{"href":"https:\/\/www.ballettodanceshop.com\/en\/wp-json\/wp\/v2\/media?parent=55760"}],"wp:term":[{"taxonomy":"product_brand","embeddable":true,"href":"https:\/\/www.ballettodanceshop.com\/en\/wp-json\/wp\/v2\/product_brand?post=55760"},{"taxonomy":"product_cat","embeddable":true,"href":"https:\/\/www.ballettodanceshop.com\/en\/wp-json\/wp\/v2\/product_cat?post=55760"},{"taxonomy":"product_tag","embeddable":true,"href":"https:\/\/www.ballettodanceshop.com\/en\/wp-json\/wp\/v2\/product_tag?post=55760"}],"curies":[{"name":"wp","href":"https:\/\/api.w.org\/{rel}","templated":true}]}}