{"id":55757,"date":"2021-06-16T10:36:20","date_gmt":"2021-06-16T08:36:20","guid":{"rendered":"https:\/\/www.ballettodanceshop.com\/jupette-lulli-dancewear-ksenia\/"},"modified":"2026-01-13T14:38:51","modified_gmt":"2026-01-13T13:38:51","slug":"skirt-lulli-dancewear-ksenia","status":"publish","type":"product","link":"https:\/\/www.ballettodanceshop.com\/en\/jupette-lulli-dancewear-ksenia\/","title":{"rendered":"Petticoat Lulli Dancewear Ksenia"},"content":{"rendered":"<p><strong>Petticoat Lulli Dancewear Ksenia<\/strong><\/p>\n<p>Fabric: Microfibre<br \/>\nComposition: 92%Tactel 8%Spandex<\/p>\n<p>Size XS\/S = 36-38<\/p>","protected":false},"excerpt":{"rendered":"<p>Top-of-the-range dance skirt.<\/p>\n<p>Short, matt black.<\/p>\n<p>Easy to put on thanks to its waistband and high-stretch fabric.<\/p>\n<p>It can be matched with many leotards.<\/p>\n<p>&nbsp;<\/p>\n<p>&nbsp;<\/p>","protected":false},"featured_media":9952,"comment_status":"open","ping_status":"closed","template":"","meta":{"_acf_changed":false},"product_brand":[],"product_cat":[19,462,561,62],"product_tag":[786],"class_list":{"0":"post-55757","1":"product","2":"type-product","3":"status-publish","4":"has-post-thumbnail","6":"product_cat-femmes","7":"product_cat-jupes-jupettes","8":"product_cat-lulli-dancewear","9":"product_cat-classique","10":"product_tag-livraison-24-a-48h","12":"first","13":"instock","14":"taxable","15":"shipping-taxable","16":"purchasable","17":"product-type-variable"},"acf":[],"yoast_head":"<!-- This site is optimized with the Yoast SEO plugin v27.4 - https:\/\/yoast.com\/product\/yoast-seo-wordpress\/ -->\n<title>Jupette Lulli Dancewear Ksenia - Balletto Dance Shop<\/title>\n<meta name=\"description\" content=\"Jupe de danse classique courte et mat en Tactel. Facile \u00e0 enfiler gr\u00e2ce \u00e0 sa coupe et sa matiere tr\u00e8s stretch.\" \/>\n<meta name=\"robots\" content=\"index, follow, max-snippet:-1, max-image-preview:large, max-video-preview:-1\" \/>\n<link rel=\"canonical\" href=\"https:\/\/www.ballettodanceshop.com\/en\/skirt-lulli-dancewear-ksenia\/\" \/>\n<meta property=\"og:locale\" content=\"en_GB\" \/>\n<meta property=\"og:type\" content=\"article\" \/>\n<meta property=\"og:title\" content=\"Jupette Lulli Dancewear Ksenia - Balletto Dance Shop\" \/>\n<meta property=\"og:description\" content=\"Jupe de danse classique courte et mat en Tactel. Facile \u00e0 enfiler gr\u00e2ce \u00e0 sa coupe et sa matiere tr\u00e8s stretch.\" \/>\n<meta property=\"og:url\" content=\"https:\/\/www.ballettodanceshop.com\/en\/skirt-lulli-dancewear-ksenia\/\" \/>\n<meta property=\"og:site_name\" content=\"Balletto Dance Shop\" \/>\n<meta property=\"article:publisher\" content=\"https:\/\/www.facebook.com\/Ballettodanceshop\/\" \/>\n<meta property=\"article:modified_time\" content=\"2026-01-13T13:38:51+00:00\" \/>\n<meta property=\"og:image\" content=\"https:\/\/www.ballettodanceshop.com\/wp-content\/uploads\/2025\/07\/Jupette_Lulli-Ksenia.jpg\" \/>\n\t<meta property=\"og:image:width\" content=\"969\" \/>\n\t<meta property=\"og:image:height\" content=\"1200\" \/>\n\t<meta property=\"og:image:type\" content=\"image\/jpeg\" \/>\n<meta name=\"twitter:card\" content=\"summary_large_image\" \/>\n<meta name=\"twitter:site\" content=\"@ballettodance\" \/>\n<meta name=\"twitter:label1\" content=\"Estimated reading time\" \/>\n\t<meta name=\"twitter:data1\" content=\"1 minute\" \/>\n<script type=\"application\/ld+json\" class=\"yoast-schema-graph\">{\"@context\":\"https:\\\/\\\/schema.org\",\"@graph\":[{\"@type\":\"WebPage\",\"@id\":\"https:\\\/\\\/www.ballettodanceshop.com\\\/jupette-lulli-dancewear-ksenia\\\/\",\"url\":\"https:\\\/\\\/www.ballettodanceshop.com\\\/jupette-lulli-dancewear-ksenia\\\/\",\"name\":\"Jupette Lulli Dancewear Ksenia - Balletto Dance Shop\",\"isPartOf\":{\"@id\":\"https:\\\/\\\/www.ballettodanceshop.com\\\/#website\"},\"primaryImageOfPage\":{\"@id\":\"https:\\\/\\\/www.ballettodanceshop.com\\\/jupette-lulli-dancewear-ksenia\\\/#primaryimage\"},\"image\":{\"@id\":\"https:\\\/\\\/www.ballettodanceshop.com\\\/jupette-lulli-dancewear-ksenia\\\/#primaryimage\"},\"thumbnailUrl\":\"https:\\\/\\\/www.ballettodanceshop.com\\\/wp-content\\\/uploads\\\/2025\\\/07\\\/Jupette_Lulli-Ksenia.jpg\",\"datePublished\":\"2021-06-16T08:36:20+00:00\",\"dateModified\":\"2026-01-13T13:38:51+00:00\",\"description\":\"Jupe de danse classique courte et mat en Tactel. Facile \u00e0 enfiler gr\u00e2ce \u00e0 sa coupe et sa matiere tr\u00e8s stretch.\",\"breadcrumb\":{\"@id\":\"https:\\\/\\\/www.ballettodanceshop.com\\\/jupette-lulli-dancewear-ksenia\\\/#breadcrumb\"},\"inLanguage\":\"en-GB\",\"potentialAction\":[{\"@type\":\"ReadAction\",\"target\":[\"https:\\\/\\\/www.ballettodanceshop.com\\\/jupette-lulli-dancewear-ksenia\\\/\"]}]},{\"@type\":\"ImageObject\",\"inLanguage\":\"en-GB\",\"@id\":\"https:\\\/\\\/www.ballettodanceshop.com\\\/jupette-lulli-dancewear-ksenia\\\/#primaryimage\",\"url\":\"https:\\\/\\\/www.ballettodanceshop.com\\\/wp-content\\\/uploads\\\/2025\\\/07\\\/Jupette_Lulli-Ksenia.jpg\",\"contentUrl\":\"https:\\\/\\\/www.ballettodanceshop.com\\\/wp-content\\\/uploads\\\/2025\\\/07\\\/Jupette_Lulli-Ksenia.jpg\",\"width\":969,\"height\":1200,\"caption\":\"Lulli Dancewear Ksenia\"},{\"@type\":\"BreadcrumbList\",\"@id\":\"https:\\\/\\\/www.ballettodanceshop.com\\\/jupette-lulli-dancewear-ksenia\\\/#breadcrumb\",\"itemListElement\":[{\"@type\":\"ListItem\",\"position\":1,\"name\":\"Accueil\",\"item\":\"https:\\\/\\\/www.ballettodanceshop.com\\\/\"},{\"@type\":\"ListItem\",\"position\":2,\"name\":\"Produits\",\"item\":\"https:\\\/\\\/www.ballettodanceshop.com\\\/boutique\\\/\"},{\"@type\":\"ListItem\",\"position\":3,\"name\":\"Jupette Lulli Dancewear Ksenia\"}]},{\"@type\":\"WebSite\",\"@id\":\"https:\\\/\\\/www.ballettodanceshop.com\\\/#website\",\"url\":\"https:\\\/\\\/www.ballettodanceshop.com\\\/\",\"name\":\"Balletto Dance Shop\",\"description\":\"Keep Dancing !\",\"publisher\":{\"@id\":\"https:\\\/\\\/www.ballettodanceshop.com\\\/#organization\"},\"alternateName\":\"Balletto\",\"potentialAction\":[{\"@type\":\"SearchAction\",\"target\":{\"@type\":\"EntryPoint\",\"urlTemplate\":\"https:\\\/\\\/www.ballettodanceshop.com\\\/?s={search_term_string}\"},\"query-input\":{\"@type\":\"PropertyValueSpecification\",\"valueRequired\":true,\"valueName\":\"search_term_string\"}}],\"inLanguage\":\"en-GB\"},{\"@type\":\"Organization\",\"@id\":\"https:\\\/\\\/www.ballettodanceshop.com\\\/#organization\",\"name\":\"Balletto Dance Shop\",\"alternateName\":\"Balletto\",\"url\":\"https:\\\/\\\/www.ballettodanceshop.com\\\/\",\"logo\":{\"@type\":\"ImageObject\",\"inLanguage\":\"en-GB\",\"@id\":\"https:\\\/\\\/www.ballettodanceshop.com\\\/#\\\/schema\\\/logo\\\/image\\\/\",\"url\":\"https:\\\/\\\/www.ballettodanceshop.com\\\/wp-content\\\/uploads\\\/2025\\\/06\\\/LOGO-1.png\",\"contentUrl\":\"https:\\\/\\\/www.ballettodanceshop.com\\\/wp-content\\\/uploads\\\/2025\\\/06\\\/LOGO-1.png\",\"width\":508,\"height\":209,\"caption\":\"Balletto Dance Shop\"},\"image\":{\"@id\":\"https:\\\/\\\/www.ballettodanceshop.com\\\/#\\\/schema\\\/logo\\\/image\\\/\"},\"sameAs\":[\"https:\\\/\\\/www.facebook.com\\\/Ballettodanceshop\\\/\",\"https:\\\/\\\/x.com\\\/ballettodance\",\"https:\\\/\\\/www.tiktok.com\\\/@ballettodanceshop\",\"https:\\\/\\\/fr.linkedin.com\\\/company\\\/ballettodaneshop\",\"https:\\\/\\\/fr.pinterest.com\\\/ballettodanceshop\\\/\",\"https:\\\/\\\/www.threads.com\\\/@ballettodanceshop\",\"https:\\\/\\\/www.instagram.com\\\/ballettodanceshop\\\/\",\"https:\\\/\\\/www.youtube.com\\\/@ballettodanceshop\"]}]}<\/script>\n<!-- \/ Yoast SEO plugin. -->","yoast_head_json":{"title":"Petticoat Lulli Dancewear Ksenia - Balletto Dance Shop","description":"Short, matte ballet skirt in Tactel. Easy to put on thanks to its cut and very stretchy fabric.","robots":{"index":"index","follow":"follow","max-snippet":"max-snippet:-1","max-image-preview":"max-image-preview:large","max-video-preview":"max-video-preview:-1"},"canonical":"https:\/\/www.ballettodanceshop.com\/en\/skirt-lulli-dancewear-ksenia\/","og_locale":"en_GB","og_type":"article","og_title":"Jupette Lulli Dancewear Ksenia - Balletto Dance Shop","og_description":"Jupe de danse classique courte et mat en Tactel. Facile \u00e0 enfiler gr\u00e2ce \u00e0 sa coupe et sa matiere tr\u00e8s stretch.","og_url":"https:\/\/www.ballettodanceshop.com\/en\/skirt-lulli-dancewear-ksenia\/","og_site_name":"Balletto Dance Shop","article_publisher":"https:\/\/www.facebook.com\/Ballettodanceshop\/","article_modified_time":"2026-01-13T13:38:51+00:00","og_image":[{"width":969,"height":1200,"url":"https:\/\/www.ballettodanceshop.com\/wp-content\/uploads\/2025\/07\/Jupette_Lulli-Ksenia.jpg","type":"image\/jpeg"}],"twitter_card":"summary_large_image","twitter_site":"@ballettodance","twitter_misc":{"Estimated reading time":"1 minute"},"schema":{"@context":"https:\/\/schema.org","@graph":[{"@type":"WebPage","@id":"https:\/\/www.ballettodanceshop.com\/jupette-lulli-dancewear-ksenia\/","url":"https:\/\/www.ballettodanceshop.com\/jupette-lulli-dancewear-ksenia\/","name":"Petticoat Lulli Dancewear Ksenia - Balletto Dance Shop","isPartOf":{"@id":"https:\/\/www.ballettodanceshop.com\/#website"},"primaryImageOfPage":{"@id":"https:\/\/www.ballettodanceshop.com\/jupette-lulli-dancewear-ksenia\/#primaryimage"},"image":{"@id":"https:\/\/www.ballettodanceshop.com\/jupette-lulli-dancewear-ksenia\/#primaryimage"},"thumbnailUrl":"https:\/\/www.ballettodanceshop.com\/wp-content\/uploads\/2025\/07\/Jupette_Lulli-Ksenia.jpg","datePublished":"2021-06-16T08:36:20+00:00","dateModified":"2026-01-13T13:38:51+00:00","description":"Short, matte ballet skirt in Tactel. Easy to put on thanks to its cut and very stretchy fabric.","breadcrumb":{"@id":"https:\/\/www.ballettodanceshop.com\/jupette-lulli-dancewear-ksenia\/#breadcrumb"},"inLanguage":"en-GB","potentialAction":[{"@type":"ReadAction","target":["https:\/\/www.ballettodanceshop.com\/jupette-lulli-dancewear-ksenia\/"]}]},{"@type":"ImageObject","inLanguage":"en-GB","@id":"https:\/\/www.ballettodanceshop.com\/jupette-lulli-dancewear-ksenia\/#primaryimage","url":"https:\/\/www.ballettodanceshop.com\/wp-content\/uploads\/2025\/07\/Jupette_Lulli-Ksenia.jpg","contentUrl":"https:\/\/www.ballettodanceshop.com\/wp-content\/uploads\/2025\/07\/Jupette_Lulli-Ksenia.jpg","width":969,"height":1200,"caption":"Lulli Dancewear Ksenia"},{"@type":"BreadcrumbList","@id":"https:\/\/www.ballettodanceshop.com\/jupette-lulli-dancewear-ksenia\/#breadcrumb","itemListElement":[{"@type":"ListItem","position":1,"name":"Accueil","item":"https:\/\/www.ballettodanceshop.com\/"},{"@type":"ListItem","position":2,"name":"Produits","item":"https:\/\/www.ballettodanceshop.com\/boutique\/"},{"@type":"ListItem","position":3,"name":"Jupette Lulli Dancewear Ksenia"}]},{"@type":"WebSite","@id":"https:\/\/www.ballettodanceshop.com\/#website","url":"https:\/\/www.ballettodanceshop.com\/","name":"Balletto Dance Shop","description":"Keep Dancing!","publisher":{"@id":"https:\/\/www.ballettodanceshop.com\/#organization"},"alternateName":"Balletto","potentialAction":[{"@type":"SearchAction","target":{"@type":"EntryPoint","urlTemplate":"https:\/\/www.ballettodanceshop.com\/?s={search_term_string}"},"query-input":{"@type":"PropertyValueSpecification","valueRequired":true,"valueName":"search_term_string"}}],"inLanguage":"en-GB"},{"@type":"Organization","@id":"https:\/\/www.ballettodanceshop.com\/#organization","name":"Balletto Dance Shop","alternateName":"Balletto","url":"https:\/\/www.ballettodanceshop.com\/","logo":{"@type":"ImageObject","inLanguage":"en-GB","@id":"https:\/\/www.ballettodanceshop.com\/#\/schema\/logo\/image\/","url":"https:\/\/www.ballettodanceshop.com\/wp-content\/uploads\/2025\/06\/LOGO-1.png","contentUrl":"https:\/\/www.ballettodanceshop.com\/wp-content\/uploads\/2025\/06\/LOGO-1.png","width":508,"height":209,"caption":"Balletto Dance Shop"},"image":{"@id":"https:\/\/www.ballettodanceshop.com\/#\/schema\/logo\/image\/"},"sameAs":["https:\/\/www.facebook.com\/Ballettodanceshop\/","https:\/\/x.com\/ballettodance","https:\/\/www.tiktok.com\/@ballettodanceshop","https:\/\/fr.linkedin.com\/company\/ballettodaneshop","https:\/\/fr.pinterest.com\/ballettodanceshop\/","https:\/\/www.threads.com\/@ballettodanceshop","https:\/\/www.instagram.com\/ballettodanceshop\/","https:\/\/www.youtube.com\/@ballettodanceshop"]}]}},"_links":{"self":[{"href":"https:\/\/www.ballettodanceshop.com\/en\/wp-json\/wp\/v2\/product\/55757","targetHints":{"allow":["GET"]}}],"collection":[{"href":"https:\/\/www.ballettodanceshop.com\/en\/wp-json\/wp\/v2\/product"}],"about":[{"href":"https:\/\/www.ballettodanceshop.com\/en\/wp-json\/wp\/v2\/types\/product"}],"replies":[{"embeddable":true,"href":"https:\/\/www.ballettodanceshop.com\/en\/wp-json\/wp\/v2\/comments?post=55757"}],"wp:featuredmedia":[{"embeddable":true,"href":"https:\/\/www.ballettodanceshop.com\/en\/wp-json\/wp\/v2\/media\/9952"}],"wp:attachment":[{"href":"https:\/\/www.ballettodanceshop.com\/en\/wp-json\/wp\/v2\/media?parent=55757"}],"wp:term":[{"taxonomy":"product_brand","embeddable":true,"href":"https:\/\/www.ballettodanceshop.com\/en\/wp-json\/wp\/v2\/product_brand?post=55757"},{"taxonomy":"product_cat","embeddable":true,"href":"https:\/\/www.ballettodanceshop.com\/en\/wp-json\/wp\/v2\/product_cat?post=55757"},{"taxonomy":"product_tag","embeddable":true,"href":"https:\/\/www.ballettodanceshop.com\/en\/wp-json\/wp\/v2\/product_tag?post=55757"}],"curies":[{"name":"wp","href":"https:\/\/api.w.org\/{rel}","templated":true}]}}