{"id":55022,"date":"2021-02-21T10:50:45","date_gmt":"2021-02-21T09:50:45","guid":{"rendered":"https:\/\/www.ballettodanceshop.com\/sac-cabas-mixte-ballet-rosa-soutenu\/"},"modified":"2025-08-24T17:49:29","modified_gmt":"2025-08-24T15:49:29","slug":"ballet-mixed-tote-bag-rosa-supported","status":"publish","type":"product","link":"https:\/\/www.ballettodanceshop.com\/en\/sac-cabas-mixte-ballet-rosa-soutenu\/","title":{"rendered":"Tote Bag Mixed Ballet Rosa Supported"},"content":{"rendered":"<p><strong>Tote Bag Mixed Ballet Rosa Supported<\/strong><\/p>\n<p>Dimensions: 45 x 45 x 26.5 cm<\/p>\n<p>Made in Portugal<\/p>","protected":false},"excerpt":{"rendered":"<p>Mixed dance bag from the New Rosa-Accessories Ballet Collection.<\/p>\n<p>Worn over the shoulder, it's perfect for carrying all your dance or sports equipment.<\/p>\n<p>Avec son grand compartiment central et ses deux poches ext\u00e9rieures, il est parfaitement adapt\u00e9 pour vous accompagner \u00e0 votre cours ou vos s\u00e9ances de Yoga et de Pilates.<\/p>","protected":false},"featured_media":8971,"comment_status":"open","ping_status":"open","template":"","meta":{"_acf_changed":false},"product_brand":[],"product_cat":[104,94,66,108,102,67,107,103,299,93,65,19,25,26,23,61,123,68,124,434,62,101],"product_tag":[786],"class_list":{"0":"post-55022","1":"product","2":"type-product","3":"status-publish","4":"has-post-thumbnail","6":"product_cat-accessoires-athleisure","7":"product_cat-accessoires-classique-garcons","8":"product_cat-accessoires-classique-filles","9":"product_cat-accessoires-athleisure-yoga-gym-pilates","10":"product_cat-accessoires-classique-hommes","11":"product_cat-accessoires","12":"product_cat-athleisure-yoga-gym-pilates","13":"product_cat-athleisure","14":"product_cat-ballet-rosa","15":"product_cat-classique-garcons","16":"product_cat-classique-filles","17":"product_cat-femmes","18":"product_cat-filles","19":"product_cat-garcons","20":"product_cat-hommes","21":"product_cat-idees-cadeaux","22":"product_cat-idees-cadeaux-hommes","23":"product_cat-idees-cadeaux-filles","24":"product_cat-idees-cadeaux-garcons","25":"product_cat-sacs-de-danse","26":"product_cat-classique","27":"product_cat-classique-hommes","28":"product_tag-livraison-24-a-48h","30":"first","31":"instock","32":"taxable","33":"shipping-taxable","34":"purchasable","35":"product-type-simple"},"acf":[],"yoast_head":"<!-- This site is optimized with the Yoast SEO plugin v27.4 - https:\/\/yoast.com\/product\/yoast-seo-wordpress\/ -->\n<title>Sac Cabas Mixte Ballet Rosa Soutenu - Balletto Dance Shop<\/title>\n<meta name=\"description\" content=\"SAC CABAS MIXTE BALLET ROSA SOUTENU. L\u00e9ger et Imperm\u00e9abilis\u00e9, il est id\u00e9al pour ranger vos affaires de Danse, de Yoga ou de Sport.\" \/>\n<meta name=\"robots\" content=\"index, follow, max-snippet:-1, max-image-preview:large, max-video-preview:-1\" \/>\n<link rel=\"canonical\" href=\"https:\/\/www.ballettodanceshop.com\/en\/ballet-mixed-tote-bag-rosa-supported\/\" \/>\n<meta property=\"og:locale\" content=\"en_GB\" \/>\n<meta property=\"og:type\" content=\"article\" \/>\n<meta property=\"og:title\" content=\"Sac Cabas Mixte Ballet Rosa Soutenu - Balletto Dance Shop\" \/>\n<meta property=\"og:description\" content=\"SAC CABAS MIXTE BALLET ROSA SOUTENU. L\u00e9ger et Imperm\u00e9abilis\u00e9, il est id\u00e9al pour ranger vos affaires de Danse, de Yoga ou de Sport.\" \/>\n<meta property=\"og:url\" content=\"https:\/\/www.ballettodanceshop.com\/en\/ballet-mixed-tote-bag-rosa-supported\/\" \/>\n<meta property=\"og:site_name\" content=\"Balletto Dance Shop\" \/>\n<meta property=\"article:publisher\" content=\"https:\/\/www.facebook.com\/Ballettodanceshop\/\" \/>\n<meta property=\"article:modified_time\" content=\"2025-08-24T15:49:29+00:00\" \/>\n<meta property=\"og:image\" content=\"https:\/\/www.ballettodanceshop.com\/wp-content\/uploads\/2025\/07\/Soutenu-scaled.jpg\" \/>\n\t<meta property=\"og:image:width\" content=\"1365\" \/>\n\t<meta property=\"og:image:height\" content=\"2048\" \/>\n\t<meta property=\"og:image:type\" content=\"image\/jpeg\" \/>\n<meta name=\"twitter:card\" content=\"summary_large_image\" \/>\n<meta name=\"twitter:site\" content=\"@ballettodance\" \/>\n<script type=\"application\/ld+json\" class=\"yoast-schema-graph\">{\"@context\":\"https:\\\/\\\/schema.org\",\"@graph\":[{\"@type\":\"WebPage\",\"@id\":\"https:\\\/\\\/www.ballettodanceshop.com\\\/sac-cabas-mixte-ballet-rosa-soutenu\\\/\",\"url\":\"https:\\\/\\\/www.ballettodanceshop.com\\\/sac-cabas-mixte-ballet-rosa-soutenu\\\/\",\"name\":\"Sac Cabas Mixte Ballet Rosa Soutenu - Balletto Dance Shop\",\"isPartOf\":{\"@id\":\"https:\\\/\\\/www.ballettodanceshop.com\\\/#website\"},\"primaryImageOfPage\":{\"@id\":\"https:\\\/\\\/www.ballettodanceshop.com\\\/sac-cabas-mixte-ballet-rosa-soutenu\\\/#primaryimage\"},\"image\":{\"@id\":\"https:\\\/\\\/www.ballettodanceshop.com\\\/sac-cabas-mixte-ballet-rosa-soutenu\\\/#primaryimage\"},\"thumbnailUrl\":\"https:\\\/\\\/www.ballettodanceshop.com\\\/wp-content\\\/uploads\\\/2025\\\/07\\\/Soutenu-scaled.jpg\",\"datePublished\":\"2021-02-21T09:50:45+00:00\",\"dateModified\":\"2025-08-24T15:49:29+00:00\",\"description\":\"SAC CABAS MIXTE BALLET ROSA SOUTENU. L\u00e9ger et Imperm\u00e9abilis\u00e9, il est id\u00e9al pour ranger vos affaires de Danse, de Yoga ou de Sport.\",\"breadcrumb\":{\"@id\":\"https:\\\/\\\/www.ballettodanceshop.com\\\/sac-cabas-mixte-ballet-rosa-soutenu\\\/#breadcrumb\"},\"inLanguage\":\"en-GB\",\"potentialAction\":[{\"@type\":\"ReadAction\",\"target\":[\"https:\\\/\\\/www.ballettodanceshop.com\\\/sac-cabas-mixte-ballet-rosa-soutenu\\\/\"]}]},{\"@type\":\"ImageObject\",\"inLanguage\":\"en-GB\",\"@id\":\"https:\\\/\\\/www.ballettodanceshop.com\\\/sac-cabas-mixte-ballet-rosa-soutenu\\\/#primaryimage\",\"url\":\"https:\\\/\\\/www.ballettodanceshop.com\\\/wp-content\\\/uploads\\\/2025\\\/07\\\/Soutenu-scaled.jpg\",\"contentUrl\":\"https:\\\/\\\/www.ballettodanceshop.com\\\/wp-content\\\/uploads\\\/2025\\\/07\\\/Soutenu-scaled.jpg\",\"width\":1365,\"height\":2048,\"caption\":\"BALLET ROSA SOUTENU\"},{\"@type\":\"BreadcrumbList\",\"@id\":\"https:\\\/\\\/www.ballettodanceshop.com\\\/sac-cabas-mixte-ballet-rosa-soutenu\\\/#breadcrumb\",\"itemListElement\":[{\"@type\":\"ListItem\",\"position\":1,\"name\":\"Accueil\",\"item\":\"https:\\\/\\\/www.ballettodanceshop.com\\\/\"},{\"@type\":\"ListItem\",\"position\":2,\"name\":\"Produits\",\"item\":\"https:\\\/\\\/www.ballettodanceshop.com\\\/boutique\\\/\"},{\"@type\":\"ListItem\",\"position\":3,\"name\":\"Sac Cabas Mixte Ballet Rosa Soutenu\"}]},{\"@type\":\"WebSite\",\"@id\":\"https:\\\/\\\/www.ballettodanceshop.com\\\/#website\",\"url\":\"https:\\\/\\\/www.ballettodanceshop.com\\\/\",\"name\":\"Balletto Dance Shop\",\"description\":\"Keep Dancing !\",\"publisher\":{\"@id\":\"https:\\\/\\\/www.ballettodanceshop.com\\\/#organization\"},\"alternateName\":\"Balletto\",\"potentialAction\":[{\"@type\":\"SearchAction\",\"target\":{\"@type\":\"EntryPoint\",\"urlTemplate\":\"https:\\\/\\\/www.ballettodanceshop.com\\\/?s={search_term_string}\"},\"query-input\":{\"@type\":\"PropertyValueSpecification\",\"valueRequired\":true,\"valueName\":\"search_term_string\"}}],\"inLanguage\":\"en-GB\"},{\"@type\":\"Organization\",\"@id\":\"https:\\\/\\\/www.ballettodanceshop.com\\\/#organization\",\"name\":\"Balletto Dance Shop\",\"alternateName\":\"Balletto\",\"url\":\"https:\\\/\\\/www.ballettodanceshop.com\\\/\",\"logo\":{\"@type\":\"ImageObject\",\"inLanguage\":\"en-GB\",\"@id\":\"https:\\\/\\\/www.ballettodanceshop.com\\\/#\\\/schema\\\/logo\\\/image\\\/\",\"url\":\"https:\\\/\\\/www.ballettodanceshop.com\\\/wp-content\\\/uploads\\\/2025\\\/06\\\/LOGO-1.png\",\"contentUrl\":\"https:\\\/\\\/www.ballettodanceshop.com\\\/wp-content\\\/uploads\\\/2025\\\/06\\\/LOGO-1.png\",\"width\":508,\"height\":209,\"caption\":\"Balletto Dance Shop\"},\"image\":{\"@id\":\"https:\\\/\\\/www.ballettodanceshop.com\\\/#\\\/schema\\\/logo\\\/image\\\/\"},\"sameAs\":[\"https:\\\/\\\/www.facebook.com\\\/Ballettodanceshop\\\/\",\"https:\\\/\\\/x.com\\\/ballettodance\",\"https:\\\/\\\/www.tiktok.com\\\/@ballettodanceshop\",\"https:\\\/\\\/fr.linkedin.com\\\/company\\\/ballettodaneshop\",\"https:\\\/\\\/fr.pinterest.com\\\/ballettodanceshop\\\/\",\"https:\\\/\\\/www.threads.com\\\/@ballettodanceshop\",\"https:\\\/\\\/www.instagram.com\\\/ballettodanceshop\\\/\",\"https:\\\/\\\/www.youtube.com\\\/@ballettodanceshop\"]}]}<\/script>\n<!-- \/ Yoast SEO plugin. -->","yoast_head_json":{"title":"Ballet Rosa Mixed Tote Bag - Balletto Dance Shop","description":"BALLET MIXED TOTE BAG ROSA SOUTENU. Lightweight and waterproof, it's ideal for storing your dance, yoga or sports equipment.","robots":{"index":"index","follow":"follow","max-snippet":"max-snippet:-1","max-image-preview":"max-image-preview:large","max-video-preview":"max-video-preview:-1"},"canonical":"https:\/\/www.ballettodanceshop.com\/en\/ballet-mixed-tote-bag-rosa-supported\/","og_locale":"en_GB","og_type":"article","og_title":"Sac Cabas Mixte Ballet Rosa Soutenu - Balletto Dance Shop","og_description":"SAC CABAS MIXTE BALLET ROSA SOUTENU. L\u00e9ger et Imperm\u00e9abilis\u00e9, il est id\u00e9al pour ranger vos affaires de Danse, de Yoga ou de Sport.","og_url":"https:\/\/www.ballettodanceshop.com\/en\/ballet-mixed-tote-bag-rosa-supported\/","og_site_name":"Balletto Dance Shop","article_publisher":"https:\/\/www.facebook.com\/Ballettodanceshop\/","article_modified_time":"2025-08-24T15:49:29+00:00","og_image":[{"width":1365,"height":2048,"url":"https:\/\/www.ballettodanceshop.com\/wp-content\/uploads\/2025\/07\/Soutenu-scaled.jpg","type":"image\/jpeg"}],"twitter_card":"summary_large_image","twitter_site":"@ballettodance","schema":{"@context":"https:\/\/schema.org","@graph":[{"@type":"WebPage","@id":"https:\/\/www.ballettodanceshop.com\/sac-cabas-mixte-ballet-rosa-soutenu\/","url":"https:\/\/www.ballettodanceshop.com\/sac-cabas-mixte-ballet-rosa-soutenu\/","name":"Ballet Rosa Mixed Tote Bag - Balletto Dance Shop","isPartOf":{"@id":"https:\/\/www.ballettodanceshop.com\/#website"},"primaryImageOfPage":{"@id":"https:\/\/www.ballettodanceshop.com\/sac-cabas-mixte-ballet-rosa-soutenu\/#primaryimage"},"image":{"@id":"https:\/\/www.ballettodanceshop.com\/sac-cabas-mixte-ballet-rosa-soutenu\/#primaryimage"},"thumbnailUrl":"https:\/\/www.ballettodanceshop.com\/wp-content\/uploads\/2025\/07\/Soutenu-scaled.jpg","datePublished":"2021-02-21T09:50:45+00:00","dateModified":"2025-08-24T15:49:29+00:00","description":"BALLET MIXED TOTE BAG ROSA SOUTENU. Lightweight and waterproof, it's ideal for storing your dance, yoga or sports equipment.","breadcrumb":{"@id":"https:\/\/www.ballettodanceshop.com\/sac-cabas-mixte-ballet-rosa-soutenu\/#breadcrumb"},"inLanguage":"en-GB","potentialAction":[{"@type":"ReadAction","target":["https:\/\/www.ballettodanceshop.com\/sac-cabas-mixte-ballet-rosa-soutenu\/"]}]},{"@type":"ImageObject","inLanguage":"en-GB","@id":"https:\/\/www.ballettodanceshop.com\/sac-cabas-mixte-ballet-rosa-soutenu\/#primaryimage","url":"https:\/\/www.ballettodanceshop.com\/wp-content\/uploads\/2025\/07\/Soutenu-scaled.jpg","contentUrl":"https:\/\/www.ballettodanceshop.com\/wp-content\/uploads\/2025\/07\/Soutenu-scaled.jpg","width":1365,"height":2048,"caption":"BALLET ROSA SOUTENU"},{"@type":"BreadcrumbList","@id":"https:\/\/www.ballettodanceshop.com\/sac-cabas-mixte-ballet-rosa-soutenu\/#breadcrumb","itemListElement":[{"@type":"ListItem","position":1,"name":"Accueil","item":"https:\/\/www.ballettodanceshop.com\/"},{"@type":"ListItem","position":2,"name":"Produits","item":"https:\/\/www.ballettodanceshop.com\/boutique\/"},{"@type":"ListItem","position":3,"name":"Sac Cabas Mixte Ballet Rosa Soutenu"}]},{"@type":"WebSite","@id":"https:\/\/www.ballettodanceshop.com\/#website","url":"https:\/\/www.ballettodanceshop.com\/","name":"Balletto Dance Shop","description":"Keep Dancing!","publisher":{"@id":"https:\/\/www.ballettodanceshop.com\/#organization"},"alternateName":"Balletto","potentialAction":[{"@type":"SearchAction","target":{"@type":"EntryPoint","urlTemplate":"https:\/\/www.ballettodanceshop.com\/?s={search_term_string}"},"query-input":{"@type":"PropertyValueSpecification","valueRequired":true,"valueName":"search_term_string"}}],"inLanguage":"en-GB"},{"@type":"Organization","@id":"https:\/\/www.ballettodanceshop.com\/#organization","name":"Balletto Dance Shop","alternateName":"Balletto","url":"https:\/\/www.ballettodanceshop.com\/","logo":{"@type":"ImageObject","inLanguage":"en-GB","@id":"https:\/\/www.ballettodanceshop.com\/#\/schema\/logo\/image\/","url":"https:\/\/www.ballettodanceshop.com\/wp-content\/uploads\/2025\/06\/LOGO-1.png","contentUrl":"https:\/\/www.ballettodanceshop.com\/wp-content\/uploads\/2025\/06\/LOGO-1.png","width":508,"height":209,"caption":"Balletto Dance Shop"},"image":{"@id":"https:\/\/www.ballettodanceshop.com\/#\/schema\/logo\/image\/"},"sameAs":["https:\/\/www.facebook.com\/Ballettodanceshop\/","https:\/\/x.com\/ballettodance","https:\/\/www.tiktok.com\/@ballettodanceshop","https:\/\/fr.linkedin.com\/company\/ballettodaneshop","https:\/\/fr.pinterest.com\/ballettodanceshop\/","https:\/\/www.threads.com\/@ballettodanceshop","https:\/\/www.instagram.com\/ballettodanceshop\/","https:\/\/www.youtube.com\/@ballettodanceshop"]}]}},"_links":{"self":[{"href":"https:\/\/www.ballettodanceshop.com\/en\/wp-json\/wp\/v2\/product\/55022","targetHints":{"allow":["GET"]}}],"collection":[{"href":"https:\/\/www.ballettodanceshop.com\/en\/wp-json\/wp\/v2\/product"}],"about":[{"href":"https:\/\/www.ballettodanceshop.com\/en\/wp-json\/wp\/v2\/types\/product"}],"replies":[{"embeddable":true,"href":"https:\/\/www.ballettodanceshop.com\/en\/wp-json\/wp\/v2\/comments?post=55022"}],"wp:featuredmedia":[{"embeddable":true,"href":"https:\/\/www.ballettodanceshop.com\/en\/wp-json\/wp\/v2\/media\/8971"}],"wp:attachment":[{"href":"https:\/\/www.ballettodanceshop.com\/en\/wp-json\/wp\/v2\/media?parent=55022"}],"wp:term":[{"taxonomy":"product_brand","embeddable":true,"href":"https:\/\/www.ballettodanceshop.com\/en\/wp-json\/wp\/v2\/product_brand?post=55022"},{"taxonomy":"product_cat","embeddable":true,"href":"https:\/\/www.ballettodanceshop.com\/en\/wp-json\/wp\/v2\/product_cat?post=55022"},{"taxonomy":"product_tag","embeddable":true,"href":"https:\/\/www.ballettodanceshop.com\/en\/wp-json\/wp\/v2\/product_tag?post=55022"}],"curies":[{"name":"wp","href":"https:\/\/api.w.org\/{rel}","templated":true}]}}