{"id":54941,"date":"2021-02-21T08:22:35","date_gmt":"2021-02-21T07:22:35","guid":{"rendered":"https:\/\/www.ballettodanceshop.com\/sac-de-danse-mixte-ballet-rosa-echappe\/"},"modified":"2025-08-24T17:49:25","modified_gmt":"2025-08-24T15:49:25","slug":"mixed-dance-bag-ballet-rosa-echappe","status":"publish","type":"product","link":"https:\/\/www.ballettodanceshop.com\/en\/sac-de-danse-mixte-ballet-rosa-echappe\/","title":{"rendered":"Mixed Ballet Bag Rosa Echapp\u00e9"},"content":{"rendered":"<p><strong>Mixed Ballet Bag Rosa Echapp\u00e9<\/strong><\/p>\n<p>Dimensions: 42 x 43 x13 cm<\/p>\n<p>Waterproof canvas<\/p>\n<p>Made in Portugal<\/p>","protected":false},"excerpt":{"rendered":"<p>New mixed tote bag-Ballet Rosa.<\/p>\n<p>Worn over the shoulder or on the back.<\/p>\n<p>Taped fastening and zip.<\/p>\n<p>Inside and outside pockets. Bronze brand logo.<\/p>","protected":false},"featured_media":8877,"comment_status":"open","ping_status":"open","template":"","meta":{"_acf_changed":false},"product_brand":[],"product_cat":[104,94,90,106,102,92,108,67,107,103,299,93,19,26,23,123,124,61,89,105,91,434,62,101],"product_tag":[790],"class_list":{"0":"post-54941","1":"product","2":"type-product","3":"status-publish","4":"has-post-thumbnail","6":"product_cat-accessoires-athleisure","7":"product_cat-accessoires-classique-garcons","8":"product_cat-accessoires-jazz-hommes","9":"product_cat-accessoires-jazz-garcons","10":"product_cat-accessoires-classique-hommes","11":"product_cat-accessoires-jazz","12":"product_cat-accessoires-athleisure-yoga-gym-pilates","13":"product_cat-accessoires","14":"product_cat-athleisure-yoga-gym-pilates","15":"product_cat-athleisure","16":"product_cat-ballet-rosa","17":"product_cat-classique-garcons","18":"product_cat-femmes","19":"product_cat-garcons","20":"product_cat-hommes","21":"product_cat-idees-cadeaux-hommes","22":"product_cat-idees-cadeaux-garcons","23":"product_cat-idees-cadeaux","24":"product_cat-jazz-hommes","25":"product_cat-jazz-garcons","26":"product_cat-jazz","27":"product_cat-sacs-de-danse","28":"product_cat-classique","29":"product_cat-classique-hommes","30":"product_tag-livraison-1-a-2-semaines","32":"first","33":"instock","34":"taxable","35":"shipping-taxable","36":"purchasable","37":"product-type-simple"},"acf":[],"yoast_head":"<!-- This site is optimized with the Yoast SEO plugin v27.4 - https:\/\/yoast.com\/product\/yoast-seo-wordpress\/ -->\n<title>Sac de Danse Mixte Ballet Rosa Echapp\u00e9 - Balletto Dance Shop<\/title>\n<meta name=\"description\" content=\"SAC DE DANSE ou de SPORT MIXTE BALLET ROSA ECHAPPE en mati\u00e8re imperm\u00e9abilis\u00e9e id\u00e9al pour aller en cours de danse, ou pour votre shopping en ville.\" \/>\n<meta name=\"robots\" content=\"index, follow, max-snippet:-1, max-image-preview:large, max-video-preview:-1\" \/>\n<link rel=\"canonical\" href=\"https:\/\/www.ballettodanceshop.com\/en\/mixed-dance-bag-ballet-rosa-echappe\/\" \/>\n<meta property=\"og:locale\" content=\"en_GB\" \/>\n<meta property=\"og:type\" content=\"article\" \/>\n<meta property=\"og:title\" content=\"Sac de Danse Mixte Ballet Rosa Echapp\u00e9 - Balletto Dance Shop\" \/>\n<meta property=\"og:description\" content=\"SAC DE DANSE ou de SPORT MIXTE BALLET ROSA ECHAPPE en mati\u00e8re imperm\u00e9abilis\u00e9e id\u00e9al pour aller en cours de danse, ou pour votre shopping en ville.\" \/>\n<meta property=\"og:url\" content=\"https:\/\/www.ballettodanceshop.com\/en\/mixed-dance-bag-ballet-rosa-echappe\/\" \/>\n<meta property=\"og:site_name\" content=\"Balletto Dance Shop\" \/>\n<meta property=\"article:publisher\" content=\"https:\/\/www.facebook.com\/Ballettodanceshop\/\" \/>\n<meta property=\"article:modified_time\" content=\"2025-08-24T15:49:25+00:00\" \/>\n<meta property=\"og:image\" content=\"https:\/\/www.ballettodanceshop.com\/wp-content\/uploads\/2025\/07\/Echappe_2.jpg\" \/>\n\t<meta property=\"og:image:width\" content=\"1445\" \/>\n\t<meta property=\"og:image:height\" content=\"1807\" \/>\n\t<meta property=\"og:image:type\" content=\"image\/jpeg\" \/>\n<meta name=\"twitter:card\" content=\"summary_large_image\" \/>\n<meta name=\"twitter:site\" content=\"@ballettodance\" \/>\n<script type=\"application\/ld+json\" class=\"yoast-schema-graph\">{\"@context\":\"https:\\\/\\\/schema.org\",\"@graph\":[{\"@type\":\"WebPage\",\"@id\":\"https:\\\/\\\/www.ballettodanceshop.com\\\/sac-de-danse-mixte-ballet-rosa-echappe\\\/\",\"url\":\"https:\\\/\\\/www.ballettodanceshop.com\\\/sac-de-danse-mixte-ballet-rosa-echappe\\\/\",\"name\":\"Sac de Danse Mixte Ballet Rosa Echapp\u00e9 - Balletto Dance Shop\",\"isPartOf\":{\"@id\":\"https:\\\/\\\/www.ballettodanceshop.com\\\/#website\"},\"primaryImageOfPage\":{\"@id\":\"https:\\\/\\\/www.ballettodanceshop.com\\\/sac-de-danse-mixte-ballet-rosa-echappe\\\/#primaryimage\"},\"image\":{\"@id\":\"https:\\\/\\\/www.ballettodanceshop.com\\\/sac-de-danse-mixte-ballet-rosa-echappe\\\/#primaryimage\"},\"thumbnailUrl\":\"https:\\\/\\\/www.ballettodanceshop.com\\\/wp-content\\\/uploads\\\/2025\\\/07\\\/Echappe_2.jpg\",\"datePublished\":\"2021-02-21T07:22:35+00:00\",\"dateModified\":\"2025-08-24T15:49:25+00:00\",\"description\":\"SAC DE DANSE ou de SPORT MIXTE BALLET ROSA ECHAPPE en mati\u00e8re imperm\u00e9abilis\u00e9e id\u00e9al pour aller en cours de danse, ou pour votre shopping en ville.\",\"breadcrumb\":{\"@id\":\"https:\\\/\\\/www.ballettodanceshop.com\\\/sac-de-danse-mixte-ballet-rosa-echappe\\\/#breadcrumb\"},\"inLanguage\":\"en-GB\",\"potentialAction\":[{\"@type\":\"ReadAction\",\"target\":[\"https:\\\/\\\/www.ballettodanceshop.com\\\/sac-de-danse-mixte-ballet-rosa-echappe\\\/\"]}]},{\"@type\":\"ImageObject\",\"inLanguage\":\"en-GB\",\"@id\":\"https:\\\/\\\/www.ballettodanceshop.com\\\/sac-de-danse-mixte-ballet-rosa-echappe\\\/#primaryimage\",\"url\":\"https:\\\/\\\/www.ballettodanceshop.com\\\/wp-content\\\/uploads\\\/2025\\\/07\\\/Echappe_2.jpg\",\"contentUrl\":\"https:\\\/\\\/www.ballettodanceshop.com\\\/wp-content\\\/uploads\\\/2025\\\/07\\\/Echappe_2.jpg\",\"width\":1445,\"height\":1807,\"caption\":\"Sac Cabas Ballet Rosa Hommes\"},{\"@type\":\"BreadcrumbList\",\"@id\":\"https:\\\/\\\/www.ballettodanceshop.com\\\/sac-de-danse-mixte-ballet-rosa-echappe\\\/#breadcrumb\",\"itemListElement\":[{\"@type\":\"ListItem\",\"position\":1,\"name\":\"Accueil\",\"item\":\"https:\\\/\\\/www.ballettodanceshop.com\\\/\"},{\"@type\":\"ListItem\",\"position\":2,\"name\":\"Produits\",\"item\":\"https:\\\/\\\/www.ballettodanceshop.com\\\/boutique\\\/\"},{\"@type\":\"ListItem\",\"position\":3,\"name\":\"Sac de Danse Mixte Ballet Rosa Echapp\u00e9\"}]},{\"@type\":\"WebSite\",\"@id\":\"https:\\\/\\\/www.ballettodanceshop.com\\\/#website\",\"url\":\"https:\\\/\\\/www.ballettodanceshop.com\\\/\",\"name\":\"Balletto Dance Shop\",\"description\":\"Keep Dancing !\",\"publisher\":{\"@id\":\"https:\\\/\\\/www.ballettodanceshop.com\\\/#organization\"},\"alternateName\":\"Balletto\",\"potentialAction\":[{\"@type\":\"SearchAction\",\"target\":{\"@type\":\"EntryPoint\",\"urlTemplate\":\"https:\\\/\\\/www.ballettodanceshop.com\\\/?s={search_term_string}\"},\"query-input\":{\"@type\":\"PropertyValueSpecification\",\"valueRequired\":true,\"valueName\":\"search_term_string\"}}],\"inLanguage\":\"en-GB\"},{\"@type\":\"Organization\",\"@id\":\"https:\\\/\\\/www.ballettodanceshop.com\\\/#organization\",\"name\":\"Balletto Dance Shop\",\"alternateName\":\"Balletto\",\"url\":\"https:\\\/\\\/www.ballettodanceshop.com\\\/\",\"logo\":{\"@type\":\"ImageObject\",\"inLanguage\":\"en-GB\",\"@id\":\"https:\\\/\\\/www.ballettodanceshop.com\\\/#\\\/schema\\\/logo\\\/image\\\/\",\"url\":\"https:\\\/\\\/www.ballettodanceshop.com\\\/wp-content\\\/uploads\\\/2025\\\/06\\\/LOGO-1.png\",\"contentUrl\":\"https:\\\/\\\/www.ballettodanceshop.com\\\/wp-content\\\/uploads\\\/2025\\\/06\\\/LOGO-1.png\",\"width\":508,\"height\":209,\"caption\":\"Balletto Dance Shop\"},\"image\":{\"@id\":\"https:\\\/\\\/www.ballettodanceshop.com\\\/#\\\/schema\\\/logo\\\/image\\\/\"},\"sameAs\":[\"https:\\\/\\\/www.facebook.com\\\/Ballettodanceshop\\\/\",\"https:\\\/\\\/x.com\\\/ballettodance\",\"https:\\\/\\\/www.tiktok.com\\\/@ballettodanceshop\",\"https:\\\/\\\/fr.linkedin.com\\\/company\\\/ballettodaneshop\",\"https:\\\/\\\/fr.pinterest.com\\\/ballettodanceshop\\\/\",\"https:\\\/\\\/www.threads.com\\\/@ballettodanceshop\",\"https:\\\/\\\/www.instagram.com\\\/ballettodanceshop\\\/\",\"https:\\\/\\\/www.youtube.com\\\/@ballettodanceshop\"]}]}<\/script>\n<!-- \/ Yoast SEO plugin. -->","yoast_head_json":{"title":"Ballet Mixed Bag Rosa Echapp\u00e9 - Balletto Dance Shop","description":"MIXED BALLET DANCING or SPORTS BAG ROSA ECHAPPE in water-repellent fabric, ideal for going to dance classes or shopping in town.","robots":{"index":"index","follow":"follow","max-snippet":"max-snippet:-1","max-image-preview":"max-image-preview:large","max-video-preview":"max-video-preview:-1"},"canonical":"https:\/\/www.ballettodanceshop.com\/en\/mixed-dance-bag-ballet-rosa-echappe\/","og_locale":"en_GB","og_type":"article","og_title":"Sac de Danse Mixte Ballet Rosa Echapp\u00e9 - Balletto Dance Shop","og_description":"SAC DE DANSE ou de SPORT MIXTE BALLET ROSA ECHAPPE en mati\u00e8re imperm\u00e9abilis\u00e9e id\u00e9al pour aller en cours de danse, ou pour votre shopping en ville.","og_url":"https:\/\/www.ballettodanceshop.com\/en\/mixed-dance-bag-ballet-rosa-echappe\/","og_site_name":"Balletto Dance Shop","article_publisher":"https:\/\/www.facebook.com\/Ballettodanceshop\/","article_modified_time":"2025-08-24T15:49:25+00:00","og_image":[{"width":1445,"height":1807,"url":"https:\/\/www.ballettodanceshop.com\/wp-content\/uploads\/2025\/07\/Echappe_2.jpg","type":"image\/jpeg"}],"twitter_card":"summary_large_image","twitter_site":"@ballettodance","schema":{"@context":"https:\/\/schema.org","@graph":[{"@type":"WebPage","@id":"https:\/\/www.ballettodanceshop.com\/sac-de-danse-mixte-ballet-rosa-echappe\/","url":"https:\/\/www.ballettodanceshop.com\/sac-de-danse-mixte-ballet-rosa-echappe\/","name":"Ballet Mixed Bag Rosa Echapp\u00e9 - Balletto Dance Shop","isPartOf":{"@id":"https:\/\/www.ballettodanceshop.com\/#website"},"primaryImageOfPage":{"@id":"https:\/\/www.ballettodanceshop.com\/sac-de-danse-mixte-ballet-rosa-echappe\/#primaryimage"},"image":{"@id":"https:\/\/www.ballettodanceshop.com\/sac-de-danse-mixte-ballet-rosa-echappe\/#primaryimage"},"thumbnailUrl":"https:\/\/www.ballettodanceshop.com\/wp-content\/uploads\/2025\/07\/Echappe_2.jpg","datePublished":"2021-02-21T07:22:35+00:00","dateModified":"2025-08-24T15:49:25+00:00","description":"MIXED BALLET DANCING or SPORTS BAG ROSA ECHAPPE in water-repellent fabric, ideal for going to dance classes or shopping in town.","breadcrumb":{"@id":"https:\/\/www.ballettodanceshop.com\/sac-de-danse-mixte-ballet-rosa-echappe\/#breadcrumb"},"inLanguage":"en-GB","potentialAction":[{"@type":"ReadAction","target":["https:\/\/www.ballettodanceshop.com\/sac-de-danse-mixte-ballet-rosa-echappe\/"]}]},{"@type":"ImageObject","inLanguage":"en-GB","@id":"https:\/\/www.ballettodanceshop.com\/sac-de-danse-mixte-ballet-rosa-echappe\/#primaryimage","url":"https:\/\/www.ballettodanceshop.com\/wp-content\/uploads\/2025\/07\/Echappe_2.jpg","contentUrl":"https:\/\/www.ballettodanceshop.com\/wp-content\/uploads\/2025\/07\/Echappe_2.jpg","width":1445,"height":1807,"caption":"Sac Cabas Ballet Rosa Hommes"},{"@type":"BreadcrumbList","@id":"https:\/\/www.ballettodanceshop.com\/sac-de-danse-mixte-ballet-rosa-echappe\/#breadcrumb","itemListElement":[{"@type":"ListItem","position":1,"name":"Accueil","item":"https:\/\/www.ballettodanceshop.com\/"},{"@type":"ListItem","position":2,"name":"Produits","item":"https:\/\/www.ballettodanceshop.com\/boutique\/"},{"@type":"ListItem","position":3,"name":"Sac de Danse Mixte Ballet Rosa Echapp\u00e9"}]},{"@type":"WebSite","@id":"https:\/\/www.ballettodanceshop.com\/#website","url":"https:\/\/www.ballettodanceshop.com\/","name":"Balletto Dance Shop","description":"Keep Dancing!","publisher":{"@id":"https:\/\/www.ballettodanceshop.com\/#organization"},"alternateName":"Balletto","potentialAction":[{"@type":"SearchAction","target":{"@type":"EntryPoint","urlTemplate":"https:\/\/www.ballettodanceshop.com\/?s={search_term_string}"},"query-input":{"@type":"PropertyValueSpecification","valueRequired":true,"valueName":"search_term_string"}}],"inLanguage":"en-GB"},{"@type":"Organization","@id":"https:\/\/www.ballettodanceshop.com\/#organization","name":"Balletto Dance Shop","alternateName":"Balletto","url":"https:\/\/www.ballettodanceshop.com\/","logo":{"@type":"ImageObject","inLanguage":"en-GB","@id":"https:\/\/www.ballettodanceshop.com\/#\/schema\/logo\/image\/","url":"https:\/\/www.ballettodanceshop.com\/wp-content\/uploads\/2025\/06\/LOGO-1.png","contentUrl":"https:\/\/www.ballettodanceshop.com\/wp-content\/uploads\/2025\/06\/LOGO-1.png","width":508,"height":209,"caption":"Balletto Dance Shop"},"image":{"@id":"https:\/\/www.ballettodanceshop.com\/#\/schema\/logo\/image\/"},"sameAs":["https:\/\/www.facebook.com\/Ballettodanceshop\/","https:\/\/x.com\/ballettodance","https:\/\/www.tiktok.com\/@ballettodanceshop","https:\/\/fr.linkedin.com\/company\/ballettodaneshop","https:\/\/fr.pinterest.com\/ballettodanceshop\/","https:\/\/www.threads.com\/@ballettodanceshop","https:\/\/www.instagram.com\/ballettodanceshop\/","https:\/\/www.youtube.com\/@ballettodanceshop"]}]}},"_links":{"self":[{"href":"https:\/\/www.ballettodanceshop.com\/en\/wp-json\/wp\/v2\/product\/54941","targetHints":{"allow":["GET"]}}],"collection":[{"href":"https:\/\/www.ballettodanceshop.com\/en\/wp-json\/wp\/v2\/product"}],"about":[{"href":"https:\/\/www.ballettodanceshop.com\/en\/wp-json\/wp\/v2\/types\/product"}],"replies":[{"embeddable":true,"href":"https:\/\/www.ballettodanceshop.com\/en\/wp-json\/wp\/v2\/comments?post=54941"}],"wp:featuredmedia":[{"embeddable":true,"href":"https:\/\/www.ballettodanceshop.com\/en\/wp-json\/wp\/v2\/media\/8877"}],"wp:attachment":[{"href":"https:\/\/www.ballettodanceshop.com\/en\/wp-json\/wp\/v2\/media?parent=54941"}],"wp:term":[{"taxonomy":"product_brand","embeddable":true,"href":"https:\/\/www.ballettodanceshop.com\/en\/wp-json\/wp\/v2\/product_brand?post=54941"},{"taxonomy":"product_cat","embeddable":true,"href":"https:\/\/www.ballettodanceshop.com\/en\/wp-json\/wp\/v2\/product_cat?post=54941"},{"taxonomy":"product_tag","embeddable":true,"href":"https:\/\/www.ballettodanceshop.com\/en\/wp-json\/wp\/v2\/product_tag?post=54941"}],"curies":[{"name":"wp","href":"https:\/\/api.w.org\/{rel}","templated":true}]}}