{"id":54744,"date":"2021-02-12T06:02:39","date_gmt":"2021-02-12T05:02:39","guid":{"rendered":"https:\/\/www.ballettodanceshop.com\/sac-danse-ballet-rosa-cabriole\/"},"modified":"2025-08-24T17:49:07","modified_gmt":"2025-08-24T15:49:07","slug":"ballet-bag-rosa-cabriole","status":"publish","type":"product","link":"https:\/\/www.ballettodanceshop.com\/en\/sac-danse-ballet-rosa-cabriole\/","title":{"rendered":"Ballet Bag Rosa Cabriole"},"content":{"rendered":"<p><strong>Ballet Bag Rosa Cabriole<\/strong><\/p>\n<p>Several inside and outside pockets<\/p>\n<p>Water-resistant exterior \/ Easy-clean lining.<\/p>\n<p>Dimensions: 43 x 41.5 x10 cm<\/p>\n<p>Total capacity 26 litres.<\/p>\n<p>Made in Portugal<\/p>","protected":false},"excerpt":{"rendered":"<p>New Men's Dance or Sports Bag from the Collection <strong>Ballet Rosa-Accessories<\/strong>.<\/p>\n<p>Easy to carry thanks to two handles and padded, adjustable straps.<\/p>\n<p>Perfect for accompanying dancers on the move to dance classes, competitions or auditions.<\/p>\n<p>This bag can also be used as a mixed sports bag.<\/p>\n<p>A sober, chic and elegant design.<\/p>","protected":false},"featured_media":8586,"comment_status":"open","ping_status":"open","template":"","meta":{"_acf_changed":false},"product_brand":[],"product_cat":[104,94,90,106,102,92,108,67,107,103,299,93,19,26,23,123,124,61,89,105,91,62,101],"product_tag":[793],"class_list":{"0":"post-54744","1":"product","2":"type-product","3":"status-publish","4":"has-post-thumbnail","6":"product_cat-accessoires-athleisure","7":"product_cat-accessoires-classique-garcons","8":"product_cat-accessoires-jazz-hommes","9":"product_cat-accessoires-jazz-garcons","10":"product_cat-accessoires-classique-hommes","11":"product_cat-accessoires-jazz","12":"product_cat-accessoires-athleisure-yoga-gym-pilates","13":"product_cat-accessoires","14":"product_cat-athleisure-yoga-gym-pilates","15":"product_cat-athleisure","16":"product_cat-ballet-rosa","17":"product_cat-classique-garcons","18":"product_cat-femmes","19":"product_cat-garcons","20":"product_cat-hommes","21":"product_cat-idees-cadeaux-hommes","22":"product_cat-idees-cadeaux-garcons","23":"product_cat-idees-cadeaux","24":"product_cat-jazz-hommes","25":"product_cat-jazz-garcons","26":"product_cat-jazz","27":"product_cat-classique","28":"product_cat-classique-hommes","29":"product_tag-livraison-3-a-4-semaines","31":"first","32":"instock","33":"taxable","34":"shipping-taxable","35":"purchasable","36":"product-type-simple"},"acf":[],"yoast_head":"<!-- This site is optimized with the Yoast SEO plugin v27.4 - https:\/\/yoast.com\/product\/yoast-seo-wordpress\/ -->\n<title>Sac Danse Ballet Rosa Cabriole - Balletto Dance Shop<\/title>\n<meta name=\"description\" content=\"Sac de Sport BALLET ROSA CABRIOLE Noir con\u00e7u sp\u00e9cialement pour les danseurs masculins mais peut \u00eatre port\u00e9 en tant que sac mixte.\" \/>\n<meta name=\"robots\" content=\"index, follow, max-snippet:-1, max-image-preview:large, max-video-preview:-1\" \/>\n<link rel=\"canonical\" href=\"https:\/\/www.ballettodanceshop.com\/en\/ballet-bag-rosa-cabriole\/\" \/>\n<meta property=\"og:locale\" content=\"en_GB\" \/>\n<meta property=\"og:type\" content=\"article\" \/>\n<meta property=\"og:title\" content=\"Sac Danse Ballet Rosa Cabriole - Balletto Dance Shop\" \/>\n<meta property=\"og:description\" content=\"Sac de Sport BALLET ROSA CABRIOLE Noir con\u00e7u sp\u00e9cialement pour les danseurs masculins mais peut \u00eatre port\u00e9 en tant que sac mixte.\" \/>\n<meta property=\"og:url\" content=\"https:\/\/www.ballettodanceshop.com\/en\/ballet-bag-rosa-cabriole\/\" \/>\n<meta property=\"og:site_name\" content=\"Balletto Dance Shop\" \/>\n<meta property=\"article:publisher\" content=\"https:\/\/www.facebook.com\/Ballettodanceshop\/\" \/>\n<meta property=\"article:modified_time\" content=\"2025-08-24T15:49:07+00:00\" \/>\n<meta property=\"og:image\" content=\"https:\/\/www.ballettodanceshop.com\/wp-content\/uploads\/2025\/07\/Cabriole-e1736963630999.jpg\" \/>\n\t<meta property=\"og:image:width\" content=\"922\" \/>\n\t<meta property=\"og:image:height\" content=\"1277\" \/>\n\t<meta property=\"og:image:type\" content=\"image\/jpeg\" \/>\n<meta name=\"twitter:card\" content=\"summary_large_image\" \/>\n<meta name=\"twitter:site\" content=\"@ballettodance\" \/>\n<script type=\"application\/ld+json\" class=\"yoast-schema-graph\">{\"@context\":\"https:\\\/\\\/schema.org\",\"@graph\":[{\"@type\":\"WebPage\",\"@id\":\"https:\\\/\\\/www.ballettodanceshop.com\\\/sac-danse-ballet-rosa-cabriole\\\/\",\"url\":\"https:\\\/\\\/www.ballettodanceshop.com\\\/sac-danse-ballet-rosa-cabriole\\\/\",\"name\":\"Sac Danse Ballet Rosa Cabriole - Balletto Dance Shop\",\"isPartOf\":{\"@id\":\"https:\\\/\\\/www.ballettodanceshop.com\\\/#website\"},\"primaryImageOfPage\":{\"@id\":\"https:\\\/\\\/www.ballettodanceshop.com\\\/sac-danse-ballet-rosa-cabriole\\\/#primaryimage\"},\"image\":{\"@id\":\"https:\\\/\\\/www.ballettodanceshop.com\\\/sac-danse-ballet-rosa-cabriole\\\/#primaryimage\"},\"thumbnailUrl\":\"https:\\\/\\\/www.ballettodanceshop.com\\\/wp-content\\\/uploads\\\/2025\\\/07\\\/Cabriole-e1736963630999.jpg\",\"datePublished\":\"2021-02-12T05:02:39+00:00\",\"dateModified\":\"2025-08-24T15:49:07+00:00\",\"description\":\"Sac de Sport BALLET ROSA CABRIOLE Noir con\u00e7u sp\u00e9cialement pour les danseurs masculins mais peut \u00eatre port\u00e9 en tant que sac mixte.\",\"breadcrumb\":{\"@id\":\"https:\\\/\\\/www.ballettodanceshop.com\\\/sac-danse-ballet-rosa-cabriole\\\/#breadcrumb\"},\"inLanguage\":\"en-GB\",\"potentialAction\":[{\"@type\":\"ReadAction\",\"target\":[\"https:\\\/\\\/www.ballettodanceshop.com\\\/sac-danse-ballet-rosa-cabriole\\\/\"]}]},{\"@type\":\"ImageObject\",\"inLanguage\":\"en-GB\",\"@id\":\"https:\\\/\\\/www.ballettodanceshop.com\\\/sac-danse-ballet-rosa-cabriole\\\/#primaryimage\",\"url\":\"https:\\\/\\\/www.ballettodanceshop.com\\\/wp-content\\\/uploads\\\/2025\\\/07\\\/Cabriole-e1736963630999.jpg\",\"contentUrl\":\"https:\\\/\\\/www.ballettodanceshop.com\\\/wp-content\\\/uploads\\\/2025\\\/07\\\/Cabriole-e1736963630999.jpg\",\"width\":922,\"height\":1277,\"caption\":\"Sac Danse Ballet Rosa Cabriole\"},{\"@type\":\"BreadcrumbList\",\"@id\":\"https:\\\/\\\/www.ballettodanceshop.com\\\/sac-danse-ballet-rosa-cabriole\\\/#breadcrumb\",\"itemListElement\":[{\"@type\":\"ListItem\",\"position\":1,\"name\":\"Accueil\",\"item\":\"https:\\\/\\\/www.ballettodanceshop.com\\\/\"},{\"@type\":\"ListItem\",\"position\":2,\"name\":\"Produits\",\"item\":\"https:\\\/\\\/www.ballettodanceshop.com\\\/boutique\\\/\"},{\"@type\":\"ListItem\",\"position\":3,\"name\":\"Sac Danse Ballet Rosa Cabriole\"}]},{\"@type\":\"WebSite\",\"@id\":\"https:\\\/\\\/www.ballettodanceshop.com\\\/#website\",\"url\":\"https:\\\/\\\/www.ballettodanceshop.com\\\/\",\"name\":\"Balletto Dance Shop\",\"description\":\"Keep Dancing !\",\"publisher\":{\"@id\":\"https:\\\/\\\/www.ballettodanceshop.com\\\/#organization\"},\"alternateName\":\"Balletto\",\"potentialAction\":[{\"@type\":\"SearchAction\",\"target\":{\"@type\":\"EntryPoint\",\"urlTemplate\":\"https:\\\/\\\/www.ballettodanceshop.com\\\/?s={search_term_string}\"},\"query-input\":{\"@type\":\"PropertyValueSpecification\",\"valueRequired\":true,\"valueName\":\"search_term_string\"}}],\"inLanguage\":\"en-GB\"},{\"@type\":\"Organization\",\"@id\":\"https:\\\/\\\/www.ballettodanceshop.com\\\/#organization\",\"name\":\"Balletto Dance Shop\",\"alternateName\":\"Balletto\",\"url\":\"https:\\\/\\\/www.ballettodanceshop.com\\\/\",\"logo\":{\"@type\":\"ImageObject\",\"inLanguage\":\"en-GB\",\"@id\":\"https:\\\/\\\/www.ballettodanceshop.com\\\/#\\\/schema\\\/logo\\\/image\\\/\",\"url\":\"https:\\\/\\\/www.ballettodanceshop.com\\\/wp-content\\\/uploads\\\/2025\\\/06\\\/LOGO-1.png\",\"contentUrl\":\"https:\\\/\\\/www.ballettodanceshop.com\\\/wp-content\\\/uploads\\\/2025\\\/06\\\/LOGO-1.png\",\"width\":508,\"height\":209,\"caption\":\"Balletto Dance Shop\"},\"image\":{\"@id\":\"https:\\\/\\\/www.ballettodanceshop.com\\\/#\\\/schema\\\/logo\\\/image\\\/\"},\"sameAs\":[\"https:\\\/\\\/www.facebook.com\\\/Ballettodanceshop\\\/\",\"https:\\\/\\\/x.com\\\/ballettodance\",\"https:\\\/\\\/www.tiktok.com\\\/@ballettodanceshop\",\"https:\\\/\\\/fr.linkedin.com\\\/company\\\/ballettodaneshop\",\"https:\\\/\\\/fr.pinterest.com\\\/ballettodanceshop\\\/\",\"https:\\\/\\\/www.threads.com\\\/@ballettodanceshop\",\"https:\\\/\\\/www.instagram.com\\\/ballettodanceshop\\\/\",\"https:\\\/\\\/www.youtube.com\\\/@ballettodanceshop\"]}]}<\/script>\n<!-- \/ Yoast SEO plugin. -->","yoast_head_json":{"title":"Ballet Rosa Cabriole Bag - Balletto Dance Shop","description":"Black BALLET ROSA CABRIOLE sports bag designed specifically for male dancers but can be worn as a mixed bag.","robots":{"index":"index","follow":"follow","max-snippet":"max-snippet:-1","max-image-preview":"max-image-preview:large","max-video-preview":"max-video-preview:-1"},"canonical":"https:\/\/www.ballettodanceshop.com\/en\/ballet-bag-rosa-cabriole\/","og_locale":"en_GB","og_type":"article","og_title":"Sac Danse Ballet Rosa Cabriole - Balletto Dance Shop","og_description":"Sac de Sport BALLET ROSA CABRIOLE Noir con\u00e7u sp\u00e9cialement pour les danseurs masculins mais peut \u00eatre port\u00e9 en tant que sac mixte.","og_url":"https:\/\/www.ballettodanceshop.com\/en\/ballet-bag-rosa-cabriole\/","og_site_name":"Balletto Dance Shop","article_publisher":"https:\/\/www.facebook.com\/Ballettodanceshop\/","article_modified_time":"2025-08-24T15:49:07+00:00","og_image":[{"width":922,"height":1277,"url":"https:\/\/www.ballettodanceshop.com\/wp-content\/uploads\/2025\/07\/Cabriole-e1736963630999.jpg","type":"image\/jpeg"}],"twitter_card":"summary_large_image","twitter_site":"@ballettodance","schema":{"@context":"https:\/\/schema.org","@graph":[{"@type":"WebPage","@id":"https:\/\/www.ballettodanceshop.com\/sac-danse-ballet-rosa-cabriole\/","url":"https:\/\/www.ballettodanceshop.com\/sac-danse-ballet-rosa-cabriole\/","name":"Ballet Rosa Cabriole Bag - Balletto Dance Shop","isPartOf":{"@id":"https:\/\/www.ballettodanceshop.com\/#website"},"primaryImageOfPage":{"@id":"https:\/\/www.ballettodanceshop.com\/sac-danse-ballet-rosa-cabriole\/#primaryimage"},"image":{"@id":"https:\/\/www.ballettodanceshop.com\/sac-danse-ballet-rosa-cabriole\/#primaryimage"},"thumbnailUrl":"https:\/\/www.ballettodanceshop.com\/wp-content\/uploads\/2025\/07\/Cabriole-e1736963630999.jpg","datePublished":"2021-02-12T05:02:39+00:00","dateModified":"2025-08-24T15:49:07+00:00","description":"Black BALLET ROSA CABRIOLE sports bag designed specifically for male dancers but can be worn as a mixed bag.","breadcrumb":{"@id":"https:\/\/www.ballettodanceshop.com\/sac-danse-ballet-rosa-cabriole\/#breadcrumb"},"inLanguage":"en-GB","potentialAction":[{"@type":"ReadAction","target":["https:\/\/www.ballettodanceshop.com\/sac-danse-ballet-rosa-cabriole\/"]}]},{"@type":"ImageObject","inLanguage":"en-GB","@id":"https:\/\/www.ballettodanceshop.com\/sac-danse-ballet-rosa-cabriole\/#primaryimage","url":"https:\/\/www.ballettodanceshop.com\/wp-content\/uploads\/2025\/07\/Cabriole-e1736963630999.jpg","contentUrl":"https:\/\/www.ballettodanceshop.com\/wp-content\/uploads\/2025\/07\/Cabriole-e1736963630999.jpg","width":922,"height":1277,"caption":"Sac Danse Ballet Rosa Cabriole"},{"@type":"BreadcrumbList","@id":"https:\/\/www.ballettodanceshop.com\/sac-danse-ballet-rosa-cabriole\/#breadcrumb","itemListElement":[{"@type":"ListItem","position":1,"name":"Accueil","item":"https:\/\/www.ballettodanceshop.com\/"},{"@type":"ListItem","position":2,"name":"Produits","item":"https:\/\/www.ballettodanceshop.com\/boutique\/"},{"@type":"ListItem","position":3,"name":"Sac Danse Ballet Rosa Cabriole"}]},{"@type":"WebSite","@id":"https:\/\/www.ballettodanceshop.com\/#website","url":"https:\/\/www.ballettodanceshop.com\/","name":"Balletto Dance Shop","description":"Keep Dancing!","publisher":{"@id":"https:\/\/www.ballettodanceshop.com\/#organization"},"alternateName":"Balletto","potentialAction":[{"@type":"SearchAction","target":{"@type":"EntryPoint","urlTemplate":"https:\/\/www.ballettodanceshop.com\/?s={search_term_string}"},"query-input":{"@type":"PropertyValueSpecification","valueRequired":true,"valueName":"search_term_string"}}],"inLanguage":"en-GB"},{"@type":"Organization","@id":"https:\/\/www.ballettodanceshop.com\/#organization","name":"Balletto Dance Shop","alternateName":"Balletto","url":"https:\/\/www.ballettodanceshop.com\/","logo":{"@type":"ImageObject","inLanguage":"en-GB","@id":"https:\/\/www.ballettodanceshop.com\/#\/schema\/logo\/image\/","url":"https:\/\/www.ballettodanceshop.com\/wp-content\/uploads\/2025\/06\/LOGO-1.png","contentUrl":"https:\/\/www.ballettodanceshop.com\/wp-content\/uploads\/2025\/06\/LOGO-1.png","width":508,"height":209,"caption":"Balletto Dance Shop"},"image":{"@id":"https:\/\/www.ballettodanceshop.com\/#\/schema\/logo\/image\/"},"sameAs":["https:\/\/www.facebook.com\/Ballettodanceshop\/","https:\/\/x.com\/ballettodance","https:\/\/www.tiktok.com\/@ballettodanceshop","https:\/\/fr.linkedin.com\/company\/ballettodaneshop","https:\/\/fr.pinterest.com\/ballettodanceshop\/","https:\/\/www.threads.com\/@ballettodanceshop","https:\/\/www.instagram.com\/ballettodanceshop\/","https:\/\/www.youtube.com\/@ballettodanceshop"]}]}},"_links":{"self":[{"href":"https:\/\/www.ballettodanceshop.com\/en\/wp-json\/wp\/v2\/product\/54744","targetHints":{"allow":["GET"]}}],"collection":[{"href":"https:\/\/www.ballettodanceshop.com\/en\/wp-json\/wp\/v2\/product"}],"about":[{"href":"https:\/\/www.ballettodanceshop.com\/en\/wp-json\/wp\/v2\/types\/product"}],"replies":[{"embeddable":true,"href":"https:\/\/www.ballettodanceshop.com\/en\/wp-json\/wp\/v2\/comments?post=54744"}],"wp:featuredmedia":[{"embeddable":true,"href":"https:\/\/www.ballettodanceshop.com\/en\/wp-json\/wp\/v2\/media\/8586"}],"wp:attachment":[{"href":"https:\/\/www.ballettodanceshop.com\/en\/wp-json\/wp\/v2\/media?parent=54744"}],"wp:term":[{"taxonomy":"product_brand","embeddable":true,"href":"https:\/\/www.ballettodanceshop.com\/en\/wp-json\/wp\/v2\/product_brand?post=54744"},{"taxonomy":"product_cat","embeddable":true,"href":"https:\/\/www.ballettodanceshop.com\/en\/wp-json\/wp\/v2\/product_cat?post=54744"},{"taxonomy":"product_tag","embeddable":true,"href":"https:\/\/www.ballettodanceshop.com\/en\/wp-json\/wp\/v2\/product_tag?post=54744"}],"curies":[{"name":"wp","href":"https:\/\/api.w.org\/{rel}","templated":true}]}}