{"id":54490,"date":"2021-02-01T09:24:58","date_gmt":"2021-02-01T08:24:58","guid":{"rendered":"https:\/\/www.ballettodanceshop.com\/tutu-integral-galas\/"},"modified":"2025-08-24T17:48:21","modified_gmt":"2025-08-24T15:48:21","slug":"tutu-integral-galas","status":"publish","type":"product","link":"https:\/\/www.ballettodanceshop.com\/en\/tutu-integral-galas\/","title":{"rendered":"Tutu Integral Galas"},"content":{"rendered":"<p><b>Tutu Int\u00e9gral Galas<\/b><\/p>\n<ul>\n<li>Leotard material 80% Meryl and 20% Lycra\u00ae<\/li>\n<li>Spaghetti straps<\/li>\n<li>Skirt made up of 4 layers of tulle<\/li>\n<li>Diameter of tulle 22 cm<\/li>\n<\/ul>\n<p><strong>Size:\u00a0<\/strong><strong> 1 (108-118 cm) 2 (119-125 cm) 2A (127-136 cm) 3 (137-146 cm) XS (34)<\/strong><strong>\u00a0 \u00a0 S: (36) M:(38)<\/strong><\/p>\n<p><strong>Made in Italy<\/strong><\/p>","protected":false},"excerpt":{"rendered":"<p>Tutu made from 4 layers of tulle.<\/p>\n<p>Its strapless shape in matte Lycra\u00ae emphasises the dancer's silhouette.<\/p>\n<p>Bretelles fines et d\u00e9collet\u00e9 arrondi qui d\u00e9gagent le haut du corps. Il peut \u00e9galement servir de base pour un costume de sc\u00e8ne plus \u00e9labor\u00e9.<\/p>\n<p>Lined on front.<\/p>\n<p><strong>Made in Italy.<\/strong><\/p>\n<p>&nbsp;<\/p>","protected":false},"featured_media":7890,"comment_status":"open","ping_status":"open","template":"","meta":{"_acf_changed":false},"product_brand":[],"product_cat":[65,19,25,61,68,149,62,73,63],"product_tag":[790],"class_list":{"0":"post-54490","1":"product","2":"type-product","3":"status-publish","4":"has-post-thumbnail","6":"product_cat-classique-filles","7":"product_cat-femmes","8":"product_cat-filles","9":"product_cat-idees-cadeaux","10":"product_cat-idees-cadeaux-filles","11":"product_cat-rumpf","12":"product_cat-classique","13":"product_cat-tutus-jupons-classique-filles","14":"product_cat-tutus-jupons","15":"product_tag-livraison-1-a-2-semaines","17":"first","18":"instock","19":"taxable","20":"shipping-taxable","21":"purchasable","22":"product-type-variable"},"acf":[],"yoast_head":"<!-- This site is optimized with the Yoast SEO plugin v27.4 - https:\/\/yoast.com\/product\/yoast-seo-wordpress\/ -->\n<title>Tutu Integral Galas - Balletto Dance Shop<\/title>\n<meta name=\"description\" content=\"TUTU DE DANSE CLASSIQUE INTEGRAL. 4 Couches de tulles, enti\u00e8rement doubl\u00e9 devant. Parfait pour un cadeau ou un spectacle de danse. Fabriqu\u00e9 en Italie.\" \/>\n<meta name=\"robots\" content=\"index, follow, max-snippet:-1, max-image-preview:large, max-video-preview:-1\" \/>\n<link rel=\"canonical\" href=\"https:\/\/www.ballettodanceshop.com\/en\/tutu-integral-galas\/\" \/>\n<meta property=\"og:locale\" content=\"en_GB\" \/>\n<meta property=\"og:type\" content=\"article\" \/>\n<meta property=\"og:title\" content=\"Tutu Integral Galas - Balletto Dance Shop\" \/>\n<meta property=\"og:description\" content=\"TUTU DE DANSE CLASSIQUE INTEGRAL. 4 Couches de tulles, enti\u00e8rement doubl\u00e9 devant. Parfait pour un cadeau ou un spectacle de danse. Fabriqu\u00e9 en Italie.\" \/>\n<meta property=\"og:url\" content=\"https:\/\/www.ballettodanceshop.com\/en\/tutu-integral-galas\/\" \/>\n<meta property=\"og:site_name\" content=\"Balletto Dance Shop\" \/>\n<meta property=\"article:publisher\" content=\"https:\/\/www.facebook.com\/Ballettodanceshop\/\" \/>\n<meta property=\"article:modified_time\" content=\"2025-08-24T15:48:21+00:00\" \/>\n<meta property=\"og:image\" content=\"https:\/\/www.ballettodanceshop.com\/wp-content\/uploads\/2025\/07\/Tutu_Integral_Galas.jpg\" \/>\n\t<meta property=\"og:image:width\" content=\"1000\" \/>\n\t<meta property=\"og:image:height\" content=\"1500\" \/>\n\t<meta property=\"og:image:type\" content=\"image\/jpeg\" \/>\n<meta name=\"twitter:card\" content=\"summary_large_image\" \/>\n<meta name=\"twitter:site\" content=\"@ballettodance\" \/>\n<script type=\"application\/ld+json\" class=\"yoast-schema-graph\">{\"@context\":\"https:\\\/\\\/schema.org\",\"@graph\":[{\"@type\":\"WebPage\",\"@id\":\"https:\\\/\\\/www.ballettodanceshop.com\\\/tutu-integral-galas\\\/\",\"url\":\"https:\\\/\\\/www.ballettodanceshop.com\\\/tutu-integral-galas\\\/\",\"name\":\"Tutu Integral Galas - Balletto Dance Shop\",\"isPartOf\":{\"@id\":\"https:\\\/\\\/www.ballettodanceshop.com\\\/#website\"},\"primaryImageOfPage\":{\"@id\":\"https:\\\/\\\/www.ballettodanceshop.com\\\/tutu-integral-galas\\\/#primaryimage\"},\"image\":{\"@id\":\"https:\\\/\\\/www.ballettodanceshop.com\\\/tutu-integral-galas\\\/#primaryimage\"},\"thumbnailUrl\":\"https:\\\/\\\/www.ballettodanceshop.com\\\/wp-content\\\/uploads\\\/2025\\\/07\\\/Tutu_Integral_Galas.jpg\",\"datePublished\":\"2021-02-01T08:24:58+00:00\",\"dateModified\":\"2025-08-24T15:48:21+00:00\",\"description\":\"TUTU DE DANSE CLASSIQUE INTEGRAL. 4 Couches de tulles, enti\u00e8rement doubl\u00e9 devant. Parfait pour un cadeau ou un spectacle de danse. Fabriqu\u00e9 en Italie.\",\"breadcrumb\":{\"@id\":\"https:\\\/\\\/www.ballettodanceshop.com\\\/tutu-integral-galas\\\/#breadcrumb\"},\"inLanguage\":\"en-GB\",\"potentialAction\":[{\"@type\":\"ReadAction\",\"target\":[\"https:\\\/\\\/www.ballettodanceshop.com\\\/tutu-integral-galas\\\/\"]}]},{\"@type\":\"ImageObject\",\"inLanguage\":\"en-GB\",\"@id\":\"https:\\\/\\\/www.ballettodanceshop.com\\\/tutu-integral-galas\\\/#primaryimage\",\"url\":\"https:\\\/\\\/www.ballettodanceshop.com\\\/wp-content\\\/uploads\\\/2025\\\/07\\\/Tutu_Integral_Galas.jpg\",\"contentUrl\":\"https:\\\/\\\/www.ballettodanceshop.com\\\/wp-content\\\/uploads\\\/2025\\\/07\\\/Tutu_Integral_Galas.jpg\",\"width\":1000,\"height\":1500,\"caption\":\"Tutu Galas\"},{\"@type\":\"BreadcrumbList\",\"@id\":\"https:\\\/\\\/www.ballettodanceshop.com\\\/tutu-integral-galas\\\/#breadcrumb\",\"itemListElement\":[{\"@type\":\"ListItem\",\"position\":1,\"name\":\"Accueil\",\"item\":\"https:\\\/\\\/www.ballettodanceshop.com\\\/\"},{\"@type\":\"ListItem\",\"position\":2,\"name\":\"Produits\",\"item\":\"https:\\\/\\\/www.ballettodanceshop.com\\\/boutique\\\/\"},{\"@type\":\"ListItem\",\"position\":3,\"name\":\"Tutu Integral Galas\"}]},{\"@type\":\"WebSite\",\"@id\":\"https:\\\/\\\/www.ballettodanceshop.com\\\/#website\",\"url\":\"https:\\\/\\\/www.ballettodanceshop.com\\\/\",\"name\":\"Balletto Dance Shop\",\"description\":\"Keep Dancing !\",\"publisher\":{\"@id\":\"https:\\\/\\\/www.ballettodanceshop.com\\\/#organization\"},\"alternateName\":\"Balletto\",\"potentialAction\":[{\"@type\":\"SearchAction\",\"target\":{\"@type\":\"EntryPoint\",\"urlTemplate\":\"https:\\\/\\\/www.ballettodanceshop.com\\\/?s={search_term_string}\"},\"query-input\":{\"@type\":\"PropertyValueSpecification\",\"valueRequired\":true,\"valueName\":\"search_term_string\"}}],\"inLanguage\":\"en-GB\"},{\"@type\":\"Organization\",\"@id\":\"https:\\\/\\\/www.ballettodanceshop.com\\\/#organization\",\"name\":\"Balletto Dance Shop\",\"alternateName\":\"Balletto\",\"url\":\"https:\\\/\\\/www.ballettodanceshop.com\\\/\",\"logo\":{\"@type\":\"ImageObject\",\"inLanguage\":\"en-GB\",\"@id\":\"https:\\\/\\\/www.ballettodanceshop.com\\\/#\\\/schema\\\/logo\\\/image\\\/\",\"url\":\"https:\\\/\\\/www.ballettodanceshop.com\\\/wp-content\\\/uploads\\\/2025\\\/06\\\/LOGO-1.png\",\"contentUrl\":\"https:\\\/\\\/www.ballettodanceshop.com\\\/wp-content\\\/uploads\\\/2025\\\/06\\\/LOGO-1.png\",\"width\":508,\"height\":209,\"caption\":\"Balletto Dance Shop\"},\"image\":{\"@id\":\"https:\\\/\\\/www.ballettodanceshop.com\\\/#\\\/schema\\\/logo\\\/image\\\/\"},\"sameAs\":[\"https:\\\/\\\/www.facebook.com\\\/Ballettodanceshop\\\/\",\"https:\\\/\\\/x.com\\\/ballettodance\",\"https:\\\/\\\/www.tiktok.com\\\/@ballettodanceshop\",\"https:\\\/\\\/fr.linkedin.com\\\/company\\\/ballettodaneshop\",\"https:\\\/\\\/fr.pinterest.com\\\/ballettodanceshop\\\/\",\"https:\\\/\\\/www.threads.com\\\/@ballettodanceshop\",\"https:\\\/\\\/www.instagram.com\\\/ballettodanceshop\\\/\",\"https:\\\/\\\/www.youtube.com\\\/@ballettodanceshop\"]}]}<\/script>\n<!-- \/ Yoast SEO plugin. -->","yoast_head_json":{"title":"Tutu Integral Galas - Balletto Dance Shop","description":"FULL BALLET TUTU. 4 layers of tulle, fully lined in front. Perfect for a gift or a dance show. Made in Italy.","robots":{"index":"index","follow":"follow","max-snippet":"max-snippet:-1","max-image-preview":"max-image-preview:large","max-video-preview":"max-video-preview:-1"},"canonical":"https:\/\/www.ballettodanceshop.com\/en\/tutu-integral-galas\/","og_locale":"en_GB","og_type":"article","og_title":"Tutu Integral Galas - Balletto Dance Shop","og_description":"TUTU DE DANSE CLASSIQUE INTEGRAL. 4 Couches de tulles, enti\u00e8rement doubl\u00e9 devant. Parfait pour un cadeau ou un spectacle de danse. Fabriqu\u00e9 en Italie.","og_url":"https:\/\/www.ballettodanceshop.com\/en\/tutu-integral-galas\/","og_site_name":"Balletto Dance Shop","article_publisher":"https:\/\/www.facebook.com\/Ballettodanceshop\/","article_modified_time":"2025-08-24T15:48:21+00:00","og_image":[{"width":1000,"height":1500,"url":"https:\/\/www.ballettodanceshop.com\/wp-content\/uploads\/2025\/07\/Tutu_Integral_Galas.jpg","type":"image\/jpeg"}],"twitter_card":"summary_large_image","twitter_site":"@ballettodance","schema":{"@context":"https:\/\/schema.org","@graph":[{"@type":"WebPage","@id":"https:\/\/www.ballettodanceshop.com\/tutu-integral-galas\/","url":"https:\/\/www.ballettodanceshop.com\/tutu-integral-galas\/","name":"Tutu Integral Galas - Balletto Dance Shop","isPartOf":{"@id":"https:\/\/www.ballettodanceshop.com\/#website"},"primaryImageOfPage":{"@id":"https:\/\/www.ballettodanceshop.com\/tutu-integral-galas\/#primaryimage"},"image":{"@id":"https:\/\/www.ballettodanceshop.com\/tutu-integral-galas\/#primaryimage"},"thumbnailUrl":"https:\/\/www.ballettodanceshop.com\/wp-content\/uploads\/2025\/07\/Tutu_Integral_Galas.jpg","datePublished":"2021-02-01T08:24:58+00:00","dateModified":"2025-08-24T15:48:21+00:00","description":"FULL BALLET TUTU. 4 layers of tulle, fully lined in front. Perfect for a gift or a dance show. Made in Italy.","breadcrumb":{"@id":"https:\/\/www.ballettodanceshop.com\/tutu-integral-galas\/#breadcrumb"},"inLanguage":"en-GB","potentialAction":[{"@type":"ReadAction","target":["https:\/\/www.ballettodanceshop.com\/tutu-integral-galas\/"]}]},{"@type":"ImageObject","inLanguage":"en-GB","@id":"https:\/\/www.ballettodanceshop.com\/tutu-integral-galas\/#primaryimage","url":"https:\/\/www.ballettodanceshop.com\/wp-content\/uploads\/2025\/07\/Tutu_Integral_Galas.jpg","contentUrl":"https:\/\/www.ballettodanceshop.com\/wp-content\/uploads\/2025\/07\/Tutu_Integral_Galas.jpg","width":1000,"height":1500,"caption":"Tutu Galas"},{"@type":"BreadcrumbList","@id":"https:\/\/www.ballettodanceshop.com\/tutu-integral-galas\/#breadcrumb","itemListElement":[{"@type":"ListItem","position":1,"name":"Accueil","item":"https:\/\/www.ballettodanceshop.com\/"},{"@type":"ListItem","position":2,"name":"Produits","item":"https:\/\/www.ballettodanceshop.com\/boutique\/"},{"@type":"ListItem","position":3,"name":"Tutu Integral Galas"}]},{"@type":"WebSite","@id":"https:\/\/www.ballettodanceshop.com\/#website","url":"https:\/\/www.ballettodanceshop.com\/","name":"Balletto Dance Shop","description":"Keep Dancing!","publisher":{"@id":"https:\/\/www.ballettodanceshop.com\/#organization"},"alternateName":"Balletto","potentialAction":[{"@type":"SearchAction","target":{"@type":"EntryPoint","urlTemplate":"https:\/\/www.ballettodanceshop.com\/?s={search_term_string}"},"query-input":{"@type":"PropertyValueSpecification","valueRequired":true,"valueName":"search_term_string"}}],"inLanguage":"en-GB"},{"@type":"Organization","@id":"https:\/\/www.ballettodanceshop.com\/#organization","name":"Balletto Dance Shop","alternateName":"Balletto","url":"https:\/\/www.ballettodanceshop.com\/","logo":{"@type":"ImageObject","inLanguage":"en-GB","@id":"https:\/\/www.ballettodanceshop.com\/#\/schema\/logo\/image\/","url":"https:\/\/www.ballettodanceshop.com\/wp-content\/uploads\/2025\/06\/LOGO-1.png","contentUrl":"https:\/\/www.ballettodanceshop.com\/wp-content\/uploads\/2025\/06\/LOGO-1.png","width":508,"height":209,"caption":"Balletto Dance Shop"},"image":{"@id":"https:\/\/www.ballettodanceshop.com\/#\/schema\/logo\/image\/"},"sameAs":["https:\/\/www.facebook.com\/Ballettodanceshop\/","https:\/\/x.com\/ballettodance","https:\/\/www.tiktok.com\/@ballettodanceshop","https:\/\/fr.linkedin.com\/company\/ballettodaneshop","https:\/\/fr.pinterest.com\/ballettodanceshop\/","https:\/\/www.threads.com\/@ballettodanceshop","https:\/\/www.instagram.com\/ballettodanceshop\/","https:\/\/www.youtube.com\/@ballettodanceshop"]}]}},"_links":{"self":[{"href":"https:\/\/www.ballettodanceshop.com\/en\/wp-json\/wp\/v2\/product\/54490","targetHints":{"allow":["GET"]}}],"collection":[{"href":"https:\/\/www.ballettodanceshop.com\/en\/wp-json\/wp\/v2\/product"}],"about":[{"href":"https:\/\/www.ballettodanceshop.com\/en\/wp-json\/wp\/v2\/types\/product"}],"replies":[{"embeddable":true,"href":"https:\/\/www.ballettodanceshop.com\/en\/wp-json\/wp\/v2\/comments?post=54490"}],"wp:featuredmedia":[{"embeddable":true,"href":"https:\/\/www.ballettodanceshop.com\/en\/wp-json\/wp\/v2\/media\/7890"}],"wp:attachment":[{"href":"https:\/\/www.ballettodanceshop.com\/en\/wp-json\/wp\/v2\/media?parent=54490"}],"wp:term":[{"taxonomy":"product_brand","embeddable":true,"href":"https:\/\/www.ballettodanceshop.com\/en\/wp-json\/wp\/v2\/product_brand?post=54490"},{"taxonomy":"product_cat","embeddable":true,"href":"https:\/\/www.ballettodanceshop.com\/en\/wp-json\/wp\/v2\/product_cat?post=54490"},{"taxonomy":"product_tag","embeddable":true,"href":"https:\/\/www.ballettodanceshop.com\/en\/wp-json\/wp\/v2\/product_tag?post=54490"}],"curies":[{"name":"wp","href":"https:\/\/api.w.org\/{rel}","templated":true}]}}