{"id":54466,"date":"2021-01-25T13:33:16","date_gmt":"2021-01-25T12:33:16","guid":{"rendered":"https:\/\/www.ballettodanceshop.com\/tapis-de-danse-individuel-balletto-dance-shop\/"},"modified":"2026-01-15T20:58:03","modified_gmt":"2026-01-15T19:58:03","slug":"individual-dance-floor-balletto-dance-shop","status":"publish","type":"product","link":"https:\/\/www.ballettodanceshop.com\/en\/tapis-de-danse-individuel-balletto-dance-shop\/","title":{"rendered":"Individual Dance Mat Balletto Dance Shop"},"content":{"rendered":"<p><strong>Individual Dance Mat Balletto Dance Shop\u00a0<\/strong><\/p>\n<p>Size: 1.50M X 2M<\/p>\n<p>Thickness: 3mm \/ Weight: 8kg<\/p>\n<p><strong>Quality Certificate: ISO-9001 Class A<\/strong><\/p>\n<p><strong>Indoor Air Emissions: A+<\/strong><\/p>\n<p><strong>Sound insulation in accordance with EN ISO 717-2<\/strong><\/p>\n<p>Maintenance: Simple damp wiping with neutral detergent or without.<\/p>\n<p><strong>Designed in Bordeaux-France<\/strong><\/p>","protected":false},"excerpt":{"rendered":"<p>Vous \u00e9tiez nombreux \u00e0 travers l&rsquo;Europe \u00e0 shopper nos<strong> Dance Bars &amp; Mirrors. <\/strong><\/p>\n<p>Here is your <strong>Individual dance mat.<\/strong><\/p>\n<p>Nous avons pris le temps de s\u00e9lectionner pour vous un produit Haut de Gamme Con\u00e7u et Fabriqu\u00e9 sur mesure \u00e0 Bordeaux.<\/p>\n<p>Homogenous PVC specifically for dance.<\/p>\n<p>Une surface de danse r\u00e9sistante avec une sous couche arm\u00e9e d&rsquo;un voile de verre et d&rsquo;un support stabilis\u00e9 en mousse PVC ainsi que d&rsquo;un classement de r\u00e9action au feu BFL-S1.<\/p>\n<div class=\"desc\">\n<div class=\"link-pinterest-follow-us\">Rev\u00eatement de sol h\u00e9t\u00e9rog\u00e8ne acoustique b\u00e9n\u00e9ficiant d\u2019une sous couche arm\u00e9e d\u2019un voile de verre et d\u2019un support stabilis\u00e9 en mousse PVC. Sa couche d\u2019usure de 0,50 mm est renforc\u00e9e par un traitement de surface HyperGuard\u00ae qui supprime toute m\u00e9tallisation et apporte une excellente r\u00e9sistance.<\/div>\n<p>&nbsp;<\/p>\n<\/div>\n<div class=\"caracteristique\"><\/div>\n<p>Ce tapis peut \u00eatre pos\u00e9 sur n&rsquo;importe quelle surface lisse et dure pour prot\u00e9ger le sol existant et fournir une surface appropri\u00e9e pour tous les types de danse \u00e0 l&rsquo;exception des danses percussives, car le support \u00e0 cellules ferm\u00e9es offre un l\u00e9ger amorti. Il peut \u00eatre pos\u00e9 \u00e9galement sur un sol chauff\u00e9.<\/p>\n<p>Vous vous sentirez en parfaite confiance durant vos cours en Visio. Le Tapis de Danse <strong>Balletto Dance Shop<\/strong> est le plus couramment utilis\u00e9 pour le:<\/p>\n<p><strong>Classical Ballet (including Pirouettes and Pointe work), Barre au Sol, Modern, Contemporary, Aerobics, Zumba, Jazz and Hip-Hop<\/strong>.<\/p>\n<p>Rigid, it does not crease or wrinkle and remains stable.<\/p>\n<p><strong>Tested and approved by dance teachers.\u00a0 <\/strong>Vous pouvez continuer votre entra\u00eenement de danse \u00e0 la maison en toute s\u00e9curit\u00e9.<\/p>\n<p>This Carpet <b>complies with European and French CE \/ NF standards and is 100% Recyclable.<\/b><\/p>\n<p>It's easy to store: just roll it up and store it upright or lying down.<\/p>\n<p><strong>Free Shipping<\/strong><\/p>\n<p>&nbsp;<\/p>\n<p>&nbsp;<\/p>","protected":false},"featured_media":7837,"comment_status":"open","ping_status":"closed","template":"","meta":{"_acf_changed":false},"product_brand":[],"product_cat":[94,90,108,66,104,98,92,110,106,102,67,107,103,111,165,156,65,93,19,25,26,23,123,124,61,68,91,109,105,89,696,62,101,97],"product_tag":[786],"class_list":{"0":"post-54466","1":"product","2":"type-product","3":"status-publish","4":"has-post-thumbnail","6":"product_cat-accessoires-classique-garcons","7":"product_cat-accessoires-jazz-hommes","8":"product_cat-accessoires-athleisure-yoga-gym-pilates","9":"product_cat-accessoires-classique-filles","10":"product_cat-accessoires-athleisure","11":"product_cat-accessoires-contemporain","12":"product_cat-accessoires-jazz","13":"product_cat-accessoires-jazz-filles","14":"product_cat-accessoires-jazz-garcons","15":"product_cat-accessoires-classique-hommes","16":"product_cat-accessoires","17":"product_cat-athleisure-yoga-gym-pilates","18":"product_cat-athleisure","19":"product_cat-athleisure-yoga-gym-pilates-filles","20":"product_cat-barres-et-miroirs-de-danse","21":"product_cat-best-sellers","22":"product_cat-classique-filles","23":"product_cat-classique-garcons","24":"product_cat-femmes","25":"product_cat-filles","26":"product_cat-garcons","27":"product_cat-hommes","28":"product_cat-idees-cadeaux-hommes","29":"product_cat-idees-cadeaux-garcons","30":"product_cat-idees-cadeaux","31":"product_cat-idees-cadeaux-filles","32":"product_cat-jazz","33":"product_cat-jazz-filles","34":"product_cat-jazz-garcons","35":"product_cat-jazz-hommes","36":"product_cat-tapis-de-danse","37":"product_cat-classique","38":"product_cat-classique-hommes","39":"product_cat-contemporain","40":"product_tag-livraison-24-a-48h","41":"product_shipping_class-tapis-de-danse","43":"first","44":"instock","45":"taxable","46":"shipping-taxable","47":"purchasable","48":"product-type-simple"},"acf":[],"yoast_head":"<!-- This site is optimized with the Yoast SEO plugin v27.4 - https:\/\/yoast.com\/product\/yoast-seo-wordpress\/ -->\n<title>Tapis de Danse Individuel Balletto Dance Shop - Balletto Dance Shop<\/title>\n<meta name=\"description\" content=\"Tapis d&#039;entrainement pour la danse \u00e0 domicile. Pour vos cours de danse individuels et ou en visio. Ultra pratique, vous l&#039;installez o\u00f9 vous souhaitez.\" \/>\n<meta name=\"robots\" content=\"index, follow, max-snippet:-1, max-image-preview:large, max-video-preview:-1\" \/>\n<link rel=\"canonical\" href=\"https:\/\/www.ballettodanceshop.com\/en\/individual-dance-floor-balletto-dance-shop\/\" \/>\n<meta property=\"og:locale\" content=\"en_GB\" \/>\n<meta property=\"og:type\" content=\"article\" \/>\n<meta property=\"og:title\" content=\"Tapis de Danse Individuel Balletto Dance Shop - Balletto Dance Shop\" \/>\n<meta property=\"og:description\" content=\"Tapis d&#039;entrainement pour la danse \u00e0 domicile. Pour vos cours de danse individuels et ou en visio. Ultra pratique, vous l&#039;installez o\u00f9 vous souhaitez.\" \/>\n<meta property=\"og:url\" content=\"https:\/\/www.ballettodanceshop.com\/en\/individual-dance-floor-balletto-dance-shop\/\" \/>\n<meta property=\"og:site_name\" content=\"Balletto Dance Shop\" \/>\n<meta property=\"article:publisher\" content=\"https:\/\/www.facebook.com\/Ballettodanceshop\/\" \/>\n<meta property=\"article:modified_time\" content=\"2026-01-15T19:58:03+00:00\" \/>\n<meta property=\"og:image\" content=\"https:\/\/www.ballettodanceshop.com\/wp-content\/uploads\/2025\/07\/tapis-danse_ballettodanceshop_valeryia-scaled-scaled.jpg\" \/>\n\t<meta property=\"og:image:width\" content=\"1536\" \/>\n\t<meta property=\"og:image:height\" content=\"2048\" \/>\n\t<meta property=\"og:image:type\" content=\"image\/jpeg\" \/>\n<meta name=\"twitter:card\" content=\"summary_large_image\" \/>\n<meta name=\"twitter:site\" content=\"@ballettodance\" \/>\n<meta name=\"twitter:label1\" content=\"Estimated reading time\" \/>\n\t<meta name=\"twitter:data1\" content=\"1 minute\" \/>\n<script type=\"application\/ld+json\" class=\"yoast-schema-graph\">{\"@context\":\"https:\\\/\\\/schema.org\",\"@graph\":[{\"@type\":\"WebPage\",\"@id\":\"https:\\\/\\\/www.ballettodanceshop.com\\\/tapis-de-danse-individuel-balletto-dance-shop\\\/\",\"url\":\"https:\\\/\\\/www.ballettodanceshop.com\\\/tapis-de-danse-individuel-balletto-dance-shop\\\/\",\"name\":\"Tapis de Danse Individuel Balletto Dance Shop - Balletto Dance Shop\",\"isPartOf\":{\"@id\":\"https:\\\/\\\/www.ballettodanceshop.com\\\/#website\"},\"primaryImageOfPage\":{\"@id\":\"https:\\\/\\\/www.ballettodanceshop.com\\\/tapis-de-danse-individuel-balletto-dance-shop\\\/#primaryimage\"},\"image\":{\"@id\":\"https:\\\/\\\/www.ballettodanceshop.com\\\/tapis-de-danse-individuel-balletto-dance-shop\\\/#primaryimage\"},\"thumbnailUrl\":\"https:\\\/\\\/www.ballettodanceshop.com\\\/wp-content\\\/uploads\\\/2025\\\/07\\\/tapis-danse_ballettodanceshop_valeryia-scaled-scaled.jpg\",\"datePublished\":\"2021-01-25T12:33:16+00:00\",\"dateModified\":\"2026-01-15T19:58:03+00:00\",\"description\":\"Tapis d'entrainement pour la danse \u00e0 domicile. Pour vos cours de danse individuels et ou en visio. Ultra pratique, vous l'installez o\u00f9 vous souhaitez.\",\"breadcrumb\":{\"@id\":\"https:\\\/\\\/www.ballettodanceshop.com\\\/tapis-de-danse-individuel-balletto-dance-shop\\\/#breadcrumb\"},\"inLanguage\":\"en-GB\",\"potentialAction\":[{\"@type\":\"ReadAction\",\"target\":[\"https:\\\/\\\/www.ballettodanceshop.com\\\/tapis-de-danse-individuel-balletto-dance-shop\\\/\"]}]},{\"@type\":\"ImageObject\",\"inLanguage\":\"en-GB\",\"@id\":\"https:\\\/\\\/www.ballettodanceshop.com\\\/tapis-de-danse-individuel-balletto-dance-shop\\\/#primaryimage\",\"url\":\"https:\\\/\\\/www.ballettodanceshop.com\\\/wp-content\\\/uploads\\\/2025\\\/07\\\/tapis-danse_ballettodanceshop_valeryia-scaled-scaled.jpg\",\"contentUrl\":\"https:\\\/\\\/www.ballettodanceshop.com\\\/wp-content\\\/uploads\\\/2025\\\/07\\\/tapis-danse_ballettodanceshop_valeryia-scaled-scaled.jpg\",\"width\":1536,\"height\":2048,\"caption\":\"Tapis d'entrainement pour la danse \u00e0 domicile\"},{\"@type\":\"BreadcrumbList\",\"@id\":\"https:\\\/\\\/www.ballettodanceshop.com\\\/tapis-de-danse-individuel-balletto-dance-shop\\\/#breadcrumb\",\"itemListElement\":[{\"@type\":\"ListItem\",\"position\":1,\"name\":\"Accueil\",\"item\":\"https:\\\/\\\/www.ballettodanceshop.com\\\/\"},{\"@type\":\"ListItem\",\"position\":2,\"name\":\"Produits\",\"item\":\"https:\\\/\\\/www.ballettodanceshop.com\\\/boutique\\\/\"},{\"@type\":\"ListItem\",\"position\":3,\"name\":\"Tapis de Danse Individuel Balletto Dance Shop\"}]},{\"@type\":\"WebSite\",\"@id\":\"https:\\\/\\\/www.ballettodanceshop.com\\\/#website\",\"url\":\"https:\\\/\\\/www.ballettodanceshop.com\\\/\",\"name\":\"Balletto Dance Shop\",\"description\":\"Keep Dancing !\",\"publisher\":{\"@id\":\"https:\\\/\\\/www.ballettodanceshop.com\\\/#organization\"},\"alternateName\":\"Balletto\",\"potentialAction\":[{\"@type\":\"SearchAction\",\"target\":{\"@type\":\"EntryPoint\",\"urlTemplate\":\"https:\\\/\\\/www.ballettodanceshop.com\\\/?s={search_term_string}\"},\"query-input\":{\"@type\":\"PropertyValueSpecification\",\"valueRequired\":true,\"valueName\":\"search_term_string\"}}],\"inLanguage\":\"en-GB\"},{\"@type\":\"Organization\",\"@id\":\"https:\\\/\\\/www.ballettodanceshop.com\\\/#organization\",\"name\":\"Balletto Dance Shop\",\"alternateName\":\"Balletto\",\"url\":\"https:\\\/\\\/www.ballettodanceshop.com\\\/\",\"logo\":{\"@type\":\"ImageObject\",\"inLanguage\":\"en-GB\",\"@id\":\"https:\\\/\\\/www.ballettodanceshop.com\\\/#\\\/schema\\\/logo\\\/image\\\/\",\"url\":\"https:\\\/\\\/www.ballettodanceshop.com\\\/wp-content\\\/uploads\\\/2025\\\/06\\\/LOGO-1.png\",\"contentUrl\":\"https:\\\/\\\/www.ballettodanceshop.com\\\/wp-content\\\/uploads\\\/2025\\\/06\\\/LOGO-1.png\",\"width\":508,\"height\":209,\"caption\":\"Balletto Dance Shop\"},\"image\":{\"@id\":\"https:\\\/\\\/www.ballettodanceshop.com\\\/#\\\/schema\\\/logo\\\/image\\\/\"},\"sameAs\":[\"https:\\\/\\\/www.facebook.com\\\/Ballettodanceshop\\\/\",\"https:\\\/\\\/x.com\\\/ballettodance\",\"https:\\\/\\\/www.tiktok.com\\\/@ballettodanceshop\",\"https:\\\/\\\/fr.linkedin.com\\\/company\\\/ballettodaneshop\",\"https:\\\/\\\/fr.pinterest.com\\\/ballettodanceshop\\\/\",\"https:\\\/\\\/www.threads.com\\\/@ballettodanceshop\",\"https:\\\/\\\/www.instagram.com\\\/ballettodanceshop\\\/\",\"https:\\\/\\\/www.youtube.com\\\/@ballettodanceshop\"]}]}<\/script>\n<!-- \/ Yoast SEO plugin. -->","yoast_head_json":{"title":"Individual Dance Floor Balletto Dance Shop - Balletto Dance Shop","description":"Tapis d'entrainement pour la danse \u00e0 domicile. Pour vos cours de danse individuels et ou en visio. Ultra pratique, vous l'installez o\u00f9 vous souhaitez.","robots":{"index":"index","follow":"follow","max-snippet":"max-snippet:-1","max-image-preview":"max-image-preview:large","max-video-preview":"max-video-preview:-1"},"canonical":"https:\/\/www.ballettodanceshop.com\/en\/individual-dance-floor-balletto-dance-shop\/","og_locale":"en_GB","og_type":"article","og_title":"Tapis de Danse Individuel Balletto Dance Shop - Balletto Dance Shop","og_description":"Tapis d'entrainement pour la danse \u00e0 domicile. Pour vos cours de danse individuels et ou en visio. Ultra pratique, vous l'installez o\u00f9 vous souhaitez.","og_url":"https:\/\/www.ballettodanceshop.com\/en\/individual-dance-floor-balletto-dance-shop\/","og_site_name":"Balletto Dance Shop","article_publisher":"https:\/\/www.facebook.com\/Ballettodanceshop\/","article_modified_time":"2026-01-15T19:58:03+00:00","og_image":[{"width":1536,"height":2048,"url":"https:\/\/www.ballettodanceshop.com\/wp-content\/uploads\/2025\/07\/tapis-danse_ballettodanceshop_valeryia-scaled-scaled.jpg","type":"image\/jpeg"}],"twitter_card":"summary_large_image","twitter_site":"@ballettodance","twitter_misc":{"Estimated reading time":"1 minute"},"schema":{"@context":"https:\/\/schema.org","@graph":[{"@type":"WebPage","@id":"https:\/\/www.ballettodanceshop.com\/tapis-de-danse-individuel-balletto-dance-shop\/","url":"https:\/\/www.ballettodanceshop.com\/tapis-de-danse-individuel-balletto-dance-shop\/","name":"Individual Dance Floor Balletto Dance Shop - Balletto Dance Shop","isPartOf":{"@id":"https:\/\/www.ballettodanceshop.com\/#website"},"primaryImageOfPage":{"@id":"https:\/\/www.ballettodanceshop.com\/tapis-de-danse-individuel-balletto-dance-shop\/#primaryimage"},"image":{"@id":"https:\/\/www.ballettodanceshop.com\/tapis-de-danse-individuel-balletto-dance-shop\/#primaryimage"},"thumbnailUrl":"https:\/\/www.ballettodanceshop.com\/wp-content\/uploads\/2025\/07\/tapis-danse_ballettodanceshop_valeryia-scaled-scaled.jpg","datePublished":"2021-01-25T12:33:16+00:00","dateModified":"2026-01-15T19:58:03+00:00","description":"Tapis d'entrainement pour la danse \u00e0 domicile. Pour vos cours de danse individuels et ou en visio. Ultra pratique, vous l'installez o\u00f9 vous souhaitez.","breadcrumb":{"@id":"https:\/\/www.ballettodanceshop.com\/tapis-de-danse-individuel-balletto-dance-shop\/#breadcrumb"},"inLanguage":"en-GB","potentialAction":[{"@type":"ReadAction","target":["https:\/\/www.ballettodanceshop.com\/tapis-de-danse-individuel-balletto-dance-shop\/"]}]},{"@type":"ImageObject","inLanguage":"en-GB","@id":"https:\/\/www.ballettodanceshop.com\/tapis-de-danse-individuel-balletto-dance-shop\/#primaryimage","url":"https:\/\/www.ballettodanceshop.com\/wp-content\/uploads\/2025\/07\/tapis-danse_ballettodanceshop_valeryia-scaled-scaled.jpg","contentUrl":"https:\/\/www.ballettodanceshop.com\/wp-content\/uploads\/2025\/07\/tapis-danse_ballettodanceshop_valeryia-scaled-scaled.jpg","width":1536,"height":2048,"caption":"Tapis d'entrainement pour la danse \u00e0 domicile"},{"@type":"BreadcrumbList","@id":"https:\/\/www.ballettodanceshop.com\/tapis-de-danse-individuel-balletto-dance-shop\/#breadcrumb","itemListElement":[{"@type":"ListItem","position":1,"name":"Accueil","item":"https:\/\/www.ballettodanceshop.com\/"},{"@type":"ListItem","position":2,"name":"Produits","item":"https:\/\/www.ballettodanceshop.com\/boutique\/"},{"@type":"ListItem","position":3,"name":"Tapis de Danse Individuel Balletto Dance Shop"}]},{"@type":"WebSite","@id":"https:\/\/www.ballettodanceshop.com\/#website","url":"https:\/\/www.ballettodanceshop.com\/","name":"Balletto Dance Shop","description":"Keep Dancing!","publisher":{"@id":"https:\/\/www.ballettodanceshop.com\/#organization"},"alternateName":"Balletto","potentialAction":[{"@type":"SearchAction","target":{"@type":"EntryPoint","urlTemplate":"https:\/\/www.ballettodanceshop.com\/?s={search_term_string}"},"query-input":{"@type":"PropertyValueSpecification","valueRequired":true,"valueName":"search_term_string"}}],"inLanguage":"en-GB"},{"@type":"Organization","@id":"https:\/\/www.ballettodanceshop.com\/#organization","name":"Balletto Dance Shop","alternateName":"Balletto","url":"https:\/\/www.ballettodanceshop.com\/","logo":{"@type":"ImageObject","inLanguage":"en-GB","@id":"https:\/\/www.ballettodanceshop.com\/#\/schema\/logo\/image\/","url":"https:\/\/www.ballettodanceshop.com\/wp-content\/uploads\/2025\/06\/LOGO-1.png","contentUrl":"https:\/\/www.ballettodanceshop.com\/wp-content\/uploads\/2025\/06\/LOGO-1.png","width":508,"height":209,"caption":"Balletto Dance Shop"},"image":{"@id":"https:\/\/www.ballettodanceshop.com\/#\/schema\/logo\/image\/"},"sameAs":["https:\/\/www.facebook.com\/Ballettodanceshop\/","https:\/\/x.com\/ballettodance","https:\/\/www.tiktok.com\/@ballettodanceshop","https:\/\/fr.linkedin.com\/company\/ballettodaneshop","https:\/\/fr.pinterest.com\/ballettodanceshop\/","https:\/\/www.threads.com\/@ballettodanceshop","https:\/\/www.instagram.com\/ballettodanceshop\/","https:\/\/www.youtube.com\/@ballettodanceshop"]}]}},"_links":{"self":[{"href":"https:\/\/www.ballettodanceshop.com\/en\/wp-json\/wp\/v2\/product\/54466","targetHints":{"allow":["GET"]}}],"collection":[{"href":"https:\/\/www.ballettodanceshop.com\/en\/wp-json\/wp\/v2\/product"}],"about":[{"href":"https:\/\/www.ballettodanceshop.com\/en\/wp-json\/wp\/v2\/types\/product"}],"replies":[{"embeddable":true,"href":"https:\/\/www.ballettodanceshop.com\/en\/wp-json\/wp\/v2\/comments?post=54466"}],"wp:featuredmedia":[{"embeddable":true,"href":"https:\/\/www.ballettodanceshop.com\/en\/wp-json\/wp\/v2\/media\/7837"}],"wp:attachment":[{"href":"https:\/\/www.ballettodanceshop.com\/en\/wp-json\/wp\/v2\/media?parent=54466"}],"wp:term":[{"taxonomy":"product_brand","embeddable":true,"href":"https:\/\/www.ballettodanceshop.com\/en\/wp-json\/wp\/v2\/product_brand?post=54466"},{"taxonomy":"product_cat","embeddable":true,"href":"https:\/\/www.ballettodanceshop.com\/en\/wp-json\/wp\/v2\/product_cat?post=54466"},{"taxonomy":"product_tag","embeddable":true,"href":"https:\/\/www.ballettodanceshop.com\/en\/wp-json\/wp\/v2\/product_tag?post=54466"}],"curies":[{"name":"wp","href":"https:\/\/api.w.org\/{rel}","templated":true}]}}