{"id":54362,"date":"2021-01-06T07:30:03","date_gmt":"2021-01-06T06:30:03","guid":{"rendered":"https:\/\/www.ballettodanceshop.com\/justaucorps-ballet-rosa-josephine\/"},"modified":"2026-02-27T16:20:08","modified_gmt":"2026-02-27T15:20:08","slug":"ballet-leotard-rosa-josephine","status":"publish","type":"product","link":"https:\/\/www.ballettodanceshop.com\/en\/justaucorps-ballet-rosa-josephine\/","title":{"rendered":"Ballet leotard Rosa Josephine"},"content":{"rendered":"<p><strong>Ballet leotard Rosa Josephine<\/strong><\/p>\n<p>Ideal for your ballet, contemporary and Latin dance classes.<\/p>\n<p>Fully lined in front.<\/p>\n<p>Lycra Mat<\/p>\n<p><strong>Made in Portugal<\/strong><\/p>","protected":false},"excerpt":{"rendered":"<p>Imperial leotard for ballet with a timeless design from the Ballet Rosa Austria Collection.<\/p>\n<p>Hand-sewn lace cuffs.<\/p>\n<p>Large V-shaped plunging neckline in the back.<\/p>\n<p><strong>Ce Justaucorps taille petit. Nous vous conseillons de prendre une taille au dessus de votre taille habituelle.<\/strong><\/p>","protected":false},"featured_media":80529,"comment_status":"open","ping_status":"closed","template":"","meta":{"_acf_changed":false},"product_brand":[],"product_cat":[299,65,303,19,25,950,968,969,970,963,373,959,949,144,965,966,957,952,954,62],"product_tag":[793],"class_list":{"0":"post-54362","1":"product","2":"type-product","3":"status-publish","4":"has-post-thumbnail","6":"product_cat-ballet-rosa","7":"product_cat-classique-filles","8":"product_cat-edition-limitee-ballet-rosa","9":"product_cat-femmes","10":"product_cat-filles","11":"product_cat-justaucorps-blanc","12":"product_cat-justaucorps-bleu-marine","13":"product_cat-justaucorps-bleu-roi","14":"product_cat-justaucorps-bordeaux","15":"product_cat-justaucorps-competition","16":"product_cat-justaucorps-tuniques-classique-filles","17":"product_cat-justaucorps-danse-contemporaine","18":"product_cat-justaucorps-de-danse","19":"product_cat-justaucorps-tuniques","20":"product_cat-justaucorps-dentelle","21":"product_cat-justaucorps-dos-nu","22":"product_cat-justaucorps-manches-courtes","23":"product_cat-justaucorps-noir","24":"product_cat-justaucorps-rose","25":"product_cat-classique","26":"product_tag-livraison-3-a-4-semaines","28":"first","29":"instock","30":"taxable","31":"shipping-taxable","32":"purchasable","33":"product-type-variable"},"acf":[],"yoast_head":"<!-- This site is optimized with the Yoast SEO plugin v27.4 - https:\/\/yoast.com\/product\/yoast-seo-wordpress\/ -->\n<title>Justaucorps Ballet Rosa Josephine - Balletto Dance Shop<\/title>\n<meta name=\"description\" content=\"Justaucorps de Ballet \u00e0 petites manches en voile stretch et dentelle brod\u00e9e. D\u00e9collet\u00e9 en V jusqu&#039;au bas du dos avec fronces. Enti\u00e8rement doubl\u00e9 devant.\" \/>\n<meta name=\"robots\" content=\"index, follow, max-snippet:-1, max-image-preview:large, max-video-preview:-1\" \/>\n<link rel=\"canonical\" href=\"https:\/\/www.ballettodanceshop.com\/en\/ballet-leotard-rosa-josephine\/\" \/>\n<meta property=\"og:locale\" content=\"en_GB\" \/>\n<meta property=\"og:type\" content=\"article\" \/>\n<meta property=\"og:title\" content=\"Justaucorps Ballet Rosa Josephine - Balletto Dance Shop\" \/>\n<meta property=\"og:description\" content=\"Justaucorps de Ballet \u00e0 petites manches en voile stretch et dentelle brod\u00e9e. D\u00e9collet\u00e9 en V jusqu&#039;au bas du dos avec fronces. Enti\u00e8rement doubl\u00e9 devant.\" \/>\n<meta property=\"og:url\" content=\"https:\/\/www.ballettodanceshop.com\/en\/ballet-leotard-rosa-josephine\/\" \/>\n<meta property=\"og:site_name\" content=\"Balletto Dance Shop\" \/>\n<meta property=\"article:publisher\" content=\"https:\/\/www.facebook.com\/Ballettodanceshop\/\" \/>\n<meta property=\"article:modified_time\" content=\"2026-02-27T15:20:08+00:00\" \/>\n<meta property=\"og:image\" content=\"https:\/\/www.ballettodanceshop.com\/wp-content\/uploads\/2021\/01\/Justaucorps_Ballet_Rosa_Josephine.jpeg\" \/>\n\t<meta property=\"og:image:width\" content=\"800\" \/>\n\t<meta property=\"og:image:height\" content=\"533\" \/>\n\t<meta property=\"og:image:type\" content=\"image\/jpeg\" \/>\n<meta name=\"twitter:card\" content=\"summary_large_image\" \/>\n<meta name=\"twitter:site\" content=\"@ballettodance\" \/>\n<meta name=\"twitter:label1\" content=\"Estimated reading time\" \/>\n\t<meta name=\"twitter:data1\" content=\"1 minute\" \/>\n<script type=\"application\/ld+json\" class=\"yoast-schema-graph\">{\"@context\":\"https:\\\/\\\/schema.org\",\"@graph\":[{\"@type\":\"WebPage\",\"@id\":\"https:\\\/\\\/www.ballettodanceshop.com\\\/justaucorps-ballet-rosa-josephine\\\/\",\"url\":\"https:\\\/\\\/www.ballettodanceshop.com\\\/justaucorps-ballet-rosa-josephine\\\/\",\"name\":\"Justaucorps Ballet Rosa Josephine - Balletto Dance Shop\",\"isPartOf\":{\"@id\":\"https:\\\/\\\/www.ballettodanceshop.com\\\/#website\"},\"primaryImageOfPage\":{\"@id\":\"https:\\\/\\\/www.ballettodanceshop.com\\\/justaucorps-ballet-rosa-josephine\\\/#primaryimage\"},\"image\":{\"@id\":\"https:\\\/\\\/www.ballettodanceshop.com\\\/justaucorps-ballet-rosa-josephine\\\/#primaryimage\"},\"thumbnailUrl\":\"https:\\\/\\\/www.ballettodanceshop.com\\\/wp-content\\\/uploads\\\/2021\\\/01\\\/Justaucorps_Ballet_Rosa_Josephine.jpeg\",\"datePublished\":\"2021-01-06T06:30:03+00:00\",\"dateModified\":\"2026-02-27T15:20:08+00:00\",\"description\":\"Justaucorps de Ballet \u00e0 petites manches en voile stretch et dentelle brod\u00e9e. D\u00e9collet\u00e9 en V jusqu'au bas du dos avec fronces. Enti\u00e8rement doubl\u00e9 devant.\",\"breadcrumb\":{\"@id\":\"https:\\\/\\\/www.ballettodanceshop.com\\\/justaucorps-ballet-rosa-josephine\\\/#breadcrumb\"},\"inLanguage\":\"en-GB\",\"potentialAction\":[{\"@type\":\"ReadAction\",\"target\":[\"https:\\\/\\\/www.ballettodanceshop.com\\\/justaucorps-ballet-rosa-josephine\\\/\"]}]},{\"@type\":\"ImageObject\",\"inLanguage\":\"en-GB\",\"@id\":\"https:\\\/\\\/www.ballettodanceshop.com\\\/justaucorps-ballet-rosa-josephine\\\/#primaryimage\",\"url\":\"https:\\\/\\\/www.ballettodanceshop.com\\\/wp-content\\\/uploads\\\/2021\\\/01\\\/Justaucorps_Ballet_Rosa_Josephine.jpeg\",\"contentUrl\":\"https:\\\/\\\/www.ballettodanceshop.com\\\/wp-content\\\/uploads\\\/2021\\\/01\\\/Justaucorps_Ballet_Rosa_Josephine.jpeg\",\"width\":800,\"height\":533,\"caption\":\"Justaucorps dos nu Ballet Rosa Jos\u00e9phine\"},{\"@type\":\"BreadcrumbList\",\"@id\":\"https:\\\/\\\/www.ballettodanceshop.com\\\/justaucorps-ballet-rosa-josephine\\\/#breadcrumb\",\"itemListElement\":[{\"@type\":\"ListItem\",\"position\":1,\"name\":\"Accueil\",\"item\":\"https:\\\/\\\/www.ballettodanceshop.com\\\/\"},{\"@type\":\"ListItem\",\"position\":2,\"name\":\"Produits\",\"item\":\"https:\\\/\\\/www.ballettodanceshop.com\\\/boutique\\\/\"},{\"@type\":\"ListItem\",\"position\":3,\"name\":\"Justaucorps Ballet Rosa Josephine\"}]},{\"@type\":\"WebSite\",\"@id\":\"https:\\\/\\\/www.ballettodanceshop.com\\\/#website\",\"url\":\"https:\\\/\\\/www.ballettodanceshop.com\\\/\",\"name\":\"Balletto Dance Shop\",\"description\":\"Keep Dancing !\",\"publisher\":{\"@id\":\"https:\\\/\\\/www.ballettodanceshop.com\\\/#organization\"},\"alternateName\":\"Balletto\",\"potentialAction\":[{\"@type\":\"SearchAction\",\"target\":{\"@type\":\"EntryPoint\",\"urlTemplate\":\"https:\\\/\\\/www.ballettodanceshop.com\\\/?s={search_term_string}\"},\"query-input\":{\"@type\":\"PropertyValueSpecification\",\"valueRequired\":true,\"valueName\":\"search_term_string\"}}],\"inLanguage\":\"en-GB\"},{\"@type\":\"Organization\",\"@id\":\"https:\\\/\\\/www.ballettodanceshop.com\\\/#organization\",\"name\":\"Balletto Dance Shop\",\"alternateName\":\"Balletto\",\"url\":\"https:\\\/\\\/www.ballettodanceshop.com\\\/\",\"logo\":{\"@type\":\"ImageObject\",\"inLanguage\":\"en-GB\",\"@id\":\"https:\\\/\\\/www.ballettodanceshop.com\\\/#\\\/schema\\\/logo\\\/image\\\/\",\"url\":\"https:\\\/\\\/www.ballettodanceshop.com\\\/wp-content\\\/uploads\\\/2025\\\/06\\\/LOGO-1.png\",\"contentUrl\":\"https:\\\/\\\/www.ballettodanceshop.com\\\/wp-content\\\/uploads\\\/2025\\\/06\\\/LOGO-1.png\",\"width\":508,\"height\":209,\"caption\":\"Balletto Dance Shop\"},\"image\":{\"@id\":\"https:\\\/\\\/www.ballettodanceshop.com\\\/#\\\/schema\\\/logo\\\/image\\\/\"},\"sameAs\":[\"https:\\\/\\\/www.facebook.com\\\/Ballettodanceshop\\\/\",\"https:\\\/\\\/x.com\\\/ballettodance\",\"https:\\\/\\\/www.tiktok.com\\\/@ballettodanceshop\",\"https:\\\/\\\/fr.linkedin.com\\\/company\\\/ballettodaneshop\",\"https:\\\/\\\/fr.pinterest.com\\\/ballettodanceshop\\\/\",\"https:\\\/\\\/www.threads.com\\\/@ballettodanceshop\",\"https:\\\/\\\/www.instagram.com\\\/ballettodanceshop\\\/\",\"https:\\\/\\\/www.youtube.com\\\/@ballettodanceshop\"]}]}<\/script>\n<!-- \/ Yoast SEO plugin. -->","yoast_head_json":{"title":"Ballet Rosa Josephine Leotard - Balletto Dance Shop","description":"Ballet leotard with short sleeves in stretch voile and embroidered lace. V-neckline down the back with gathers. Fully lined at front.","robots":{"index":"index","follow":"follow","max-snippet":"max-snippet:-1","max-image-preview":"max-image-preview:large","max-video-preview":"max-video-preview:-1"},"canonical":"https:\/\/www.ballettodanceshop.com\/en\/ballet-leotard-rosa-josephine\/","og_locale":"en_GB","og_type":"article","og_title":"Justaucorps Ballet Rosa Josephine - Balletto Dance Shop","og_description":"Justaucorps de Ballet \u00e0 petites manches en voile stretch et dentelle brod\u00e9e. D\u00e9collet\u00e9 en V jusqu'au bas du dos avec fronces. Enti\u00e8rement doubl\u00e9 devant.","og_url":"https:\/\/www.ballettodanceshop.com\/en\/ballet-leotard-rosa-josephine\/","og_site_name":"Balletto Dance Shop","article_publisher":"https:\/\/www.facebook.com\/Ballettodanceshop\/","article_modified_time":"2026-02-27T15:20:08+00:00","og_image":[{"width":800,"height":533,"url":"https:\/\/www.ballettodanceshop.com\/wp-content\/uploads\/2021\/01\/Justaucorps_Ballet_Rosa_Josephine.jpeg","type":"image\/jpeg"}],"twitter_card":"summary_large_image","twitter_site":"@ballettodance","twitter_misc":{"Estimated reading time":"1 minute"},"schema":{"@context":"https:\/\/schema.org","@graph":[{"@type":"WebPage","@id":"https:\/\/www.ballettodanceshop.com\/justaucorps-ballet-rosa-josephine\/","url":"https:\/\/www.ballettodanceshop.com\/justaucorps-ballet-rosa-josephine\/","name":"Ballet Rosa Josephine Leotard - Balletto Dance Shop","isPartOf":{"@id":"https:\/\/www.ballettodanceshop.com\/#website"},"primaryImageOfPage":{"@id":"https:\/\/www.ballettodanceshop.com\/justaucorps-ballet-rosa-josephine\/#primaryimage"},"image":{"@id":"https:\/\/www.ballettodanceshop.com\/justaucorps-ballet-rosa-josephine\/#primaryimage"},"thumbnailUrl":"https:\/\/www.ballettodanceshop.com\/wp-content\/uploads\/2021\/01\/Justaucorps_Ballet_Rosa_Josephine.jpeg","datePublished":"2021-01-06T06:30:03+00:00","dateModified":"2026-02-27T15:20:08+00:00","description":"Ballet leotard with short sleeves in stretch voile and embroidered lace. V-neckline down the back with gathers. Fully lined at front.","breadcrumb":{"@id":"https:\/\/www.ballettodanceshop.com\/justaucorps-ballet-rosa-josephine\/#breadcrumb"},"inLanguage":"en-GB","potentialAction":[{"@type":"ReadAction","target":["https:\/\/www.ballettodanceshop.com\/justaucorps-ballet-rosa-josephine\/"]}]},{"@type":"ImageObject","inLanguage":"en-GB","@id":"https:\/\/www.ballettodanceshop.com\/justaucorps-ballet-rosa-josephine\/#primaryimage","url":"https:\/\/www.ballettodanceshop.com\/wp-content\/uploads\/2021\/01\/Justaucorps_Ballet_Rosa_Josephine.jpeg","contentUrl":"https:\/\/www.ballettodanceshop.com\/wp-content\/uploads\/2021\/01\/Justaucorps_Ballet_Rosa_Josephine.jpeg","width":800,"height":533,"caption":"Justaucorps dos nu Ballet Rosa Jos\u00e9phine"},{"@type":"BreadcrumbList","@id":"https:\/\/www.ballettodanceshop.com\/justaucorps-ballet-rosa-josephine\/#breadcrumb","itemListElement":[{"@type":"ListItem","position":1,"name":"Accueil","item":"https:\/\/www.ballettodanceshop.com\/"},{"@type":"ListItem","position":2,"name":"Produits","item":"https:\/\/www.ballettodanceshop.com\/boutique\/"},{"@type":"ListItem","position":3,"name":"Justaucorps Ballet Rosa Josephine"}]},{"@type":"WebSite","@id":"https:\/\/www.ballettodanceshop.com\/#website","url":"https:\/\/www.ballettodanceshop.com\/","name":"Balletto Dance Shop","description":"Keep Dancing!","publisher":{"@id":"https:\/\/www.ballettodanceshop.com\/#organization"},"alternateName":"Balletto","potentialAction":[{"@type":"SearchAction","target":{"@type":"EntryPoint","urlTemplate":"https:\/\/www.ballettodanceshop.com\/?s={search_term_string}"},"query-input":{"@type":"PropertyValueSpecification","valueRequired":true,"valueName":"search_term_string"}}],"inLanguage":"en-GB"},{"@type":"Organization","@id":"https:\/\/www.ballettodanceshop.com\/#organization","name":"Balletto Dance Shop","alternateName":"Balletto","url":"https:\/\/www.ballettodanceshop.com\/","logo":{"@type":"ImageObject","inLanguage":"en-GB","@id":"https:\/\/www.ballettodanceshop.com\/#\/schema\/logo\/image\/","url":"https:\/\/www.ballettodanceshop.com\/wp-content\/uploads\/2025\/06\/LOGO-1.png","contentUrl":"https:\/\/www.ballettodanceshop.com\/wp-content\/uploads\/2025\/06\/LOGO-1.png","width":508,"height":209,"caption":"Balletto Dance Shop"},"image":{"@id":"https:\/\/www.ballettodanceshop.com\/#\/schema\/logo\/image\/"},"sameAs":["https:\/\/www.facebook.com\/Ballettodanceshop\/","https:\/\/x.com\/ballettodance","https:\/\/www.tiktok.com\/@ballettodanceshop","https:\/\/fr.linkedin.com\/company\/ballettodaneshop","https:\/\/fr.pinterest.com\/ballettodanceshop\/","https:\/\/www.threads.com\/@ballettodanceshop","https:\/\/www.instagram.com\/ballettodanceshop\/","https:\/\/www.youtube.com\/@ballettodanceshop"]}]}},"_links":{"self":[{"href":"https:\/\/www.ballettodanceshop.com\/en\/wp-json\/wp\/v2\/product\/54362","targetHints":{"allow":["GET"]}}],"collection":[{"href":"https:\/\/www.ballettodanceshop.com\/en\/wp-json\/wp\/v2\/product"}],"about":[{"href":"https:\/\/www.ballettodanceshop.com\/en\/wp-json\/wp\/v2\/types\/product"}],"replies":[{"embeddable":true,"href":"https:\/\/www.ballettodanceshop.com\/en\/wp-json\/wp\/v2\/comments?post=54362"}],"wp:featuredmedia":[{"embeddable":true,"href":"https:\/\/www.ballettodanceshop.com\/en\/wp-json\/wp\/v2\/media\/80529"}],"wp:attachment":[{"href":"https:\/\/www.ballettodanceshop.com\/en\/wp-json\/wp\/v2\/media?parent=54362"}],"wp:term":[{"taxonomy":"product_brand","embeddable":true,"href":"https:\/\/www.ballettodanceshop.com\/en\/wp-json\/wp\/v2\/product_brand?post=54362"},{"taxonomy":"product_cat","embeddable":true,"href":"https:\/\/www.ballettodanceshop.com\/en\/wp-json\/wp\/v2\/product_cat?post=54362"},{"taxonomy":"product_tag","embeddable":true,"href":"https:\/\/www.ballettodanceshop.com\/en\/wp-json\/wp\/v2\/product_tag?post=54362"}],"curies":[{"name":"wp","href":"https:\/\/api.w.org\/{rel}","templated":true}]}}