{"id":53994,"date":"2020-10-16T07:53:25","date_gmt":"2020-10-16T05:53:25","guid":{"rendered":"https:\/\/www.ballettodanceshop.com\/short-sudisette-calla-dancewear\/"},"modified":"2025-08-24T17:47:21","modified_gmt":"2025-08-24T15:47:21","slug":"sudisette-shorts-calla-dancewear","status":"publish","type":"product","link":"https:\/\/www.ballettodanceshop.com\/en\/short-sudisette-calla-dancewear\/","title":{"rendered":"Sudisette Shorts Calla Dancewear"},"content":{"rendered":"<p><strong>Sudisette Shorts Calla Dancewear<\/strong><\/p>\n<p>Composition: 100% nylon Technic<\/p>\n<p>Ce short sudisette d&rsquo;\u00e9chauffement est \u00e0 parfait pour \u00e9chauffer les muscles rapidement. Sa taille qui se rabat sur les hanches. Mixte, il facilite le drainage de votre corps pour une silhouette parfaite. A superposer au dessus d&rsquo;un justaucorps, un leggings ou un collant de danse.<\/p>\n<p><strong>Best Seller.<\/strong><\/p>\n<p>&nbsp;<\/p>","protected":false},"excerpt":{"rendered":"<p>Designed for <strong>Dance<\/strong>the <strong>Yoga<\/strong>the <strong>Pilates<\/strong> and for any other Sport.<\/p>\n<p>These ultra-comfortable Sudisette shorts made from a very fine, fluid technical fabric can be worn by both men and women.<\/p>\n<p>One of our best-sellers, it is tight around the thighs and is ideal for warming up muscles quickly.<\/p>\n<p><b>Perfect for drainage and weight loss, it evacuates excess heat from the body and regulates temperature by evaporating water.<\/b><\/p>\n<p><strong>Premium quality<\/strong><\/p>\n<p>&nbsp;<\/p>\n<p>&nbsp;<\/p>","protected":false},"featured_media":7176,"comment_status":"open","ping_status":"open","template":"","meta":{"_acf_changed":false},"product_brand":[],"product_cat":[107,111,103,65,93,112,95,114,119,115,120,116,121,117,122,118,19,25,26,23,109,89,91,105,377,379,380,383,384,385,381,386,382,387,388,62,101,97],"product_tag":[786],"class_list":{"0":"post-53994","1":"product","2":"type-product","3":"status-publish","4":"has-post-thumbnail","6":"product_cat-athleisure-yoga-gym-pilates","7":"product_cat-athleisure-yoga-gym-pilates-filles","8":"product_cat-athleisure","9":"product_cat-classique-filles","10":"product_cat-classique-garcons","11":"product_cat-contemporain-filles","12":"product_cat-contemporain-hommes","13":"product_cat-echauffement","14":"product_cat-echauffements-jazz-garcons","15":"product_cat-echauffements-jazz","16":"product_cat-echauffements","17":"product_cat-echauffements-classique-garcons","18":"product_cat-echauffements-jazz-filles","19":"product_cat-echauffements-classique-filles","20":"product_cat-echauffements-jazz-hommes","21":"product_cat-echauffements-classique-hommes","22":"product_cat-femmes","23":"product_cat-filles","24":"product_cat-garcons","25":"product_cat-hommes","26":"product_cat-jazz-filles","27":"product_cat-jazz-hommes","28":"product_cat-jazz","29":"product_cat-jazz-garcons","30":"product_cat-pantalons-et-shorts-classique-hommes","31":"product_cat-pantalons-et-shorts-classique-garcons","32":"product_cat-shorts-athleisure","33":"product_cat-shorts-contemporain-filles","34":"product_cat-shorts-athleisure-yoga-gym-pilates","35":"product_cat-shorts-contemporain","36":"product_cat-shorts-jazz-filles","37":"product_cat-shorts-jazz-garcons","38":"product_cat-shorts-contemporain-hommes","39":"product_cat-shorts-jazz-hommes","40":"product_cat-shorts","41":"product_cat-classique","42":"product_cat-classique-hommes","43":"product_cat-contemporain","44":"product_tag-livraison-24-a-48h","46":"first","47":"instock","48":"taxable","49":"shipping-taxable","50":"purchasable","51":"product-type-variable"},"acf":[],"yoast_head":"<!-- This site is optimized with the Yoast SEO plugin v27.4 - https:\/\/yoast.com\/product\/yoast-seo-wordpress\/ -->\n<title>Short Sudisette Calla Dancewear - Balletto Dance Shop<\/title>\n<meta name=\"description\" content=\"Short Sudisette ou d&#039;echauffement Mixte Calla Dancewear con\u00e7u pour la danse mais aussi pour tout type de sport pour un drainage optimal.\" \/>\n<meta name=\"robots\" content=\"index, follow, max-snippet:-1, max-image-preview:large, max-video-preview:-1\" \/>\n<link rel=\"canonical\" href=\"https:\/\/www.ballettodanceshop.com\/en\/sudisette-shorts-calla-dancewear\/\" \/>\n<meta property=\"og:locale\" content=\"en_GB\" \/>\n<meta property=\"og:type\" content=\"article\" \/>\n<meta property=\"og:title\" content=\"Short Sudisette Calla Dancewear - Balletto Dance Shop\" \/>\n<meta property=\"og:description\" content=\"Short Sudisette ou d&#039;echauffement Mixte Calla Dancewear con\u00e7u pour la danse mais aussi pour tout type de sport pour un drainage optimal.\" \/>\n<meta property=\"og:url\" content=\"https:\/\/www.ballettodanceshop.com\/en\/sudisette-shorts-calla-dancewear\/\" \/>\n<meta property=\"og:site_name\" content=\"Balletto Dance Shop\" \/>\n<meta property=\"article:publisher\" content=\"https:\/\/www.facebook.com\/Ballettodanceshop\/\" \/>\n<meta property=\"article:modified_time\" content=\"2025-08-24T15:47:21+00:00\" \/>\n<meta property=\"og:image\" content=\"https:\/\/www.ballettodanceshop.com\/wp-content\/uploads\/2025\/07\/Short_Echauffement_Calla_Dancewear.jpg\" \/>\n\t<meta property=\"og:image:width\" content=\"969\" \/>\n\t<meta property=\"og:image:height\" content=\"1200\" \/>\n\t<meta property=\"og:image:type\" content=\"image\/jpeg\" \/>\n<meta name=\"twitter:card\" content=\"summary_large_image\" \/>\n<meta name=\"twitter:site\" content=\"@ballettodance\" \/>\n<script type=\"application\/ld+json\" class=\"yoast-schema-graph\">{\"@context\":\"https:\\\/\\\/schema.org\",\"@graph\":[{\"@type\":\"WebPage\",\"@id\":\"https:\\\/\\\/www.ballettodanceshop.com\\\/short-sudisette-calla-dancewear\\\/\",\"url\":\"https:\\\/\\\/www.ballettodanceshop.com\\\/short-sudisette-calla-dancewear\\\/\",\"name\":\"Short Sudisette Calla Dancewear - Balletto Dance Shop\",\"isPartOf\":{\"@id\":\"https:\\\/\\\/www.ballettodanceshop.com\\\/#website\"},\"primaryImageOfPage\":{\"@id\":\"https:\\\/\\\/www.ballettodanceshop.com\\\/short-sudisette-calla-dancewear\\\/#primaryimage\"},\"image\":{\"@id\":\"https:\\\/\\\/www.ballettodanceshop.com\\\/short-sudisette-calla-dancewear\\\/#primaryimage\"},\"thumbnailUrl\":\"https:\\\/\\\/www.ballettodanceshop.com\\\/wp-content\\\/uploads\\\/2025\\\/07\\\/Short_Echauffement_Calla_Dancewear.jpg\",\"datePublished\":\"2020-10-16T05:53:25+00:00\",\"dateModified\":\"2025-08-24T15:47:21+00:00\",\"description\":\"Short Sudisette ou d'echauffement Mixte Calla Dancewear con\u00e7u pour la danse mais aussi pour tout type de sport pour un drainage optimal.\",\"breadcrumb\":{\"@id\":\"https:\\\/\\\/www.ballettodanceshop.com\\\/short-sudisette-calla-dancewear\\\/#breadcrumb\"},\"inLanguage\":\"en-GB\",\"potentialAction\":[{\"@type\":\"ReadAction\",\"target\":[\"https:\\\/\\\/www.ballettodanceshop.com\\\/short-sudisette-calla-dancewear\\\/\"]}]},{\"@type\":\"ImageObject\",\"inLanguage\":\"en-GB\",\"@id\":\"https:\\\/\\\/www.ballettodanceshop.com\\\/short-sudisette-calla-dancewear\\\/#primaryimage\",\"url\":\"https:\\\/\\\/www.ballettodanceshop.com\\\/wp-content\\\/uploads\\\/2025\\\/07\\\/Short_Echauffement_Calla_Dancewear.jpg\",\"contentUrl\":\"https:\\\/\\\/www.ballettodanceshop.com\\\/wp-content\\\/uploads\\\/2025\\\/07\\\/Short_Echauffement_Calla_Dancewear.jpg\",\"width\":969,\"height\":1200,\"caption\":\"SHORT SUDISETTE DANSE ET SPORT CALLA DANCEWEAR\"},{\"@type\":\"BreadcrumbList\",\"@id\":\"https:\\\/\\\/www.ballettodanceshop.com\\\/short-sudisette-calla-dancewear\\\/#breadcrumb\",\"itemListElement\":[{\"@type\":\"ListItem\",\"position\":1,\"name\":\"Accueil\",\"item\":\"https:\\\/\\\/www.ballettodanceshop.com\\\/\"},{\"@type\":\"ListItem\",\"position\":2,\"name\":\"Produits\",\"item\":\"https:\\\/\\\/www.ballettodanceshop.com\\\/boutique\\\/\"},{\"@type\":\"ListItem\",\"position\":3,\"name\":\"Short Sudisette Calla Dancewear\"}]},{\"@type\":\"WebSite\",\"@id\":\"https:\\\/\\\/www.ballettodanceshop.com\\\/#website\",\"url\":\"https:\\\/\\\/www.ballettodanceshop.com\\\/\",\"name\":\"Balletto Dance Shop\",\"description\":\"Keep Dancing !\",\"publisher\":{\"@id\":\"https:\\\/\\\/www.ballettodanceshop.com\\\/#organization\"},\"alternateName\":\"Balletto\",\"potentialAction\":[{\"@type\":\"SearchAction\",\"target\":{\"@type\":\"EntryPoint\",\"urlTemplate\":\"https:\\\/\\\/www.ballettodanceshop.com\\\/?s={search_term_string}\"},\"query-input\":{\"@type\":\"PropertyValueSpecification\",\"valueRequired\":true,\"valueName\":\"search_term_string\"}}],\"inLanguage\":\"en-GB\"},{\"@type\":\"Organization\",\"@id\":\"https:\\\/\\\/www.ballettodanceshop.com\\\/#organization\",\"name\":\"Balletto Dance Shop\",\"alternateName\":\"Balletto\",\"url\":\"https:\\\/\\\/www.ballettodanceshop.com\\\/\",\"logo\":{\"@type\":\"ImageObject\",\"inLanguage\":\"en-GB\",\"@id\":\"https:\\\/\\\/www.ballettodanceshop.com\\\/#\\\/schema\\\/logo\\\/image\\\/\",\"url\":\"https:\\\/\\\/www.ballettodanceshop.com\\\/wp-content\\\/uploads\\\/2025\\\/06\\\/LOGO-1.png\",\"contentUrl\":\"https:\\\/\\\/www.ballettodanceshop.com\\\/wp-content\\\/uploads\\\/2025\\\/06\\\/LOGO-1.png\",\"width\":508,\"height\":209,\"caption\":\"Balletto Dance Shop\"},\"image\":{\"@id\":\"https:\\\/\\\/www.ballettodanceshop.com\\\/#\\\/schema\\\/logo\\\/image\\\/\"},\"sameAs\":[\"https:\\\/\\\/www.facebook.com\\\/Ballettodanceshop\\\/\",\"https:\\\/\\\/x.com\\\/ballettodance\",\"https:\\\/\\\/www.tiktok.com\\\/@ballettodanceshop\",\"https:\\\/\\\/fr.linkedin.com\\\/company\\\/ballettodaneshop\",\"https:\\\/\\\/fr.pinterest.com\\\/ballettodanceshop\\\/\",\"https:\\\/\\\/www.threads.com\\\/@ballettodanceshop\",\"https:\\\/\\\/www.instagram.com\\\/ballettodanceshop\\\/\",\"https:\\\/\\\/www.youtube.com\\\/@ballettodanceshop\"]}]}<\/script>\n<!-- \/ Yoast SEO plugin. -->","yoast_head_json":{"title":"Sudisette Shorts Calla Dancewear - Balletto Dance Shop","description":"Mixed Sudisette or warm-up shorts Calla Dancewear designed for dance but also for all types of sport for optimal drainage.","robots":{"index":"index","follow":"follow","max-snippet":"max-snippet:-1","max-image-preview":"max-image-preview:large","max-video-preview":"max-video-preview:-1"},"canonical":"https:\/\/www.ballettodanceshop.com\/en\/sudisette-shorts-calla-dancewear\/","og_locale":"en_GB","og_type":"article","og_title":"Short Sudisette Calla Dancewear - Balletto Dance Shop","og_description":"Short Sudisette ou d'echauffement Mixte Calla Dancewear con\u00e7u pour la danse mais aussi pour tout type de sport pour un drainage optimal.","og_url":"https:\/\/www.ballettodanceshop.com\/en\/sudisette-shorts-calla-dancewear\/","og_site_name":"Balletto Dance Shop","article_publisher":"https:\/\/www.facebook.com\/Ballettodanceshop\/","article_modified_time":"2025-08-24T15:47:21+00:00","og_image":[{"width":969,"height":1200,"url":"https:\/\/www.ballettodanceshop.com\/wp-content\/uploads\/2025\/07\/Short_Echauffement_Calla_Dancewear.jpg","type":"image\/jpeg"}],"twitter_card":"summary_large_image","twitter_site":"@ballettodance","schema":{"@context":"https:\/\/schema.org","@graph":[{"@type":"WebPage","@id":"https:\/\/www.ballettodanceshop.com\/short-sudisette-calla-dancewear\/","url":"https:\/\/www.ballettodanceshop.com\/short-sudisette-calla-dancewear\/","name":"Sudisette Shorts Calla Dancewear - Balletto Dance Shop","isPartOf":{"@id":"https:\/\/www.ballettodanceshop.com\/#website"},"primaryImageOfPage":{"@id":"https:\/\/www.ballettodanceshop.com\/short-sudisette-calla-dancewear\/#primaryimage"},"image":{"@id":"https:\/\/www.ballettodanceshop.com\/short-sudisette-calla-dancewear\/#primaryimage"},"thumbnailUrl":"https:\/\/www.ballettodanceshop.com\/wp-content\/uploads\/2025\/07\/Short_Echauffement_Calla_Dancewear.jpg","datePublished":"2020-10-16T05:53:25+00:00","dateModified":"2025-08-24T15:47:21+00:00","description":"Mixed Sudisette or warm-up shorts Calla Dancewear designed for dance but also for all types of sport for optimal drainage.","breadcrumb":{"@id":"https:\/\/www.ballettodanceshop.com\/short-sudisette-calla-dancewear\/#breadcrumb"},"inLanguage":"en-GB","potentialAction":[{"@type":"ReadAction","target":["https:\/\/www.ballettodanceshop.com\/short-sudisette-calla-dancewear\/"]}]},{"@type":"ImageObject","inLanguage":"en-GB","@id":"https:\/\/www.ballettodanceshop.com\/short-sudisette-calla-dancewear\/#primaryimage","url":"https:\/\/www.ballettodanceshop.com\/wp-content\/uploads\/2025\/07\/Short_Echauffement_Calla_Dancewear.jpg","contentUrl":"https:\/\/www.ballettodanceshop.com\/wp-content\/uploads\/2025\/07\/Short_Echauffement_Calla_Dancewear.jpg","width":969,"height":1200,"caption":"SHORT SUDISETTE DANSE ET SPORT CALLA DANCEWEAR"},{"@type":"BreadcrumbList","@id":"https:\/\/www.ballettodanceshop.com\/short-sudisette-calla-dancewear\/#breadcrumb","itemListElement":[{"@type":"ListItem","position":1,"name":"Accueil","item":"https:\/\/www.ballettodanceshop.com\/"},{"@type":"ListItem","position":2,"name":"Produits","item":"https:\/\/www.ballettodanceshop.com\/boutique\/"},{"@type":"ListItem","position":3,"name":"Short Sudisette Calla Dancewear"}]},{"@type":"WebSite","@id":"https:\/\/www.ballettodanceshop.com\/#website","url":"https:\/\/www.ballettodanceshop.com\/","name":"Balletto Dance Shop","description":"Keep Dancing!","publisher":{"@id":"https:\/\/www.ballettodanceshop.com\/#organization"},"alternateName":"Balletto","potentialAction":[{"@type":"SearchAction","target":{"@type":"EntryPoint","urlTemplate":"https:\/\/www.ballettodanceshop.com\/?s={search_term_string}"},"query-input":{"@type":"PropertyValueSpecification","valueRequired":true,"valueName":"search_term_string"}}],"inLanguage":"en-GB"},{"@type":"Organization","@id":"https:\/\/www.ballettodanceshop.com\/#organization","name":"Balletto Dance Shop","alternateName":"Balletto","url":"https:\/\/www.ballettodanceshop.com\/","logo":{"@type":"ImageObject","inLanguage":"en-GB","@id":"https:\/\/www.ballettodanceshop.com\/#\/schema\/logo\/image\/","url":"https:\/\/www.ballettodanceshop.com\/wp-content\/uploads\/2025\/06\/LOGO-1.png","contentUrl":"https:\/\/www.ballettodanceshop.com\/wp-content\/uploads\/2025\/06\/LOGO-1.png","width":508,"height":209,"caption":"Balletto Dance Shop"},"image":{"@id":"https:\/\/www.ballettodanceshop.com\/#\/schema\/logo\/image\/"},"sameAs":["https:\/\/www.facebook.com\/Ballettodanceshop\/","https:\/\/x.com\/ballettodance","https:\/\/www.tiktok.com\/@ballettodanceshop","https:\/\/fr.linkedin.com\/company\/ballettodaneshop","https:\/\/fr.pinterest.com\/ballettodanceshop\/","https:\/\/www.threads.com\/@ballettodanceshop","https:\/\/www.instagram.com\/ballettodanceshop\/","https:\/\/www.youtube.com\/@ballettodanceshop"]}]}},"_links":{"self":[{"href":"https:\/\/www.ballettodanceshop.com\/en\/wp-json\/wp\/v2\/product\/53994","targetHints":{"allow":["GET"]}}],"collection":[{"href":"https:\/\/www.ballettodanceshop.com\/en\/wp-json\/wp\/v2\/product"}],"about":[{"href":"https:\/\/www.ballettodanceshop.com\/en\/wp-json\/wp\/v2\/types\/product"}],"replies":[{"embeddable":true,"href":"https:\/\/www.ballettodanceshop.com\/en\/wp-json\/wp\/v2\/comments?post=53994"}],"wp:featuredmedia":[{"embeddable":true,"href":"https:\/\/www.ballettodanceshop.com\/en\/wp-json\/wp\/v2\/media\/7176"}],"wp:attachment":[{"href":"https:\/\/www.ballettodanceshop.com\/en\/wp-json\/wp\/v2\/media?parent=53994"}],"wp:term":[{"taxonomy":"product_brand","embeddable":true,"href":"https:\/\/www.ballettodanceshop.com\/en\/wp-json\/wp\/v2\/product_brand?post=53994"},{"taxonomy":"product_cat","embeddable":true,"href":"https:\/\/www.ballettodanceshop.com\/en\/wp-json\/wp\/v2\/product_cat?post=53994"},{"taxonomy":"product_tag","embeddable":true,"href":"https:\/\/www.ballettodanceshop.com\/en\/wp-json\/wp\/v2\/product_tag?post=53994"}],"curies":[{"name":"wp","href":"https:\/\/api.w.org\/{rel}","templated":true}]}}