{"id":53950,"date":"2020-10-12T09:24:23","date_gmt":"2020-10-12T07:24:23","guid":{"rendered":"https:\/\/www.ballettodanceshop.com\/jupette-de-danse-lulli-dancewear-hania\/"},"modified":"2025-08-24T17:47:11","modified_gmt":"2025-08-24T15:47:11","slug":"dance-skirt-lulli-dancewear-hania","status":"publish","type":"product","link":"https:\/\/www.ballettodanceshop.com\/en\/jupette-de-danse-lulli-dancewear-hania\/","title":{"rendered":"Petticoat Lulli Dancewear Hania"},"content":{"rendered":"<p><strong>Petticoat Lulli Dancewear Hania<\/strong><\/p>\n<p>Front length:<br \/>\nSize XS \/ S - 25 cm (<br \/>\nSize M \/ L - 26 cm<\/p>\n<p>Back length:<br \/>\nSize XS \/ S - 34 cm<br \/>\nSize M \/ L - 35 cm<\/p>\n<p>XS\/S = 36-38<\/p>\n<p>M\/L=38-42<\/p>\n<p>Fabric: High quality muslin<\/p>\n<p>Composition: 90% nylon 10% elastane<\/p>","protected":false},"excerpt":{"rendered":"<p>Petticoat for <strong>classical dance<\/strong> or other Lulli Dancewear dances in High Stretch Chiffon.<\/p>\n<p>Soft, comfortable elasticated waistband for instant on and off.<\/p>\n<p>No drawstring. Slightly transparent,<\/p>\n<p>It's the ideal accessory for any leotard or dancer.<\/p>","protected":false},"featured_media":7101,"comment_status":"open","ping_status":"open","template":"","meta":{"_acf_changed":false},"product_brand":[],"product_cat":[103,65,19,25,554,462,561,380,62],"product_tag":[786],"class_list":{"0":"post-53950","1":"product","2":"type-product","3":"status-publish","4":"has-post-thumbnail","6":"product_cat-athleisure","7":"product_cat-classique-filles","8":"product_cat-femmes","9":"product_cat-filles","10":"product_cat-jupes-jupettes-classique-filles","11":"product_cat-jupes-jupettes","12":"product_cat-lulli-dancewear","13":"product_cat-shorts-athleisure","14":"product_cat-classique","15":"product_tag-livraison-24-a-48h","17":"first","18":"instock","19":"taxable","20":"shipping-taxable","21":"purchasable","22":"product-type-variable"},"acf":[],"yoast_head":"<!-- This site is optimized with the Yoast SEO plugin v27.4 - https:\/\/yoast.com\/product\/yoast-seo-wordpress\/ -->\n<title>Jupette de Danse Lulli Dancewear Hania - Balletto Dance Shop<\/title>\n<meta name=\"description\" content=\"Jupette de Danse Lulli Dancewearavec large bande \u00e9lastique l\u00e9g\u00e8rement transparente. Haute qualit\u00e9 de fabrication.\" \/>\n<meta name=\"robots\" content=\"index, follow, max-snippet:-1, max-image-preview:large, max-video-preview:-1\" \/>\n<link rel=\"canonical\" href=\"https:\/\/www.ballettodanceshop.com\/en\/dance-skirt-lulli-dancewear-hania\/\" \/>\n<meta property=\"og:locale\" content=\"en_GB\" \/>\n<meta property=\"og:type\" content=\"article\" \/>\n<meta property=\"og:title\" content=\"Jupette de Danse Lulli Dancewear Hania - Balletto Dance Shop\" \/>\n<meta property=\"og:description\" content=\"Jupette de Danse Lulli Dancewearavec large bande \u00e9lastique l\u00e9g\u00e8rement transparente. Haute qualit\u00e9 de fabrication.\" \/>\n<meta property=\"og:url\" content=\"https:\/\/www.ballettodanceshop.com\/en\/dance-skirt-lulli-dancewear-hania\/\" \/>\n<meta property=\"og:site_name\" content=\"Balletto Dance Shop\" \/>\n<meta property=\"article:publisher\" content=\"https:\/\/www.facebook.com\/Ballettodanceshop\/\" \/>\n<meta property=\"article:modified_time\" content=\"2025-08-24T15:47:11+00:00\" \/>\n<meta property=\"og:image\" content=\"https:\/\/www.ballettodanceshop.com\/wp-content\/uploads\/2025\/07\/Jupette_Lullidancewear_ceinture.jpg\" \/>\n\t<meta property=\"og:image:width\" content=\"969\" \/>\n\t<meta property=\"og:image:height\" content=\"1200\" \/>\n\t<meta property=\"og:image:type\" content=\"image\/jpeg\" \/>\n<meta name=\"twitter:card\" content=\"summary_large_image\" \/>\n<meta name=\"twitter:site\" content=\"@ballettodance\" \/>\n<script type=\"application\/ld+json\" class=\"yoast-schema-graph\">{\"@context\":\"https:\\\/\\\/schema.org\",\"@graph\":[{\"@type\":\"WebPage\",\"@id\":\"https:\\\/\\\/www.ballettodanceshop.com\\\/jupette-de-danse-lulli-dancewear-hania\\\/\",\"url\":\"https:\\\/\\\/www.ballettodanceshop.com\\\/jupette-de-danse-lulli-dancewear-hania\\\/\",\"name\":\"Jupette de Danse Lulli Dancewear Hania - Balletto Dance Shop\",\"isPartOf\":{\"@id\":\"https:\\\/\\\/www.ballettodanceshop.com\\\/#website\"},\"primaryImageOfPage\":{\"@id\":\"https:\\\/\\\/www.ballettodanceshop.com\\\/jupette-de-danse-lulli-dancewear-hania\\\/#primaryimage\"},\"image\":{\"@id\":\"https:\\\/\\\/www.ballettodanceshop.com\\\/jupette-de-danse-lulli-dancewear-hania\\\/#primaryimage\"},\"thumbnailUrl\":\"https:\\\/\\\/www.ballettodanceshop.com\\\/wp-content\\\/uploads\\\/2025\\\/07\\\/Jupette_Lullidancewear_ceinture.jpg\",\"datePublished\":\"2020-10-12T07:24:23+00:00\",\"dateModified\":\"2025-08-24T15:47:11+00:00\",\"description\":\"Jupette de Danse Lulli Dancewearavec large bande \u00e9lastique l\u00e9g\u00e8rement transparente. Haute qualit\u00e9 de fabrication.\",\"breadcrumb\":{\"@id\":\"https:\\\/\\\/www.ballettodanceshop.com\\\/jupette-de-danse-lulli-dancewear-hania\\\/#breadcrumb\"},\"inLanguage\":\"en-GB\",\"potentialAction\":[{\"@type\":\"ReadAction\",\"target\":[\"https:\\\/\\\/www.ballettodanceshop.com\\\/jupette-de-danse-lulli-dancewear-hania\\\/\"]}]},{\"@type\":\"ImageObject\",\"inLanguage\":\"en-GB\",\"@id\":\"https:\\\/\\\/www.ballettodanceshop.com\\\/jupette-de-danse-lulli-dancewear-hania\\\/#primaryimage\",\"url\":\"https:\\\/\\\/www.ballettodanceshop.com\\\/wp-content\\\/uploads\\\/2025\\\/07\\\/Jupette_Lullidancewear_ceinture.jpg\",\"contentUrl\":\"https:\\\/\\\/www.ballettodanceshop.com\\\/wp-content\\\/uploads\\\/2025\\\/07\\\/Jupette_Lullidancewear_ceinture.jpg\",\"width\":969,\"height\":1200,\"caption\":\"Mesh Skirt with Wide Elastic Waist Band.\"},{\"@type\":\"BreadcrumbList\",\"@id\":\"https:\\\/\\\/www.ballettodanceshop.com\\\/jupette-de-danse-lulli-dancewear-hania\\\/#breadcrumb\",\"itemListElement\":[{\"@type\":\"ListItem\",\"position\":1,\"name\":\"Accueil\",\"item\":\"https:\\\/\\\/www.ballettodanceshop.com\\\/\"},{\"@type\":\"ListItem\",\"position\":2,\"name\":\"Produits\",\"item\":\"https:\\\/\\\/www.ballettodanceshop.com\\\/boutique\\\/\"},{\"@type\":\"ListItem\",\"position\":3,\"name\":\"Jupette de Danse Lulli Dancewear Hania\"}]},{\"@type\":\"WebSite\",\"@id\":\"https:\\\/\\\/www.ballettodanceshop.com\\\/#website\",\"url\":\"https:\\\/\\\/www.ballettodanceshop.com\\\/\",\"name\":\"Balletto Dance Shop\",\"description\":\"Keep Dancing !\",\"publisher\":{\"@id\":\"https:\\\/\\\/www.ballettodanceshop.com\\\/#organization\"},\"alternateName\":\"Balletto\",\"potentialAction\":[{\"@type\":\"SearchAction\",\"target\":{\"@type\":\"EntryPoint\",\"urlTemplate\":\"https:\\\/\\\/www.ballettodanceshop.com\\\/?s={search_term_string}\"},\"query-input\":{\"@type\":\"PropertyValueSpecification\",\"valueRequired\":true,\"valueName\":\"search_term_string\"}}],\"inLanguage\":\"en-GB\"},{\"@type\":\"Organization\",\"@id\":\"https:\\\/\\\/www.ballettodanceshop.com\\\/#organization\",\"name\":\"Balletto Dance Shop\",\"alternateName\":\"Balletto\",\"url\":\"https:\\\/\\\/www.ballettodanceshop.com\\\/\",\"logo\":{\"@type\":\"ImageObject\",\"inLanguage\":\"en-GB\",\"@id\":\"https:\\\/\\\/www.ballettodanceshop.com\\\/#\\\/schema\\\/logo\\\/image\\\/\",\"url\":\"https:\\\/\\\/www.ballettodanceshop.com\\\/wp-content\\\/uploads\\\/2025\\\/06\\\/LOGO-1.png\",\"contentUrl\":\"https:\\\/\\\/www.ballettodanceshop.com\\\/wp-content\\\/uploads\\\/2025\\\/06\\\/LOGO-1.png\",\"width\":508,\"height\":209,\"caption\":\"Balletto Dance Shop\"},\"image\":{\"@id\":\"https:\\\/\\\/www.ballettodanceshop.com\\\/#\\\/schema\\\/logo\\\/image\\\/\"},\"sameAs\":[\"https:\\\/\\\/www.facebook.com\\\/Ballettodanceshop\\\/\",\"https:\\\/\\\/x.com\\\/ballettodance\",\"https:\\\/\\\/www.tiktok.com\\\/@ballettodanceshop\",\"https:\\\/\\\/fr.linkedin.com\\\/company\\\/ballettodaneshop\",\"https:\\\/\\\/fr.pinterest.com\\\/ballettodanceshop\\\/\",\"https:\\\/\\\/www.threads.com\\\/@ballettodanceshop\",\"https:\\\/\\\/www.instagram.com\\\/ballettodanceshop\\\/\",\"https:\\\/\\\/www.youtube.com\\\/@ballettodanceshop\"]}]}<\/script>\n<!-- \/ Yoast SEO plugin. -->","yoast_head_json":{"title":"Lulli Dancewear Hania Petticoat - Balletto Dance Shop","description":"Lulli Dancewear underskirt with wide, slightly transparent elastic band. High quality fabrication.","robots":{"index":"index","follow":"follow","max-snippet":"max-snippet:-1","max-image-preview":"max-image-preview:large","max-video-preview":"max-video-preview:-1"},"canonical":"https:\/\/www.ballettodanceshop.com\/en\/dance-skirt-lulli-dancewear-hania\/","og_locale":"en_GB","og_type":"article","og_title":"Jupette de Danse Lulli Dancewear Hania - Balletto Dance Shop","og_description":"Jupette de Danse Lulli Dancewearavec large bande \u00e9lastique l\u00e9g\u00e8rement transparente. Haute qualit\u00e9 de fabrication.","og_url":"https:\/\/www.ballettodanceshop.com\/en\/dance-skirt-lulli-dancewear-hania\/","og_site_name":"Balletto Dance Shop","article_publisher":"https:\/\/www.facebook.com\/Ballettodanceshop\/","article_modified_time":"2025-08-24T15:47:11+00:00","og_image":[{"width":969,"height":1200,"url":"https:\/\/www.ballettodanceshop.com\/wp-content\/uploads\/2025\/07\/Jupette_Lullidancewear_ceinture.jpg","type":"image\/jpeg"}],"twitter_card":"summary_large_image","twitter_site":"@ballettodance","schema":{"@context":"https:\/\/schema.org","@graph":[{"@type":"WebPage","@id":"https:\/\/www.ballettodanceshop.com\/jupette-de-danse-lulli-dancewear-hania\/","url":"https:\/\/www.ballettodanceshop.com\/jupette-de-danse-lulli-dancewear-hania\/","name":"Lulli Dancewear Hania Petticoat - Balletto Dance Shop","isPartOf":{"@id":"https:\/\/www.ballettodanceshop.com\/#website"},"primaryImageOfPage":{"@id":"https:\/\/www.ballettodanceshop.com\/jupette-de-danse-lulli-dancewear-hania\/#primaryimage"},"image":{"@id":"https:\/\/www.ballettodanceshop.com\/jupette-de-danse-lulli-dancewear-hania\/#primaryimage"},"thumbnailUrl":"https:\/\/www.ballettodanceshop.com\/wp-content\/uploads\/2025\/07\/Jupette_Lullidancewear_ceinture.jpg","datePublished":"2020-10-12T07:24:23+00:00","dateModified":"2025-08-24T15:47:11+00:00","description":"Lulli Dancewear underskirt with wide, slightly transparent elastic band. High quality fabrication.","breadcrumb":{"@id":"https:\/\/www.ballettodanceshop.com\/jupette-de-danse-lulli-dancewear-hania\/#breadcrumb"},"inLanguage":"en-GB","potentialAction":[{"@type":"ReadAction","target":["https:\/\/www.ballettodanceshop.com\/jupette-de-danse-lulli-dancewear-hania\/"]}]},{"@type":"ImageObject","inLanguage":"en-GB","@id":"https:\/\/www.ballettodanceshop.com\/jupette-de-danse-lulli-dancewear-hania\/#primaryimage","url":"https:\/\/www.ballettodanceshop.com\/wp-content\/uploads\/2025\/07\/Jupette_Lullidancewear_ceinture.jpg","contentUrl":"https:\/\/www.ballettodanceshop.com\/wp-content\/uploads\/2025\/07\/Jupette_Lullidancewear_ceinture.jpg","width":969,"height":1200,"caption":"Mesh Skirt with Wide Elastic Waist Band."},{"@type":"BreadcrumbList","@id":"https:\/\/www.ballettodanceshop.com\/jupette-de-danse-lulli-dancewear-hania\/#breadcrumb","itemListElement":[{"@type":"ListItem","position":1,"name":"Accueil","item":"https:\/\/www.ballettodanceshop.com\/"},{"@type":"ListItem","position":2,"name":"Produits","item":"https:\/\/www.ballettodanceshop.com\/boutique\/"},{"@type":"ListItem","position":3,"name":"Jupette de Danse Lulli Dancewear Hania"}]},{"@type":"WebSite","@id":"https:\/\/www.ballettodanceshop.com\/#website","url":"https:\/\/www.ballettodanceshop.com\/","name":"Balletto Dance Shop","description":"Keep Dancing!","publisher":{"@id":"https:\/\/www.ballettodanceshop.com\/#organization"},"alternateName":"Balletto","potentialAction":[{"@type":"SearchAction","target":{"@type":"EntryPoint","urlTemplate":"https:\/\/www.ballettodanceshop.com\/?s={search_term_string}"},"query-input":{"@type":"PropertyValueSpecification","valueRequired":true,"valueName":"search_term_string"}}],"inLanguage":"en-GB"},{"@type":"Organization","@id":"https:\/\/www.ballettodanceshop.com\/#organization","name":"Balletto Dance Shop","alternateName":"Balletto","url":"https:\/\/www.ballettodanceshop.com\/","logo":{"@type":"ImageObject","inLanguage":"en-GB","@id":"https:\/\/www.ballettodanceshop.com\/#\/schema\/logo\/image\/","url":"https:\/\/www.ballettodanceshop.com\/wp-content\/uploads\/2025\/06\/LOGO-1.png","contentUrl":"https:\/\/www.ballettodanceshop.com\/wp-content\/uploads\/2025\/06\/LOGO-1.png","width":508,"height":209,"caption":"Balletto Dance Shop"},"image":{"@id":"https:\/\/www.ballettodanceshop.com\/#\/schema\/logo\/image\/"},"sameAs":["https:\/\/www.facebook.com\/Ballettodanceshop\/","https:\/\/x.com\/ballettodance","https:\/\/www.tiktok.com\/@ballettodanceshop","https:\/\/fr.linkedin.com\/company\/ballettodaneshop","https:\/\/fr.pinterest.com\/ballettodanceshop\/","https:\/\/www.threads.com\/@ballettodanceshop","https:\/\/www.instagram.com\/ballettodanceshop\/","https:\/\/www.youtube.com\/@ballettodanceshop"]}]}},"_links":{"self":[{"href":"https:\/\/www.ballettodanceshop.com\/en\/wp-json\/wp\/v2\/product\/53950","targetHints":{"allow":["GET"]}}],"collection":[{"href":"https:\/\/www.ballettodanceshop.com\/en\/wp-json\/wp\/v2\/product"}],"about":[{"href":"https:\/\/www.ballettodanceshop.com\/en\/wp-json\/wp\/v2\/types\/product"}],"replies":[{"embeddable":true,"href":"https:\/\/www.ballettodanceshop.com\/en\/wp-json\/wp\/v2\/comments?post=53950"}],"wp:featuredmedia":[{"embeddable":true,"href":"https:\/\/www.ballettodanceshop.com\/en\/wp-json\/wp\/v2\/media\/7101"}],"wp:attachment":[{"href":"https:\/\/www.ballettodanceshop.com\/en\/wp-json\/wp\/v2\/media?parent=53950"}],"wp:term":[{"taxonomy":"product_brand","embeddable":true,"href":"https:\/\/www.ballettodanceshop.com\/en\/wp-json\/wp\/v2\/product_brand?post=53950"},{"taxonomy":"product_cat","embeddable":true,"href":"https:\/\/www.ballettodanceshop.com\/en\/wp-json\/wp\/v2\/product_cat?post=53950"},{"taxonomy":"product_tag","embeddable":true,"href":"https:\/\/www.ballettodanceshop.com\/en\/wp-json\/wp\/v2\/product_tag?post=53950"}],"curies":[{"name":"wp","href":"https:\/\/api.w.org\/{rel}","templated":true}]}}