{"id":52868,"date":"2020-07-09T21:16:03","date_gmt":"2020-07-09T19:16:03","guid":{"rendered":"https:\/\/www.ballettodanceshop.com\/justaucorps-col-montant-calla-dancewear-belina-calla-dancewear-exclusivite-balletto-dance-shop\/"},"modified":"2026-03-08T08:12:09","modified_gmt":"2026-03-08T07:12:09","slug":"harmony-belina-high-neck-leotard","status":"publish","type":"product","link":"https:\/\/www.ballettodanceshop.com\/en\/justaucorps-col-montant-harmony-belina\/","title":{"rendered":"Harmony Belina high neck leotard"},"content":{"rendered":"<p><strong>Harmony Belina high neck leotard<\/strong><\/p>\n<p>P206<\/p>\n<p>Fabric: Lycra Mat<\/p>\n<p>Composition: 80% Lycra, 20% elastane<\/p>\n<p>Made in Italy<\/p>","protected":false},"excerpt":{"rendered":"<p>Belina is perfectly elegant!<\/p>\n<p><span dir=\"auto\">It is a <\/span><span dir=\"auto\">an essential part of our collection<\/span><span dir=\"auto\">\u00a0, composed of a\u00a0<\/span><span dir=\"auto\">Basic bodysuit<\/span><span dir=\"auto\"> which contrasts with a distinctive design for a dancer with great style. <\/span><\/p>\n<p><span dir=\"auto\">This leotard has an American-style armhole and stand-up collar with an elegant back opening that shows off your figure.<\/span><\/p>\n<p>Fully lined in front.<\/p>\n<p>Made in Italy.<\/p>","protected":false},"featured_media":77884,"comment_status":"open","ping_status":"closed","template":"","meta":{"_acf_changed":false},"product_brand":[],"product_cat":[65,112,19,25,60,109,91,371,372,950,967,373,959,365,949,144,370,966,955,972,958,62,97],"product_tag":[792],"class_list":{"0":"post-52868","1":"product","2":"type-product","3":"status-publish","4":"has-post-thumbnail","6":"product_cat-classique-filles","7":"product_cat-contemporain-filles","8":"product_cat-femmes","9":"product_cat-filles","10":"product_cat-harmony","11":"product_cat-jazz-filles","12":"product_cat-jazz","13":"product_cat-justaucorps-contemporain-filles","14":"product_cat-justaucorps-jazz-filles","15":"product_cat-justaucorps-blanc","16":"product_cat-justaucorps-bleu-ciel","17":"product_cat-justaucorps-tuniques-classique-filles","18":"product_cat-justaucorps-danse-contemporaine","19":"product_cat-justaucorps-contemporain","20":"product_cat-justaucorps-de-danse","21":"product_cat-justaucorps-tuniques","22":"product_cat-justaucorps","23":"product_cat-justaucorps-dos-nu","24":"product_cat-justaucorps-rouge","25":"product_cat-justaucorps-sans-manches","26":"product_cat-justaucorps-vert","27":"product_cat-classique","28":"product_cat-contemporain","29":"product_tag-livraison-sous-2-a-3-semaines","31":"first","32":"instock","33":"taxable","34":"shipping-taxable","35":"purchasable","36":"product-type-variable"},"acf":[],"yoast_head":"<!-- This site is optimized with the Yoast SEO plugin v27.4 - https:\/\/yoast.com\/product\/yoast-seo-wordpress\/ -->\n<title>Justaucorps Col Montant Harmony Belina - Balletto Dance Shop<\/title>\n<meta name=\"description\" content=\"Justaucorps de danse Danse \u00e0 emmanchure am\u00e9ricaine. Compos\u00e9 d&#039;un Body Basique qui contraste avec un design particulier pour une danseuse au grand style.\" \/>\n<meta name=\"robots\" content=\"index, follow, max-snippet:-1, max-image-preview:large, max-video-preview:-1\" \/>\n<link rel=\"canonical\" href=\"https:\/\/www.ballettodanceshop.com\/en\/harmony-belina-high-neck-leotard\/\" \/>\n<meta property=\"og:locale\" content=\"en_GB\" \/>\n<meta property=\"og:type\" content=\"article\" \/>\n<meta property=\"og:title\" content=\"Justaucorps Col Montant Harmony Belina - Balletto Dance Shop\" \/>\n<meta property=\"og:description\" content=\"Justaucorps de danse Danse \u00e0 emmanchure am\u00e9ricaine. Compos\u00e9 d&#039;un Body Basique qui contraste avec un design particulier pour une danseuse au grand style.\" \/>\n<meta property=\"og:url\" content=\"https:\/\/www.ballettodanceshop.com\/en\/harmony-belina-high-neck-leotard\/\" \/>\n<meta property=\"og:site_name\" content=\"Balletto Dance Shop\" \/>\n<meta property=\"article:publisher\" content=\"https:\/\/www.facebook.com\/Ballettodanceshop\/\" \/>\n<meta property=\"article:modified_time\" content=\"2026-03-08T07:12:09+00:00\" \/>\n<meta property=\"og:image\" content=\"https:\/\/www.ballettodanceshop.com\/wp-content\/uploads\/2020\/07\/Justaucorps-_Harmony_Col_Montant_Noie-e1763406666733.jpg\" \/>\n\t<meta property=\"og:image:width\" content=\"820\" \/>\n\t<meta property=\"og:image:height\" content=\"1250\" \/>\n\t<meta property=\"og:image:type\" content=\"image\/jpeg\" \/>\n<meta name=\"twitter:card\" content=\"summary_large_image\" \/>\n<meta name=\"twitter:site\" content=\"@ballettodance\" \/>\n<meta name=\"twitter:label1\" content=\"Estimated reading time\" \/>\n\t<meta name=\"twitter:data1\" content=\"1 minute\" \/>\n<script type=\"application\/ld+json\" class=\"yoast-schema-graph\">{\"@context\":\"https:\\\/\\\/schema.org\",\"@graph\":[{\"@type\":\"WebPage\",\"@id\":\"https:\\\/\\\/www.ballettodanceshop.com\\\/justaucorps-col-montant-harmony-belina\\\/\",\"url\":\"https:\\\/\\\/www.ballettodanceshop.com\\\/justaucorps-col-montant-harmony-belina\\\/\",\"name\":\"Justaucorps Col Montant Harmony Belina - Balletto Dance Shop\",\"isPartOf\":{\"@id\":\"https:\\\/\\\/www.ballettodanceshop.com\\\/#website\"},\"primaryImageOfPage\":{\"@id\":\"https:\\\/\\\/www.ballettodanceshop.com\\\/justaucorps-col-montant-harmony-belina\\\/#primaryimage\"},\"image\":{\"@id\":\"https:\\\/\\\/www.ballettodanceshop.com\\\/justaucorps-col-montant-harmony-belina\\\/#primaryimage\"},\"thumbnailUrl\":\"https:\\\/\\\/www.ballettodanceshop.com\\\/wp-content\\\/uploads\\\/2020\\\/07\\\/Justaucorps-_Harmony_Col_Montant_Noie-e1763406666733.jpg\",\"datePublished\":\"2020-07-09T19:16:03+00:00\",\"dateModified\":\"2026-03-08T07:12:09+00:00\",\"description\":\"Justaucorps de danse Danse \u00e0 emmanchure am\u00e9ricaine. Compos\u00e9 d'un Body Basique qui contraste avec un design particulier pour une danseuse au grand style.\",\"breadcrumb\":{\"@id\":\"https:\\\/\\\/www.ballettodanceshop.com\\\/justaucorps-col-montant-harmony-belina\\\/#breadcrumb\"},\"inLanguage\":\"en-GB\",\"potentialAction\":[{\"@type\":\"ReadAction\",\"target\":[\"https:\\\/\\\/www.ballettodanceshop.com\\\/justaucorps-col-montant-harmony-belina\\\/\"]}]},{\"@type\":\"ImageObject\",\"inLanguage\":\"en-GB\",\"@id\":\"https:\\\/\\\/www.ballettodanceshop.com\\\/justaucorps-col-montant-harmony-belina\\\/#primaryimage\",\"url\":\"https:\\\/\\\/www.ballettodanceshop.com\\\/wp-content\\\/uploads\\\/2020\\\/07\\\/Justaucorps-_Harmony_Col_Montant_Noie-e1763406666733.jpg\",\"contentUrl\":\"https:\\\/\\\/www.ballettodanceshop.com\\\/wp-content\\\/uploads\\\/2020\\\/07\\\/Justaucorps-_Harmony_Col_Montant_Noie-e1763406666733.jpg\",\"width\":820,\"height\":1250,\"caption\":\"Justaucorps \u00e0 col montant noir\"},{\"@type\":\"BreadcrumbList\",\"@id\":\"https:\\\/\\\/www.ballettodanceshop.com\\\/justaucorps-col-montant-harmony-belina\\\/#breadcrumb\",\"itemListElement\":[{\"@type\":\"ListItem\",\"position\":1,\"name\":\"Accueil\",\"item\":\"https:\\\/\\\/www.ballettodanceshop.com\\\/\"},{\"@type\":\"ListItem\",\"position\":2,\"name\":\"Produits\",\"item\":\"https:\\\/\\\/www.ballettodanceshop.com\\\/boutique\\\/\"},{\"@type\":\"ListItem\",\"position\":3,\"name\":\"Justaucorps Col Montant Harmony Belina\"}]},{\"@type\":\"WebSite\",\"@id\":\"https:\\\/\\\/www.ballettodanceshop.com\\\/#website\",\"url\":\"https:\\\/\\\/www.ballettodanceshop.com\\\/\",\"name\":\"Balletto Dance Shop\",\"description\":\"Keep Dancing !\",\"publisher\":{\"@id\":\"https:\\\/\\\/www.ballettodanceshop.com\\\/#organization\"},\"alternateName\":\"Balletto\",\"potentialAction\":[{\"@type\":\"SearchAction\",\"target\":{\"@type\":\"EntryPoint\",\"urlTemplate\":\"https:\\\/\\\/www.ballettodanceshop.com\\\/?s={search_term_string}\"},\"query-input\":{\"@type\":\"PropertyValueSpecification\",\"valueRequired\":true,\"valueName\":\"search_term_string\"}}],\"inLanguage\":\"en-GB\"},{\"@type\":\"Organization\",\"@id\":\"https:\\\/\\\/www.ballettodanceshop.com\\\/#organization\",\"name\":\"Balletto Dance Shop\",\"alternateName\":\"Balletto\",\"url\":\"https:\\\/\\\/www.ballettodanceshop.com\\\/\",\"logo\":{\"@type\":\"ImageObject\",\"inLanguage\":\"en-GB\",\"@id\":\"https:\\\/\\\/www.ballettodanceshop.com\\\/#\\\/schema\\\/logo\\\/image\\\/\",\"url\":\"https:\\\/\\\/www.ballettodanceshop.com\\\/wp-content\\\/uploads\\\/2025\\\/06\\\/LOGO-1.png\",\"contentUrl\":\"https:\\\/\\\/www.ballettodanceshop.com\\\/wp-content\\\/uploads\\\/2025\\\/06\\\/LOGO-1.png\",\"width\":508,\"height\":209,\"caption\":\"Balletto Dance Shop\"},\"image\":{\"@id\":\"https:\\\/\\\/www.ballettodanceshop.com\\\/#\\\/schema\\\/logo\\\/image\\\/\"},\"sameAs\":[\"https:\\\/\\\/www.facebook.com\\\/Ballettodanceshop\\\/\",\"https:\\\/\\\/x.com\\\/ballettodance\",\"https:\\\/\\\/www.tiktok.com\\\/@ballettodanceshop\",\"https:\\\/\\\/fr.linkedin.com\\\/company\\\/ballettodaneshop\",\"https:\\\/\\\/fr.pinterest.com\\\/ballettodanceshop\\\/\",\"https:\\\/\\\/www.threads.com\\\/@ballettodanceshop\",\"https:\\\/\\\/www.instagram.com\\\/ballettodanceshop\\\/\",\"https:\\\/\\\/www.youtube.com\\\/@ballettodanceshop\"]}]}<\/script>\n<!-- \/ Yoast SEO plugin. -->","yoast_head_json":{"title":"Harmony Belina High Neck Leotard - Balletto Dance Shop","description":"Dance leotard with American armhole. Composed of a Basic Body in contrast with a special design for a dancer with great style.","robots":{"index":"index","follow":"follow","max-snippet":"max-snippet:-1","max-image-preview":"max-image-preview:large","max-video-preview":"max-video-preview:-1"},"canonical":"https:\/\/www.ballettodanceshop.com\/en\/harmony-belina-high-neck-leotard\/","og_locale":"en_GB","og_type":"article","og_title":"Justaucorps Col Montant Harmony Belina - Balletto Dance Shop","og_description":"Justaucorps de danse Danse \u00e0 emmanchure am\u00e9ricaine. Compos\u00e9 d'un Body Basique qui contraste avec un design particulier pour une danseuse au grand style.","og_url":"https:\/\/www.ballettodanceshop.com\/en\/harmony-belina-high-neck-leotard\/","og_site_name":"Balletto Dance Shop","article_publisher":"https:\/\/www.facebook.com\/Ballettodanceshop\/","article_modified_time":"2026-03-08T07:12:09+00:00","og_image":[{"width":820,"height":1250,"url":"https:\/\/www.ballettodanceshop.com\/wp-content\/uploads\/2020\/07\/Justaucorps-_Harmony_Col_Montant_Noie-e1763406666733.jpg","type":"image\/jpeg"}],"twitter_card":"summary_large_image","twitter_site":"@ballettodance","twitter_misc":{"Estimated reading time":"1 minute"},"schema":{"@context":"https:\/\/schema.org","@graph":[{"@type":"WebPage","@id":"https:\/\/www.ballettodanceshop.com\/justaucorps-col-montant-harmony-belina\/","url":"https:\/\/www.ballettodanceshop.com\/justaucorps-col-montant-harmony-belina\/","name":"Harmony Belina High Neck Leotard - Balletto Dance Shop","isPartOf":{"@id":"https:\/\/www.ballettodanceshop.com\/#website"},"primaryImageOfPage":{"@id":"https:\/\/www.ballettodanceshop.com\/justaucorps-col-montant-harmony-belina\/#primaryimage"},"image":{"@id":"https:\/\/www.ballettodanceshop.com\/justaucorps-col-montant-harmony-belina\/#primaryimage"},"thumbnailUrl":"https:\/\/www.ballettodanceshop.com\/wp-content\/uploads\/2020\/07\/Justaucorps-_Harmony_Col_Montant_Noie-e1763406666733.jpg","datePublished":"2020-07-09T19:16:03+00:00","dateModified":"2026-03-08T07:12:09+00:00","description":"Dance leotard with American armhole. Composed of a Basic Body in contrast with a special design for a dancer with great style.","breadcrumb":{"@id":"https:\/\/www.ballettodanceshop.com\/justaucorps-col-montant-harmony-belina\/#breadcrumb"},"inLanguage":"en-GB","potentialAction":[{"@type":"ReadAction","target":["https:\/\/www.ballettodanceshop.com\/justaucorps-col-montant-harmony-belina\/"]}]},{"@type":"ImageObject","inLanguage":"en-GB","@id":"https:\/\/www.ballettodanceshop.com\/justaucorps-col-montant-harmony-belina\/#primaryimage","url":"https:\/\/www.ballettodanceshop.com\/wp-content\/uploads\/2020\/07\/Justaucorps-_Harmony_Col_Montant_Noie-e1763406666733.jpg","contentUrl":"https:\/\/www.ballettodanceshop.com\/wp-content\/uploads\/2020\/07\/Justaucorps-_Harmony_Col_Montant_Noie-e1763406666733.jpg","width":820,"height":1250,"caption":"Justaucorps \u00e0 col montant noir"},{"@type":"BreadcrumbList","@id":"https:\/\/www.ballettodanceshop.com\/justaucorps-col-montant-harmony-belina\/#breadcrumb","itemListElement":[{"@type":"ListItem","position":1,"name":"Accueil","item":"https:\/\/www.ballettodanceshop.com\/"},{"@type":"ListItem","position":2,"name":"Produits","item":"https:\/\/www.ballettodanceshop.com\/boutique\/"},{"@type":"ListItem","position":3,"name":"Justaucorps Col Montant Harmony Belina"}]},{"@type":"WebSite","@id":"https:\/\/www.ballettodanceshop.com\/#website","url":"https:\/\/www.ballettodanceshop.com\/","name":"Balletto Dance Shop","description":"Keep Dancing!","publisher":{"@id":"https:\/\/www.ballettodanceshop.com\/#organization"},"alternateName":"Balletto","potentialAction":[{"@type":"SearchAction","target":{"@type":"EntryPoint","urlTemplate":"https:\/\/www.ballettodanceshop.com\/?s={search_term_string}"},"query-input":{"@type":"PropertyValueSpecification","valueRequired":true,"valueName":"search_term_string"}}],"inLanguage":"en-GB"},{"@type":"Organization","@id":"https:\/\/www.ballettodanceshop.com\/#organization","name":"Balletto Dance Shop","alternateName":"Balletto","url":"https:\/\/www.ballettodanceshop.com\/","logo":{"@type":"ImageObject","inLanguage":"en-GB","@id":"https:\/\/www.ballettodanceshop.com\/#\/schema\/logo\/image\/","url":"https:\/\/www.ballettodanceshop.com\/wp-content\/uploads\/2025\/06\/LOGO-1.png","contentUrl":"https:\/\/www.ballettodanceshop.com\/wp-content\/uploads\/2025\/06\/LOGO-1.png","width":508,"height":209,"caption":"Balletto Dance Shop"},"image":{"@id":"https:\/\/www.ballettodanceshop.com\/#\/schema\/logo\/image\/"},"sameAs":["https:\/\/www.facebook.com\/Ballettodanceshop\/","https:\/\/x.com\/ballettodance","https:\/\/www.tiktok.com\/@ballettodanceshop","https:\/\/fr.linkedin.com\/company\/ballettodaneshop","https:\/\/fr.pinterest.com\/ballettodanceshop\/","https:\/\/www.threads.com\/@ballettodanceshop","https:\/\/www.instagram.com\/ballettodanceshop\/","https:\/\/www.youtube.com\/@ballettodanceshop"]}]}},"_links":{"self":[{"href":"https:\/\/www.ballettodanceshop.com\/en\/wp-json\/wp\/v2\/product\/52868","targetHints":{"allow":["GET"]}}],"collection":[{"href":"https:\/\/www.ballettodanceshop.com\/en\/wp-json\/wp\/v2\/product"}],"about":[{"href":"https:\/\/www.ballettodanceshop.com\/en\/wp-json\/wp\/v2\/types\/product"}],"replies":[{"embeddable":true,"href":"https:\/\/www.ballettodanceshop.com\/en\/wp-json\/wp\/v2\/comments?post=52868"}],"wp:featuredmedia":[{"embeddable":true,"href":"https:\/\/www.ballettodanceshop.com\/en\/wp-json\/wp\/v2\/media\/77884"}],"wp:attachment":[{"href":"https:\/\/www.ballettodanceshop.com\/en\/wp-json\/wp\/v2\/media?parent=52868"}],"wp:term":[{"taxonomy":"product_brand","embeddable":true,"href":"https:\/\/www.ballettodanceshop.com\/en\/wp-json\/wp\/v2\/product_brand?post=52868"},{"taxonomy":"product_cat","embeddable":true,"href":"https:\/\/www.ballettodanceshop.com\/en\/wp-json\/wp\/v2\/product_cat?post=52868"},{"taxonomy":"product_tag","embeddable":true,"href":"https:\/\/www.ballettodanceshop.com\/en\/wp-json\/wp\/v2\/product_tag?post=52868"}],"curies":[{"name":"wp","href":"https:\/\/api.w.org\/{rel}","templated":true}]}}