{"id":52711,"date":"2020-07-05T20:08:24","date_gmt":"2020-07-05T18:08:24","guid":{"rendered":"https:\/\/www.ballettodanceshop.com\/bas-de-tutu-lulli-dancewear-adelaide\/"},"modified":"2026-04-16T10:52:43","modified_gmt":"2026-04-16T08:52:43","slug":"lulli-dancewear-adelaide-tutu-bottoms","status":"publish","type":"product","link":"https:\/\/www.ballettodanceshop.com\/en\/bas-de-tutu-lulli-dancewear-adelaide\/","title":{"rendered":"Lulli Dancewear Adelaide Tutu Stockings"},"content":{"rendered":"<p><strong>Lulli Dancewear Adelaide Tutu Stockings<\/strong><\/p>\n<p>Sizes: XS\/S : 34-36 M\/L : 38-40<\/p>\n<p>&nbsp;<\/p>\n<ul>\n<li>Hand wash in cold water.<\/li>\n<li>Do not bleach.<\/li>\n<li>Do not soak.<\/li>\n<li>Do not dry clean.<\/li>\n<li>Do not tumble dry.<\/li>\n<li>clean from top to bottom.<\/li>\n<li>Wash dark colours separately.<\/li>\n<li>Remodel everything wet.<\/li>\n<li>Do not iron.<\/li>\n<\/ul>","protected":false},"excerpt":{"rendered":"<p>Lulli Dancewear Adelaide High-End Tutu Hosiery.<\/p>\n<p>Si vous pr\u00e9f\u00e9rez un tissu \u00e9pais, raide et g\u00e9n\u00e9reux, ne cherchez pas plus loin que ce tutu extra-riche.<\/p>\n<p><strong>Tutu<\/strong> for the<strong> dance<\/strong> with a particularly wide waistband mounted on Meryl Lycra panties and six layers of tulle 33 cm in diameter.<\/p>\n<p><strong>Lush design<\/strong> in a dizzying array of colours.<\/p>\n<p>Premium quality.<\/p>","protected":false},"featured_media":5185,"comment_status":"open","ping_status":"closed","template":"","meta":{"_acf_changed":false},"product_brand":[],"product_cat":[65,19,25,68,61,561,974,272,273,62,73,63],"product_tag":[786],"class_list":{"0":"post-52711","1":"product","2":"type-product","3":"status-publish","4":"has-post-thumbnail","6":"product_cat-classique-filles","7":"product_cat-femmes","8":"product_cat-filles","9":"product_cat-idees-cadeaux-filles","10":"product_cat-idees-cadeaux","11":"product_cat-lulli-dancewear","12":"product_cat-marques","13":"product_cat-promotions","14":"product_cat-promotions-femmes","15":"product_cat-classique","16":"product_cat-tutus-jupons-classique-filles","17":"product_cat-tutus-jupons","18":"product_tag-livraison-24-a-48h","20":"first","21":"instock","22":"sale","23":"taxable","24":"shipping-taxable","25":"purchasable","26":"product-type-variable"},"acf":[],"yoast_head":"<!-- This site is optimized with the Yoast SEO plugin v27.4 - https:\/\/yoast.com\/product\/yoast-seo-wordpress\/ -->\n<title>Bas de Tutu Lulli Dancewear Adelaide - Balletto Dance Shop<\/title>\n<meta name=\"description\" content=\"Luxurieux Bas de Tutu Lulli Dancewear en tulle \u00e0 6 couches. C&#039;est un bas de tutu de haute qualit\u00e9 pro qui existent en plusieurs coloris.\" \/>\n<meta name=\"robots\" content=\"index, follow, max-snippet:-1, max-image-preview:large, max-video-preview:-1\" \/>\n<link rel=\"canonical\" href=\"https:\/\/www.ballettodanceshop.com\/en\/lulli-dancewear-adelaide-tutu-bottoms\/\" \/>\n<meta property=\"og:locale\" content=\"en_GB\" \/>\n<meta property=\"og:type\" content=\"article\" \/>\n<meta property=\"og:title\" content=\"Bas de Tutu Lulli Dancewear Adelaide - Balletto Dance Shop\" \/>\n<meta property=\"og:description\" content=\"Luxurieux Bas de Tutu Lulli Dancewear en tulle \u00e0 6 couches. C&#039;est un bas de tutu de haute qualit\u00e9 pro qui existent en plusieurs coloris.\" \/>\n<meta property=\"og:url\" content=\"https:\/\/www.ballettodanceshop.com\/en\/lulli-dancewear-adelaide-tutu-bottoms\/\" \/>\n<meta property=\"og:site_name\" content=\"Balletto Dance Shop\" \/>\n<meta property=\"article:publisher\" content=\"https:\/\/www.facebook.com\/Ballettodanceshop\/\" \/>\n<meta property=\"article:modified_time\" content=\"2026-04-16T08:52:43+00:00\" \/>\n<meta property=\"og:image\" content=\"https:\/\/www.ballettodanceshop.com\/wp-content\/uploads\/2025\/07\/LUBTUP01_BLK.jpg\" \/>\n\t<meta property=\"og:image:width\" content=\"969\" \/>\n\t<meta property=\"og:image:height\" content=\"1200\" \/>\n\t<meta property=\"og:image:type\" content=\"image\/jpeg\" \/>\n<meta name=\"twitter:card\" content=\"summary_large_image\" \/>\n<meta name=\"twitter:site\" content=\"@ballettodance\" \/>\n<meta name=\"twitter:label1\" content=\"Estimated reading time\" \/>\n\t<meta name=\"twitter:data1\" content=\"1 minute\" \/>\n<script type=\"application\/ld+json\" class=\"yoast-schema-graph\">{\"@context\":\"https:\\\/\\\/schema.org\",\"@graph\":[{\"@type\":\"WebPage\",\"@id\":\"https:\\\/\\\/www.ballettodanceshop.com\\\/bas-de-tutu-lulli-dancewear-adelaide\\\/\",\"url\":\"https:\\\/\\\/www.ballettodanceshop.com\\\/bas-de-tutu-lulli-dancewear-adelaide\\\/\",\"name\":\"Bas de Tutu Lulli Dancewear Adelaide - Balletto Dance Shop\",\"isPartOf\":{\"@id\":\"https:\\\/\\\/www.ballettodanceshop.com\\\/#website\"},\"primaryImageOfPage\":{\"@id\":\"https:\\\/\\\/www.ballettodanceshop.com\\\/bas-de-tutu-lulli-dancewear-adelaide\\\/#primaryimage\"},\"image\":{\"@id\":\"https:\\\/\\\/www.ballettodanceshop.com\\\/bas-de-tutu-lulli-dancewear-adelaide\\\/#primaryimage\"},\"thumbnailUrl\":\"https:\\\/\\\/www.ballettodanceshop.com\\\/wp-content\\\/uploads\\\/2025\\\/07\\\/LUBTUP01_BLK.jpg\",\"datePublished\":\"2020-07-05T18:08:24+00:00\",\"dateModified\":\"2026-04-16T08:52:43+00:00\",\"description\":\"Luxurieux Bas de Tutu Lulli Dancewear en tulle \u00e0 6 couches. C'est un bas de tutu de haute qualit\u00e9 pro qui existent en plusieurs coloris.\",\"breadcrumb\":{\"@id\":\"https:\\\/\\\/www.ballettodanceshop.com\\\/bas-de-tutu-lulli-dancewear-adelaide\\\/#breadcrumb\"},\"inLanguage\":\"en-GB\",\"potentialAction\":[{\"@type\":\"ReadAction\",\"target\":[\"https:\\\/\\\/www.ballettodanceshop.com\\\/bas-de-tutu-lulli-dancewear-adelaide\\\/\"]}]},{\"@type\":\"ImageObject\",\"inLanguage\":\"en-GB\",\"@id\":\"https:\\\/\\\/www.ballettodanceshop.com\\\/bas-de-tutu-lulli-dancewear-adelaide\\\/#primaryimage\",\"url\":\"https:\\\/\\\/www.ballettodanceshop.com\\\/wp-content\\\/uploads\\\/2025\\\/07\\\/LUBTUP01_BLK.jpg\",\"contentUrl\":\"https:\\\/\\\/www.ballettodanceshop.com\\\/wp-content\\\/uploads\\\/2025\\\/07\\\/LUBTUP01_BLK.jpg\",\"width\":969,\"height\":1200,\"caption\":\"Bas der Tutu Lulli dancewear\"},{\"@type\":\"BreadcrumbList\",\"@id\":\"https:\\\/\\\/www.ballettodanceshop.com\\\/bas-de-tutu-lulli-dancewear-adelaide\\\/#breadcrumb\",\"itemListElement\":[{\"@type\":\"ListItem\",\"position\":1,\"name\":\"Accueil\",\"item\":\"https:\\\/\\\/www.ballettodanceshop.com\\\/\"},{\"@type\":\"ListItem\",\"position\":2,\"name\":\"Produits\",\"item\":\"https:\\\/\\\/www.ballettodanceshop.com\\\/boutique\\\/\"},{\"@type\":\"ListItem\",\"position\":3,\"name\":\"Bas de Tutu Lulli Dancewear Adelaide\"}]},{\"@type\":\"WebSite\",\"@id\":\"https:\\\/\\\/www.ballettodanceshop.com\\\/#website\",\"url\":\"https:\\\/\\\/www.ballettodanceshop.com\\\/\",\"name\":\"Balletto Dance Shop\",\"description\":\"Keep Dancing !\",\"publisher\":{\"@id\":\"https:\\\/\\\/www.ballettodanceshop.com\\\/#organization\"},\"alternateName\":\"Balletto\",\"potentialAction\":[{\"@type\":\"SearchAction\",\"target\":{\"@type\":\"EntryPoint\",\"urlTemplate\":\"https:\\\/\\\/www.ballettodanceshop.com\\\/?s={search_term_string}\"},\"query-input\":{\"@type\":\"PropertyValueSpecification\",\"valueRequired\":true,\"valueName\":\"search_term_string\"}}],\"inLanguage\":\"en-GB\"},{\"@type\":\"Organization\",\"@id\":\"https:\\\/\\\/www.ballettodanceshop.com\\\/#organization\",\"name\":\"Balletto Dance Shop\",\"alternateName\":\"Balletto\",\"url\":\"https:\\\/\\\/www.ballettodanceshop.com\\\/\",\"logo\":{\"@type\":\"ImageObject\",\"inLanguage\":\"en-GB\",\"@id\":\"https:\\\/\\\/www.ballettodanceshop.com\\\/#\\\/schema\\\/logo\\\/image\\\/\",\"url\":\"https:\\\/\\\/www.ballettodanceshop.com\\\/wp-content\\\/uploads\\\/2025\\\/06\\\/LOGO-1.png\",\"contentUrl\":\"https:\\\/\\\/www.ballettodanceshop.com\\\/wp-content\\\/uploads\\\/2025\\\/06\\\/LOGO-1.png\",\"width\":508,\"height\":209,\"caption\":\"Balletto Dance Shop\"},\"image\":{\"@id\":\"https:\\\/\\\/www.ballettodanceshop.com\\\/#\\\/schema\\\/logo\\\/image\\\/\"},\"sameAs\":[\"https:\\\/\\\/www.facebook.com\\\/Ballettodanceshop\\\/\",\"https:\\\/\\\/x.com\\\/ballettodance\",\"https:\\\/\\\/www.tiktok.com\\\/@ballettodanceshop\",\"https:\\\/\\\/fr.linkedin.com\\\/company\\\/ballettodaneshop\",\"https:\\\/\\\/fr.pinterest.com\\\/ballettodanceshop\\\/\",\"https:\\\/\\\/www.threads.com\\\/@ballettodanceshop\",\"https:\\\/\\\/www.instagram.com\\\/ballettodanceshop\\\/\",\"https:\\\/\\\/www.youtube.com\\\/@ballettodanceshop\"]}]}<\/script>\n<!-- \/ Yoast SEO plugin. -->","yoast_head_json":{"title":"Tutu Stockings Lulli Dancewear Adelaide - Balletto Dance Shop","description":"Luxurious Lulli Dancewear 6-layer tulle tutu stockings. These high quality pro tutu bottoms are available in several colours.","robots":{"index":"index","follow":"follow","max-snippet":"max-snippet:-1","max-image-preview":"max-image-preview:large","max-video-preview":"max-video-preview:-1"},"canonical":"https:\/\/www.ballettodanceshop.com\/en\/lulli-dancewear-adelaide-tutu-bottoms\/","og_locale":"en_GB","og_type":"article","og_title":"Bas de Tutu Lulli Dancewear Adelaide - Balletto Dance Shop","og_description":"Luxurieux Bas de Tutu Lulli Dancewear en tulle \u00e0 6 couches. C'est un bas de tutu de haute qualit\u00e9 pro qui existent en plusieurs coloris.","og_url":"https:\/\/www.ballettodanceshop.com\/en\/lulli-dancewear-adelaide-tutu-bottoms\/","og_site_name":"Balletto Dance Shop","article_publisher":"https:\/\/www.facebook.com\/Ballettodanceshop\/","article_modified_time":"2026-04-16T08:52:43+00:00","og_image":[{"width":969,"height":1200,"url":"https:\/\/www.ballettodanceshop.com\/wp-content\/uploads\/2025\/07\/LUBTUP01_BLK.jpg","type":"image\/jpeg"}],"twitter_card":"summary_large_image","twitter_site":"@ballettodance","twitter_misc":{"Estimated reading time":"1 minute"},"schema":{"@context":"https:\/\/schema.org","@graph":[{"@type":"WebPage","@id":"https:\/\/www.ballettodanceshop.com\/bas-de-tutu-lulli-dancewear-adelaide\/","url":"https:\/\/www.ballettodanceshop.com\/bas-de-tutu-lulli-dancewear-adelaide\/","name":"Tutu Stockings Lulli Dancewear Adelaide - Balletto Dance Shop","isPartOf":{"@id":"https:\/\/www.ballettodanceshop.com\/#website"},"primaryImageOfPage":{"@id":"https:\/\/www.ballettodanceshop.com\/bas-de-tutu-lulli-dancewear-adelaide\/#primaryimage"},"image":{"@id":"https:\/\/www.ballettodanceshop.com\/bas-de-tutu-lulli-dancewear-adelaide\/#primaryimage"},"thumbnailUrl":"https:\/\/www.ballettodanceshop.com\/wp-content\/uploads\/2025\/07\/LUBTUP01_BLK.jpg","datePublished":"2020-07-05T18:08:24+00:00","dateModified":"2026-04-16T08:52:43+00:00","description":"Luxurious Lulli Dancewear 6-layer tulle tutu stockings. These high quality pro tutu bottoms are available in several colours.","breadcrumb":{"@id":"https:\/\/www.ballettodanceshop.com\/bas-de-tutu-lulli-dancewear-adelaide\/#breadcrumb"},"inLanguage":"en-GB","potentialAction":[{"@type":"ReadAction","target":["https:\/\/www.ballettodanceshop.com\/bas-de-tutu-lulli-dancewear-adelaide\/"]}]},{"@type":"ImageObject","inLanguage":"en-GB","@id":"https:\/\/www.ballettodanceshop.com\/bas-de-tutu-lulli-dancewear-adelaide\/#primaryimage","url":"https:\/\/www.ballettodanceshop.com\/wp-content\/uploads\/2025\/07\/LUBTUP01_BLK.jpg","contentUrl":"https:\/\/www.ballettodanceshop.com\/wp-content\/uploads\/2025\/07\/LUBTUP01_BLK.jpg","width":969,"height":1200,"caption":"Bas der Tutu Lulli dancewear"},{"@type":"BreadcrumbList","@id":"https:\/\/www.ballettodanceshop.com\/bas-de-tutu-lulli-dancewear-adelaide\/#breadcrumb","itemListElement":[{"@type":"ListItem","position":1,"name":"Accueil","item":"https:\/\/www.ballettodanceshop.com\/"},{"@type":"ListItem","position":2,"name":"Produits","item":"https:\/\/www.ballettodanceshop.com\/boutique\/"},{"@type":"ListItem","position":3,"name":"Bas de Tutu Lulli Dancewear Adelaide"}]},{"@type":"WebSite","@id":"https:\/\/www.ballettodanceshop.com\/#website","url":"https:\/\/www.ballettodanceshop.com\/","name":"Balletto Dance Shop","description":"Keep Dancing!","publisher":{"@id":"https:\/\/www.ballettodanceshop.com\/#organization"},"alternateName":"Balletto","potentialAction":[{"@type":"SearchAction","target":{"@type":"EntryPoint","urlTemplate":"https:\/\/www.ballettodanceshop.com\/?s={search_term_string}"},"query-input":{"@type":"PropertyValueSpecification","valueRequired":true,"valueName":"search_term_string"}}],"inLanguage":"en-GB"},{"@type":"Organization","@id":"https:\/\/www.ballettodanceshop.com\/#organization","name":"Balletto Dance Shop","alternateName":"Balletto","url":"https:\/\/www.ballettodanceshop.com\/","logo":{"@type":"ImageObject","inLanguage":"en-GB","@id":"https:\/\/www.ballettodanceshop.com\/#\/schema\/logo\/image\/","url":"https:\/\/www.ballettodanceshop.com\/wp-content\/uploads\/2025\/06\/LOGO-1.png","contentUrl":"https:\/\/www.ballettodanceshop.com\/wp-content\/uploads\/2025\/06\/LOGO-1.png","width":508,"height":209,"caption":"Balletto Dance Shop"},"image":{"@id":"https:\/\/www.ballettodanceshop.com\/#\/schema\/logo\/image\/"},"sameAs":["https:\/\/www.facebook.com\/Ballettodanceshop\/","https:\/\/x.com\/ballettodance","https:\/\/www.tiktok.com\/@ballettodanceshop","https:\/\/fr.linkedin.com\/company\/ballettodaneshop","https:\/\/fr.pinterest.com\/ballettodanceshop\/","https:\/\/www.threads.com\/@ballettodanceshop","https:\/\/www.instagram.com\/ballettodanceshop\/","https:\/\/www.youtube.com\/@ballettodanceshop"]}]}},"_links":{"self":[{"href":"https:\/\/www.ballettodanceshop.com\/en\/wp-json\/wp\/v2\/product\/52711","targetHints":{"allow":["GET"]}}],"collection":[{"href":"https:\/\/www.ballettodanceshop.com\/en\/wp-json\/wp\/v2\/product"}],"about":[{"href":"https:\/\/www.ballettodanceshop.com\/en\/wp-json\/wp\/v2\/types\/product"}],"replies":[{"embeddable":true,"href":"https:\/\/www.ballettodanceshop.com\/en\/wp-json\/wp\/v2\/comments?post=52711"}],"wp:featuredmedia":[{"embeddable":true,"href":"https:\/\/www.ballettodanceshop.com\/en\/wp-json\/wp\/v2\/media\/5185"}],"wp:attachment":[{"href":"https:\/\/www.ballettodanceshop.com\/en\/wp-json\/wp\/v2\/media?parent=52711"}],"wp:term":[{"taxonomy":"product_brand","embeddable":true,"href":"https:\/\/www.ballettodanceshop.com\/en\/wp-json\/wp\/v2\/product_brand?post=52711"},{"taxonomy":"product_cat","embeddable":true,"href":"https:\/\/www.ballettodanceshop.com\/en\/wp-json\/wp\/v2\/product_cat?post=52711"},{"taxonomy":"product_tag","embeddable":true,"href":"https:\/\/www.ballettodanceshop.com\/en\/wp-json\/wp\/v2\/product_tag?post=52711"}],"curies":[{"name":"wp","href":"https:\/\/api.w.org\/{rel}","templated":true}]}}