{"id":52583,"date":"2020-07-03T08:59:41","date_gmt":"2020-07-03T06:59:41","guid":{"rendered":"https:\/\/www.ballettodanceshop.com\/brosse-demelage-et-volume-bachca-paris-grand-modele\/"},"modified":"2025-08-24T17:44:32","modified_gmt":"2025-08-24T15:44:32","slug":"volume-brush-bachca-paris-large-model","status":"publish","type":"product","link":"https:\/\/www.ballettodanceshop.com\/en\/brosse-demelage-et-volume-bachca-paris-grand-modele\/","title":{"rendered":"Volume and Detangling Brush Bachca Paris Large Model"},"content":{"rendered":"<p><strong>Volume and Detangling Brush Bachca Paris Large Model<\/strong><\/p>\n<p>Genuine beech handle.<br \/>\nBoar \/ nylon pins.<br \/>\nRubber tyres<br \/>\nLarge format 22x7cm<\/p>\n<p><strong>How to use it:<\/strong> Pour nettoyer votre brosse Bachca, commencez par \u00f4ter tous les cheveux coinc\u00e9s entre les picots.<br \/>\nThen use a dose of mild shampoo, rub gently and rinse thoroughly.<br \/>\nDry your brush on a clean cloth with the pins facing down for approximately one day.<\/p>\n<p>Designed in France<\/p>","protected":false},"excerpt":{"rendered":"<p>Natural wooden brush ideal for gently detangling and brushing your hair.<\/p>\n<p>Con\u00e7ue \u00e0 Paris par la maison Bachca Paris, cette brosse de cheveux est destin\u00e9e aux cheveux les plus fragiles qui s&#8217;emm\u00ealent facilement.<\/p>\n<p>The spacing of the pins helps to aerate and detangle straight and curly hair, wet and dry, while adding volume.<\/p>\n<p>The protective balls combined with the pneumatic cushion avoid damaging the scalp and stimulate blood circulation to encourage new hair growth.<\/p>\n<p>Ultra-resistant handle in real beech.<\/p>\n<p><strong>Large format 22x7cm<\/strong><\/p>\n<p>&nbsp;<\/p>","protected":false},"featured_media":4972,"comment_status":"open","ping_status":"open","template":"","meta":{"_acf_changed":false},"product_brand":[],"product_cat":[104,66,67,103,154,338,65,19,25,61,68,62],"product_tag":[789],"class_list":{"0":"post-52583","1":"product","2":"type-product","3":"status-publish","4":"has-post-thumbnail","6":"product_cat-accessoires-athleisure","7":"product_cat-accessoires-classique-filles","8":"product_cat-accessoires","9":"product_cat-athleisure","10":"product_cat-beaute-bien-etre","11":"product_cat-beaute-bien-etre-filles","12":"product_cat-classique-filles","13":"product_cat-femmes","14":"product_cat-filles","15":"product_cat-idees-cadeaux","16":"product_cat-idees-cadeaux-filles","17":"product_cat-classique","18":"product_tag-livraison-sous-1-semaine","20":"first","21":"instock","22":"taxable","23":"shipping-taxable","24":"purchasable","25":"product-type-simple"},"acf":[],"yoast_head":"<!-- This site is optimized with the Yoast SEO plugin v27.4 - https:\/\/yoast.com\/product\/yoast-seo-wordpress\/ -->\n<title>Brosse D\u00e9m\u00ealage et Volume Bachca Paris Grand Mod\u00e8le - Balletto Dance Shop<\/title>\n<meta name=\"description\" content=\"Brosse en bois d\u00e9m\u00ealante Bachca Paris pour danseuses ou pour toute personne qui souhaite avoir des accessoires cheveux de grande qualit\u00e9. Con\u00e7ue en France.\" \/>\n<meta name=\"robots\" content=\"index, follow, max-snippet:-1, max-image-preview:large, max-video-preview:-1\" \/>\n<link rel=\"canonical\" href=\"https:\/\/www.ballettodanceshop.com\/en\/volume-brush-bachca-paris-large-model\/\" \/>\n<meta property=\"og:locale\" content=\"en_GB\" \/>\n<meta property=\"og:type\" content=\"article\" \/>\n<meta property=\"og:title\" content=\"Brosse D\u00e9m\u00ealage et Volume Bachca Paris Grand Mod\u00e8le - Balletto Dance Shop\" \/>\n<meta property=\"og:description\" content=\"Brosse en bois d\u00e9m\u00ealante Bachca Paris pour danseuses ou pour toute personne qui souhaite avoir des accessoires cheveux de grande qualit\u00e9. Con\u00e7ue en France.\" \/>\n<meta property=\"og:url\" content=\"https:\/\/www.ballettodanceshop.com\/en\/volume-brush-bachca-paris-large-model\/\" \/>\n<meta property=\"og:site_name\" content=\"Balletto Dance Shop\" \/>\n<meta property=\"article:publisher\" content=\"https:\/\/www.facebook.com\/Ballettodanceshop\/\" \/>\n<meta property=\"article:modified_time\" content=\"2025-08-24T15:44:32+00:00\" \/>\n<meta property=\"og:image\" content=\"https:\/\/www.ballettodanceshop.com\/wp-content\/uploads\/2025\/07\/brosse-demelage-e1593766523935.jpg\" \/>\n\t<meta property=\"og:image:width\" content=\"469\" \/>\n\t<meta property=\"og:image:height\" content=\"584\" \/>\n\t<meta property=\"og:image:type\" content=\"image\/jpeg\" \/>\n<meta name=\"twitter:card\" content=\"summary_large_image\" \/>\n<meta name=\"twitter:site\" content=\"@ballettodance\" \/>\n<script type=\"application\/ld+json\" class=\"yoast-schema-graph\">{\"@context\":\"https:\\\/\\\/schema.org\",\"@graph\":[{\"@type\":\"WebPage\",\"@id\":\"https:\\\/\\\/www.ballettodanceshop.com\\\/brosse-demelage-et-volume-bachca-paris-grand-modele\\\/\",\"url\":\"https:\\\/\\\/www.ballettodanceshop.com\\\/brosse-demelage-et-volume-bachca-paris-grand-modele\\\/\",\"name\":\"Brosse D\u00e9m\u00ealage et Volume Bachca Paris Grand Mod\u00e8le - Balletto Dance Shop\",\"isPartOf\":{\"@id\":\"https:\\\/\\\/www.ballettodanceshop.com\\\/#website\"},\"primaryImageOfPage\":{\"@id\":\"https:\\\/\\\/www.ballettodanceshop.com\\\/brosse-demelage-et-volume-bachca-paris-grand-modele\\\/#primaryimage\"},\"image\":{\"@id\":\"https:\\\/\\\/www.ballettodanceshop.com\\\/brosse-demelage-et-volume-bachca-paris-grand-modele\\\/#primaryimage\"},\"thumbnailUrl\":\"https:\\\/\\\/www.ballettodanceshop.com\\\/wp-content\\\/uploads\\\/2025\\\/07\\\/brosse-demelage-e1593766523935.jpg\",\"datePublished\":\"2020-07-03T06:59:41+00:00\",\"dateModified\":\"2025-08-24T15:44:32+00:00\",\"description\":\"Brosse en bois d\u00e9m\u00ealante Bachca Paris pour danseuses ou pour toute personne qui souhaite avoir des accessoires cheveux de grande qualit\u00e9. Con\u00e7ue en France.\",\"breadcrumb\":{\"@id\":\"https:\\\/\\\/www.ballettodanceshop.com\\\/brosse-demelage-et-volume-bachca-paris-grand-modele\\\/#breadcrumb\"},\"inLanguage\":\"en-GB\",\"potentialAction\":[{\"@type\":\"ReadAction\",\"target\":[\"https:\\\/\\\/www.ballettodanceshop.com\\\/brosse-demelage-et-volume-bachca-paris-grand-modele\\\/\"]}]},{\"@type\":\"ImageObject\",\"inLanguage\":\"en-GB\",\"@id\":\"https:\\\/\\\/www.ballettodanceshop.com\\\/brosse-demelage-et-volume-bachca-paris-grand-modele\\\/#primaryimage\",\"url\":\"https:\\\/\\\/www.ballettodanceshop.com\\\/wp-content\\\/uploads\\\/2025\\\/07\\\/brosse-demelage-e1593766523935.jpg\",\"contentUrl\":\"https:\\\/\\\/www.ballettodanceshop.com\\\/wp-content\\\/uploads\\\/2025\\\/07\\\/brosse-demelage-e1593766523935.jpg\",\"width\":469,\"height\":584,\"caption\":\"Brosse d\u00e9m\u00ealante Bachca Paris\"},{\"@type\":\"BreadcrumbList\",\"@id\":\"https:\\\/\\\/www.ballettodanceshop.com\\\/brosse-demelage-et-volume-bachca-paris-grand-modele\\\/#breadcrumb\",\"itemListElement\":[{\"@type\":\"ListItem\",\"position\":1,\"name\":\"Accueil\",\"item\":\"https:\\\/\\\/www.ballettodanceshop.com\\\/\"},{\"@type\":\"ListItem\",\"position\":2,\"name\":\"Produits\",\"item\":\"https:\\\/\\\/www.ballettodanceshop.com\\\/boutique\\\/\"},{\"@type\":\"ListItem\",\"position\":3,\"name\":\"Brosse D\u00e9m\u00ealage et Volume Bachca Paris Grand Mod\u00e8le\"}]},{\"@type\":\"WebSite\",\"@id\":\"https:\\\/\\\/www.ballettodanceshop.com\\\/#website\",\"url\":\"https:\\\/\\\/www.ballettodanceshop.com\\\/\",\"name\":\"Balletto Dance Shop\",\"description\":\"Keep Dancing !\",\"publisher\":{\"@id\":\"https:\\\/\\\/www.ballettodanceshop.com\\\/#organization\"},\"alternateName\":\"Balletto\",\"potentialAction\":[{\"@type\":\"SearchAction\",\"target\":{\"@type\":\"EntryPoint\",\"urlTemplate\":\"https:\\\/\\\/www.ballettodanceshop.com\\\/?s={search_term_string}\"},\"query-input\":{\"@type\":\"PropertyValueSpecification\",\"valueRequired\":true,\"valueName\":\"search_term_string\"}}],\"inLanguage\":\"en-GB\"},{\"@type\":\"Organization\",\"@id\":\"https:\\\/\\\/www.ballettodanceshop.com\\\/#organization\",\"name\":\"Balletto Dance Shop\",\"alternateName\":\"Balletto\",\"url\":\"https:\\\/\\\/www.ballettodanceshop.com\\\/\",\"logo\":{\"@type\":\"ImageObject\",\"inLanguage\":\"en-GB\",\"@id\":\"https:\\\/\\\/www.ballettodanceshop.com\\\/#\\\/schema\\\/logo\\\/image\\\/\",\"url\":\"https:\\\/\\\/www.ballettodanceshop.com\\\/wp-content\\\/uploads\\\/2025\\\/06\\\/LOGO-1.png\",\"contentUrl\":\"https:\\\/\\\/www.ballettodanceshop.com\\\/wp-content\\\/uploads\\\/2025\\\/06\\\/LOGO-1.png\",\"width\":508,\"height\":209,\"caption\":\"Balletto Dance Shop\"},\"image\":{\"@id\":\"https:\\\/\\\/www.ballettodanceshop.com\\\/#\\\/schema\\\/logo\\\/image\\\/\"},\"sameAs\":[\"https:\\\/\\\/www.facebook.com\\\/Ballettodanceshop\\\/\",\"https:\\\/\\\/x.com\\\/ballettodance\",\"https:\\\/\\\/www.tiktok.com\\\/@ballettodanceshop\",\"https:\\\/\\\/fr.linkedin.com\\\/company\\\/ballettodaneshop\",\"https:\\\/\\\/fr.pinterest.com\\\/ballettodanceshop\\\/\",\"https:\\\/\\\/www.threads.com\\\/@ballettodanceshop\",\"https:\\\/\\\/www.instagram.com\\\/ballettodanceshop\\\/\",\"https:\\\/\\\/www.youtube.com\\\/@ballettodanceshop\"]}]}<\/script>\n<!-- \/ Yoast SEO plugin. -->","yoast_head_json":{"title":"Volume and Detangling Brush Bachca Paris Large - Balletto Dance Shop","description":"Bachca Paris wooden detangling brush for dancers or anyone who wants high-quality hair accessories. Made in France.","robots":{"index":"index","follow":"follow","max-snippet":"max-snippet:-1","max-image-preview":"max-image-preview:large","max-video-preview":"max-video-preview:-1"},"canonical":"https:\/\/www.ballettodanceshop.com\/en\/volume-brush-bachca-paris-large-model\/","og_locale":"en_GB","og_type":"article","og_title":"Brosse D\u00e9m\u00ealage et Volume Bachca Paris Grand Mod\u00e8le - Balletto Dance Shop","og_description":"Brosse en bois d\u00e9m\u00ealante Bachca Paris pour danseuses ou pour toute personne qui souhaite avoir des accessoires cheveux de grande qualit\u00e9. Con\u00e7ue en France.","og_url":"https:\/\/www.ballettodanceshop.com\/en\/volume-brush-bachca-paris-large-model\/","og_site_name":"Balletto Dance Shop","article_publisher":"https:\/\/www.facebook.com\/Ballettodanceshop\/","article_modified_time":"2025-08-24T15:44:32+00:00","og_image":[{"width":469,"height":584,"url":"https:\/\/www.ballettodanceshop.com\/wp-content\/uploads\/2025\/07\/brosse-demelage-e1593766523935.jpg","type":"image\/jpeg"}],"twitter_card":"summary_large_image","twitter_site":"@ballettodance","schema":{"@context":"https:\/\/schema.org","@graph":[{"@type":"WebPage","@id":"https:\/\/www.ballettodanceshop.com\/brosse-demelage-et-volume-bachca-paris-grand-modele\/","url":"https:\/\/www.ballettodanceshop.com\/brosse-demelage-et-volume-bachca-paris-grand-modele\/","name":"Volume and Detangling Brush Bachca Paris Large - Balletto Dance Shop","isPartOf":{"@id":"https:\/\/www.ballettodanceshop.com\/#website"},"primaryImageOfPage":{"@id":"https:\/\/www.ballettodanceshop.com\/brosse-demelage-et-volume-bachca-paris-grand-modele\/#primaryimage"},"image":{"@id":"https:\/\/www.ballettodanceshop.com\/brosse-demelage-et-volume-bachca-paris-grand-modele\/#primaryimage"},"thumbnailUrl":"https:\/\/www.ballettodanceshop.com\/wp-content\/uploads\/2025\/07\/brosse-demelage-e1593766523935.jpg","datePublished":"2020-07-03T06:59:41+00:00","dateModified":"2025-08-24T15:44:32+00:00","description":"Bachca Paris wooden detangling brush for dancers or anyone who wants high-quality hair accessories. Made in France.","breadcrumb":{"@id":"https:\/\/www.ballettodanceshop.com\/brosse-demelage-et-volume-bachca-paris-grand-modele\/#breadcrumb"},"inLanguage":"en-GB","potentialAction":[{"@type":"ReadAction","target":["https:\/\/www.ballettodanceshop.com\/brosse-demelage-et-volume-bachca-paris-grand-modele\/"]}]},{"@type":"ImageObject","inLanguage":"en-GB","@id":"https:\/\/www.ballettodanceshop.com\/brosse-demelage-et-volume-bachca-paris-grand-modele\/#primaryimage","url":"https:\/\/www.ballettodanceshop.com\/wp-content\/uploads\/2025\/07\/brosse-demelage-e1593766523935.jpg","contentUrl":"https:\/\/www.ballettodanceshop.com\/wp-content\/uploads\/2025\/07\/brosse-demelage-e1593766523935.jpg","width":469,"height":584,"caption":"Brosse d\u00e9m\u00ealante Bachca Paris"},{"@type":"BreadcrumbList","@id":"https:\/\/www.ballettodanceshop.com\/brosse-demelage-et-volume-bachca-paris-grand-modele\/#breadcrumb","itemListElement":[{"@type":"ListItem","position":1,"name":"Accueil","item":"https:\/\/www.ballettodanceshop.com\/"},{"@type":"ListItem","position":2,"name":"Produits","item":"https:\/\/www.ballettodanceshop.com\/boutique\/"},{"@type":"ListItem","position":3,"name":"Brosse D\u00e9m\u00ealage et Volume Bachca Paris Grand Mod\u00e8le"}]},{"@type":"WebSite","@id":"https:\/\/www.ballettodanceshop.com\/#website","url":"https:\/\/www.ballettodanceshop.com\/","name":"Balletto Dance Shop","description":"Keep Dancing!","publisher":{"@id":"https:\/\/www.ballettodanceshop.com\/#organization"},"alternateName":"Balletto","potentialAction":[{"@type":"SearchAction","target":{"@type":"EntryPoint","urlTemplate":"https:\/\/www.ballettodanceshop.com\/?s={search_term_string}"},"query-input":{"@type":"PropertyValueSpecification","valueRequired":true,"valueName":"search_term_string"}}],"inLanguage":"en-GB"},{"@type":"Organization","@id":"https:\/\/www.ballettodanceshop.com\/#organization","name":"Balletto Dance Shop","alternateName":"Balletto","url":"https:\/\/www.ballettodanceshop.com\/","logo":{"@type":"ImageObject","inLanguage":"en-GB","@id":"https:\/\/www.ballettodanceshop.com\/#\/schema\/logo\/image\/","url":"https:\/\/www.ballettodanceshop.com\/wp-content\/uploads\/2025\/06\/LOGO-1.png","contentUrl":"https:\/\/www.ballettodanceshop.com\/wp-content\/uploads\/2025\/06\/LOGO-1.png","width":508,"height":209,"caption":"Balletto Dance Shop"},"image":{"@id":"https:\/\/www.ballettodanceshop.com\/#\/schema\/logo\/image\/"},"sameAs":["https:\/\/www.facebook.com\/Ballettodanceshop\/","https:\/\/x.com\/ballettodance","https:\/\/www.tiktok.com\/@ballettodanceshop","https:\/\/fr.linkedin.com\/company\/ballettodaneshop","https:\/\/fr.pinterest.com\/ballettodanceshop\/","https:\/\/www.threads.com\/@ballettodanceshop","https:\/\/www.instagram.com\/ballettodanceshop\/","https:\/\/www.youtube.com\/@ballettodanceshop"]}]}},"_links":{"self":[{"href":"https:\/\/www.ballettodanceshop.com\/en\/wp-json\/wp\/v2\/product\/52583","targetHints":{"allow":["GET"]}}],"collection":[{"href":"https:\/\/www.ballettodanceshop.com\/en\/wp-json\/wp\/v2\/product"}],"about":[{"href":"https:\/\/www.ballettodanceshop.com\/en\/wp-json\/wp\/v2\/types\/product"}],"replies":[{"embeddable":true,"href":"https:\/\/www.ballettodanceshop.com\/en\/wp-json\/wp\/v2\/comments?post=52583"}],"wp:featuredmedia":[{"embeddable":true,"href":"https:\/\/www.ballettodanceshop.com\/en\/wp-json\/wp\/v2\/media\/4972"}],"wp:attachment":[{"href":"https:\/\/www.ballettodanceshop.com\/en\/wp-json\/wp\/v2\/media?parent=52583"}],"wp:term":[{"taxonomy":"product_brand","embeddable":true,"href":"https:\/\/www.ballettodanceshop.com\/en\/wp-json\/wp\/v2\/product_brand?post=52583"},{"taxonomy":"product_cat","embeddable":true,"href":"https:\/\/www.ballettodanceshop.com\/en\/wp-json\/wp\/v2\/product_cat?post=52583"},{"taxonomy":"product_tag","embeddable":true,"href":"https:\/\/www.ballettodanceshop.com\/en\/wp-json\/wp\/v2\/product_tag?post=52583"}],"curies":[{"name":"wp","href":"https:\/\/api.w.org\/{rel}","templated":true}]}}