{"id":52579,"date":"2020-07-02T10:24:21","date_gmt":"2020-07-02T08:24:21","guid":{"rendered":"https:\/\/www.ballettodanceshop.com\/combinaison-yoga-ballet-rosa-yume-combinaison-danse-ballet-rosa\/"},"modified":"2025-08-24T17:44:34","modified_gmt":"2025-08-24T15:44:34","slug":"rosa-ballet-yoga-jumpsuit-yume-rosa-ballet-dance-jumpsuit","status":"publish","type":"product","link":"https:\/\/www.ballettodanceshop.com\/en\/combinaison-yoga-ballet-rosa-yume-combinaison-danse-ballet-rosa\/","title":{"rendered":"Rosa Yume Yoga Ballet Jumpsuit"},"content":{"rendered":"<p><strong>Rosa Yume Yoga Ballet Jumpsuit<\/strong><\/p>\n<p>Material: 100% Bamboo durable<\/p>\n<p>Made in Portugal<\/p>\n<p>Very stylish Ballet Rosa Yume sleeveless jumpsuit in prussian blue bamboo.<\/p>\n<p>High collar and plunging back neckline.<\/p>\n<p>Mati\u00e8re tr\u00e8s confortable \u00e0 porter, vous serez parfaitement \u00e0 l&rsquo;aise dans vos mouvements.<\/p>\n<p><strong>Please note that this item runs small<\/strong>, nous vous conseillons de choisir une taille au dessus de votre taille habituelle.<\/p>","protected":false},"excerpt":{"rendered":"<p>Lush yoga suit created by Ballet Rosa Collection Bamboo.<\/p>\n<p>Boat neck with a sublime plunging neckline and gathered back, making this jumpsuit divinely chic.<\/p>\n<p>A very comfortable material to wear for your classes. <strong>Yoga<\/strong> and <strong>Pilates<\/strong> or even for the charming dance teachers who want to be distinguished at the <strong>dance class<\/strong>. Vous serez parfaitement \u00e0 l&rsquo;aise dans vos mouvements.<\/p>\n<p>This item can also be worn in town.<\/p>\n<p><strong>Ce mod\u00e8le taille petit nous vous conseillons de s\u00e9lectionner une taille au dessus de votre taille habituelle.<\/strong><\/p>","protected":false},"featured_media":4966,"comment_status":"open","ping_status":"open","template":"","meta":{"_acf_changed":false},"product_brand":[],"product_cat":[103,299,113,19,340,91,295,286,301,97,146],"product_tag":[804],"class_list":{"0":"post-52579","1":"product","2":"type-product","3":"status-publish","4":"has-post-thumbnail","6":"product_cat-athleisure","7":"product_cat-ballet-rosa","8":"product_cat-danses-latines","9":"product_cat-femmes","10":"product_cat-inspiration","11":"product_cat-jazz","12":"product_cat-pantalons-contemporain","13":"product_cat-pantalons-danses-latines","14":"product_cat-pantalons","15":"product_cat-contemporain","16":"product_cat-tops-danses-latines","17":"product_tag-livraison-4-a-5-semaines","19":"first","20":"instock","21":"taxable","22":"shipping-taxable","23":"purchasable","24":"product-type-variable"},"acf":[],"yoast_head":"<!-- This site is optimized with the Yoast SEO plugin v27.4 - https:\/\/yoast.com\/product\/yoast-seo-wordpress\/ -->\n<title>Combinaison Yoga Ballet Rosa Yume - Balletto Dance Shop<\/title>\n<meta name=\"description\" content=\"Combinaison en Bamboo durable Ballet Rosa Yume. Id\u00e9ale pour les professeur de danse pour donner leurs cours et pour les Yogis.\" \/>\n<meta name=\"robots\" content=\"index, follow, max-snippet:-1, max-image-preview:large, max-video-preview:-1\" \/>\n<link rel=\"canonical\" href=\"https:\/\/www.ballettodanceshop.com\/en\/rosa-ballet-yoga-jumpsuit-yume-rosa-ballet-dance-jumpsuit\/\" \/>\n<meta property=\"og:locale\" content=\"en_GB\" \/>\n<meta property=\"og:type\" content=\"article\" \/>\n<meta property=\"og:title\" content=\"Combinaison Yoga Ballet Rosa Yume - Balletto Dance Shop\" \/>\n<meta property=\"og:description\" content=\"Combinaison en Bamboo durable Ballet Rosa Yume. Id\u00e9ale pour les professeur de danse pour donner leurs cours et pour les Yogis.\" \/>\n<meta property=\"og:url\" content=\"https:\/\/www.ballettodanceshop.com\/en\/rosa-ballet-yoga-jumpsuit-yume-rosa-ballet-dance-jumpsuit\/\" \/>\n<meta property=\"og:site_name\" content=\"Balletto Dance Shop\" \/>\n<meta property=\"article:publisher\" content=\"https:\/\/www.facebook.com\/Ballettodanceshop\/\" \/>\n<meta property=\"article:modified_time\" content=\"2025-08-24T15:44:34+00:00\" \/>\n<meta property=\"og:image\" content=\"https:\/\/www.ballettodanceshop.com\/wp-content\/uploads\/2025\/07\/Combinaison_Ballet_Rosa_Yume-e1737188699977.jpeg\" \/>\n\t<meta property=\"og:image:width\" content=\"1373\" \/>\n\t<meta property=\"og:image:height\" content=\"1600\" \/>\n\t<meta property=\"og:image:type\" content=\"image\/jpeg\" \/>\n<meta name=\"twitter:card\" content=\"summary_large_image\" \/>\n<meta name=\"twitter:site\" content=\"@ballettodance\" \/>\n<script type=\"application\/ld+json\" class=\"yoast-schema-graph\">{\"@context\":\"https:\\\/\\\/schema.org\",\"@graph\":[{\"@type\":\"WebPage\",\"@id\":\"https:\\\/\\\/www.ballettodanceshop.com\\\/combinaison-yoga-ballet-rosa-yume-combinaison-danse-ballet-rosa\\\/\",\"url\":\"https:\\\/\\\/www.ballettodanceshop.com\\\/combinaison-yoga-ballet-rosa-yume-combinaison-danse-ballet-rosa\\\/\",\"name\":\"Combinaison Yoga Ballet Rosa Yume - Balletto Dance Shop\",\"isPartOf\":{\"@id\":\"https:\\\/\\\/www.ballettodanceshop.com\\\/#website\"},\"primaryImageOfPage\":{\"@id\":\"https:\\\/\\\/www.ballettodanceshop.com\\\/combinaison-yoga-ballet-rosa-yume-combinaison-danse-ballet-rosa\\\/#primaryimage\"},\"image\":{\"@id\":\"https:\\\/\\\/www.ballettodanceshop.com\\\/combinaison-yoga-ballet-rosa-yume-combinaison-danse-ballet-rosa\\\/#primaryimage\"},\"thumbnailUrl\":\"https:\\\/\\\/www.ballettodanceshop.com\\\/wp-content\\\/uploads\\\/2025\\\/07\\\/Combinaison_Ballet_Rosa_Yume-e1737188699977.jpeg\",\"datePublished\":\"2020-07-02T08:24:21+00:00\",\"dateModified\":\"2025-08-24T15:44:34+00:00\",\"description\":\"Combinaison en Bamboo durable Ballet Rosa Yume. Id\u00e9ale pour les professeur de danse pour donner leurs cours et pour les Yogis.\",\"breadcrumb\":{\"@id\":\"https:\\\/\\\/www.ballettodanceshop.com\\\/combinaison-yoga-ballet-rosa-yume-combinaison-danse-ballet-rosa\\\/#breadcrumb\"},\"inLanguage\":\"en-GB\",\"potentialAction\":[{\"@type\":\"ReadAction\",\"target\":[\"https:\\\/\\\/www.ballettodanceshop.com\\\/combinaison-yoga-ballet-rosa-yume-combinaison-danse-ballet-rosa\\\/\"]}]},{\"@type\":\"ImageObject\",\"inLanguage\":\"en-GB\",\"@id\":\"https:\\\/\\\/www.ballettodanceshop.com\\\/combinaison-yoga-ballet-rosa-yume-combinaison-danse-ballet-rosa\\\/#primaryimage\",\"url\":\"https:\\\/\\\/www.ballettodanceshop.com\\\/wp-content\\\/uploads\\\/2025\\\/07\\\/Combinaison_Ballet_Rosa_Yume-e1737188699977.jpeg\",\"contentUrl\":\"https:\\\/\\\/www.ballettodanceshop.com\\\/wp-content\\\/uploads\\\/2025\\\/07\\\/Combinaison_Ballet_Rosa_Yume-e1737188699977.jpeg\",\"width\":1373,\"height\":1600,\"caption\":\"Ballet Rosa Yume\"},{\"@type\":\"BreadcrumbList\",\"@id\":\"https:\\\/\\\/www.ballettodanceshop.com\\\/combinaison-yoga-ballet-rosa-yume-combinaison-danse-ballet-rosa\\\/#breadcrumb\",\"itemListElement\":[{\"@type\":\"ListItem\",\"position\":1,\"name\":\"Accueil\",\"item\":\"https:\\\/\\\/www.ballettodanceshop.com\\\/\"},{\"@type\":\"ListItem\",\"position\":2,\"name\":\"Produits\",\"item\":\"https:\\\/\\\/www.ballettodanceshop.com\\\/boutique\\\/\"},{\"@type\":\"ListItem\",\"position\":3,\"name\":\"Combinaison Yoga Ballet Rosa Yume\"}]},{\"@type\":\"WebSite\",\"@id\":\"https:\\\/\\\/www.ballettodanceshop.com\\\/#website\",\"url\":\"https:\\\/\\\/www.ballettodanceshop.com\\\/\",\"name\":\"Balletto Dance Shop\",\"description\":\"Keep Dancing !\",\"publisher\":{\"@id\":\"https:\\\/\\\/www.ballettodanceshop.com\\\/#organization\"},\"alternateName\":\"Balletto\",\"potentialAction\":[{\"@type\":\"SearchAction\",\"target\":{\"@type\":\"EntryPoint\",\"urlTemplate\":\"https:\\\/\\\/www.ballettodanceshop.com\\\/?s={search_term_string}\"},\"query-input\":{\"@type\":\"PropertyValueSpecification\",\"valueRequired\":true,\"valueName\":\"search_term_string\"}}],\"inLanguage\":\"en-GB\"},{\"@type\":\"Organization\",\"@id\":\"https:\\\/\\\/www.ballettodanceshop.com\\\/#organization\",\"name\":\"Balletto Dance Shop\",\"alternateName\":\"Balletto\",\"url\":\"https:\\\/\\\/www.ballettodanceshop.com\\\/\",\"logo\":{\"@type\":\"ImageObject\",\"inLanguage\":\"en-GB\",\"@id\":\"https:\\\/\\\/www.ballettodanceshop.com\\\/#\\\/schema\\\/logo\\\/image\\\/\",\"url\":\"https:\\\/\\\/www.ballettodanceshop.com\\\/wp-content\\\/uploads\\\/2025\\\/06\\\/LOGO-1.png\",\"contentUrl\":\"https:\\\/\\\/www.ballettodanceshop.com\\\/wp-content\\\/uploads\\\/2025\\\/06\\\/LOGO-1.png\",\"width\":508,\"height\":209,\"caption\":\"Balletto Dance Shop\"},\"image\":{\"@id\":\"https:\\\/\\\/www.ballettodanceshop.com\\\/#\\\/schema\\\/logo\\\/image\\\/\"},\"sameAs\":[\"https:\\\/\\\/www.facebook.com\\\/Ballettodanceshop\\\/\",\"https:\\\/\\\/x.com\\\/ballettodance\",\"https:\\\/\\\/www.tiktok.com\\\/@ballettodanceshop\",\"https:\\\/\\\/fr.linkedin.com\\\/company\\\/ballettodaneshop\",\"https:\\\/\\\/fr.pinterest.com\\\/ballettodanceshop\\\/\",\"https:\\\/\\\/www.threads.com\\\/@ballettodanceshop\",\"https:\\\/\\\/www.instagram.com\\\/ballettodanceshop\\\/\",\"https:\\\/\\\/www.youtube.com\\\/@ballettodanceshop\"]}]}<\/script>\n<!-- \/ Yoast SEO plugin. -->","yoast_head_json":{"title":"Yoga Ballet Jumpsuit Rosa Yume - Balletto Dance Shop","description":"Durable Bamboo Ballet Suit Rosa Yume. Ideal for dance teachers and yogis.","robots":{"index":"index","follow":"follow","max-snippet":"max-snippet:-1","max-image-preview":"max-image-preview:large","max-video-preview":"max-video-preview:-1"},"canonical":"https:\/\/www.ballettodanceshop.com\/en\/rosa-ballet-yoga-jumpsuit-yume-rosa-ballet-dance-jumpsuit\/","og_locale":"en_GB","og_type":"article","og_title":"Combinaison Yoga Ballet Rosa Yume - Balletto Dance Shop","og_description":"Combinaison en Bamboo durable Ballet Rosa Yume. Id\u00e9ale pour les professeur de danse pour donner leurs cours et pour les Yogis.","og_url":"https:\/\/www.ballettodanceshop.com\/en\/rosa-ballet-yoga-jumpsuit-yume-rosa-ballet-dance-jumpsuit\/","og_site_name":"Balletto Dance Shop","article_publisher":"https:\/\/www.facebook.com\/Ballettodanceshop\/","article_modified_time":"2025-08-24T15:44:34+00:00","og_image":[{"width":1373,"height":1600,"url":"https:\/\/www.ballettodanceshop.com\/wp-content\/uploads\/2025\/07\/Combinaison_Ballet_Rosa_Yume-e1737188699977.jpeg","type":"image\/jpeg"}],"twitter_card":"summary_large_image","twitter_site":"@ballettodance","schema":{"@context":"https:\/\/schema.org","@graph":[{"@type":"WebPage","@id":"https:\/\/www.ballettodanceshop.com\/combinaison-yoga-ballet-rosa-yume-combinaison-danse-ballet-rosa\/","url":"https:\/\/www.ballettodanceshop.com\/combinaison-yoga-ballet-rosa-yume-combinaison-danse-ballet-rosa\/","name":"Yoga Ballet Jumpsuit Rosa Yume - Balletto Dance Shop","isPartOf":{"@id":"https:\/\/www.ballettodanceshop.com\/#website"},"primaryImageOfPage":{"@id":"https:\/\/www.ballettodanceshop.com\/combinaison-yoga-ballet-rosa-yume-combinaison-danse-ballet-rosa\/#primaryimage"},"image":{"@id":"https:\/\/www.ballettodanceshop.com\/combinaison-yoga-ballet-rosa-yume-combinaison-danse-ballet-rosa\/#primaryimage"},"thumbnailUrl":"https:\/\/www.ballettodanceshop.com\/wp-content\/uploads\/2025\/07\/Combinaison_Ballet_Rosa_Yume-e1737188699977.jpeg","datePublished":"2020-07-02T08:24:21+00:00","dateModified":"2025-08-24T15:44:34+00:00","description":"Durable Bamboo Ballet Suit Rosa Yume. Ideal for dance teachers and yogis.","breadcrumb":{"@id":"https:\/\/www.ballettodanceshop.com\/combinaison-yoga-ballet-rosa-yume-combinaison-danse-ballet-rosa\/#breadcrumb"},"inLanguage":"en-GB","potentialAction":[{"@type":"ReadAction","target":["https:\/\/www.ballettodanceshop.com\/combinaison-yoga-ballet-rosa-yume-combinaison-danse-ballet-rosa\/"]}]},{"@type":"ImageObject","inLanguage":"en-GB","@id":"https:\/\/www.ballettodanceshop.com\/combinaison-yoga-ballet-rosa-yume-combinaison-danse-ballet-rosa\/#primaryimage","url":"https:\/\/www.ballettodanceshop.com\/wp-content\/uploads\/2025\/07\/Combinaison_Ballet_Rosa_Yume-e1737188699977.jpeg","contentUrl":"https:\/\/www.ballettodanceshop.com\/wp-content\/uploads\/2025\/07\/Combinaison_Ballet_Rosa_Yume-e1737188699977.jpeg","width":1373,"height":1600,"caption":"Ballet Rosa Yume"},{"@type":"BreadcrumbList","@id":"https:\/\/www.ballettodanceshop.com\/combinaison-yoga-ballet-rosa-yume-combinaison-danse-ballet-rosa\/#breadcrumb","itemListElement":[{"@type":"ListItem","position":1,"name":"Accueil","item":"https:\/\/www.ballettodanceshop.com\/"},{"@type":"ListItem","position":2,"name":"Produits","item":"https:\/\/www.ballettodanceshop.com\/boutique\/"},{"@type":"ListItem","position":3,"name":"Combinaison Yoga Ballet Rosa Yume"}]},{"@type":"WebSite","@id":"https:\/\/www.ballettodanceshop.com\/#website","url":"https:\/\/www.ballettodanceshop.com\/","name":"Balletto Dance Shop","description":"Keep Dancing!","publisher":{"@id":"https:\/\/www.ballettodanceshop.com\/#organization"},"alternateName":"Balletto","potentialAction":[{"@type":"SearchAction","target":{"@type":"EntryPoint","urlTemplate":"https:\/\/www.ballettodanceshop.com\/?s={search_term_string}"},"query-input":{"@type":"PropertyValueSpecification","valueRequired":true,"valueName":"search_term_string"}}],"inLanguage":"en-GB"},{"@type":"Organization","@id":"https:\/\/www.ballettodanceshop.com\/#organization","name":"Balletto Dance Shop","alternateName":"Balletto","url":"https:\/\/www.ballettodanceshop.com\/","logo":{"@type":"ImageObject","inLanguage":"en-GB","@id":"https:\/\/www.ballettodanceshop.com\/#\/schema\/logo\/image\/","url":"https:\/\/www.ballettodanceshop.com\/wp-content\/uploads\/2025\/06\/LOGO-1.png","contentUrl":"https:\/\/www.ballettodanceshop.com\/wp-content\/uploads\/2025\/06\/LOGO-1.png","width":508,"height":209,"caption":"Balletto Dance Shop"},"image":{"@id":"https:\/\/www.ballettodanceshop.com\/#\/schema\/logo\/image\/"},"sameAs":["https:\/\/www.facebook.com\/Ballettodanceshop\/","https:\/\/x.com\/ballettodance","https:\/\/www.tiktok.com\/@ballettodanceshop","https:\/\/fr.linkedin.com\/company\/ballettodaneshop","https:\/\/fr.pinterest.com\/ballettodanceshop\/","https:\/\/www.threads.com\/@ballettodanceshop","https:\/\/www.instagram.com\/ballettodanceshop\/","https:\/\/www.youtube.com\/@ballettodanceshop"]}]}},"_links":{"self":[{"href":"https:\/\/www.ballettodanceshop.com\/en\/wp-json\/wp\/v2\/product\/52579","targetHints":{"allow":["GET"]}}],"collection":[{"href":"https:\/\/www.ballettodanceshop.com\/en\/wp-json\/wp\/v2\/product"}],"about":[{"href":"https:\/\/www.ballettodanceshop.com\/en\/wp-json\/wp\/v2\/types\/product"}],"replies":[{"embeddable":true,"href":"https:\/\/www.ballettodanceshop.com\/en\/wp-json\/wp\/v2\/comments?post=52579"}],"wp:featuredmedia":[{"embeddable":true,"href":"https:\/\/www.ballettodanceshop.com\/en\/wp-json\/wp\/v2\/media\/4966"}],"wp:attachment":[{"href":"https:\/\/www.ballettodanceshop.com\/en\/wp-json\/wp\/v2\/media?parent=52579"}],"wp:term":[{"taxonomy":"product_brand","embeddable":true,"href":"https:\/\/www.ballettodanceshop.com\/en\/wp-json\/wp\/v2\/product_brand?post=52579"},{"taxonomy":"product_cat","embeddable":true,"href":"https:\/\/www.ballettodanceshop.com\/en\/wp-json\/wp\/v2\/product_cat?post=52579"},{"taxonomy":"product_tag","embeddable":true,"href":"https:\/\/www.ballettodanceshop.com\/en\/wp-json\/wp\/v2\/product_tag?post=52579"}],"curies":[{"name":"wp","href":"https:\/\/api.w.org\/{rel}","templated":true}]}}