{"id":52528,"date":"2020-06-30T12:21:21","date_gmt":"2020-06-30T10:21:21","guid":{"rendered":"https:\/\/www.ballettodanceshop.com\/elastique-invisible-spirale-bachca-paris\/"},"modified":"2025-09-23T18:55:23","modified_gmt":"2025-09-23T16:55:23","slug":"invisible-spiral-elastic-bachca-paris","status":"publish","type":"product","link":"https:\/\/www.ballettodanceshop.com\/en\/elastique-invisible-spirale-bachca-paris\/","title":{"rendered":"Spiral Invisible Elastic Bachca Paris"},"content":{"rendered":"<p><strong>Spiral Invisible Elastic Bachca Paris<\/strong><\/p>\n<p>Designed in Paris<\/p>","protected":false},"excerpt":{"rendered":"<p><strong>Balletto Dance Shop<\/strong> has selected a line of<strong>accessories<\/strong> very Parisian, pure, refined and chic.<\/p>\n<p>Thanks to its spiral shape, the invisible elastic presses unevenly around the circumference of the dancer's ponytail or bun.<\/p>\n<p>Tested by our <strong>dance ambassadors<\/strong>These elastics do not harm the hair and leave no marks.<\/p>\n<p>9 rubber bands are included in this elegant little package from the French brand <strong>Bachca Paris.<\/strong><\/p>","protected":false},"featured_media":4869,"comment_status":"open","ping_status":"open","template":"","meta":{"_acf_changed":false},"product_brand":[],"product_cat":[104,151,92,66,110,98,67,247,111,103,338,154,65,112,246,19,25,61,68,91,109,62,97],"product_tag":[786],"class_list":{"0":"post-52528","1":"product","2":"type-product","3":"status-publish","4":"has-post-thumbnail","6":"product_cat-accessoires-athleisure","7":"product_cat-accessoires-contemporain-filles","8":"product_cat-accessoires-jazz","9":"product_cat-accessoires-classique-filles","10":"product_cat-accessoires-jazz-filles","11":"product_cat-accessoires-contemporain","12":"product_cat-accessoires","13":"product_cat-accessoires-caractere","14":"product_cat-athleisure-yoga-gym-pilates-filles","15":"product_cat-athleisure","16":"product_cat-beaute-bien-etre-filles","17":"product_cat-beaute-bien-etre","18":"product_cat-classique-filles","19":"product_cat-contemporain-filles","20":"product_cat-caractere","21":"product_cat-femmes","22":"product_cat-filles","23":"product_cat-idees-cadeaux","24":"product_cat-idees-cadeaux-filles","25":"product_cat-jazz","26":"product_cat-jazz-filles","27":"product_cat-classique","28":"product_cat-contemporain","29":"product_tag-livraison-24-a-48h","31":"first","32":"instock","33":"taxable","34":"shipping-taxable","35":"purchasable","36":"product-type-simple"},"acf":[],"yoast_head":"<!-- This site is optimized with the Yoast SEO plugin v27.4 - https:\/\/yoast.com\/product\/yoast-seo-wordpress\/ -->\n<title>\u00c9lastique Invisible Spirale Bachca Paris - Balletto Dance Shop<\/title>\n<meta name=\"description\" content=\"L\u2019\u00e9lastique invisible Bachca Paris fait pression de fa\u00e7on non uniforme autour de la circonf\u00e9rence de la queue de cheval ou du chignon de la danseuse.\" \/>\n<meta name=\"robots\" content=\"index, follow, max-snippet:-1, max-image-preview:large, max-video-preview:-1\" \/>\n<link rel=\"canonical\" href=\"https:\/\/www.ballettodanceshop.com\/en\/invisible-spiral-elastic-bachca-paris\/\" \/>\n<meta property=\"og:locale\" content=\"en_GB\" \/>\n<meta property=\"og:type\" content=\"article\" \/>\n<meta property=\"og:title\" content=\"\u00c9lastique Invisible Spirale Bachca Paris - Balletto Dance Shop\" \/>\n<meta property=\"og:description\" content=\"L\u2019\u00e9lastique invisible Bachca Paris fait pression de fa\u00e7on non uniforme autour de la circonf\u00e9rence de la queue de cheval ou du chignon de la danseuse.\" \/>\n<meta property=\"og:url\" content=\"https:\/\/www.ballettodanceshop.com\/en\/invisible-spiral-elastic-bachca-paris\/\" \/>\n<meta property=\"og:site_name\" content=\"Balletto Dance Shop\" \/>\n<meta property=\"article:publisher\" content=\"https:\/\/www.facebook.com\/Ballettodanceshop\/\" \/>\n<meta property=\"article:modified_time\" content=\"2025-09-23T16:55:23+00:00\" \/>\n<meta property=\"og:image\" content=\"https:\/\/www.ballettodanceshop.com\/wp-content\/uploads\/2025\/07\/elastiques-invisibles-bachca-paris.webp\" \/>\n\t<meta property=\"og:image:width\" content=\"1000\" \/>\n\t<meta property=\"og:image:height\" content=\"1000\" \/>\n\t<meta property=\"og:image:type\" content=\"image\/webp\" \/>\n<meta name=\"twitter:card\" content=\"summary_large_image\" \/>\n<meta name=\"twitter:site\" content=\"@ballettodance\" \/>\n<script type=\"application\/ld+json\" class=\"yoast-schema-graph\">{\"@context\":\"https:\\\/\\\/schema.org\",\"@graph\":[{\"@type\":\"WebPage\",\"@id\":\"https:\\\/\\\/www.ballettodanceshop.com\\\/elastique-invisible-spirale-bachca-paris\\\/\",\"url\":\"https:\\\/\\\/www.ballettodanceshop.com\\\/elastique-invisible-spirale-bachca-paris\\\/\",\"name\":\"\u00c9lastique Invisible Spirale Bachca Paris - Balletto Dance Shop\",\"isPartOf\":{\"@id\":\"https:\\\/\\\/www.ballettodanceshop.com\\\/#website\"},\"primaryImageOfPage\":{\"@id\":\"https:\\\/\\\/www.ballettodanceshop.com\\\/elastique-invisible-spirale-bachca-paris\\\/#primaryimage\"},\"image\":{\"@id\":\"https:\\\/\\\/www.ballettodanceshop.com\\\/elastique-invisible-spirale-bachca-paris\\\/#primaryimage\"},\"thumbnailUrl\":\"https:\\\/\\\/www.ballettodanceshop.com\\\/wp-content\\\/uploads\\\/2025\\\/07\\\/elastiques-invisibles-bachca-paris.webp\",\"datePublished\":\"2020-06-30T10:21:21+00:00\",\"dateModified\":\"2025-09-23T16:55:23+00:00\",\"description\":\"L\u2019\u00e9lastique invisible Bachca Paris fait pression de fa\u00e7on non uniforme autour de la circonf\u00e9rence de la queue de cheval ou du chignon de la danseuse.\",\"breadcrumb\":{\"@id\":\"https:\\\/\\\/www.ballettodanceshop.com\\\/elastique-invisible-spirale-bachca-paris\\\/#breadcrumb\"},\"inLanguage\":\"en-GB\",\"potentialAction\":[{\"@type\":\"ReadAction\",\"target\":[\"https:\\\/\\\/www.ballettodanceshop.com\\\/elastique-invisible-spirale-bachca-paris\\\/\"]}]},{\"@type\":\"ImageObject\",\"inLanguage\":\"en-GB\",\"@id\":\"https:\\\/\\\/www.ballettodanceshop.com\\\/elastique-invisible-spirale-bachca-paris\\\/#primaryimage\",\"url\":\"https:\\\/\\\/www.ballettodanceshop.com\\\/wp-content\\\/uploads\\\/2025\\\/07\\\/elastiques-invisibles-bachca-paris.webp\",\"contentUrl\":\"https:\\\/\\\/www.ballettodanceshop.com\\\/wp-content\\\/uploads\\\/2025\\\/07\\\/elastiques-invisibles-bachca-paris.webp\",\"width\":1000,\"height\":1000,\"caption\":\"Elastique Spirale Bachca Paris\"},{\"@type\":\"BreadcrumbList\",\"@id\":\"https:\\\/\\\/www.ballettodanceshop.com\\\/elastique-invisible-spirale-bachca-paris\\\/#breadcrumb\",\"itemListElement\":[{\"@type\":\"ListItem\",\"position\":1,\"name\":\"Accueil\",\"item\":\"https:\\\/\\\/www.ballettodanceshop.com\\\/\"},{\"@type\":\"ListItem\",\"position\":2,\"name\":\"Produits\",\"item\":\"https:\\\/\\\/www.ballettodanceshop.com\\\/boutique\\\/\"},{\"@type\":\"ListItem\",\"position\":3,\"name\":\"\u00c9lastique Invisible Spirale Bachca Paris\"}]},{\"@type\":\"WebSite\",\"@id\":\"https:\\\/\\\/www.ballettodanceshop.com\\\/#website\",\"url\":\"https:\\\/\\\/www.ballettodanceshop.com\\\/\",\"name\":\"Balletto Dance Shop\",\"description\":\"Keep Dancing !\",\"publisher\":{\"@id\":\"https:\\\/\\\/www.ballettodanceshop.com\\\/#organization\"},\"alternateName\":\"Balletto\",\"potentialAction\":[{\"@type\":\"SearchAction\",\"target\":{\"@type\":\"EntryPoint\",\"urlTemplate\":\"https:\\\/\\\/www.ballettodanceshop.com\\\/?s={search_term_string}\"},\"query-input\":{\"@type\":\"PropertyValueSpecification\",\"valueRequired\":true,\"valueName\":\"search_term_string\"}}],\"inLanguage\":\"en-GB\"},{\"@type\":\"Organization\",\"@id\":\"https:\\\/\\\/www.ballettodanceshop.com\\\/#organization\",\"name\":\"Balletto Dance Shop\",\"alternateName\":\"Balletto\",\"url\":\"https:\\\/\\\/www.ballettodanceshop.com\\\/\",\"logo\":{\"@type\":\"ImageObject\",\"inLanguage\":\"en-GB\",\"@id\":\"https:\\\/\\\/www.ballettodanceshop.com\\\/#\\\/schema\\\/logo\\\/image\\\/\",\"url\":\"https:\\\/\\\/www.ballettodanceshop.com\\\/wp-content\\\/uploads\\\/2025\\\/06\\\/LOGO-1.png\",\"contentUrl\":\"https:\\\/\\\/www.ballettodanceshop.com\\\/wp-content\\\/uploads\\\/2025\\\/06\\\/LOGO-1.png\",\"width\":508,\"height\":209,\"caption\":\"Balletto Dance Shop\"},\"image\":{\"@id\":\"https:\\\/\\\/www.ballettodanceshop.com\\\/#\\\/schema\\\/logo\\\/image\\\/\"},\"sameAs\":[\"https:\\\/\\\/www.facebook.com\\\/Ballettodanceshop\\\/\",\"https:\\\/\\\/x.com\\\/ballettodance\",\"https:\\\/\\\/www.tiktok.com\\\/@ballettodanceshop\",\"https:\\\/\\\/fr.linkedin.com\\\/company\\\/ballettodaneshop\",\"https:\\\/\\\/fr.pinterest.com\\\/ballettodanceshop\\\/\",\"https:\\\/\\\/www.threads.com\\\/@ballettodanceshop\",\"https:\\\/\\\/www.instagram.com\\\/ballettodanceshop\\\/\",\"https:\\\/\\\/www.youtube.com\\\/@ballettodanceshop\"]}]}<\/script>\n<!-- \/ Yoast SEO plugin. -->","yoast_head_json":{"title":"Elastic Invisible Spiral Bachca Paris - Balletto Dance Shop","description":"Bachca Paris invisible elastic puts uneven pressure around the circumference of the dancer's ponytail or bun.","robots":{"index":"index","follow":"follow","max-snippet":"max-snippet:-1","max-image-preview":"max-image-preview:large","max-video-preview":"max-video-preview:-1"},"canonical":"https:\/\/www.ballettodanceshop.com\/en\/invisible-spiral-elastic-bachca-paris\/","og_locale":"en_GB","og_type":"article","og_title":"\u00c9lastique Invisible Spirale Bachca Paris - Balletto Dance Shop","og_description":"L\u2019\u00e9lastique invisible Bachca Paris fait pression de fa\u00e7on non uniforme autour de la circonf\u00e9rence de la queue de cheval ou du chignon de la danseuse.","og_url":"https:\/\/www.ballettodanceshop.com\/en\/invisible-spiral-elastic-bachca-paris\/","og_site_name":"Balletto Dance Shop","article_publisher":"https:\/\/www.facebook.com\/Ballettodanceshop\/","article_modified_time":"2025-09-23T16:55:23+00:00","og_image":[{"width":1000,"height":1000,"url":"https:\/\/www.ballettodanceshop.com\/wp-content\/uploads\/2025\/07\/elastiques-invisibles-bachca-paris.webp","type":"image\/webp"}],"twitter_card":"summary_large_image","twitter_site":"@ballettodance","schema":{"@context":"https:\/\/schema.org","@graph":[{"@type":"WebPage","@id":"https:\/\/www.ballettodanceshop.com\/elastique-invisible-spirale-bachca-paris\/","url":"https:\/\/www.ballettodanceshop.com\/elastique-invisible-spirale-bachca-paris\/","name":"Elastic Invisible Spiral Bachca Paris - Balletto Dance Shop","isPartOf":{"@id":"https:\/\/www.ballettodanceshop.com\/#website"},"primaryImageOfPage":{"@id":"https:\/\/www.ballettodanceshop.com\/elastique-invisible-spirale-bachca-paris\/#primaryimage"},"image":{"@id":"https:\/\/www.ballettodanceshop.com\/elastique-invisible-spirale-bachca-paris\/#primaryimage"},"thumbnailUrl":"https:\/\/www.ballettodanceshop.com\/wp-content\/uploads\/2025\/07\/elastiques-invisibles-bachca-paris.webp","datePublished":"2020-06-30T10:21:21+00:00","dateModified":"2025-09-23T16:55:23+00:00","description":"Bachca Paris invisible elastic puts uneven pressure around the circumference of the dancer's ponytail or bun.","breadcrumb":{"@id":"https:\/\/www.ballettodanceshop.com\/elastique-invisible-spirale-bachca-paris\/#breadcrumb"},"inLanguage":"en-GB","potentialAction":[{"@type":"ReadAction","target":["https:\/\/www.ballettodanceshop.com\/elastique-invisible-spirale-bachca-paris\/"]}]},{"@type":"ImageObject","inLanguage":"en-GB","@id":"https:\/\/www.ballettodanceshop.com\/elastique-invisible-spirale-bachca-paris\/#primaryimage","url":"https:\/\/www.ballettodanceshop.com\/wp-content\/uploads\/2025\/07\/elastiques-invisibles-bachca-paris.webp","contentUrl":"https:\/\/www.ballettodanceshop.com\/wp-content\/uploads\/2025\/07\/elastiques-invisibles-bachca-paris.webp","width":1000,"height":1000,"caption":"Elastique Spirale Bachca Paris"},{"@type":"BreadcrumbList","@id":"https:\/\/www.ballettodanceshop.com\/elastique-invisible-spirale-bachca-paris\/#breadcrumb","itemListElement":[{"@type":"ListItem","position":1,"name":"Accueil","item":"https:\/\/www.ballettodanceshop.com\/"},{"@type":"ListItem","position":2,"name":"Produits","item":"https:\/\/www.ballettodanceshop.com\/boutique\/"},{"@type":"ListItem","position":3,"name":"\u00c9lastique Invisible Spirale Bachca Paris"}]},{"@type":"WebSite","@id":"https:\/\/www.ballettodanceshop.com\/#website","url":"https:\/\/www.ballettodanceshop.com\/","name":"Balletto Dance Shop","description":"Keep Dancing!","publisher":{"@id":"https:\/\/www.ballettodanceshop.com\/#organization"},"alternateName":"Balletto","potentialAction":[{"@type":"SearchAction","target":{"@type":"EntryPoint","urlTemplate":"https:\/\/www.ballettodanceshop.com\/?s={search_term_string}"},"query-input":{"@type":"PropertyValueSpecification","valueRequired":true,"valueName":"search_term_string"}}],"inLanguage":"en-GB"},{"@type":"Organization","@id":"https:\/\/www.ballettodanceshop.com\/#organization","name":"Balletto Dance Shop","alternateName":"Balletto","url":"https:\/\/www.ballettodanceshop.com\/","logo":{"@type":"ImageObject","inLanguage":"en-GB","@id":"https:\/\/www.ballettodanceshop.com\/#\/schema\/logo\/image\/","url":"https:\/\/www.ballettodanceshop.com\/wp-content\/uploads\/2025\/06\/LOGO-1.png","contentUrl":"https:\/\/www.ballettodanceshop.com\/wp-content\/uploads\/2025\/06\/LOGO-1.png","width":508,"height":209,"caption":"Balletto Dance Shop"},"image":{"@id":"https:\/\/www.ballettodanceshop.com\/#\/schema\/logo\/image\/"},"sameAs":["https:\/\/www.facebook.com\/Ballettodanceshop\/","https:\/\/x.com\/ballettodance","https:\/\/www.tiktok.com\/@ballettodanceshop","https:\/\/fr.linkedin.com\/company\/ballettodaneshop","https:\/\/fr.pinterest.com\/ballettodanceshop\/","https:\/\/www.threads.com\/@ballettodanceshop","https:\/\/www.instagram.com\/ballettodanceshop\/","https:\/\/www.youtube.com\/@ballettodanceshop"]}]}},"_links":{"self":[{"href":"https:\/\/www.ballettodanceshop.com\/en\/wp-json\/wp\/v2\/product\/52528","targetHints":{"allow":["GET"]}}],"collection":[{"href":"https:\/\/www.ballettodanceshop.com\/en\/wp-json\/wp\/v2\/product"}],"about":[{"href":"https:\/\/www.ballettodanceshop.com\/en\/wp-json\/wp\/v2\/types\/product"}],"replies":[{"embeddable":true,"href":"https:\/\/www.ballettodanceshop.com\/en\/wp-json\/wp\/v2\/comments?post=52528"}],"wp:featuredmedia":[{"embeddable":true,"href":"https:\/\/www.ballettodanceshop.com\/en\/wp-json\/wp\/v2\/media\/4869"}],"wp:attachment":[{"href":"https:\/\/www.ballettodanceshop.com\/en\/wp-json\/wp\/v2\/media?parent=52528"}],"wp:term":[{"taxonomy":"product_brand","embeddable":true,"href":"https:\/\/www.ballettodanceshop.com\/en\/wp-json\/wp\/v2\/product_brand?post=52528"},{"taxonomy":"product_cat","embeddable":true,"href":"https:\/\/www.ballettodanceshop.com\/en\/wp-json\/wp\/v2\/product_cat?post=52528"},{"taxonomy":"product_tag","embeddable":true,"href":"https:\/\/www.ballettodanceshop.com\/en\/wp-json\/wp\/v2\/product_tag?post=52528"}],"curies":[{"name":"wp","href":"https:\/\/api.w.org\/{rel}","templated":true}]}}