{"id":52527,"date":"2020-06-30T12:13:23","date_gmt":"2020-06-30T10:13:23","guid":{"rendered":"https:\/\/www.ballettodanceshop.com\/elastiques-epais-noirs-bachca-paris\/"},"modified":"2025-08-24T17:44:02","modified_gmt":"2025-08-24T15:44:02","slug":"thick-black-elastics-bachca-paris","status":"publish","type":"product","link":"https:\/\/www.ballettodanceshop.com\/en\/elastiques-epais-noirs-bachca-paris\/","title":{"rendered":"Thick Black Elastics Bachca Paris"},"content":{"rendered":"<p><strong>Thick Black Elastics Bachca Paris<\/strong><\/p>\n<p>Tr\u00e8s r\u00e9sistants, ces \u00e9lastiques noir \u00e9pais conviennent \u00e0 tous les types de cheveux.<br \/>\nThese soft colours appeal to adults and children alike!<\/p>\n<p>9 elastic bands are included in this elegant little pack from French brand Bachca.<\/p>","protected":false},"excerpt":{"rendered":"<p><strong>Balletto Dance Shop<\/strong> has selected a very Parisian line of accessories for its dancers - pure, refined and chic.<\/p>\n<p>Available in black tones and adorned with a copper-coloured lurex thread, the elastic bands for the <strong>hair<\/strong> of our <strong>dancers<\/strong>can be used in all circumstances.<\/p>\n<p>Tr\u00e8s r\u00e9sistants, ces \u00e9lastiques noir \u00e9pais conviennent \u00e0 tous les types de cheveux.<\/p>\n<p>9 rubber bands are included in this elegant little package from the French brand <strong>Bachca Paris<\/strong><\/p>","protected":false},"featured_media":4867,"comment_status":"open","ping_status":"open","template":"","meta":{"_acf_changed":false},"product_brand":[],"product_cat":[104,98,66,67,111,103,154,338,65,19,25,62,97],"product_tag":[786],"class_list":{"0":"post-52527","1":"product","2":"type-product","3":"status-publish","4":"has-post-thumbnail","6":"product_cat-accessoires-athleisure","7":"product_cat-accessoires-contemporain","8":"product_cat-accessoires-classique-filles","9":"product_cat-accessoires","10":"product_cat-athleisure-yoga-gym-pilates-filles","11":"product_cat-athleisure","12":"product_cat-beaute-bien-etre","13":"product_cat-beaute-bien-etre-filles","14":"product_cat-classique-filles","15":"product_cat-femmes","16":"product_cat-filles","17":"product_cat-classique","18":"product_cat-contemporain","19":"product_tag-livraison-24-a-48h","21":"first","22":"instock","23":"taxable","24":"shipping-taxable","25":"purchasable","26":"product-type-simple"},"acf":[],"yoast_head":"<!-- This site is optimized with the Yoast SEO plugin v27.4 - https:\/\/yoast.com\/product\/yoast-seo-wordpress\/ -->\n<title>\u00c9lastiques \u00c9pais Noirs Bachca Paris - Balletto Dance Shop<\/title>\n<meta name=\"description\" content=\"D\u00e9clin\u00e9s en noir et orn\u00e9s d\u2019un fil lurex cuivr\u00e9, les \u00e9lastiques pour les cheveux des danseuses BACHCA PARIS peuvent \u00eatre utilis\u00e9s en toutes circonstances.\" \/>\n<meta name=\"robots\" content=\"index, follow, max-snippet:-1, max-image-preview:large, max-video-preview:-1\" \/>\n<link rel=\"canonical\" href=\"https:\/\/www.ballettodanceshop.com\/en\/thick-black-elastics-bachca-paris\/\" \/>\n<meta property=\"og:locale\" content=\"en_GB\" \/>\n<meta property=\"og:type\" content=\"article\" \/>\n<meta property=\"og:title\" content=\"\u00c9lastiques \u00c9pais Noirs Bachca Paris - Balletto Dance Shop\" \/>\n<meta property=\"og:description\" content=\"D\u00e9clin\u00e9s en noir et orn\u00e9s d\u2019un fil lurex cuivr\u00e9, les \u00e9lastiques pour les cheveux des danseuses BACHCA PARIS peuvent \u00eatre utilis\u00e9s en toutes circonstances.\" \/>\n<meta property=\"og:url\" content=\"https:\/\/www.ballettodanceshop.com\/en\/thick-black-elastics-bachca-paris\/\" \/>\n<meta property=\"og:site_name\" content=\"Balletto Dance Shop\" \/>\n<meta property=\"article:publisher\" content=\"https:\/\/www.facebook.com\/Ballettodanceshop\/\" \/>\n<meta property=\"article:modified_time\" content=\"2025-08-24T15:44:02+00:00\" \/>\n<meta property=\"og:image\" content=\"https:\/\/www.ballettodanceshop.com\/wp-content\/uploads\/2025\/07\/elastiques-epais-noirs-Bachca-Paris.webp\" \/>\n\t<meta property=\"og:image:width\" content=\"750\" \/>\n\t<meta property=\"og:image:height\" content=\"750\" \/>\n\t<meta property=\"og:image:type\" content=\"image\/webp\" \/>\n<meta name=\"twitter:card\" content=\"summary_large_image\" \/>\n<meta name=\"twitter:site\" content=\"@ballettodance\" \/>\n<script type=\"application\/ld+json\" class=\"yoast-schema-graph\">{\"@context\":\"https:\\\/\\\/schema.org\",\"@graph\":[{\"@type\":\"WebPage\",\"@id\":\"https:\\\/\\\/www.ballettodanceshop.com\\\/elastiques-epais-noirs-bachca-paris\\\/\",\"url\":\"https:\\\/\\\/www.ballettodanceshop.com\\\/elastiques-epais-noirs-bachca-paris\\\/\",\"name\":\"\u00c9lastiques \u00c9pais Noirs Bachca Paris - Balletto Dance Shop\",\"isPartOf\":{\"@id\":\"https:\\\/\\\/www.ballettodanceshop.com\\\/#website\"},\"primaryImageOfPage\":{\"@id\":\"https:\\\/\\\/www.ballettodanceshop.com\\\/elastiques-epais-noirs-bachca-paris\\\/#primaryimage\"},\"image\":{\"@id\":\"https:\\\/\\\/www.ballettodanceshop.com\\\/elastiques-epais-noirs-bachca-paris\\\/#primaryimage\"},\"thumbnailUrl\":\"https:\\\/\\\/www.ballettodanceshop.com\\\/wp-content\\\/uploads\\\/2025\\\/07\\\/elastiques-epais-noirs-Bachca-Paris.webp\",\"datePublished\":\"2020-06-30T10:13:23+00:00\",\"dateModified\":\"2025-08-24T15:44:02+00:00\",\"description\":\"D\u00e9clin\u00e9s en noir et orn\u00e9s d\u2019un fil lurex cuivr\u00e9, les \u00e9lastiques pour les cheveux des danseuses BACHCA PARIS peuvent \u00eatre utilis\u00e9s en toutes circonstances.\",\"breadcrumb\":{\"@id\":\"https:\\\/\\\/www.ballettodanceshop.com\\\/elastiques-epais-noirs-bachca-paris\\\/#breadcrumb\"},\"inLanguage\":\"en-GB\",\"potentialAction\":[{\"@type\":\"ReadAction\",\"target\":[\"https:\\\/\\\/www.ballettodanceshop.com\\\/elastiques-epais-noirs-bachca-paris\\\/\"]}]},{\"@type\":\"ImageObject\",\"inLanguage\":\"en-GB\",\"@id\":\"https:\\\/\\\/www.ballettodanceshop.com\\\/elastiques-epais-noirs-bachca-paris\\\/#primaryimage\",\"url\":\"https:\\\/\\\/www.ballettodanceshop.com\\\/wp-content\\\/uploads\\\/2025\\\/07\\\/elastiques-epais-noirs-Bachca-Paris.webp\",\"contentUrl\":\"https:\\\/\\\/www.ballettodanceshop.com\\\/wp-content\\\/uploads\\\/2025\\\/07\\\/elastiques-epais-noirs-Bachca-Paris.webp\",\"width\":750,\"height\":750,\"caption\":\"Elastiques Cheveux Epais Bachca Paris\"},{\"@type\":\"BreadcrumbList\",\"@id\":\"https:\\\/\\\/www.ballettodanceshop.com\\\/elastiques-epais-noirs-bachca-paris\\\/#breadcrumb\",\"itemListElement\":[{\"@type\":\"ListItem\",\"position\":1,\"name\":\"Accueil\",\"item\":\"https:\\\/\\\/www.ballettodanceshop.com\\\/\"},{\"@type\":\"ListItem\",\"position\":2,\"name\":\"Produits\",\"item\":\"https:\\\/\\\/www.ballettodanceshop.com\\\/boutique\\\/\"},{\"@type\":\"ListItem\",\"position\":3,\"name\":\"\u00c9lastiques \u00c9pais Noirs Bachca Paris\"}]},{\"@type\":\"WebSite\",\"@id\":\"https:\\\/\\\/www.ballettodanceshop.com\\\/#website\",\"url\":\"https:\\\/\\\/www.ballettodanceshop.com\\\/\",\"name\":\"Balletto Dance Shop\",\"description\":\"Keep Dancing !\",\"publisher\":{\"@id\":\"https:\\\/\\\/www.ballettodanceshop.com\\\/#organization\"},\"alternateName\":\"Balletto\",\"potentialAction\":[{\"@type\":\"SearchAction\",\"target\":{\"@type\":\"EntryPoint\",\"urlTemplate\":\"https:\\\/\\\/www.ballettodanceshop.com\\\/?s={search_term_string}\"},\"query-input\":{\"@type\":\"PropertyValueSpecification\",\"valueRequired\":true,\"valueName\":\"search_term_string\"}}],\"inLanguage\":\"en-GB\"},{\"@type\":\"Organization\",\"@id\":\"https:\\\/\\\/www.ballettodanceshop.com\\\/#organization\",\"name\":\"Balletto Dance Shop\",\"alternateName\":\"Balletto\",\"url\":\"https:\\\/\\\/www.ballettodanceshop.com\\\/\",\"logo\":{\"@type\":\"ImageObject\",\"inLanguage\":\"en-GB\",\"@id\":\"https:\\\/\\\/www.ballettodanceshop.com\\\/#\\\/schema\\\/logo\\\/image\\\/\",\"url\":\"https:\\\/\\\/www.ballettodanceshop.com\\\/wp-content\\\/uploads\\\/2025\\\/06\\\/LOGO-1.png\",\"contentUrl\":\"https:\\\/\\\/www.ballettodanceshop.com\\\/wp-content\\\/uploads\\\/2025\\\/06\\\/LOGO-1.png\",\"width\":508,\"height\":209,\"caption\":\"Balletto Dance Shop\"},\"image\":{\"@id\":\"https:\\\/\\\/www.ballettodanceshop.com\\\/#\\\/schema\\\/logo\\\/image\\\/\"},\"sameAs\":[\"https:\\\/\\\/www.facebook.com\\\/Ballettodanceshop\\\/\",\"https:\\\/\\\/x.com\\\/ballettodance\",\"https:\\\/\\\/www.tiktok.com\\\/@ballettodanceshop\",\"https:\\\/\\\/fr.linkedin.com\\\/company\\\/ballettodaneshop\",\"https:\\\/\\\/fr.pinterest.com\\\/ballettodanceshop\\\/\",\"https:\\\/\\\/www.threads.com\\\/@ballettodanceshop\",\"https:\\\/\\\/www.instagram.com\\\/ballettodanceshop\\\/\",\"https:\\\/\\\/www.youtube.com\\\/@ballettodanceshop\"]}]}<\/script>\n<!-- \/ Yoast SEO plugin. -->","yoast_head_json":{"title":"Thick Black Elastics Bachca Paris - Balletto Dance Shop","description":"Available in black and adorned with a copper-coloured lurex thread, the hair elastics for BACHCA PARIS dancers can be used in all circumstances.","robots":{"index":"index","follow":"follow","max-snippet":"max-snippet:-1","max-image-preview":"max-image-preview:large","max-video-preview":"max-video-preview:-1"},"canonical":"https:\/\/www.ballettodanceshop.com\/en\/thick-black-elastics-bachca-paris\/","og_locale":"en_GB","og_type":"article","og_title":"\u00c9lastiques \u00c9pais Noirs Bachca Paris - Balletto Dance Shop","og_description":"D\u00e9clin\u00e9s en noir et orn\u00e9s d\u2019un fil lurex cuivr\u00e9, les \u00e9lastiques pour les cheveux des danseuses BACHCA PARIS peuvent \u00eatre utilis\u00e9s en toutes circonstances.","og_url":"https:\/\/www.ballettodanceshop.com\/en\/thick-black-elastics-bachca-paris\/","og_site_name":"Balletto Dance Shop","article_publisher":"https:\/\/www.facebook.com\/Ballettodanceshop\/","article_modified_time":"2025-08-24T15:44:02+00:00","og_image":[{"width":750,"height":750,"url":"https:\/\/www.ballettodanceshop.com\/wp-content\/uploads\/2025\/07\/elastiques-epais-noirs-Bachca-Paris.webp","type":"image\/webp"}],"twitter_card":"summary_large_image","twitter_site":"@ballettodance","schema":{"@context":"https:\/\/schema.org","@graph":[{"@type":"WebPage","@id":"https:\/\/www.ballettodanceshop.com\/elastiques-epais-noirs-bachca-paris\/","url":"https:\/\/www.ballettodanceshop.com\/elastiques-epais-noirs-bachca-paris\/","name":"Thick Black Elastics Bachca Paris - Balletto Dance Shop","isPartOf":{"@id":"https:\/\/www.ballettodanceshop.com\/#website"},"primaryImageOfPage":{"@id":"https:\/\/www.ballettodanceshop.com\/elastiques-epais-noirs-bachca-paris\/#primaryimage"},"image":{"@id":"https:\/\/www.ballettodanceshop.com\/elastiques-epais-noirs-bachca-paris\/#primaryimage"},"thumbnailUrl":"https:\/\/www.ballettodanceshop.com\/wp-content\/uploads\/2025\/07\/elastiques-epais-noirs-Bachca-Paris.webp","datePublished":"2020-06-30T10:13:23+00:00","dateModified":"2025-08-24T15:44:02+00:00","description":"Available in black and adorned with a copper-coloured lurex thread, the hair elastics for BACHCA PARIS dancers can be used in all circumstances.","breadcrumb":{"@id":"https:\/\/www.ballettodanceshop.com\/elastiques-epais-noirs-bachca-paris\/#breadcrumb"},"inLanguage":"en-GB","potentialAction":[{"@type":"ReadAction","target":["https:\/\/www.ballettodanceshop.com\/elastiques-epais-noirs-bachca-paris\/"]}]},{"@type":"ImageObject","inLanguage":"en-GB","@id":"https:\/\/www.ballettodanceshop.com\/elastiques-epais-noirs-bachca-paris\/#primaryimage","url":"https:\/\/www.ballettodanceshop.com\/wp-content\/uploads\/2025\/07\/elastiques-epais-noirs-Bachca-Paris.webp","contentUrl":"https:\/\/www.ballettodanceshop.com\/wp-content\/uploads\/2025\/07\/elastiques-epais-noirs-Bachca-Paris.webp","width":750,"height":750,"caption":"Elastiques Cheveux Epais Bachca Paris"},{"@type":"BreadcrumbList","@id":"https:\/\/www.ballettodanceshop.com\/elastiques-epais-noirs-bachca-paris\/#breadcrumb","itemListElement":[{"@type":"ListItem","position":1,"name":"Accueil","item":"https:\/\/www.ballettodanceshop.com\/"},{"@type":"ListItem","position":2,"name":"Produits","item":"https:\/\/www.ballettodanceshop.com\/boutique\/"},{"@type":"ListItem","position":3,"name":"\u00c9lastiques \u00c9pais Noirs Bachca Paris"}]},{"@type":"WebSite","@id":"https:\/\/www.ballettodanceshop.com\/#website","url":"https:\/\/www.ballettodanceshop.com\/","name":"Balletto Dance Shop","description":"Keep Dancing!","publisher":{"@id":"https:\/\/www.ballettodanceshop.com\/#organization"},"alternateName":"Balletto","potentialAction":[{"@type":"SearchAction","target":{"@type":"EntryPoint","urlTemplate":"https:\/\/www.ballettodanceshop.com\/?s={search_term_string}"},"query-input":{"@type":"PropertyValueSpecification","valueRequired":true,"valueName":"search_term_string"}}],"inLanguage":"en-GB"},{"@type":"Organization","@id":"https:\/\/www.ballettodanceshop.com\/#organization","name":"Balletto Dance Shop","alternateName":"Balletto","url":"https:\/\/www.ballettodanceshop.com\/","logo":{"@type":"ImageObject","inLanguage":"en-GB","@id":"https:\/\/www.ballettodanceshop.com\/#\/schema\/logo\/image\/","url":"https:\/\/www.ballettodanceshop.com\/wp-content\/uploads\/2025\/06\/LOGO-1.png","contentUrl":"https:\/\/www.ballettodanceshop.com\/wp-content\/uploads\/2025\/06\/LOGO-1.png","width":508,"height":209,"caption":"Balletto Dance Shop"},"image":{"@id":"https:\/\/www.ballettodanceshop.com\/#\/schema\/logo\/image\/"},"sameAs":["https:\/\/www.facebook.com\/Ballettodanceshop\/","https:\/\/x.com\/ballettodance","https:\/\/www.tiktok.com\/@ballettodanceshop","https:\/\/fr.linkedin.com\/company\/ballettodaneshop","https:\/\/fr.pinterest.com\/ballettodanceshop\/","https:\/\/www.threads.com\/@ballettodanceshop","https:\/\/www.instagram.com\/ballettodanceshop\/","https:\/\/www.youtube.com\/@ballettodanceshop"]}]}},"_links":{"self":[{"href":"https:\/\/www.ballettodanceshop.com\/en\/wp-json\/wp\/v2\/product\/52527","targetHints":{"allow":["GET"]}}],"collection":[{"href":"https:\/\/www.ballettodanceshop.com\/en\/wp-json\/wp\/v2\/product"}],"about":[{"href":"https:\/\/www.ballettodanceshop.com\/en\/wp-json\/wp\/v2\/types\/product"}],"replies":[{"embeddable":true,"href":"https:\/\/www.ballettodanceshop.com\/en\/wp-json\/wp\/v2\/comments?post=52527"}],"wp:featuredmedia":[{"embeddable":true,"href":"https:\/\/www.ballettodanceshop.com\/en\/wp-json\/wp\/v2\/media\/4867"}],"wp:attachment":[{"href":"https:\/\/www.ballettodanceshop.com\/en\/wp-json\/wp\/v2\/media?parent=52527"}],"wp:term":[{"taxonomy":"product_brand","embeddable":true,"href":"https:\/\/www.ballettodanceshop.com\/en\/wp-json\/wp\/v2\/product_brand?post=52527"},{"taxonomy":"product_cat","embeddable":true,"href":"https:\/\/www.ballettodanceshop.com\/en\/wp-json\/wp\/v2\/product_cat?post=52527"},{"taxonomy":"product_tag","embeddable":true,"href":"https:\/\/www.ballettodanceshop.com\/en\/wp-json\/wp\/v2\/product_tag?post=52527"}],"curies":[{"name":"wp","href":"https:\/\/api.w.org\/{rel}","templated":true}]}}