{"id":52424,"date":"2020-05-31T23:26:31","date_gmt":"2020-05-31T21:26:31","guid":{"rendered":"https:\/\/www.ballettodanceshop.com\/justaucorps-lulli-dancewear-nikita-lulli-dancewear-justaucorps-danse-manches-courtes-justaucorps-de-luxe-magasin-danse\/"},"modified":"2025-08-24T17:43:40","modified_gmt":"2025-08-24T15:43:40","slug":"leotard-lulli-dancewear-nikita-lulli-dancewear-justaucorps-danse-manches-courtes-justaucorps-de-luxe-magasin-danse","status":"publish","type":"product","link":"https:\/\/www.ballettodanceshop.com\/en\/justaucorps-lulli-dancewear-nikita-lulli-dancewear-justaucorps-danse-manches-courtes-justaucorps-de-luxe-magasin-danse\/","title":{"rendered":"Leotard Lulli Dancewear Nikita"},"content":{"rendered":"<p>Leotard Lulli Dancewear Nikita<\/p>\n<p>Composition: 92% Tactel, 8% Spandex<\/p>","protected":false},"excerpt":{"rendered":"<p>Lulli Dancewear Nikita leotard.<\/p>\n<p>Top of the range, fully lined microfibre with an integrated bra for extra support. Raglan sleeves, mid-low cut at the back trimmed with a discreet wick on the shoulders and around the back.<\/p>\n<p>Dancers are sure to appreciate the elegance and comfort of this leotard. <strong>Lulli Dancewear<\/strong>.<\/p>\n<p>Composition: 92% Tactel, 8% Spandex<\/p>","protected":false},"featured_media":4686,"comment_status":"open","ping_status":"open","template":"","meta":{"_acf_changed":false},"product_brand":[],"product_cat":[103,65,19,25,554,144,561,272,273,62],"product_tag":[789],"class_list":{"0":"post-52424","1":"product","2":"type-product","3":"status-publish","4":"has-post-thumbnail","6":"product_cat-athleisure","7":"product_cat-classique-filles","8":"product_cat-femmes","9":"product_cat-filles","10":"product_cat-jupes-jupettes-classique-filles","11":"product_cat-justaucorps-tuniques","12":"product_cat-lulli-dancewear","13":"product_cat-promotions","14":"product_cat-promotions-femmes","15":"product_cat-classique","16":"product_tag-livraison-sous-1-semaine","18":"first","19":"instock","20":"sale","21":"taxable","22":"shipping-taxable","23":"purchasable","24":"product-type-variable"},"acf":[],"yoast_head":"<!-- This site is optimized with the Yoast SEO plugin v27.4 - https:\/\/yoast.com\/product\/yoast-seo-wordpress\/ -->\n<title>Justaucorps Lulli Dancewear Nikita - Balletto Dance Shop<\/title>\n<meta name=\"description\" content=\"Justaucorps Lulli Dancewear Nikita. Haut de gamme avec des mati\u00e8res nobles et tr\u00e8s confortables. Exclusivit\u00e9 Balletto Dance Shop Bordeaux 25, Rue Condillac.\" \/>\n<meta name=\"robots\" content=\"index, follow, max-snippet:-1, max-image-preview:large, max-video-preview:-1\" \/>\n<link rel=\"canonical\" href=\"https:\/\/www.ballettodanceshop.com\/en\/leotard-lulli-dancewear-nikita-lulli-dancewear-justaucorps-danse-manches-courtes-justaucorps-de-luxe-magasin-danse\/\" \/>\n<meta property=\"og:locale\" content=\"en_GB\" \/>\n<meta property=\"og:type\" content=\"article\" \/>\n<meta property=\"og:title\" content=\"Justaucorps Lulli Dancewear Nikita - Balletto Dance Shop\" \/>\n<meta property=\"og:description\" content=\"Justaucorps Lulli Dancewear Nikita. Haut de gamme avec des mati\u00e8res nobles et tr\u00e8s confortables. Exclusivit\u00e9 Balletto Dance Shop Bordeaux 25, Rue Condillac.\" \/>\n<meta property=\"og:url\" content=\"https:\/\/www.ballettodanceshop.com\/en\/leotard-lulli-dancewear-nikita-lulli-dancewear-justaucorps-danse-manches-courtes-justaucorps-de-luxe-magasin-danse\/\" \/>\n<meta property=\"og:site_name\" content=\"Balletto Dance Shop\" \/>\n<meta property=\"article:publisher\" content=\"https:\/\/www.facebook.com\/Ballettodanceshop\/\" \/>\n<meta property=\"article:modified_time\" content=\"2025-08-24T15:43:40+00:00\" \/>\n<meta property=\"og:image\" content=\"https:\/\/www.ballettodanceshop.com\/wp-content\/uploads\/2025\/07\/LUB348-women-yoke-mesh-cap-sleeve-dance-leotard-nikita.jpg\" \/>\n\t<meta property=\"og:image:width\" content=\"969\" \/>\n\t<meta property=\"og:image:height\" content=\"1200\" \/>\n\t<meta property=\"og:image:type\" content=\"image\/jpeg\" \/>\n<meta name=\"twitter:card\" content=\"summary_large_image\" \/>\n<meta name=\"twitter:site\" content=\"@ballettodance\" \/>\n<script type=\"application\/ld+json\" class=\"yoast-schema-graph\">{\"@context\":\"https:\\\/\\\/schema.org\",\"@graph\":[{\"@type\":\"WebPage\",\"@id\":\"https:\\\/\\\/www.ballettodanceshop.com\\\/justaucorps-lulli-dancewear-nikita-lulli-dancewear-justaucorps-danse-manches-courtes-justaucorps-de-luxe-magasin-danse\\\/\",\"url\":\"https:\\\/\\\/www.ballettodanceshop.com\\\/justaucorps-lulli-dancewear-nikita-lulli-dancewear-justaucorps-danse-manches-courtes-justaucorps-de-luxe-magasin-danse\\\/\",\"name\":\"Justaucorps Lulli Dancewear Nikita - Balletto Dance Shop\",\"isPartOf\":{\"@id\":\"https:\\\/\\\/www.ballettodanceshop.com\\\/#website\"},\"primaryImageOfPage\":{\"@id\":\"https:\\\/\\\/www.ballettodanceshop.com\\\/justaucorps-lulli-dancewear-nikita-lulli-dancewear-justaucorps-danse-manches-courtes-justaucorps-de-luxe-magasin-danse\\\/#primaryimage\"},\"image\":{\"@id\":\"https:\\\/\\\/www.ballettodanceshop.com\\\/justaucorps-lulli-dancewear-nikita-lulli-dancewear-justaucorps-danse-manches-courtes-justaucorps-de-luxe-magasin-danse\\\/#primaryimage\"},\"thumbnailUrl\":\"https:\\\/\\\/www.ballettodanceshop.com\\\/wp-content\\\/uploads\\\/2025\\\/07\\\/LUB348-women-yoke-mesh-cap-sleeve-dance-leotard-nikita.jpg\",\"datePublished\":\"2020-05-31T21:26:31+00:00\",\"dateModified\":\"2025-08-24T15:43:40+00:00\",\"description\":\"Justaucorps Lulli Dancewear Nikita. Haut de gamme avec des mati\u00e8res nobles et tr\u00e8s confortables. Exclusivit\u00e9 Balletto Dance Shop Bordeaux 25, Rue Condillac.\",\"breadcrumb\":{\"@id\":\"https:\\\/\\\/www.ballettodanceshop.com\\\/justaucorps-lulli-dancewear-nikita-lulli-dancewear-justaucorps-danse-manches-courtes-justaucorps-de-luxe-magasin-danse\\\/#breadcrumb\"},\"inLanguage\":\"en-GB\",\"potentialAction\":[{\"@type\":\"ReadAction\",\"target\":[\"https:\\\/\\\/www.ballettodanceshop.com\\\/justaucorps-lulli-dancewear-nikita-lulli-dancewear-justaucorps-danse-manches-courtes-justaucorps-de-luxe-magasin-danse\\\/\"]}]},{\"@type\":\"ImageObject\",\"inLanguage\":\"en-GB\",\"@id\":\"https:\\\/\\\/www.ballettodanceshop.com\\\/justaucorps-lulli-dancewear-nikita-lulli-dancewear-justaucorps-danse-manches-courtes-justaucorps-de-luxe-magasin-danse\\\/#primaryimage\",\"url\":\"https:\\\/\\\/www.ballettodanceshop.com\\\/wp-content\\\/uploads\\\/2025\\\/07\\\/LUB348-women-yoke-mesh-cap-sleeve-dance-leotard-nikita.jpg\",\"contentUrl\":\"https:\\\/\\\/www.ballettodanceshop.com\\\/wp-content\\\/uploads\\\/2025\\\/07\\\/LUB348-women-yoke-mesh-cap-sleeve-dance-leotard-nikita.jpg\",\"width\":969,\"height\":1200,\"caption\":\"Women Yoke Mesh Cap Sleeve Dance Leotard Nikita\"},{\"@type\":\"BreadcrumbList\",\"@id\":\"https:\\\/\\\/www.ballettodanceshop.com\\\/justaucorps-lulli-dancewear-nikita-lulli-dancewear-justaucorps-danse-manches-courtes-justaucorps-de-luxe-magasin-danse\\\/#breadcrumb\",\"itemListElement\":[{\"@type\":\"ListItem\",\"position\":1,\"name\":\"Accueil\",\"item\":\"https:\\\/\\\/www.ballettodanceshop.com\\\/\"},{\"@type\":\"ListItem\",\"position\":2,\"name\":\"Produits\",\"item\":\"https:\\\/\\\/www.ballettodanceshop.com\\\/boutique\\\/\"},{\"@type\":\"ListItem\",\"position\":3,\"name\":\"Justaucorps Lulli Dancewear Nikita\"}]},{\"@type\":\"WebSite\",\"@id\":\"https:\\\/\\\/www.ballettodanceshop.com\\\/#website\",\"url\":\"https:\\\/\\\/www.ballettodanceshop.com\\\/\",\"name\":\"Balletto Dance Shop\",\"description\":\"Keep Dancing !\",\"publisher\":{\"@id\":\"https:\\\/\\\/www.ballettodanceshop.com\\\/#organization\"},\"alternateName\":\"Balletto\",\"potentialAction\":[{\"@type\":\"SearchAction\",\"target\":{\"@type\":\"EntryPoint\",\"urlTemplate\":\"https:\\\/\\\/www.ballettodanceshop.com\\\/?s={search_term_string}\"},\"query-input\":{\"@type\":\"PropertyValueSpecification\",\"valueRequired\":true,\"valueName\":\"search_term_string\"}}],\"inLanguage\":\"en-GB\"},{\"@type\":\"Organization\",\"@id\":\"https:\\\/\\\/www.ballettodanceshop.com\\\/#organization\",\"name\":\"Balletto Dance Shop\",\"alternateName\":\"Balletto\",\"url\":\"https:\\\/\\\/www.ballettodanceshop.com\\\/\",\"logo\":{\"@type\":\"ImageObject\",\"inLanguage\":\"en-GB\",\"@id\":\"https:\\\/\\\/www.ballettodanceshop.com\\\/#\\\/schema\\\/logo\\\/image\\\/\",\"url\":\"https:\\\/\\\/www.ballettodanceshop.com\\\/wp-content\\\/uploads\\\/2025\\\/06\\\/LOGO-1.png\",\"contentUrl\":\"https:\\\/\\\/www.ballettodanceshop.com\\\/wp-content\\\/uploads\\\/2025\\\/06\\\/LOGO-1.png\",\"width\":508,\"height\":209,\"caption\":\"Balletto Dance Shop\"},\"image\":{\"@id\":\"https:\\\/\\\/www.ballettodanceshop.com\\\/#\\\/schema\\\/logo\\\/image\\\/\"},\"sameAs\":[\"https:\\\/\\\/www.facebook.com\\\/Ballettodanceshop\\\/\",\"https:\\\/\\\/x.com\\\/ballettodance\",\"https:\\\/\\\/www.tiktok.com\\\/@ballettodanceshop\",\"https:\\\/\\\/fr.linkedin.com\\\/company\\\/ballettodaneshop\",\"https:\\\/\\\/fr.pinterest.com\\\/ballettodanceshop\\\/\",\"https:\\\/\\\/www.threads.com\\\/@ballettodanceshop\",\"https:\\\/\\\/www.instagram.com\\\/ballettodanceshop\\\/\",\"https:\\\/\\\/www.youtube.com\\\/@ballettodanceshop\"]}]}<\/script>\n<!-- \/ Yoast SEO plugin. -->","yoast_head_json":{"title":"Leotard Lulli Dancewear Nikita - Balletto Dance Shop","description":"Lulli Dancewear Nikita leotard. Top of the range with noble and very comfortable materials. Exclusive to Balletto Dance Shop Bordeaux 25, Rue Condillac.","robots":{"index":"index","follow":"follow","max-snippet":"max-snippet:-1","max-image-preview":"max-image-preview:large","max-video-preview":"max-video-preview:-1"},"canonical":"https:\/\/www.ballettodanceshop.com\/en\/leotard-lulli-dancewear-nikita-lulli-dancewear-justaucorps-danse-manches-courtes-justaucorps-de-luxe-magasin-danse\/","og_locale":"en_GB","og_type":"article","og_title":"Justaucorps Lulli Dancewear Nikita - Balletto Dance Shop","og_description":"Justaucorps Lulli Dancewear Nikita. Haut de gamme avec des mati\u00e8res nobles et tr\u00e8s confortables. Exclusivit\u00e9 Balletto Dance Shop Bordeaux 25, Rue Condillac.","og_url":"https:\/\/www.ballettodanceshop.com\/en\/leotard-lulli-dancewear-nikita-lulli-dancewear-justaucorps-danse-manches-courtes-justaucorps-de-luxe-magasin-danse\/","og_site_name":"Balletto Dance Shop","article_publisher":"https:\/\/www.facebook.com\/Ballettodanceshop\/","article_modified_time":"2025-08-24T15:43:40+00:00","og_image":[{"width":969,"height":1200,"url":"https:\/\/www.ballettodanceshop.com\/wp-content\/uploads\/2025\/07\/LUB348-women-yoke-mesh-cap-sleeve-dance-leotard-nikita.jpg","type":"image\/jpeg"}],"twitter_card":"summary_large_image","twitter_site":"@ballettodance","schema":{"@context":"https:\/\/schema.org","@graph":[{"@type":"WebPage","@id":"https:\/\/www.ballettodanceshop.com\/justaucorps-lulli-dancewear-nikita-lulli-dancewear-justaucorps-danse-manches-courtes-justaucorps-de-luxe-magasin-danse\/","url":"https:\/\/www.ballettodanceshop.com\/justaucorps-lulli-dancewear-nikita-lulli-dancewear-justaucorps-danse-manches-courtes-justaucorps-de-luxe-magasin-danse\/","name":"Leotard Lulli Dancewear Nikita - Balletto Dance Shop","isPartOf":{"@id":"https:\/\/www.ballettodanceshop.com\/#website"},"primaryImageOfPage":{"@id":"https:\/\/www.ballettodanceshop.com\/justaucorps-lulli-dancewear-nikita-lulli-dancewear-justaucorps-danse-manches-courtes-justaucorps-de-luxe-magasin-danse\/#primaryimage"},"image":{"@id":"https:\/\/www.ballettodanceshop.com\/justaucorps-lulli-dancewear-nikita-lulli-dancewear-justaucorps-danse-manches-courtes-justaucorps-de-luxe-magasin-danse\/#primaryimage"},"thumbnailUrl":"https:\/\/www.ballettodanceshop.com\/wp-content\/uploads\/2025\/07\/LUB348-women-yoke-mesh-cap-sleeve-dance-leotard-nikita.jpg","datePublished":"2020-05-31T21:26:31+00:00","dateModified":"2025-08-24T15:43:40+00:00","description":"Lulli Dancewear Nikita leotard. Top of the range with noble and very comfortable materials. Exclusive to Balletto Dance Shop Bordeaux 25, Rue Condillac.","breadcrumb":{"@id":"https:\/\/www.ballettodanceshop.com\/justaucorps-lulli-dancewear-nikita-lulli-dancewear-justaucorps-danse-manches-courtes-justaucorps-de-luxe-magasin-danse\/#breadcrumb"},"inLanguage":"en-GB","potentialAction":[{"@type":"ReadAction","target":["https:\/\/www.ballettodanceshop.com\/justaucorps-lulli-dancewear-nikita-lulli-dancewear-justaucorps-danse-manches-courtes-justaucorps-de-luxe-magasin-danse\/"]}]},{"@type":"ImageObject","inLanguage":"en-GB","@id":"https:\/\/www.ballettodanceshop.com\/justaucorps-lulli-dancewear-nikita-lulli-dancewear-justaucorps-danse-manches-courtes-justaucorps-de-luxe-magasin-danse\/#primaryimage","url":"https:\/\/www.ballettodanceshop.com\/wp-content\/uploads\/2025\/07\/LUB348-women-yoke-mesh-cap-sleeve-dance-leotard-nikita.jpg","contentUrl":"https:\/\/www.ballettodanceshop.com\/wp-content\/uploads\/2025\/07\/LUB348-women-yoke-mesh-cap-sleeve-dance-leotard-nikita.jpg","width":969,"height":1200,"caption":"Women Yoke Mesh Cap Sleeve Dance Leotard Nikita"},{"@type":"BreadcrumbList","@id":"https:\/\/www.ballettodanceshop.com\/justaucorps-lulli-dancewear-nikita-lulli-dancewear-justaucorps-danse-manches-courtes-justaucorps-de-luxe-magasin-danse\/#breadcrumb","itemListElement":[{"@type":"ListItem","position":1,"name":"Accueil","item":"https:\/\/www.ballettodanceshop.com\/"},{"@type":"ListItem","position":2,"name":"Produits","item":"https:\/\/www.ballettodanceshop.com\/boutique\/"},{"@type":"ListItem","position":3,"name":"Justaucorps Lulli Dancewear Nikita"}]},{"@type":"WebSite","@id":"https:\/\/www.ballettodanceshop.com\/#website","url":"https:\/\/www.ballettodanceshop.com\/","name":"Balletto Dance Shop","description":"Keep Dancing!","publisher":{"@id":"https:\/\/www.ballettodanceshop.com\/#organization"},"alternateName":"Balletto","potentialAction":[{"@type":"SearchAction","target":{"@type":"EntryPoint","urlTemplate":"https:\/\/www.ballettodanceshop.com\/?s={search_term_string}"},"query-input":{"@type":"PropertyValueSpecification","valueRequired":true,"valueName":"search_term_string"}}],"inLanguage":"en-GB"},{"@type":"Organization","@id":"https:\/\/www.ballettodanceshop.com\/#organization","name":"Balletto Dance Shop","alternateName":"Balletto","url":"https:\/\/www.ballettodanceshop.com\/","logo":{"@type":"ImageObject","inLanguage":"en-GB","@id":"https:\/\/www.ballettodanceshop.com\/#\/schema\/logo\/image\/","url":"https:\/\/www.ballettodanceshop.com\/wp-content\/uploads\/2025\/06\/LOGO-1.png","contentUrl":"https:\/\/www.ballettodanceshop.com\/wp-content\/uploads\/2025\/06\/LOGO-1.png","width":508,"height":209,"caption":"Balletto Dance Shop"},"image":{"@id":"https:\/\/www.ballettodanceshop.com\/#\/schema\/logo\/image\/"},"sameAs":["https:\/\/www.facebook.com\/Ballettodanceshop\/","https:\/\/x.com\/ballettodance","https:\/\/www.tiktok.com\/@ballettodanceshop","https:\/\/fr.linkedin.com\/company\/ballettodaneshop","https:\/\/fr.pinterest.com\/ballettodanceshop\/","https:\/\/www.threads.com\/@ballettodanceshop","https:\/\/www.instagram.com\/ballettodanceshop\/","https:\/\/www.youtube.com\/@ballettodanceshop"]}]}},"_links":{"self":[{"href":"https:\/\/www.ballettodanceshop.com\/en\/wp-json\/wp\/v2\/product\/52424","targetHints":{"allow":["GET"]}}],"collection":[{"href":"https:\/\/www.ballettodanceshop.com\/en\/wp-json\/wp\/v2\/product"}],"about":[{"href":"https:\/\/www.ballettodanceshop.com\/en\/wp-json\/wp\/v2\/types\/product"}],"replies":[{"embeddable":true,"href":"https:\/\/www.ballettodanceshop.com\/en\/wp-json\/wp\/v2\/comments?post=52424"}],"wp:featuredmedia":[{"embeddable":true,"href":"https:\/\/www.ballettodanceshop.com\/en\/wp-json\/wp\/v2\/media\/4686"}],"wp:attachment":[{"href":"https:\/\/www.ballettodanceshop.com\/en\/wp-json\/wp\/v2\/media?parent=52424"}],"wp:term":[{"taxonomy":"product_brand","embeddable":true,"href":"https:\/\/www.ballettodanceshop.com\/en\/wp-json\/wp\/v2\/product_brand?post=52424"},{"taxonomy":"product_cat","embeddable":true,"href":"https:\/\/www.ballettodanceshop.com\/en\/wp-json\/wp\/v2\/product_cat?post=52424"},{"taxonomy":"product_tag","embeddable":true,"href":"https:\/\/www.ballettodanceshop.com\/en\/wp-json\/wp\/v2\/product_tag?post=52424"}],"curies":[{"name":"wp","href":"https:\/\/api.w.org\/{rel}","templated":true}]}}