{"id":52193,"date":"2020-05-31T20:19:44","date_gmt":"2020-05-31T18:19:44","guid":{"rendered":"https:\/\/www.ballettodanceshop.com\/rubans-pour-pointes-en-coton-wear-moi\/"},"modified":"2025-08-24T17:43:24","modified_gmt":"2025-08-24T15:43:24","slug":"ribbons-for-cotton-tips-wear-moi","status":"publish","type":"product","link":"https:\/\/www.ballettodanceshop.com\/en\/rubans-pour-pointes-en-coton-wear-moi\/","title":{"rendered":"Wear Moi Cotton Point Ribbons"},"content":{"rendered":"<p><strong>Wear Moi Cotton Point Ribbons (DIV56)<\/strong><\/p>\n<p>Con\u00e7us en France<\/p>","protected":false},"excerpt":{"rendered":"<p>Very soft cotton ribbons for <strong>tips<\/strong> or <strong>half-point<\/strong> of the French brand <strong>Wear Moi<\/strong>.<\/p>\n<p>Ces rubans en coton sont d\u00e9j\u00e0 pr\u00e9 d\u00e9coup\u00e9s pour vous faciliter la tache et vous permettre de danser sans perdre du temps. De qualit\u00e9 Premium, rassurez vous, ces rubans pour pointes ne glisseront pas sur vos collants et ne s\u2019effilocheront pas.<\/p>\n<p>Measurements: 2m x 2.2 cm (for a pair of slippers)<\/p>","protected":false},"featured_media":4403,"comment_status":"open","ping_status":"open","template":"","meta":{"_acf_changed":false},"product_brand":[],"product_cat":[66,67,65,19,25,62,398],"product_tag":[786],"class_list":{"0":"post-52193","1":"product","2":"type-product","3":"status-publish","4":"has-post-thumbnail","6":"product_cat-accessoires-classique-filles","7":"product_cat-accessoires","8":"product_cat-classique-filles","9":"product_cat-femmes","10":"product_cat-filles","11":"product_cat-classique","12":"product_cat-wear-moi","13":"product_tag-livraison-24-a-48h","15":"first","16":"instock","17":"taxable","18":"shipping-taxable","19":"purchasable","20":"product-type-simple"},"acf":[],"yoast_head":"<!-- This site is optimized with the Yoast SEO plugin v27.4 - https:\/\/yoast.com\/product\/yoast-seo-wordpress\/ -->\n<title>Rubans Pour Pointes en Coton Wear Moi - Balletto Dance Shop<\/title>\n<meta name=\"description\" content=\"Notre boutique propose une large gamme d&#039;articles et accessoires de danse. D\u00e9couvrez nos Rubans Wear Moi pour Pointes en Coton biodegradable.\" \/>\n<meta name=\"robots\" content=\"index, follow, max-snippet:-1, max-image-preview:large, max-video-preview:-1\" \/>\n<link rel=\"canonical\" href=\"https:\/\/www.ballettodanceshop.com\/en\/ribbons-for-cotton-tips-wear-moi\/\" \/>\n<meta property=\"og:locale\" content=\"en_GB\" \/>\n<meta property=\"og:type\" content=\"article\" \/>\n<meta property=\"og:title\" content=\"Rubans Pour Pointes en Coton Wear Moi - Balletto Dance Shop\" \/>\n<meta property=\"og:description\" content=\"Notre boutique propose une large gamme d&#039;articles et accessoires de danse. D\u00e9couvrez nos Rubans Wear Moi pour Pointes en Coton biodegradable.\" \/>\n<meta property=\"og:url\" content=\"https:\/\/www.ballettodanceshop.com\/en\/ribbons-for-cotton-tips-wear-moi\/\" \/>\n<meta property=\"og:site_name\" content=\"Balletto Dance Shop\" \/>\n<meta property=\"article:publisher\" content=\"https:\/\/www.facebook.com\/Ballettodanceshop\/\" \/>\n<meta property=\"article:modified_time\" content=\"2025-08-24T15:43:24+00:00\" \/>\n<meta property=\"og:image\" content=\"https:\/\/www.ballettodanceshop.com\/wp-content\/uploads\/2025\/07\/wearmoi_ruban-coton.jpg\" \/>\n\t<meta property=\"og:image:width\" content=\"1336\" \/>\n\t<meta property=\"og:image:height\" content=\"2000\" \/>\n\t<meta property=\"og:image:type\" content=\"image\/jpeg\" \/>\n<meta name=\"twitter:card\" content=\"summary_large_image\" \/>\n<meta name=\"twitter:site\" content=\"@ballettodance\" \/>\n<script type=\"application\/ld+json\" class=\"yoast-schema-graph\">{\"@context\":\"https:\\\/\\\/schema.org\",\"@graph\":[{\"@type\":\"WebPage\",\"@id\":\"https:\\\/\\\/www.ballettodanceshop.com\\\/rubans-pour-pointes-en-coton-wear-moi\\\/\",\"url\":\"https:\\\/\\\/www.ballettodanceshop.com\\\/rubans-pour-pointes-en-coton-wear-moi\\\/\",\"name\":\"Rubans Pour Pointes en Coton Wear Moi - Balletto Dance Shop\",\"isPartOf\":{\"@id\":\"https:\\\/\\\/www.ballettodanceshop.com\\\/#website\"},\"primaryImageOfPage\":{\"@id\":\"https:\\\/\\\/www.ballettodanceshop.com\\\/rubans-pour-pointes-en-coton-wear-moi\\\/#primaryimage\"},\"image\":{\"@id\":\"https:\\\/\\\/www.ballettodanceshop.com\\\/rubans-pour-pointes-en-coton-wear-moi\\\/#primaryimage\"},\"thumbnailUrl\":\"https:\\\/\\\/www.ballettodanceshop.com\\\/wp-content\\\/uploads\\\/2025\\\/07\\\/wearmoi_ruban-coton.jpg\",\"datePublished\":\"2020-05-31T18:19:44+00:00\",\"dateModified\":\"2025-08-24T15:43:24+00:00\",\"description\":\"Notre boutique propose une large gamme d'articles et accessoires de danse. D\u00e9couvrez nos Rubans Wear Moi pour Pointes en Coton biodegradable.\",\"breadcrumb\":{\"@id\":\"https:\\\/\\\/www.ballettodanceshop.com\\\/rubans-pour-pointes-en-coton-wear-moi\\\/#breadcrumb\"},\"inLanguage\":\"en-GB\",\"potentialAction\":[{\"@type\":\"ReadAction\",\"target\":[\"https:\\\/\\\/www.ballettodanceshop.com\\\/rubans-pour-pointes-en-coton-wear-moi\\\/\"]}]},{\"@type\":\"ImageObject\",\"inLanguage\":\"en-GB\",\"@id\":\"https:\\\/\\\/www.ballettodanceshop.com\\\/rubans-pour-pointes-en-coton-wear-moi\\\/#primaryimage\",\"url\":\"https:\\\/\\\/www.ballettodanceshop.com\\\/wp-content\\\/uploads\\\/2025\\\/07\\\/wearmoi_ruban-coton.jpg\",\"contentUrl\":\"https:\\\/\\\/www.ballettodanceshop.com\\\/wp-content\\\/uploads\\\/2025\\\/07\\\/wearmoi_ruban-coton.jpg\",\"width\":1336,\"height\":2000,\"caption\":\"Rubans Coton Pour Pointes Wear Moi\"},{\"@type\":\"BreadcrumbList\",\"@id\":\"https:\\\/\\\/www.ballettodanceshop.com\\\/rubans-pour-pointes-en-coton-wear-moi\\\/#breadcrumb\",\"itemListElement\":[{\"@type\":\"ListItem\",\"position\":1,\"name\":\"Accueil\",\"item\":\"https:\\\/\\\/www.ballettodanceshop.com\\\/\"},{\"@type\":\"ListItem\",\"position\":2,\"name\":\"Produits\",\"item\":\"https:\\\/\\\/www.ballettodanceshop.com\\\/boutique\\\/\"},{\"@type\":\"ListItem\",\"position\":3,\"name\":\"Rubans Pour Pointes en Coton Wear Moi\"}]},{\"@type\":\"WebSite\",\"@id\":\"https:\\\/\\\/www.ballettodanceshop.com\\\/#website\",\"url\":\"https:\\\/\\\/www.ballettodanceshop.com\\\/\",\"name\":\"Balletto Dance Shop\",\"description\":\"Keep Dancing !\",\"publisher\":{\"@id\":\"https:\\\/\\\/www.ballettodanceshop.com\\\/#organization\"},\"alternateName\":\"Balletto\",\"potentialAction\":[{\"@type\":\"SearchAction\",\"target\":{\"@type\":\"EntryPoint\",\"urlTemplate\":\"https:\\\/\\\/www.ballettodanceshop.com\\\/?s={search_term_string}\"},\"query-input\":{\"@type\":\"PropertyValueSpecification\",\"valueRequired\":true,\"valueName\":\"search_term_string\"}}],\"inLanguage\":\"en-GB\"},{\"@type\":\"Organization\",\"@id\":\"https:\\\/\\\/www.ballettodanceshop.com\\\/#organization\",\"name\":\"Balletto Dance Shop\",\"alternateName\":\"Balletto\",\"url\":\"https:\\\/\\\/www.ballettodanceshop.com\\\/\",\"logo\":{\"@type\":\"ImageObject\",\"inLanguage\":\"en-GB\",\"@id\":\"https:\\\/\\\/www.ballettodanceshop.com\\\/#\\\/schema\\\/logo\\\/image\\\/\",\"url\":\"https:\\\/\\\/www.ballettodanceshop.com\\\/wp-content\\\/uploads\\\/2025\\\/06\\\/LOGO-1.png\",\"contentUrl\":\"https:\\\/\\\/www.ballettodanceshop.com\\\/wp-content\\\/uploads\\\/2025\\\/06\\\/LOGO-1.png\",\"width\":508,\"height\":209,\"caption\":\"Balletto Dance Shop\"},\"image\":{\"@id\":\"https:\\\/\\\/www.ballettodanceshop.com\\\/#\\\/schema\\\/logo\\\/image\\\/\"},\"sameAs\":[\"https:\\\/\\\/www.facebook.com\\\/Ballettodanceshop\\\/\",\"https:\\\/\\\/x.com\\\/ballettodance\",\"https:\\\/\\\/www.tiktok.com\\\/@ballettodanceshop\",\"https:\\\/\\\/fr.linkedin.com\\\/company\\\/ballettodaneshop\",\"https:\\\/\\\/fr.pinterest.com\\\/ballettodanceshop\\\/\",\"https:\\\/\\\/www.threads.com\\\/@ballettodanceshop\",\"https:\\\/\\\/www.instagram.com\\\/ballettodanceshop\\\/\",\"https:\\\/\\\/www.youtube.com\\\/@ballettodanceshop\"]}]}<\/script>\n<!-- \/ Yoast SEO plugin. -->","yoast_head_json":{"title":"Wear Moi Cotton Toe Ribbons - Balletto Dance Shop","description":"Our shop offers a wide range of dance items and accessories. Discover our Wear Moi ribbons for pointe shoes in biodegradable cotton.","robots":{"index":"index","follow":"follow","max-snippet":"max-snippet:-1","max-image-preview":"max-image-preview:large","max-video-preview":"max-video-preview:-1"},"canonical":"https:\/\/www.ballettodanceshop.com\/en\/ribbons-for-cotton-tips-wear-moi\/","og_locale":"en_GB","og_type":"article","og_title":"Rubans Pour Pointes en Coton Wear Moi - Balletto Dance Shop","og_description":"Notre boutique propose une large gamme d'articles et accessoires de danse. D\u00e9couvrez nos Rubans Wear Moi pour Pointes en Coton biodegradable.","og_url":"https:\/\/www.ballettodanceshop.com\/en\/ribbons-for-cotton-tips-wear-moi\/","og_site_name":"Balletto Dance Shop","article_publisher":"https:\/\/www.facebook.com\/Ballettodanceshop\/","article_modified_time":"2025-08-24T15:43:24+00:00","og_image":[{"width":1336,"height":2000,"url":"https:\/\/www.ballettodanceshop.com\/wp-content\/uploads\/2025\/07\/wearmoi_ruban-coton.jpg","type":"image\/jpeg"}],"twitter_card":"summary_large_image","twitter_site":"@ballettodance","schema":{"@context":"https:\/\/schema.org","@graph":[{"@type":"WebPage","@id":"https:\/\/www.ballettodanceshop.com\/rubans-pour-pointes-en-coton-wear-moi\/","url":"https:\/\/www.ballettodanceshop.com\/rubans-pour-pointes-en-coton-wear-moi\/","name":"Wear Moi Cotton Toe Ribbons - Balletto Dance Shop","isPartOf":{"@id":"https:\/\/www.ballettodanceshop.com\/#website"},"primaryImageOfPage":{"@id":"https:\/\/www.ballettodanceshop.com\/rubans-pour-pointes-en-coton-wear-moi\/#primaryimage"},"image":{"@id":"https:\/\/www.ballettodanceshop.com\/rubans-pour-pointes-en-coton-wear-moi\/#primaryimage"},"thumbnailUrl":"https:\/\/www.ballettodanceshop.com\/wp-content\/uploads\/2025\/07\/wearmoi_ruban-coton.jpg","datePublished":"2020-05-31T18:19:44+00:00","dateModified":"2025-08-24T15:43:24+00:00","description":"Our shop offers a wide range of dance items and accessories. Discover our Wear Moi ribbons for pointe shoes in biodegradable cotton.","breadcrumb":{"@id":"https:\/\/www.ballettodanceshop.com\/rubans-pour-pointes-en-coton-wear-moi\/#breadcrumb"},"inLanguage":"en-GB","potentialAction":[{"@type":"ReadAction","target":["https:\/\/www.ballettodanceshop.com\/rubans-pour-pointes-en-coton-wear-moi\/"]}]},{"@type":"ImageObject","inLanguage":"en-GB","@id":"https:\/\/www.ballettodanceshop.com\/rubans-pour-pointes-en-coton-wear-moi\/#primaryimage","url":"https:\/\/www.ballettodanceshop.com\/wp-content\/uploads\/2025\/07\/wearmoi_ruban-coton.jpg","contentUrl":"https:\/\/www.ballettodanceshop.com\/wp-content\/uploads\/2025\/07\/wearmoi_ruban-coton.jpg","width":1336,"height":2000,"caption":"Rubans Coton Pour Pointes Wear Moi"},{"@type":"BreadcrumbList","@id":"https:\/\/www.ballettodanceshop.com\/rubans-pour-pointes-en-coton-wear-moi\/#breadcrumb","itemListElement":[{"@type":"ListItem","position":1,"name":"Accueil","item":"https:\/\/www.ballettodanceshop.com\/"},{"@type":"ListItem","position":2,"name":"Produits","item":"https:\/\/www.ballettodanceshop.com\/boutique\/"},{"@type":"ListItem","position":3,"name":"Rubans Pour Pointes en Coton Wear Moi"}]},{"@type":"WebSite","@id":"https:\/\/www.ballettodanceshop.com\/#website","url":"https:\/\/www.ballettodanceshop.com\/","name":"Balletto Dance Shop","description":"Keep Dancing!","publisher":{"@id":"https:\/\/www.ballettodanceshop.com\/#organization"},"alternateName":"Balletto","potentialAction":[{"@type":"SearchAction","target":{"@type":"EntryPoint","urlTemplate":"https:\/\/www.ballettodanceshop.com\/?s={search_term_string}"},"query-input":{"@type":"PropertyValueSpecification","valueRequired":true,"valueName":"search_term_string"}}],"inLanguage":"en-GB"},{"@type":"Organization","@id":"https:\/\/www.ballettodanceshop.com\/#organization","name":"Balletto Dance Shop","alternateName":"Balletto","url":"https:\/\/www.ballettodanceshop.com\/","logo":{"@type":"ImageObject","inLanguage":"en-GB","@id":"https:\/\/www.ballettodanceshop.com\/#\/schema\/logo\/image\/","url":"https:\/\/www.ballettodanceshop.com\/wp-content\/uploads\/2025\/06\/LOGO-1.png","contentUrl":"https:\/\/www.ballettodanceshop.com\/wp-content\/uploads\/2025\/06\/LOGO-1.png","width":508,"height":209,"caption":"Balletto Dance Shop"},"image":{"@id":"https:\/\/www.ballettodanceshop.com\/#\/schema\/logo\/image\/"},"sameAs":["https:\/\/www.facebook.com\/Ballettodanceshop\/","https:\/\/x.com\/ballettodance","https:\/\/www.tiktok.com\/@ballettodanceshop","https:\/\/fr.linkedin.com\/company\/ballettodaneshop","https:\/\/fr.pinterest.com\/ballettodanceshop\/","https:\/\/www.threads.com\/@ballettodanceshop","https:\/\/www.instagram.com\/ballettodanceshop\/","https:\/\/www.youtube.com\/@ballettodanceshop"]}]}},"_links":{"self":[{"href":"https:\/\/www.ballettodanceshop.com\/en\/wp-json\/wp\/v2\/product\/52193","targetHints":{"allow":["GET"]}}],"collection":[{"href":"https:\/\/www.ballettodanceshop.com\/en\/wp-json\/wp\/v2\/product"}],"about":[{"href":"https:\/\/www.ballettodanceshop.com\/en\/wp-json\/wp\/v2\/types\/product"}],"replies":[{"embeddable":true,"href":"https:\/\/www.ballettodanceshop.com\/en\/wp-json\/wp\/v2\/comments?post=52193"}],"wp:featuredmedia":[{"embeddable":true,"href":"https:\/\/www.ballettodanceshop.com\/en\/wp-json\/wp\/v2\/media\/4403"}],"wp:attachment":[{"href":"https:\/\/www.ballettodanceshop.com\/en\/wp-json\/wp\/v2\/media?parent=52193"}],"wp:term":[{"taxonomy":"product_brand","embeddable":true,"href":"https:\/\/www.ballettodanceshop.com\/en\/wp-json\/wp\/v2\/product_brand?post=52193"},{"taxonomy":"product_cat","embeddable":true,"href":"https:\/\/www.ballettodanceshop.com\/en\/wp-json\/wp\/v2\/product_cat?post=52193"},{"taxonomy":"product_tag","embeddable":true,"href":"https:\/\/www.ballettodanceshop.com\/en\/wp-json\/wp\/v2\/product_tag?post=52193"}],"curies":[{"name":"wp","href":"https:\/\/api.w.org\/{rel}","templated":true}]}}