{"id":52135,"date":"2020-05-31T10:55:26","date_gmt":"2020-05-31T08:55:26","guid":{"rendered":"https:\/\/www.ballettodanceshop.com\/proteges-pointes-wear-moi-embouts-silicone-wear-moi-protege-pointe-wear-moi-wear-moi-div-52\/"},"modified":"2026-04-29T11:23:08","modified_gmt":"2026-04-29T09:23:08","slug":"proteges-pointe-wear-moi-embouts-silicone-wear-moi-protege-pointe-wear-moi-wear-moi-div-52","status":"publish","type":"product","link":"https:\/\/www.ballettodanceshop.com\/en\/proteges-pointes-wear-moi-embouts-silicone-wear-moi-protege-pointe-wear-moi-wear-moi-div-52\/","title":{"rendered":"Wear Moi toe protectors"},"content":{"rendered":"<p><strong>Wear Moi toe protectors<\/strong><\/p>\n<p>Wear Moi DIV52<\/p>\n<p>Silicone<\/p>\n<p>Designed in France<\/p>","protected":false},"excerpt":{"rendered":"<p><strong>Wear Moi toe protectors or silicone tips<\/strong><b>, <\/b>to fit the foot perfectly.<\/p>\n<p>These Pointe Protectors ensure greater comfort in the Pointe de Danse Classique.<\/p>\n<p>They are worn directly on the bare foot, preferably covered by convertible tights.<\/p>\n<p>Ce produit peut \u00eatre port\u00e9 avec les chaussures de villes ferm\u00e9es ou les Sneakers de danse pour plus de protection.<\/p>\n<p>Designed by dancers for dancers.<\/p>","protected":false},"featured_media":4276,"comment_status":"open","ping_status":"closed","template":"","meta":{"_acf_changed":false},"product_brand":[],"product_cat":[66,67,65,1023,19,25,974,1024,62,398],"product_tag":[786],"class_list":{"0":"post-52135","1":"product","2":"type-product","3":"status-publish","4":"has-post-thumbnail","6":"product_cat-accessoires-classique-filles","7":"product_cat-accessoires","8":"product_cat-classique-filles","9":"product_cat-embouts-pointes-danse-classique","10":"product_cat-femmes","11":"product_cat-filles","12":"product_cat-marques","13":"product_cat-protection-pointes-danse-classique","14":"product_cat-classique","15":"product_cat-wear-moi","16":"product_tag-livraison-24-a-48h","18":"first","19":"instock","20":"taxable","21":"shipping-taxable","22":"purchasable","23":"product-type-simple"},"acf":[],"yoast_head":"<!-- This site is optimized with the Yoast SEO plugin v27.4 - https:\/\/yoast.com\/product\/yoast-seo-wordpress\/ -->\n<title>Prot\u00e8ges Pointes Wear Moi - Balletto Dance Shop<\/title>\n<meta name=\"description\" content=\"Prot\u00e8ges Pointes ou Embouts en silicone de la marque de danse Fran\u00e7aise Wear Moi. Produit haut de gamme con\u00e7u par des danseuses. N&#039;irrite pas la peau.\" \/>\n<meta name=\"robots\" content=\"index, follow, max-snippet:-1, max-image-preview:large, max-video-preview:-1\" \/>\n<link rel=\"canonical\" href=\"https:\/\/www.ballettodanceshop.com\/en\/proteges-pointe-wear-moi-embouts-silicone-wear-moi-protege-pointe-wear-moi-wear-moi-div-52\/\" \/>\n<meta property=\"og:locale\" content=\"en_GB\" \/>\n<meta property=\"og:type\" content=\"article\" \/>\n<meta property=\"og:title\" content=\"Prot\u00e8ges Pointes Wear Moi - Balletto Dance Shop\" \/>\n<meta property=\"og:description\" content=\"Prot\u00e8ges Pointes ou Embouts en silicone de la marque de danse Fran\u00e7aise Wear Moi. Produit haut de gamme con\u00e7u par des danseuses. N&#039;irrite pas la peau.\" \/>\n<meta property=\"og:url\" content=\"https:\/\/www.ballettodanceshop.com\/en\/proteges-pointe-wear-moi-embouts-silicone-wear-moi-protege-pointe-wear-moi-wear-moi-div-52\/\" \/>\n<meta property=\"og:site_name\" content=\"Balletto Dance Shop\" \/>\n<meta property=\"article:publisher\" content=\"https:\/\/www.facebook.com\/Ballettodanceshop\/\" \/>\n<meta property=\"article:modified_time\" content=\"2026-04-29T09:23:08+00:00\" \/>\n<meta property=\"og:image\" content=\"https:\/\/www.ballettodanceshop.com\/wp-content\/uploads\/2025\/07\/div52.jpg\" \/>\n\t<meta property=\"og:image:width\" content=\"1336\" \/>\n\t<meta property=\"og:image:height\" content=\"2000\" \/>\n\t<meta property=\"og:image:type\" content=\"image\/jpeg\" \/>\n<meta name=\"twitter:card\" content=\"summary_large_image\" \/>\n<meta name=\"twitter:site\" content=\"@ballettodance\" \/>\n<meta name=\"twitter:label1\" content=\"Estimated reading time\" \/>\n\t<meta name=\"twitter:data1\" content=\"1 minute\" \/>\n<script type=\"application\/ld+json\" class=\"yoast-schema-graph\">{\"@context\":\"https:\\\/\\\/schema.org\",\"@graph\":[{\"@type\":\"WebPage\",\"@id\":\"https:\\\/\\\/www.ballettodanceshop.com\\\/proteges-pointes-wear-moi-embouts-silicone-wear-moi-protege-pointe-wear-moi-wear-moi-div-52\\\/\",\"url\":\"https:\\\/\\\/www.ballettodanceshop.com\\\/proteges-pointes-wear-moi-embouts-silicone-wear-moi-protege-pointe-wear-moi-wear-moi-div-52\\\/\",\"name\":\"Prot\u00e8ges Pointes Wear Moi - Balletto Dance Shop\",\"isPartOf\":{\"@id\":\"https:\\\/\\\/www.ballettodanceshop.com\\\/#website\"},\"primaryImageOfPage\":{\"@id\":\"https:\\\/\\\/www.ballettodanceshop.com\\\/proteges-pointes-wear-moi-embouts-silicone-wear-moi-protege-pointe-wear-moi-wear-moi-div-52\\\/#primaryimage\"},\"image\":{\"@id\":\"https:\\\/\\\/www.ballettodanceshop.com\\\/proteges-pointes-wear-moi-embouts-silicone-wear-moi-protege-pointe-wear-moi-wear-moi-div-52\\\/#primaryimage\"},\"thumbnailUrl\":\"https:\\\/\\\/www.ballettodanceshop.com\\\/wp-content\\\/uploads\\\/2025\\\/07\\\/div52.jpg\",\"datePublished\":\"2020-05-31T08:55:26+00:00\",\"dateModified\":\"2026-04-29T09:23:08+00:00\",\"description\":\"Prot\u00e8ges Pointes ou Embouts en silicone de la marque de danse Fran\u00e7aise Wear Moi. Produit haut de gamme con\u00e7u par des danseuses. N'irrite pas la peau.\",\"breadcrumb\":{\"@id\":\"https:\\\/\\\/www.ballettodanceshop.com\\\/proteges-pointes-wear-moi-embouts-silicone-wear-moi-protege-pointe-wear-moi-wear-moi-div-52\\\/#breadcrumb\"},\"inLanguage\":\"en-GB\",\"potentialAction\":[{\"@type\":\"ReadAction\",\"target\":[\"https:\\\/\\\/www.ballettodanceshop.com\\\/proteges-pointes-wear-moi-embouts-silicone-wear-moi-protege-pointe-wear-moi-wear-moi-div-52\\\/\"]}]},{\"@type\":\"ImageObject\",\"inLanguage\":\"en-GB\",\"@id\":\"https:\\\/\\\/www.ballettodanceshop.com\\\/proteges-pointes-wear-moi-embouts-silicone-wear-moi-protege-pointe-wear-moi-wear-moi-div-52\\\/#primaryimage\",\"url\":\"https:\\\/\\\/www.ballettodanceshop.com\\\/wp-content\\\/uploads\\\/2025\\\/07\\\/div52.jpg\",\"contentUrl\":\"https:\\\/\\\/www.ballettodanceshop.com\\\/wp-content\\\/uploads\\\/2025\\\/07\\\/div52.jpg\",\"width\":1336,\"height\":2000,\"caption\":\"EMBOUTS EN SILICONE pour pointes Wear Moi\"},{\"@type\":\"BreadcrumbList\",\"@id\":\"https:\\\/\\\/www.ballettodanceshop.com\\\/proteges-pointes-wear-moi-embouts-silicone-wear-moi-protege-pointe-wear-moi-wear-moi-div-52\\\/#breadcrumb\",\"itemListElement\":[{\"@type\":\"ListItem\",\"position\":1,\"name\":\"Accueil\",\"item\":\"https:\\\/\\\/www.ballettodanceshop.com\\\/\"},{\"@type\":\"ListItem\",\"position\":2,\"name\":\"Produits\",\"item\":\"https:\\\/\\\/www.ballettodanceshop.com\\\/boutique\\\/\"},{\"@type\":\"ListItem\",\"position\":3,\"name\":\"Prot\u00e8ges Pointes Wear Moi\"}]},{\"@type\":\"WebSite\",\"@id\":\"https:\\\/\\\/www.ballettodanceshop.com\\\/#website\",\"url\":\"https:\\\/\\\/www.ballettodanceshop.com\\\/\",\"name\":\"Balletto Dance Shop\",\"description\":\"Keep Dancing !\",\"publisher\":{\"@id\":\"https:\\\/\\\/www.ballettodanceshop.com\\\/#organization\"},\"alternateName\":\"Balletto\",\"potentialAction\":[{\"@type\":\"SearchAction\",\"target\":{\"@type\":\"EntryPoint\",\"urlTemplate\":\"https:\\\/\\\/www.ballettodanceshop.com\\\/?s={search_term_string}\"},\"query-input\":{\"@type\":\"PropertyValueSpecification\",\"valueRequired\":true,\"valueName\":\"search_term_string\"}}],\"inLanguage\":\"en-GB\"},{\"@type\":\"Organization\",\"@id\":\"https:\\\/\\\/www.ballettodanceshop.com\\\/#organization\",\"name\":\"Balletto Dance Shop\",\"alternateName\":\"Balletto\",\"url\":\"https:\\\/\\\/www.ballettodanceshop.com\\\/\",\"logo\":{\"@type\":\"ImageObject\",\"inLanguage\":\"en-GB\",\"@id\":\"https:\\\/\\\/www.ballettodanceshop.com\\\/#\\\/schema\\\/logo\\\/image\\\/\",\"url\":\"https:\\\/\\\/www.ballettodanceshop.com\\\/wp-content\\\/uploads\\\/2025\\\/06\\\/LOGO-1.png\",\"contentUrl\":\"https:\\\/\\\/www.ballettodanceshop.com\\\/wp-content\\\/uploads\\\/2025\\\/06\\\/LOGO-1.png\",\"width\":508,\"height\":209,\"caption\":\"Balletto Dance Shop\"},\"image\":{\"@id\":\"https:\\\/\\\/www.ballettodanceshop.com\\\/#\\\/schema\\\/logo\\\/image\\\/\"},\"sameAs\":[\"https:\\\/\\\/www.facebook.com\\\/Ballettodanceshop\\\/\",\"https:\\\/\\\/x.com\\\/ballettodance\",\"https:\\\/\\\/www.tiktok.com\\\/@ballettodanceshop\",\"https:\\\/\\\/fr.linkedin.com\\\/company\\\/ballettodaneshop\",\"https:\\\/\\\/fr.pinterest.com\\\/ballettodanceshop\\\/\",\"https:\\\/\\\/www.threads.com\\\/@ballettodanceshop\",\"https:\\\/\\\/www.instagram.com\\\/ballettodanceshop\\\/\",\"https:\\\/\\\/www.youtube.com\\\/@ballettodanceshop\"]}]}<\/script>\n<!-- \/ Yoast SEO plugin. -->","yoast_head_json":{"title":"Wear Moi toe protectors - Balletto Dance Shop","description":"Silicone toe protectors from French dance brand Wear Moi. Top-of-the-range product designed by dancers. Does not irritate the skin.","robots":{"index":"index","follow":"follow","max-snippet":"max-snippet:-1","max-image-preview":"max-image-preview:large","max-video-preview":"max-video-preview:-1"},"canonical":"https:\/\/www.ballettodanceshop.com\/en\/proteges-pointe-wear-moi-embouts-silicone-wear-moi-protege-pointe-wear-moi-wear-moi-div-52\/","og_locale":"en_GB","og_type":"article","og_title":"Prot\u00e8ges Pointes Wear Moi - Balletto Dance Shop","og_description":"Prot\u00e8ges Pointes ou Embouts en silicone de la marque de danse Fran\u00e7aise Wear Moi. Produit haut de gamme con\u00e7u par des danseuses. N'irrite pas la peau.","og_url":"https:\/\/www.ballettodanceshop.com\/en\/proteges-pointe-wear-moi-embouts-silicone-wear-moi-protege-pointe-wear-moi-wear-moi-div-52\/","og_site_name":"Balletto Dance Shop","article_publisher":"https:\/\/www.facebook.com\/Ballettodanceshop\/","article_modified_time":"2026-04-29T09:23:08+00:00","og_image":[{"width":1336,"height":2000,"url":"https:\/\/www.ballettodanceshop.com\/wp-content\/uploads\/2025\/07\/div52.jpg","type":"image\/jpeg"}],"twitter_card":"summary_large_image","twitter_site":"@ballettodance","twitter_misc":{"Estimated reading time":"1 minute"},"schema":{"@context":"https:\/\/schema.org","@graph":[{"@type":"WebPage","@id":"https:\/\/www.ballettodanceshop.com\/proteges-pointes-wear-moi-embouts-silicone-wear-moi-protege-pointe-wear-moi-wear-moi-div-52\/","url":"https:\/\/www.ballettodanceshop.com\/proteges-pointes-wear-moi-embouts-silicone-wear-moi-protege-pointe-wear-moi-wear-moi-div-52\/","name":"Wear Moi toe protectors - Balletto Dance Shop","isPartOf":{"@id":"https:\/\/www.ballettodanceshop.com\/#website"},"primaryImageOfPage":{"@id":"https:\/\/www.ballettodanceshop.com\/proteges-pointes-wear-moi-embouts-silicone-wear-moi-protege-pointe-wear-moi-wear-moi-div-52\/#primaryimage"},"image":{"@id":"https:\/\/www.ballettodanceshop.com\/proteges-pointes-wear-moi-embouts-silicone-wear-moi-protege-pointe-wear-moi-wear-moi-div-52\/#primaryimage"},"thumbnailUrl":"https:\/\/www.ballettodanceshop.com\/wp-content\/uploads\/2025\/07\/div52.jpg","datePublished":"2020-05-31T08:55:26+00:00","dateModified":"2026-04-29T09:23:08+00:00","description":"Silicone toe protectors from French dance brand Wear Moi. Top-of-the-range product designed by dancers. Does not irritate the skin.","breadcrumb":{"@id":"https:\/\/www.ballettodanceshop.com\/proteges-pointes-wear-moi-embouts-silicone-wear-moi-protege-pointe-wear-moi-wear-moi-div-52\/#breadcrumb"},"inLanguage":"en-GB","potentialAction":[{"@type":"ReadAction","target":["https:\/\/www.ballettodanceshop.com\/proteges-pointes-wear-moi-embouts-silicone-wear-moi-protege-pointe-wear-moi-wear-moi-div-52\/"]}]},{"@type":"ImageObject","inLanguage":"en-GB","@id":"https:\/\/www.ballettodanceshop.com\/proteges-pointes-wear-moi-embouts-silicone-wear-moi-protege-pointe-wear-moi-wear-moi-div-52\/#primaryimage","url":"https:\/\/www.ballettodanceshop.com\/wp-content\/uploads\/2025\/07\/div52.jpg","contentUrl":"https:\/\/www.ballettodanceshop.com\/wp-content\/uploads\/2025\/07\/div52.jpg","width":1336,"height":2000,"caption":"EMBOUTS EN SILICONE pour pointes Wear Moi"},{"@type":"BreadcrumbList","@id":"https:\/\/www.ballettodanceshop.com\/proteges-pointes-wear-moi-embouts-silicone-wear-moi-protege-pointe-wear-moi-wear-moi-div-52\/#breadcrumb","itemListElement":[{"@type":"ListItem","position":1,"name":"Accueil","item":"https:\/\/www.ballettodanceshop.com\/"},{"@type":"ListItem","position":2,"name":"Produits","item":"https:\/\/www.ballettodanceshop.com\/boutique\/"},{"@type":"ListItem","position":3,"name":"Prot\u00e8ges Pointes Wear Moi"}]},{"@type":"WebSite","@id":"https:\/\/www.ballettodanceshop.com\/#website","url":"https:\/\/www.ballettodanceshop.com\/","name":"Balletto Dance Shop","description":"Keep Dancing!","publisher":{"@id":"https:\/\/www.ballettodanceshop.com\/#organization"},"alternateName":"Balletto","potentialAction":[{"@type":"SearchAction","target":{"@type":"EntryPoint","urlTemplate":"https:\/\/www.ballettodanceshop.com\/?s={search_term_string}"},"query-input":{"@type":"PropertyValueSpecification","valueRequired":true,"valueName":"search_term_string"}}],"inLanguage":"en-GB"},{"@type":"Organization","@id":"https:\/\/www.ballettodanceshop.com\/#organization","name":"Balletto Dance Shop","alternateName":"Balletto","url":"https:\/\/www.ballettodanceshop.com\/","logo":{"@type":"ImageObject","inLanguage":"en-GB","@id":"https:\/\/www.ballettodanceshop.com\/#\/schema\/logo\/image\/","url":"https:\/\/www.ballettodanceshop.com\/wp-content\/uploads\/2025\/06\/LOGO-1.png","contentUrl":"https:\/\/www.ballettodanceshop.com\/wp-content\/uploads\/2025\/06\/LOGO-1.png","width":508,"height":209,"caption":"Balletto Dance Shop"},"image":{"@id":"https:\/\/www.ballettodanceshop.com\/#\/schema\/logo\/image\/"},"sameAs":["https:\/\/www.facebook.com\/Ballettodanceshop\/","https:\/\/x.com\/ballettodance","https:\/\/www.tiktok.com\/@ballettodanceshop","https:\/\/fr.linkedin.com\/company\/ballettodaneshop","https:\/\/fr.pinterest.com\/ballettodanceshop\/","https:\/\/www.threads.com\/@ballettodanceshop","https:\/\/www.instagram.com\/ballettodanceshop\/","https:\/\/www.youtube.com\/@ballettodanceshop"]}]}},"_links":{"self":[{"href":"https:\/\/www.ballettodanceshop.com\/en\/wp-json\/wp\/v2\/product\/52135","targetHints":{"allow":["GET"]}}],"collection":[{"href":"https:\/\/www.ballettodanceshop.com\/en\/wp-json\/wp\/v2\/product"}],"about":[{"href":"https:\/\/www.ballettodanceshop.com\/en\/wp-json\/wp\/v2\/types\/product"}],"replies":[{"embeddable":true,"href":"https:\/\/www.ballettodanceshop.com\/en\/wp-json\/wp\/v2\/comments?post=52135"}],"wp:featuredmedia":[{"embeddable":true,"href":"https:\/\/www.ballettodanceshop.com\/en\/wp-json\/wp\/v2\/media\/4276"}],"wp:attachment":[{"href":"https:\/\/www.ballettodanceshop.com\/en\/wp-json\/wp\/v2\/media?parent=52135"}],"wp:term":[{"taxonomy":"product_brand","embeddable":true,"href":"https:\/\/www.ballettodanceshop.com\/en\/wp-json\/wp\/v2\/product_brand?post=52135"},{"taxonomy":"product_cat","embeddable":true,"href":"https:\/\/www.ballettodanceshop.com\/en\/wp-json\/wp\/v2\/product_cat?post=52135"},{"taxonomy":"product_tag","embeddable":true,"href":"https:\/\/www.ballettodanceshop.com\/en\/wp-json\/wp\/v2\/product_tag?post=52135"}],"curies":[{"name":"wp","href":"https:\/\/api.w.org\/{rel}","templated":true}]}}