{"id":52130,"date":"2020-05-31T10:55:23","date_gmt":"2020-05-31T08:55:23","guid":{"rendered":"https:\/\/www.ballettodanceshop.com\/brassiere-danse-wear-moi-alias\/"},"modified":"2026-02-17T14:01:02","modified_gmt":"2026-02-17T13:01:02","slug":"brassiere-danse-wear-moi-alias","status":"publish","type":"product","link":"https:\/\/www.ballettodanceshop.com\/en\/brassiere-danse-wear-moi-alias\/","title":{"rendered":"Wear Moi Alias Dance Bra"},"content":{"rendered":"<p><strong>Wear Moi Alias Dance Bra<\/strong><\/p>\n<p>Microfibre underwear<\/p>\n<p>Designed in France<\/p>\n<p>Wash at 30\u00b0, do not use bleach, iron at very low temperature, do not dry clean or tumble dry.<\/p>","protected":false},"excerpt":{"rendered":"<p>Microfibre bra created by French brand Wear Moi, with detachable transparent straps.<\/p>\n<p>Fully lined for excellent support.<\/p>\n<p>Rounded neckline at front and back.<\/p>\n<p>Brassi\u00e8re id\u00e9ale \u00e0 porter telle quelle ou sous un costume.<\/p>\n<p>Some of our customers wear this dance bra as underwear.<\/p>\n<p>A great model for contemporary dance and modern jazz.<\/p>\n<p><strong>Ideal for dance competitions and galas.<\/strong><\/p>","protected":false},"featured_media":4264,"comment_status":"open","ping_status":"closed","template":"","meta":{"_acf_changed":false},"product_brand":[],"product_cat":[103,156,549,465,466,550,467,468,366,65,59,112,113,19,25,109,91,367,362,199,200,368,369,363,62,97,398],"product_tag":[789],"class_list":{"0":"post-52130","1":"product","2":"type-product","3":"status-publish","4":"has-post-thumbnail","6":"product_cat-athleisure","7":"product_cat-best-sellers","8":"product_cat-brassieres","9":"product_cat-brassieres-jazz-filles","10":"product_cat-brassieres-contemporain-filles","11":"product_cat-brassieres-classique-filles","12":"product_cat-brassieres-jazz","13":"product_cat-brassieres-contemporain","14":"product_cat-brassieres-athleisure","15":"product_cat-classique-filles","16":"product_cat-concours-et-galas","17":"product_cat-contemporain-filles","18":"product_cat-danses-latines","19":"product_cat-femmes","20":"product_cat-filles","21":"product_cat-jazz-filles","22":"product_cat-jazz","23":"product_cat-sous-vetements-classique-filles","24":"product_cat-sous-vetements-athleisure","25":"product_cat-sous-vetements-contemporain","26":"product_cat-sous-vetements","27":"product_cat-sous-vetements-contemporain-filles","28":"product_cat-sous-vetements-jazz-filles","29":"product_cat-sous-vetements-danses-latines","30":"product_cat-classique","31":"product_cat-contemporain","32":"product_cat-wear-moi","33":"product_tag-livraison-sous-1-semaine","35":"first","36":"instock","37":"taxable","38":"shipping-taxable","39":"purchasable","40":"product-type-variable"},"acf":[],"yoast_head":"<!-- This site is optimized with the Yoast SEO plugin v27.4 - https:\/\/yoast.com\/product\/yoast-seo-wordpress\/ -->\n<title>Brassi\u00e8re Danse Wear Moi Alias - Balletto Dance Shop<\/title>\n<meta name=\"description\" content=\"Dot\u00e9e de bretelles transparentes d\u00e9tachables et r\u00e9glables. La brassi\u00e8re Wear Moi Alias est id\u00e9ale pour la danse sur sc\u00e8ne mais aussi pour tout sport.\" \/>\n<meta name=\"robots\" content=\"index, follow, max-snippet:-1, max-image-preview:large, max-video-preview:-1\" \/>\n<link rel=\"canonical\" href=\"https:\/\/www.ballettodanceshop.com\/en\/brassiere-danse-wear-moi-alias\/\" \/>\n<meta property=\"og:locale\" content=\"en_GB\" \/>\n<meta property=\"og:type\" content=\"article\" \/>\n<meta property=\"og:title\" content=\"Brassi\u00e8re Danse Wear Moi Alias - Balletto Dance Shop\" \/>\n<meta property=\"og:description\" content=\"Dot\u00e9e de bretelles transparentes d\u00e9tachables et r\u00e9glables. La brassi\u00e8re Wear Moi Alias est id\u00e9ale pour la danse sur sc\u00e8ne mais aussi pour tout sport.\" \/>\n<meta property=\"og:url\" content=\"https:\/\/www.ballettodanceshop.com\/en\/brassiere-danse-wear-moi-alias\/\" \/>\n<meta property=\"og:site_name\" content=\"Balletto Dance Shop\" \/>\n<meta property=\"article:publisher\" content=\"https:\/\/www.facebook.com\/Ballettodanceshop\/\" \/>\n<meta property=\"article:modified_time\" content=\"2026-02-17T13:01:02+00:00\" \/>\n<meta property=\"og:image\" content=\"https:\/\/www.ballettodanceshop.com\/wp-content\/uploads\/2025\/07\/alias_nude_front.jpg\" \/>\n\t<meta property=\"og:image:width\" content=\"1336\" \/>\n\t<meta property=\"og:image:height\" content=\"2000\" \/>\n\t<meta property=\"og:image:type\" content=\"image\/jpeg\" \/>\n<meta name=\"twitter:card\" content=\"summary_large_image\" \/>\n<meta name=\"twitter:site\" content=\"@ballettodance\" \/>\n<meta name=\"twitter:label1\" content=\"Estimated reading time\" \/>\n\t<meta name=\"twitter:data1\" content=\"1 minute\" \/>\n<script type=\"application\/ld+json\" class=\"yoast-schema-graph\">{\"@context\":\"https:\\\/\\\/schema.org\",\"@graph\":[{\"@type\":\"WebPage\",\"@id\":\"https:\\\/\\\/www.ballettodanceshop.com\\\/brassiere-danse-wear-moi-alias\\\/\",\"url\":\"https:\\\/\\\/www.ballettodanceshop.com\\\/brassiere-danse-wear-moi-alias\\\/\",\"name\":\"Brassi\u00e8re Danse Wear Moi Alias - Balletto Dance Shop\",\"isPartOf\":{\"@id\":\"https:\\\/\\\/www.ballettodanceshop.com\\\/#website\"},\"primaryImageOfPage\":{\"@id\":\"https:\\\/\\\/www.ballettodanceshop.com\\\/brassiere-danse-wear-moi-alias\\\/#primaryimage\"},\"image\":{\"@id\":\"https:\\\/\\\/www.ballettodanceshop.com\\\/brassiere-danse-wear-moi-alias\\\/#primaryimage\"},\"thumbnailUrl\":\"https:\\\/\\\/www.ballettodanceshop.com\\\/wp-content\\\/uploads\\\/2025\\\/07\\\/alias_nude_front.jpg\",\"datePublished\":\"2020-05-31T08:55:23+00:00\",\"dateModified\":\"2026-02-17T13:01:02+00:00\",\"description\":\"Dot\u00e9e de bretelles transparentes d\u00e9tachables et r\u00e9glables. La brassi\u00e8re Wear Moi Alias est id\u00e9ale pour la danse sur sc\u00e8ne mais aussi pour tout sport.\",\"breadcrumb\":{\"@id\":\"https:\\\/\\\/www.ballettodanceshop.com\\\/brassiere-danse-wear-moi-alias\\\/#breadcrumb\"},\"inLanguage\":\"en-GB\",\"potentialAction\":[{\"@type\":\"ReadAction\",\"target\":[\"https:\\\/\\\/www.ballettodanceshop.com\\\/brassiere-danse-wear-moi-alias\\\/\"]}]},{\"@type\":\"ImageObject\",\"inLanguage\":\"en-GB\",\"@id\":\"https:\\\/\\\/www.ballettodanceshop.com\\\/brassiere-danse-wear-moi-alias\\\/#primaryimage\",\"url\":\"https:\\\/\\\/www.ballettodanceshop.com\\\/wp-content\\\/uploads\\\/2025\\\/07\\\/alias_nude_front.jpg\",\"contentUrl\":\"https:\\\/\\\/www.ballettodanceshop.com\\\/wp-content\\\/uploads\\\/2025\\\/07\\\/alias_nude_front.jpg\",\"width\":1336,\"height\":2000,\"caption\":\"Brassi\u00e8re soutien gorge Wear Moi Alias\"},{\"@type\":\"BreadcrumbList\",\"@id\":\"https:\\\/\\\/www.ballettodanceshop.com\\\/brassiere-danse-wear-moi-alias\\\/#breadcrumb\",\"itemListElement\":[{\"@type\":\"ListItem\",\"position\":1,\"name\":\"Accueil\",\"item\":\"https:\\\/\\\/www.ballettodanceshop.com\\\/\"},{\"@type\":\"ListItem\",\"position\":2,\"name\":\"Produits\",\"item\":\"https:\\\/\\\/www.ballettodanceshop.com\\\/boutique\\\/\"},{\"@type\":\"ListItem\",\"position\":3,\"name\":\"Brassi\u00e8re Danse Wear Moi Alias\"}]},{\"@type\":\"WebSite\",\"@id\":\"https:\\\/\\\/www.ballettodanceshop.com\\\/#website\",\"url\":\"https:\\\/\\\/www.ballettodanceshop.com\\\/\",\"name\":\"Balletto Dance Shop\",\"description\":\"Keep Dancing !\",\"publisher\":{\"@id\":\"https:\\\/\\\/www.ballettodanceshop.com\\\/#organization\"},\"alternateName\":\"Balletto\",\"potentialAction\":[{\"@type\":\"SearchAction\",\"target\":{\"@type\":\"EntryPoint\",\"urlTemplate\":\"https:\\\/\\\/www.ballettodanceshop.com\\\/?s={search_term_string}\"},\"query-input\":{\"@type\":\"PropertyValueSpecification\",\"valueRequired\":true,\"valueName\":\"search_term_string\"}}],\"inLanguage\":\"en-GB\"},{\"@type\":\"Organization\",\"@id\":\"https:\\\/\\\/www.ballettodanceshop.com\\\/#organization\",\"name\":\"Balletto Dance Shop\",\"alternateName\":\"Balletto\",\"url\":\"https:\\\/\\\/www.ballettodanceshop.com\\\/\",\"logo\":{\"@type\":\"ImageObject\",\"inLanguage\":\"en-GB\",\"@id\":\"https:\\\/\\\/www.ballettodanceshop.com\\\/#\\\/schema\\\/logo\\\/image\\\/\",\"url\":\"https:\\\/\\\/www.ballettodanceshop.com\\\/wp-content\\\/uploads\\\/2025\\\/06\\\/LOGO-1.png\",\"contentUrl\":\"https:\\\/\\\/www.ballettodanceshop.com\\\/wp-content\\\/uploads\\\/2025\\\/06\\\/LOGO-1.png\",\"width\":508,\"height\":209,\"caption\":\"Balletto Dance Shop\"},\"image\":{\"@id\":\"https:\\\/\\\/www.ballettodanceshop.com\\\/#\\\/schema\\\/logo\\\/image\\\/\"},\"sameAs\":[\"https:\\\/\\\/www.facebook.com\\\/Ballettodanceshop\\\/\",\"https:\\\/\\\/x.com\\\/ballettodance\",\"https:\\\/\\\/www.tiktok.com\\\/@ballettodanceshop\",\"https:\\\/\\\/fr.linkedin.com\\\/company\\\/ballettodaneshop\",\"https:\\\/\\\/fr.pinterest.com\\\/ballettodanceshop\\\/\",\"https:\\\/\\\/www.threads.com\\\/@ballettodanceshop\",\"https:\\\/\\\/www.instagram.com\\\/ballettodanceshop\\\/\",\"https:\\\/\\\/www.youtube.com\\\/@ballettodanceshop\"]}]}<\/script>\n<!-- \/ Yoast SEO plugin. -->","yoast_head_json":{"title":"Wear Moi Alias Dance Bra - Balletto Dance Shop","description":"With detachable and adjustable transparent straps. The Wear Moi Alias bra is ideal for dancing on stage, but also for any sport.","robots":{"index":"index","follow":"follow","max-snippet":"max-snippet:-1","max-image-preview":"max-image-preview:large","max-video-preview":"max-video-preview:-1"},"canonical":"https:\/\/www.ballettodanceshop.com\/en\/brassiere-danse-wear-moi-alias\/","og_locale":"en_GB","og_type":"article","og_title":"Brassi\u00e8re Danse Wear Moi Alias - Balletto Dance Shop","og_description":"Dot\u00e9e de bretelles transparentes d\u00e9tachables et r\u00e9glables. La brassi\u00e8re Wear Moi Alias est id\u00e9ale pour la danse sur sc\u00e8ne mais aussi pour tout sport.","og_url":"https:\/\/www.ballettodanceshop.com\/en\/brassiere-danse-wear-moi-alias\/","og_site_name":"Balletto Dance Shop","article_publisher":"https:\/\/www.facebook.com\/Ballettodanceshop\/","article_modified_time":"2026-02-17T13:01:02+00:00","og_image":[{"width":1336,"height":2000,"url":"https:\/\/www.ballettodanceshop.com\/wp-content\/uploads\/2025\/07\/alias_nude_front.jpg","type":"image\/jpeg"}],"twitter_card":"summary_large_image","twitter_site":"@ballettodance","twitter_misc":{"Estimated reading time":"1 minute"},"schema":{"@context":"https:\/\/schema.org","@graph":[{"@type":"WebPage","@id":"https:\/\/www.ballettodanceshop.com\/brassiere-danse-wear-moi-alias\/","url":"https:\/\/www.ballettodanceshop.com\/brassiere-danse-wear-moi-alias\/","name":"Wear Moi Alias Dance Bra - Balletto Dance Shop","isPartOf":{"@id":"https:\/\/www.ballettodanceshop.com\/#website"},"primaryImageOfPage":{"@id":"https:\/\/www.ballettodanceshop.com\/brassiere-danse-wear-moi-alias\/#primaryimage"},"image":{"@id":"https:\/\/www.ballettodanceshop.com\/brassiere-danse-wear-moi-alias\/#primaryimage"},"thumbnailUrl":"https:\/\/www.ballettodanceshop.com\/wp-content\/uploads\/2025\/07\/alias_nude_front.jpg","datePublished":"2020-05-31T08:55:23+00:00","dateModified":"2026-02-17T13:01:02+00:00","description":"With detachable and adjustable transparent straps. The Wear Moi Alias bra is ideal for dancing on stage, but also for any sport.","breadcrumb":{"@id":"https:\/\/www.ballettodanceshop.com\/brassiere-danse-wear-moi-alias\/#breadcrumb"},"inLanguage":"en-GB","potentialAction":[{"@type":"ReadAction","target":["https:\/\/www.ballettodanceshop.com\/brassiere-danse-wear-moi-alias\/"]}]},{"@type":"ImageObject","inLanguage":"en-GB","@id":"https:\/\/www.ballettodanceshop.com\/brassiere-danse-wear-moi-alias\/#primaryimage","url":"https:\/\/www.ballettodanceshop.com\/wp-content\/uploads\/2025\/07\/alias_nude_front.jpg","contentUrl":"https:\/\/www.ballettodanceshop.com\/wp-content\/uploads\/2025\/07\/alias_nude_front.jpg","width":1336,"height":2000,"caption":"Brassi\u00e8re soutien gorge Wear Moi Alias"},{"@type":"BreadcrumbList","@id":"https:\/\/www.ballettodanceshop.com\/brassiere-danse-wear-moi-alias\/#breadcrumb","itemListElement":[{"@type":"ListItem","position":1,"name":"Accueil","item":"https:\/\/www.ballettodanceshop.com\/"},{"@type":"ListItem","position":2,"name":"Produits","item":"https:\/\/www.ballettodanceshop.com\/boutique\/"},{"@type":"ListItem","position":3,"name":"Brassi\u00e8re Danse Wear Moi Alias"}]},{"@type":"WebSite","@id":"https:\/\/www.ballettodanceshop.com\/#website","url":"https:\/\/www.ballettodanceshop.com\/","name":"Balletto Dance Shop","description":"Keep Dancing!","publisher":{"@id":"https:\/\/www.ballettodanceshop.com\/#organization"},"alternateName":"Balletto","potentialAction":[{"@type":"SearchAction","target":{"@type":"EntryPoint","urlTemplate":"https:\/\/www.ballettodanceshop.com\/?s={search_term_string}"},"query-input":{"@type":"PropertyValueSpecification","valueRequired":true,"valueName":"search_term_string"}}],"inLanguage":"en-GB"},{"@type":"Organization","@id":"https:\/\/www.ballettodanceshop.com\/#organization","name":"Balletto Dance Shop","alternateName":"Balletto","url":"https:\/\/www.ballettodanceshop.com\/","logo":{"@type":"ImageObject","inLanguage":"en-GB","@id":"https:\/\/www.ballettodanceshop.com\/#\/schema\/logo\/image\/","url":"https:\/\/www.ballettodanceshop.com\/wp-content\/uploads\/2025\/06\/LOGO-1.png","contentUrl":"https:\/\/www.ballettodanceshop.com\/wp-content\/uploads\/2025\/06\/LOGO-1.png","width":508,"height":209,"caption":"Balletto Dance Shop"},"image":{"@id":"https:\/\/www.ballettodanceshop.com\/#\/schema\/logo\/image\/"},"sameAs":["https:\/\/www.facebook.com\/Ballettodanceshop\/","https:\/\/x.com\/ballettodance","https:\/\/www.tiktok.com\/@ballettodanceshop","https:\/\/fr.linkedin.com\/company\/ballettodaneshop","https:\/\/fr.pinterest.com\/ballettodanceshop\/","https:\/\/www.threads.com\/@ballettodanceshop","https:\/\/www.instagram.com\/ballettodanceshop\/","https:\/\/www.youtube.com\/@ballettodanceshop"]}]}},"_links":{"self":[{"href":"https:\/\/www.ballettodanceshop.com\/en\/wp-json\/wp\/v2\/product\/52130","targetHints":{"allow":["GET"]}}],"collection":[{"href":"https:\/\/www.ballettodanceshop.com\/en\/wp-json\/wp\/v2\/product"}],"about":[{"href":"https:\/\/www.ballettodanceshop.com\/en\/wp-json\/wp\/v2\/types\/product"}],"replies":[{"embeddable":true,"href":"https:\/\/www.ballettodanceshop.com\/en\/wp-json\/wp\/v2\/comments?post=52130"}],"wp:featuredmedia":[{"embeddable":true,"href":"https:\/\/www.ballettodanceshop.com\/en\/wp-json\/wp\/v2\/media\/4264"}],"wp:attachment":[{"href":"https:\/\/www.ballettodanceshop.com\/en\/wp-json\/wp\/v2\/media?parent=52130"}],"wp:term":[{"taxonomy":"product_brand","embeddable":true,"href":"https:\/\/www.ballettodanceshop.com\/en\/wp-json\/wp\/v2\/product_brand?post=52130"},{"taxonomy":"product_cat","embeddable":true,"href":"https:\/\/www.ballettodanceshop.com\/en\/wp-json\/wp\/v2\/product_cat?post=52130"},{"taxonomy":"product_tag","embeddable":true,"href":"https:\/\/www.ballettodanceshop.com\/en\/wp-json\/wp\/v2\/product_tag?post=52130"}],"curies":[{"name":"wp","href":"https:\/\/api.w.org\/{rel}","templated":true}]}}