{"id":51387,"date":"2020-05-31T10:28:29","date_gmt":"2020-05-31T08:28:29","guid":{"rendered":"https:\/\/www.ballettodanceshop.com\/crop-top-en-maille-wear-moi-tulipe\/"},"modified":"2025-08-24T17:40:56","modified_gmt":"2025-08-24T15:40:56","slug":"mesh-crop-top-wear-moi-tulipe","status":"publish","type":"product","link":"https:\/\/www.ballettodanceshop.com\/en\/crop-top-en-maille-wear-moi-tulipe\/","title":{"rendered":"Wear Moi Tulipe Knit Crop Top"},"content":{"rendered":"<p><strong>Wear Moi Tulipe Knit Crop Top<\/strong><\/p>\n<p>Acrylic Elastane knit<\/p>\n<p>Designed in France<\/p>\n<p><strong>This Crop Top runs small.<\/strong><\/p>","protected":false},"excerpt":{"rendered":"<p>A highly original dance warm-up top from the brand <strong>Wear Moi<\/strong>.<\/p>\n<p>Comfortable, cosy stretch knit with scoop neckline. Patchwork pattern.<\/p>\n<p>For your <strong>Yoga<\/strong> or <strong>dance<\/strong>, restez \u00e9l\u00e9gamment au chaud avec ce tr\u00e8s joli haut qui vous arrive au nombril.<\/p>","protected":false},"featured_media":2671,"comment_status":"open","ping_status":"open","template":"","meta":{"_acf_changed":false},"product_brand":[],"product_cat":[103,111,65,114,117,120,19,25,62,308,398],"product_tag":[789,797],"class_list":{"0":"post-51387","1":"product","2":"type-product","3":"status-publish","4":"has-post-thumbnail","6":"product_cat-athleisure","7":"product_cat-athleisure-yoga-gym-pilates-filles","8":"product_cat-classique-filles","9":"product_cat-echauffement","10":"product_cat-echauffements-classique-filles","11":"product_cat-echauffements","12":"product_cat-femmes","13":"product_cat-filles","14":"product_cat-classique","15":"product_cat-tops-athleisure","16":"product_cat-wear-moi","17":"product_tag-livraison-sous-1-semaine","18":"product_tag-tenue-dechauffement-wear-moi","20":"first","21":"instock","22":"taxable","23":"shipping-taxable","24":"purchasable","25":"product-type-variable"},"acf":[],"yoast_head":"<!-- This site is optimized with the Yoast SEO plugin v27.4 - https:\/\/yoast.com\/product\/yoast-seo-wordpress\/ -->\n<title>Crop Top en Maille Wear Moi Tulipe - Balletto Dance Shop<\/title>\n<meta name=\"description\" content=\"Crop Top Maille Wear Moi Tulipe pour l&#039;\u00e9chauffement. Danse, Yoga ou m\u00eame chez soi, ce top assez doux Wear Moi est d&#039;une \u00e9l\u00e9gance rare.\" \/>\n<meta name=\"robots\" content=\"index, follow, max-snippet:-1, max-image-preview:large, max-video-preview:-1\" \/>\n<link rel=\"canonical\" href=\"https:\/\/www.ballettodanceshop.com\/en\/mesh-crop-top-wear-moi-tulipe\/\" \/>\n<meta property=\"og:locale\" content=\"en_GB\" \/>\n<meta property=\"og:type\" content=\"article\" \/>\n<meta property=\"og:title\" content=\"Crop Top en Maille Wear Moi Tulipe - Balletto Dance Shop\" \/>\n<meta property=\"og:description\" content=\"Crop Top Maille Wear Moi Tulipe pour l&#039;\u00e9chauffement. Danse, Yoga ou m\u00eame chez soi, ce top assez doux Wear Moi est d&#039;une \u00e9l\u00e9gance rare.\" \/>\n<meta property=\"og:url\" content=\"https:\/\/www.ballettodanceshop.com\/en\/mesh-crop-top-wear-moi-tulipe\/\" \/>\n<meta property=\"og:site_name\" content=\"Balletto Dance Shop\" \/>\n<meta property=\"article:publisher\" content=\"https:\/\/www.facebook.com\/Ballettodanceshop\/\" \/>\n<meta property=\"article:modified_time\" content=\"2025-08-24T15:40:56+00:00\" \/>\n<meta property=\"og:image\" content=\"https:\/\/www.ballettodanceshop.com\/wp-content\/uploads\/2025\/07\/tulipe_c6_back.jpg\" \/>\n\t<meta property=\"og:image:width\" content=\"1336\" \/>\n\t<meta property=\"og:image:height\" content=\"2000\" \/>\n\t<meta property=\"og:image:type\" content=\"image\/jpeg\" \/>\n<meta name=\"twitter:card\" content=\"summary_large_image\" \/>\n<meta name=\"twitter:site\" content=\"@ballettodance\" \/>\n<script type=\"application\/ld+json\" class=\"yoast-schema-graph\">{\"@context\":\"https:\\\/\\\/schema.org\",\"@graph\":[{\"@type\":\"WebPage\",\"@id\":\"https:\\\/\\\/www.ballettodanceshop.com\\\/crop-top-en-maille-wear-moi-tulipe\\\/\",\"url\":\"https:\\\/\\\/www.ballettodanceshop.com\\\/crop-top-en-maille-wear-moi-tulipe\\\/\",\"name\":\"Crop Top en Maille Wear Moi Tulipe - Balletto Dance Shop\",\"isPartOf\":{\"@id\":\"https:\\\/\\\/www.ballettodanceshop.com\\\/#website\"},\"primaryImageOfPage\":{\"@id\":\"https:\\\/\\\/www.ballettodanceshop.com\\\/crop-top-en-maille-wear-moi-tulipe\\\/#primaryimage\"},\"image\":{\"@id\":\"https:\\\/\\\/www.ballettodanceshop.com\\\/crop-top-en-maille-wear-moi-tulipe\\\/#primaryimage\"},\"thumbnailUrl\":\"https:\\\/\\\/www.ballettodanceshop.com\\\/wp-content\\\/uploads\\\/2025\\\/07\\\/tulipe_c6_back.jpg\",\"datePublished\":\"2020-05-31T08:28:29+00:00\",\"dateModified\":\"2025-08-24T15:40:56+00:00\",\"description\":\"Crop Top Maille Wear Moi Tulipe pour l'\u00e9chauffement. Danse, Yoga ou m\u00eame chez soi, ce top assez doux Wear Moi est d'une \u00e9l\u00e9gance rare.\",\"breadcrumb\":{\"@id\":\"https:\\\/\\\/www.ballettodanceshop.com\\\/crop-top-en-maille-wear-moi-tulipe\\\/#breadcrumb\"},\"inLanguage\":\"en-GB\",\"potentialAction\":[{\"@type\":\"ReadAction\",\"target\":[\"https:\\\/\\\/www.ballettodanceshop.com\\\/crop-top-en-maille-wear-moi-tulipe\\\/\"]}]},{\"@type\":\"ImageObject\",\"inLanguage\":\"en-GB\",\"@id\":\"https:\\\/\\\/www.ballettodanceshop.com\\\/crop-top-en-maille-wear-moi-tulipe\\\/#primaryimage\",\"url\":\"https:\\\/\\\/www.ballettodanceshop.com\\\/wp-content\\\/uploads\\\/2025\\\/07\\\/tulipe_c6_back.jpg\",\"contentUrl\":\"https:\\\/\\\/www.ballettodanceshop.com\\\/wp-content\\\/uploads\\\/2025\\\/07\\\/tulipe_c6_back.jpg\",\"width\":1336,\"height\":2000,\"caption\":\"Wear Moi Tulipe\"},{\"@type\":\"BreadcrumbList\",\"@id\":\"https:\\\/\\\/www.ballettodanceshop.com\\\/crop-top-en-maille-wear-moi-tulipe\\\/#breadcrumb\",\"itemListElement\":[{\"@type\":\"ListItem\",\"position\":1,\"name\":\"Accueil\",\"item\":\"https:\\\/\\\/www.ballettodanceshop.com\\\/\"},{\"@type\":\"ListItem\",\"position\":2,\"name\":\"Produits\",\"item\":\"https:\\\/\\\/www.ballettodanceshop.com\\\/boutique\\\/\"},{\"@type\":\"ListItem\",\"position\":3,\"name\":\"Crop Top en Maille Wear Moi Tulipe\"}]},{\"@type\":\"WebSite\",\"@id\":\"https:\\\/\\\/www.ballettodanceshop.com\\\/#website\",\"url\":\"https:\\\/\\\/www.ballettodanceshop.com\\\/\",\"name\":\"Balletto Dance Shop\",\"description\":\"Keep Dancing !\",\"publisher\":{\"@id\":\"https:\\\/\\\/www.ballettodanceshop.com\\\/#organization\"},\"alternateName\":\"Balletto\",\"potentialAction\":[{\"@type\":\"SearchAction\",\"target\":{\"@type\":\"EntryPoint\",\"urlTemplate\":\"https:\\\/\\\/www.ballettodanceshop.com\\\/?s={search_term_string}\"},\"query-input\":{\"@type\":\"PropertyValueSpecification\",\"valueRequired\":true,\"valueName\":\"search_term_string\"}}],\"inLanguage\":\"en-GB\"},{\"@type\":\"Organization\",\"@id\":\"https:\\\/\\\/www.ballettodanceshop.com\\\/#organization\",\"name\":\"Balletto Dance Shop\",\"alternateName\":\"Balletto\",\"url\":\"https:\\\/\\\/www.ballettodanceshop.com\\\/\",\"logo\":{\"@type\":\"ImageObject\",\"inLanguage\":\"en-GB\",\"@id\":\"https:\\\/\\\/www.ballettodanceshop.com\\\/#\\\/schema\\\/logo\\\/image\\\/\",\"url\":\"https:\\\/\\\/www.ballettodanceshop.com\\\/wp-content\\\/uploads\\\/2025\\\/06\\\/LOGO-1.png\",\"contentUrl\":\"https:\\\/\\\/www.ballettodanceshop.com\\\/wp-content\\\/uploads\\\/2025\\\/06\\\/LOGO-1.png\",\"width\":508,\"height\":209,\"caption\":\"Balletto Dance Shop\"},\"image\":{\"@id\":\"https:\\\/\\\/www.ballettodanceshop.com\\\/#\\\/schema\\\/logo\\\/image\\\/\"},\"sameAs\":[\"https:\\\/\\\/www.facebook.com\\\/Ballettodanceshop\\\/\",\"https:\\\/\\\/x.com\\\/ballettodance\",\"https:\\\/\\\/www.tiktok.com\\\/@ballettodanceshop\",\"https:\\\/\\\/fr.linkedin.com\\\/company\\\/ballettodaneshop\",\"https:\\\/\\\/fr.pinterest.com\\\/ballettodanceshop\\\/\",\"https:\\\/\\\/www.threads.com\\\/@ballettodanceshop\",\"https:\\\/\\\/www.instagram.com\\\/ballettodanceshop\\\/\",\"https:\\\/\\\/www.youtube.com\\\/@ballettodanceshop\"]}]}<\/script>\n<!-- \/ Yoast SEO plugin. -->","yoast_head_json":{"title":"Wear Moi Tulip Mesh Crop Top - Balletto Dance Shop","description":"Wear Moi Tulip mesh crop top for warming up. For dance, yoga or even at home, this fairly soft Wear Moi top is a rare find of elegance.","robots":{"index":"index","follow":"follow","max-snippet":"max-snippet:-1","max-image-preview":"max-image-preview:large","max-video-preview":"max-video-preview:-1"},"canonical":"https:\/\/www.ballettodanceshop.com\/en\/mesh-crop-top-wear-moi-tulipe\/","og_locale":"en_GB","og_type":"article","og_title":"Crop Top en Maille Wear Moi Tulipe - Balletto Dance Shop","og_description":"Crop Top Maille Wear Moi Tulipe pour l'\u00e9chauffement. Danse, Yoga ou m\u00eame chez soi, ce top assez doux Wear Moi est d'une \u00e9l\u00e9gance rare.","og_url":"https:\/\/www.ballettodanceshop.com\/en\/mesh-crop-top-wear-moi-tulipe\/","og_site_name":"Balletto Dance Shop","article_publisher":"https:\/\/www.facebook.com\/Ballettodanceshop\/","article_modified_time":"2025-08-24T15:40:56+00:00","og_image":[{"width":1336,"height":2000,"url":"https:\/\/www.ballettodanceshop.com\/wp-content\/uploads\/2025\/07\/tulipe_c6_back.jpg","type":"image\/jpeg"}],"twitter_card":"summary_large_image","twitter_site":"@ballettodance","schema":{"@context":"https:\/\/schema.org","@graph":[{"@type":"WebPage","@id":"https:\/\/www.ballettodanceshop.com\/crop-top-en-maille-wear-moi-tulipe\/","url":"https:\/\/www.ballettodanceshop.com\/crop-top-en-maille-wear-moi-tulipe\/","name":"Wear Moi Tulip Mesh Crop Top - Balletto Dance Shop","isPartOf":{"@id":"https:\/\/www.ballettodanceshop.com\/#website"},"primaryImageOfPage":{"@id":"https:\/\/www.ballettodanceshop.com\/crop-top-en-maille-wear-moi-tulipe\/#primaryimage"},"image":{"@id":"https:\/\/www.ballettodanceshop.com\/crop-top-en-maille-wear-moi-tulipe\/#primaryimage"},"thumbnailUrl":"https:\/\/www.ballettodanceshop.com\/wp-content\/uploads\/2025\/07\/tulipe_c6_back.jpg","datePublished":"2020-05-31T08:28:29+00:00","dateModified":"2025-08-24T15:40:56+00:00","description":"Wear Moi Tulip mesh crop top for warming up. For dance, yoga or even at home, this fairly soft Wear Moi top is a rare find of elegance.","breadcrumb":{"@id":"https:\/\/www.ballettodanceshop.com\/crop-top-en-maille-wear-moi-tulipe\/#breadcrumb"},"inLanguage":"en-GB","potentialAction":[{"@type":"ReadAction","target":["https:\/\/www.ballettodanceshop.com\/crop-top-en-maille-wear-moi-tulipe\/"]}]},{"@type":"ImageObject","inLanguage":"en-GB","@id":"https:\/\/www.ballettodanceshop.com\/crop-top-en-maille-wear-moi-tulipe\/#primaryimage","url":"https:\/\/www.ballettodanceshop.com\/wp-content\/uploads\/2025\/07\/tulipe_c6_back.jpg","contentUrl":"https:\/\/www.ballettodanceshop.com\/wp-content\/uploads\/2025\/07\/tulipe_c6_back.jpg","width":1336,"height":2000,"caption":"Wear Moi Tulipe"},{"@type":"BreadcrumbList","@id":"https:\/\/www.ballettodanceshop.com\/crop-top-en-maille-wear-moi-tulipe\/#breadcrumb","itemListElement":[{"@type":"ListItem","position":1,"name":"Accueil","item":"https:\/\/www.ballettodanceshop.com\/"},{"@type":"ListItem","position":2,"name":"Produits","item":"https:\/\/www.ballettodanceshop.com\/boutique\/"},{"@type":"ListItem","position":3,"name":"Crop Top en Maille Wear Moi Tulipe"}]},{"@type":"WebSite","@id":"https:\/\/www.ballettodanceshop.com\/#website","url":"https:\/\/www.ballettodanceshop.com\/","name":"Balletto Dance Shop","description":"Keep Dancing!","publisher":{"@id":"https:\/\/www.ballettodanceshop.com\/#organization"},"alternateName":"Balletto","potentialAction":[{"@type":"SearchAction","target":{"@type":"EntryPoint","urlTemplate":"https:\/\/www.ballettodanceshop.com\/?s={search_term_string}"},"query-input":{"@type":"PropertyValueSpecification","valueRequired":true,"valueName":"search_term_string"}}],"inLanguage":"en-GB"},{"@type":"Organization","@id":"https:\/\/www.ballettodanceshop.com\/#organization","name":"Balletto Dance Shop","alternateName":"Balletto","url":"https:\/\/www.ballettodanceshop.com\/","logo":{"@type":"ImageObject","inLanguage":"en-GB","@id":"https:\/\/www.ballettodanceshop.com\/#\/schema\/logo\/image\/","url":"https:\/\/www.ballettodanceshop.com\/wp-content\/uploads\/2025\/06\/LOGO-1.png","contentUrl":"https:\/\/www.ballettodanceshop.com\/wp-content\/uploads\/2025\/06\/LOGO-1.png","width":508,"height":209,"caption":"Balletto Dance Shop"},"image":{"@id":"https:\/\/www.ballettodanceshop.com\/#\/schema\/logo\/image\/"},"sameAs":["https:\/\/www.facebook.com\/Ballettodanceshop\/","https:\/\/x.com\/ballettodance","https:\/\/www.tiktok.com\/@ballettodanceshop","https:\/\/fr.linkedin.com\/company\/ballettodaneshop","https:\/\/fr.pinterest.com\/ballettodanceshop\/","https:\/\/www.threads.com\/@ballettodanceshop","https:\/\/www.instagram.com\/ballettodanceshop\/","https:\/\/www.youtube.com\/@ballettodanceshop"]}]}},"_links":{"self":[{"href":"https:\/\/www.ballettodanceshop.com\/en\/wp-json\/wp\/v2\/product\/51387","targetHints":{"allow":["GET"]}}],"collection":[{"href":"https:\/\/www.ballettodanceshop.com\/en\/wp-json\/wp\/v2\/product"}],"about":[{"href":"https:\/\/www.ballettodanceshop.com\/en\/wp-json\/wp\/v2\/types\/product"}],"replies":[{"embeddable":true,"href":"https:\/\/www.ballettodanceshop.com\/en\/wp-json\/wp\/v2\/comments?post=51387"}],"wp:featuredmedia":[{"embeddable":true,"href":"https:\/\/www.ballettodanceshop.com\/en\/wp-json\/wp\/v2\/media\/2671"}],"wp:attachment":[{"href":"https:\/\/www.ballettodanceshop.com\/en\/wp-json\/wp\/v2\/media?parent=51387"}],"wp:term":[{"taxonomy":"product_brand","embeddable":true,"href":"https:\/\/www.ballettodanceshop.com\/en\/wp-json\/wp\/v2\/product_brand?post=51387"},{"taxonomy":"product_cat","embeddable":true,"href":"https:\/\/www.ballettodanceshop.com\/en\/wp-json\/wp\/v2\/product_cat?post=51387"},{"taxonomy":"product_tag","embeddable":true,"href":"https:\/\/www.ballettodanceshop.com\/en\/wp-json\/wp\/v2\/product_tag?post=51387"}],"curies":[{"name":"wp","href":"https:\/\/api.w.org\/{rel}","templated":true}]}}