{"id":51232,"date":"2020-05-28T21:28:12","date_gmt":"2020-05-28T19:28:12","guid":{"rendered":"https:\/\/www.ballettodanceshop.com\/short-jazz-mixte-silky-dance\/"},"modified":"2025-12-09T11:10:57","modified_gmt":"2025-12-09T10:10:57","slug":"mixed-short-jazz-silky-dance","status":"publish","type":"product","link":"https:\/\/www.ballettodanceshop.com\/en\/short-jazz-mixte-silky-dance\/","title":{"rendered":"Mixed Jazz Short Silky Dance"},"content":{"rendered":"<p><strong>Mixed Jazz Short Silky Dance<\/strong><\/p>\n<p>Composition: 92% Cotton, 8% Elastane.<\/p>\n<p>Made in Italy<\/p>","protected":false},"excerpt":{"rendered":"<p><strong>Silky Dance Mixed Athleisure Shorts<\/strong> cotton-based silk for a sensation of extreme softness.<\/p>\n<p>It features a deep waistband for maximum comfort.<\/p>\n<p>This dance short<strong> (Jazz &amp; Contemporary)<\/strong>\u00a0can be used perfectly during your<strong> Yoga<\/strong> or <strong>Pilates<\/strong> or simply to go to the<strong> Gym<\/strong> or for the <strong>Jogging<\/strong>.<\/p>\n<p><strong>*BEST SELLER<\/strong><\/p>\n<p>&nbsp;<\/p>","protected":false},"featured_media":2267,"comment_status":"open","ping_status":"closed","template":"","meta":{"_acf_changed":false},"product_brand":[],"product_cat":[107,111,103,93,65,112,95,250,19,25,26,23,105,109,89,91,376,377,378,379,272,273,341,380,385,381,386,382,383,384,387,388,347,62,101,97],"product_tag":[786],"class_list":{"0":"post-51232","1":"product","2":"type-product","3":"status-publish","4":"has-post-thumbnail","6":"product_cat-athleisure-yoga-gym-pilates","7":"product_cat-athleisure-yoga-gym-pilates-filles","8":"product_cat-athleisure","9":"product_cat-classique-garcons","10":"product_cat-classique-filles","11":"product_cat-contemporain-filles","12":"product_cat-contemporain-hommes","13":"product_cat-demi-pointes-classique-filles","14":"product_cat-femmes","15":"product_cat-filles","16":"product_cat-garcons","17":"product_cat-hommes","18":"product_cat-jazz-garcons","19":"product_cat-jazz-filles","20":"product_cat-jazz-hommes","21":"product_cat-jazz","22":"product_cat-pantalons-et-shorts-classique-filles","23":"product_cat-pantalons-et-shorts-classique-hommes","24":"product_cat-pantalons-et-shorts","25":"product_cat-pantalons-et-shorts-classique-garcons","26":"product_cat-promotions","27":"product_cat-promotions-femmes","28":"product_cat-promotions-filles","29":"product_cat-shorts-athleisure","30":"product_cat-shorts-contemporain","31":"product_cat-shorts-jazz-filles","32":"product_cat-shorts-jazz-garcons","33":"product_cat-shorts-contemporain-hommes","34":"product_cat-shorts-contemporain-filles","35":"product_cat-shorts-athleisure-yoga-gym-pilates","36":"product_cat-shorts-jazz-hommes","37":"product_cat-shorts","38":"product_cat-silky-dance","39":"product_cat-classique","40":"product_cat-classique-hommes","41":"product_cat-contemporain","42":"product_tag-livraison-24-a-48h","44":"first","45":"instock","46":"sale","47":"taxable","48":"shipping-taxable","49":"purchasable","50":"product-type-variable"},"acf":[],"yoast_head":"<!-- This site is optimized with the Yoast SEO plugin v27.4 - https:\/\/yoast.com\/product\/yoast-seo-wordpress\/ -->\n<title>Short Jazz Mixte Silky Dance - Balletto Dance Shop<\/title>\n<meta name=\"description\" content=\"SHORT DE JAZZ &amp; DANSE CONTEMPORAINE peut \u00eatre parfaitement utilis\u00e9 pendant vos s\u00e9ances de Yoga, Pilates, Gym ou pour votre Jogging.\" \/>\n<meta name=\"robots\" content=\"index, follow, max-snippet:-1, max-image-preview:large, max-video-preview:-1\" \/>\n<link rel=\"canonical\" href=\"https:\/\/www.ballettodanceshop.com\/en\/mixed-short-jazz-silky-dance\/\" \/>\n<meta property=\"og:locale\" content=\"en_GB\" \/>\n<meta property=\"og:type\" content=\"article\" \/>\n<meta property=\"og:title\" content=\"Short Jazz Mixte Silky Dance - Balletto Dance Shop\" \/>\n<meta property=\"og:description\" content=\"SHORT DE JAZZ &amp; DANSE CONTEMPORAINE peut \u00eatre parfaitement utilis\u00e9 pendant vos s\u00e9ances de Yoga, Pilates, Gym ou pour votre Jogging.\" \/>\n<meta property=\"og:url\" content=\"https:\/\/www.ballettodanceshop.com\/en\/mixed-short-jazz-silky-dance\/\" \/>\n<meta property=\"og:site_name\" content=\"Balletto Dance Shop\" \/>\n<meta property=\"article:publisher\" content=\"https:\/\/www.facebook.com\/Ballettodanceshop\/\" \/>\n<meta property=\"article:modified_time\" content=\"2025-12-09T10:10:57+00:00\" \/>\n<meta property=\"og:image\" content=\"https:\/\/www.ballettodanceshop.com\/wp-content\/uploads\/2025\/07\/silky-short-2.jpg\" \/>\n\t<meta property=\"og:image:width\" content=\"1000\" \/>\n\t<meta property=\"og:image:height\" content=\"786\" \/>\n\t<meta property=\"og:image:type\" content=\"image\/jpeg\" \/>\n<meta name=\"twitter:card\" content=\"summary_large_image\" \/>\n<meta name=\"twitter:site\" content=\"@ballettodance\" \/>\n<meta name=\"twitter:label1\" content=\"Estimated reading time\" \/>\n\t<meta name=\"twitter:data1\" content=\"1 minute\" \/>\n<script type=\"application\/ld+json\" class=\"yoast-schema-graph\">{\"@context\":\"https:\\\/\\\/schema.org\",\"@graph\":[{\"@type\":\"WebPage\",\"@id\":\"https:\\\/\\\/www.ballettodanceshop.com\\\/short-jazz-mixte-silky-dance\\\/\",\"url\":\"https:\\\/\\\/www.ballettodanceshop.com\\\/short-jazz-mixte-silky-dance\\\/\",\"name\":\"Short Jazz Mixte Silky Dance - Balletto Dance Shop\",\"isPartOf\":{\"@id\":\"https:\\\/\\\/www.ballettodanceshop.com\\\/#website\"},\"primaryImageOfPage\":{\"@id\":\"https:\\\/\\\/www.ballettodanceshop.com\\\/short-jazz-mixte-silky-dance\\\/#primaryimage\"},\"image\":{\"@id\":\"https:\\\/\\\/www.ballettodanceshop.com\\\/short-jazz-mixte-silky-dance\\\/#primaryimage\"},\"thumbnailUrl\":\"https:\\\/\\\/www.ballettodanceshop.com\\\/wp-content\\\/uploads\\\/2025\\\/07\\\/silky-short-2.jpg\",\"datePublished\":\"2020-05-28T19:28:12+00:00\",\"dateModified\":\"2025-12-09T10:10:57+00:00\",\"description\":\"SHORT DE JAZZ & DANSE CONTEMPORAINE peut \u00eatre parfaitement utilis\u00e9 pendant vos s\u00e9ances de Yoga, Pilates, Gym ou pour votre Jogging.\",\"breadcrumb\":{\"@id\":\"https:\\\/\\\/www.ballettodanceshop.com\\\/short-jazz-mixte-silky-dance\\\/#breadcrumb\"},\"inLanguage\":\"en-GB\",\"potentialAction\":[{\"@type\":\"ReadAction\",\"target\":[\"https:\\\/\\\/www.ballettodanceshop.com\\\/short-jazz-mixte-silky-dance\\\/\"]}]},{\"@type\":\"ImageObject\",\"inLanguage\":\"en-GB\",\"@id\":\"https:\\\/\\\/www.ballettodanceshop.com\\\/short-jazz-mixte-silky-dance\\\/#primaryimage\",\"url\":\"https:\\\/\\\/www.ballettodanceshop.com\\\/wp-content\\\/uploads\\\/2025\\\/07\\\/silky-short-2.jpg\",\"contentUrl\":\"https:\\\/\\\/www.ballettodanceshop.com\\\/wp-content\\\/uploads\\\/2025\\\/07\\\/silky-short-2.jpg\",\"width\":1000,\"height\":786,\"caption\":\"Short Jazz Balletto Dance Shop\"},{\"@type\":\"BreadcrumbList\",\"@id\":\"https:\\\/\\\/www.ballettodanceshop.com\\\/short-jazz-mixte-silky-dance\\\/#breadcrumb\",\"itemListElement\":[{\"@type\":\"ListItem\",\"position\":1,\"name\":\"Accueil\",\"item\":\"https:\\\/\\\/www.ballettodanceshop.com\\\/\"},{\"@type\":\"ListItem\",\"position\":2,\"name\":\"Produits\",\"item\":\"https:\\\/\\\/www.ballettodanceshop.com\\\/boutique\\\/\"},{\"@type\":\"ListItem\",\"position\":3,\"name\":\"Short Jazz Mixte Silky Dance\"}]},{\"@type\":\"WebSite\",\"@id\":\"https:\\\/\\\/www.ballettodanceshop.com\\\/#website\",\"url\":\"https:\\\/\\\/www.ballettodanceshop.com\\\/\",\"name\":\"Balletto Dance Shop\",\"description\":\"Keep Dancing !\",\"publisher\":{\"@id\":\"https:\\\/\\\/www.ballettodanceshop.com\\\/#organization\"},\"alternateName\":\"Balletto\",\"potentialAction\":[{\"@type\":\"SearchAction\",\"target\":{\"@type\":\"EntryPoint\",\"urlTemplate\":\"https:\\\/\\\/www.ballettodanceshop.com\\\/?s={search_term_string}\"},\"query-input\":{\"@type\":\"PropertyValueSpecification\",\"valueRequired\":true,\"valueName\":\"search_term_string\"}}],\"inLanguage\":\"en-GB\"},{\"@type\":\"Organization\",\"@id\":\"https:\\\/\\\/www.ballettodanceshop.com\\\/#organization\",\"name\":\"Balletto Dance Shop\",\"alternateName\":\"Balletto\",\"url\":\"https:\\\/\\\/www.ballettodanceshop.com\\\/\",\"logo\":{\"@type\":\"ImageObject\",\"inLanguage\":\"en-GB\",\"@id\":\"https:\\\/\\\/www.ballettodanceshop.com\\\/#\\\/schema\\\/logo\\\/image\\\/\",\"url\":\"https:\\\/\\\/www.ballettodanceshop.com\\\/wp-content\\\/uploads\\\/2025\\\/06\\\/LOGO-1.png\",\"contentUrl\":\"https:\\\/\\\/www.ballettodanceshop.com\\\/wp-content\\\/uploads\\\/2025\\\/06\\\/LOGO-1.png\",\"width\":508,\"height\":209,\"caption\":\"Balletto Dance Shop\"},\"image\":{\"@id\":\"https:\\\/\\\/www.ballettodanceshop.com\\\/#\\\/schema\\\/logo\\\/image\\\/\"},\"sameAs\":[\"https:\\\/\\\/www.facebook.com\\\/Ballettodanceshop\\\/\",\"https:\\\/\\\/x.com\\\/ballettodance\",\"https:\\\/\\\/www.tiktok.com\\\/@ballettodanceshop\",\"https:\\\/\\\/fr.linkedin.com\\\/company\\\/ballettodaneshop\",\"https:\\\/\\\/fr.pinterest.com\\\/ballettodanceshop\\\/\",\"https:\\\/\\\/www.threads.com\\\/@ballettodanceshop\",\"https:\\\/\\\/www.instagram.com\\\/ballettodanceshop\\\/\",\"https:\\\/\\\/www.youtube.com\\\/@ballettodanceshop\"]}]}<\/script>\n<!-- \/ Yoast SEO plugin. -->","yoast_head_json":{"title":"Mixed Jazz Short Silky Dance - Balletto Dance Shop","description":"JAZZ &amp; CONTEMPORARY DANCE SHORTS are perfect for use during your Yoga, Pilates, Gym or Jogging sessions.","robots":{"index":"index","follow":"follow","max-snippet":"max-snippet:-1","max-image-preview":"max-image-preview:large","max-video-preview":"max-video-preview:-1"},"canonical":"https:\/\/www.ballettodanceshop.com\/en\/mixed-short-jazz-silky-dance\/","og_locale":"en_GB","og_type":"article","og_title":"Short Jazz Mixte Silky Dance - Balletto Dance Shop","og_description":"SHORT DE JAZZ & DANSE CONTEMPORAINE peut \u00eatre parfaitement utilis\u00e9 pendant vos s\u00e9ances de Yoga, Pilates, Gym ou pour votre Jogging.","og_url":"https:\/\/www.ballettodanceshop.com\/en\/mixed-short-jazz-silky-dance\/","og_site_name":"Balletto Dance Shop","article_publisher":"https:\/\/www.facebook.com\/Ballettodanceshop\/","article_modified_time":"2025-12-09T10:10:57+00:00","og_image":[{"width":1000,"height":786,"url":"https:\/\/www.ballettodanceshop.com\/wp-content\/uploads\/2025\/07\/silky-short-2.jpg","type":"image\/jpeg"}],"twitter_card":"summary_large_image","twitter_site":"@ballettodance","twitter_misc":{"Estimated reading time":"1 minute"},"schema":{"@context":"https:\/\/schema.org","@graph":[{"@type":"WebPage","@id":"https:\/\/www.ballettodanceshop.com\/short-jazz-mixte-silky-dance\/","url":"https:\/\/www.ballettodanceshop.com\/short-jazz-mixte-silky-dance\/","name":"Mixed Jazz Short Silky Dance - Balletto Dance Shop","isPartOf":{"@id":"https:\/\/www.ballettodanceshop.com\/#website"},"primaryImageOfPage":{"@id":"https:\/\/www.ballettodanceshop.com\/short-jazz-mixte-silky-dance\/#primaryimage"},"image":{"@id":"https:\/\/www.ballettodanceshop.com\/short-jazz-mixte-silky-dance\/#primaryimage"},"thumbnailUrl":"https:\/\/www.ballettodanceshop.com\/wp-content\/uploads\/2025\/07\/silky-short-2.jpg","datePublished":"2020-05-28T19:28:12+00:00","dateModified":"2025-12-09T10:10:57+00:00","description":"JAZZ &amp; CONTEMPORARY DANCE SHORTS are perfect for use during your Yoga, Pilates, Gym or Jogging sessions.","breadcrumb":{"@id":"https:\/\/www.ballettodanceshop.com\/short-jazz-mixte-silky-dance\/#breadcrumb"},"inLanguage":"en-GB","potentialAction":[{"@type":"ReadAction","target":["https:\/\/www.ballettodanceshop.com\/short-jazz-mixte-silky-dance\/"]}]},{"@type":"ImageObject","inLanguage":"en-GB","@id":"https:\/\/www.ballettodanceshop.com\/short-jazz-mixte-silky-dance\/#primaryimage","url":"https:\/\/www.ballettodanceshop.com\/wp-content\/uploads\/2025\/07\/silky-short-2.jpg","contentUrl":"https:\/\/www.ballettodanceshop.com\/wp-content\/uploads\/2025\/07\/silky-short-2.jpg","width":1000,"height":786,"caption":"Short Jazz Balletto Dance Shop"},{"@type":"BreadcrumbList","@id":"https:\/\/www.ballettodanceshop.com\/short-jazz-mixte-silky-dance\/#breadcrumb","itemListElement":[{"@type":"ListItem","position":1,"name":"Accueil","item":"https:\/\/www.ballettodanceshop.com\/"},{"@type":"ListItem","position":2,"name":"Produits","item":"https:\/\/www.ballettodanceshop.com\/boutique\/"},{"@type":"ListItem","position":3,"name":"Short Jazz Mixte Silky Dance"}]},{"@type":"WebSite","@id":"https:\/\/www.ballettodanceshop.com\/#website","url":"https:\/\/www.ballettodanceshop.com\/","name":"Balletto Dance Shop","description":"Keep Dancing!","publisher":{"@id":"https:\/\/www.ballettodanceshop.com\/#organization"},"alternateName":"Balletto","potentialAction":[{"@type":"SearchAction","target":{"@type":"EntryPoint","urlTemplate":"https:\/\/www.ballettodanceshop.com\/?s={search_term_string}"},"query-input":{"@type":"PropertyValueSpecification","valueRequired":true,"valueName":"search_term_string"}}],"inLanguage":"en-GB"},{"@type":"Organization","@id":"https:\/\/www.ballettodanceshop.com\/#organization","name":"Balletto Dance Shop","alternateName":"Balletto","url":"https:\/\/www.ballettodanceshop.com\/","logo":{"@type":"ImageObject","inLanguage":"en-GB","@id":"https:\/\/www.ballettodanceshop.com\/#\/schema\/logo\/image\/","url":"https:\/\/www.ballettodanceshop.com\/wp-content\/uploads\/2025\/06\/LOGO-1.png","contentUrl":"https:\/\/www.ballettodanceshop.com\/wp-content\/uploads\/2025\/06\/LOGO-1.png","width":508,"height":209,"caption":"Balletto Dance Shop"},"image":{"@id":"https:\/\/www.ballettodanceshop.com\/#\/schema\/logo\/image\/"},"sameAs":["https:\/\/www.facebook.com\/Ballettodanceshop\/","https:\/\/x.com\/ballettodance","https:\/\/www.tiktok.com\/@ballettodanceshop","https:\/\/fr.linkedin.com\/company\/ballettodaneshop","https:\/\/fr.pinterest.com\/ballettodanceshop\/","https:\/\/www.threads.com\/@ballettodanceshop","https:\/\/www.instagram.com\/ballettodanceshop\/","https:\/\/www.youtube.com\/@ballettodanceshop"]}]}},"_links":{"self":[{"href":"https:\/\/www.ballettodanceshop.com\/en\/wp-json\/wp\/v2\/product\/51232","targetHints":{"allow":["GET"]}}],"collection":[{"href":"https:\/\/www.ballettodanceshop.com\/en\/wp-json\/wp\/v2\/product"}],"about":[{"href":"https:\/\/www.ballettodanceshop.com\/en\/wp-json\/wp\/v2\/types\/product"}],"replies":[{"embeddable":true,"href":"https:\/\/www.ballettodanceshop.com\/en\/wp-json\/wp\/v2\/comments?post=51232"}],"wp:featuredmedia":[{"embeddable":true,"href":"https:\/\/www.ballettodanceshop.com\/en\/wp-json\/wp\/v2\/media\/2267"}],"wp:attachment":[{"href":"https:\/\/www.ballettodanceshop.com\/en\/wp-json\/wp\/v2\/media?parent=51232"}],"wp:term":[{"taxonomy":"product_brand","embeddable":true,"href":"https:\/\/www.ballettodanceshop.com\/en\/wp-json\/wp\/v2\/product_brand?post=51232"},{"taxonomy":"product_cat","embeddable":true,"href":"https:\/\/www.ballettodanceshop.com\/en\/wp-json\/wp\/v2\/product_cat?post=51232"},{"taxonomy":"product_tag","embeddable":true,"href":"https:\/\/www.ballettodanceshop.com\/en\/wp-json\/wp\/v2\/product_tag?post=51232"}],"curies":[{"name":"wp","href":"https:\/\/api.w.org\/{rel}","templated":true}]}}