{"id":51228,"date":"2020-05-28T21:28:09","date_gmt":"2020-05-28T19:28:09","guid":{"rendered":"https:\/\/www.ballettodanceshop.com\/soutien-gorge-seconde-peau\/"},"modified":"2026-04-24T07:02:26","modified_gmt":"2026-04-24T05:02:26","slug":"second-skin-bra","status":"publish","type":"product","link":"https:\/\/www.ballettodanceshop.com\/en\/soutien-gorge-seconde-peau\/","title":{"rendered":"Seconde Peau bra"},"content":{"rendered":"<p><strong>Seconde Peau bra<\/strong><\/p>\n<p>Composition: 95% Tactel, 5% Elastane.<\/p>\n<p>Quick Dry.<\/p>\n<p>Made in Italy<\/p>","protected":false},"excerpt":{"rendered":"<p>Cherchez vous \u00e0 \u00eatre discr\u00e8te tout en portant sur vous un Soutien-Gorge de haute qualit\u00e9?<\/p>\n<p>This <strong>bra<\/strong> maintenance or <strong>second-skin bra<\/strong>\u00a0will meet your expectations.<\/p>\n<p>Beautiful rounded neckline, transparent back with thin adjustable straps.<\/p>\n<p>Le contour anatomique ajoute de la forme et cr\u00e9\u00e9 un profil lisse sous vos tenues de danse ou de sport.<\/p>\n<p>Two sets of straps are provided, one in satin and one clear.<\/p>\n<p>High quality, this bra features DanceDry technology for enhanced moisture evaporation and ultra-fast drying, and also includes DanceFresh antimicrobial protection.<\/p>\n<p><strong>Made with love in Italy.<\/strong><\/p>\n<p>&nbsp;<\/p>","protected":false},"featured_media":2257,"comment_status":"open","ping_status":"closed","template":"","meta":{"_acf_changed":false},"product_brand":[],"product_cat":[103,111,366,1014,65,112,113,19,25,109,91,347,362,198,199,367,368,369,363,200,62,97],"product_tag":[786],"class_list":{"0":"post-51228","1":"product","2":"type-product","3":"status-publish","4":"has-post-thumbnail","6":"product_cat-athleisure","7":"product_cat-athleisure-yoga-gym-pilates-filles","8":"product_cat-brassieres-athleisure","9":"product_cat-capezio","10":"product_cat-classique-filles","11":"product_cat-contemporain-filles","12":"product_cat-danses-latines","13":"product_cat-femmes","14":"product_cat-filles","15":"product_cat-jazz-filles","16":"product_cat-jazz","17":"product_cat-silky-dance","18":"product_cat-sous-vetements-athleisure","19":"product_cat-sous-vetements-jazz","20":"product_cat-sous-vetements-contemporain","21":"product_cat-sous-vetements-classique-filles","22":"product_cat-sous-vetements-contemporain-filles","23":"product_cat-sous-vetements-jazz-filles","24":"product_cat-sous-vetements-danses-latines","25":"product_cat-sous-vetements","26":"product_cat-classique","27":"product_cat-contemporain","28":"product_tag-livraison-24-a-48h","30":"first","31":"instock","32":"taxable","33":"shipping-taxable","34":"purchasable","35":"product-type-variable"},"acf":[],"yoast_head":"<!-- This site is optimized with the Yoast SEO plugin v27.4 - https:\/\/yoast.com\/product\/yoast-seo-wordpress\/ -->\n<title>Soutien-Gorge Seconde Peau - Balletto Dance Shop<\/title>\n<meta name=\"description\" content=\"Brassi\u00e8re de danse ou de sport seconde peau. Un essentiel pour chaque danseuse. S\u00e9chage rapide. Parfaite pour se glisser sous vos costumes ou justaucorps.\" \/>\n<meta name=\"robots\" content=\"index, follow, max-snippet:-1, max-image-preview:large, max-video-preview:-1\" \/>\n<link rel=\"canonical\" href=\"https:\/\/www.ballettodanceshop.com\/en\/second-skin-bra\/\" \/>\n<meta property=\"og:locale\" content=\"en_GB\" \/>\n<meta property=\"og:type\" content=\"article\" \/>\n<meta property=\"og:title\" content=\"Soutien-Gorge Seconde Peau - Balletto Dance Shop\" \/>\n<meta property=\"og:description\" content=\"Brassi\u00e8re de danse ou de sport seconde peau. Un essentiel pour chaque danseuse. S\u00e9chage rapide. Parfaite pour se glisser sous vos costumes ou justaucorps.\" \/>\n<meta property=\"og:url\" content=\"https:\/\/www.ballettodanceshop.com\/en\/second-skin-bra\/\" \/>\n<meta property=\"og:site_name\" content=\"Balletto Dance Shop\" \/>\n<meta property=\"article:publisher\" content=\"https:\/\/www.facebook.com\/Ballettodanceshop\/\" \/>\n<meta property=\"article:modified_time\" content=\"2026-04-24T05:02:26+00:00\" \/>\n<meta property=\"og:image\" content=\"https:\/\/www.ballettodanceshop.com\/wp-content\/uploads\/2025\/07\/silky-seamless-bra-front.jpg\" \/>\n\t<meta property=\"og:image:width\" content=\"1200\" \/>\n\t<meta property=\"og:image:height\" content=\"1200\" \/>\n\t<meta property=\"og:image:type\" content=\"image\/jpeg\" \/>\n<meta name=\"twitter:card\" content=\"summary_large_image\" \/>\n<meta name=\"twitter:site\" content=\"@ballettodance\" \/>\n<meta name=\"twitter:label1\" content=\"Estimated reading time\" \/>\n\t<meta name=\"twitter:data1\" content=\"1 minute\" \/>\n<script type=\"application\/ld+json\" class=\"yoast-schema-graph\">{\"@context\":\"https:\\\/\\\/schema.org\",\"@graph\":[{\"@type\":\"WebPage\",\"@id\":\"https:\\\/\\\/www.ballettodanceshop.com\\\/soutien-gorge-seconde-peau\\\/\",\"url\":\"https:\\\/\\\/www.ballettodanceshop.com\\\/soutien-gorge-seconde-peau\\\/\",\"name\":\"Soutien-Gorge Seconde Peau - Balletto Dance Shop\",\"isPartOf\":{\"@id\":\"https:\\\/\\\/www.ballettodanceshop.com\\\/#website\"},\"primaryImageOfPage\":{\"@id\":\"https:\\\/\\\/www.ballettodanceshop.com\\\/soutien-gorge-seconde-peau\\\/#primaryimage\"},\"image\":{\"@id\":\"https:\\\/\\\/www.ballettodanceshop.com\\\/soutien-gorge-seconde-peau\\\/#primaryimage\"},\"thumbnailUrl\":\"https:\\\/\\\/www.ballettodanceshop.com\\\/wp-content\\\/uploads\\\/2025\\\/07\\\/silky-seamless-bra-front.jpg\",\"datePublished\":\"2020-05-28T19:28:09+00:00\",\"dateModified\":\"2026-04-24T05:02:26+00:00\",\"description\":\"Brassi\u00e8re de danse ou de sport seconde peau. Un essentiel pour chaque danseuse. S\u00e9chage rapide. Parfaite pour se glisser sous vos costumes ou justaucorps.\",\"breadcrumb\":{\"@id\":\"https:\\\/\\\/www.ballettodanceshop.com\\\/soutien-gorge-seconde-peau\\\/#breadcrumb\"},\"inLanguage\":\"en-GB\",\"potentialAction\":[{\"@type\":\"ReadAction\",\"target\":[\"https:\\\/\\\/www.ballettodanceshop.com\\\/soutien-gorge-seconde-peau\\\/\"]}]},{\"@type\":\"ImageObject\",\"inLanguage\":\"en-GB\",\"@id\":\"https:\\\/\\\/www.ballettodanceshop.com\\\/soutien-gorge-seconde-peau\\\/#primaryimage\",\"url\":\"https:\\\/\\\/www.ballettodanceshop.com\\\/wp-content\\\/uploads\\\/2025\\\/07\\\/silky-seamless-bra-front.jpg\",\"contentUrl\":\"https:\\\/\\\/www.ballettodanceshop.com\\\/wp-content\\\/uploads\\\/2025\\\/07\\\/silky-seamless-bra-front.jpg\",\"width\":1200,\"height\":1200,\"caption\":\"Brassi\u00e8re Danse invisible\"},{\"@type\":\"BreadcrumbList\",\"@id\":\"https:\\\/\\\/www.ballettodanceshop.com\\\/soutien-gorge-seconde-peau\\\/#breadcrumb\",\"itemListElement\":[{\"@type\":\"ListItem\",\"position\":1,\"name\":\"Accueil\",\"item\":\"https:\\\/\\\/www.ballettodanceshop.com\\\/\"},{\"@type\":\"ListItem\",\"position\":2,\"name\":\"Produits\",\"item\":\"https:\\\/\\\/www.ballettodanceshop.com\\\/boutique\\\/\"},{\"@type\":\"ListItem\",\"position\":3,\"name\":\"Soutien-Gorge Seconde Peau\"}]},{\"@type\":\"WebSite\",\"@id\":\"https:\\\/\\\/www.ballettodanceshop.com\\\/#website\",\"url\":\"https:\\\/\\\/www.ballettodanceshop.com\\\/\",\"name\":\"Balletto Dance Shop\",\"description\":\"Keep Dancing !\",\"publisher\":{\"@id\":\"https:\\\/\\\/www.ballettodanceshop.com\\\/#organization\"},\"alternateName\":\"Balletto\",\"potentialAction\":[{\"@type\":\"SearchAction\",\"target\":{\"@type\":\"EntryPoint\",\"urlTemplate\":\"https:\\\/\\\/www.ballettodanceshop.com\\\/?s={search_term_string}\"},\"query-input\":{\"@type\":\"PropertyValueSpecification\",\"valueRequired\":true,\"valueName\":\"search_term_string\"}}],\"inLanguage\":\"en-GB\"},{\"@type\":\"Organization\",\"@id\":\"https:\\\/\\\/www.ballettodanceshop.com\\\/#organization\",\"name\":\"Balletto Dance Shop\",\"alternateName\":\"Balletto\",\"url\":\"https:\\\/\\\/www.ballettodanceshop.com\\\/\",\"logo\":{\"@type\":\"ImageObject\",\"inLanguage\":\"en-GB\",\"@id\":\"https:\\\/\\\/www.ballettodanceshop.com\\\/#\\\/schema\\\/logo\\\/image\\\/\",\"url\":\"https:\\\/\\\/www.ballettodanceshop.com\\\/wp-content\\\/uploads\\\/2025\\\/06\\\/LOGO-1.png\",\"contentUrl\":\"https:\\\/\\\/www.ballettodanceshop.com\\\/wp-content\\\/uploads\\\/2025\\\/06\\\/LOGO-1.png\",\"width\":508,\"height\":209,\"caption\":\"Balletto Dance Shop\"},\"image\":{\"@id\":\"https:\\\/\\\/www.ballettodanceshop.com\\\/#\\\/schema\\\/logo\\\/image\\\/\"},\"sameAs\":[\"https:\\\/\\\/www.facebook.com\\\/Ballettodanceshop\\\/\",\"https:\\\/\\\/x.com\\\/ballettodance\",\"https:\\\/\\\/www.tiktok.com\\\/@ballettodanceshop\",\"https:\\\/\\\/fr.linkedin.com\\\/company\\\/ballettodaneshop\",\"https:\\\/\\\/fr.pinterest.com\\\/ballettodanceshop\\\/\",\"https:\\\/\\\/www.threads.com\\\/@ballettodanceshop\",\"https:\\\/\\\/www.instagram.com\\\/ballettodanceshop\\\/\",\"https:\\\/\\\/www.youtube.com\\\/@ballettodanceshop\"]}]}<\/script>\n<!-- \/ Yoast SEO plugin. -->","yoast_head_json":{"title":"Second Skin Bra - Balletto Dance Shop","description":"Brassi\u00e8re de danse ou de sport seconde peau. Un essentiel pour chaque danseuse. S\u00e9chage rapide. Parfaite pour se glisser sous vos costumes ou justaucorps.","robots":{"index":"index","follow":"follow","max-snippet":"max-snippet:-1","max-image-preview":"max-image-preview:large","max-video-preview":"max-video-preview:-1"},"canonical":"https:\/\/www.ballettodanceshop.com\/en\/second-skin-bra\/","og_locale":"en_GB","og_type":"article","og_title":"Soutien-Gorge Seconde Peau - Balletto Dance Shop","og_description":"Brassi\u00e8re de danse ou de sport seconde peau. Un essentiel pour chaque danseuse. S\u00e9chage rapide. Parfaite pour se glisser sous vos costumes ou justaucorps.","og_url":"https:\/\/www.ballettodanceshop.com\/en\/second-skin-bra\/","og_site_name":"Balletto Dance Shop","article_publisher":"https:\/\/www.facebook.com\/Ballettodanceshop\/","article_modified_time":"2026-04-24T05:02:26+00:00","og_image":[{"width":1200,"height":1200,"url":"https:\/\/www.ballettodanceshop.com\/wp-content\/uploads\/2025\/07\/silky-seamless-bra-front.jpg","type":"image\/jpeg"}],"twitter_card":"summary_large_image","twitter_site":"@ballettodance","twitter_misc":{"Estimated reading time":"1 minute"},"schema":{"@context":"https:\/\/schema.org","@graph":[{"@type":"WebPage","@id":"https:\/\/www.ballettodanceshop.com\/soutien-gorge-seconde-peau\/","url":"https:\/\/www.ballettodanceshop.com\/soutien-gorge-seconde-peau\/","name":"Second Skin Bra - Balletto Dance Shop","isPartOf":{"@id":"https:\/\/www.ballettodanceshop.com\/#website"},"primaryImageOfPage":{"@id":"https:\/\/www.ballettodanceshop.com\/soutien-gorge-seconde-peau\/#primaryimage"},"image":{"@id":"https:\/\/www.ballettodanceshop.com\/soutien-gorge-seconde-peau\/#primaryimage"},"thumbnailUrl":"https:\/\/www.ballettodanceshop.com\/wp-content\/uploads\/2025\/07\/silky-seamless-bra-front.jpg","datePublished":"2020-05-28T19:28:09+00:00","dateModified":"2026-04-24T05:02:26+00:00","description":"Brassi\u00e8re de danse ou de sport seconde peau. Un essentiel pour chaque danseuse. S\u00e9chage rapide. Parfaite pour se glisser sous vos costumes ou justaucorps.","breadcrumb":{"@id":"https:\/\/www.ballettodanceshop.com\/soutien-gorge-seconde-peau\/#breadcrumb"},"inLanguage":"en-GB","potentialAction":[{"@type":"ReadAction","target":["https:\/\/www.ballettodanceshop.com\/soutien-gorge-seconde-peau\/"]}]},{"@type":"ImageObject","inLanguage":"en-GB","@id":"https:\/\/www.ballettodanceshop.com\/soutien-gorge-seconde-peau\/#primaryimage","url":"https:\/\/www.ballettodanceshop.com\/wp-content\/uploads\/2025\/07\/silky-seamless-bra-front.jpg","contentUrl":"https:\/\/www.ballettodanceshop.com\/wp-content\/uploads\/2025\/07\/silky-seamless-bra-front.jpg","width":1200,"height":1200,"caption":"Brassi\u00e8re Danse invisible"},{"@type":"BreadcrumbList","@id":"https:\/\/www.ballettodanceshop.com\/soutien-gorge-seconde-peau\/#breadcrumb","itemListElement":[{"@type":"ListItem","position":1,"name":"Accueil","item":"https:\/\/www.ballettodanceshop.com\/"},{"@type":"ListItem","position":2,"name":"Produits","item":"https:\/\/www.ballettodanceshop.com\/boutique\/"},{"@type":"ListItem","position":3,"name":"Soutien-Gorge Seconde Peau"}]},{"@type":"WebSite","@id":"https:\/\/www.ballettodanceshop.com\/#website","url":"https:\/\/www.ballettodanceshop.com\/","name":"Balletto Dance Shop","description":"Keep Dancing!","publisher":{"@id":"https:\/\/www.ballettodanceshop.com\/#organization"},"alternateName":"Balletto","potentialAction":[{"@type":"SearchAction","target":{"@type":"EntryPoint","urlTemplate":"https:\/\/www.ballettodanceshop.com\/?s={search_term_string}"},"query-input":{"@type":"PropertyValueSpecification","valueRequired":true,"valueName":"search_term_string"}}],"inLanguage":"en-GB"},{"@type":"Organization","@id":"https:\/\/www.ballettodanceshop.com\/#organization","name":"Balletto Dance Shop","alternateName":"Balletto","url":"https:\/\/www.ballettodanceshop.com\/","logo":{"@type":"ImageObject","inLanguage":"en-GB","@id":"https:\/\/www.ballettodanceshop.com\/#\/schema\/logo\/image\/","url":"https:\/\/www.ballettodanceshop.com\/wp-content\/uploads\/2025\/06\/LOGO-1.png","contentUrl":"https:\/\/www.ballettodanceshop.com\/wp-content\/uploads\/2025\/06\/LOGO-1.png","width":508,"height":209,"caption":"Balletto Dance Shop"},"image":{"@id":"https:\/\/www.ballettodanceshop.com\/#\/schema\/logo\/image\/"},"sameAs":["https:\/\/www.facebook.com\/Ballettodanceshop\/","https:\/\/x.com\/ballettodance","https:\/\/www.tiktok.com\/@ballettodanceshop","https:\/\/fr.linkedin.com\/company\/ballettodaneshop","https:\/\/fr.pinterest.com\/ballettodanceshop\/","https:\/\/www.threads.com\/@ballettodanceshop","https:\/\/www.instagram.com\/ballettodanceshop\/","https:\/\/www.youtube.com\/@ballettodanceshop"]}]}},"_links":{"self":[{"href":"https:\/\/www.ballettodanceshop.com\/en\/wp-json\/wp\/v2\/product\/51228","targetHints":{"allow":["GET"]}}],"collection":[{"href":"https:\/\/www.ballettodanceshop.com\/en\/wp-json\/wp\/v2\/product"}],"about":[{"href":"https:\/\/www.ballettodanceshop.com\/en\/wp-json\/wp\/v2\/types\/product"}],"replies":[{"embeddable":true,"href":"https:\/\/www.ballettodanceshop.com\/en\/wp-json\/wp\/v2\/comments?post=51228"}],"wp:featuredmedia":[{"embeddable":true,"href":"https:\/\/www.ballettodanceshop.com\/en\/wp-json\/wp\/v2\/media\/2257"}],"wp:attachment":[{"href":"https:\/\/www.ballettodanceshop.com\/en\/wp-json\/wp\/v2\/media?parent=51228"}],"wp:term":[{"taxonomy":"product_brand","embeddable":true,"href":"https:\/\/www.ballettodanceshop.com\/en\/wp-json\/wp\/v2\/product_brand?post=51228"},{"taxonomy":"product_cat","embeddable":true,"href":"https:\/\/www.ballettodanceshop.com\/en\/wp-json\/wp\/v2\/product_cat?post=51228"},{"taxonomy":"product_tag","embeddable":true,"href":"https:\/\/www.ballettodanceshop.com\/en\/wp-json\/wp\/v2\/product_tag?post=51228"}],"curies":[{"name":"wp","href":"https:\/\/api.w.org\/{rel}","templated":true}]}}