{"id":51222,"date":"2020-05-28T21:28:04","date_gmt":"2020-05-28T19:28:04","guid":{"rendered":"https:\/\/www.ballettodanceshop.com\/collants-de-danse-resilles-avec-pieds\/"},"modified":"2025-09-23T18:51:16","modified_gmt":"2025-09-23T16:51:16","slug":"resilient-dance-tights-with-feet","status":"publish","type":"product","link":"https:\/\/www.ballettodanceshop.com\/en\/collants-de-danse-resilles-avec-pieds\/","title":{"rendered":"Fishnet Dance Tights with Feet"},"content":{"rendered":"<p><strong>Fishnet Dance Tights with Feet<\/strong><\/p>\n<p>&nbsp;<\/p>","protected":false},"excerpt":{"rendered":"<p>Avez vous besoin de collants r\u00e9silles pour certaines occasions sans se ruiner ?<\/p>\n<p>These <strong>Fishnet dance tights<\/strong> with Silky feet that are fine-textured and soft to the touch, they're really comfortable to wear.<\/p>\n<p>Very good quality at a very reasonable price. Composition: 90% Polyamide and 10% Elastane made in Italy.<\/p>\n<p>These dance tights are perfect for the<strong> cabaret<\/strong>, <strong>Latin dances<\/strong> or even in town.<\/p>","protected":false},"featured_media":2238,"comment_status":"open","ping_status":"open","template":"","meta":{"_acf_changed":false},"product_brand":[],"product_cat":[195,352,353,197,359,246,113,19,91,347,97],"product_tag":[786],"class_list":{"0":"post-51222","1":"product","2":"type-product","3":"status-publish","4":"has-post-thumbnail","6":"product_cat-collants-contemporain","7":"product_cat-collants-caractere","8":"product_cat-collants-danses-latines","9":"product_cat-collants-jazz","10":"product_cat-collants-resille","11":"product_cat-caractere","12":"product_cat-danses-latines","13":"product_cat-femmes","14":"product_cat-jazz","15":"product_cat-silky-dance","16":"product_cat-contemporain","17":"product_tag-livraison-24-a-48h","19":"first","20":"instock","21":"taxable","22":"shipping-taxable","23":"purchasable","24":"product-type-variable"},"acf":[],"yoast_head":"<!-- This site is optimized with the Yoast SEO plugin v27.4 - https:\/\/yoast.com\/product\/yoast-seo-wordpress\/ -->\n<title>Collants de Danse R\u00e9silles avec Pieds - Balletto Dance Shop<\/title>\n<meta name=\"description\" content=\"Collants de danse r\u00e9silles avec pieds Silky pour le cabaret et danses latines \u00e0 texture fine et douce au toucher. PREMIER PRIX.\" \/>\n<meta name=\"robots\" content=\"index, follow, max-snippet:-1, max-image-preview:large, max-video-preview:-1\" \/>\n<link rel=\"canonical\" href=\"https:\/\/www.ballettodanceshop.com\/en\/resilient-dance-tights-with-feet\/\" \/>\n<meta property=\"og:locale\" content=\"en_GB\" \/>\n<meta property=\"og:type\" content=\"article\" \/>\n<meta property=\"og:title\" content=\"Collants de Danse R\u00e9silles avec Pieds - Balletto Dance Shop\" \/>\n<meta property=\"og:description\" content=\"Collants de danse r\u00e9silles avec pieds Silky pour le cabaret et danses latines \u00e0 texture fine et douce au toucher. PREMIER PRIX.\" \/>\n<meta property=\"og:url\" content=\"https:\/\/www.ballettodanceshop.com\/en\/resilient-dance-tights-with-feet\/\" \/>\n<meta property=\"og:site_name\" content=\"Balletto Dance Shop\" \/>\n<meta property=\"article:publisher\" content=\"https:\/\/www.facebook.com\/Ballettodanceshop\/\" \/>\n<meta property=\"article:modified_time\" content=\"2025-09-23T16:51:16+00:00\" \/>\n<meta property=\"og:image\" content=\"https:\/\/www.ballettodanceshop.com\/wp-content\/uploads\/2025\/07\/silky-inter-fishnet-blk.jpg\" \/>\n\t<meta property=\"og:image:width\" content=\"600\" \/>\n\t<meta property=\"og:image:height\" content=\"600\" \/>\n\t<meta property=\"og:image:type\" content=\"image\/jpeg\" \/>\n<meta name=\"twitter:card\" content=\"summary_large_image\" \/>\n<meta name=\"twitter:site\" content=\"@ballettodance\" \/>\n<script type=\"application\/ld+json\" class=\"yoast-schema-graph\">{\"@context\":\"https:\\\/\\\/schema.org\",\"@graph\":[{\"@type\":\"WebPage\",\"@id\":\"https:\\\/\\\/www.ballettodanceshop.com\\\/collants-de-danse-resilles-avec-pieds\\\/\",\"url\":\"https:\\\/\\\/www.ballettodanceshop.com\\\/collants-de-danse-resilles-avec-pieds\\\/\",\"name\":\"Collants de Danse R\u00e9silles avec Pieds - Balletto Dance Shop\",\"isPartOf\":{\"@id\":\"https:\\\/\\\/www.ballettodanceshop.com\\\/#website\"},\"primaryImageOfPage\":{\"@id\":\"https:\\\/\\\/www.ballettodanceshop.com\\\/collants-de-danse-resilles-avec-pieds\\\/#primaryimage\"},\"image\":{\"@id\":\"https:\\\/\\\/www.ballettodanceshop.com\\\/collants-de-danse-resilles-avec-pieds\\\/#primaryimage\"},\"thumbnailUrl\":\"https:\\\/\\\/www.ballettodanceshop.com\\\/wp-content\\\/uploads\\\/2025\\\/07\\\/silky-inter-fishnet-blk.jpg\",\"datePublished\":\"2020-05-28T19:28:04+00:00\",\"dateModified\":\"2025-09-23T16:51:16+00:00\",\"description\":\"Collants de danse r\u00e9silles avec pieds Silky pour le cabaret et danses latines \u00e0 texture fine et douce au toucher. PREMIER PRIX.\",\"breadcrumb\":{\"@id\":\"https:\\\/\\\/www.ballettodanceshop.com\\\/collants-de-danse-resilles-avec-pieds\\\/#breadcrumb\"},\"inLanguage\":\"en-GB\",\"potentialAction\":[{\"@type\":\"ReadAction\",\"target\":[\"https:\\\/\\\/www.ballettodanceshop.com\\\/collants-de-danse-resilles-avec-pieds\\\/\"]}]},{\"@type\":\"ImageObject\",\"inLanguage\":\"en-GB\",\"@id\":\"https:\\\/\\\/www.ballettodanceshop.com\\\/collants-de-danse-resilles-avec-pieds\\\/#primaryimage\",\"url\":\"https:\\\/\\\/www.ballettodanceshop.com\\\/wp-content\\\/uploads\\\/2025\\\/07\\\/silky-inter-fishnet-blk.jpg\",\"contentUrl\":\"https:\\\/\\\/www.ballettodanceshop.com\\\/wp-content\\\/uploads\\\/2025\\\/07\\\/silky-inter-fishnet-blk.jpg\",\"width\":600,\"height\":600},{\"@type\":\"BreadcrumbList\",\"@id\":\"https:\\\/\\\/www.ballettodanceshop.com\\\/collants-de-danse-resilles-avec-pieds\\\/#breadcrumb\",\"itemListElement\":[{\"@type\":\"ListItem\",\"position\":1,\"name\":\"Accueil\",\"item\":\"https:\\\/\\\/www.ballettodanceshop.com\\\/\"},{\"@type\":\"ListItem\",\"position\":2,\"name\":\"Produits\",\"item\":\"https:\\\/\\\/www.ballettodanceshop.com\\\/boutique\\\/\"},{\"@type\":\"ListItem\",\"position\":3,\"name\":\"Collants de Danse R\u00e9silles avec Pieds\"}]},{\"@type\":\"WebSite\",\"@id\":\"https:\\\/\\\/www.ballettodanceshop.com\\\/#website\",\"url\":\"https:\\\/\\\/www.ballettodanceshop.com\\\/\",\"name\":\"Balletto Dance Shop\",\"description\":\"Keep Dancing !\",\"publisher\":{\"@id\":\"https:\\\/\\\/www.ballettodanceshop.com\\\/#organization\"},\"alternateName\":\"Balletto\",\"potentialAction\":[{\"@type\":\"SearchAction\",\"target\":{\"@type\":\"EntryPoint\",\"urlTemplate\":\"https:\\\/\\\/www.ballettodanceshop.com\\\/?s={search_term_string}\"},\"query-input\":{\"@type\":\"PropertyValueSpecification\",\"valueRequired\":true,\"valueName\":\"search_term_string\"}}],\"inLanguage\":\"en-GB\"},{\"@type\":\"Organization\",\"@id\":\"https:\\\/\\\/www.ballettodanceshop.com\\\/#organization\",\"name\":\"Balletto Dance Shop\",\"alternateName\":\"Balletto\",\"url\":\"https:\\\/\\\/www.ballettodanceshop.com\\\/\",\"logo\":{\"@type\":\"ImageObject\",\"inLanguage\":\"en-GB\",\"@id\":\"https:\\\/\\\/www.ballettodanceshop.com\\\/#\\\/schema\\\/logo\\\/image\\\/\",\"url\":\"https:\\\/\\\/www.ballettodanceshop.com\\\/wp-content\\\/uploads\\\/2025\\\/06\\\/LOGO-1.png\",\"contentUrl\":\"https:\\\/\\\/www.ballettodanceshop.com\\\/wp-content\\\/uploads\\\/2025\\\/06\\\/LOGO-1.png\",\"width\":508,\"height\":209,\"caption\":\"Balletto Dance Shop\"},\"image\":{\"@id\":\"https:\\\/\\\/www.ballettodanceshop.com\\\/#\\\/schema\\\/logo\\\/image\\\/\"},\"sameAs\":[\"https:\\\/\\\/www.facebook.com\\\/Ballettodanceshop\\\/\",\"https:\\\/\\\/x.com\\\/ballettodance\",\"https:\\\/\\\/www.tiktok.com\\\/@ballettodanceshop\",\"https:\\\/\\\/fr.linkedin.com\\\/company\\\/ballettodaneshop\",\"https:\\\/\\\/fr.pinterest.com\\\/ballettodanceshop\\\/\",\"https:\\\/\\\/www.threads.com\\\/@ballettodanceshop\",\"https:\\\/\\\/www.instagram.com\\\/ballettodanceshop\\\/\",\"https:\\\/\\\/www.youtube.com\\\/@ballettodanceshop\"]}]}<\/script>\n<!-- \/ Yoast SEO plugin. -->","yoast_head_json":{"title":"Fishnet Dance Tights with Feet - Balletto Dance Shop","description":"Fishnet dance tights with Silky feet for cabaret and Latin dancing, fine-textured and soft to the touch. FIRST PRICE.","robots":{"index":"index","follow":"follow","max-snippet":"max-snippet:-1","max-image-preview":"max-image-preview:large","max-video-preview":"max-video-preview:-1"},"canonical":"https:\/\/www.ballettodanceshop.com\/en\/resilient-dance-tights-with-feet\/","og_locale":"en_GB","og_type":"article","og_title":"Collants de Danse R\u00e9silles avec Pieds - Balletto Dance Shop","og_description":"Collants de danse r\u00e9silles avec pieds Silky pour le cabaret et danses latines \u00e0 texture fine et douce au toucher. PREMIER PRIX.","og_url":"https:\/\/www.ballettodanceshop.com\/en\/resilient-dance-tights-with-feet\/","og_site_name":"Balletto Dance Shop","article_publisher":"https:\/\/www.facebook.com\/Ballettodanceshop\/","article_modified_time":"2025-09-23T16:51:16+00:00","og_image":[{"width":600,"height":600,"url":"https:\/\/www.ballettodanceshop.com\/wp-content\/uploads\/2025\/07\/silky-inter-fishnet-blk.jpg","type":"image\/jpeg"}],"twitter_card":"summary_large_image","twitter_site":"@ballettodance","schema":{"@context":"https:\/\/schema.org","@graph":[{"@type":"WebPage","@id":"https:\/\/www.ballettodanceshop.com\/collants-de-danse-resilles-avec-pieds\/","url":"https:\/\/www.ballettodanceshop.com\/collants-de-danse-resilles-avec-pieds\/","name":"Fishnet Dance Tights with Feet - Balletto Dance Shop","isPartOf":{"@id":"https:\/\/www.ballettodanceshop.com\/#website"},"primaryImageOfPage":{"@id":"https:\/\/www.ballettodanceshop.com\/collants-de-danse-resilles-avec-pieds\/#primaryimage"},"image":{"@id":"https:\/\/www.ballettodanceshop.com\/collants-de-danse-resilles-avec-pieds\/#primaryimage"},"thumbnailUrl":"https:\/\/www.ballettodanceshop.com\/wp-content\/uploads\/2025\/07\/silky-inter-fishnet-blk.jpg","datePublished":"2020-05-28T19:28:04+00:00","dateModified":"2025-09-23T16:51:16+00:00","description":"Fishnet dance tights with Silky feet for cabaret and Latin dancing, fine-textured and soft to the touch. FIRST PRICE.","breadcrumb":{"@id":"https:\/\/www.ballettodanceshop.com\/collants-de-danse-resilles-avec-pieds\/#breadcrumb"},"inLanguage":"en-GB","potentialAction":[{"@type":"ReadAction","target":["https:\/\/www.ballettodanceshop.com\/collants-de-danse-resilles-avec-pieds\/"]}]},{"@type":"ImageObject","inLanguage":"en-GB","@id":"https:\/\/www.ballettodanceshop.com\/collants-de-danse-resilles-avec-pieds\/#primaryimage","url":"https:\/\/www.ballettodanceshop.com\/wp-content\/uploads\/2025\/07\/silky-inter-fishnet-blk.jpg","contentUrl":"https:\/\/www.ballettodanceshop.com\/wp-content\/uploads\/2025\/07\/silky-inter-fishnet-blk.jpg","width":600,"height":600},{"@type":"BreadcrumbList","@id":"https:\/\/www.ballettodanceshop.com\/collants-de-danse-resilles-avec-pieds\/#breadcrumb","itemListElement":[{"@type":"ListItem","position":1,"name":"Accueil","item":"https:\/\/www.ballettodanceshop.com\/"},{"@type":"ListItem","position":2,"name":"Produits","item":"https:\/\/www.ballettodanceshop.com\/boutique\/"},{"@type":"ListItem","position":3,"name":"Collants de Danse R\u00e9silles avec Pieds"}]},{"@type":"WebSite","@id":"https:\/\/www.ballettodanceshop.com\/#website","url":"https:\/\/www.ballettodanceshop.com\/","name":"Balletto Dance Shop","description":"Keep Dancing!","publisher":{"@id":"https:\/\/www.ballettodanceshop.com\/#organization"},"alternateName":"Balletto","potentialAction":[{"@type":"SearchAction","target":{"@type":"EntryPoint","urlTemplate":"https:\/\/www.ballettodanceshop.com\/?s={search_term_string}"},"query-input":{"@type":"PropertyValueSpecification","valueRequired":true,"valueName":"search_term_string"}}],"inLanguage":"en-GB"},{"@type":"Organization","@id":"https:\/\/www.ballettodanceshop.com\/#organization","name":"Balletto Dance Shop","alternateName":"Balletto","url":"https:\/\/www.ballettodanceshop.com\/","logo":{"@type":"ImageObject","inLanguage":"en-GB","@id":"https:\/\/www.ballettodanceshop.com\/#\/schema\/logo\/image\/","url":"https:\/\/www.ballettodanceshop.com\/wp-content\/uploads\/2025\/06\/LOGO-1.png","contentUrl":"https:\/\/www.ballettodanceshop.com\/wp-content\/uploads\/2025\/06\/LOGO-1.png","width":508,"height":209,"caption":"Balletto Dance Shop"},"image":{"@id":"https:\/\/www.ballettodanceshop.com\/#\/schema\/logo\/image\/"},"sameAs":["https:\/\/www.facebook.com\/Ballettodanceshop\/","https:\/\/x.com\/ballettodance","https:\/\/www.tiktok.com\/@ballettodanceshop","https:\/\/fr.linkedin.com\/company\/ballettodaneshop","https:\/\/fr.pinterest.com\/ballettodanceshop\/","https:\/\/www.threads.com\/@ballettodanceshop","https:\/\/www.instagram.com\/ballettodanceshop\/","https:\/\/www.youtube.com\/@ballettodanceshop"]}]}},"_links":{"self":[{"href":"https:\/\/www.ballettodanceshop.com\/en\/wp-json\/wp\/v2\/product\/51222","targetHints":{"allow":["GET"]}}],"collection":[{"href":"https:\/\/www.ballettodanceshop.com\/en\/wp-json\/wp\/v2\/product"}],"about":[{"href":"https:\/\/www.ballettodanceshop.com\/en\/wp-json\/wp\/v2\/types\/product"}],"replies":[{"embeddable":true,"href":"https:\/\/www.ballettodanceshop.com\/en\/wp-json\/wp\/v2\/comments?post=51222"}],"wp:featuredmedia":[{"embeddable":true,"href":"https:\/\/www.ballettodanceshop.com\/en\/wp-json\/wp\/v2\/media\/2238"}],"wp:attachment":[{"href":"https:\/\/www.ballettodanceshop.com\/en\/wp-json\/wp\/v2\/media?parent=51222"}],"wp:term":[{"taxonomy":"product_brand","embeddable":true,"href":"https:\/\/www.ballettodanceshop.com\/en\/wp-json\/wp\/v2\/product_brand?post=51222"},{"taxonomy":"product_cat","embeddable":true,"href":"https:\/\/www.ballettodanceshop.com\/en\/wp-json\/wp\/v2\/product_cat?post=51222"},{"taxonomy":"product_tag","embeddable":true,"href":"https:\/\/www.ballettodanceshop.com\/en\/wp-json\/wp\/v2\/product_tag?post=51222"}],"curies":[{"name":"wp","href":"https:\/\/api.w.org\/{rel}","templated":true}]}}