{"id":51216,"date":"2020-05-28T21:28:01","date_gmt":"2020-05-28T19:28:01","guid":{"rendered":"https:\/\/www.ballettodanceshop.com\/collants-brillants-avec-pieds-adulte\/"},"modified":"2025-11-19T10:02:51","modified_gmt":"2025-11-19T09:02:51","slug":"shiny-tights-with-adult-feet","status":"publish","type":"product","link":"https:\/\/www.ballettodanceshop.com\/en\/collants-brillants-avec-pieds-adulte\/","title":{"rendered":"Glossy Tights with Feet Adult"},"content":{"rendered":"<p><strong>Glossy Tights with Feet Adult<\/strong><\/p>\n<p>The must-have in the Latin dance tights range.<\/p>\n<p>Ce collant avec pieds, \u00e9pouse parfaitement la ligne de jambe et permet maintien et confort dans votre pratique de vos danses favorites. Le mod\u00e8le propose un renfort au niveau de l\u2019entrejambe pour encore plus de confort. Les coutures au niveau des pieds sont invisibles, un atout d\u2019esth\u00e9tisme et de confort \u00e0 ne pas n\u00e9gliger. Notre collant de danse latines brillant se mariera parfaitement avec vos chaussons de rock tout comme avec vos chaussures de danses de salon.<\/p>\n<p>Composition: 88% Polyamide, 12% Elastane.<\/p>\n<p>Size conversion: S=150-162cm M=152-172cm L=162-178cm XL=165-183cm<\/p>\n<p><strong>Made in Italy<\/strong><\/p>","protected":false},"excerpt":{"rendered":"<p>Balletto Dance Shop s\u00e9lectionne pour vous les Collants de danse les plus qualitatifs et les plus innovants.<\/p>\n<p>These shiny 60 denier dance tights are widely used for stage, Latin dance, cabaret and even in town.<\/p>\n<p>The silky, sheathing effect will enhance your legs and erase small imperfections.<\/p>\n<p>Fabriqu\u00e9s avec des fils brillants en Italie, ceinture de confort plate et sans \u00e9tiquette int\u00e9rieur, ces collants offrent un look non visible sous le justaucorps.<\/p>\n<p>Discreet gusset.<\/p>\n<p>&nbsp;<\/p>","protected":false},"featured_media":2222,"comment_status":"open","ping_status":"closed","template":"","meta":{"_acf_changed":false},"product_brand":[],"product_cat":[195,352,353,197,246,113,19,91,347,97],"product_tag":[786],"class_list":{"0":"post-51216","1":"product","2":"type-product","3":"status-publish","4":"has-post-thumbnail","6":"product_cat-collants-contemporain","7":"product_cat-collants-caractere","8":"product_cat-collants-danses-latines","9":"product_cat-collants-jazz","10":"product_cat-caractere","11":"product_cat-danses-latines","12":"product_cat-femmes","13":"product_cat-jazz","14":"product_cat-silky-dance","15":"product_cat-contemporain","16":"product_tag-livraison-24-a-48h","18":"first","19":"instock","20":"taxable","21":"shipping-taxable","22":"purchasable","23":"product-type-variable"},"acf":[],"yoast_head":"<!-- This site is optimized with the Yoast SEO plugin v27.4 - https:\/\/yoast.com\/product\/yoast-seo-wordpress\/ -->\n<title>Collants Brillants avec Pieds Adulte - Balletto Dance Shop<\/title>\n<meta name=\"description\" content=\"Collants Brillants avec Pieds pour Adulte les plus innovants. 60 deniers tr\u00e8s utilis\u00e9s pour la sc\u00e8ne, les danses latines et le cabaret. Fabriqu\u00e9s en Italie.\" \/>\n<meta name=\"robots\" content=\"index, follow, max-snippet:-1, max-image-preview:large, max-video-preview:-1\" \/>\n<link rel=\"canonical\" href=\"https:\/\/www.ballettodanceshop.com\/en\/shiny-tights-with-adult-feet\/\" \/>\n<meta property=\"og:locale\" content=\"en_GB\" \/>\n<meta property=\"og:type\" content=\"article\" \/>\n<meta property=\"og:title\" content=\"Collants Brillants avec Pieds Adulte - Balletto Dance Shop\" \/>\n<meta property=\"og:description\" content=\"Collants Brillants avec Pieds pour Adulte les plus innovants. 60 deniers tr\u00e8s utilis\u00e9s pour la sc\u00e8ne, les danses latines et le cabaret. Fabriqu\u00e9s en Italie.\" \/>\n<meta property=\"og:url\" content=\"https:\/\/www.ballettodanceshop.com\/en\/shiny-tights-with-adult-feet\/\" \/>\n<meta property=\"og:site_name\" content=\"Balletto Dance Shop\" \/>\n<meta property=\"article:publisher\" content=\"https:\/\/www.facebook.com\/Ballettodanceshop\/\" \/>\n<meta property=\"article:modified_time\" content=\"2025-11-19T09:02:51+00:00\" \/>\n<meta property=\"og:image\" content=\"https:\/\/www.ballettodanceshop.com\/wp-content\/uploads\/2025\/07\/silky-shimer-footed-lto.jpg\" \/>\n\t<meta property=\"og:image:width\" content=\"600\" \/>\n\t<meta property=\"og:image:height\" content=\"600\" \/>\n\t<meta property=\"og:image:type\" content=\"image\/jpeg\" \/>\n<meta name=\"twitter:card\" content=\"summary_large_image\" \/>\n<meta name=\"twitter:site\" content=\"@ballettodance\" \/>\n<meta name=\"twitter:label1\" content=\"Estimated reading time\" \/>\n\t<meta name=\"twitter:data1\" content=\"1 minute\" \/>\n<script type=\"application\/ld+json\" class=\"yoast-schema-graph\">{\"@context\":\"https:\\\/\\\/schema.org\",\"@graph\":[{\"@type\":\"WebPage\",\"@id\":\"https:\\\/\\\/www.ballettodanceshop.com\\\/collants-brillants-avec-pieds-adulte\\\/\",\"url\":\"https:\\\/\\\/www.ballettodanceshop.com\\\/collants-brillants-avec-pieds-adulte\\\/\",\"name\":\"Collants Brillants avec Pieds Adulte - Balletto Dance Shop\",\"isPartOf\":{\"@id\":\"https:\\\/\\\/www.ballettodanceshop.com\\\/#website\"},\"primaryImageOfPage\":{\"@id\":\"https:\\\/\\\/www.ballettodanceshop.com\\\/collants-brillants-avec-pieds-adulte\\\/#primaryimage\"},\"image\":{\"@id\":\"https:\\\/\\\/www.ballettodanceshop.com\\\/collants-brillants-avec-pieds-adulte\\\/#primaryimage\"},\"thumbnailUrl\":\"https:\\\/\\\/www.ballettodanceshop.com\\\/wp-content\\\/uploads\\\/2025\\\/07\\\/silky-shimer-footed-lto.jpg\",\"datePublished\":\"2020-05-28T19:28:01+00:00\",\"dateModified\":\"2025-11-19T09:02:51+00:00\",\"description\":\"Collants Brillants avec Pieds pour Adulte les plus innovants. 60 deniers tr\u00e8s utilis\u00e9s pour la sc\u00e8ne, les danses latines et le cabaret. Fabriqu\u00e9s en Italie.\",\"breadcrumb\":{\"@id\":\"https:\\\/\\\/www.ballettodanceshop.com\\\/collants-brillants-avec-pieds-adulte\\\/#breadcrumb\"},\"inLanguage\":\"en-GB\",\"potentialAction\":[{\"@type\":\"ReadAction\",\"target\":[\"https:\\\/\\\/www.ballettodanceshop.com\\\/collants-brillants-avec-pieds-adulte\\\/\"]}]},{\"@type\":\"ImageObject\",\"inLanguage\":\"en-GB\",\"@id\":\"https:\\\/\\\/www.ballettodanceshop.com\\\/collants-brillants-avec-pieds-adulte\\\/#primaryimage\",\"url\":\"https:\\\/\\\/www.ballettodanceshop.com\\\/wp-content\\\/uploads\\\/2025\\\/07\\\/silky-shimer-footed-lto.jpg\",\"contentUrl\":\"https:\\\/\\\/www.ballettodanceshop.com\\\/wp-content\\\/uploads\\\/2025\\\/07\\\/silky-shimer-footed-lto.jpg\",\"width\":600,\"height\":600,\"caption\":\"Collants de danse brillants avec pieds chair clair\"},{\"@type\":\"BreadcrumbList\",\"@id\":\"https:\\\/\\\/www.ballettodanceshop.com\\\/collants-brillants-avec-pieds-adulte\\\/#breadcrumb\",\"itemListElement\":[{\"@type\":\"ListItem\",\"position\":1,\"name\":\"Accueil\",\"item\":\"https:\\\/\\\/www.ballettodanceshop.com\\\/\"},{\"@type\":\"ListItem\",\"position\":2,\"name\":\"Produits\",\"item\":\"https:\\\/\\\/www.ballettodanceshop.com\\\/boutique\\\/\"},{\"@type\":\"ListItem\",\"position\":3,\"name\":\"Collants Brillants avec Pieds Adulte\"}]},{\"@type\":\"WebSite\",\"@id\":\"https:\\\/\\\/www.ballettodanceshop.com\\\/#website\",\"url\":\"https:\\\/\\\/www.ballettodanceshop.com\\\/\",\"name\":\"Balletto Dance Shop\",\"description\":\"Keep Dancing !\",\"publisher\":{\"@id\":\"https:\\\/\\\/www.ballettodanceshop.com\\\/#organization\"},\"alternateName\":\"Balletto\",\"potentialAction\":[{\"@type\":\"SearchAction\",\"target\":{\"@type\":\"EntryPoint\",\"urlTemplate\":\"https:\\\/\\\/www.ballettodanceshop.com\\\/?s={search_term_string}\"},\"query-input\":{\"@type\":\"PropertyValueSpecification\",\"valueRequired\":true,\"valueName\":\"search_term_string\"}}],\"inLanguage\":\"en-GB\"},{\"@type\":\"Organization\",\"@id\":\"https:\\\/\\\/www.ballettodanceshop.com\\\/#organization\",\"name\":\"Balletto Dance Shop\",\"alternateName\":\"Balletto\",\"url\":\"https:\\\/\\\/www.ballettodanceshop.com\\\/\",\"logo\":{\"@type\":\"ImageObject\",\"inLanguage\":\"en-GB\",\"@id\":\"https:\\\/\\\/www.ballettodanceshop.com\\\/#\\\/schema\\\/logo\\\/image\\\/\",\"url\":\"https:\\\/\\\/www.ballettodanceshop.com\\\/wp-content\\\/uploads\\\/2025\\\/06\\\/LOGO-1.png\",\"contentUrl\":\"https:\\\/\\\/www.ballettodanceshop.com\\\/wp-content\\\/uploads\\\/2025\\\/06\\\/LOGO-1.png\",\"width\":508,\"height\":209,\"caption\":\"Balletto Dance Shop\"},\"image\":{\"@id\":\"https:\\\/\\\/www.ballettodanceshop.com\\\/#\\\/schema\\\/logo\\\/image\\\/\"},\"sameAs\":[\"https:\\\/\\\/www.facebook.com\\\/Ballettodanceshop\\\/\",\"https:\\\/\\\/x.com\\\/ballettodance\",\"https:\\\/\\\/www.tiktok.com\\\/@ballettodanceshop\",\"https:\\\/\\\/fr.linkedin.com\\\/company\\\/ballettodaneshop\",\"https:\\\/\\\/fr.pinterest.com\\\/ballettodanceshop\\\/\",\"https:\\\/\\\/www.threads.com\\\/@ballettodanceshop\",\"https:\\\/\\\/www.instagram.com\\\/ballettodanceshop\\\/\",\"https:\\\/\\\/www.youtube.com\\\/@ballettodanceshop\"]}]}<\/script>\n<!-- \/ Yoast SEO plugin. -->","yoast_head_json":{"title":"Glossy Tights with Feet Adult - Balletto Dance Shop","description":"Collants Brillants avec Pieds pour Adulte les plus innovants. 60 deniers tr\u00e8s utilis\u00e9s pour la sc\u00e8ne, les danses latines et le cabaret. Fabriqu\u00e9s en Italie.","robots":{"index":"index","follow":"follow","max-snippet":"max-snippet:-1","max-image-preview":"max-image-preview:large","max-video-preview":"max-video-preview:-1"},"canonical":"https:\/\/www.ballettodanceshop.com\/en\/shiny-tights-with-adult-feet\/","og_locale":"en_GB","og_type":"article","og_title":"Collants Brillants avec Pieds Adulte - Balletto Dance Shop","og_description":"Collants Brillants avec Pieds pour Adulte les plus innovants. 60 deniers tr\u00e8s utilis\u00e9s pour la sc\u00e8ne, les danses latines et le cabaret. Fabriqu\u00e9s en Italie.","og_url":"https:\/\/www.ballettodanceshop.com\/en\/shiny-tights-with-adult-feet\/","og_site_name":"Balletto Dance Shop","article_publisher":"https:\/\/www.facebook.com\/Ballettodanceshop\/","article_modified_time":"2025-11-19T09:02:51+00:00","og_image":[{"width":600,"height":600,"url":"https:\/\/www.ballettodanceshop.com\/wp-content\/uploads\/2025\/07\/silky-shimer-footed-lto.jpg","type":"image\/jpeg"}],"twitter_card":"summary_large_image","twitter_site":"@ballettodance","twitter_misc":{"Estimated reading time":"1 minute"},"schema":{"@context":"https:\/\/schema.org","@graph":[{"@type":"WebPage","@id":"https:\/\/www.ballettodanceshop.com\/collants-brillants-avec-pieds-adulte\/","url":"https:\/\/www.ballettodanceshop.com\/collants-brillants-avec-pieds-adulte\/","name":"Glossy Tights with Feet Adult - Balletto Dance Shop","isPartOf":{"@id":"https:\/\/www.ballettodanceshop.com\/#website"},"primaryImageOfPage":{"@id":"https:\/\/www.ballettodanceshop.com\/collants-brillants-avec-pieds-adulte\/#primaryimage"},"image":{"@id":"https:\/\/www.ballettodanceshop.com\/collants-brillants-avec-pieds-adulte\/#primaryimage"},"thumbnailUrl":"https:\/\/www.ballettodanceshop.com\/wp-content\/uploads\/2025\/07\/silky-shimer-footed-lto.jpg","datePublished":"2020-05-28T19:28:01+00:00","dateModified":"2025-11-19T09:02:51+00:00","description":"Collants Brillants avec Pieds pour Adulte les plus innovants. 60 deniers tr\u00e8s utilis\u00e9s pour la sc\u00e8ne, les danses latines et le cabaret. Fabriqu\u00e9s en Italie.","breadcrumb":{"@id":"https:\/\/www.ballettodanceshop.com\/collants-brillants-avec-pieds-adulte\/#breadcrumb"},"inLanguage":"en-GB","potentialAction":[{"@type":"ReadAction","target":["https:\/\/www.ballettodanceshop.com\/collants-brillants-avec-pieds-adulte\/"]}]},{"@type":"ImageObject","inLanguage":"en-GB","@id":"https:\/\/www.ballettodanceshop.com\/collants-brillants-avec-pieds-adulte\/#primaryimage","url":"https:\/\/www.ballettodanceshop.com\/wp-content\/uploads\/2025\/07\/silky-shimer-footed-lto.jpg","contentUrl":"https:\/\/www.ballettodanceshop.com\/wp-content\/uploads\/2025\/07\/silky-shimer-footed-lto.jpg","width":600,"height":600,"caption":"Collants de danse brillants avec pieds chair clair"},{"@type":"BreadcrumbList","@id":"https:\/\/www.ballettodanceshop.com\/collants-brillants-avec-pieds-adulte\/#breadcrumb","itemListElement":[{"@type":"ListItem","position":1,"name":"Accueil","item":"https:\/\/www.ballettodanceshop.com\/"},{"@type":"ListItem","position":2,"name":"Produits","item":"https:\/\/www.ballettodanceshop.com\/boutique\/"},{"@type":"ListItem","position":3,"name":"Collants Brillants avec Pieds Adulte"}]},{"@type":"WebSite","@id":"https:\/\/www.ballettodanceshop.com\/#website","url":"https:\/\/www.ballettodanceshop.com\/","name":"Balletto Dance Shop","description":"Keep Dancing!","publisher":{"@id":"https:\/\/www.ballettodanceshop.com\/#organization"},"alternateName":"Balletto","potentialAction":[{"@type":"SearchAction","target":{"@type":"EntryPoint","urlTemplate":"https:\/\/www.ballettodanceshop.com\/?s={search_term_string}"},"query-input":{"@type":"PropertyValueSpecification","valueRequired":true,"valueName":"search_term_string"}}],"inLanguage":"en-GB"},{"@type":"Organization","@id":"https:\/\/www.ballettodanceshop.com\/#organization","name":"Balletto Dance Shop","alternateName":"Balletto","url":"https:\/\/www.ballettodanceshop.com\/","logo":{"@type":"ImageObject","inLanguage":"en-GB","@id":"https:\/\/www.ballettodanceshop.com\/#\/schema\/logo\/image\/","url":"https:\/\/www.ballettodanceshop.com\/wp-content\/uploads\/2025\/06\/LOGO-1.png","contentUrl":"https:\/\/www.ballettodanceshop.com\/wp-content\/uploads\/2025\/06\/LOGO-1.png","width":508,"height":209,"caption":"Balletto Dance Shop"},"image":{"@id":"https:\/\/www.ballettodanceshop.com\/#\/schema\/logo\/image\/"},"sameAs":["https:\/\/www.facebook.com\/Ballettodanceshop\/","https:\/\/x.com\/ballettodance","https:\/\/www.tiktok.com\/@ballettodanceshop","https:\/\/fr.linkedin.com\/company\/ballettodaneshop","https:\/\/fr.pinterest.com\/ballettodanceshop\/","https:\/\/www.threads.com\/@ballettodanceshop","https:\/\/www.instagram.com\/ballettodanceshop\/","https:\/\/www.youtube.com\/@ballettodanceshop"]}]}},"_links":{"self":[{"href":"https:\/\/www.ballettodanceshop.com\/en\/wp-json\/wp\/v2\/product\/51216","targetHints":{"allow":["GET"]}}],"collection":[{"href":"https:\/\/www.ballettodanceshop.com\/en\/wp-json\/wp\/v2\/product"}],"about":[{"href":"https:\/\/www.ballettodanceshop.com\/en\/wp-json\/wp\/v2\/types\/product"}],"replies":[{"embeddable":true,"href":"https:\/\/www.ballettodanceshop.com\/en\/wp-json\/wp\/v2\/comments?post=51216"}],"wp:featuredmedia":[{"embeddable":true,"href":"https:\/\/www.ballettodanceshop.com\/en\/wp-json\/wp\/v2\/media\/2222"}],"wp:attachment":[{"href":"https:\/\/www.ballettodanceshop.com\/en\/wp-json\/wp\/v2\/media?parent=51216"}],"wp:term":[{"taxonomy":"product_brand","embeddable":true,"href":"https:\/\/www.ballettodanceshop.com\/en\/wp-json\/wp\/v2\/product_brand?post=51216"},{"taxonomy":"product_cat","embeddable":true,"href":"https:\/\/www.ballettodanceshop.com\/en\/wp-json\/wp\/v2\/product_cat?post=51216"},{"taxonomy":"product_tag","embeddable":true,"href":"https:\/\/www.ballettodanceshop.com\/en\/wp-json\/wp\/v2\/product_tag?post=51216"}],"curies":[{"name":"wp","href":"https:\/\/api.w.org\/{rel}","templated":true}]}}