{"id":51178,"date":"2020-05-25T21:07:44","date_gmt":"2020-05-25T19:07:44","guid":{"rendered":"https:\/\/www.ballettodanceshop.com\/pantalon-danses-latines-rumpf-barcelona\/"},"modified":"2025-08-24T17:39:03","modified_gmt":"2025-08-24T15:39:03","slug":"rumpf-barcelona-latin-dance-trousers","status":"publish","type":"product","link":"https:\/\/www.ballettodanceshop.com\/en\/pantalon-danses-latines-rumpf-barcelona\/","title":{"rendered":"Rumpf Barcelona Latin Dance Pants"},"content":{"rendered":"<p><strong>Rumpf Barcelona Latin Dance Trousers.<\/strong><\/p>\n<p>Polyester Elastane<\/p>\n<p>Made in Italy.<\/p>","protected":false},"excerpt":{"rendered":"<p>Elegance and refinement for these beautiful Latin dance trousers from Rumpf.<\/p>\n<p>Fluide et assez ample vers le bas, ce pantalon en coupe Jupe Culotte de danse de salon, de Tango ou de Salsa vous donne de la hauteur et une grande libert\u00e9 de mouvement.<\/p>\n<p>A highly sought-after model for beginners and experienced dancers.<\/p>","protected":false},"featured_media":2081,"comment_status":"open","ping_status":"open","template":"","meta":{"_acf_changed":false},"product_brand":[],"product_cat":[113,19,295,286,149,97],"product_tag":[789],"class_list":{"0":"post-51178","1":"product","2":"type-product","3":"status-publish","4":"has-post-thumbnail","6":"product_cat-danses-latines","7":"product_cat-femmes","8":"product_cat-pantalons-contemporain","9":"product_cat-pantalons-danses-latines","10":"product_cat-rumpf","11":"product_cat-contemporain","12":"product_tag-livraison-sous-1-semaine","14":"first","15":"instock","16":"taxable","17":"shipping-taxable","18":"purchasable","19":"product-type-variable"},"acf":[],"yoast_head":"<!-- This site is optimized with the Yoast SEO plugin v27.4 - https:\/\/yoast.com\/product\/yoast-seo-wordpress\/ -->\n<title>Pantalon Danses Latines Rumpf Barcelona - Balletto Dance Shop<\/title>\n<meta name=\"description\" content=\"Pantalon fluide et large pour les Danses Latines Rumpf Barcelona. Ce pantalon de danse est id\u00e9ale pour le tango et la salsa. Il peut \u00eatre port\u00e9 en ville.\" \/>\n<meta name=\"robots\" content=\"index, follow, max-snippet:-1, max-image-preview:large, max-video-preview:-1\" \/>\n<link rel=\"canonical\" href=\"https:\/\/www.ballettodanceshop.com\/en\/rumpf-barcelona-latin-dance-trousers\/\" \/>\n<meta property=\"og:locale\" content=\"en_GB\" \/>\n<meta property=\"og:type\" content=\"article\" \/>\n<meta property=\"og:title\" content=\"Pantalon Danses Latines Rumpf Barcelona - Balletto Dance Shop\" \/>\n<meta property=\"og:description\" content=\"Pantalon fluide et large pour les Danses Latines Rumpf Barcelona. Ce pantalon de danse est id\u00e9ale pour le tango et la salsa. Il peut \u00eatre port\u00e9 en ville.\" \/>\n<meta property=\"og:url\" content=\"https:\/\/www.ballettodanceshop.com\/en\/rumpf-barcelona-latin-dance-trousers\/\" \/>\n<meta property=\"og:site_name\" content=\"Balletto Dance Shop\" \/>\n<meta property=\"article:publisher\" content=\"https:\/\/www.facebook.com\/Ballettodanceshop\/\" \/>\n<meta property=\"article:modified_time\" content=\"2025-08-24T15:39:03+00:00\" \/>\n<meta property=\"og:image\" content=\"https:\/\/www.ballettodanceshop.com\/wp-content\/uploads\/2025\/07\/ru3774_5735-9112-073-scaled-scaled.jpg\" \/>\n\t<meta property=\"og:image:width\" content=\"1366\" \/>\n\t<meta property=\"og:image:height\" content=\"2048\" \/>\n\t<meta property=\"og:image:type\" content=\"image\/jpeg\" \/>\n<meta name=\"twitter:card\" content=\"summary_large_image\" \/>\n<meta name=\"twitter:site\" content=\"@ballettodance\" \/>\n<script type=\"application\/ld+json\" class=\"yoast-schema-graph\">{\"@context\":\"https:\\\/\\\/schema.org\",\"@graph\":[{\"@type\":\"WebPage\",\"@id\":\"https:\\\/\\\/www.ballettodanceshop.com\\\/pantalon-danses-latines-rumpf-barcelona\\\/\",\"url\":\"https:\\\/\\\/www.ballettodanceshop.com\\\/pantalon-danses-latines-rumpf-barcelona\\\/\",\"name\":\"Pantalon Danses Latines Rumpf Barcelona - Balletto Dance Shop\",\"isPartOf\":{\"@id\":\"https:\\\/\\\/www.ballettodanceshop.com\\\/#website\"},\"primaryImageOfPage\":{\"@id\":\"https:\\\/\\\/www.ballettodanceshop.com\\\/pantalon-danses-latines-rumpf-barcelona\\\/#primaryimage\"},\"image\":{\"@id\":\"https:\\\/\\\/www.ballettodanceshop.com\\\/pantalon-danses-latines-rumpf-barcelona\\\/#primaryimage\"},\"thumbnailUrl\":\"https:\\\/\\\/www.ballettodanceshop.com\\\/wp-content\\\/uploads\\\/2025\\\/07\\\/ru3774_5735-9112-073-scaled-scaled.jpg\",\"datePublished\":\"2020-05-25T19:07:44+00:00\",\"dateModified\":\"2025-08-24T15:39:03+00:00\",\"description\":\"Pantalon fluide et large pour les Danses Latines Rumpf Barcelona. Ce pantalon de danse est id\u00e9ale pour le tango et la salsa. Il peut \u00eatre port\u00e9 en ville.\",\"breadcrumb\":{\"@id\":\"https:\\\/\\\/www.ballettodanceshop.com\\\/pantalon-danses-latines-rumpf-barcelona\\\/#breadcrumb\"},\"inLanguage\":\"en-GB\",\"potentialAction\":[{\"@type\":\"ReadAction\",\"target\":[\"https:\\\/\\\/www.ballettodanceshop.com\\\/pantalon-danses-latines-rumpf-barcelona\\\/\"]}]},{\"@type\":\"ImageObject\",\"inLanguage\":\"en-GB\",\"@id\":\"https:\\\/\\\/www.ballettodanceshop.com\\\/pantalon-danses-latines-rumpf-barcelona\\\/#primaryimage\",\"url\":\"https:\\\/\\\/www.ballettodanceshop.com\\\/wp-content\\\/uploads\\\/2025\\\/07\\\/ru3774_5735-9112-073-scaled-scaled.jpg\",\"contentUrl\":\"https:\\\/\\\/www.ballettodanceshop.com\\\/wp-content\\\/uploads\\\/2025\\\/07\\\/ru3774_5735-9112-073-scaled-scaled.jpg\",\"width\":1366,\"height\":2048,\"caption\":\"Pantalon Danses Latines\"},{\"@type\":\"BreadcrumbList\",\"@id\":\"https:\\\/\\\/www.ballettodanceshop.com\\\/pantalon-danses-latines-rumpf-barcelona\\\/#breadcrumb\",\"itemListElement\":[{\"@type\":\"ListItem\",\"position\":1,\"name\":\"Accueil\",\"item\":\"https:\\\/\\\/www.ballettodanceshop.com\\\/\"},{\"@type\":\"ListItem\",\"position\":2,\"name\":\"Produits\",\"item\":\"https:\\\/\\\/www.ballettodanceshop.com\\\/boutique\\\/\"},{\"@type\":\"ListItem\",\"position\":3,\"name\":\"Pantalon Danses Latines Rumpf Barcelona\"}]},{\"@type\":\"WebSite\",\"@id\":\"https:\\\/\\\/www.ballettodanceshop.com\\\/#website\",\"url\":\"https:\\\/\\\/www.ballettodanceshop.com\\\/\",\"name\":\"Balletto Dance Shop\",\"description\":\"Keep Dancing !\",\"publisher\":{\"@id\":\"https:\\\/\\\/www.ballettodanceshop.com\\\/#organization\"},\"alternateName\":\"Balletto\",\"potentialAction\":[{\"@type\":\"SearchAction\",\"target\":{\"@type\":\"EntryPoint\",\"urlTemplate\":\"https:\\\/\\\/www.ballettodanceshop.com\\\/?s={search_term_string}\"},\"query-input\":{\"@type\":\"PropertyValueSpecification\",\"valueRequired\":true,\"valueName\":\"search_term_string\"}}],\"inLanguage\":\"en-GB\"},{\"@type\":\"Organization\",\"@id\":\"https:\\\/\\\/www.ballettodanceshop.com\\\/#organization\",\"name\":\"Balletto Dance Shop\",\"alternateName\":\"Balletto\",\"url\":\"https:\\\/\\\/www.ballettodanceshop.com\\\/\",\"logo\":{\"@type\":\"ImageObject\",\"inLanguage\":\"en-GB\",\"@id\":\"https:\\\/\\\/www.ballettodanceshop.com\\\/#\\\/schema\\\/logo\\\/image\\\/\",\"url\":\"https:\\\/\\\/www.ballettodanceshop.com\\\/wp-content\\\/uploads\\\/2025\\\/06\\\/LOGO-1.png\",\"contentUrl\":\"https:\\\/\\\/www.ballettodanceshop.com\\\/wp-content\\\/uploads\\\/2025\\\/06\\\/LOGO-1.png\",\"width\":508,\"height\":209,\"caption\":\"Balletto Dance Shop\"},\"image\":{\"@id\":\"https:\\\/\\\/www.ballettodanceshop.com\\\/#\\\/schema\\\/logo\\\/image\\\/\"},\"sameAs\":[\"https:\\\/\\\/www.facebook.com\\\/Ballettodanceshop\\\/\",\"https:\\\/\\\/x.com\\\/ballettodance\",\"https:\\\/\\\/www.tiktok.com\\\/@ballettodanceshop\",\"https:\\\/\\\/fr.linkedin.com\\\/company\\\/ballettodaneshop\",\"https:\\\/\\\/fr.pinterest.com\\\/ballettodanceshop\\\/\",\"https:\\\/\\\/www.threads.com\\\/@ballettodanceshop\",\"https:\\\/\\\/www.instagram.com\\\/ballettodanceshop\\\/\",\"https:\\\/\\\/www.youtube.com\\\/@ballettodanceshop\"]}]}<\/script>\n<!-- \/ Yoast SEO plugin. -->","yoast_head_json":{"title":"Rumpf Barcelona Latin Dance Pants - Balletto Dance Shop","description":"Flowing, wide-leg trousers for Rumpf Barcelona Latin Dances. These dance trousers are ideal for tango and salsa. They can be worn in town.","robots":{"index":"index","follow":"follow","max-snippet":"max-snippet:-1","max-image-preview":"max-image-preview:large","max-video-preview":"max-video-preview:-1"},"canonical":"https:\/\/www.ballettodanceshop.com\/en\/rumpf-barcelona-latin-dance-trousers\/","og_locale":"en_GB","og_type":"article","og_title":"Pantalon Danses Latines Rumpf Barcelona - Balletto Dance Shop","og_description":"Pantalon fluide et large pour les Danses Latines Rumpf Barcelona. Ce pantalon de danse est id\u00e9ale pour le tango et la salsa. Il peut \u00eatre port\u00e9 en ville.","og_url":"https:\/\/www.ballettodanceshop.com\/en\/rumpf-barcelona-latin-dance-trousers\/","og_site_name":"Balletto Dance Shop","article_publisher":"https:\/\/www.facebook.com\/Ballettodanceshop\/","article_modified_time":"2025-08-24T15:39:03+00:00","og_image":[{"width":1366,"height":2048,"url":"https:\/\/www.ballettodanceshop.com\/wp-content\/uploads\/2025\/07\/ru3774_5735-9112-073-scaled-scaled.jpg","type":"image\/jpeg"}],"twitter_card":"summary_large_image","twitter_site":"@ballettodance","schema":{"@context":"https:\/\/schema.org","@graph":[{"@type":"WebPage","@id":"https:\/\/www.ballettodanceshop.com\/pantalon-danses-latines-rumpf-barcelona\/","url":"https:\/\/www.ballettodanceshop.com\/pantalon-danses-latines-rumpf-barcelona\/","name":"Rumpf Barcelona Latin Dance Pants - Balletto Dance Shop","isPartOf":{"@id":"https:\/\/www.ballettodanceshop.com\/#website"},"primaryImageOfPage":{"@id":"https:\/\/www.ballettodanceshop.com\/pantalon-danses-latines-rumpf-barcelona\/#primaryimage"},"image":{"@id":"https:\/\/www.ballettodanceshop.com\/pantalon-danses-latines-rumpf-barcelona\/#primaryimage"},"thumbnailUrl":"https:\/\/www.ballettodanceshop.com\/wp-content\/uploads\/2025\/07\/ru3774_5735-9112-073-scaled-scaled.jpg","datePublished":"2020-05-25T19:07:44+00:00","dateModified":"2025-08-24T15:39:03+00:00","description":"Flowing, wide-leg trousers for Rumpf Barcelona Latin Dances. These dance trousers are ideal for tango and salsa. They can be worn in town.","breadcrumb":{"@id":"https:\/\/www.ballettodanceshop.com\/pantalon-danses-latines-rumpf-barcelona\/#breadcrumb"},"inLanguage":"en-GB","potentialAction":[{"@type":"ReadAction","target":["https:\/\/www.ballettodanceshop.com\/pantalon-danses-latines-rumpf-barcelona\/"]}]},{"@type":"ImageObject","inLanguage":"en-GB","@id":"https:\/\/www.ballettodanceshop.com\/pantalon-danses-latines-rumpf-barcelona\/#primaryimage","url":"https:\/\/www.ballettodanceshop.com\/wp-content\/uploads\/2025\/07\/ru3774_5735-9112-073-scaled-scaled.jpg","contentUrl":"https:\/\/www.ballettodanceshop.com\/wp-content\/uploads\/2025\/07\/ru3774_5735-9112-073-scaled-scaled.jpg","width":1366,"height":2048,"caption":"Pantalon Danses Latines"},{"@type":"BreadcrumbList","@id":"https:\/\/www.ballettodanceshop.com\/pantalon-danses-latines-rumpf-barcelona\/#breadcrumb","itemListElement":[{"@type":"ListItem","position":1,"name":"Accueil","item":"https:\/\/www.ballettodanceshop.com\/"},{"@type":"ListItem","position":2,"name":"Produits","item":"https:\/\/www.ballettodanceshop.com\/boutique\/"},{"@type":"ListItem","position":3,"name":"Pantalon Danses Latines Rumpf Barcelona"}]},{"@type":"WebSite","@id":"https:\/\/www.ballettodanceshop.com\/#website","url":"https:\/\/www.ballettodanceshop.com\/","name":"Balletto Dance Shop","description":"Keep Dancing!","publisher":{"@id":"https:\/\/www.ballettodanceshop.com\/#organization"},"alternateName":"Balletto","potentialAction":[{"@type":"SearchAction","target":{"@type":"EntryPoint","urlTemplate":"https:\/\/www.ballettodanceshop.com\/?s={search_term_string}"},"query-input":{"@type":"PropertyValueSpecification","valueRequired":true,"valueName":"search_term_string"}}],"inLanguage":"en-GB"},{"@type":"Organization","@id":"https:\/\/www.ballettodanceshop.com\/#organization","name":"Balletto Dance Shop","alternateName":"Balletto","url":"https:\/\/www.ballettodanceshop.com\/","logo":{"@type":"ImageObject","inLanguage":"en-GB","@id":"https:\/\/www.ballettodanceshop.com\/#\/schema\/logo\/image\/","url":"https:\/\/www.ballettodanceshop.com\/wp-content\/uploads\/2025\/06\/LOGO-1.png","contentUrl":"https:\/\/www.ballettodanceshop.com\/wp-content\/uploads\/2025\/06\/LOGO-1.png","width":508,"height":209,"caption":"Balletto Dance Shop"},"image":{"@id":"https:\/\/www.ballettodanceshop.com\/#\/schema\/logo\/image\/"},"sameAs":["https:\/\/www.facebook.com\/Ballettodanceshop\/","https:\/\/x.com\/ballettodance","https:\/\/www.tiktok.com\/@ballettodanceshop","https:\/\/fr.linkedin.com\/company\/ballettodaneshop","https:\/\/fr.pinterest.com\/ballettodanceshop\/","https:\/\/www.threads.com\/@ballettodanceshop","https:\/\/www.instagram.com\/ballettodanceshop\/","https:\/\/www.youtube.com\/@ballettodanceshop"]}]}},"_links":{"self":[{"href":"https:\/\/www.ballettodanceshop.com\/en\/wp-json\/wp\/v2\/product\/51178","targetHints":{"allow":["GET"]}}],"collection":[{"href":"https:\/\/www.ballettodanceshop.com\/en\/wp-json\/wp\/v2\/product"}],"about":[{"href":"https:\/\/www.ballettodanceshop.com\/en\/wp-json\/wp\/v2\/types\/product"}],"replies":[{"embeddable":true,"href":"https:\/\/www.ballettodanceshop.com\/en\/wp-json\/wp\/v2\/comments?post=51178"}],"wp:featuredmedia":[{"embeddable":true,"href":"https:\/\/www.ballettodanceshop.com\/en\/wp-json\/wp\/v2\/media\/2081"}],"wp:attachment":[{"href":"https:\/\/www.ballettodanceshop.com\/en\/wp-json\/wp\/v2\/media?parent=51178"}],"wp:term":[{"taxonomy":"product_brand","embeddable":true,"href":"https:\/\/www.ballettodanceshop.com\/en\/wp-json\/wp\/v2\/product_brand?post=51178"},{"taxonomy":"product_cat","embeddable":true,"href":"https:\/\/www.ballettodanceshop.com\/en\/wp-json\/wp\/v2\/product_cat?post=51178"},{"taxonomy":"product_tag","embeddable":true,"href":"https:\/\/www.ballettodanceshop.com\/en\/wp-json\/wp\/v2\/product_tag?post=51178"}],"curies":[{"name":"wp","href":"https:\/\/api.w.org\/{rel}","templated":true}]}}