{"id":51156,"date":"2020-05-25T21:06:17","date_gmt":"2020-05-25T19:06:17","guid":{"rendered":"https:\/\/www.ballettodanceshop.com\/robe-danse-de-salon-rumpf-nancy\/"},"modified":"2025-08-24T17:38:55","modified_gmt":"2025-08-24T15:38:55","slug":"rumpf-nancy-ballroom-dance-dress","status":"publish","type":"product","link":"https:\/\/www.ballettodanceshop.com\/en\/robe-danse-de-salon-rumpf-nancy\/","title":{"rendered":"Rumpf Nancy Ballroom Dress"},"content":{"rendered":"<p><strong>Rumpf Nancy Ballroom Dress<\/strong><\/p>\n<p>5503<\/p>\n<p>Material: Polyamide and elastane<\/p>","protected":false},"excerpt":{"rendered":"<p>Simplicity is beauty....<\/p>\n<p>Add variety to your wardrobe with this charming wrap dress from our Ballroom Collection.<\/p>\n<p>Slightly fluid fabric to flatter your figure.<\/p>\n<p>What's more, the generous V-neckline emphasises the d\u00e9collet\u00e9 and offers plenty of room for a beautiful necklace.<\/p>\n<p>Combined with a blazer and a latin shoe, the evening dance outfit is complete. Swap the blazer for a denim jacket and the dance shoe for boots and this dress becomes a casual look.<\/p>\n<p>Sleeveless, it is made from Viscose, making it easy to wear for all occasions. <strong>Latin Dances<\/strong>, <strong>Ballroom dance<\/strong>, <strong>Salsa<\/strong>, <strong>Tango<\/strong> and <strong>Bachata<\/strong>.<\/p>","protected":false},"featured_media":2001,"comment_status":"open","ping_status":"open","template":"","meta":{"_acf_changed":false},"product_brand":[],"product_cat":[113,19,290],"product_tag":[789],"class_list":{"0":"post-51156","1":"product","2":"type-product","3":"status-publish","4":"has-post-thumbnail","6":"product_cat-danses-latines","7":"product_cat-femmes","8":"product_cat-robes","9":"product_tag-livraison-sous-1-semaine","11":"first","12":"instock","13":"taxable","14":"shipping-taxable","15":"purchasable","16":"product-type-variable"},"acf":[],"yoast_head":"<!-- This site is optimized with the Yoast SEO plugin v27.4 - https:\/\/yoast.com\/product\/yoast-seo-wordpress\/ -->\n<title>Robe Danse de Salon Rumpf Nancy - Balletto Dance Shop<\/title>\n<meta name=\"description\" content=\"Robe de grande \u00e9l\u00e9gance pour la Danse de Salon sans manches ce qui la rend facile \u00e0 porter pour toutes les Danses Latines, la Salsa, le Tango ou la Bachata.\" \/>\n<meta name=\"robots\" content=\"index, follow, max-snippet:-1, max-image-preview:large, max-video-preview:-1\" \/>\n<link rel=\"canonical\" href=\"https:\/\/www.ballettodanceshop.com\/en\/rumpf-nancy-ballroom-dance-dress\/\" \/>\n<meta property=\"og:locale\" content=\"en_GB\" \/>\n<meta property=\"og:type\" content=\"article\" \/>\n<meta property=\"og:title\" content=\"Robe Danse de Salon Rumpf Nancy - Balletto Dance Shop\" \/>\n<meta property=\"og:description\" content=\"Robe de grande \u00e9l\u00e9gance pour la Danse de Salon sans manches ce qui la rend facile \u00e0 porter pour toutes les Danses Latines, la Salsa, le Tango ou la Bachata.\" \/>\n<meta property=\"og:url\" content=\"https:\/\/www.ballettodanceshop.com\/en\/rumpf-nancy-ballroom-dance-dress\/\" \/>\n<meta property=\"og:site_name\" content=\"Balletto Dance Shop\" \/>\n<meta property=\"article:publisher\" content=\"https:\/\/www.facebook.com\/Ballettodanceshop\/\" \/>\n<meta property=\"article:modified_time\" content=\"2025-08-24T15:38:55+00:00\" \/>\n<meta property=\"og:image\" content=\"https:\/\/www.ballettodanceshop.com\/wp-content\/uploads\/2025\/07\/ru5503-114-scaled-scaled.jpg\" \/>\n\t<meta property=\"og:image:width\" content=\"1366\" \/>\n\t<meta property=\"og:image:height\" content=\"2048\" \/>\n\t<meta property=\"og:image:type\" content=\"image\/jpeg\" \/>\n<meta name=\"twitter:card\" content=\"summary_large_image\" \/>\n<meta name=\"twitter:site\" content=\"@ballettodance\" \/>\n<script type=\"application\/ld+json\" class=\"yoast-schema-graph\">{\"@context\":\"https:\\\/\\\/schema.org\",\"@graph\":[{\"@type\":\"WebPage\",\"@id\":\"https:\\\/\\\/www.ballettodanceshop.com\\\/robe-danse-de-salon-rumpf-nancy\\\/\",\"url\":\"https:\\\/\\\/www.ballettodanceshop.com\\\/robe-danse-de-salon-rumpf-nancy\\\/\",\"name\":\"Robe Danse de Salon Rumpf Nancy - Balletto Dance Shop\",\"isPartOf\":{\"@id\":\"https:\\\/\\\/www.ballettodanceshop.com\\\/#website\"},\"primaryImageOfPage\":{\"@id\":\"https:\\\/\\\/www.ballettodanceshop.com\\\/robe-danse-de-salon-rumpf-nancy\\\/#primaryimage\"},\"image\":{\"@id\":\"https:\\\/\\\/www.ballettodanceshop.com\\\/robe-danse-de-salon-rumpf-nancy\\\/#primaryimage\"},\"thumbnailUrl\":\"https:\\\/\\\/www.ballettodanceshop.com\\\/wp-content\\\/uploads\\\/2025\\\/07\\\/ru5503-114-scaled-scaled.jpg\",\"datePublished\":\"2020-05-25T19:06:17+00:00\",\"dateModified\":\"2025-08-24T15:38:55+00:00\",\"description\":\"Robe de grande \u00e9l\u00e9gance pour la Danse de Salon sans manches ce qui la rend facile \u00e0 porter pour toutes les Danses Latines, la Salsa, le Tango ou la Bachata.\",\"breadcrumb\":{\"@id\":\"https:\\\/\\\/www.ballettodanceshop.com\\\/robe-danse-de-salon-rumpf-nancy\\\/#breadcrumb\"},\"inLanguage\":\"en-GB\",\"potentialAction\":[{\"@type\":\"ReadAction\",\"target\":[\"https:\\\/\\\/www.ballettodanceshop.com\\\/robe-danse-de-salon-rumpf-nancy\\\/\"]}]},{\"@type\":\"ImageObject\",\"inLanguage\":\"en-GB\",\"@id\":\"https:\\\/\\\/www.ballettodanceshop.com\\\/robe-danse-de-salon-rumpf-nancy\\\/#primaryimage\",\"url\":\"https:\\\/\\\/www.ballettodanceshop.com\\\/wp-content\\\/uploads\\\/2025\\\/07\\\/ru5503-114-scaled-scaled.jpg\",\"contentUrl\":\"https:\\\/\\\/www.ballettodanceshop.com\\\/wp-content\\\/uploads\\\/2025\\\/07\\\/ru5503-114-scaled-scaled.jpg\",\"width\":1366,\"height\":2048,\"caption\":\"Robe de danse Latines Rumpf\"},{\"@type\":\"BreadcrumbList\",\"@id\":\"https:\\\/\\\/www.ballettodanceshop.com\\\/robe-danse-de-salon-rumpf-nancy\\\/#breadcrumb\",\"itemListElement\":[{\"@type\":\"ListItem\",\"position\":1,\"name\":\"Accueil\",\"item\":\"https:\\\/\\\/www.ballettodanceshop.com\\\/\"},{\"@type\":\"ListItem\",\"position\":2,\"name\":\"Produits\",\"item\":\"https:\\\/\\\/www.ballettodanceshop.com\\\/boutique\\\/\"},{\"@type\":\"ListItem\",\"position\":3,\"name\":\"Robe Danse de Salon Rumpf Nancy\"}]},{\"@type\":\"WebSite\",\"@id\":\"https:\\\/\\\/www.ballettodanceshop.com\\\/#website\",\"url\":\"https:\\\/\\\/www.ballettodanceshop.com\\\/\",\"name\":\"Balletto Dance Shop\",\"description\":\"Keep Dancing !\",\"publisher\":{\"@id\":\"https:\\\/\\\/www.ballettodanceshop.com\\\/#organization\"},\"alternateName\":\"Balletto\",\"potentialAction\":[{\"@type\":\"SearchAction\",\"target\":{\"@type\":\"EntryPoint\",\"urlTemplate\":\"https:\\\/\\\/www.ballettodanceshop.com\\\/?s={search_term_string}\"},\"query-input\":{\"@type\":\"PropertyValueSpecification\",\"valueRequired\":true,\"valueName\":\"search_term_string\"}}],\"inLanguage\":\"en-GB\"},{\"@type\":\"Organization\",\"@id\":\"https:\\\/\\\/www.ballettodanceshop.com\\\/#organization\",\"name\":\"Balletto Dance Shop\",\"alternateName\":\"Balletto\",\"url\":\"https:\\\/\\\/www.ballettodanceshop.com\\\/\",\"logo\":{\"@type\":\"ImageObject\",\"inLanguage\":\"en-GB\",\"@id\":\"https:\\\/\\\/www.ballettodanceshop.com\\\/#\\\/schema\\\/logo\\\/image\\\/\",\"url\":\"https:\\\/\\\/www.ballettodanceshop.com\\\/wp-content\\\/uploads\\\/2025\\\/06\\\/LOGO-1.png\",\"contentUrl\":\"https:\\\/\\\/www.ballettodanceshop.com\\\/wp-content\\\/uploads\\\/2025\\\/06\\\/LOGO-1.png\",\"width\":508,\"height\":209,\"caption\":\"Balletto Dance Shop\"},\"image\":{\"@id\":\"https:\\\/\\\/www.ballettodanceshop.com\\\/#\\\/schema\\\/logo\\\/image\\\/\"},\"sameAs\":[\"https:\\\/\\\/www.facebook.com\\\/Ballettodanceshop\\\/\",\"https:\\\/\\\/x.com\\\/ballettodance\",\"https:\\\/\\\/www.tiktok.com\\\/@ballettodanceshop\",\"https:\\\/\\\/fr.linkedin.com\\\/company\\\/ballettodaneshop\",\"https:\\\/\\\/fr.pinterest.com\\\/ballettodanceshop\\\/\",\"https:\\\/\\\/www.threads.com\\\/@ballettodanceshop\",\"https:\\\/\\\/www.instagram.com\\\/ballettodanceshop\\\/\",\"https:\\\/\\\/www.youtube.com\\\/@ballettodanceshop\"]}]}<\/script>\n<!-- \/ Yoast SEO plugin. -->","yoast_head_json":{"title":"Rumpf Nancy Ballroom Dress - Balletto Dance Shop","description":"Elegant, sleeveless ballroom dress that's easy to wear for all Latin dances, including Salsa, Tango and Bachata.","robots":{"index":"index","follow":"follow","max-snippet":"max-snippet:-1","max-image-preview":"max-image-preview:large","max-video-preview":"max-video-preview:-1"},"canonical":"https:\/\/www.ballettodanceshop.com\/en\/rumpf-nancy-ballroom-dance-dress\/","og_locale":"en_GB","og_type":"article","og_title":"Robe Danse de Salon Rumpf Nancy - Balletto Dance Shop","og_description":"Robe de grande \u00e9l\u00e9gance pour la Danse de Salon sans manches ce qui la rend facile \u00e0 porter pour toutes les Danses Latines, la Salsa, le Tango ou la Bachata.","og_url":"https:\/\/www.ballettodanceshop.com\/en\/rumpf-nancy-ballroom-dance-dress\/","og_site_name":"Balletto Dance Shop","article_publisher":"https:\/\/www.facebook.com\/Ballettodanceshop\/","article_modified_time":"2025-08-24T15:38:55+00:00","og_image":[{"width":1366,"height":2048,"url":"https:\/\/www.ballettodanceshop.com\/wp-content\/uploads\/2025\/07\/ru5503-114-scaled-scaled.jpg","type":"image\/jpeg"}],"twitter_card":"summary_large_image","twitter_site":"@ballettodance","schema":{"@context":"https:\/\/schema.org","@graph":[{"@type":"WebPage","@id":"https:\/\/www.ballettodanceshop.com\/robe-danse-de-salon-rumpf-nancy\/","url":"https:\/\/www.ballettodanceshop.com\/robe-danse-de-salon-rumpf-nancy\/","name":"Rumpf Nancy Ballroom Dress - Balletto Dance Shop","isPartOf":{"@id":"https:\/\/www.ballettodanceshop.com\/#website"},"primaryImageOfPage":{"@id":"https:\/\/www.ballettodanceshop.com\/robe-danse-de-salon-rumpf-nancy\/#primaryimage"},"image":{"@id":"https:\/\/www.ballettodanceshop.com\/robe-danse-de-salon-rumpf-nancy\/#primaryimage"},"thumbnailUrl":"https:\/\/www.ballettodanceshop.com\/wp-content\/uploads\/2025\/07\/ru5503-114-scaled-scaled.jpg","datePublished":"2020-05-25T19:06:17+00:00","dateModified":"2025-08-24T15:38:55+00:00","description":"Elegant, sleeveless ballroom dress that's easy to wear for all Latin dances, including Salsa, Tango and Bachata.","breadcrumb":{"@id":"https:\/\/www.ballettodanceshop.com\/robe-danse-de-salon-rumpf-nancy\/#breadcrumb"},"inLanguage":"en-GB","potentialAction":[{"@type":"ReadAction","target":["https:\/\/www.ballettodanceshop.com\/robe-danse-de-salon-rumpf-nancy\/"]}]},{"@type":"ImageObject","inLanguage":"en-GB","@id":"https:\/\/www.ballettodanceshop.com\/robe-danse-de-salon-rumpf-nancy\/#primaryimage","url":"https:\/\/www.ballettodanceshop.com\/wp-content\/uploads\/2025\/07\/ru5503-114-scaled-scaled.jpg","contentUrl":"https:\/\/www.ballettodanceshop.com\/wp-content\/uploads\/2025\/07\/ru5503-114-scaled-scaled.jpg","width":1366,"height":2048,"caption":"Robe de danse Latines Rumpf"},{"@type":"BreadcrumbList","@id":"https:\/\/www.ballettodanceshop.com\/robe-danse-de-salon-rumpf-nancy\/#breadcrumb","itemListElement":[{"@type":"ListItem","position":1,"name":"Accueil","item":"https:\/\/www.ballettodanceshop.com\/"},{"@type":"ListItem","position":2,"name":"Produits","item":"https:\/\/www.ballettodanceshop.com\/boutique\/"},{"@type":"ListItem","position":3,"name":"Robe Danse de Salon Rumpf Nancy"}]},{"@type":"WebSite","@id":"https:\/\/www.ballettodanceshop.com\/#website","url":"https:\/\/www.ballettodanceshop.com\/","name":"Balletto Dance Shop","description":"Keep Dancing!","publisher":{"@id":"https:\/\/www.ballettodanceshop.com\/#organization"},"alternateName":"Balletto","potentialAction":[{"@type":"SearchAction","target":{"@type":"EntryPoint","urlTemplate":"https:\/\/www.ballettodanceshop.com\/?s={search_term_string}"},"query-input":{"@type":"PropertyValueSpecification","valueRequired":true,"valueName":"search_term_string"}}],"inLanguage":"en-GB"},{"@type":"Organization","@id":"https:\/\/www.ballettodanceshop.com\/#organization","name":"Balletto Dance Shop","alternateName":"Balletto","url":"https:\/\/www.ballettodanceshop.com\/","logo":{"@type":"ImageObject","inLanguage":"en-GB","@id":"https:\/\/www.ballettodanceshop.com\/#\/schema\/logo\/image\/","url":"https:\/\/www.ballettodanceshop.com\/wp-content\/uploads\/2025\/06\/LOGO-1.png","contentUrl":"https:\/\/www.ballettodanceshop.com\/wp-content\/uploads\/2025\/06\/LOGO-1.png","width":508,"height":209,"caption":"Balletto Dance Shop"},"image":{"@id":"https:\/\/www.ballettodanceshop.com\/#\/schema\/logo\/image\/"},"sameAs":["https:\/\/www.facebook.com\/Ballettodanceshop\/","https:\/\/x.com\/ballettodance","https:\/\/www.tiktok.com\/@ballettodanceshop","https:\/\/fr.linkedin.com\/company\/ballettodaneshop","https:\/\/fr.pinterest.com\/ballettodanceshop\/","https:\/\/www.threads.com\/@ballettodanceshop","https:\/\/www.instagram.com\/ballettodanceshop\/","https:\/\/www.youtube.com\/@ballettodanceshop"]}]}},"_links":{"self":[{"href":"https:\/\/www.ballettodanceshop.com\/en\/wp-json\/wp\/v2\/product\/51156","targetHints":{"allow":["GET"]}}],"collection":[{"href":"https:\/\/www.ballettodanceshop.com\/en\/wp-json\/wp\/v2\/product"}],"about":[{"href":"https:\/\/www.ballettodanceshop.com\/en\/wp-json\/wp\/v2\/types\/product"}],"replies":[{"embeddable":true,"href":"https:\/\/www.ballettodanceshop.com\/en\/wp-json\/wp\/v2\/comments?post=51156"}],"wp:featuredmedia":[{"embeddable":true,"href":"https:\/\/www.ballettodanceshop.com\/en\/wp-json\/wp\/v2\/media\/2001"}],"wp:attachment":[{"href":"https:\/\/www.ballettodanceshop.com\/en\/wp-json\/wp\/v2\/media?parent=51156"}],"wp:term":[{"taxonomy":"product_brand","embeddable":true,"href":"https:\/\/www.ballettodanceshop.com\/en\/wp-json\/wp\/v2\/product_brand?post=51156"},{"taxonomy":"product_cat","embeddable":true,"href":"https:\/\/www.ballettodanceshop.com\/en\/wp-json\/wp\/v2\/product_cat?post=51156"},{"taxonomy":"product_tag","embeddable":true,"href":"https:\/\/www.ballettodanceshop.com\/en\/wp-json\/wp\/v2\/product_tag?post=51156"}],"curies":[{"name":"wp","href":"https:\/\/api.w.org\/{rel}","templated":true}]}}