{"id":51036,"date":"2020-05-25T20:46:21","date_gmt":"2020-05-25T18:46:21","guid":{"rendered":"https:\/\/www.ballettodanceshop.com\/bottines-cabaret-et-french-cancan-betty-black\/"},"modified":"2026-03-17T07:46:07","modified_gmt":"2026-03-17T06:46:07","slug":"cabaret-and-french-cancan-boots-betty-black","status":"publish","type":"product","link":"https:\/\/www.ballettodanceshop.com\/en\/bottines-cabaret-et-french-cancan-betty-black\/","title":{"rendered":"Betty Black Cabaret and French Cancan boots"},"content":{"rendered":"<p><strong>Betty Black Cabaret and French Cancan boots<\/strong><\/p>\n<p>Rumpf 2317<\/p>\n<p>Heel height: 5.5 cm<\/p>\n<p>Genuine leather<\/p>\n<p>Nubuck sole Dance<\/p>\n<p>Made in Portugal<\/p>\n<p>Not just<strong> dance boots<\/strong>These are ankle boots that can be worn in town thanks to their fashionable look. A new lifestyle.<\/p>\n<p>These boots are a big hit with our customers. <strong>Cabaret and French Cancan dancers. <\/strong>They are among our best sellers for<strong> performances of character dances and regional dances.<\/strong><\/p>\n<p>&nbsp;<\/p>\n<p>&nbsp;<\/p>","protected":false},"excerpt":{"rendered":"<p><strong>Paris 1830! The French Cancan.<\/strong><\/p>\n<p>Made from supple Italian leather with a special dance nubuck sole.<\/p>\n<p>The insole is cushioned for additional, exceptional comfort.<\/p>\n<p>Traditional lacing is ideal for adjusting width. The inside zip makes these dance boots quick and easy to put on.<\/p>\n<p>These high-performance ankle boots with shock-reinforced heels are perfect for dance, dance, and more. <strong>Cabaret<\/strong>, <strong>French Cancan<\/strong> or <strong>Dances of Character<\/strong>.<\/p>\n<p>The height of the coil heel is 5.5cm<\/p>","protected":false},"featured_media":1753,"comment_status":"open","ping_status":"closed","template":"","meta":{"_acf_changed":false},"product_brand":[],"product_cat":[156,271,142,246,113,19,61,149],"product_tag":[786],"class_list":{"0":"post-51036","1":"product","2":"type-product","3":"status-publish","4":"has-post-thumbnail","6":"product_cat-best-sellers","7":"product_cat-chaussures","8":"product_cat-chaussures-danses-latines","9":"product_cat-caractere","10":"product_cat-danses-latines","11":"product_cat-femmes","12":"product_cat-idees-cadeaux","13":"product_cat-rumpf","14":"product_tag-livraison-24-a-48h","16":"first","17":"instock","18":"taxable","19":"shipping-taxable","20":"purchasable","21":"product-type-variable"},"acf":[],"yoast_head":"<!-- This site is optimized with the Yoast SEO plugin v27.4 - https:\/\/yoast.com\/product\/yoast-seo-wordpress\/ -->\n<title>Bottines Cabaret et French Cancan Betty Black - Balletto Dance Shop<\/title>\n<meta name=\"description\" content=\"BEST SELLER. Bottines en cuir Noir avec semelles en nubuck sp\u00e9cial danse. Fermeture \u00e9clair int\u00e9rieur. Fabriqu\u00e9es main au Portugal. Finition haute qualit\u00e9.\" \/>\n<meta name=\"robots\" content=\"index, follow, max-snippet:-1, max-image-preview:large, max-video-preview:-1\" \/>\n<link rel=\"canonical\" href=\"https:\/\/www.ballettodanceshop.com\/en\/cabaret-and-french-cancan-boots-betty-black\/\" \/>\n<meta property=\"og:locale\" content=\"en_GB\" \/>\n<meta property=\"og:type\" content=\"article\" \/>\n<meta property=\"og:title\" content=\"Bottines Cabaret et French Cancan Betty Black - Balletto Dance Shop\" \/>\n<meta property=\"og:description\" content=\"BEST SELLER. Bottines en cuir Noir avec semelles en nubuck sp\u00e9cial danse. Fermeture \u00e9clair int\u00e9rieur. Fabriqu\u00e9es main au Portugal. Finition haute qualit\u00e9.\" \/>\n<meta property=\"og:url\" content=\"https:\/\/www.ballettodanceshop.com\/en\/cabaret-and-french-cancan-boots-betty-black\/\" \/>\n<meta property=\"og:site_name\" content=\"Balletto Dance Shop\" \/>\n<meta property=\"article:publisher\" content=\"https:\/\/www.facebook.com\/Ballettodanceshop\/\" \/>\n<meta property=\"article:modified_time\" content=\"2026-03-17T06:46:07+00:00\" \/>\n<meta property=\"og:image\" content=\"https:\/\/www.ballettodanceshop.com\/wp-content\/uploads\/2025\/07\/Boots_Cabaret_Betty_Ballettodanceshop.jpg\" \/>\n\t<meta property=\"og:image:width\" content=\"800\" \/>\n\t<meta property=\"og:image:height\" content=\"800\" \/>\n\t<meta property=\"og:image:type\" content=\"image\/jpeg\" \/>\n<meta name=\"twitter:card\" content=\"summary_large_image\" \/>\n<meta name=\"twitter:site\" content=\"@ballettodance\" \/>\n<meta name=\"twitter:label1\" content=\"Estimated reading time\" \/>\n\t<meta name=\"twitter:data1\" content=\"1 minute\" \/>\n<script type=\"application\/ld+json\" class=\"yoast-schema-graph\">{\"@context\":\"https:\\\/\\\/schema.org\",\"@graph\":[{\"@type\":\"WebPage\",\"@id\":\"https:\\\/\\\/www.ballettodanceshop.com\\\/bottines-cabaret-et-french-cancan-betty-black\\\/\",\"url\":\"https:\\\/\\\/www.ballettodanceshop.com\\\/bottines-cabaret-et-french-cancan-betty-black\\\/\",\"name\":\"Bottines Cabaret et French Cancan Betty Black - Balletto Dance Shop\",\"isPartOf\":{\"@id\":\"https:\\\/\\\/www.ballettodanceshop.com\\\/#website\"},\"primaryImageOfPage\":{\"@id\":\"https:\\\/\\\/www.ballettodanceshop.com\\\/bottines-cabaret-et-french-cancan-betty-black\\\/#primaryimage\"},\"image\":{\"@id\":\"https:\\\/\\\/www.ballettodanceshop.com\\\/bottines-cabaret-et-french-cancan-betty-black\\\/#primaryimage\"},\"thumbnailUrl\":\"https:\\\/\\\/www.ballettodanceshop.com\\\/wp-content\\\/uploads\\\/2025\\\/07\\\/Boots_Cabaret_Betty_Ballettodanceshop.jpg\",\"datePublished\":\"2020-05-25T18:46:21+00:00\",\"dateModified\":\"2026-03-17T06:46:07+00:00\",\"description\":\"BEST SELLER. Bottines en cuir Noir avec semelles en nubuck sp\u00e9cial danse. Fermeture \u00e9clair int\u00e9rieur. Fabriqu\u00e9es main au Portugal. Finition haute qualit\u00e9.\",\"breadcrumb\":{\"@id\":\"https:\\\/\\\/www.ballettodanceshop.com\\\/bottines-cabaret-et-french-cancan-betty-black\\\/#breadcrumb\"},\"inLanguage\":\"en-GB\",\"potentialAction\":[{\"@type\":\"ReadAction\",\"target\":[\"https:\\\/\\\/www.ballettodanceshop.com\\\/bottines-cabaret-et-french-cancan-betty-black\\\/\"]}]},{\"@type\":\"ImageObject\",\"inLanguage\":\"en-GB\",\"@id\":\"https:\\\/\\\/www.ballettodanceshop.com\\\/bottines-cabaret-et-french-cancan-betty-black\\\/#primaryimage\",\"url\":\"https:\\\/\\\/www.ballettodanceshop.com\\\/wp-content\\\/uploads\\\/2025\\\/07\\\/Boots_Cabaret_Betty_Ballettodanceshop.jpg\",\"contentUrl\":\"https:\\\/\\\/www.ballettodanceshop.com\\\/wp-content\\\/uploads\\\/2025\\\/07\\\/Boots_Cabaret_Betty_Ballettodanceshop.jpg\",\"width\":800,\"height\":800,\"caption\":\"Bottines Cabaret Betty\"},{\"@type\":\"BreadcrumbList\",\"@id\":\"https:\\\/\\\/www.ballettodanceshop.com\\\/bottines-cabaret-et-french-cancan-betty-black\\\/#breadcrumb\",\"itemListElement\":[{\"@type\":\"ListItem\",\"position\":1,\"name\":\"Accueil\",\"item\":\"https:\\\/\\\/www.ballettodanceshop.com\\\/\"},{\"@type\":\"ListItem\",\"position\":2,\"name\":\"Produits\",\"item\":\"https:\\\/\\\/www.ballettodanceshop.com\\\/boutique\\\/\"},{\"@type\":\"ListItem\",\"position\":3,\"name\":\"Bottines Cabaret et French Cancan Betty Black\"}]},{\"@type\":\"WebSite\",\"@id\":\"https:\\\/\\\/www.ballettodanceshop.com\\\/#website\",\"url\":\"https:\\\/\\\/www.ballettodanceshop.com\\\/\",\"name\":\"Balletto Dance Shop\",\"description\":\"Keep Dancing !\",\"publisher\":{\"@id\":\"https:\\\/\\\/www.ballettodanceshop.com\\\/#organization\"},\"alternateName\":\"Balletto\",\"potentialAction\":[{\"@type\":\"SearchAction\",\"target\":{\"@type\":\"EntryPoint\",\"urlTemplate\":\"https:\\\/\\\/www.ballettodanceshop.com\\\/?s={search_term_string}\"},\"query-input\":{\"@type\":\"PropertyValueSpecification\",\"valueRequired\":true,\"valueName\":\"search_term_string\"}}],\"inLanguage\":\"en-GB\"},{\"@type\":\"Organization\",\"@id\":\"https:\\\/\\\/www.ballettodanceshop.com\\\/#organization\",\"name\":\"Balletto Dance Shop\",\"alternateName\":\"Balletto\",\"url\":\"https:\\\/\\\/www.ballettodanceshop.com\\\/\",\"logo\":{\"@type\":\"ImageObject\",\"inLanguage\":\"en-GB\",\"@id\":\"https:\\\/\\\/www.ballettodanceshop.com\\\/#\\\/schema\\\/logo\\\/image\\\/\",\"url\":\"https:\\\/\\\/www.ballettodanceshop.com\\\/wp-content\\\/uploads\\\/2025\\\/06\\\/LOGO-1.png\",\"contentUrl\":\"https:\\\/\\\/www.ballettodanceshop.com\\\/wp-content\\\/uploads\\\/2025\\\/06\\\/LOGO-1.png\",\"width\":508,\"height\":209,\"caption\":\"Balletto Dance Shop\"},\"image\":{\"@id\":\"https:\\\/\\\/www.ballettodanceshop.com\\\/#\\\/schema\\\/logo\\\/image\\\/\"},\"sameAs\":[\"https:\\\/\\\/www.facebook.com\\\/Ballettodanceshop\\\/\",\"https:\\\/\\\/x.com\\\/ballettodance\",\"https:\\\/\\\/www.tiktok.com\\\/@ballettodanceshop\",\"https:\\\/\\\/fr.linkedin.com\\\/company\\\/ballettodaneshop\",\"https:\\\/\\\/fr.pinterest.com\\\/ballettodanceshop\\\/\",\"https:\\\/\\\/www.threads.com\\\/@ballettodanceshop\",\"https:\\\/\\\/www.instagram.com\\\/ballettodanceshop\\\/\",\"https:\\\/\\\/www.youtube.com\\\/@ballettodanceshop\"]}]}<\/script>\n<!-- \/ Yoast SEO plugin. -->","yoast_head_json":{"title":"Betty Black Cabaret and French Cancan Boots - Balletto Dance Shop","description":"BEST SELLER. Black leather ankle boots with special dance nubuck soles. Inside zip. Handmade in Portugal. High quality finish.","robots":{"index":"index","follow":"follow","max-snippet":"max-snippet:-1","max-image-preview":"max-image-preview:large","max-video-preview":"max-video-preview:-1"},"canonical":"https:\/\/www.ballettodanceshop.com\/en\/cabaret-and-french-cancan-boots-betty-black\/","og_locale":"en_GB","og_type":"article","og_title":"Bottines Cabaret et French Cancan Betty Black - Balletto Dance Shop","og_description":"BEST SELLER. Bottines en cuir Noir avec semelles en nubuck sp\u00e9cial danse. Fermeture \u00e9clair int\u00e9rieur. Fabriqu\u00e9es main au Portugal. Finition haute qualit\u00e9.","og_url":"https:\/\/www.ballettodanceshop.com\/en\/cabaret-and-french-cancan-boots-betty-black\/","og_site_name":"Balletto Dance Shop","article_publisher":"https:\/\/www.facebook.com\/Ballettodanceshop\/","article_modified_time":"2026-03-17T06:46:07+00:00","og_image":[{"width":800,"height":800,"url":"https:\/\/www.ballettodanceshop.com\/wp-content\/uploads\/2025\/07\/Boots_Cabaret_Betty_Ballettodanceshop.jpg","type":"image\/jpeg"}],"twitter_card":"summary_large_image","twitter_site":"@ballettodance","twitter_misc":{"Estimated reading time":"1 minute"},"schema":{"@context":"https:\/\/schema.org","@graph":[{"@type":"WebPage","@id":"https:\/\/www.ballettodanceshop.com\/bottines-cabaret-et-french-cancan-betty-black\/","url":"https:\/\/www.ballettodanceshop.com\/bottines-cabaret-et-french-cancan-betty-black\/","name":"Betty Black Cabaret and French Cancan Boots - Balletto Dance Shop","isPartOf":{"@id":"https:\/\/www.ballettodanceshop.com\/#website"},"primaryImageOfPage":{"@id":"https:\/\/www.ballettodanceshop.com\/bottines-cabaret-et-french-cancan-betty-black\/#primaryimage"},"image":{"@id":"https:\/\/www.ballettodanceshop.com\/bottines-cabaret-et-french-cancan-betty-black\/#primaryimage"},"thumbnailUrl":"https:\/\/www.ballettodanceshop.com\/wp-content\/uploads\/2025\/07\/Boots_Cabaret_Betty_Ballettodanceshop.jpg","datePublished":"2020-05-25T18:46:21+00:00","dateModified":"2026-03-17T06:46:07+00:00","description":"BEST SELLER. Black leather ankle boots with special dance nubuck soles. Inside zip. Handmade in Portugal. High quality finish.","breadcrumb":{"@id":"https:\/\/www.ballettodanceshop.com\/bottines-cabaret-et-french-cancan-betty-black\/#breadcrumb"},"inLanguage":"en-GB","potentialAction":[{"@type":"ReadAction","target":["https:\/\/www.ballettodanceshop.com\/bottines-cabaret-et-french-cancan-betty-black\/"]}]},{"@type":"ImageObject","inLanguage":"en-GB","@id":"https:\/\/www.ballettodanceshop.com\/bottines-cabaret-et-french-cancan-betty-black\/#primaryimage","url":"https:\/\/www.ballettodanceshop.com\/wp-content\/uploads\/2025\/07\/Boots_Cabaret_Betty_Ballettodanceshop.jpg","contentUrl":"https:\/\/www.ballettodanceshop.com\/wp-content\/uploads\/2025\/07\/Boots_Cabaret_Betty_Ballettodanceshop.jpg","width":800,"height":800,"caption":"Bottines Cabaret Betty"},{"@type":"BreadcrumbList","@id":"https:\/\/www.ballettodanceshop.com\/bottines-cabaret-et-french-cancan-betty-black\/#breadcrumb","itemListElement":[{"@type":"ListItem","position":1,"name":"Accueil","item":"https:\/\/www.ballettodanceshop.com\/"},{"@type":"ListItem","position":2,"name":"Produits","item":"https:\/\/www.ballettodanceshop.com\/boutique\/"},{"@type":"ListItem","position":3,"name":"Bottines Cabaret et French Cancan Betty Black"}]},{"@type":"WebSite","@id":"https:\/\/www.ballettodanceshop.com\/#website","url":"https:\/\/www.ballettodanceshop.com\/","name":"Balletto Dance Shop","description":"Keep Dancing!","publisher":{"@id":"https:\/\/www.ballettodanceshop.com\/#organization"},"alternateName":"Balletto","potentialAction":[{"@type":"SearchAction","target":{"@type":"EntryPoint","urlTemplate":"https:\/\/www.ballettodanceshop.com\/?s={search_term_string}"},"query-input":{"@type":"PropertyValueSpecification","valueRequired":true,"valueName":"search_term_string"}}],"inLanguage":"en-GB"},{"@type":"Organization","@id":"https:\/\/www.ballettodanceshop.com\/#organization","name":"Balletto Dance Shop","alternateName":"Balletto","url":"https:\/\/www.ballettodanceshop.com\/","logo":{"@type":"ImageObject","inLanguage":"en-GB","@id":"https:\/\/www.ballettodanceshop.com\/#\/schema\/logo\/image\/","url":"https:\/\/www.ballettodanceshop.com\/wp-content\/uploads\/2025\/06\/LOGO-1.png","contentUrl":"https:\/\/www.ballettodanceshop.com\/wp-content\/uploads\/2025\/06\/LOGO-1.png","width":508,"height":209,"caption":"Balletto Dance Shop"},"image":{"@id":"https:\/\/www.ballettodanceshop.com\/#\/schema\/logo\/image\/"},"sameAs":["https:\/\/www.facebook.com\/Ballettodanceshop\/","https:\/\/x.com\/ballettodance","https:\/\/www.tiktok.com\/@ballettodanceshop","https:\/\/fr.linkedin.com\/company\/ballettodaneshop","https:\/\/fr.pinterest.com\/ballettodanceshop\/","https:\/\/www.threads.com\/@ballettodanceshop","https:\/\/www.instagram.com\/ballettodanceshop\/","https:\/\/www.youtube.com\/@ballettodanceshop"]}]}},"_links":{"self":[{"href":"https:\/\/www.ballettodanceshop.com\/en\/wp-json\/wp\/v2\/product\/51036","targetHints":{"allow":["GET"]}}],"collection":[{"href":"https:\/\/www.ballettodanceshop.com\/en\/wp-json\/wp\/v2\/product"}],"about":[{"href":"https:\/\/www.ballettodanceshop.com\/en\/wp-json\/wp\/v2\/types\/product"}],"replies":[{"embeddable":true,"href":"https:\/\/www.ballettodanceshop.com\/en\/wp-json\/wp\/v2\/comments?post=51036"}],"wp:featuredmedia":[{"embeddable":true,"href":"https:\/\/www.ballettodanceshop.com\/en\/wp-json\/wp\/v2\/media\/1753"}],"wp:attachment":[{"href":"https:\/\/www.ballettodanceshop.com\/en\/wp-json\/wp\/v2\/media?parent=51036"}],"wp:term":[{"taxonomy":"product_brand","embeddable":true,"href":"https:\/\/www.ballettodanceshop.com\/en\/wp-json\/wp\/v2\/product_brand?post=51036"},{"taxonomy":"product_cat","embeddable":true,"href":"https:\/\/www.ballettodanceshop.com\/en\/wp-json\/wp\/v2\/product_cat?post=51036"},{"taxonomy":"product_tag","embeddable":true,"href":"https:\/\/www.ballettodanceshop.com\/en\/wp-json\/wp\/v2\/product_tag?post=51036"}],"curies":[{"name":"wp","href":"https:\/\/api.w.org\/{rel}","templated":true}]}}