{"id":50842,"date":"2020-05-25T20:36:53","date_gmt":"2020-05-25T18:36:53","guid":{"rendered":"https:\/\/www.ballettodanceshop.com\/the-big-tipby-rumpf\/"},"modified":"2026-01-13T18:44:33","modified_gmt":"2026-01-13T17:44:33","slug":"the-big-tipby-rumpf","status":"publish","type":"product","link":"https:\/\/www.ballettodanceshop.com\/en\/the-big-tipby-rumpf\/","title":{"rendered":"The Big Tip\u00aeBy Rumpf"},"content":{"rendered":"<p><strong>The Big Tip\u00ae By Rumpf<\/strong><\/p>\n<p>1423<\/p>\n<p>Made of silicone and fabric-covered elastic.<\/p>\n<p>Wash with warm water and Marseille soap.<\/p>\n<p>Two per pack.<\/p>\n<p>Ideal for women with Egyptian feet and big toe problems.<\/p>","protected":false},"excerpt":{"rendered":"<p>The Rumpf Gel <strong>Big Tip<\/strong> is a closed-toe protective tube for big toes.<\/p>\n<p>Basically for dancers, but anyone who wants to take care of their toes and feet can use it.<\/p>\n<p>The Big Tip\u00ae is made from a seamless, elasticated knit with less bulk and is anti-allergic.<\/p>\n<p>This protective tube absorbs shocks and reduces pressure on the nails, especially when you're on tip-toe.<\/p>\n<p>L&rsquo;int\u00e9rieur en silicone haute qualit\u00e9 aidant \u00e0 soulager la pression qui peut causer les ongles noires surtout quand on danse avec des pointes fabriqu\u00e9es \u00e0 base de poltron. Efficace sur le gros orteil lorsque le deuxi\u00e8me est plus long. Id\u00e9al \u00e9galement pour les ongles cass\u00e9s ou incarn\u00e9s<\/p>\n<p>Can be washed in lukewarm water and Marseille soap, and worn in any street shoes.<\/p>\n<p>Two per pack.<\/p>\n<p>&nbsp;<\/p>\n<h6 class=\"heading_title\"><\/h6>","protected":false},"featured_media":1469,"comment_status":"open","ping_status":"closed","template":"","meta":{"_acf_changed":false},"product_brand":[],"product_cat":[96,66,110,92,151,106,102,98,94,108,90,104,100,67,247,111,107,103,99,93,65,112,95,246,19,25,26,23,105,89,109,91,149,62,101,97],"product_tag":[789],"class_list":{"0":"post-50842","1":"product","2":"type-product","3":"status-publish","4":"has-post-thumbnail","6":"product_cat-accessoires-contemporain-hommes","7":"product_cat-accessoires-classique-filles","8":"product_cat-accessoires-jazz-filles","9":"product_cat-accessoires-jazz","10":"product_cat-accessoires-contemporain-filles","11":"product_cat-accessoires-jazz-garcons","12":"product_cat-accessoires-classique-hommes","13":"product_cat-accessoires-contemporain","14":"product_cat-accessoires-classique-garcons","15":"product_cat-accessoires-athleisure-yoga-gym-pilates","16":"product_cat-accessoires-jazz-hommes","17":"product_cat-accessoires-athleisure","18":"product_cat-accessoires-caractere-hommes","19":"product_cat-accessoires","20":"product_cat-accessoires-caractere","21":"product_cat-athleisure-yoga-gym-pilates-filles","22":"product_cat-athleisure-yoga-gym-pilates","23":"product_cat-athleisure","24":"product_cat-caractere-hommes","25":"product_cat-classique-garcons","26":"product_cat-classique-filles","27":"product_cat-contemporain-filles","28":"product_cat-contemporain-hommes","29":"product_cat-caractere","30":"product_cat-femmes","31":"product_cat-filles","32":"product_cat-garcons","33":"product_cat-hommes","34":"product_cat-jazz-garcons","35":"product_cat-jazz-hommes","36":"product_cat-jazz-filles","37":"product_cat-jazz","38":"product_cat-rumpf","39":"product_cat-classique","40":"product_cat-classique-hommes","41":"product_cat-contemporain","42":"product_tag-livraison-sous-1-semaine","44":"first","45":"instock","46":"taxable","47":"shipping-taxable","48":"purchasable","49":"product-type-simple"},"acf":[],"yoast_head":"<!-- This site is optimized with the Yoast SEO plugin v27.4 - https:\/\/yoast.com\/product\/yoast-seo-wordpress\/ -->\n<title>The Big Tip\u00aeBy Rumpf - Balletto Dance Shop<\/title>\n<meta name=\"description\" content=\"S&#039;adaptent parfaitement aux gros orteils pour amortir les chocs et diminuer la pression sur les ongles dans les pointes de danse ou les chaussures de ville.\" \/>\n<meta name=\"robots\" content=\"index, follow, max-snippet:-1, max-image-preview:large, max-video-preview:-1\" \/>\n<link rel=\"canonical\" href=\"https:\/\/www.ballettodanceshop.com\/en\/the-big-tipby-rumpf\/\" \/>\n<meta property=\"og:locale\" content=\"en_GB\" \/>\n<meta property=\"og:type\" content=\"article\" \/>\n<meta property=\"og:title\" content=\"The Big Tip\u00aeBy Rumpf - Balletto Dance Shop\" \/>\n<meta property=\"og:description\" content=\"S&#039;adaptent parfaitement aux gros orteils pour amortir les chocs et diminuer la pression sur les ongles dans les pointes de danse ou les chaussures de ville.\" \/>\n<meta property=\"og:url\" content=\"https:\/\/www.ballettodanceshop.com\/en\/the-big-tipby-rumpf\/\" \/>\n<meta property=\"og:site_name\" content=\"Balletto Dance Shop\" \/>\n<meta property=\"article:publisher\" content=\"https:\/\/www.facebook.com\/Ballettodanceshop\/\" \/>\n<meta property=\"article:modified_time\" content=\"2026-01-13T17:44:33+00:00\" \/>\n<meta property=\"og:image\" content=\"https:\/\/www.ballettodanceshop.com\/wp-content\/uploads\/2025\/07\/1423_gel_big_tip-2-a_1.jpg\" \/>\n\t<meta property=\"og:image:width\" content=\"1200\" \/>\n\t<meta property=\"og:image:height\" content=\"1600\" \/>\n\t<meta property=\"og:image:type\" content=\"image\/jpeg\" \/>\n<meta name=\"twitter:card\" content=\"summary_large_image\" \/>\n<meta name=\"twitter:site\" content=\"@ballettodance\" \/>\n<meta name=\"twitter:label1\" content=\"Estimated reading time\" \/>\n\t<meta name=\"twitter:data1\" content=\"1 minute\" \/>\n<script type=\"application\/ld+json\" class=\"yoast-schema-graph\">{\"@context\":\"https:\\\/\\\/schema.org\",\"@graph\":[{\"@type\":\"WebPage\",\"@id\":\"https:\\\/\\\/www.ballettodanceshop.com\\\/the-big-tipby-rumpf\\\/\",\"url\":\"https:\\\/\\\/www.ballettodanceshop.com\\\/the-big-tipby-rumpf\\\/\",\"name\":\"The Big Tip\u00aeBy Rumpf - Balletto Dance Shop\",\"isPartOf\":{\"@id\":\"https:\\\/\\\/www.ballettodanceshop.com\\\/#website\"},\"primaryImageOfPage\":{\"@id\":\"https:\\\/\\\/www.ballettodanceshop.com\\\/the-big-tipby-rumpf\\\/#primaryimage\"},\"image\":{\"@id\":\"https:\\\/\\\/www.ballettodanceshop.com\\\/the-big-tipby-rumpf\\\/#primaryimage\"},\"thumbnailUrl\":\"https:\\\/\\\/www.ballettodanceshop.com\\\/wp-content\\\/uploads\\\/2025\\\/07\\\/1423_gel_big_tip-2-a_1.jpg\",\"datePublished\":\"2020-05-25T18:36:53+00:00\",\"dateModified\":\"2026-01-13T17:44:33+00:00\",\"description\":\"S'adaptent parfaitement aux gros orteils pour amortir les chocs et diminuer la pression sur les ongles dans les pointes de danse ou les chaussures de ville.\",\"breadcrumb\":{\"@id\":\"https:\\\/\\\/www.ballettodanceshop.com\\\/the-big-tipby-rumpf\\\/#breadcrumb\"},\"inLanguage\":\"en-GB\",\"potentialAction\":[{\"@type\":\"ReadAction\",\"target\":[\"https:\\\/\\\/www.ballettodanceshop.com\\\/the-big-tipby-rumpf\\\/\"]}]},{\"@type\":\"ImageObject\",\"inLanguage\":\"en-GB\",\"@id\":\"https:\\\/\\\/www.ballettodanceshop.com\\\/the-big-tipby-rumpf\\\/#primaryimage\",\"url\":\"https:\\\/\\\/www.ballettodanceshop.com\\\/wp-content\\\/uploads\\\/2025\\\/07\\\/1423_gel_big_tip-2-a_1.jpg\",\"contentUrl\":\"https:\\\/\\\/www.ballettodanceshop.com\\\/wp-content\\\/uploads\\\/2025\\\/07\\\/1423_gel_big_tip-2-a_1.jpg\",\"width\":1200,\"height\":1600,\"caption\":\"Embouts Silicones en forme de tube qui s'adaptent parfaitement aux gros orteils pour amortir les chocs et diminuer la pression sur les ongles dans les pointes. Article N\u00b01 Mondial. Info Produit : En silicone souple et \u00e9lastique recouvert de tissu Deux par paquet Conseils Entretien : R\u00e9utilisable, se lave \u00e0 l'eau froide et au savon de Marseille.\"},{\"@type\":\"BreadcrumbList\",\"@id\":\"https:\\\/\\\/www.ballettodanceshop.com\\\/the-big-tipby-rumpf\\\/#breadcrumb\",\"itemListElement\":[{\"@type\":\"ListItem\",\"position\":1,\"name\":\"Accueil\",\"item\":\"https:\\\/\\\/www.ballettodanceshop.com\\\/\"},{\"@type\":\"ListItem\",\"position\":2,\"name\":\"Produits\",\"item\":\"https:\\\/\\\/www.ballettodanceshop.com\\\/boutique\\\/\"},{\"@type\":\"ListItem\",\"position\":3,\"name\":\"The Big Tip\u00aeBy Rumpf\"}]},{\"@type\":\"WebSite\",\"@id\":\"https:\\\/\\\/www.ballettodanceshop.com\\\/#website\",\"url\":\"https:\\\/\\\/www.ballettodanceshop.com\\\/\",\"name\":\"Balletto Dance Shop\",\"description\":\"Keep Dancing !\",\"publisher\":{\"@id\":\"https:\\\/\\\/www.ballettodanceshop.com\\\/#organization\"},\"alternateName\":\"Balletto\",\"potentialAction\":[{\"@type\":\"SearchAction\",\"target\":{\"@type\":\"EntryPoint\",\"urlTemplate\":\"https:\\\/\\\/www.ballettodanceshop.com\\\/?s={search_term_string}\"},\"query-input\":{\"@type\":\"PropertyValueSpecification\",\"valueRequired\":true,\"valueName\":\"search_term_string\"}}],\"inLanguage\":\"en-GB\"},{\"@type\":\"Organization\",\"@id\":\"https:\\\/\\\/www.ballettodanceshop.com\\\/#organization\",\"name\":\"Balletto Dance Shop\",\"alternateName\":\"Balletto\",\"url\":\"https:\\\/\\\/www.ballettodanceshop.com\\\/\",\"logo\":{\"@type\":\"ImageObject\",\"inLanguage\":\"en-GB\",\"@id\":\"https:\\\/\\\/www.ballettodanceshop.com\\\/#\\\/schema\\\/logo\\\/image\\\/\",\"url\":\"https:\\\/\\\/www.ballettodanceshop.com\\\/wp-content\\\/uploads\\\/2025\\\/06\\\/LOGO-1.png\",\"contentUrl\":\"https:\\\/\\\/www.ballettodanceshop.com\\\/wp-content\\\/uploads\\\/2025\\\/06\\\/LOGO-1.png\",\"width\":508,\"height\":209,\"caption\":\"Balletto Dance Shop\"},\"image\":{\"@id\":\"https:\\\/\\\/www.ballettodanceshop.com\\\/#\\\/schema\\\/logo\\\/image\\\/\"},\"sameAs\":[\"https:\\\/\\\/www.facebook.com\\\/Ballettodanceshop\\\/\",\"https:\\\/\\\/x.com\\\/ballettodance\",\"https:\\\/\\\/www.tiktok.com\\\/@ballettodanceshop\",\"https:\\\/\\\/fr.linkedin.com\\\/company\\\/ballettodaneshop\",\"https:\\\/\\\/fr.pinterest.com\\\/ballettodanceshop\\\/\",\"https:\\\/\\\/www.threads.com\\\/@ballettodanceshop\",\"https:\\\/\\\/www.instagram.com\\\/ballettodanceshop\\\/\",\"https:\\\/\\\/www.youtube.com\\\/@ballettodanceshop\"]}]}<\/script>\n<!-- \/ Yoast SEO plugin. -->","yoast_head_json":{"title":"The Big Tip\u00aeBy Rumpf - Balletto Dance Shop","description":"Perfectly adapted to the big toes to absorb shock and reduce pressure on the nails in dance shoes or dress shoes.","robots":{"index":"index","follow":"follow","max-snippet":"max-snippet:-1","max-image-preview":"max-image-preview:large","max-video-preview":"max-video-preview:-1"},"canonical":"https:\/\/www.ballettodanceshop.com\/en\/the-big-tipby-rumpf\/","og_locale":"en_GB","og_type":"article","og_title":"The Big Tip\u00aeBy Rumpf - Balletto Dance Shop","og_description":"S'adaptent parfaitement aux gros orteils pour amortir les chocs et diminuer la pression sur les ongles dans les pointes de danse ou les chaussures de ville.","og_url":"https:\/\/www.ballettodanceshop.com\/en\/the-big-tipby-rumpf\/","og_site_name":"Balletto Dance Shop","article_publisher":"https:\/\/www.facebook.com\/Ballettodanceshop\/","article_modified_time":"2026-01-13T17:44:33+00:00","og_image":[{"width":1200,"height":1600,"url":"https:\/\/www.ballettodanceshop.com\/wp-content\/uploads\/2025\/07\/1423_gel_big_tip-2-a_1.jpg","type":"image\/jpeg"}],"twitter_card":"summary_large_image","twitter_site":"@ballettodance","twitter_misc":{"Estimated reading time":"1 minute"},"schema":{"@context":"https:\/\/schema.org","@graph":[{"@type":"WebPage","@id":"https:\/\/www.ballettodanceshop.com\/the-big-tipby-rumpf\/","url":"https:\/\/www.ballettodanceshop.com\/the-big-tipby-rumpf\/","name":"The Big Tip\u00aeBy Rumpf - Balletto Dance Shop","isPartOf":{"@id":"https:\/\/www.ballettodanceshop.com\/#website"},"primaryImageOfPage":{"@id":"https:\/\/www.ballettodanceshop.com\/the-big-tipby-rumpf\/#primaryimage"},"image":{"@id":"https:\/\/www.ballettodanceshop.com\/the-big-tipby-rumpf\/#primaryimage"},"thumbnailUrl":"https:\/\/www.ballettodanceshop.com\/wp-content\/uploads\/2025\/07\/1423_gel_big_tip-2-a_1.jpg","datePublished":"2020-05-25T18:36:53+00:00","dateModified":"2026-01-13T17:44:33+00:00","description":"Perfectly adapted to the big toes to absorb shock and reduce pressure on the nails in dance shoes or dress shoes.","breadcrumb":{"@id":"https:\/\/www.ballettodanceshop.com\/the-big-tipby-rumpf\/#breadcrumb"},"inLanguage":"en-GB","potentialAction":[{"@type":"ReadAction","target":["https:\/\/www.ballettodanceshop.com\/the-big-tipby-rumpf\/"]}]},{"@type":"ImageObject","inLanguage":"en-GB","@id":"https:\/\/www.ballettodanceshop.com\/the-big-tipby-rumpf\/#primaryimage","url":"https:\/\/www.ballettodanceshop.com\/wp-content\/uploads\/2025\/07\/1423_gel_big_tip-2-a_1.jpg","contentUrl":"https:\/\/www.ballettodanceshop.com\/wp-content\/uploads\/2025\/07\/1423_gel_big_tip-2-a_1.jpg","width":1200,"height":1600,"caption":"Embouts Silicones en forme de tube qui s'adaptent parfaitement aux gros orteils pour amortir les chocs et diminuer la pression sur les ongles dans les pointes. Article N\u00b01 Mondial. Info Produit : En silicone souple et \u00e9lastique recouvert de tissu Deux par paquet Conseils Entretien : R\u00e9utilisable, se lave \u00e0 l'eau froide et au savon de Marseille."},{"@type":"BreadcrumbList","@id":"https:\/\/www.ballettodanceshop.com\/the-big-tipby-rumpf\/#breadcrumb","itemListElement":[{"@type":"ListItem","position":1,"name":"Accueil","item":"https:\/\/www.ballettodanceshop.com\/"},{"@type":"ListItem","position":2,"name":"Produits","item":"https:\/\/www.ballettodanceshop.com\/boutique\/"},{"@type":"ListItem","position":3,"name":"The Big Tip\u00aeBy Rumpf"}]},{"@type":"WebSite","@id":"https:\/\/www.ballettodanceshop.com\/#website","url":"https:\/\/www.ballettodanceshop.com\/","name":"Balletto Dance Shop","description":"Keep Dancing!","publisher":{"@id":"https:\/\/www.ballettodanceshop.com\/#organization"},"alternateName":"Balletto","potentialAction":[{"@type":"SearchAction","target":{"@type":"EntryPoint","urlTemplate":"https:\/\/www.ballettodanceshop.com\/?s={search_term_string}"},"query-input":{"@type":"PropertyValueSpecification","valueRequired":true,"valueName":"search_term_string"}}],"inLanguage":"en-GB"},{"@type":"Organization","@id":"https:\/\/www.ballettodanceshop.com\/#organization","name":"Balletto Dance Shop","alternateName":"Balletto","url":"https:\/\/www.ballettodanceshop.com\/","logo":{"@type":"ImageObject","inLanguage":"en-GB","@id":"https:\/\/www.ballettodanceshop.com\/#\/schema\/logo\/image\/","url":"https:\/\/www.ballettodanceshop.com\/wp-content\/uploads\/2025\/06\/LOGO-1.png","contentUrl":"https:\/\/www.ballettodanceshop.com\/wp-content\/uploads\/2025\/06\/LOGO-1.png","width":508,"height":209,"caption":"Balletto Dance Shop"},"image":{"@id":"https:\/\/www.ballettodanceshop.com\/#\/schema\/logo\/image\/"},"sameAs":["https:\/\/www.facebook.com\/Ballettodanceshop\/","https:\/\/x.com\/ballettodance","https:\/\/www.tiktok.com\/@ballettodanceshop","https:\/\/fr.linkedin.com\/company\/ballettodaneshop","https:\/\/fr.pinterest.com\/ballettodanceshop\/","https:\/\/www.threads.com\/@ballettodanceshop","https:\/\/www.instagram.com\/ballettodanceshop\/","https:\/\/www.youtube.com\/@ballettodanceshop"]}]}},"_links":{"self":[{"href":"https:\/\/www.ballettodanceshop.com\/en\/wp-json\/wp\/v2\/product\/50842","targetHints":{"allow":["GET"]}}],"collection":[{"href":"https:\/\/www.ballettodanceshop.com\/en\/wp-json\/wp\/v2\/product"}],"about":[{"href":"https:\/\/www.ballettodanceshop.com\/en\/wp-json\/wp\/v2\/types\/product"}],"replies":[{"embeddable":true,"href":"https:\/\/www.ballettodanceshop.com\/en\/wp-json\/wp\/v2\/comments?post=50842"}],"wp:featuredmedia":[{"embeddable":true,"href":"https:\/\/www.ballettodanceshop.com\/en\/wp-json\/wp\/v2\/media\/1469"}],"wp:attachment":[{"href":"https:\/\/www.ballettodanceshop.com\/en\/wp-json\/wp\/v2\/media?parent=50842"}],"wp:term":[{"taxonomy":"product_brand","embeddable":true,"href":"https:\/\/www.ballettodanceshop.com\/en\/wp-json\/wp\/v2\/product_brand?post=50842"},{"taxonomy":"product_cat","embeddable":true,"href":"https:\/\/www.ballettodanceshop.com\/en\/wp-json\/wp\/v2\/product_cat?post=50842"},{"taxonomy":"product_tag","embeddable":true,"href":"https:\/\/www.ballettodanceshop.com\/en\/wp-json\/wp\/v2\/product_tag?post=50842"}],"curies":[{"name":"wp","href":"https:\/\/api.w.org\/{rel}","templated":true}]}}