{"id":50795,"date":"2020-05-24T17:23:27","date_gmt":"2020-05-24T15:23:27","guid":{"rendered":"https:\/\/www.ballettodanceshop.com\/pack-de-support-mural-double-barre-de-danse\/"},"modified":"2026-02-15T16:30:21","modified_gmt":"2026-02-15T15:30:21","slug":"double-dance-bar-wall-support-pack","status":"publish","type":"product","link":"https:\/\/www.ballettodanceshop.com\/en\/pack-de-support-mural-double-barre-de-danse\/","title":{"rendered":"Double Dance Bar Wall Support Pack"},"content":{"rendered":"<h3>Double Dance Bar Wall Support Pack<\/h3>\n<p><strong>Suitable for a variety of dance and rehabilitation uses.<\/strong><\/p>\n<p><strong>Ideal for studios offering the following activities: Barre au sol, Lagree, Fit Ballet, Brooklyn Barre.<\/strong><\/p>\n<p>Gr\u00e2ce \u00e0 ses encoches cylindriques, l\u2019Arabesque Double peut supporter la pression qu\u2019exerce un danseur dans toutes les directions. Les supports standards sont con\u00e7us pour ne r\u00e9sister qu\u2019\u00e0 la pression verticale, ce qui les rend inutilisables pour les exercices lors desquels il faut s\u2019appuyer sur les barres de danse. Comme de nombreuses s\u00e9ances d\u2019entra\u00eenement incluent des exercices o\u00f9 les danseurs tirent sur les barres, celles-ci se d\u00e9crocheraient avec un support classique. Avec l\u2019Arabesque Double vous pouvez \u00eatre s\u00fbrs que cela n\u2019arrivera pas.<\/p>","protected":false},"excerpt":{"rendered":"<p><strong>Arabesque Double Pack<\/strong> consists of two wall brackets and a pair of 40mm diameter wooden bars 1.5m or 2m long, or 3 wall brackets and a pair of bars 3m long.<\/p>\n<p>Arabesque Double By <strong>Dinamica Ballet<\/strong> de fabrication Espagnole, peut r\u00e9sister \u00e0 des pressions sur les barres et ce quel que soit l\u2019angle. Elle est donc adapt\u00e9e \u00e0 tous les exercices allant de la danse au fitness.<\/p>\n<p>Ideal for studios offering the following activities: Barre au sol, Lagree, Fit Ballet, Brooklyn Barre.<\/p>\n<p><strong>FREE DELIVERY<\/strong><\/p>\n<p><strong>Made in Spain<\/strong><\/p>","protected":false},"featured_media":1308,"comment_status":"open","ping_status":"closed","template":"","meta":{"_acf_changed":false},"product_brand":[],"product_cat":[173,182,165,19,25,26,23,124,61,68,123],"product_tag":[789],"class_list":{"0":"post-50795","1":"product","2":"type-product","3":"status-publish","4":"has-post-thumbnail","6":"product_cat-barres-de-danse","7":"product_cat-barres-de-danse-fixes-murs","8":"product_cat-barres-et-miroirs-de-danse","9":"product_cat-femmes","10":"product_cat-filles","11":"product_cat-garcons","12":"product_cat-hommes","13":"product_cat-idees-cadeaux-garcons","14":"product_cat-idees-cadeaux","15":"product_cat-idees-cadeaux-filles","16":"product_cat-idees-cadeaux-hommes","17":"product_tag-livraison-sous-1-semaine","18":"product_shipping_class-consoles-murales-arabesque-simple-et-arabesque-double","20":"first","21":"instock","22":"taxable","23":"shipping-taxable","24":"purchasable","25":"product-type-variable"},"acf":[],"yoast_head":"<!-- This site is optimized with the Yoast SEO plugin v27.4 - https:\/\/yoast.com\/product\/yoast-seo-wordpress\/ -->\n<title>Pack de Support Mural Double Barre de Danse - Balletto Dance Shop<\/title>\n<meta name=\"description\" content=\"Pack de Support Mural Double Barre de Danse Arabesque Dinamica Ballet. Fabriqu\u00e9e en Espagne. Barre de danse fix mur arabesque double\" \/>\n<meta name=\"robots\" content=\"index, follow, max-snippet:-1, max-image-preview:large, max-video-preview:-1\" \/>\n<link rel=\"canonical\" href=\"https:\/\/www.ballettodanceshop.com\/en\/double-dance-bar-wall-support-pack\/\" \/>\n<meta property=\"og:locale\" content=\"en_GB\" \/>\n<meta property=\"og:type\" content=\"article\" \/>\n<meta property=\"og:title\" content=\"Pack de Support Mural Double Barre de Danse - Balletto Dance Shop\" \/>\n<meta property=\"og:description\" content=\"Pack de Support Mural Double Barre de Danse Arabesque Dinamica Ballet. Fabriqu\u00e9e en Espagne. Barre de danse fix mur arabesque double\" \/>\n<meta property=\"og:url\" content=\"https:\/\/www.ballettodanceshop.com\/en\/double-dance-bar-wall-support-pack\/\" \/>\n<meta property=\"og:site_name\" content=\"Balletto Dance Shop\" \/>\n<meta property=\"article:publisher\" content=\"https:\/\/www.facebook.com\/Ballettodanceshop\/\" \/>\n<meta property=\"article:modified_time\" content=\"2026-02-15T15:30:21+00:00\" \/>\n<meta property=\"og:image\" content=\"https:\/\/www.ballettodanceshop.com\/wp-content\/uploads\/2025\/07\/dinamica-ballet-540-1-scaled-scaled.jpg\" \/>\n\t<meta property=\"og:image:width\" content=\"1366\" \/>\n\t<meta property=\"og:image:height\" content=\"2048\" \/>\n\t<meta property=\"og:image:type\" content=\"image\/jpeg\" \/>\n<meta name=\"twitter:card\" content=\"summary_large_image\" \/>\n<meta name=\"twitter:site\" content=\"@ballettodance\" \/>\n<meta name=\"twitter:label1\" content=\"Estimated reading time\" \/>\n\t<meta name=\"twitter:data1\" content=\"1 minute\" \/>\n<script type=\"application\/ld+json\" class=\"yoast-schema-graph\">{\"@context\":\"https:\\\/\\\/schema.org\",\"@graph\":[{\"@type\":\"WebPage\",\"@id\":\"https:\\\/\\\/www.ballettodanceshop.com\\\/pack-de-support-mural-double-barre-de-danse\\\/\",\"url\":\"https:\\\/\\\/www.ballettodanceshop.com\\\/pack-de-support-mural-double-barre-de-danse\\\/\",\"name\":\"Pack de Support Mural Double Barre de Danse - Balletto Dance Shop\",\"isPartOf\":{\"@id\":\"https:\\\/\\\/www.ballettodanceshop.com\\\/#website\"},\"primaryImageOfPage\":{\"@id\":\"https:\\\/\\\/www.ballettodanceshop.com\\\/pack-de-support-mural-double-barre-de-danse\\\/#primaryimage\"},\"image\":{\"@id\":\"https:\\\/\\\/www.ballettodanceshop.com\\\/pack-de-support-mural-double-barre-de-danse\\\/#primaryimage\"},\"thumbnailUrl\":\"https:\\\/\\\/www.ballettodanceshop.com\\\/wp-content\\\/uploads\\\/2025\\\/07\\\/dinamica-ballet-540-1-scaled-scaled.jpg\",\"datePublished\":\"2020-05-24T15:23:27+00:00\",\"dateModified\":\"2026-02-15T15:30:21+00:00\",\"description\":\"Pack de Support Mural Double Barre de Danse Arabesque Dinamica Ballet. Fabriqu\u00e9e en Espagne. Barre de danse fix mur arabesque double\",\"breadcrumb\":{\"@id\":\"https:\\\/\\\/www.ballettodanceshop.com\\\/pack-de-support-mural-double-barre-de-danse\\\/#breadcrumb\"},\"inLanguage\":\"en-GB\",\"potentialAction\":[{\"@type\":\"ReadAction\",\"target\":[\"https:\\\/\\\/www.ballettodanceshop.com\\\/pack-de-support-mural-double-barre-de-danse\\\/\"]}]},{\"@type\":\"ImageObject\",\"inLanguage\":\"en-GB\",\"@id\":\"https:\\\/\\\/www.ballettodanceshop.com\\\/pack-de-support-mural-double-barre-de-danse\\\/#primaryimage\",\"url\":\"https:\\\/\\\/www.ballettodanceshop.com\\\/wp-content\\\/uploads\\\/2025\\\/07\\\/dinamica-ballet-540-1-scaled-scaled.jpg\",\"contentUrl\":\"https:\\\/\\\/www.ballettodanceshop.com\\\/wp-content\\\/uploads\\\/2025\\\/07\\\/dinamica-ballet-540-1-scaled-scaled.jpg\",\"width\":1366,\"height\":2048,\"caption\":\"Pack Barre de danse murale double\"},{\"@type\":\"BreadcrumbList\",\"@id\":\"https:\\\/\\\/www.ballettodanceshop.com\\\/pack-de-support-mural-double-barre-de-danse\\\/#breadcrumb\",\"itemListElement\":[{\"@type\":\"ListItem\",\"position\":1,\"name\":\"Accueil\",\"item\":\"https:\\\/\\\/www.ballettodanceshop.com\\\/\"},{\"@type\":\"ListItem\",\"position\":2,\"name\":\"Produits\",\"item\":\"https:\\\/\\\/www.ballettodanceshop.com\\\/boutique\\\/\"},{\"@type\":\"ListItem\",\"position\":3,\"name\":\"Pack de Support Mural Double Barre de Danse\"}]},{\"@type\":\"WebSite\",\"@id\":\"https:\\\/\\\/www.ballettodanceshop.com\\\/#website\",\"url\":\"https:\\\/\\\/www.ballettodanceshop.com\\\/\",\"name\":\"Balletto Dance Shop\",\"description\":\"Keep Dancing !\",\"publisher\":{\"@id\":\"https:\\\/\\\/www.ballettodanceshop.com\\\/#organization\"},\"alternateName\":\"Balletto\",\"potentialAction\":[{\"@type\":\"SearchAction\",\"target\":{\"@type\":\"EntryPoint\",\"urlTemplate\":\"https:\\\/\\\/www.ballettodanceshop.com\\\/?s={search_term_string}\"},\"query-input\":{\"@type\":\"PropertyValueSpecification\",\"valueRequired\":true,\"valueName\":\"search_term_string\"}}],\"inLanguage\":\"en-GB\"},{\"@type\":\"Organization\",\"@id\":\"https:\\\/\\\/www.ballettodanceshop.com\\\/#organization\",\"name\":\"Balletto Dance Shop\",\"alternateName\":\"Balletto\",\"url\":\"https:\\\/\\\/www.ballettodanceshop.com\\\/\",\"logo\":{\"@type\":\"ImageObject\",\"inLanguage\":\"en-GB\",\"@id\":\"https:\\\/\\\/www.ballettodanceshop.com\\\/#\\\/schema\\\/logo\\\/image\\\/\",\"url\":\"https:\\\/\\\/www.ballettodanceshop.com\\\/wp-content\\\/uploads\\\/2025\\\/06\\\/LOGO-1.png\",\"contentUrl\":\"https:\\\/\\\/www.ballettodanceshop.com\\\/wp-content\\\/uploads\\\/2025\\\/06\\\/LOGO-1.png\",\"width\":508,\"height\":209,\"caption\":\"Balletto Dance Shop\"},\"image\":{\"@id\":\"https:\\\/\\\/www.ballettodanceshop.com\\\/#\\\/schema\\\/logo\\\/image\\\/\"},\"sameAs\":[\"https:\\\/\\\/www.facebook.com\\\/Ballettodanceshop\\\/\",\"https:\\\/\\\/x.com\\\/ballettodance\",\"https:\\\/\\\/www.tiktok.com\\\/@ballettodanceshop\",\"https:\\\/\\\/fr.linkedin.com\\\/company\\\/ballettodaneshop\",\"https:\\\/\\\/fr.pinterest.com\\\/ballettodanceshop\\\/\",\"https:\\\/\\\/www.threads.com\\\/@ballettodanceshop\",\"https:\\\/\\\/www.instagram.com\\\/ballettodanceshop\\\/\",\"https:\\\/\\\/www.youtube.com\\\/@ballettodanceshop\"]}]}<\/script>\n<!-- \/ Yoast SEO plugin. -->","yoast_head_json":{"title":"Double Dance Bar Wall Bracket Pack - Balletto Dance Shop","description":"Dinamica Ballet Double Arabesque Dance Bar Wall Support Pack. Made in Spain. Double arabesque dance bar wall mount","robots":{"index":"index","follow":"follow","max-snippet":"max-snippet:-1","max-image-preview":"max-image-preview:large","max-video-preview":"max-video-preview:-1"},"canonical":"https:\/\/www.ballettodanceshop.com\/en\/double-dance-bar-wall-support-pack\/","og_locale":"en_GB","og_type":"article","og_title":"Pack de Support Mural Double Barre de Danse - Balletto Dance Shop","og_description":"Pack de Support Mural Double Barre de Danse Arabesque Dinamica Ballet. Fabriqu\u00e9e en Espagne. Barre de danse fix mur arabesque double","og_url":"https:\/\/www.ballettodanceshop.com\/en\/double-dance-bar-wall-support-pack\/","og_site_name":"Balletto Dance Shop","article_publisher":"https:\/\/www.facebook.com\/Ballettodanceshop\/","article_modified_time":"2026-02-15T15:30:21+00:00","og_image":[{"width":1366,"height":2048,"url":"https:\/\/www.ballettodanceshop.com\/wp-content\/uploads\/2025\/07\/dinamica-ballet-540-1-scaled-scaled.jpg","type":"image\/jpeg"}],"twitter_card":"summary_large_image","twitter_site":"@ballettodance","twitter_misc":{"Estimated reading time":"1 minute"},"schema":{"@context":"https:\/\/schema.org","@graph":[{"@type":"WebPage","@id":"https:\/\/www.ballettodanceshop.com\/pack-de-support-mural-double-barre-de-danse\/","url":"https:\/\/www.ballettodanceshop.com\/pack-de-support-mural-double-barre-de-danse\/","name":"Double Dance Bar Wall Bracket Pack - Balletto Dance Shop","isPartOf":{"@id":"https:\/\/www.ballettodanceshop.com\/#website"},"primaryImageOfPage":{"@id":"https:\/\/www.ballettodanceshop.com\/pack-de-support-mural-double-barre-de-danse\/#primaryimage"},"image":{"@id":"https:\/\/www.ballettodanceshop.com\/pack-de-support-mural-double-barre-de-danse\/#primaryimage"},"thumbnailUrl":"https:\/\/www.ballettodanceshop.com\/wp-content\/uploads\/2025\/07\/dinamica-ballet-540-1-scaled-scaled.jpg","datePublished":"2020-05-24T15:23:27+00:00","dateModified":"2026-02-15T15:30:21+00:00","description":"Dinamica Ballet Double Arabesque Dance Bar Wall Support Pack. Made in Spain. Double arabesque dance bar wall mount","breadcrumb":{"@id":"https:\/\/www.ballettodanceshop.com\/pack-de-support-mural-double-barre-de-danse\/#breadcrumb"},"inLanguage":"en-GB","potentialAction":[{"@type":"ReadAction","target":["https:\/\/www.ballettodanceshop.com\/pack-de-support-mural-double-barre-de-danse\/"]}]},{"@type":"ImageObject","inLanguage":"en-GB","@id":"https:\/\/www.ballettodanceshop.com\/pack-de-support-mural-double-barre-de-danse\/#primaryimage","url":"https:\/\/www.ballettodanceshop.com\/wp-content\/uploads\/2025\/07\/dinamica-ballet-540-1-scaled-scaled.jpg","contentUrl":"https:\/\/www.ballettodanceshop.com\/wp-content\/uploads\/2025\/07\/dinamica-ballet-540-1-scaled-scaled.jpg","width":1366,"height":2048,"caption":"Pack Barre de danse murale double"},{"@type":"BreadcrumbList","@id":"https:\/\/www.ballettodanceshop.com\/pack-de-support-mural-double-barre-de-danse\/#breadcrumb","itemListElement":[{"@type":"ListItem","position":1,"name":"Accueil","item":"https:\/\/www.ballettodanceshop.com\/"},{"@type":"ListItem","position":2,"name":"Produits","item":"https:\/\/www.ballettodanceshop.com\/boutique\/"},{"@type":"ListItem","position":3,"name":"Pack de Support Mural Double Barre de Danse"}]},{"@type":"WebSite","@id":"https:\/\/www.ballettodanceshop.com\/#website","url":"https:\/\/www.ballettodanceshop.com\/","name":"Balletto Dance Shop","description":"Keep Dancing!","publisher":{"@id":"https:\/\/www.ballettodanceshop.com\/#organization"},"alternateName":"Balletto","potentialAction":[{"@type":"SearchAction","target":{"@type":"EntryPoint","urlTemplate":"https:\/\/www.ballettodanceshop.com\/?s={search_term_string}"},"query-input":{"@type":"PropertyValueSpecification","valueRequired":true,"valueName":"search_term_string"}}],"inLanguage":"en-GB"},{"@type":"Organization","@id":"https:\/\/www.ballettodanceshop.com\/#organization","name":"Balletto Dance Shop","alternateName":"Balletto","url":"https:\/\/www.ballettodanceshop.com\/","logo":{"@type":"ImageObject","inLanguage":"en-GB","@id":"https:\/\/www.ballettodanceshop.com\/#\/schema\/logo\/image\/","url":"https:\/\/www.ballettodanceshop.com\/wp-content\/uploads\/2025\/06\/LOGO-1.png","contentUrl":"https:\/\/www.ballettodanceshop.com\/wp-content\/uploads\/2025\/06\/LOGO-1.png","width":508,"height":209,"caption":"Balletto Dance Shop"},"image":{"@id":"https:\/\/www.ballettodanceshop.com\/#\/schema\/logo\/image\/"},"sameAs":["https:\/\/www.facebook.com\/Ballettodanceshop\/","https:\/\/x.com\/ballettodance","https:\/\/www.tiktok.com\/@ballettodanceshop","https:\/\/fr.linkedin.com\/company\/ballettodaneshop","https:\/\/fr.pinterest.com\/ballettodanceshop\/","https:\/\/www.threads.com\/@ballettodanceshop","https:\/\/www.instagram.com\/ballettodanceshop\/","https:\/\/www.youtube.com\/@ballettodanceshop"]}]}},"_links":{"self":[{"href":"https:\/\/www.ballettodanceshop.com\/en\/wp-json\/wp\/v2\/product\/50795","targetHints":{"allow":["GET"]}}],"collection":[{"href":"https:\/\/www.ballettodanceshop.com\/en\/wp-json\/wp\/v2\/product"}],"about":[{"href":"https:\/\/www.ballettodanceshop.com\/en\/wp-json\/wp\/v2\/types\/product"}],"replies":[{"embeddable":true,"href":"https:\/\/www.ballettodanceshop.com\/en\/wp-json\/wp\/v2\/comments?post=50795"}],"wp:featuredmedia":[{"embeddable":true,"href":"https:\/\/www.ballettodanceshop.com\/en\/wp-json\/wp\/v2\/media\/1308"}],"wp:attachment":[{"href":"https:\/\/www.ballettodanceshop.com\/en\/wp-json\/wp\/v2\/media?parent=50795"}],"wp:term":[{"taxonomy":"product_brand","embeddable":true,"href":"https:\/\/www.ballettodanceshop.com\/en\/wp-json\/wp\/v2\/product_brand?post=50795"},{"taxonomy":"product_cat","embeddable":true,"href":"https:\/\/www.ballettodanceshop.com\/en\/wp-json\/wp\/v2\/product_cat?post=50795"},{"taxonomy":"product_tag","embeddable":true,"href":"https:\/\/www.ballettodanceshop.com\/en\/wp-json\/wp\/v2\/product_tag?post=50795"}],"curies":[{"name":"wp","href":"https:\/\/api.w.org\/{rel}","templated":true}]}}