{"id":50756,"date":"2020-05-24T17:20:43","date_gmt":"2020-05-24T15:20:43","guid":{"rendered":"https:\/\/www.ballettodanceshop.com\/barre-de-danse-mobile-prima\/"},"modified":"2025-12-17T07:26:19","modified_gmt":"2025-12-17T06:26:19","slug":"prima-mobile-dance-bar","status":"publish","type":"product","link":"https:\/\/www.ballettodanceshop.com\/en\/barre-de-danse-mobile-prima\/","title":{"rendered":"Prima Mobile Ballet Barre"},"content":{"rendered":"<p><strong>Prima mobile dance bar<\/strong><\/p>\n<p>Description:<\/p>\n<ul>\n<li>Height: 96 cm.<\/li>\n<li>Post diameter: 40 mm.<\/li>\n<li>Bar diameter: 40 mm.<\/li>\n<li>Base dimensions: 39.5 x 32 x 0.6 cm.<\/li>\n<li>Total weight: 17.5 kg (1.5 m) or 18 kg (2 m).<\/li>\n<li>Standard bar length: 1.5 m or 2 m.<\/li>\n<\/ul>\n<p>&nbsp;<\/p>\n<ul>\n<li>1 polished (unvarnished) southern yellow pine wood bar included.<\/li>\n<li>1.5 m or 2 m wooden bar.<\/li>\n<li>Lightweight for easy transport.<\/li>\n<li>Steel posts and bases with silver finish.<\/li>\n<li>Easy to assemble.<\/li>\n<\/ul>\n<p>This <strong>Dance bar<\/strong> is also perfect for <strong>muscle re-education<\/strong>. Recommended by physiotherapists, it is very practical to store or move around your home or workplace.<\/p>\n<p>&nbsp;<\/p>","protected":false},"excerpt":{"rendered":"<p><strong>Safety, quality and stability are our priorities.<\/strong><\/p>\n<p><strong>The Dance Bar<\/strong>\u00a0<b>mobile <\/b>la plus parfaite pour votre chambre, salle de gym ou terrasse de votre domicile.<\/p>\n<p>What sets it apart from other bars on the market is its stability.<\/p>\n<p>Lightweight and <strong>very stable<\/strong> at the same time, nothing can match this <strong>Prima ballet barre <\/strong>specially designed for home use.<\/p>\n<p>Faites vous plaisir ou faites plaisir \u00e0 votre danseur pour son anniversaire ou pour toute autre occasion.<\/p>\n<p>Available with a 1m, 1.5m or 2m polished pinewood bar, it is suitable for both adults and children and is very popular with fitness enthusiasts.<\/p>\n<p>Thanks to its two flat cast-iron bases,<strong> the PRIMA dance bar<\/strong> offre une stabilit\u00e9 \u00e0 toute \u00e9preuve emp\u00eachant tout d\u00e9s\u00e9quilibre. Vous vous sentirez donc en pleine confiance en utilisant cette barre de danse \u00e0 domicile. De plus, les socles sont munis de freins en caoutchouc afin de ne pas ab\u00eemer le sol, ce qui vous permettra d\u2019utiliser cette barre dans n\u2019importe quelle pi\u00e8ce de votre maison.<\/p>\n<p><strong>Best Seller.<\/strong><\/p>\n<p><strong>FREE DELIVERY<\/strong><\/p>\n<p><strong>Made in Barcelona<\/strong><\/p>","protected":false},"featured_media":1229,"comment_status":"open","ping_status":"open","template":"","meta":{"_acf_changed":false},"product_brand":[],"product_cat":[66,67,173,174,165,156,65,19,25,68,61,62],"product_tag":[789],"class_list":{"0":"post-50756","1":"product","2":"type-product","3":"status-publish","4":"has-post-thumbnail","6":"product_cat-accessoires-classique-filles","7":"product_cat-accessoires","8":"product_cat-barres-de-danse","9":"product_cat-barres-de-danse-mobiles","10":"product_cat-barres-et-miroirs-de-danse","11":"product_cat-best-sellers","12":"product_cat-classique-filles","13":"product_cat-femmes","14":"product_cat-filles","15":"product_cat-idees-cadeaux-filles","16":"product_cat-idees-cadeaux","17":"product_cat-classique","18":"product_tag-livraison-sous-1-semaine","19":"product_shipping_class-prima-juliette","21":"first","22":"instock","23":"taxable","24":"shipping-taxable","25":"purchasable","26":"product-type-variable"},"acf":[],"yoast_head":"<!-- This site is optimized with the Yoast SEO plugin v27.4 - https:\/\/yoast.com\/product\/yoast-seo-wordpress\/ -->\n<title>Barre de Danse Mobile Prima - Balletto Dance Shop<\/title>\n<meta name=\"description\" content=\"Barre de danse mobile pour votre int\u00e9rieur cr\u00e9\u00e9e par Dinamica Ballet. Robuste, l\u00e9g\u00e8re et tr\u00e8s stable \u00e0 la fois. Prix doux et frais de port offerts.\" \/>\n<meta name=\"robots\" content=\"index, follow, max-snippet:-1, max-image-preview:large, max-video-preview:-1\" \/>\n<link rel=\"canonical\" href=\"https:\/\/www.ballettodanceshop.com\/en\/prima-mobile-dance-bar\/\" \/>\n<meta property=\"og:locale\" content=\"en_GB\" \/>\n<meta property=\"og:type\" content=\"article\" \/>\n<meta property=\"og:title\" content=\"Barre de Danse Mobile Prima - Balletto Dance Shop\" \/>\n<meta property=\"og:description\" content=\"Barre de danse mobile pour votre int\u00e9rieur cr\u00e9\u00e9e par Dinamica Ballet. Robuste, l\u00e9g\u00e8re et tr\u00e8s stable \u00e0 la fois. Prix doux et frais de port offerts.\" \/>\n<meta property=\"og:url\" content=\"https:\/\/www.ballettodanceshop.com\/en\/prima-mobile-dance-bar\/\" \/>\n<meta property=\"og:site_name\" content=\"Balletto Dance Shop\" \/>\n<meta property=\"article:publisher\" content=\"https:\/\/www.facebook.com\/Ballettodanceshop\/\" \/>\n<meta property=\"article:modified_time\" content=\"2025-12-17T06:26:19+00:00\" \/>\n<meta property=\"og:image\" content=\"https:\/\/www.ballettodanceshop.com\/wp-content\/uploads\/2025\/07\/dinamica-ballet-6-Barre-mobile-PRIMA-scaled-scaled.jpg\" \/>\n\t<meta property=\"og:image:width\" content=\"2048\" \/>\n\t<meta property=\"og:image:height\" content=\"1366\" \/>\n\t<meta property=\"og:image:type\" content=\"image\/jpeg\" \/>\n<meta name=\"twitter:card\" content=\"summary_large_image\" \/>\n<meta name=\"twitter:site\" content=\"@ballettodance\" \/>\n<meta name=\"twitter:label1\" content=\"Estimated reading time\" \/>\n\t<meta name=\"twitter:data1\" content=\"1 minute\" \/>\n<script type=\"application\/ld+json\" class=\"yoast-schema-graph\">{\"@context\":\"https:\\\/\\\/schema.org\",\"@graph\":[{\"@type\":\"WebPage\",\"@id\":\"https:\\\/\\\/www.ballettodanceshop.com\\\/barre-de-danse-mobile-prima\\\/\",\"url\":\"https:\\\/\\\/www.ballettodanceshop.com\\\/barre-de-danse-mobile-prima\\\/\",\"name\":\"Barre de Danse Mobile Prima - Balletto Dance Shop\",\"isPartOf\":{\"@id\":\"https:\\\/\\\/www.ballettodanceshop.com\\\/#website\"},\"primaryImageOfPage\":{\"@id\":\"https:\\\/\\\/www.ballettodanceshop.com\\\/barre-de-danse-mobile-prima\\\/#primaryimage\"},\"image\":{\"@id\":\"https:\\\/\\\/www.ballettodanceshop.com\\\/barre-de-danse-mobile-prima\\\/#primaryimage\"},\"thumbnailUrl\":\"https:\\\/\\\/www.ballettodanceshop.com\\\/wp-content\\\/uploads\\\/2025\\\/07\\\/dinamica-ballet-6-Barre-mobile-PRIMA-scaled-scaled.jpg\",\"datePublished\":\"2020-05-24T15:20:43+00:00\",\"dateModified\":\"2025-12-17T06:26:19+00:00\",\"description\":\"Barre de danse mobile pour votre int\u00e9rieur cr\u00e9\u00e9e par Dinamica Ballet. Robuste, l\u00e9g\u00e8re et tr\u00e8s stable \u00e0 la fois. Prix doux et frais de port offerts.\",\"breadcrumb\":{\"@id\":\"https:\\\/\\\/www.ballettodanceshop.com\\\/barre-de-danse-mobile-prima\\\/#breadcrumb\"},\"inLanguage\":\"en-GB\",\"potentialAction\":[{\"@type\":\"ReadAction\",\"target\":[\"https:\\\/\\\/www.ballettodanceshop.com\\\/barre-de-danse-mobile-prima\\\/\"]}]},{\"@type\":\"ImageObject\",\"inLanguage\":\"en-GB\",\"@id\":\"https:\\\/\\\/www.ballettodanceshop.com\\\/barre-de-danse-mobile-prima\\\/#primaryimage\",\"url\":\"https:\\\/\\\/www.ballettodanceshop.com\\\/wp-content\\\/uploads\\\/2025\\\/07\\\/dinamica-ballet-6-Barre-mobile-PRIMA-scaled-scaled.jpg\",\"contentUrl\":\"https:\\\/\\\/www.ballettodanceshop.com\\\/wp-content\\\/uploads\\\/2025\\\/07\\\/dinamica-ballet-6-Barre-mobile-PRIMA-scaled-scaled.jpg\",\"width\":2048,\"height\":1366,\"caption\":\"Barre de Danse Mobile Prima\"},{\"@type\":\"BreadcrumbList\",\"@id\":\"https:\\\/\\\/www.ballettodanceshop.com\\\/barre-de-danse-mobile-prima\\\/#breadcrumb\",\"itemListElement\":[{\"@type\":\"ListItem\",\"position\":1,\"name\":\"Accueil\",\"item\":\"https:\\\/\\\/www.ballettodanceshop.com\\\/\"},{\"@type\":\"ListItem\",\"position\":2,\"name\":\"Produits\",\"item\":\"https:\\\/\\\/www.ballettodanceshop.com\\\/boutique\\\/\"},{\"@type\":\"ListItem\",\"position\":3,\"name\":\"Barre de Danse Mobile Prima\"}]},{\"@type\":\"WebSite\",\"@id\":\"https:\\\/\\\/www.ballettodanceshop.com\\\/#website\",\"url\":\"https:\\\/\\\/www.ballettodanceshop.com\\\/\",\"name\":\"Balletto Dance Shop\",\"description\":\"Keep Dancing !\",\"publisher\":{\"@id\":\"https:\\\/\\\/www.ballettodanceshop.com\\\/#organization\"},\"alternateName\":\"Balletto\",\"potentialAction\":[{\"@type\":\"SearchAction\",\"target\":{\"@type\":\"EntryPoint\",\"urlTemplate\":\"https:\\\/\\\/www.ballettodanceshop.com\\\/?s={search_term_string}\"},\"query-input\":{\"@type\":\"PropertyValueSpecification\",\"valueRequired\":true,\"valueName\":\"search_term_string\"}}],\"inLanguage\":\"en-GB\"},{\"@type\":\"Organization\",\"@id\":\"https:\\\/\\\/www.ballettodanceshop.com\\\/#organization\",\"name\":\"Balletto Dance Shop\",\"alternateName\":\"Balletto\",\"url\":\"https:\\\/\\\/www.ballettodanceshop.com\\\/\",\"logo\":{\"@type\":\"ImageObject\",\"inLanguage\":\"en-GB\",\"@id\":\"https:\\\/\\\/www.ballettodanceshop.com\\\/#\\\/schema\\\/logo\\\/image\\\/\",\"url\":\"https:\\\/\\\/www.ballettodanceshop.com\\\/wp-content\\\/uploads\\\/2025\\\/06\\\/LOGO-1.png\",\"contentUrl\":\"https:\\\/\\\/www.ballettodanceshop.com\\\/wp-content\\\/uploads\\\/2025\\\/06\\\/LOGO-1.png\",\"width\":508,\"height\":209,\"caption\":\"Balletto Dance Shop\"},\"image\":{\"@id\":\"https:\\\/\\\/www.ballettodanceshop.com\\\/#\\\/schema\\\/logo\\\/image\\\/\"},\"sameAs\":[\"https:\\\/\\\/www.facebook.com\\\/Ballettodanceshop\\\/\",\"https:\\\/\\\/x.com\\\/ballettodance\",\"https:\\\/\\\/www.tiktok.com\\\/@ballettodanceshop\",\"https:\\\/\\\/fr.linkedin.com\\\/company\\\/ballettodaneshop\",\"https:\\\/\\\/fr.pinterest.com\\\/ballettodanceshop\\\/\",\"https:\\\/\\\/www.threads.com\\\/@ballettodanceshop\",\"https:\\\/\\\/www.instagram.com\\\/ballettodanceshop\\\/\",\"https:\\\/\\\/www.youtube.com\\\/@ballettodanceshop\"]}]}<\/script>\n<!-- \/ Yoast SEO plugin. -->","yoast_head_json":{"title":"Prima Mobile Dance Bar - Balletto Dance Shop","description":"Mobile dance bar for your home created by Dinamica Ballet. Robust, light and very stable at the same time. Low price and free delivery.","robots":{"index":"index","follow":"follow","max-snippet":"max-snippet:-1","max-image-preview":"max-image-preview:large","max-video-preview":"max-video-preview:-1"},"canonical":"https:\/\/www.ballettodanceshop.com\/en\/prima-mobile-dance-bar\/","og_locale":"en_GB","og_type":"article","og_title":"Barre de Danse Mobile Prima - Balletto Dance Shop","og_description":"Barre de danse mobile pour votre int\u00e9rieur cr\u00e9\u00e9e par Dinamica Ballet. Robuste, l\u00e9g\u00e8re et tr\u00e8s stable \u00e0 la fois. Prix doux et frais de port offerts.","og_url":"https:\/\/www.ballettodanceshop.com\/en\/prima-mobile-dance-bar\/","og_site_name":"Balletto Dance Shop","article_publisher":"https:\/\/www.facebook.com\/Ballettodanceshop\/","article_modified_time":"2025-12-17T06:26:19+00:00","og_image":[{"width":2048,"height":1366,"url":"https:\/\/www.ballettodanceshop.com\/wp-content\/uploads\/2025\/07\/dinamica-ballet-6-Barre-mobile-PRIMA-scaled-scaled.jpg","type":"image\/jpeg"}],"twitter_card":"summary_large_image","twitter_site":"@ballettodance","twitter_misc":{"Estimated reading time":"1 minute"},"schema":{"@context":"https:\/\/schema.org","@graph":[{"@type":"WebPage","@id":"https:\/\/www.ballettodanceshop.com\/barre-de-danse-mobile-prima\/","url":"https:\/\/www.ballettodanceshop.com\/barre-de-danse-mobile-prima\/","name":"Prima Mobile Dance Bar - Balletto Dance Shop","isPartOf":{"@id":"https:\/\/www.ballettodanceshop.com\/#website"},"primaryImageOfPage":{"@id":"https:\/\/www.ballettodanceshop.com\/barre-de-danse-mobile-prima\/#primaryimage"},"image":{"@id":"https:\/\/www.ballettodanceshop.com\/barre-de-danse-mobile-prima\/#primaryimage"},"thumbnailUrl":"https:\/\/www.ballettodanceshop.com\/wp-content\/uploads\/2025\/07\/dinamica-ballet-6-Barre-mobile-PRIMA-scaled-scaled.jpg","datePublished":"2020-05-24T15:20:43+00:00","dateModified":"2025-12-17T06:26:19+00:00","description":"Mobile dance bar for your home created by Dinamica Ballet. Robust, light and very stable at the same time. Low price and free delivery.","breadcrumb":{"@id":"https:\/\/www.ballettodanceshop.com\/barre-de-danse-mobile-prima\/#breadcrumb"},"inLanguage":"en-GB","potentialAction":[{"@type":"ReadAction","target":["https:\/\/www.ballettodanceshop.com\/barre-de-danse-mobile-prima\/"]}]},{"@type":"ImageObject","inLanguage":"en-GB","@id":"https:\/\/www.ballettodanceshop.com\/barre-de-danse-mobile-prima\/#primaryimage","url":"https:\/\/www.ballettodanceshop.com\/wp-content\/uploads\/2025\/07\/dinamica-ballet-6-Barre-mobile-PRIMA-scaled-scaled.jpg","contentUrl":"https:\/\/www.ballettodanceshop.com\/wp-content\/uploads\/2025\/07\/dinamica-ballet-6-Barre-mobile-PRIMA-scaled-scaled.jpg","width":2048,"height":1366,"caption":"Barre de Danse Mobile Prima"},{"@type":"BreadcrumbList","@id":"https:\/\/www.ballettodanceshop.com\/barre-de-danse-mobile-prima\/#breadcrumb","itemListElement":[{"@type":"ListItem","position":1,"name":"Accueil","item":"https:\/\/www.ballettodanceshop.com\/"},{"@type":"ListItem","position":2,"name":"Produits","item":"https:\/\/www.ballettodanceshop.com\/boutique\/"},{"@type":"ListItem","position":3,"name":"Barre de Danse Mobile Prima"}]},{"@type":"WebSite","@id":"https:\/\/www.ballettodanceshop.com\/#website","url":"https:\/\/www.ballettodanceshop.com\/","name":"Balletto Dance Shop","description":"Keep Dancing!","publisher":{"@id":"https:\/\/www.ballettodanceshop.com\/#organization"},"alternateName":"Balletto","potentialAction":[{"@type":"SearchAction","target":{"@type":"EntryPoint","urlTemplate":"https:\/\/www.ballettodanceshop.com\/?s={search_term_string}"},"query-input":{"@type":"PropertyValueSpecification","valueRequired":true,"valueName":"search_term_string"}}],"inLanguage":"en-GB"},{"@type":"Organization","@id":"https:\/\/www.ballettodanceshop.com\/#organization","name":"Balletto Dance Shop","alternateName":"Balletto","url":"https:\/\/www.ballettodanceshop.com\/","logo":{"@type":"ImageObject","inLanguage":"en-GB","@id":"https:\/\/www.ballettodanceshop.com\/#\/schema\/logo\/image\/","url":"https:\/\/www.ballettodanceshop.com\/wp-content\/uploads\/2025\/06\/LOGO-1.png","contentUrl":"https:\/\/www.ballettodanceshop.com\/wp-content\/uploads\/2025\/06\/LOGO-1.png","width":508,"height":209,"caption":"Balletto Dance Shop"},"image":{"@id":"https:\/\/www.ballettodanceshop.com\/#\/schema\/logo\/image\/"},"sameAs":["https:\/\/www.facebook.com\/Ballettodanceshop\/","https:\/\/x.com\/ballettodance","https:\/\/www.tiktok.com\/@ballettodanceshop","https:\/\/fr.linkedin.com\/company\/ballettodaneshop","https:\/\/fr.pinterest.com\/ballettodanceshop\/","https:\/\/www.threads.com\/@ballettodanceshop","https:\/\/www.instagram.com\/ballettodanceshop\/","https:\/\/www.youtube.com\/@ballettodanceshop"]}]}},"_links":{"self":[{"href":"https:\/\/www.ballettodanceshop.com\/en\/wp-json\/wp\/v2\/product\/50756","targetHints":{"allow":["GET"]}}],"collection":[{"href":"https:\/\/www.ballettodanceshop.com\/en\/wp-json\/wp\/v2\/product"}],"about":[{"href":"https:\/\/www.ballettodanceshop.com\/en\/wp-json\/wp\/v2\/types\/product"}],"replies":[{"embeddable":true,"href":"https:\/\/www.ballettodanceshop.com\/en\/wp-json\/wp\/v2\/comments?post=50756"}],"wp:featuredmedia":[{"embeddable":true,"href":"https:\/\/www.ballettodanceshop.com\/en\/wp-json\/wp\/v2\/media\/1229"}],"wp:attachment":[{"href":"https:\/\/www.ballettodanceshop.com\/en\/wp-json\/wp\/v2\/media?parent=50756"}],"wp:term":[{"taxonomy":"product_brand","embeddable":true,"href":"https:\/\/www.ballettodanceshop.com\/en\/wp-json\/wp\/v2\/product_brand?post=50756"},{"taxonomy":"product_cat","embeddable":true,"href":"https:\/\/www.ballettodanceshop.com\/en\/wp-json\/wp\/v2\/product_cat?post=50756"},{"taxonomy":"product_tag","embeddable":true,"href":"https:\/\/www.ballettodanceshop.com\/en\/wp-json\/wp\/v2\/product_tag?post=50756"}],"curies":[{"name":"wp","href":"https:\/\/api.w.org\/{rel}","templated":true}]}}