{"id":50752,"date":"2020-05-24T17:20:14","date_gmt":"2020-05-24T15:20:14","guid":{"rendered":"https:\/\/www.ballettodanceshop.com\/double-barre-de-danse-mobile-reglable-giselle\/"},"modified":"2026-02-12T06:18:43","modified_gmt":"2026-02-12T05:18:43","slug":"giselle-double-adjustable-mobile-dance-bar","status":"publish","type":"product","link":"https:\/\/www.ballettodanceshop.com\/en\/double-barre-de-danse-mobile-reglable-giselle\/","title":{"rendered":"Giselle Adjustable Double Ballet Barre"},"content":{"rendered":"<p><strong>Giselle Adjustable Double Ballet Barre<\/strong><\/p>\n<p>Description:<\/p>\n<ul>\n<li>2 polished, unvarnished pinewood bars included<\/li>\n<li>10 different heights<\/li>\n<li>Posts with fixing brackets in silver-coloured steel<\/li>\n<li>Metallic grey steel plinths with rubber castors (optional)<\/li>\n<\/ul>\n<p>&nbsp;<\/p>\n<ul>\n<li>Height position 1 (minimum) without castors: top bar 92.5 cm \/ bottom bar 69.5 cm.<\/li>\n<li>Height position 10 (maximum) without castors: top bar 119.5 cm \/ bottom bar 96.5 cm.<\/li>\n<li>Height position 1 (minimum) with castors: top bar 93.5 cm \/ bottom bar 70.5 cm.<\/li>\n<li>Height position 10 (maximum) with castors: top bar 120.5 cm \/ bottom bar 97.5 cm.<\/li>\n<li>Distance between the two bars: 19 cm<\/li>\n<li>Bracket diameter: 50 mm<\/li>\n<li>Diameter of wooden bars: 40 mm<\/li>\n<li>Base dimensions (with castors): 39.5 x 32 x 1 (2) cm<\/li>\n<li>Standard length of wooden bars: 2m or 3m<\/li>\n<li>Total weight without castors: 34 kg with 2m bars<\/li>\n<li>Total weight without castors:36 kg with 3m bars<\/li>\n<li>Total weight with castors: 52.5 kg with 1.5m bars<\/li>\n<li>Total weight with castors: 55 kg with 3m bars<\/li>\n<\/ul>","protected":false},"excerpt":{"rendered":"<p>The <strong>Giselle<\/strong> is our new height-adjustable double mobile bar.<\/p>\n<p>It's perfect for dancers and athletes of all sizes. Its steel bases offer great stability for exercises of varying intensity, and mean it can be used by several people at the same time.<\/p>\n<p>With two bars located 19 cm apart and\u00a0<strong>10 adjustable positions<\/strong>, nous proposons la Giselle avec nos <strong>wooden bars<\/strong> 2m or 3m of natural pine.<\/p>\n<p>It is also available with or without castors.<\/p>\n<p>This top-quality Barre has been selected by our best partner schools.<\/p>\n<p><strong>Made in Barcelona by Dinamica Ballet<\/strong><\/p>\n<p><strong>FREE DELIVERY<\/strong><\/p>","protected":false},"featured_media":1199,"comment_status":"open","ping_status":"closed","template":"","meta":{"_acf_changed":false},"product_brand":[],"product_cat":[173,174,165],"product_tag":[789],"class_list":{"0":"post-50752","1":"product","2":"type-product","3":"status-publish","4":"has-post-thumbnail","6":"product_cat-barres-de-danse","7":"product_cat-barres-de-danse-mobiles","8":"product_cat-barres-et-miroirs-de-danse","9":"product_tag-livraison-sous-1-semaine","10":"product_shipping_class-pina-giselle-isa","12":"first","13":"instock","14":"taxable","15":"shipping-taxable","16":"purchasable","17":"product-type-variable"},"acf":[],"yoast_head":"<!-- This site is optimized with the Yoast SEO plugin v27.4 - https:\/\/yoast.com\/product\/yoast-seo-wordpress\/ -->\n<title>Double Barre de Danse Mobile R\u00e9glable Giselle - Balletto Dance Shop<\/title>\n<meta name=\"description\" content=\"Une de nos barres de danse mobiles r\u00e9glables les plus vendues. Robuste avec un design unique. Barres en bois de pins polies. Fabriqu\u00e9e en Barcelone.\" \/>\n<meta name=\"robots\" content=\"index, follow, max-snippet:-1, max-image-preview:large, max-video-preview:-1\" \/>\n<link rel=\"canonical\" href=\"https:\/\/www.ballettodanceshop.com\/en\/giselle-double-adjustable-mobile-dance-bar\/\" \/>\n<meta property=\"og:locale\" content=\"en_GB\" \/>\n<meta property=\"og:type\" content=\"article\" \/>\n<meta property=\"og:title\" content=\"Double Barre de Danse Mobile R\u00e9glable Giselle - Balletto Dance Shop\" \/>\n<meta property=\"og:description\" content=\"Une de nos barres de danse mobiles r\u00e9glables les plus vendues. Robuste avec un design unique. Barres en bois de pins polies. Fabriqu\u00e9e en Barcelone.\" \/>\n<meta property=\"og:url\" content=\"https:\/\/www.ballettodanceshop.com\/en\/giselle-double-adjustable-mobile-dance-bar\/\" \/>\n<meta property=\"og:site_name\" content=\"Balletto Dance Shop\" \/>\n<meta property=\"article:publisher\" content=\"https:\/\/www.facebook.com\/Ballettodanceshop\/\" \/>\n<meta property=\"article:modified_time\" content=\"2026-02-12T05:18:43+00:00\" \/>\n<meta property=\"og:image\" content=\"https:\/\/www.ballettodanceshop.com\/wp-content\/uploads\/2025\/07\/dinamica-ballet-5-Barre-mobile-GISELLE-sans-roulettes-scaled-scaled.jpg\" \/>\n\t<meta property=\"og:image:width\" content=\"2048\" \/>\n\t<meta property=\"og:image:height\" content=\"1366\" \/>\n\t<meta property=\"og:image:type\" content=\"image\/jpeg\" \/>\n<meta name=\"twitter:card\" content=\"summary_large_image\" \/>\n<meta name=\"twitter:site\" content=\"@ballettodance\" \/>\n<meta name=\"twitter:label1\" content=\"Estimated reading time\" \/>\n\t<meta name=\"twitter:data1\" content=\"2 minutes\" \/>\n<script type=\"application\/ld+json\" class=\"yoast-schema-graph\">{\"@context\":\"https:\\\/\\\/schema.org\",\"@graph\":[{\"@type\":\"WebPage\",\"@id\":\"https:\\\/\\\/www.ballettodanceshop.com\\\/double-barre-de-danse-mobile-reglable-giselle\\\/\",\"url\":\"https:\\\/\\\/www.ballettodanceshop.com\\\/double-barre-de-danse-mobile-reglable-giselle\\\/\",\"name\":\"Double Barre de Danse Mobile R\u00e9glable Giselle - Balletto Dance Shop\",\"isPartOf\":{\"@id\":\"https:\\\/\\\/www.ballettodanceshop.com\\\/#website\"},\"primaryImageOfPage\":{\"@id\":\"https:\\\/\\\/www.ballettodanceshop.com\\\/double-barre-de-danse-mobile-reglable-giselle\\\/#primaryimage\"},\"image\":{\"@id\":\"https:\\\/\\\/www.ballettodanceshop.com\\\/double-barre-de-danse-mobile-reglable-giselle\\\/#primaryimage\"},\"thumbnailUrl\":\"https:\\\/\\\/www.ballettodanceshop.com\\\/wp-content\\\/uploads\\\/2025\\\/07\\\/dinamica-ballet-5-Barre-mobile-GISELLE-sans-roulettes-scaled-scaled.jpg\",\"datePublished\":\"2020-05-24T15:20:14+00:00\",\"dateModified\":\"2026-02-12T05:18:43+00:00\",\"description\":\"Une de nos barres de danse mobiles r\u00e9glables les plus vendues. Robuste avec un design unique. Barres en bois de pins polies. Fabriqu\u00e9e en Barcelone.\",\"breadcrumb\":{\"@id\":\"https:\\\/\\\/www.ballettodanceshop.com\\\/double-barre-de-danse-mobile-reglable-giselle\\\/#breadcrumb\"},\"inLanguage\":\"en-GB\",\"potentialAction\":[{\"@type\":\"ReadAction\",\"target\":[\"https:\\\/\\\/www.ballettodanceshop.com\\\/double-barre-de-danse-mobile-reglable-giselle\\\/\"]}]},{\"@type\":\"ImageObject\",\"inLanguage\":\"en-GB\",\"@id\":\"https:\\\/\\\/www.ballettodanceshop.com\\\/double-barre-de-danse-mobile-reglable-giselle\\\/#primaryimage\",\"url\":\"https:\\\/\\\/www.ballettodanceshop.com\\\/wp-content\\\/uploads\\\/2025\\\/07\\\/dinamica-ballet-5-Barre-mobile-GISELLE-sans-roulettes-scaled-scaled.jpg\",\"contentUrl\":\"https:\\\/\\\/www.ballettodanceshop.com\\\/wp-content\\\/uploads\\\/2025\\\/07\\\/dinamica-ballet-5-Barre-mobile-GISELLE-sans-roulettes-scaled-scaled.jpg\",\"width\":2048,\"height\":1366,\"caption\":\"Double Barre de danse R\u00e9glable Giselle\"},{\"@type\":\"BreadcrumbList\",\"@id\":\"https:\\\/\\\/www.ballettodanceshop.com\\\/double-barre-de-danse-mobile-reglable-giselle\\\/#breadcrumb\",\"itemListElement\":[{\"@type\":\"ListItem\",\"position\":1,\"name\":\"Accueil\",\"item\":\"https:\\\/\\\/www.ballettodanceshop.com\\\/\"},{\"@type\":\"ListItem\",\"position\":2,\"name\":\"Produits\",\"item\":\"https:\\\/\\\/www.ballettodanceshop.com\\\/boutique\\\/\"},{\"@type\":\"ListItem\",\"position\":3,\"name\":\"Double Barre de Danse Mobile R\u00e9glable Giselle\"}]},{\"@type\":\"WebSite\",\"@id\":\"https:\\\/\\\/www.ballettodanceshop.com\\\/#website\",\"url\":\"https:\\\/\\\/www.ballettodanceshop.com\\\/\",\"name\":\"Balletto Dance Shop\",\"description\":\"Keep Dancing !\",\"publisher\":{\"@id\":\"https:\\\/\\\/www.ballettodanceshop.com\\\/#organization\"},\"alternateName\":\"Balletto\",\"potentialAction\":[{\"@type\":\"SearchAction\",\"target\":{\"@type\":\"EntryPoint\",\"urlTemplate\":\"https:\\\/\\\/www.ballettodanceshop.com\\\/?s={search_term_string}\"},\"query-input\":{\"@type\":\"PropertyValueSpecification\",\"valueRequired\":true,\"valueName\":\"search_term_string\"}}],\"inLanguage\":\"en-GB\"},{\"@type\":\"Organization\",\"@id\":\"https:\\\/\\\/www.ballettodanceshop.com\\\/#organization\",\"name\":\"Balletto Dance Shop\",\"alternateName\":\"Balletto\",\"url\":\"https:\\\/\\\/www.ballettodanceshop.com\\\/\",\"logo\":{\"@type\":\"ImageObject\",\"inLanguage\":\"en-GB\",\"@id\":\"https:\\\/\\\/www.ballettodanceshop.com\\\/#\\\/schema\\\/logo\\\/image\\\/\",\"url\":\"https:\\\/\\\/www.ballettodanceshop.com\\\/wp-content\\\/uploads\\\/2025\\\/06\\\/LOGO-1.png\",\"contentUrl\":\"https:\\\/\\\/www.ballettodanceshop.com\\\/wp-content\\\/uploads\\\/2025\\\/06\\\/LOGO-1.png\",\"width\":508,\"height\":209,\"caption\":\"Balletto Dance Shop\"},\"image\":{\"@id\":\"https:\\\/\\\/www.ballettodanceshop.com\\\/#\\\/schema\\\/logo\\\/image\\\/\"},\"sameAs\":[\"https:\\\/\\\/www.facebook.com\\\/Ballettodanceshop\\\/\",\"https:\\\/\\\/x.com\\\/ballettodance\",\"https:\\\/\\\/www.tiktok.com\\\/@ballettodanceshop\",\"https:\\\/\\\/fr.linkedin.com\\\/company\\\/ballettodaneshop\",\"https:\\\/\\\/fr.pinterest.com\\\/ballettodanceshop\\\/\",\"https:\\\/\\\/www.threads.com\\\/@ballettodanceshop\",\"https:\\\/\\\/www.instagram.com\\\/ballettodanceshop\\\/\",\"https:\\\/\\\/www.youtube.com\\\/@ballettodanceshop\"]}]}<\/script>\n<!-- \/ Yoast SEO plugin. -->","yoast_head_json":{"title":"Giselle Adjustable Double Dance Bar - Balletto Dance Shop","description":"Une de nos barres de danse mobiles r\u00e9glables les plus vendues. Robuste avec un design unique. Barres en bois de pins polies. Fabriqu\u00e9e en Barcelone.","robots":{"index":"index","follow":"follow","max-snippet":"max-snippet:-1","max-image-preview":"max-image-preview:large","max-video-preview":"max-video-preview:-1"},"canonical":"https:\/\/www.ballettodanceshop.com\/en\/giselle-double-adjustable-mobile-dance-bar\/","og_locale":"en_GB","og_type":"article","og_title":"Double Barre de Danse Mobile R\u00e9glable Giselle - Balletto Dance Shop","og_description":"Une de nos barres de danse mobiles r\u00e9glables les plus vendues. Robuste avec un design unique. Barres en bois de pins polies. Fabriqu\u00e9e en Barcelone.","og_url":"https:\/\/www.ballettodanceshop.com\/en\/giselle-double-adjustable-mobile-dance-bar\/","og_site_name":"Balletto Dance Shop","article_publisher":"https:\/\/www.facebook.com\/Ballettodanceshop\/","article_modified_time":"2026-02-12T05:18:43+00:00","og_image":[{"width":2048,"height":1366,"url":"https:\/\/www.ballettodanceshop.com\/wp-content\/uploads\/2025\/07\/dinamica-ballet-5-Barre-mobile-GISELLE-sans-roulettes-scaled-scaled.jpg","type":"image\/jpeg"}],"twitter_card":"summary_large_image","twitter_site":"@ballettodance","twitter_misc":{"Estimated reading time":"2 minutes"},"schema":{"@context":"https:\/\/schema.org","@graph":[{"@type":"WebPage","@id":"https:\/\/www.ballettodanceshop.com\/double-barre-de-danse-mobile-reglable-giselle\/","url":"https:\/\/www.ballettodanceshop.com\/double-barre-de-danse-mobile-reglable-giselle\/","name":"Giselle Adjustable Double Dance Bar - Balletto Dance Shop","isPartOf":{"@id":"https:\/\/www.ballettodanceshop.com\/#website"},"primaryImageOfPage":{"@id":"https:\/\/www.ballettodanceshop.com\/double-barre-de-danse-mobile-reglable-giselle\/#primaryimage"},"image":{"@id":"https:\/\/www.ballettodanceshop.com\/double-barre-de-danse-mobile-reglable-giselle\/#primaryimage"},"thumbnailUrl":"https:\/\/www.ballettodanceshop.com\/wp-content\/uploads\/2025\/07\/dinamica-ballet-5-Barre-mobile-GISELLE-sans-roulettes-scaled-scaled.jpg","datePublished":"2020-05-24T15:20:14+00:00","dateModified":"2026-02-12T05:18:43+00:00","description":"Une de nos barres de danse mobiles r\u00e9glables les plus vendues. Robuste avec un design unique. Barres en bois de pins polies. Fabriqu\u00e9e en Barcelone.","breadcrumb":{"@id":"https:\/\/www.ballettodanceshop.com\/double-barre-de-danse-mobile-reglable-giselle\/#breadcrumb"},"inLanguage":"en-GB","potentialAction":[{"@type":"ReadAction","target":["https:\/\/www.ballettodanceshop.com\/double-barre-de-danse-mobile-reglable-giselle\/"]}]},{"@type":"ImageObject","inLanguage":"en-GB","@id":"https:\/\/www.ballettodanceshop.com\/double-barre-de-danse-mobile-reglable-giselle\/#primaryimage","url":"https:\/\/www.ballettodanceshop.com\/wp-content\/uploads\/2025\/07\/dinamica-ballet-5-Barre-mobile-GISELLE-sans-roulettes-scaled-scaled.jpg","contentUrl":"https:\/\/www.ballettodanceshop.com\/wp-content\/uploads\/2025\/07\/dinamica-ballet-5-Barre-mobile-GISELLE-sans-roulettes-scaled-scaled.jpg","width":2048,"height":1366,"caption":"Double Barre de danse R\u00e9glable Giselle"},{"@type":"BreadcrumbList","@id":"https:\/\/www.ballettodanceshop.com\/double-barre-de-danse-mobile-reglable-giselle\/#breadcrumb","itemListElement":[{"@type":"ListItem","position":1,"name":"Accueil","item":"https:\/\/www.ballettodanceshop.com\/"},{"@type":"ListItem","position":2,"name":"Produits","item":"https:\/\/www.ballettodanceshop.com\/boutique\/"},{"@type":"ListItem","position":3,"name":"Double Barre de Danse Mobile R\u00e9glable Giselle"}]},{"@type":"WebSite","@id":"https:\/\/www.ballettodanceshop.com\/#website","url":"https:\/\/www.ballettodanceshop.com\/","name":"Balletto Dance Shop","description":"Keep Dancing!","publisher":{"@id":"https:\/\/www.ballettodanceshop.com\/#organization"},"alternateName":"Balletto","potentialAction":[{"@type":"SearchAction","target":{"@type":"EntryPoint","urlTemplate":"https:\/\/www.ballettodanceshop.com\/?s={search_term_string}"},"query-input":{"@type":"PropertyValueSpecification","valueRequired":true,"valueName":"search_term_string"}}],"inLanguage":"en-GB"},{"@type":"Organization","@id":"https:\/\/www.ballettodanceshop.com\/#organization","name":"Balletto Dance Shop","alternateName":"Balletto","url":"https:\/\/www.ballettodanceshop.com\/","logo":{"@type":"ImageObject","inLanguage":"en-GB","@id":"https:\/\/www.ballettodanceshop.com\/#\/schema\/logo\/image\/","url":"https:\/\/www.ballettodanceshop.com\/wp-content\/uploads\/2025\/06\/LOGO-1.png","contentUrl":"https:\/\/www.ballettodanceshop.com\/wp-content\/uploads\/2025\/06\/LOGO-1.png","width":508,"height":209,"caption":"Balletto Dance Shop"},"image":{"@id":"https:\/\/www.ballettodanceshop.com\/#\/schema\/logo\/image\/"},"sameAs":["https:\/\/www.facebook.com\/Ballettodanceshop\/","https:\/\/x.com\/ballettodance","https:\/\/www.tiktok.com\/@ballettodanceshop","https:\/\/fr.linkedin.com\/company\/ballettodaneshop","https:\/\/fr.pinterest.com\/ballettodanceshop\/","https:\/\/www.threads.com\/@ballettodanceshop","https:\/\/www.instagram.com\/ballettodanceshop\/","https:\/\/www.youtube.com\/@ballettodanceshop"]}]}},"_links":{"self":[{"href":"https:\/\/www.ballettodanceshop.com\/en\/wp-json\/wp\/v2\/product\/50752","targetHints":{"allow":["GET"]}}],"collection":[{"href":"https:\/\/www.ballettodanceshop.com\/en\/wp-json\/wp\/v2\/product"}],"about":[{"href":"https:\/\/www.ballettodanceshop.com\/en\/wp-json\/wp\/v2\/types\/product"}],"replies":[{"embeddable":true,"href":"https:\/\/www.ballettodanceshop.com\/en\/wp-json\/wp\/v2\/comments?post=50752"}],"wp:featuredmedia":[{"embeddable":true,"href":"https:\/\/www.ballettodanceshop.com\/en\/wp-json\/wp\/v2\/media\/1199"}],"wp:attachment":[{"href":"https:\/\/www.ballettodanceshop.com\/en\/wp-json\/wp\/v2\/media?parent=50752"}],"wp:term":[{"taxonomy":"product_brand","embeddable":true,"href":"https:\/\/www.ballettodanceshop.com\/en\/wp-json\/wp\/v2\/product_brand?post=50752"},{"taxonomy":"product_cat","embeddable":true,"href":"https:\/\/www.ballettodanceshop.com\/en\/wp-json\/wp\/v2\/product_cat?post=50752"},{"taxonomy":"product_tag","embeddable":true,"href":"https:\/\/www.ballettodanceshop.com\/en\/wp-json\/wp\/v2\/product_tag?post=50752"}],"curies":[{"name":"wp","href":"https:\/\/api.w.org\/{rel}","templated":true}]}}