{"id":50750,"date":"2020-05-24T17:20:14","date_gmt":"2020-05-24T15:20:14","guid":{"rendered":"https:\/\/www.ballettodanceshop.com\/barre-de-danse-reglable-royale\/"},"modified":"2025-08-24T17:37:56","modified_gmt":"2025-08-24T15:37:56","slug":"royal-adjustable-dance-bar","status":"publish","type":"product","link":"https:\/\/www.ballettodanceshop.com\/en\/barre-de-danse-reglable-royale\/","title":{"rendered":"Royal Adjustable Ballet Barre"},"content":{"rendered":"<p><strong>Royal Adjustable Ballet Barre<\/strong><\/p>\n<p>Dimensions:<\/p>\n<ul>\n<li>Height position 1 (minimum): top bar 96.5 cm \/ bottom bar 73.5 cm.<\/li>\n<li>Height position 10 (maximum): top bar 123 cm \/ bottom bar 100.5 cm.<\/li>\n<li>Base dimensions: 41 x 25 x 7 cm<\/li>\n<li>Distance between the two bars: 19 cm<\/li>\n<li>Bracket diameter: 50 mm<\/li>\n<li>Diameter of wooden bars: 40 mm<\/li>\n<li>Standard length of wooden bars: 2m, 3m, 4m or 5m<\/li>\n<li>Total weight: 74 kg with 2m bars<\/li>\n<li>Total weight: 76 kg with 3m bars<\/li>\n<\/ul>\n<p>Made in Spain by Dinamica Ballet<\/p>\n<p>&nbsp;<\/p>","protected":false},"excerpt":{"rendered":"<p>Royale Premium Adjustable Dance Bar designed for dance professionals who need to <strong>ballet barres<\/strong> rugged and reliable.<\/p>\n<p>Ses pieds en fonte, ses deux barres en bois et ses 10 positions font de la Royale la barre de danse haut de gamme la plus modulable du march\u00e9. Avec le syst\u00e8me de hauteurs ajustables <strong>Dinamica ballet<\/strong>, vous pourrez changer la position de la barre rapidement et facilement.<\/p>\n<p>The four castors allow the user to move the bar easily and independently. Once in position, the bar's clever design doesn't compromise its stability, because the rubber brakes and castors don't touch the floor. So they won't leave marks or damage your floor.<\/p>\n<p>Royale is the <strong>ballet barre<\/strong> r\u00e9glable la plus stable du march\u00e9. Vous ne trouverez aucune autre barre de ballet qui pourra rivaliser avec les \u00e9quipements de la Royale.<\/p>\n<p><strong>Made in Spain\u00a0<\/strong><\/p>\n<p><strong>FREE DELIVERY<\/strong><\/p>","protected":false},"featured_media":1178,"comment_status":"open","ping_status":"open","template":"","meta":{"_acf_changed":false},"product_brand":[],"product_cat":[173,174,165],"product_tag":[789],"class_list":{"0":"post-50750","1":"product","2":"type-product","3":"status-publish","4":"has-post-thumbnail","6":"product_cat-barres-de-danse","7":"product_cat-barres-de-danse-mobiles","8":"product_cat-barres-et-miroirs-de-danse","9":"product_tag-livraison-sous-1-semaine","10":"product_shipping_class-royale-et-maurice","12":"first","13":"instock","14":"taxable","15":"shipping-taxable","16":"purchasable","17":"product-type-variable"},"acf":[],"yoast_head":"<!-- This site is optimized with the Yoast SEO plugin v27.4 - https:\/\/yoast.com\/product\/yoast-seo-wordpress\/ -->\n<title>Barre de Danse R\u00e9glable Royale - Balletto Dance Shop<\/title>\n<meta name=\"description\" content=\"BARRE DE DANSE PREMIUM REGLABLE ROYALE pens\u00e9e pour les professionnels qui ont besoin de barres de ballet mobiles r\u00e9sistantes et fiables.\" \/>\n<meta name=\"robots\" content=\"index, follow, max-snippet:-1, max-image-preview:large, max-video-preview:-1\" \/>\n<link rel=\"canonical\" href=\"https:\/\/www.ballettodanceshop.com\/en\/royal-adjustable-dance-bar\/\" \/>\n<meta property=\"og:locale\" content=\"en_GB\" \/>\n<meta property=\"og:type\" content=\"article\" \/>\n<meta property=\"og:title\" content=\"Barre de Danse R\u00e9glable Royale - Balletto Dance Shop\" \/>\n<meta property=\"og:description\" content=\"BARRE DE DANSE PREMIUM REGLABLE ROYALE pens\u00e9e pour les professionnels qui ont besoin de barres de ballet mobiles r\u00e9sistantes et fiables.\" \/>\n<meta property=\"og:url\" content=\"https:\/\/www.ballettodanceshop.com\/en\/royal-adjustable-dance-bar\/\" \/>\n<meta property=\"og:site_name\" content=\"Balletto Dance Shop\" \/>\n<meta property=\"article:publisher\" content=\"https:\/\/www.facebook.com\/Ballettodanceshop\/\" \/>\n<meta property=\"article:modified_time\" content=\"2025-08-24T15:37:56+00:00\" \/>\n<meta property=\"og:image\" content=\"https:\/\/www.ballettodanceshop.com\/wp-content\/uploads\/2025\/07\/dinamica-ballet-30-Barre-Mobile-ROYALE-scaled-scaled.jpg\" \/>\n\t<meta property=\"og:image:width\" content=\"2048\" \/>\n\t<meta property=\"og:image:height\" content=\"1465\" \/>\n\t<meta property=\"og:image:type\" content=\"image\/jpeg\" \/>\n<meta name=\"twitter:card\" content=\"summary_large_image\" \/>\n<meta name=\"twitter:site\" content=\"@ballettodance\" \/>\n<script type=\"application\/ld+json\" class=\"yoast-schema-graph\">{\"@context\":\"https:\\\/\\\/schema.org\",\"@graph\":[{\"@type\":\"WebPage\",\"@id\":\"https:\\\/\\\/www.ballettodanceshop.com\\\/barre-de-danse-reglable-royale\\\/\",\"url\":\"https:\\\/\\\/www.ballettodanceshop.com\\\/barre-de-danse-reglable-royale\\\/\",\"name\":\"Barre de Danse R\u00e9glable Royale - Balletto Dance Shop\",\"isPartOf\":{\"@id\":\"https:\\\/\\\/www.ballettodanceshop.com\\\/#website\"},\"primaryImageOfPage\":{\"@id\":\"https:\\\/\\\/www.ballettodanceshop.com\\\/barre-de-danse-reglable-royale\\\/#primaryimage\"},\"image\":{\"@id\":\"https:\\\/\\\/www.ballettodanceshop.com\\\/barre-de-danse-reglable-royale\\\/#primaryimage\"},\"thumbnailUrl\":\"https:\\\/\\\/www.ballettodanceshop.com\\\/wp-content\\\/uploads\\\/2025\\\/07\\\/dinamica-ballet-30-Barre-Mobile-ROYALE-scaled-scaled.jpg\",\"datePublished\":\"2020-05-24T15:20:14+00:00\",\"dateModified\":\"2025-08-24T15:37:56+00:00\",\"description\":\"BARRE DE DANSE PREMIUM REGLABLE ROYALE pens\u00e9e pour les professionnels qui ont besoin de barres de ballet mobiles r\u00e9sistantes et fiables.\",\"breadcrumb\":{\"@id\":\"https:\\\/\\\/www.ballettodanceshop.com\\\/barre-de-danse-reglable-royale\\\/#breadcrumb\"},\"inLanguage\":\"en-GB\",\"potentialAction\":[{\"@type\":\"ReadAction\",\"target\":[\"https:\\\/\\\/www.ballettodanceshop.com\\\/barre-de-danse-reglable-royale\\\/\"]}]},{\"@type\":\"ImageObject\",\"inLanguage\":\"en-GB\",\"@id\":\"https:\\\/\\\/www.ballettodanceshop.com\\\/barre-de-danse-reglable-royale\\\/#primaryimage\",\"url\":\"https:\\\/\\\/www.ballettodanceshop.com\\\/wp-content\\\/uploads\\\/2025\\\/07\\\/dinamica-ballet-30-Barre-Mobile-ROYALE-scaled-scaled.jpg\",\"contentUrl\":\"https:\\\/\\\/www.ballettodanceshop.com\\\/wp-content\\\/uploads\\\/2025\\\/07\\\/dinamica-ballet-30-Barre-Mobile-ROYALE-scaled-scaled.jpg\",\"width\":2048,\"height\":1465,\"caption\":\"Barre de danse Royale\"},{\"@type\":\"BreadcrumbList\",\"@id\":\"https:\\\/\\\/www.ballettodanceshop.com\\\/barre-de-danse-reglable-royale\\\/#breadcrumb\",\"itemListElement\":[{\"@type\":\"ListItem\",\"position\":1,\"name\":\"Accueil\",\"item\":\"https:\\\/\\\/www.ballettodanceshop.com\\\/\"},{\"@type\":\"ListItem\",\"position\":2,\"name\":\"Produits\",\"item\":\"https:\\\/\\\/www.ballettodanceshop.com\\\/boutique\\\/\"},{\"@type\":\"ListItem\",\"position\":3,\"name\":\"Barre de Danse R\u00e9glable Royale\"}]},{\"@type\":\"WebSite\",\"@id\":\"https:\\\/\\\/www.ballettodanceshop.com\\\/#website\",\"url\":\"https:\\\/\\\/www.ballettodanceshop.com\\\/\",\"name\":\"Balletto Dance Shop\",\"description\":\"Keep Dancing !\",\"publisher\":{\"@id\":\"https:\\\/\\\/www.ballettodanceshop.com\\\/#organization\"},\"alternateName\":\"Balletto\",\"potentialAction\":[{\"@type\":\"SearchAction\",\"target\":{\"@type\":\"EntryPoint\",\"urlTemplate\":\"https:\\\/\\\/www.ballettodanceshop.com\\\/?s={search_term_string}\"},\"query-input\":{\"@type\":\"PropertyValueSpecification\",\"valueRequired\":true,\"valueName\":\"search_term_string\"}}],\"inLanguage\":\"en-GB\"},{\"@type\":\"Organization\",\"@id\":\"https:\\\/\\\/www.ballettodanceshop.com\\\/#organization\",\"name\":\"Balletto Dance Shop\",\"alternateName\":\"Balletto\",\"url\":\"https:\\\/\\\/www.ballettodanceshop.com\\\/\",\"logo\":{\"@type\":\"ImageObject\",\"inLanguage\":\"en-GB\",\"@id\":\"https:\\\/\\\/www.ballettodanceshop.com\\\/#\\\/schema\\\/logo\\\/image\\\/\",\"url\":\"https:\\\/\\\/www.ballettodanceshop.com\\\/wp-content\\\/uploads\\\/2025\\\/06\\\/LOGO-1.png\",\"contentUrl\":\"https:\\\/\\\/www.ballettodanceshop.com\\\/wp-content\\\/uploads\\\/2025\\\/06\\\/LOGO-1.png\",\"width\":508,\"height\":209,\"caption\":\"Balletto Dance Shop\"},\"image\":{\"@id\":\"https:\\\/\\\/www.ballettodanceshop.com\\\/#\\\/schema\\\/logo\\\/image\\\/\"},\"sameAs\":[\"https:\\\/\\\/www.facebook.com\\\/Ballettodanceshop\\\/\",\"https:\\\/\\\/x.com\\\/ballettodance\",\"https:\\\/\\\/www.tiktok.com\\\/@ballettodanceshop\",\"https:\\\/\\\/fr.linkedin.com\\\/company\\\/ballettodaneshop\",\"https:\\\/\\\/fr.pinterest.com\\\/ballettodanceshop\\\/\",\"https:\\\/\\\/www.threads.com\\\/@ballettodanceshop\",\"https:\\\/\\\/www.instagram.com\\\/ballettodanceshop\\\/\",\"https:\\\/\\\/www.youtube.com\\\/@ballettodanceshop\"]}]}<\/script>\n<!-- \/ Yoast SEO plugin. -->","yoast_head_json":{"title":"Royal Adjustable Dance Bar - Balletto Dance Shop","description":"ROYALE REGULABLE PREMIUM DANCE BAR designed for professionals who need strong, reliable mobile ballet bars.","robots":{"index":"index","follow":"follow","max-snippet":"max-snippet:-1","max-image-preview":"max-image-preview:large","max-video-preview":"max-video-preview:-1"},"canonical":"https:\/\/www.ballettodanceshop.com\/en\/royal-adjustable-dance-bar\/","og_locale":"en_GB","og_type":"article","og_title":"Barre de Danse R\u00e9glable Royale - Balletto Dance Shop","og_description":"BARRE DE DANSE PREMIUM REGLABLE ROYALE pens\u00e9e pour les professionnels qui ont besoin de barres de ballet mobiles r\u00e9sistantes et fiables.","og_url":"https:\/\/www.ballettodanceshop.com\/en\/royal-adjustable-dance-bar\/","og_site_name":"Balletto Dance Shop","article_publisher":"https:\/\/www.facebook.com\/Ballettodanceshop\/","article_modified_time":"2025-08-24T15:37:56+00:00","og_image":[{"width":2048,"height":1465,"url":"https:\/\/www.ballettodanceshop.com\/wp-content\/uploads\/2025\/07\/dinamica-ballet-30-Barre-Mobile-ROYALE-scaled-scaled.jpg","type":"image\/jpeg"}],"twitter_card":"summary_large_image","twitter_site":"@ballettodance","schema":{"@context":"https:\/\/schema.org","@graph":[{"@type":"WebPage","@id":"https:\/\/www.ballettodanceshop.com\/barre-de-danse-reglable-royale\/","url":"https:\/\/www.ballettodanceshop.com\/barre-de-danse-reglable-royale\/","name":"Royal Adjustable Dance Bar - Balletto Dance Shop","isPartOf":{"@id":"https:\/\/www.ballettodanceshop.com\/#website"},"primaryImageOfPage":{"@id":"https:\/\/www.ballettodanceshop.com\/barre-de-danse-reglable-royale\/#primaryimage"},"image":{"@id":"https:\/\/www.ballettodanceshop.com\/barre-de-danse-reglable-royale\/#primaryimage"},"thumbnailUrl":"https:\/\/www.ballettodanceshop.com\/wp-content\/uploads\/2025\/07\/dinamica-ballet-30-Barre-Mobile-ROYALE-scaled-scaled.jpg","datePublished":"2020-05-24T15:20:14+00:00","dateModified":"2025-08-24T15:37:56+00:00","description":"ROYALE REGULABLE PREMIUM DANCE BAR designed for professionals who need strong, reliable mobile ballet bars.","breadcrumb":{"@id":"https:\/\/www.ballettodanceshop.com\/barre-de-danse-reglable-royale\/#breadcrumb"},"inLanguage":"en-GB","potentialAction":[{"@type":"ReadAction","target":["https:\/\/www.ballettodanceshop.com\/barre-de-danse-reglable-royale\/"]}]},{"@type":"ImageObject","inLanguage":"en-GB","@id":"https:\/\/www.ballettodanceshop.com\/barre-de-danse-reglable-royale\/#primaryimage","url":"https:\/\/www.ballettodanceshop.com\/wp-content\/uploads\/2025\/07\/dinamica-ballet-30-Barre-Mobile-ROYALE-scaled-scaled.jpg","contentUrl":"https:\/\/www.ballettodanceshop.com\/wp-content\/uploads\/2025\/07\/dinamica-ballet-30-Barre-Mobile-ROYALE-scaled-scaled.jpg","width":2048,"height":1465,"caption":"Barre de danse Royale"},{"@type":"BreadcrumbList","@id":"https:\/\/www.ballettodanceshop.com\/barre-de-danse-reglable-royale\/#breadcrumb","itemListElement":[{"@type":"ListItem","position":1,"name":"Accueil","item":"https:\/\/www.ballettodanceshop.com\/"},{"@type":"ListItem","position":2,"name":"Produits","item":"https:\/\/www.ballettodanceshop.com\/boutique\/"},{"@type":"ListItem","position":3,"name":"Barre de Danse R\u00e9glable Royale"}]},{"@type":"WebSite","@id":"https:\/\/www.ballettodanceshop.com\/#website","url":"https:\/\/www.ballettodanceshop.com\/","name":"Balletto Dance Shop","description":"Keep Dancing!","publisher":{"@id":"https:\/\/www.ballettodanceshop.com\/#organization"},"alternateName":"Balletto","potentialAction":[{"@type":"SearchAction","target":{"@type":"EntryPoint","urlTemplate":"https:\/\/www.ballettodanceshop.com\/?s={search_term_string}"},"query-input":{"@type":"PropertyValueSpecification","valueRequired":true,"valueName":"search_term_string"}}],"inLanguage":"en-GB"},{"@type":"Organization","@id":"https:\/\/www.ballettodanceshop.com\/#organization","name":"Balletto Dance Shop","alternateName":"Balletto","url":"https:\/\/www.ballettodanceshop.com\/","logo":{"@type":"ImageObject","inLanguage":"en-GB","@id":"https:\/\/www.ballettodanceshop.com\/#\/schema\/logo\/image\/","url":"https:\/\/www.ballettodanceshop.com\/wp-content\/uploads\/2025\/06\/LOGO-1.png","contentUrl":"https:\/\/www.ballettodanceshop.com\/wp-content\/uploads\/2025\/06\/LOGO-1.png","width":508,"height":209,"caption":"Balletto Dance Shop"},"image":{"@id":"https:\/\/www.ballettodanceshop.com\/#\/schema\/logo\/image\/"},"sameAs":["https:\/\/www.facebook.com\/Ballettodanceshop\/","https:\/\/x.com\/ballettodance","https:\/\/www.tiktok.com\/@ballettodanceshop","https:\/\/fr.linkedin.com\/company\/ballettodaneshop","https:\/\/fr.pinterest.com\/ballettodanceshop\/","https:\/\/www.threads.com\/@ballettodanceshop","https:\/\/www.instagram.com\/ballettodanceshop\/","https:\/\/www.youtube.com\/@ballettodanceshop"]}]}},"_links":{"self":[{"href":"https:\/\/www.ballettodanceshop.com\/en\/wp-json\/wp\/v2\/product\/50750","targetHints":{"allow":["GET"]}}],"collection":[{"href":"https:\/\/www.ballettodanceshop.com\/en\/wp-json\/wp\/v2\/product"}],"about":[{"href":"https:\/\/www.ballettodanceshop.com\/en\/wp-json\/wp\/v2\/types\/product"}],"replies":[{"embeddable":true,"href":"https:\/\/www.ballettodanceshop.com\/en\/wp-json\/wp\/v2\/comments?post=50750"}],"wp:featuredmedia":[{"embeddable":true,"href":"https:\/\/www.ballettodanceshop.com\/en\/wp-json\/wp\/v2\/media\/1178"}],"wp:attachment":[{"href":"https:\/\/www.ballettodanceshop.com\/en\/wp-json\/wp\/v2\/media?parent=50750"}],"wp:term":[{"taxonomy":"product_brand","embeddable":true,"href":"https:\/\/www.ballettodanceshop.com\/en\/wp-json\/wp\/v2\/product_brand?post=50750"},{"taxonomy":"product_cat","embeddable":true,"href":"https:\/\/www.ballettodanceshop.com\/en\/wp-json\/wp\/v2\/product_cat?post=50750"},{"taxonomy":"product_tag","embeddable":true,"href":"https:\/\/www.ballettodanceshop.com\/en\/wp-json\/wp\/v2\/product_tag?post=50750"}],"curies":[{"name":"wp","href":"https:\/\/api.w.org\/{rel}","templated":true}]}}